{"id":8862,"date":"2017-11-10T07:45:46","date_gmt":"2017-11-10T07:45:46","guid":{"rendered":"https:\/\/afarangabroad.com\/?page_id=8862"},"modified":"2020-08-10T03:21:51","modified_gmt":"2020-08-10T02:21:51","slug":"hong-kong-sex-massage","status":"publish","type":"page","link":"https:\/\/afarangabroad.com\/es\/masaje-sexual-hong-kong\/","title":{"rendered":"7 Mejores Masajes Sexuales de Hong Kong"},"content":{"rendered":"<p>En este art\u00edculo te muestro los mejores masajes sexuales de Hong Kong que puedes visitar y sus ubicaciones reales.<\/p>\n<p><span style=\"font-weight: 400;\">Do you want to get laid this coming holiday vacation? Holiday vacations are absolutely the best especially if you are able to spend it with fun and excitement and you can\u2019t do it by simply staying at your bed the whole time.<\/span><\/p>\n<p style=\"text-align: left;\">\u00bfQuieres conocer chicas sexy de Hong Kong gratis?\u00a0<a href=\"https:\/\/afarangabroad.com\/es\/cupido-hong-kong\/\" target=\"_blank\" rel=\"noopener noreferrer\">Consulte este art\u00edculo<\/a><\/p>\n<p><a href=\"https:\/\/afarangabroad.com\/es\/cupido-hong-kong\/\"><img loading=\"lazy\" decoding=\"async\" class=\"aligncenter wp-image-9621 size-large\" src=\"https:\/\/afarangabroad.com\/wp-content\/uploads\/2018\/04\/meet-hot-HK-girls-1024x691.png\" sizes=\"(max-width: 678px) 100vw, 678px\" srcset=\"https:\/\/afarangabroad.com\/wp-content\/uploads\/2018\/04\/meet-hot-HK-girls-1024x691.png 1024w, https:\/\/afarangabroad.com\/wp-content\/uploads\/2018\/04\/meet-hot-HK-girls-300x202.png 300w, https:\/\/afarangabroad.com\/wp-content\/uploads\/2018\/04\/meet-hot-HK-girls-768x518.png 768w, https:\/\/afarangabroad.com\/wp-content\/uploads\/2018\/04\/meet-hot-HK-girls.png 1038w\" alt=\"\" width=\"678\" height=\"458\" \/><\/a><\/p>\n<p><span style=\"font-weight: 400;\">There are actually a lot of ways on how you can spend your holiday vacation but the best one is definitely through exploring other countries all over the world. Hong Kong, for example, is a very great travel destination where you can surely find almost everything you\u2019ve been looking for.<\/span><\/p>\n<p><span style=\"font-weight: 400;\">Hong Kong may be a known island for all the touristy destinations and attractions the island has but what other didn\u2019t know is that Hong Kong is also a good place for those tourists and expats who love to have an exciting vacation with all those pretty and hot ladies you can find in Hong Kong.<\/span><\/p>\n<p><img loading=\"lazy\" decoding=\"async\" class=\"aligncenter size-full wp-image-8863\" src=\"https:\/\/afarangabroad.com\/wp-content\/uploads\/2017\/11\/hong-kong-sex-massage.jpg\" alt=\"masaje sexual hong kong\" width=\"640\" height=\"426\" srcset=\"https:\/\/afarangabroad.com\/wp-content\/uploads\/2017\/11\/hong-kong-sex-massage.jpg 640w, https:\/\/afarangabroad.com\/wp-content\/uploads\/2017\/11\/hong-kong-sex-massage-300x200.jpg 300w\" sizes=\"(max-width: 640px) 100vw, 640px\" \/><\/p>\n<p><span style=\"font-weight: 400;\">Uno de la mejor experiencia que usted puede encontrar en Hong Kong aparte de los parques de atracciones, centros comerciales y otros destinos tur\u00edsticos que tienen es el masaje del sexo de Hong Kong que usted debe intentar definitivamente unos usted est\u00e1 en la isla y aqu\u00ed est\u00e1n algunas de las maneras en c\u00f3mo usted puede encontrar el masaje del sexo de Hong Kong f\u00e1cilmente.<\/span><\/p>\n<p>Los siguientes se encuentran todos en <a href=\"https:\/\/afarangabroad.com\/es\/barrio-rojo-de-hong-kong\/\">Hong Kong&#8217;s red light district<\/a>.<\/p>\n<h2><strong>Smooci en Hong Kong<\/strong><\/h2>\n<p>If you&#8217;d rather not visit the red light areas of Hong Kong and would prefer something discreet, safe and easy &#8211; Smooci is the service for you.<\/p>\n<p><a href=\"https:\/\/smooci.com\/hong-kong?search&amp;utm_source=afarang-HK-text\" target=\"_blank\" rel=\"noopener noreferrer\"><img loading=\"lazy\" decoding=\"async\" class=\"aligncenter wp-image-512712\" src=\"https:\/\/afarangabroad.com\/wp-content\/uploads\/2020\/08\/new-smooci-banner-300x75.gif\" alt=\"\" width=\"456\" height=\"114\" srcset=\"https:\/\/afarangabroad.com\/wp-content\/uploads\/2020\/08\/new-smooci-banner-300x75.gif 300w, https:\/\/afarangabroad.com\/wp-content\/uploads\/2020\/08\/new-smooci-banner-768x192.gif 768w\" sizes=\"(max-width: 456px) 100vw, 456px\" \/><\/a><\/p>","protected":false},"excerpt":{"rendered":"<p>In this article I show you the best Hong Kong sex massages you can visit and their actual locations. Do you want to get laid this coming holiday vacation? Holiday vacations are absolutely the best especially if you are able to spend it with fun and excitement and you can\u2019t do it by simply staying [&hellip;]<\/p>","protected":false},"author":2,"featured_media":8864,"parent":0,"menu_order":0,"comment_status":"open","ping_status":"closed","template":"","meta":{"_exactmetrics_skip_tracking":false,"_exactmetrics_sitenote_active":false,"_exactmetrics_sitenote_note":"","_exactmetrics_sitenote_category":0,"footnotes":""},"categories":[332],"tags":[],"class_list":["post-8862","page","type-page","status-publish","has-post-thumbnail","hentry","category-hong-kong"],"yoast_head":"<!-- This site is optimized with the Yoast SEO plugin v20.1 - https:\/\/yoast.com\/wordpress\/plugins\/seo\/ -->\n<title>7 Best Hong Kong Sex Massage - A Farang Abroad<\/title>\n<meta name=\"description\" content=\"In this article I show you the best Hong Kong sex massages you can visit and their actual location and the best online sites to use for sex.\" \/>\n<meta name=\"robots\" content=\"index, follow, max-snippet:-1, max-image-preview:large, max-video-preview:-1\" \/>\n<link rel=\"canonical\" href=\"https:\/\/afarangabroad.com\/es\/masaje-sexual-hong-kong\/\" \/>\n<meta property=\"og:locale\" content=\"es_ES\" \/>\n<meta property=\"og:type\" content=\"article\" \/>\n<meta property=\"og:title\" content=\"7 Best Hong Kong Sex Massage - A Farang Abroad\" \/>\n<meta property=\"og:description\" content=\"In this article I show you the best Hong Kong sex massages you can visit and their actual location and the best online sites to use for sex.\" \/>\n<meta property=\"og:url\" content=\"https:\/\/afarangabroad.com\/es\/masaje-sexual-hong-kong\/\" \/>\n<meta property=\"og:site_name\" content=\"A Farang Abroad\" \/>\n<meta property=\"article:modified_time\" content=\"2020-08-10T02:21:51+00:00\" \/>\n<meta property=\"og:image\" content=\"https:\/\/afarangabroad.com\/wp-content\/uploads\/2017\/11\/happy-ending-massage-in-hong-kong.jpg\" \/>\n\t<meta property=\"og:image:width\" content=\"640\" \/>\n\t<meta property=\"og:image:height\" content=\"426\" \/>\n\t<meta property=\"og:image:type\" content=\"image\/jpeg\" \/>\n<meta name=\"twitter:label1\" content=\"Tiempo de lectura\" \/>\n\t<meta name=\"twitter:data1\" content=\"9 minutos\" \/>\n<script type=\"application\/ld+json\" class=\"yoast-schema-graph\">{\"@context\":\"https:\/\/schema.org\",\"@graph\":[{\"@type\":\"WebPage\",\"@id\":\"https:\/\/afarangabroad.com\/hong-kong-sex-massage\/\",\"url\":\"https:\/\/afarangabroad.com\/hong-kong-sex-massage\/\",\"name\":\"7 Best Hong Kong Sex Massage - A Farang Abroad\",\"isPartOf\":{\"@id\":\"https:\/\/afarangabroad.com\/#website\"},\"datePublished\":\"2017-11-10T07:45:46+00:00\",\"dateModified\":\"2020-08-10T02:21:51+00:00\",\"description\":\"In this article I show you the best Hong Kong sex massages you can visit and their actual location and the best online sites to use for sex.\",\"breadcrumb\":{\"@id\":\"https:\/\/afarangabroad.com\/hong-kong-sex-massage\/#breadcrumb\"},\"inLanguage\":\"es\",\"potentialAction\":[{\"@type\":\"ReadAction\",\"target\":[\"https:\/\/afarangabroad.com\/hong-kong-sex-massage\/\"]}]},{\"@type\":\"BreadcrumbList\",\"@id\":\"https:\/\/afarangabroad.com\/hong-kong-sex-massage\/#breadcrumb\",\"itemListElement\":[{\"@type\":\"ListItem\",\"position\":1,\"name\":\"Home\",\"item\":\"https:\/\/afarangabroad.com\/\"},{\"@type\":\"ListItem\",\"position\":2,\"name\":\"7 Best Hong Kong Sex Massage\"}]},{\"@type\":\"WebSite\",\"@id\":\"https:\/\/afarangabroad.com\/#website\",\"url\":\"https:\/\/afarangabroad.com\/\",\"name\":\"A Farang Abroad\",\"description\":\"Your secret guide to Asia&#039;s sexiest nightlife.\",\"potentialAction\":[{\"@type\":\"SearchAction\",\"target\":{\"@type\":\"EntryPoint\",\"urlTemplate\":\"https:\/\/afarangabroad.com\/?s={search_term_string}\"},\"query-input\":\"required name=search_term_string\"}],\"inLanguage\":\"es\"}]}<\/script>\n<!-- \/ Yoast SEO plugin. -->","yoast_head_json":{"title":"7 Best Hong Kong Sex Massage - A Farang Abroad","description":"In this article I show you the best Hong Kong sex massages you can visit and their actual location and the best online sites to use for sex.","robots":{"index":"index","follow":"follow","max-snippet":"max-snippet:-1","max-image-preview":"max-image-preview:large","max-video-preview":"max-video-preview:-1"},"canonical":"https:\/\/afarangabroad.com\/es\/masaje-sexual-hong-kong\/","og_locale":"es_ES","og_type":"article","og_title":"7 Best Hong Kong Sex Massage - A Farang Abroad","og_description":"In this article I show you the best Hong Kong sex massages you can visit and their actual location and the best online sites to use for sex.","og_url":"https:\/\/afarangabroad.com\/es\/masaje-sexual-hong-kong\/","og_site_name":"A Farang Abroad","article_modified_time":"2020-08-10T02:21:51+00:00","og_image":[{"width":640,"height":426,"url":"https:\/\/afarangabroad.com\/wp-content\/uploads\/2017\/11\/happy-ending-massage-in-hong-kong.jpg","type":"image\/jpeg"}],"twitter_misc":{"Tiempo de lectura":"9 minutos"},"schema":{"@context":"https:\/\/schema.org","@graph":[{"@type":"WebPage","@id":"https:\/\/afarangabroad.com\/hong-kong-sex-massage\/","url":"https:\/\/afarangabroad.com\/hong-kong-sex-massage\/","name":"7 Best Hong Kong Sex Massage - A Farang Abroad","isPartOf":{"@id":"https:\/\/afarangabroad.com\/#website"},"datePublished":"2017-11-10T07:45:46+00:00","dateModified":"2020-08-10T02:21:51+00:00","description":"In this article I show you the best Hong Kong sex massages you can visit and their actual location and the best online sites to use for sex.","breadcrumb":{"@id":"https:\/\/afarangabroad.com\/hong-kong-sex-massage\/#breadcrumb"},"inLanguage":"es","potentialAction":[{"@type":"ReadAction","target":["https:\/\/afarangabroad.com\/hong-kong-sex-massage\/"]}]},{"@type":"BreadcrumbList","@id":"https:\/\/afarangabroad.com\/hong-kong-sex-massage\/#breadcrumb","itemListElement":[{"@type":"ListItem","position":1,"name":"Home","item":"https:\/\/afarangabroad.com\/"},{"@type":"ListItem","position":2,"name":"7 Best Hong Kong Sex Massage"}]},{"@type":"WebSite","@id":"https:\/\/afarangabroad.com\/#website","url":"https:\/\/afarangabroad.com\/","name":"A Farang Abroad","description":"Your secret guide to Asia&#039;s sexiest nightlife.","potentialAction":[{"@type":"SearchAction","target":{"@type":"EntryPoint","urlTemplate":"https:\/\/afarangabroad.com\/?s={search_term_string}"},"query-input":"required name=search_term_string"}],"inLanguage":"es"}]}},"_links":{"self":[{"href":"https:\/\/afarangabroad.com\/es\/wp-json\/wp\/v2\/pages\/8862"}],"collection":[{"href":"https:\/\/afarangabroad.com\/es\/wp-json\/wp\/v2\/pages"}],"about":[{"href":"https:\/\/afarangabroad.com\/es\/wp-json\/wp\/v2\/types\/page"}],"author":[{"embeddable":true,"href":"https:\/\/afarangabroad.com\/es\/wp-json\/wp\/v2\/users\/2"}],"replies":[{"embeddable":true,"href":"https:\/\/afarangabroad.com\/es\/wp-json\/wp\/v2\/comments?post=8862"}],"version-history":[{"count":1,"href":"https:\/\/afarangabroad.com\/es\/wp-json\/wp\/v2\/pages\/8862\/revisions"}],"predecessor-version":[{"id":512730,"href":"https:\/\/afarangabroad.com\/es\/wp-json\/wp\/v2\/pages\/8862\/revisions\/512730"}],"wp:featuredmedia":[{"embeddable":true,"href":"https:\/\/afarangabroad.com\/es\/wp-json\/wp\/v2\/media\/8864"}],"wp:attachment":[{"href":"https:\/\/afarangabroad.com\/es\/wp-json\/wp\/v2\/media?parent=8862"}],"wp:term":[{"taxonomy":"category","embeddable":true,"href":"https:\/\/afarangabroad.com\/es\/wp-json\/wp\/v2\/categories?post=8862"},{"taxonomy":"post_tag","embeddable":true,"href":"https:\/\/afarangabroad.com\/es\/wp-json\/wp\/v2\/tags?post=8862"}],"curies":[{"name":"wp","href":"https:\/\/api.w.org\/{rel}","templated":true}]}}