{"id":9098,"date":"2018-01-23T08:42:07","date_gmt":"2018-01-23T08:42:07","guid":{"rendered":"https:\/\/afarangabroad.com\/?p=9098"},"modified":"2019-01-15T05:58:01","modified_gmt":"2019-01-15T05:58:01","slug":"bali-nightlife-guide","status":"publish","type":"page","link":"https:\/\/afarangabroad.com\/es\/guia-de-la-vida-nocturna-de-bali\/","title":{"rendered":"Gu\u00eda de la vida nocturna de Bali para solteros"},"content":{"rendered":"<p>\u00bfBusca un lugar donde deshacerse de la soledad? Bali, una peque\u00f1a isla en <a href=\"https:\/\/en.wikipedia.org\/wiki\/Bali\">Indonesia<\/a>es lo mejor que Asia puede dar.<\/p>\n<p><a href=\"https:\/\/afarangabroad.com\/es\/cupido-indonesio\/\" target=\"_blank\" rel=\"noopener\"><img loading=\"lazy\" decoding=\"async\" class=\"aligncenter size-large wp-image-7574\" src=\"https:\/\/afarangabroad.com\/wp-content\/uploads\/2016\/08\/hot-Jakarta-girl-1024x691.png\" alt=\"hot Jakarta girl\" width=\"678\" height=\"458\" srcset=\"https:\/\/afarangabroad.com\/wp-content\/uploads\/2016\/08\/hot-Jakarta-girl-1024x691.png 1024w, https:\/\/afarangabroad.com\/wp-content\/uploads\/2016\/08\/hot-Jakarta-girl-300x202.png 300w, https:\/\/afarangabroad.com\/wp-content\/uploads\/2016\/08\/hot-Jakarta-girl-768x518.png 768w, https:\/\/afarangabroad.com\/wp-content\/uploads\/2016\/08\/hot-Jakarta-girl-720x486.png 720w, https:\/\/afarangabroad.com\/wp-content\/uploads\/2016\/08\/hot-Jakarta-girl.png 1038w\" sizes=\"(max-width: 678px) 100vw, 678px\" \/><\/a><\/p>\n<p>La vida nocturna es a\u00fan mejor con las chicas de la noche de Bali que salen en gran n\u00famero para entretener a sus visitantes. Todo lo que necesitas es estar en los lugares adecuados y en el momento adecuado, y conseguir\u00e1s acostarte con ellas f\u00e1cilmente o, mejor a\u00fan, ganarte una novia de Bali. La vida nocturna de Bali presenta a sus mejores chicas, y si eres extranjero, guapo y tienes algo de dinero, no te faltar\u00e1 donde elegir.<\/p>\n<p>La vida nocturna de Bali no empieza hasta las 11 de la noche. Si ya tienes una chica, pod\u00e9is empezar disfrutando juntos de una fant\u00e1stica cena y luego salir a divertiros m\u00e1s. Si a\u00fan no te has ganado el coraz\u00f3n de una chica, entonces tienes que leer y prestar atenci\u00f3n a los detalles que te proporcionar\u00e9 en este art\u00edculo.<\/p>\n<p>Bali has rich history wrapped in a colorful explosion of beauty. Most of the Bali nightlife girls are friendly and natural beauties. When the nightlife kicks in, it\u2019s the best time for single men to hook up and find love, and I mean all type of love. Majority of the Bali nightlife girls you are about to meet have stunning looks, polite, shy which makes them a cat during the day but wait until you get to bed and they shall unleash their inner tigress.<\/p>\n<p><iframe loading=\"lazy\" width=\"678\" height=\"381\" src=\"https:\/\/www.youtube.com\/embed\/sm1gMW0qScU?feature=oembed\" frameborder=\"0\" allow=\"accelerometer; autoplay; encrypted-media; gyroscope; picture-in-picture\" allowfullscreen><\/iframe><\/p>\n<p>In this article, we shall focus on best places Bali has to offer for singles. I have mentioned the diversity of venues to ensure that everyone gets what you are looking for \u2013 Bali bar girl, Bali good girls, Bali 200 pounds girl, foreigner girls in Bali, Bali university students, etc.<\/p>\n<h2><strong>Bali vida nocturna chicas en discotecas <\/strong><\/h2>\n<p>If you love partying, Bali has nightclubs in every major city. Kuta is the epicenter of Bali tourism with not less than 15 nightclubs. Its only 15 minutes away from the airport making it very accessible for tourist. If it\u2019s your first time in Kuta, picture crowded gold-sand beaches, many souvenir shops, and a crawling traffic jam.<\/p>\n<p>Las discotecas de Kuta son divertidas, sobre todo para los j\u00f3venes solteros. Las bebidas son baratas, la m\u00fasica no tan buena, pero a las 2 de la madrugada puedes ligar con cualquier chica de la noche de Bali. Espere encontrar <a href=\"https:\/\/afarangabroad.com\/es\/bali-hookers\/\">Bali prostitutas<\/a> working here so do ask if you&#8217;re ever unsure.<\/p>\n<p>Estas son las discotecas que deber\u00edas visitar en Kuta:<\/p>\n<h3><strong>Discoteca Skygarden <\/strong><\/h3>\n<ul>\n<li><em>Muchas promociones<\/em><\/li>\n<li><em>A veces las bebidas son gratis para <a href=\"https:\/\/afarangabroad.com\/es\/mujeres-indonesias\/\">Indonesian\u00a0girls<\/a><\/em><\/li>\n<li><em>Tiene 4 plantas con un tipo de m\u00fasica diferente<\/em><\/li>\n<li><em>Proporci\u00f3n de chicos por chica: 70% chicos por 30% chicas<\/em><\/li>\n<li><em>Composici\u00f3n del p\u00fablico femenino: prostitutas, turistas occidentales y turistas indonesios.<\/em><\/li>\n<li><em>Porcentaje de prostitutas: 25%<\/em><\/li>\n<li><em>Escogiendo posibilidades de chicas: 8\/10<\/em><\/li>\n<\/ul>\n<p><img loading=\"lazy\" decoding=\"async\" class=\"size-full wp-image-9101 aligncenter\" src=\"https:\/\/afarangabroad.com\/wp-content\/uploads\/2018\/01\/bali-nightclub.jpg\" alt=\"bali nightclub\" width=\"1000\" height=\"666\" srcset=\"https:\/\/afarangabroad.com\/wp-content\/uploads\/2018\/01\/bali-nightclub.jpg 1000w, https:\/\/afarangabroad.com\/wp-content\/uploads\/2018\/01\/bali-nightclub-300x200.jpg 300w, https:\/\/afarangabroad.com\/wp-content\/uploads\/2018\/01\/bali-nightclub-768x511.jpg 768w\" sizes=\"(max-width: 1000px) 100vw, 1000px\" \/><\/p>","protected":false},"excerpt":{"rendered":"<p>Are you looking for a place to shrug off some loneliness? Bali, a small island in Indonesia, is the best Asia can give. The nightlife is even better with Bali nightlife girls coming out in large numbers to entertain its visitors. All you need is to be at the right places and at the right [&hellip;]<\/p>","protected":false},"author":2,"featured_media":0,"parent":0,"menu_order":0,"comment_status":"open","ping_status":"closed","template":"","meta":{"_exactmetrics_skip_tracking":false,"_exactmetrics_sitenote_active":false,"_exactmetrics_sitenote_note":"","_exactmetrics_sitenote_category":0,"footnotes":""},"categories":[318],"tags":[],"class_list":["post-9098","page","type-page","status-publish","hentry","category-indonesia"],"yoast_head":"<!-- This site is optimized with the Yoast SEO plugin v20.1 - https:\/\/yoast.com\/wordpress\/plugins\/seo\/ -->\n<title>Bali Nightlife Guide for Singles - A Farang Abroad<\/title>\n<meta name=\"description\" content=\"Coming to Bali alone? In this article you&#039;ll learn the best Bali Nightlife spots for single men. Learn how to meet Bali girls in bars and clubs.\" \/>\n<meta name=\"robots\" content=\"index, follow, max-snippet:-1, max-image-preview:large, max-video-preview:-1\" \/>\n<link rel=\"canonical\" href=\"https:\/\/afarangabroad.com\/es\/guia-de-la-vida-nocturna-de-bali\/\" \/>\n<meta property=\"og:locale\" content=\"es_ES\" \/>\n<meta property=\"og:type\" content=\"article\" \/>\n<meta property=\"og:title\" content=\"Bali Nightlife Guide for Singles - A Farang Abroad\" \/>\n<meta property=\"og:description\" content=\"Coming to Bali alone? In this article you&#039;ll learn the best Bali Nightlife spots for single men. Learn how to meet Bali girls in bars and clubs.\" \/>\n<meta property=\"og:url\" content=\"https:\/\/afarangabroad.com\/es\/guia-de-la-vida-nocturna-de-bali\/\" \/>\n<meta property=\"og:site_name\" content=\"A Farang Abroad\" \/>\n<meta property=\"article:modified_time\" content=\"2019-01-15T05:58:01+00:00\" \/>\n<meta property=\"og:image\" content=\"https:\/\/afarangabroad.com\/wp-content\/uploads\/2016\/08\/hot-Jakarta-girl-1024x691.png\" \/>\n<meta name=\"twitter:label1\" content=\"Tiempo de lectura\" \/>\n\t<meta name=\"twitter:data1\" content=\"10 minutos\" \/>\n<script type=\"application\/ld+json\" class=\"yoast-schema-graph\">{\"@context\":\"https:\/\/schema.org\",\"@graph\":[{\"@type\":\"WebPage\",\"@id\":\"https:\/\/afarangabroad.com\/bali-nightlife-guide\/\",\"url\":\"https:\/\/afarangabroad.com\/bali-nightlife-guide\/\",\"name\":\"Bali Nightlife Guide for Singles - A Farang Abroad\",\"isPartOf\":{\"@id\":\"https:\/\/afarangabroad.com\/#website\"},\"datePublished\":\"2018-01-23T08:42:07+00:00\",\"dateModified\":\"2019-01-15T05:58:01+00:00\",\"description\":\"Coming to Bali alone? In this article you'll learn the best Bali Nightlife spots for single men. Learn how to meet Bali girls in bars and clubs.\",\"breadcrumb\":{\"@id\":\"https:\/\/afarangabroad.com\/bali-nightlife-guide\/#breadcrumb\"},\"inLanguage\":\"es\",\"potentialAction\":[{\"@type\":\"ReadAction\",\"target\":[\"https:\/\/afarangabroad.com\/bali-nightlife-guide\/\"]}]},{\"@type\":\"BreadcrumbList\",\"@id\":\"https:\/\/afarangabroad.com\/bali-nightlife-guide\/#breadcrumb\",\"itemListElement\":[{\"@type\":\"ListItem\",\"position\":1,\"name\":\"Home\",\"item\":\"https:\/\/afarangabroad.com\/\"},{\"@type\":\"ListItem\",\"position\":2,\"name\":\"Bali Nightlife Guide for Singles\"}]},{\"@type\":\"WebSite\",\"@id\":\"https:\/\/afarangabroad.com\/#website\",\"url\":\"https:\/\/afarangabroad.com\/\",\"name\":\"A Farang Abroad\",\"description\":\"Your secret guide to Asia&#039;s sexiest nightlife.\",\"potentialAction\":[{\"@type\":\"SearchAction\",\"target\":{\"@type\":\"EntryPoint\",\"urlTemplate\":\"https:\/\/afarangabroad.com\/?s={search_term_string}\"},\"query-input\":\"required name=search_term_string\"}],\"inLanguage\":\"es\"}]}<\/script>\n<!-- \/ Yoast SEO plugin. -->","yoast_head_json":{"title":"Bali Nightlife Guide for Singles - A Farang Abroad","description":"Coming to Bali alone? In this article you'll learn the best Bali Nightlife spots for single men. Learn how to meet Bali girls in bars and clubs.","robots":{"index":"index","follow":"follow","max-snippet":"max-snippet:-1","max-image-preview":"max-image-preview:large","max-video-preview":"max-video-preview:-1"},"canonical":"https:\/\/afarangabroad.com\/es\/guia-de-la-vida-nocturna-de-bali\/","og_locale":"es_ES","og_type":"article","og_title":"Bali Nightlife Guide for Singles - A Farang Abroad","og_description":"Coming to Bali alone? In this article you'll learn the best Bali Nightlife spots for single men. Learn how to meet Bali girls in bars and clubs.","og_url":"https:\/\/afarangabroad.com\/es\/guia-de-la-vida-nocturna-de-bali\/","og_site_name":"A Farang Abroad","article_modified_time":"2019-01-15T05:58:01+00:00","og_image":[{"url":"https:\/\/afarangabroad.com\/wp-content\/uploads\/2016\/08\/hot-Jakarta-girl-1024x691.png"}],"twitter_misc":{"Tiempo de lectura":"10 minutos"},"schema":{"@context":"https:\/\/schema.org","@graph":[{"@type":"WebPage","@id":"https:\/\/afarangabroad.com\/bali-nightlife-guide\/","url":"https:\/\/afarangabroad.com\/bali-nightlife-guide\/","name":"Bali Nightlife Guide for Singles - A Farang Abroad","isPartOf":{"@id":"https:\/\/afarangabroad.com\/#website"},"datePublished":"2018-01-23T08:42:07+00:00","dateModified":"2019-01-15T05:58:01+00:00","description":"Coming to Bali alone? In this article you'll learn the best Bali Nightlife spots for single men. Learn how to meet Bali girls in bars and clubs.","breadcrumb":{"@id":"https:\/\/afarangabroad.com\/bali-nightlife-guide\/#breadcrumb"},"inLanguage":"es","potentialAction":[{"@type":"ReadAction","target":["https:\/\/afarangabroad.com\/bali-nightlife-guide\/"]}]},{"@type":"BreadcrumbList","@id":"https:\/\/afarangabroad.com\/bali-nightlife-guide\/#breadcrumb","itemListElement":[{"@type":"ListItem","position":1,"name":"Home","item":"https:\/\/afarangabroad.com\/"},{"@type":"ListItem","position":2,"name":"Bali Nightlife Guide for Singles"}]},{"@type":"WebSite","@id":"https:\/\/afarangabroad.com\/#website","url":"https:\/\/afarangabroad.com\/","name":"A Farang Abroad","description":"Your secret guide to Asia&#039;s sexiest nightlife.","potentialAction":[{"@type":"SearchAction","target":{"@type":"EntryPoint","urlTemplate":"https:\/\/afarangabroad.com\/?s={search_term_string}"},"query-input":"required name=search_term_string"}],"inLanguage":"es"}]}},"_links":{"self":[{"href":"https:\/\/afarangabroad.com\/es\/wp-json\/wp\/v2\/pages\/9098"}],"collection":[{"href":"https:\/\/afarangabroad.com\/es\/wp-json\/wp\/v2\/pages"}],"about":[{"href":"https:\/\/afarangabroad.com\/es\/wp-json\/wp\/v2\/types\/page"}],"author":[{"embeddable":true,"href":"https:\/\/afarangabroad.com\/es\/wp-json\/wp\/v2\/users\/2"}],"replies":[{"embeddable":true,"href":"https:\/\/afarangabroad.com\/es\/wp-json\/wp\/v2\/comments?post=9098"}],"version-history":[{"count":0,"href":"https:\/\/afarangabroad.com\/es\/wp-json\/wp\/v2\/pages\/9098\/revisions"}],"wp:attachment":[{"href":"https:\/\/afarangabroad.com\/es\/wp-json\/wp\/v2\/media?parent=9098"}],"wp:term":[{"taxonomy":"category","embeddable":true,"href":"https:\/\/afarangabroad.com\/es\/wp-json\/wp\/v2\/categories?post=9098"},{"taxonomy":"post_tag","embeddable":true,"href":"https:\/\/afarangabroad.com\/es\/wp-json\/wp\/v2\/tags?post=9098"}],"curies":[{"name":"wp","href":"https:\/\/api.w.org\/{rel}","templated":true}]}}