{"id":9286,"date":"2018-02-10T05:13:47","date_gmt":"2018-02-10T05:13:47","guid":{"rendered":"https:\/\/afarangabroad.com\/?p=9286"},"modified":"2024-10-16T06:18:01","modified_gmt":"2024-10-16T05:18:01","slug":"bars-in-cebu","status":"publish","type":"page","link":"https:\/\/afarangabroad.com\/es\/bares-en-cebu\/","title":{"rendered":"Gu\u00eda de la vida nocturna de Ceb\u00fa: Los mejores bares de Ceb\u00fa"},"content":{"rendered":"<p>In this article you&#8217;ll learn the best bars in Cebu to visit to meet girls.<\/p>\n<p>This is why after in-depth research we have prepared a Cebu nightlife guide with a more focus on bars in Cebu to ensure you don\u2019t miss any nightlife hotspots be it to a party, drink hookup with sexy <a href=\"https:\/\/afarangabroad.com\/es\/girls-cebu\/\">Chicas de Ceb\u00fa<\/a>.<\/p>\n<p><a href=\" \" target=\"_blank\" rel=\"noopener noreferrer\"><img loading=\"lazy\" decoding=\"async\" class=\"aligncenter size-large wp-image-7300\" src=\"https:\/\/afarangabroad.com\/wp-content\/uploads\/2016\/06\/MEET-HOT1-1024x691.png\" sizes=\"(max-width: 600px) 100vw, 600px\" srcset=\"https:\/\/afarangabroad.com\/wp-content\/uploads\/2016\/06\/MEET-HOT1-1024x691.png 1024w, https:\/\/afarangabroad.com\/wp-content\/uploads\/2016\/06\/MEET-HOT1-300x202.png 300w, https:\/\/afarangabroad.com\/wp-content\/uploads\/2016\/06\/MEET-HOT1-720x486.png 720w, https:\/\/afarangabroad.com\/wp-content\/uploads\/2016\/06\/MEET-HOT1.png 1038w\" alt=\"Filipino girls\" width=\"600\" height=\"405\" \/><\/a><\/p>\n<p>Si desea conocer <a href=\"  \">chicas en Filipinas<\/a> gratis,\u00a0<a href=\" \" target=\"_blank\" rel=\"noopener noreferrer\">consulte este art\u00edculo<\/a>.<\/p>\n<p>Ceb\u00fa es la provincia m\u00e1s rica de Filipinas, y atrae a j\u00f3venes filipinos de ambos sexos, que presentan una diversi\u00f3n sin fin independientemente de sus atractivos sexuales.<\/p>\n<p>Las chicas m\u00e1s atractivas de Ceb\u00fa son las estudiantes coreanas que aprenden ingl\u00e9s, luego las mochileras, las ejecutivas, las profesoras y las pensionistas.<\/p>\n<p><iframe loading=\"lazy\" title=\"Discotecas Mango Square, Cebu Filipinas S3, Vlog 108\" width=\"678\" height=\"381\" src=\"https:\/\/www.youtube.com\/embed\/Gmd1o-meTUA?feature=oembed\" frameborder=\"0\" allow=\"accelerometer; autoplay; encrypted-media; gyroscope; picture-in-picture\" allowfullscreen><\/iframe><\/p>\n<p>With its size it familiar to see guys hitting on chics like all the time. Thanks to this size, you won\u2019t find it difficult to navigate in Cebu. For example, Mango Avenue and Fuente Osmena Circle is a favorite for the middle class while Mandaue city is the venue where a majority of upper-class Filipinos hang out.<\/p>\n<p>Estas son las zonas a las que daremos m\u00e1s importancia en nuestra gu\u00eda de la vida nocturna de Ceb\u00fa que figura a continuaci\u00f3n.<\/p>\n<p>Ceb\u00fa es famosa por <a href=\"https:\/\/afarangabroad.com\/es\/get-sex-philippines\/\">turismo sexual en Filipinas<\/a>.<\/p>\n<p>Si no te gustan las aut\u00f3nomas, hay muchas otras chicas buenas con las que puedes salir.<\/p>","protected":false},"excerpt":{"rendered":"<p>In this article you&#8217;ll learn the best bars in Cebu to visit to meet girls. This is why after in-depth research we have prepared a Cebu nightlife guide with a more focus on bars in Cebu to ensure you don\u2019t miss any nightlife hotspots be it to a party, drink hookup with sexy Cebu girls. [&hellip;]<\/p>","protected":false},"author":2,"featured_media":9305,"parent":0,"menu_order":0,"comment_status":"open","ping_status":"open","template":"","meta":{"_exactmetrics_skip_tracking":false,"_exactmetrics_sitenote_active":false,"_exactmetrics_sitenote_note":"","_exactmetrics_sitenote_category":0,"footnotes":""},"categories":[325],"tags":[],"class_list":["post-9286","page","type-page","status-publish","has-post-thumbnail","hentry","category-filipino-dating"],"yoast_head":"<!-- This site is optimized with the Yoast SEO plugin v20.1 - https:\/\/yoast.com\/wordpress\/plugins\/seo\/ -->\n<title>Cebu Nightlife Guide: Best Bars in Cebu - A Farang Abroad<\/title>\n<meta name=\"description\" content=\"Learn about the Cebu Nightlife Guide and the best bars in Cebu. In this article reveal bars and clubs to meet local girls, the prices of entry and more.\" \/>\n<meta name=\"robots\" content=\"index, follow, max-snippet:-1, max-image-preview:large, max-video-preview:-1\" \/>\n<link rel=\"canonical\" href=\"https:\/\/afarangabroad.com\/es\/bares-en-cebu\/\" \/>\n<meta property=\"og:locale\" content=\"es_ES\" \/>\n<meta property=\"og:type\" content=\"article\" \/>\n<meta property=\"og:title\" content=\"Cebu Nightlife Guide: Best Bars in Cebu - A Farang Abroad\" \/>\n<meta property=\"og:description\" content=\"Learn about the Cebu Nightlife Guide and the best bars in Cebu. In this article reveal bars and clubs to meet local girls, the prices of entry and more.\" \/>\n<meta property=\"og:url\" content=\"https:\/\/afarangabroad.com\/es\/bares-en-cebu\/\" \/>\n<meta property=\"og:site_name\" content=\"A Farang Abroad\" \/>\n<meta property=\"article:modified_time\" content=\"2024-10-16T05:18:01+00:00\" \/>\n<meta property=\"og:image\" content=\"https:\/\/afarangabroad.com\/wp-content\/uploads\/2018\/02\/3935763183_1a2fb3254f_o.jpg\" \/>\n\t<meta property=\"og:image:width\" content=\"640\" \/>\n\t<meta property=\"og:image:height\" content=\"480\" \/>\n\t<meta property=\"og:image:type\" content=\"image\/jpeg\" \/>\n<meta name=\"twitter:label1\" content=\"Tiempo de lectura\" \/>\n\t<meta name=\"twitter:data1\" content=\"9 minutos\" \/>\n<script type=\"application\/ld+json\" class=\"yoast-schema-graph\">{\"@context\":\"https:\/\/schema.org\",\"@graph\":[{\"@type\":\"WebPage\",\"@id\":\"https:\/\/afarangabroad.com\/bars-in-cebu\/\",\"url\":\"https:\/\/afarangabroad.com\/bars-in-cebu\/\",\"name\":\"Cebu Nightlife Guide: Best Bars in Cebu - A Farang Abroad\",\"isPartOf\":{\"@id\":\"https:\/\/afarangabroad.com\/#website\"},\"datePublished\":\"2018-02-10T05:13:47+00:00\",\"dateModified\":\"2024-10-16T05:18:01+00:00\",\"description\":\"Learn about the Cebu Nightlife Guide and the best bars in Cebu. In this article reveal bars and clubs to meet local girls, the prices of entry and more.\",\"breadcrumb\":{\"@id\":\"https:\/\/afarangabroad.com\/bars-in-cebu\/#breadcrumb\"},\"inLanguage\":\"es\",\"potentialAction\":[{\"@type\":\"ReadAction\",\"target\":[\"https:\/\/afarangabroad.com\/bars-in-cebu\/\"]}]},{\"@type\":\"BreadcrumbList\",\"@id\":\"https:\/\/afarangabroad.com\/bars-in-cebu\/#breadcrumb\",\"itemListElement\":[{\"@type\":\"ListItem\",\"position\":1,\"name\":\"Home\",\"item\":\"https:\/\/afarangabroad.com\/\"},{\"@type\":\"ListItem\",\"position\":2,\"name\":\"Cebu Nightlife Guide: Best Bars in Cebu\"}]},{\"@type\":\"WebSite\",\"@id\":\"https:\/\/afarangabroad.com\/#website\",\"url\":\"https:\/\/afarangabroad.com\/\",\"name\":\"A Farang Abroad\",\"description\":\"Your secret guide to Asia&#039;s sexiest nightlife.\",\"potentialAction\":[{\"@type\":\"SearchAction\",\"target\":{\"@type\":\"EntryPoint\",\"urlTemplate\":\"https:\/\/afarangabroad.com\/?s={search_term_string}\"},\"query-input\":\"required name=search_term_string\"}],\"inLanguage\":\"es\"}]}<\/script>\n<!-- \/ Yoast SEO plugin. -->","yoast_head_json":{"title":"Cebu Nightlife Guide: Best Bars in Cebu - A Farang Abroad","description":"Learn about the Cebu Nightlife Guide and the best bars in Cebu. In this article reveal bars and clubs to meet local girls, the prices of entry and more.","robots":{"index":"index","follow":"follow","max-snippet":"max-snippet:-1","max-image-preview":"max-image-preview:large","max-video-preview":"max-video-preview:-1"},"canonical":"https:\/\/afarangabroad.com\/es\/bares-en-cebu\/","og_locale":"es_ES","og_type":"article","og_title":"Cebu Nightlife Guide: Best Bars in Cebu - A Farang Abroad","og_description":"Learn about the Cebu Nightlife Guide and the best bars in Cebu. In this article reveal bars and clubs to meet local girls, the prices of entry and more.","og_url":"https:\/\/afarangabroad.com\/es\/bares-en-cebu\/","og_site_name":"A Farang Abroad","article_modified_time":"2024-10-16T05:18:01+00:00","og_image":[{"width":640,"height":480,"url":"https:\/\/afarangabroad.com\/wp-content\/uploads\/2018\/02\/3935763183_1a2fb3254f_o.jpg","type":"image\/jpeg"}],"twitter_misc":{"Tiempo de lectura":"9 minutos"},"schema":{"@context":"https:\/\/schema.org","@graph":[{"@type":"WebPage","@id":"https:\/\/afarangabroad.com\/bars-in-cebu\/","url":"https:\/\/afarangabroad.com\/bars-in-cebu\/","name":"Cebu Nightlife Guide: Best Bars in Cebu - A Farang Abroad","isPartOf":{"@id":"https:\/\/afarangabroad.com\/#website"},"datePublished":"2018-02-10T05:13:47+00:00","dateModified":"2024-10-16T05:18:01+00:00","description":"Learn about the Cebu Nightlife Guide and the best bars in Cebu. In this article reveal bars and clubs to meet local girls, the prices of entry and more.","breadcrumb":{"@id":"https:\/\/afarangabroad.com\/bars-in-cebu\/#breadcrumb"},"inLanguage":"es","potentialAction":[{"@type":"ReadAction","target":["https:\/\/afarangabroad.com\/bars-in-cebu\/"]}]},{"@type":"BreadcrumbList","@id":"https:\/\/afarangabroad.com\/bars-in-cebu\/#breadcrumb","itemListElement":[{"@type":"ListItem","position":1,"name":"Home","item":"https:\/\/afarangabroad.com\/"},{"@type":"ListItem","position":2,"name":"Cebu Nightlife Guide: Best Bars in Cebu"}]},{"@type":"WebSite","@id":"https:\/\/afarangabroad.com\/#website","url":"https:\/\/afarangabroad.com\/","name":"A Farang Abroad","description":"Your secret guide to Asia&#039;s sexiest nightlife.","potentialAction":[{"@type":"SearchAction","target":{"@type":"EntryPoint","urlTemplate":"https:\/\/afarangabroad.com\/?s={search_term_string}"},"query-input":"required name=search_term_string"}],"inLanguage":"es"}]}},"_links":{"self":[{"href":"https:\/\/afarangabroad.com\/es\/wp-json\/wp\/v2\/pages\/9286"}],"collection":[{"href":"https:\/\/afarangabroad.com\/es\/wp-json\/wp\/v2\/pages"}],"about":[{"href":"https:\/\/afarangabroad.com\/es\/wp-json\/wp\/v2\/types\/page"}],"author":[{"embeddable":true,"href":"https:\/\/afarangabroad.com\/es\/wp-json\/wp\/v2\/users\/2"}],"replies":[{"embeddable":true,"href":"https:\/\/afarangabroad.com\/es\/wp-json\/wp\/v2\/comments?post=9286"}],"version-history":[{"count":2,"href":"https:\/\/afarangabroad.com\/es\/wp-json\/wp\/v2\/pages\/9286\/revisions"}],"predecessor-version":[{"id":513615,"href":"https:\/\/afarangabroad.com\/es\/wp-json\/wp\/v2\/pages\/9286\/revisions\/513615"}],"wp:featuredmedia":[{"embeddable":true,"href":"https:\/\/afarangabroad.com\/es\/wp-json\/wp\/v2\/media\/9305"}],"wp:attachment":[{"href":"https:\/\/afarangabroad.com\/es\/wp-json\/wp\/v2\/media?parent=9286"}],"wp:term":[{"taxonomy":"category","embeddable":true,"href":"https:\/\/afarangabroad.com\/es\/wp-json\/wp\/v2\/categories?post=9286"},{"taxonomy":"post_tag","embeddable":true,"href":"https:\/\/afarangabroad.com\/es\/wp-json\/wp\/v2\/tags?post=9286"}],"curies":[{"name":"wp","href":"https:\/\/api.w.org\/{rel}","templated":true}]}}