{"id":9469,"date":"2018-03-22T08:26:30","date_gmt":"2018-03-22T08:26:30","guid":{"rendered":"https:\/\/afarangabroad.com\/?p=9469"},"modified":"2023-12-12T03:48:23","modified_gmt":"2023-12-12T03:48:23","slug":"sex-massages-in-silom","status":"publish","type":"page","link":"https:\/\/afarangabroad.com\/es\/masajes-sexuales-en-silom\/","title":{"rendered":"7 Mejores masajes sexuales en Silom"},"content":{"rendered":"En este art\u00edculo aprender\u00e1s d\u00f3nde recibir masajes sexuales en Silom.\n\nSilom es una zona de Tailandia con personalidades bipolares: un centro financiero durante el d\u00eda y un centro sexual cuando oscurece.\n\nHablemos del masaje Silom, un masaje er\u00f3tico que ofrece satisfacci\u00f3n mental, f\u00edsica y sexual.\n\nSi desea\u00a0<strong>acostarse gratis en Tailandia gratis<\/strong>\u00a0<a title=\"Usando Thai Friendly para encontrar una novia tailandesa\" href=\"https:\/\/afarangabroad.com\/es\/thai-cupid-dating-site\/\" target=\"_blank\" rel=\"noopener noreferrer\">consulte este art\u00edculo<\/a>.<a href=\"https:\/\/afarangabroad.com\/es\/thai-cupid-dating-site\/\" target=\"_blank\" rel=\"noopener noreferrer\"><img loading=\"lazy\" decoding=\"async\" class=\"aligncenter wp-image-7259 size-large\" src=\"https:\/\/afarangabroad.com\/wp-content\/uploads\/2016\/06\/Meet-Thai-girls1-1024x691.png\" sizes=\"(max-width: 678px) 100vw, 678px\" srcset=\"https:\/\/afarangabroad.com\/wp-content\/uploads\/2016\/06\/Meet-Thai-girls1-1024x691.png 1024w, https:\/\/afarangabroad.com\/wp-content\/uploads\/2016\/06\/Meet-Thai-girls1-300x202.png 300w, https:\/\/afarangabroad.com\/wp-content\/uploads\/2016\/06\/Meet-Thai-girls1-720x486.png 720w, https:\/\/afarangabroad.com\/wp-content\/uploads\/2016\/06\/Meet-Thai-girls1.png 1038w\" alt=\"Conocer chicas tailandesas\" width=\"678\" height=\"458\" \/><\/a>\n\n<iframe loading=\"lazy\" title=\"bangla road sexo erotico chiang mai tailandia bangkok viajes sesso\" width=\"678\" height=\"381\" src=\"https:\/\/www.youtube.com\/embed\/hffx3mrNT8E?feature=oembed\" frameborder=\"0\" allow=\"accelerometer; autoplay; clipboard-write; encrypted-media; gyroscope; picture-in-picture; web-share\" allowfullscreen><\/iframe>\n\nEn Silom, los masajes sexuales son f\u00e1ciles de conseguir, accesibles y, lo que es m\u00e1s importante, baratos en comparaci\u00f3n con las tarifas occidentales. Desde la calle de Silom a los hoteles de cinco estrellas, se pueden conseguir f\u00e1cilmente masajes sexuales Silom con muchos visitantes llamando al lugar un \"para\u00edso culinario y de masajes.\"\n\nEn Silom se utilizan varios t\u00e9rminos para referirse a los masajes sexuales. Entre ellos est\u00e1n: \"Masaje especial\", \"Masaje plus\", \"Final feliz\" y \"Te quiero mucho tiempo\". Todos estos nombres se utilizan para informar de que el masaje proporcionar\u00e1 placer sexual, es decir, mamada, paja o sexo al final.\n\nEn esta gu\u00eda, le mostrar\u00e9 d\u00f3nde conseguir masajes en Silom con un <a href=\"https:\/\/afarangabroad.com\/es\/masajes-felices-bangkok\/\" target=\"_blank\" rel=\"noopener noreferrer\">masaje paja en Bangkok <\/a>\u00a0Antes de eso, vamos a tocar un tema sobre el que la mayor\u00eda de ustedes a\u00fan no est\u00e1n seguros. Si est\u00e1 al tanto, puede saltarse la secci\u00f3n.\n<h2 class=\"wp-embed-aspect-4-3 wp-has-aspect-ratio\">Body Bliss Masaje Bangkok<\/h2>\n<h2><!-- \/wp:heading --> <!-- wp:paragraph {\"className\":\"wp-embed-aspect-4-3 wp-has-aspect-ratio\"} --><\/h2>\n<p class=\"wp-embed-aspect-4-3 wp-has-aspect-ratio\">Body Bliss Massage es un nuevo pero muy buen servicio de masajes a domicilio donde se puede conseguir handjobs en Bangkok. Ofrecen servicios tanto para hombres como para mujeres.<\/p>\n<a href=\"https:\/\/bodyblissbangkok.com\/\" target=\"_blank\" rel=\"nofollow noopener\"><img loading=\"lazy\" decoding=\"async\" class=\"aligncenter  wp-image-513386\" src=\"https:\/\/afarangabroad.com\/wp-content\/uploads\/2023\/12\/body-bliss-massage-575x1024.jpg\" alt=\"masaje body bliss\" width=\"390\" height=\"695\" srcset=\"https:\/\/afarangabroad.com\/wp-content\/uploads\/2023\/12\/body-bliss-massage-575x1024.jpg 575w, https:\/\/afarangabroad.com\/wp-content\/uploads\/2023\/12\/body-bliss-massage-168x300.jpg 168w, https:\/\/afarangabroad.com\/wp-content\/uploads\/2023\/12\/body-bliss-massage-768x1368.jpg 768w, https:\/\/afarangabroad.com\/wp-content\/uploads\/2023\/12\/body-bliss-massage-862x1536.jpg 862w, https:\/\/afarangabroad.com\/wp-content\/uploads\/2023\/12\/body-bliss-massage.jpg 904w\" sizes=\"(max-width: 390px) 100vw, 390px\" \/><\/a>\n<h2><!-- \/wp:paragraph -->\n<p class=\"wp-embed-aspect-4-3 wp-has-aspect-ratio\">Tienen una gama de masajes incluyendo jabonosa y pr\u00f3stata . Usted puede ver todas sus chicas, pero visitando su sitio web en <a href=\"http:\/\/www.bodyblissbangkok.com\/\" target=\"_blank\" rel=\"nofollow noopener noreferrer\">BodyBlissBangkok.com<\/a><\/p>\n\n<h2><strong>Smooci escorts en Silom<\/strong><\/h2>\nSi buscas un servicio a domicilio donde te hagan mamadas y mucho m\u00e1s, no hay mejor servicio que Smooci.\n\nA trav\u00e9s de su p\u00e1gina web puedes reservar cualquier n\u00famero de chicas para que vayan directamente a tu habitaci\u00f3n y te proporcionen servicios de BJ y mucho m\u00e1s.\n<h2><a href=\"https:\/\/smooci.com\/bangkok?search&amp;utm_source=afarang-bkk-disc-ban\" target=\"_blank\" rel=\"noopener noreferrer\"><img loading=\"lazy\" decoding=\"async\" class=\"aligncenter wp-image-512712 size-full\" src=\"https:\/\/afarangabroad.com\/wp-content\/uploads\/2020\/08\/new-smooci-banner.gif\" alt=\"\" width=\"800\" height=\"200\" \/><\/a><\/h2>\nLos precios de cada chica se enumeran en el sitio y en un momento dado suelen tener hasta m\u00e1s de 20 chicas libres, puede obtener m\u00e1s informaci\u00f3n visitando su sitio web:\u00a0<a href=\"https:\/\/smooci.com\/bangkok?search&amp;utm_source=afarang-bkk-disc-ban\" target=\"_blank\" rel=\"nofollow noopener noreferrer\">www.Smooci.com<\/a>\n<h2>C\u00f3mo detectar los salones de masaje Silom plus<\/h2>\nLa mayor\u00eda de los salones de masajes sexuales de Silom se hacen pasar por masajes t\u00edpicos. Sin embargo, es f\u00e1cil identificar la diferencia entre un sal\u00f3n de masajes \"normal\" y un masaje Silom con extras y finales felices.\n\nUno, f\u00edjese en c\u00f3mo van vestidas las chicas. Si van vestidas con largas telas tradicionales tailandesas, \u00e9se no es su sitio. Sin embargo, si est\u00e1n vestidas sexy; minifaldas con mucho maquillaje, entonces suponga que ella puede sostener el trasero y la virilidad con manos aceitadas.\n\nDos, f\u00edjate en el comportamiento de la chica. Si est\u00e1n de pie a la entrada del sal\u00f3n y seducen a los clientes grit\u00e1ndote excitadamente o agarr\u00e1ndote y atray\u00e9ndote al interior, entonces puedes esperar una mamada o al menos una paja al final de tu masaje.\n<h2>El mejor lugar para masajes con final feliz en Silom<\/h2>\nPatpong es el barrio rojo m\u00e1s antiguo de Bangkok. All\u00ed podr\u00e1 utilizar <a href=\"http:\/\/www.bangkok-city.com\/go\/info_transportation.html\">MRT<\/a> y salir en la estaci\u00f3n de Silom. Aqu\u00ed encontrar\u00e1 un gran n\u00famero de tiendas de masajes y chicas. Aqu\u00ed es donde para reducir su b\u00fasqueda.\n<h2>Categor\u00edas de spas de masaje Silom<\/h2>\n<h3>Spa de masajes est\u00e1ndar<\/h3>\nEncontrar\u00e1 muchos en Silom. Ofrecen masajes t\u00edpicos, masajes con aceite y, algunos, masajes con final feliz.\n\nSin embargo, los spas de masajes est\u00e1ndar no son el mejor lugar si lo que buscas es un masaje feliz. Si tienes suerte, puedes conseguir una paja por 500 baht, entre 500 y 1.000 baht por una mamada y m\u00e1s de 1.000 baht por un masaje sexual completo. Negocia siempre.\n<h3>Balnearios de sexo r\u00e1pido<\/h3>\nLos spas de sexo r\u00e1pido son menos populares en <a href=\"https:\/\/wikitravel.org\/en\/Bangkok\/Silom\" target=\"_blank\" rel=\"nofollow noopener noreferrer\">Silom<\/a>. Estos lugares se hacen pasar por spas, pero son burdeles. El masaje dura 10 minutos y luego sexo o cualquier servicio extra que quieras.\n\nEl masaje cuesta menos, pero el sexo cuesta m\u00e1s. Los spas de sexo r\u00e1pido tienen chicas tailandesas j\u00f3venes y m\u00e1s guapas con sexo y mamadas en el men\u00fa.\n\n<img loading=\"lazy\" decoding=\"async\" class=\"aligncenter size-full wp-image-9527\" src=\"https:\/\/afarangabroad.com\/wp-content\/uploads\/2018\/04\/Silom-Sex-massages.jpg\" alt=\"\" width=\"640\" height=\"427\" srcset=\"https:\/\/afarangabroad.com\/wp-content\/uploads\/2018\/04\/Silom-Sex-massages.jpg 640w, https:\/\/afarangabroad.com\/wp-content\/uploads\/2018\/04\/Silom-Sex-massages-300x200.jpg 300w\" sizes=\"(max-width: 640px) 100vw, 640px\" \/>\n<h3>\u00a0Masaje jabonoso<\/h3>\nEste masaje er\u00f3tico comienza con un ba\u00f1o, tanto usted como la chica est\u00e1n desnudos. Ella te lavar\u00e1, m\u00e1s enfoque en la ingle, luego una mamada y por \u00faltimo sexo dependiendo de la chica.\n\nEl masaje enjabonado es bastante caro, as\u00ed que al\u00e9jate de \u00e9l si s\u00f3lo necesitas sexo.\n\nRelacionado: aprende d\u00f3nde conseguir <a href=\"https:\/\/afarangabroad.com\/es\/masaje-jabonoso-bangkok\/\">masajes jabonosos en Bangkok<\/a>.\n<h3>Colch\u00f3n de aire Masaje Nuru<\/h3>\nComo est\u00e1s adivinando, este masaje se realiza en un colch\u00f3n de aire. Al final, te hacen una paja gratis. Una chica que espere m\u00e1s ofrecer\u00e1 sexo o una mamada.\n\nEmpieza con un lavado, luego un masaje cuerpo a cuerpo (ambos desnudos) y despu\u00e9s la paja o la mamada. Los precios var\u00edan seg\u00fan el sal\u00f3n, pero son a partir de 2000, paja incluida.\n\nRelacionado: saber d\u00f3nde conseguir <a href=\"https:\/\/afarangabroad.com\/es\/masaje-nuru-bangkok\/\">Masajes nuru en Bangkok<\/a>.\n<h2>Acerca de las masajistas<\/h2>\nComo la mayor\u00eda de nosotros, las masajistas de Silom quieren ganar m\u00e1s dinero trabajando. Un criterio para ganar m\u00e1s en la industria del sexo es la apariencia.  Por lo tanto, no espere ver a una chica atractiva trabajando en spas baratos.\n\nLos burdeles de sexo r\u00e1pido ganan mejor, as\u00ed que puedes encontrar una chica tailandesa de aspecto hermoso. El precio por cliente es bajo, as\u00ed que a cambio no ofrecen nada espectacular.\n\nEn los masajes enjabonados es donde encuentras a las m\u00e1s guapas. No es de extra\u00f1ar que el coste sea tan elevado.\n\nLas chicas de masaje nuru est\u00e1n por encima de la media, y puede que tengas suerte de que te lo d\u00e9 la m\u00e1s sexy del <a href=\"https:\/\/migrationology.com\/walking-tour-of-attractions-in-bangkoks-silom-district\/\" target=\"_blank\" rel=\"nofollow noopener noreferrer\">Calle Silom<\/a>.\n\nMientras compruebas lo que ofrecen las calles de Silom no olvides que puedes conocer chicas normales a trav\u00e9s de <a href=\"https:\/\/afarangabroad.com\/es\/thai-cupid-dating-site\/\">Cupido tailand\u00e9s<\/a> y recibir masajes sexuales gratis.  Tambi\u00e9n puedes probar el Thai Friendly, pero ten m\u00e1s cuidado, de lo contrario ser\u00e1s v\u00edctima de estafadoras.\n<h2>Masaje Silom en Patpong<\/h2>\nPatpong es el barrio rojo m\u00e1s antiguo de Bangkok. Se puede llegar en MRT y salir en la estaci\u00f3n de Silom o Sala Daeng BTS.\n\nEncontrar\u00e1s un gran n\u00famero de tiendas de masajes y chicas dispuestas a satisfacer tus peticiones carnales.\n\nAunque la chica de masajes media de Silom no es tan atractiva como las de Sukhumvit, a mucha gente le sigue pareciendo un lugar que merece la pena.\n\n\u00bfVa a Pattaya? Averig\u00fce d\u00f3nde <a href=\"https:\/\/afarangabroad.com\/es\/masajes-con-final-feliz-pattaya\/\">masajes con final feliz en Pattaya<\/a> y d\u00f3nde reunirse <a href=\"https:\/\/afarangabroad.com\/es\/pattaya-autonomos\/\">prostitutas en Pattaya<\/a>.\n\n\u00bfQu\u00e9 tal si te das un paseo a lo largo de Surawong road y Silom road y ver lo que el lugar tiene para ofrecer. 90% de Silom masaje sexual se encuentran a lo largo de estas dos calles.\n\nPara los gays, Boyz town situado al otro lado de la calle es el lugar para acotar su b\u00fasqueda\n<h2>Precios de masajes y masajes sexuales en Silom<\/h2>\nAhora que ya sabes d\u00f3nde encontrar masajes con final feliz en Silom, probablemente necesites saber cu\u00e1nto te va a costar.\n\nHay dos precios distintos para los masajes Silom.\n\nUno es el precio fijo por men\u00fa de servicios y el otro el precio del masaje sexual (paja, sexo y mamada) que se acuerda por separado con la chica tailandesa.\n\nNormalmente, todos los masajes empiezan con un masaje \"normal\" y media hora despu\u00e9s, o cuando la tailandesa lea que tienes una erecci\u00f3n, te preguntar\u00e1 al o\u00eddo: \"\u00bfQuieres algo especial?\". Puedes elegir aceptar o declinar.\n\n<img loading=\"lazy\" decoding=\"async\" class=\"aligncenter size-full wp-image-9528\" src=\"https:\/\/afarangabroad.com\/wp-content\/uploads\/2018\/04\/Sliom-girls.jpg\" alt=\"\" width=\"640\" height=\"480\" srcset=\"https:\/\/afarangabroad.com\/wp-content\/uploads\/2018\/04\/Sliom-girls.jpg 640w, https:\/\/afarangabroad.com\/wp-content\/uploads\/2018\/04\/Sliom-girls-300x225.jpg 300w\" sizes=\"(max-width: 640px) 100vw, 640px\" \/>\n\nTengo que admitir que cuesta mucho esfuerzo rechazar la oferta. Adem\u00e1s, estas masajistas saben c\u00f3mo hacerte sentir taca\u00f1o si dices que no.\n<h3>\u00a0Precios est\u00e1ndar para masajes y extras:<\/h3>\n<strong>Masaje tailand\u00e9s @ 200 Baht<\/strong>\n\nEntre los masajes normales. Consiste en realizar estiramientos pasivos y aplicar suavemente presi\u00f3n sobre el cuerpo del cliente para liberar la tensi\u00f3n muscular.\n\n<strong>Masaje con aceite @ 300 Baht<\/strong>\n\nExiste una amplia gama de masajes con aceite, pero en nuestro caso se trata de masajes con aceite. Sencillo pero er\u00f3tico.\n\n<strong>Paja # 500 Baht<\/strong>\n\nCoste adicional por paja como extras\n\n<strong>Mamada @ 700- 800 Baht<\/strong>\n\nCoste de la mamada s\u00f3lo, como extras. Haga clic aqu\u00ed para conocer los mejores <a href=\"https:\/\/afarangabroad.com\/es\/bares-de-mamadas-en-bangkok\/\">Bangkok bares de mamadas<\/a>.\n\n<strong>Sexo @ 1.000- 1.500 baht<\/strong>\n\nCoste del sexo s\u00f3lo como extras\n\nCosas a tener en cuenta:\n<ul>\n \t<li>Las cifras anteriores son estimaciones. Algunas chicas cuestan m\u00e1s, o consiguen convencerte de que es as\u00ed.<\/li>\n \t<li>Aunque puede que est\u00e9s deseando explotar, no todas las chicas de estos salones de masajes sexuales est\u00e1n dispuestas a chup\u00e1rtela o a saltar y cabalgar hasta la puesta de sol, as\u00ed que no te pases con la petici\u00f3n.<\/li>\n<\/ul>\nEntonces, \u00bfcu\u00e1l es el truco en estas situaciones? Puedes elegir fluir con ella. Si te lo pide, bien. Si no, preg\u00fantale educadamente. Intentarlo no te har\u00e1 da\u00f1o.\n\nEn caso de que la chica de masaje tailand\u00e9s no est\u00e9 dispuesta a ofrecer extras espec\u00edficos, simplemente dir\u00e1 \"no me gusta\" o \"no puede, mai daai\", lo que significa que eso no est\u00e1 permitido en el sal\u00f3n.\n\nAcabo de sentir que estoy tirando agua fr\u00eda sobre usted as\u00ed que aqu\u00ed hay algo para disparar su mojo de nuevo. Si entras en un sal\u00f3n de masajes de Silom que ofrezca un final feliz, obtendr\u00e1s al menos un extra. En la mayor\u00eda de los casos, es una paja. Otros extras son sorpresas.\n<h3>Disfrute de su masaje sexual<\/h3>\nHay muchas formas de divertirse con chicas tailandesas, y el masaje sexual es una de ellas. Con la mayor\u00eda de los principiantes gira sexo nunca es natural teniendo en cuenta la industria del sexo son una cosa submundo en muchos pa\u00edses.\n\nEnfrentarse a las cosas con una mente abierta es la clave. S\u00e9 m\u00e1s extrovertido y con el tiempo encontrar\u00e1s una chica que valga tu tiempo y tu dinero.\n\nSi todav\u00eda te resulta dif\u00edcil tener un masaje sexual en cualquiera de los salones de Silom, a continuaci\u00f3n, utilizar Cupido tailand\u00e9s para conocer chicas. Al cabo de un tiempo, p\u00eddeles que vayan a tu hotel.\n\nPor \u00faltimo, la mayor\u00eda de las chicas de la industria del sexo est\u00e1n ah\u00ed por dinero. Esto significa que algunas est\u00e1n dispuestas a mantener relaciones sexuales sin protecci\u00f3n si les ofreces m\u00e1s dinero. Para los sabios, el riesgo nunca merece la pena.\n\nSin embargo, si conoces a una <a href=\"https:\/\/afarangabroad.com\/es\/thai-dating-sites\/\">buena chica en Thai Cupid<\/a> y hazte la prueba adelante y disfruta.\n\nEl masaje Silom es uno de los mejores. Mientras que usted planea visitar los balnearios de masajes sexuales, no se olvide de probar las chicas go-go, <a href=\"https:\/\/afarangabroad.com\/es\/5-maneras-de-parar-a-las-chicas-de-bar-tailandesas\/\">Thai bares chicas<\/a>chicas de discoteca o aut\u00f3nomas en Silom. Divi\u00e9rtete.\n\nLectura relacionada: descubre d\u00f3nde conseguir <a href=\"https:\/\/afarangabroad.com\/es\/bares-de-mamadas-en-bangkok\/\">mamadas en Bangkok<\/a> y el <a href=\"https:\/\/afarangabroad.com\/es\/club-de-caballeros-bangkok\/\">los mejores clubes G de Bangkok<\/a>.\n\nSi desea obtener\u00a0<strong>acostarse gratis en Tailandia gratis<\/strong>\u00a0<a title=\"Usando Thai Friendly para encontrar una novia tailandesa\" href=\"https:\/\/afarangabroad.com\/es\/thai-cupid-dating-site\/\" target=\"_blank\" rel=\"noopener noreferrer\">consulte este art\u00edculo<\/a>.<a href=\"https:\/\/afarangabroad.com\/es\/thai-cupid-dating-site\/\" target=\"_blank\" rel=\"noopener noreferrer\"><img loading=\"lazy\" decoding=\"async\" class=\"aligncenter wp-image-7259 size-large\" src=\"https:\/\/afarangabroad.com\/wp-content\/uploads\/2016\/06\/Meet-Thai-girls1-1024x691.png\" sizes=\"(max-width: 678px) 100vw, 678px\" srcset=\"https:\/\/afarangabroad.com\/wp-content\/uploads\/2016\/06\/Meet-Thai-girls1-1024x691.png 1024w, https:\/\/afarangabroad.com\/wp-content\/uploads\/2016\/06\/Meet-Thai-girls1-300x202.png 300w, https:\/\/afarangabroad.com\/wp-content\/uploads\/2016\/06\/Meet-Thai-girls1-720x486.png 720w, https:\/\/afarangabroad.com\/wp-content\/uploads\/2016\/06\/Meet-Thai-girls1.png 1038w\" alt=\"Conocer chicas tailandesas\" width=\"678\" height=\"458\" \/><\/a>","protected":false},"excerpt":{"rendered":"<p>En este art\u00edculo aprender\u00e1s d\u00f3nde conseguir masajes sexuales en Silom. Silom es una zona de Tailandia con personalidades bipolares: un centro financiero durante el d\u00eda y un centro sexual cuando oscurece. Hablemos del masaje Silom, un masaje er\u00f3tico que ofrece satisfacci\u00f3n mental, f\u00edsica y sexual. Si quiere echar un polvo gratis [...]<\/p>","protected":false},"author":2,"featured_media":9527,"parent":0,"menu_order":0,"comment_status":"open","ping_status":"open","template":"","meta":{"_exactmetrics_skip_tracking":false,"_exactmetrics_sitenote_active":false,"_exactmetrics_sitenote_note":"","_exactmetrics_sitenote_category":0,"footnotes":""},"categories":[298],"tags":[],"class_list":["post-9469","page","type-page","status-publish","has-post-thumbnail","hentry","category-bangkok-nightlife"],"yoast_head":"<!-- This site is optimized with the Yoast SEO plugin v20.1 - https:\/\/yoast.com\/wordpress\/plugins\/seo\/ -->\n<title>7 Best sex massages in Silom - A Farang Abroad<\/title>\n<meta name=\"description\" content=\"In this article, I&#039;ll show you where to get the best Silom sex massages, and list prices and all the services you can ask for. This will be the only guide you&#039;ll need to read.\" \/>\n<meta name=\"robots\" content=\"index, follow, max-snippet:-1, max-image-preview:large, max-video-preview:-1\" \/>\n<link rel=\"canonical\" href=\"https:\/\/afarangabroad.com\/es\/masajes-sexuales-en-silom\/\" \/>\n<meta property=\"og:locale\" content=\"es_ES\" \/>\n<meta property=\"og:type\" content=\"article\" \/>\n<meta property=\"og:title\" content=\"7 Best sex massages in Silom - A Farang Abroad\" \/>\n<meta property=\"og:description\" content=\"In this article, I&#039;ll show you where to get the best Silom sex massages, and list prices and all the services you can ask for. This will be the only guide you&#039;ll need to read.\" \/>\n<meta property=\"og:url\" content=\"https:\/\/afarangabroad.com\/es\/masajes-sexuales-en-silom\/\" \/>\n<meta property=\"og:site_name\" content=\"A Farang Abroad\" \/>\n<meta property=\"article:modified_time\" content=\"2023-12-12T03:48:23+00:00\" \/>\n<meta property=\"og:image\" content=\"https:\/\/afarangabroad.com\/wp-content\/uploads\/2018\/04\/Silom-Sex-massages.jpg\" \/>\n\t<meta property=\"og:image:width\" content=\"640\" \/>\n\t<meta property=\"og:image:height\" content=\"427\" \/>\n\t<meta property=\"og:image:type\" content=\"image\/jpeg\" \/>\n<meta name=\"twitter:label1\" content=\"Tiempo de lectura\" \/>\n\t<meta name=\"twitter:data1\" content=\"9 minutos\" \/>\n<script type=\"application\/ld+json\" class=\"yoast-schema-graph\">{\"@context\":\"https:\/\/schema.org\",\"@graph\":[{\"@type\":\"WebPage\",\"@id\":\"https:\/\/afarangabroad.com\/sex-massages-in-silom\/\",\"url\":\"https:\/\/afarangabroad.com\/sex-massages-in-silom\/\",\"name\":\"7 Best sex massages in Silom - A Farang Abroad\",\"isPartOf\":{\"@id\":\"https:\/\/afarangabroad.com\/#website\"},\"datePublished\":\"2018-03-22T08:26:30+00:00\",\"dateModified\":\"2023-12-12T03:48:23+00:00\",\"description\":\"In this article, I'll show you where to get the best Silom sex massages, and list prices and all the services you can ask for. This will be the only guide you'll need to read.\",\"breadcrumb\":{\"@id\":\"https:\/\/afarangabroad.com\/sex-massages-in-silom\/#breadcrumb\"},\"inLanguage\":\"es\",\"potentialAction\":[{\"@type\":\"ReadAction\",\"target\":[\"https:\/\/afarangabroad.com\/sex-massages-in-silom\/\"]}]},{\"@type\":\"BreadcrumbList\",\"@id\":\"https:\/\/afarangabroad.com\/sex-massages-in-silom\/#breadcrumb\",\"itemListElement\":[{\"@type\":\"ListItem\",\"position\":1,\"name\":\"Home\",\"item\":\"https:\/\/afarangabroad.com\/\"},{\"@type\":\"ListItem\",\"position\":2,\"name\":\"7 Best sex massages in Silom\"}]},{\"@type\":\"WebSite\",\"@id\":\"https:\/\/afarangabroad.com\/#website\",\"url\":\"https:\/\/afarangabroad.com\/\",\"name\":\"A Farang Abroad\",\"description\":\"Your secret guide to Asia&#039;s sexiest nightlife.\",\"potentialAction\":[{\"@type\":\"SearchAction\",\"target\":{\"@type\":\"EntryPoint\",\"urlTemplate\":\"https:\/\/afarangabroad.com\/?s={search_term_string}\"},\"query-input\":\"required name=search_term_string\"}],\"inLanguage\":\"es\"}]}<\/script>\n<!-- \/ Yoast SEO plugin. -->","yoast_head_json":{"title":"7 Best sex massages in Silom - A Farang Abroad","description":"In this article, I'll show you where to get the best Silom sex massages, and list prices and all the services you can ask for. This will be the only guide you'll need to read.","robots":{"index":"index","follow":"follow","max-snippet":"max-snippet:-1","max-image-preview":"max-image-preview:large","max-video-preview":"max-video-preview:-1"},"canonical":"https:\/\/afarangabroad.com\/es\/masajes-sexuales-en-silom\/","og_locale":"es_ES","og_type":"article","og_title":"7 Best sex massages in Silom - A Farang Abroad","og_description":"In this article, I'll show you where to get the best Silom sex massages, and list prices and all the services you can ask for. This will be the only guide you'll need to read.","og_url":"https:\/\/afarangabroad.com\/es\/masajes-sexuales-en-silom\/","og_site_name":"A Farang Abroad","article_modified_time":"2023-12-12T03:48:23+00:00","og_image":[{"width":"640","height":"427","url":"https:\/\/afarangabroad.com\/wp-content\/uploads\/2018\/04\/Silom-Sex-massages.jpg","type":"image\/jpeg"}],"twitter_misc":{"Tiempo de lectura":"9 minutos"},"schema":{"@context":"https:\/\/schema.org","@graph":[{"@type":"WebPage","@id":"https:\/\/afarangabroad.com\/sex-massages-in-silom\/","url":"https:\/\/afarangabroad.com\/sex-massages-in-silom\/","name":"7 Best sex massages in Silom - A Farang Abroad","isPartOf":{"@id":"https:\/\/afarangabroad.com\/#website"},"datePublished":"2018-03-22T08:26:30+00:00","dateModified":"2023-12-12T03:48:23+00:00","description":"In this article, I'll show you where to get the best Silom sex massages, and list prices and all the services you can ask for. This will be the only guide you'll need to read.","breadcrumb":{"@id":"https:\/\/afarangabroad.com\/sex-massages-in-silom\/#breadcrumb"},"inLanguage":"es","potentialAction":[{"@type":"ReadAction","target":["https:\/\/afarangabroad.com\/sex-massages-in-silom\/"]}]},{"@type":"BreadcrumbList","@id":"https:\/\/afarangabroad.com\/sex-massages-in-silom\/#breadcrumb","itemListElement":[{"@type":"ListItem","position":1,"name":"Home","item":"https:\/\/afarangabroad.com\/"},{"@type":"ListItem","position":2,"name":"7 Best sex massages in Silom"}]},{"@type":"WebSite","@id":"https:\/\/afarangabroad.com\/#website","url":"https:\/\/afarangabroad.com\/","name":"A Farang Abroad","description":"Your secret guide to Asia&#039;s sexiest nightlife.","potentialAction":[{"@type":"SearchAction","target":{"@type":"EntryPoint","urlTemplate":"https:\/\/afarangabroad.com\/?s={search_term_string}"},"query-input":"required name=search_term_string"}],"inLanguage":"es"}]}},"_links":{"self":[{"href":"https:\/\/afarangabroad.com\/es\/wp-json\/wp\/v2\/pages\/9469"}],"collection":[{"href":"https:\/\/afarangabroad.com\/es\/wp-json\/wp\/v2\/pages"}],"about":[{"href":"https:\/\/afarangabroad.com\/es\/wp-json\/wp\/v2\/types\/page"}],"author":[{"embeddable":true,"href":"https:\/\/afarangabroad.com\/es\/wp-json\/wp\/v2\/users\/2"}],"replies":[{"embeddable":true,"href":"https:\/\/afarangabroad.com\/es\/wp-json\/wp\/v2\/comments?post=9469"}],"version-history":[{"count":4,"href":"https:\/\/afarangabroad.com\/es\/wp-json\/wp\/v2\/pages\/9469\/revisions"}],"predecessor-version":[{"id":513424,"href":"https:\/\/afarangabroad.com\/es\/wp-json\/wp\/v2\/pages\/9469\/revisions\/513424"}],"wp:featuredmedia":[{"embeddable":true,"href":"https:\/\/afarangabroad.com\/es\/wp-json\/wp\/v2\/media\/9527"}],"wp:attachment":[{"href":"https:\/\/afarangabroad.com\/es\/wp-json\/wp\/v2\/media?parent=9469"}],"wp:term":[{"taxonomy":"category","embeddable":true,"href":"https:\/\/afarangabroad.com\/es\/wp-json\/wp\/v2\/categories?post=9469"},{"taxonomy":"post_tag","embeddable":true,"href":"https:\/\/afarangabroad.com\/es\/wp-json\/wp\/v2\/tags?post=9469"}],"curies":[{"name":"wp","href":"https:\/\/api.w.org\/{rel}","templated":true}]}}