{"id":9511,"date":"2018-03-30T10:17:22","date_gmt":"2018-03-30T09:17:22","guid":{"rendered":"https:\/\/afarangabroad.com\/?p=9511"},"modified":"2024-10-16T06:19:36","modified_gmt":"2024-10-16T05:19:36","slug":"sandwich-massage-bangkok","status":"publish","type":"page","link":"https:\/\/afarangabroad.com\/es\/masaje-sandwich-bangkok\/","title":{"rendered":"Los mejores masajes con bocadillos de Bangkok"},"content":{"rendered":"In this article you will learn where to get the best sandwich massages in Bangkok.\n\nWhile there are many types of massage, one of the most pleasurable is the sandwich massage.\n\nIf you want to get\u00a0<strong>acostarse gratis en Tailandia gratis<\/strong>\u00a0<a title=\"Usando Thai Friendly para encontrar una novia tailandesa\" href=\"https:\/\/afarangabroad.com\/es\/thai-cupid-dating-site\/\" target=\"_blank\" rel=\"noopener noreferrer\">consulte este art\u00edculo<\/a>.<a href=\"https:\/\/afarangabroad.com\/es\/thai-cupid-dating-site\/\" target=\"_blank\" rel=\"noopener noreferrer\"><img loading=\"lazy\" decoding=\"async\" class=\"aligncenter wp-image-7259 size-large\" src=\"https:\/\/afarangabroad.com\/wp-content\/uploads\/2016\/06\/Meet-Thai-girls1-1024x691.png\" sizes=\"(max-width: 678px) 100vw, 678px\" srcset=\"https:\/\/afarangabroad.com\/wp-content\/uploads\/2016\/06\/Meet-Thai-girls1-1024x691.png 1024w, https:\/\/afarangabroad.com\/wp-content\/uploads\/2016\/06\/Meet-Thai-girls1-300x202.png 300w, https:\/\/afarangabroad.com\/wp-content\/uploads\/2016\/06\/Meet-Thai-girls1-720x486.png 720w, https:\/\/afarangabroad.com\/wp-content\/uploads\/2016\/06\/Meet-Thai-girls1.png 1038w\" alt=\"Conocer chicas tailandesas\" width=\"678\" height=\"458\" \/><\/a>\n\nLa mayor\u00eda de la gente, sobre todo los extranjeros, no entienden lo que ocurre en <a href=\"https:\/\/afarangabroad.com\/es\/masaje-jabonoso-bangkok\/\">Salones de masajes tailandeses enjabonados.<\/a>\n\nThis explains their popularity with bars girls in Bangkok who make their sex business obvious.\n\nIf you want something out of ordinary, hygienic and very pleasurable, then you need to read this article.\n\nBefore anything, let me bring you up to speed on what happens once you walk a Bangkok parlour offering sandwich massages.\n\nYou will walk through the entrance of the parlour and take a sit in front of a \u2018fishbowl.\u2019 Note that there are no girls paraded outside like in go-go bars.\n\nAlso if you are keen on knowing where to get weed in BKK, be sure to <strong>suscr\u00edbase a<\/strong> to the channel below:\n\nhttps:\/\/youtu.be\/j0HbIHjnG5g\n<h2 class=\"wp-embed-aspect-4-3 wp-has-aspect-ratio\">Body Bliss Masaje Bangkok<\/h2>\n<h2><!-- \/wp:heading --> <!-- wp:paragraph {\"className\":\"wp-embed-aspect-4-3 wp-has-aspect-ratio\"} --><\/h2>\n<p class=\"wp-embed-aspect-4-3 wp-has-aspect-ratio\">Body Bliss Massage es un nuevo pero muy buen servicio de masajes a domicilio donde se puede conseguir handjobs en Bangkok. Ofrecen servicios tanto para hombres como para mujeres.<\/p>\n<a href=\"https:\/\/bodyblissbangkok.com\/\" target=\"_blank\" rel=\"nofollow noopener\"><img loading=\"lazy\" decoding=\"async\" class=\"aligncenter  wp-image-513386\" src=\"https:\/\/afarangabroad.com\/wp-content\/uploads\/2023\/12\/body-bliss-massage-575x1024.jpg\" alt=\"masaje body bliss\" width=\"275\" height=\"490\" srcset=\"https:\/\/afarangabroad.com\/wp-content\/uploads\/2023\/12\/body-bliss-massage-575x1024.jpg 575w, https:\/\/afarangabroad.com\/wp-content\/uploads\/2023\/12\/body-bliss-massage-168x300.jpg 168w, https:\/\/afarangabroad.com\/wp-content\/uploads\/2023\/12\/body-bliss-massage-768x1368.jpg 768w, https:\/\/afarangabroad.com\/wp-content\/uploads\/2023\/12\/body-bliss-massage-862x1536.jpg 862w, https:\/\/afarangabroad.com\/wp-content\/uploads\/2023\/12\/body-bliss-massage.jpg 904w\" sizes=\"(max-width: 275px) 100vw, 275px\" \/><\/a>\n<h2><!-- \/wp:paragraph -->\n<p class=\"wp-embed-aspect-4-3 wp-has-aspect-ratio\">Tienen una gama de masajes incluyendo jabonosa y pr\u00f3stata . Usted puede ver todas sus chicas, pero visitando su sitio web en <a href=\"http:\/\/www.bodyblissbangkok.com\/\" target=\"_blank\" rel=\"nofollow noopener noreferrer\">BodyBlissBangkok.com<\/a><\/p>\n\n<h2><\/h2>\n<iframe loading=\"lazy\" title=\"Sukhumvit Soi 22 - La calle de los masajes de Bangkok\" width=\"678\" height=\"381\" src=\"https:\/\/www.youtube.com\/embed\/ZyzoOJppr1E?feature=oembed\" frameborder=\"0\" allow=\"accelerometer; autoplay; clipboard-write; encrypted-media; gyroscope; picture-in-picture; web-share\" referrerpolicy=\"strict-origin-when-cross-origin\" allowfullscreen><\/iframe>\n\nA fishbowl is where the massage babes sit for display waiting to be selected by customers, now you. Order a beer and slowly make up your choice.\n\nYou can even move close to the glass just to be sure. Do not be shy. If you are overwhelmed, you can get assistant from the Papasan or mamasan.\n\nUsually, the girls have number tags attached to their clothes for easier identification.\u00a0 They are also categorised into two, three or four groups.\n\nOne category has girls over 30 plus average looking Thai girls. Another one has the slim, attractive ones with a higher price tag. The most expensive ones are in the model category.\n\nOnce you have decided on your two Thai cuties, beckon the manager and tell him\/her the numbers. The girls will be brought to you, and you could choose to buy them a drink and have a small talk.\n\n<em><strong>Relacionado<\/strong><\/em>D\u00f3nde reunirse <a href=\"https:\/\/afarangabroad.com\/es\/5-maneras-de-parar-a-las-chicas-de-bar-tailandesas\/\">Chicas de bar tailandesas<\/a>\u00a0y\u00a0<a href=\"https:\/\/afarangabroad.com\/es\/2015\/03\/thai-hookers\/\">Prostitutas callejeras tailandesas<\/a>.\n\nAfter settling the bill, the girls will get towels, soap, and condom then escort you to the private room. In the room, the girls will undress and help you do the same.\n\nOnce naked, the three of you will hop into a bathtub, and they will wash you from head to toe with more focus in the groin. The beautiful girls will then dry you and apply your entire body with oil. They will do the same on theirs, seductively as you watch.\n\nOnce on the spacious mattress, the girls will give your back and neck a massage. This does not go on for long, usually less than 20 minutes for a one and half hour massage session.\n\nThen comes the best part. These two hot Thai babes will start sucking your nipples as they caress other erotic body parts. They will put you in the middle and sandwich you.\n\nIt\u2019s at this part that you start feeling in heaven. When the girls see you are fully aroused, they will put you a condom and have sex with you.\n\nAt this point, you are free to take control and dump the passive character. Take your time and have fun as long as there is time. If you do it right, the babes might want a second round with you.\n\nAfter that, the girls will take you to the shower and wash you clean. Dress and follow the girls back to the lobby.\n<h2>Acompa\u00f1antes Smooci en Bangkok<\/h2>\nIf you&#8217;re looking for an escort service in Bangkok, the best one I have ever used is Smooci.\n\nThey are online 24\/7, have dozens of girls to choose from with their prices and even reviews.<a href=\"https:\/\/smooci.com\/tokyo?search&amp;utm_source=afarang-TKY-disc-ban\" target=\"_blank\" rel=\"noopener noreferrer\"><img loading=\"lazy\" decoding=\"async\" class=\"aligncenter wp-image-512712\" src=\"https:\/\/afarangabroad.com\/wp-content\/uploads\/2020\/08\/new-smooci-banner-300x75.gif\" alt=\"\" width=\"456\" height=\"114\" srcset=\"https:\/\/afarangabroad.com\/wp-content\/uploads\/2020\/08\/new-smooci-banner-300x75.gif 300w, https:\/\/afarangabroad.com\/wp-content\/uploads\/2020\/08\/new-smooci-banner-768x192.gif 768w\" sizes=\"(max-width: 456px) 100vw, 456px\" \/><\/a>\n\nSmooci is well known by expats and businessmen, if you\u2019re looking for a discreet escort without the stress and no chance of being scammed, Smooci is the best place to contact. You can learn more by checking out their website: <a href=\"https:\/\/smooci.com\/bangkok?search&amp;utm_source=afarang-bkk-disc-ban\" target=\"_blank\" rel=\"nofollow noopener noreferrer\">www.Smooci.com<\/a>\n<h2>\u00bfCu\u00e1nto cuesta un masaje en s\u00e1ndwich en Bangkok?<\/h2>\nHay varios factores en juego a la hora de responder a esta pregunta. Esto hace que el coste del masaje var\u00ede de un establecimiento a otro. Uno es la clase del sal\u00f3n y el otro y m\u00e1s importante, el tipo de chica.\n<h2>Hay 3 tipos de chicas en los salones de masaje de Bangkok.<\/h2>\n<strong>Chicas pecera<\/strong>: these are the Thai girls sitting in the fishbowl.\u00a0 They are employees of the parlour and report to work in shift. For a massage, you will have to pay an average of between 1,500 and 2000 baht, each.\n\n<strong>Las chicas de la banda:<\/strong> No son empleadas del locutorio, por lo que van y vienen a su libre albedr\u00edo. La mayor\u00eda de las chicas de esta categor\u00eda son j\u00f3venes y atractivas, de entre 18 y 22 a\u00f1os. Por eso, cuestan m\u00e1s entre 2.500 baht y 5.000 baht, cada una.\n\n<em>Lecturas relacionadas<\/em>: averig\u00fce d\u00f3nde conseguir un <a href=\"https:\/\/afarangabroad.com\/es\/masaje-nuru-bangkok\/\">masaje nuru en Bangkok<\/a> o inf\u00f3rmese de cu\u00e1nto cuesta <a href=\"https:\/\/afarangabroad.com\/es\/prostitucion-en-bangkok\/\">Bangkok prostituta<\/a> casa.\n\n<strong>Modelos:<\/strong> this term does not mean a photo model for magazines, no. It means she is the tallest, thin and youngest woman working at the sandwich massage parlour.\u00a0 For girls in this category, you will have to part with between 3,000 -7,000 baht, each.\n\nAfter the massage, you can give a couple of hundred baht to the girls as a tip if you loved their service. However, this is not compulsory.\n\nHere is a guide on the best streets plus parlours to get a sandwich massage in Bangkok. The listed massage salons are all highly recommended.\n\n<em>Relacionado: <a href=\"https:\/\/afarangabroad.com\/es\/masajes-felices-bangkok\/\" target=\"_blank\" rel=\"noopener noreferrer\">masajes con final feliz en Bangkok<\/a><\/em>\n<h2>Sukhumvit Soi 4 y Soi 5<\/h2>\nEstas calles son bien conocidas por los turistas sexuales y sexpats que visitan el <a href=\"https:\/\/afarangabroad.com\/es\/2015\/01\/never-visit-soi-cowboy-nana-plaza\/\" target=\"_blank\" rel=\"noopener noreferrer\">Plaza Nana<\/a>. Puede encontrar un grupo de salones de masajes que ofrecen final feliz cerca de Foodland. Tambi\u00e9n puede encontrar una docena de bares de cerveza y go-go bares en esta \u00e1rea.\n<h3>Annie masaje jabonoso<\/h3>\nAnnies es uno de los masajes s\u00e1ndwich m\u00e1s populares de Bangkok. Durante las horas de pico hay m\u00e1s de 80 t\u00edas buenas tailandesas, muy conocidas por su alta menudencia sexual. Tambi\u00e9n ofrecen servicios para llevar por 5000 baht. Los precios son fijos.\n<ul>\n \t<li><em>Ubicaci\u00f3n: cerca de Nana Plaza<\/em><\/li>\n \t<li><em>Open hours: 11 AM \u2013 12 AM<\/em><\/li>\n \t<li><em>Coste: 3000 baht por chica \/ 2hr de masaje<\/em><\/li>\n \t<li><em>C\u00f3mo llegar: Estaci\u00f3n Nana Plaza BTS<\/em><\/li>\n \t<li><em>Llame al +66 2 251 5680<\/em><\/li>\n<\/ul>\n<h3>Masaje Utop\u00eda<\/h3>\nUtopia cuenta con una rica clientela asi\u00e1tica, por lo que cabe esperar que los masajes sean de primera categor\u00eda.\n<ul>\n \t<li><em>Ubicaci\u00f3n: Rama 9<\/em><\/li>\n \t<li><em>Gama de precios: 3600 a 47 baht por chica, a los extranjeros se les cobra un recargo de entre 600 y 1200 baht \/ 1,5 h.<\/em><\/li>\n \t<li><em>Llame al +66 2 354 1300<\/em><\/li>\n \t<li><em>Otros servicios ofrecidos: bar, karaoke, zona de descanso<\/em><\/li>\n<\/ul>\n<h3>Masaje Victoria Secret<\/h3>\nEncontrar\u00e1s m\u00e1s de 40 chicas durante el fin de semana. Te sugiero que vayas con las chicas de la banda, ya que las otras son un poco duras, sobre todo para los principiantes.\n<ul>\n \t<li><em>Ubicaci\u00f3n: 555, Soi Vijai 4, Din Daeng<\/em><\/li>\n \t<li><em>Open hours: 9 AM \u2013 5 PM<\/em><\/li>\n \t<li><em>Rango de precios: 1700 a 5500 baht por chica<\/em><\/li>\n \t<li><em>Otros servicios ofrecidos: billar, restaurante, karaoke y sal\u00f3n.<\/em><\/li>\n<\/ul>\n<h2>Soi 21<\/h2>\nEl mejor sal\u00f3n de masajes aqu\u00ed es Emmanuelle massage. Las chicas aqu\u00ed son m\u00e1s j\u00f3venes y atractivas en comparaci\u00f3n con otras zonas. Emmanuelle tambi\u00e9n ofrece membres\u00eda a los interesados.\n<ul>\n \t<li><em>Ubicaci\u00f3n: 55 Ratchadapisek Rd, Huaykhjwang. Cerca del Hotel Emerald.<\/em><\/li>\n \t<li><em>Gama de precios: 1900 -6100 baht<\/em><\/li>\n \t<li><em>C\u00f3mo llegar: Estaci\u00f3n Huai Kwang BTS<\/em><\/li>\n<\/ul>\n<h2>Sukhumvit Soi 22<\/h2>\nYou can find dozens of massage salons along Soi 22. One that offers extraordinary massage is Poseidon Entertainment Complex.\n\nOf late Poseidon has reduced the number of girls to focus on quality. This makes most of their of girls premium quality.\n<ul>\n \t<li><em>Ubicaci\u00f3n: 209 Ratchadaphisek Rd, Din Daeng<\/em><\/li>\n \t<li><em>Rango de precios: 2200- 2600 baht por 2 horas con la chica de compa\u00f1\u00eda. Las chicas modelo van desde los 3000 baht hasta los 6000 baht.<\/em><\/li>\n \t<li><em>Las chicas del ex-centro penitenciario cuestan 6000 baht durante 60 minutos<\/em><\/li>\n \t<li><em>C\u00f3mo llegar: Estaci\u00f3n Sutthisan BTS<\/em><\/li>\n<\/ul>\n<h2>Soi 11 y 13<\/h2>\nAqu\u00ed encontrar\u00e1 un par de masajes con final feliz. Sin embargo, la mayor\u00eda ofrecen <a href=\"https:\/\/afarangabroad.com\/es\/bares-de-mamadas-en-bangkok\/\" target=\"_blank\" rel=\"noopener noreferrer\">Bangkok mamadas<\/a> y pajas. De todos modos hay una pareja que ofrece masajes sandwich en Bangkok as\u00ed que compru\u00e9balo.\n<h2>Sukhumvit Soi 33<\/h2>\nIf you want to get sandwiched by Japanese girls, this is your street. Most of these girls are young, cute and more hospitable compared to local Thai girls. The sandwich massage here is quite busy during the weekend.\n\nI suggest you visit the place on a weekday afternoon. It\u2019s less crowded, and you can get serviced by the hottest babes.\n<h2>Sukhumvit Soi 24 \/1<\/h2>\nMost of the sandwich massage in Bangkok here also target Japanese customers. Don\u2019t get mistaken as you will find other farangs too.\n\nOne advantage of the parlors here is the price. While the girls are not the best in town, you only need to part with 2000 baht for a 1 hour plus massage.\n\nOn less busy days you can pop in and see the girls as you sip the beer without having to get the massage.\n\nYou can also find several Bangkok nuru massages in this area.\n<h2>Patpong<\/h2>\nHay un par de masajes decentes en <a href=\"http:\/\/www.bangkok.com\/shopping-market\/patpong-night-market.htm\" target=\"_blank\" rel=\"nofollow noopener noreferrer\">Patpong<\/a>. If you ask any farang in the area, most are after the beer bar girls, ladyboys or having fun in gay bars.\n\nBecause of fewer customers, most of the girls here are not the most attractive in Bangkok. In fact, only a couple qualify to be in the model category.\n\nIf you are after quality service and a more decent establishment, then I suggest you try ones in Sukhumvit.\n\nHowever, if your hotel is near these massage in Bangkok don\u2019t hesitate to pay a visit. To find the parlor, narrow your search along Silom and Surawong Road.\n<h2>Bang Rak, Huai Kwang, Ratchaprarop<\/h2>\nEstas tres zonas son menos populares entre los farangs debido a su ubicaci\u00f3n. A pesar de estar fuera del centro de la ciudad, desde estas calles se puede encontrar un masaje s\u00e1ndwich de calidad en Bangkok:\n<h3>Soi Charoen Krung 42<\/h3>\nC\u00f3mo llegar: Saphan Taksin BTS\n<h3>Ratchaprarop Soi 8<\/h3>\nC\u00f3mo llegar: Estaci\u00f3n de enlace con el aeropuerto de Ratchapraro\n<h3>Carretera Pracha Rat Bamphen<\/h3>\nC\u00f3mo llegar: Estaci\u00f3n de MRT Huai Kwang\n<h3>Carretera de Khao San<\/h3>\nPara j\u00f3venes mochileros, <a href=\"https:\/\/onestep4ward.com\/the-good-the-bad-and-the-ugly-of-khao-san-road-bangkok\/\" target=\"_blank\" rel=\"nofollow noopener noreferrer\">Carretera de Khao San<\/a> has plenty of places with Thai massage. I hear rumors of a couple of places offering sandwich massage in discreet so if you are experienced one here, tell us how it was and from which parlor.\n\nIf you enjoyed this article you may want to check out where to get <a href=\"https:\/\/afarangabroad.com\/es\/masajes-sexuales-en-silom\/\">masajes en Silom<\/a> o la gu\u00eda de <a href=\"https:\/\/afarangabroad.com\/es\/club-de-caballeros-bangkok\/\">Clubs de caballeros en Bangkok<\/a>.\n\nSi desea obtener\u00a0<strong>sexo en Tailandia gratis<\/strong>\u00a0<a title=\"Usando Thai Friendly para encontrar una novia tailandesa\" href=\"https:\/\/afarangabroad.com\/es\/thai-cupid-dating-site\/\" target=\"_blank\" rel=\"noopener noreferrer\">consulte este art\u00edculo<\/a>.<a href=\"https:\/\/afarangabroad.com\/es\/thai-cupid-dating-site\/\" target=\"_blank\" rel=\"noopener noreferrer\"><img loading=\"lazy\" decoding=\"async\" class=\"aligncenter wp-image-7259 size-large\" src=\"https:\/\/afarangabroad.com\/wp-content\/uploads\/2016\/06\/Meet-Thai-girls1-1024x691.png\" sizes=\"(max-width: 678px) 100vw, 678px\" srcset=\"https:\/\/afarangabroad.com\/wp-content\/uploads\/2016\/06\/Meet-Thai-girls1-1024x691.png 1024w, https:\/\/afarangabroad.com\/wp-content\/uploads\/2016\/06\/Meet-Thai-girls1-300x202.png 300w, https:\/\/afarangabroad.com\/wp-content\/uploads\/2016\/06\/Meet-Thai-girls1-720x486.png 720w, https:\/\/afarangabroad.com\/wp-content\/uploads\/2016\/06\/Meet-Thai-girls1.png 1038w\" alt=\"Conocer chicas tailandesas\" width=\"678\" height=\"458\" \/><\/a>\n\nAfter enjoying your sandwich massage don\u2019t call it a day. Check our other articles on <a href=\"https:\/\/afarangabroad.com\/es\/bangkok-clubbing-guide__trashed\/clubes-limpios-de-bangkok\/\" target=\"_blank\" rel=\"nofollow noopener noreferrer\">los mejores lugares para salir de noche en Bangkok\u00a0<\/a>Bangkok for more fun.\n\nWhere is your favourite sandwich massage in Bangkok?","protected":false},"excerpt":{"rendered":"<p>In this article you will learn where to get the best sandwich massages in Bangkok. While there are many types of massage, one of the most pleasurable is the sandwich massage. If you want to get\u00a0laid for free in Thailand for free\u00a0then check this article. Most people, especially foreigners do not understand what happens in [&hellip;]<\/p>","protected":false},"author":2,"featured_media":9484,"parent":0,"menu_order":0,"comment_status":"open","ping_status":"open","template":"","meta":{"_exactmetrics_skip_tracking":false,"_exactmetrics_sitenote_active":false,"_exactmetrics_sitenote_note":"","_exactmetrics_sitenote_category":0,"footnotes":""},"categories":[298],"tags":[59,196],"class_list":["post-9511","page","type-page","status-publish","has-post-thumbnail","hentry","category-bangkok-nightlife","tag-bangkok","tag-thai-girls"],"yoast_head":"<!-- This site is optimized with the Yoast SEO plugin v20.1 - https:\/\/yoast.com\/wordpress\/plugins\/seo\/ -->\n<title>Best Sandwich Massages in Bangkok - A Farang Abroad<\/title>\n<meta name=\"description\" content=\"In this article I&#039;ll show you where to get the best sandwich massages in Bangkok. You&#039;ll get locations to the massage shops and the price.\" \/>\n<meta name=\"robots\" content=\"index, follow, max-snippet:-1, max-image-preview:large, max-video-preview:-1\" \/>\n<link rel=\"canonical\" href=\"https:\/\/afarangabroad.com\/es\/masaje-sandwich-bangkok\/\" \/>\n<meta property=\"og:locale\" content=\"es_ES\" \/>\n<meta property=\"og:type\" content=\"article\" \/>\n<meta property=\"og:title\" content=\"Best Sandwich Massages in Bangkok - A Farang Abroad\" \/>\n<meta property=\"og:description\" content=\"In this article I&#039;ll show you where to get the best sandwich massages in Bangkok. You&#039;ll get locations to the massage shops and the price.\" \/>\n<meta property=\"og:url\" content=\"https:\/\/afarangabroad.com\/es\/masaje-sandwich-bangkok\/\" \/>\n<meta property=\"og:site_name\" content=\"A Farang Abroad\" \/>\n<meta property=\"article:modified_time\" content=\"2024-10-16T05:19:36+00:00\" \/>\n<meta property=\"og:image\" content=\"https:\/\/afarangabroad.com\/wp-content\/uploads\/2018\/03\/oil-massage-in-Sukumvit.jpg\" \/>\n\t<meta property=\"og:image:width\" content=\"640\" \/>\n\t<meta property=\"og:image:height\" content=\"363\" \/>\n\t<meta property=\"og:image:type\" content=\"image\/jpeg\" \/>\n<meta name=\"twitter:label1\" content=\"Tiempo de lectura\" \/>\n\t<meta name=\"twitter:data1\" content=\"9 minutos\" \/>\n<script type=\"application\/ld+json\" class=\"yoast-schema-graph\">{\"@context\":\"https:\/\/schema.org\",\"@graph\":[{\"@type\":\"WebPage\",\"@id\":\"https:\/\/afarangabroad.com\/sandwich-massage-bangkok\/\",\"url\":\"https:\/\/afarangabroad.com\/sandwich-massage-bangkok\/\",\"name\":\"Best Sandwich Massages in Bangkok - A Farang Abroad\",\"isPartOf\":{\"@id\":\"https:\/\/afarangabroad.com\/#website\"},\"datePublished\":\"2018-03-30T09:17:22+00:00\",\"dateModified\":\"2024-10-16T05:19:36+00:00\",\"description\":\"In this article I'll show you where to get the best sandwich massages in Bangkok. You'll get locations to the massage shops and the price.\",\"breadcrumb\":{\"@id\":\"https:\/\/afarangabroad.com\/sandwich-massage-bangkok\/#breadcrumb\"},\"inLanguage\":\"es\",\"potentialAction\":[{\"@type\":\"ReadAction\",\"target\":[\"https:\/\/afarangabroad.com\/sandwich-massage-bangkok\/\"]}]},{\"@type\":\"BreadcrumbList\",\"@id\":\"https:\/\/afarangabroad.com\/sandwich-massage-bangkok\/#breadcrumb\",\"itemListElement\":[{\"@type\":\"ListItem\",\"position\":1,\"name\":\"Home\",\"item\":\"https:\/\/afarangabroad.com\/\"},{\"@type\":\"ListItem\",\"position\":2,\"name\":\"Best Sandwich Massages in Bangkok\"}]},{\"@type\":\"WebSite\",\"@id\":\"https:\/\/afarangabroad.com\/#website\",\"url\":\"https:\/\/afarangabroad.com\/\",\"name\":\"A Farang Abroad\",\"description\":\"Your secret guide to Asia&#039;s sexiest nightlife.\",\"potentialAction\":[{\"@type\":\"SearchAction\",\"target\":{\"@type\":\"EntryPoint\",\"urlTemplate\":\"https:\/\/afarangabroad.com\/?s={search_term_string}\"},\"query-input\":\"required name=search_term_string\"}],\"inLanguage\":\"es\"}]}<\/script>\n<!-- \/ Yoast SEO plugin. -->","yoast_head_json":{"title":"Best Sandwich Massages in Bangkok - A Farang Abroad","description":"In this article I'll show you where to get the best sandwich massages in Bangkok. You'll get locations to the massage shops and the price.","robots":{"index":"index","follow":"follow","max-snippet":"max-snippet:-1","max-image-preview":"max-image-preview:large","max-video-preview":"max-video-preview:-1"},"canonical":"https:\/\/afarangabroad.com\/es\/masaje-sandwich-bangkok\/","og_locale":"es_ES","og_type":"article","og_title":"Best Sandwich Massages in Bangkok - A Farang Abroad","og_description":"In this article I'll show you where to get the best sandwich massages in Bangkok. You'll get locations to the massage shops and the price.","og_url":"https:\/\/afarangabroad.com\/es\/masaje-sandwich-bangkok\/","og_site_name":"A Farang Abroad","article_modified_time":"2024-10-16T05:19:36+00:00","og_image":[{"width":"640","height":"363","url":"https:\/\/afarangabroad.com\/wp-content\/uploads\/2018\/03\/oil-massage-in-Sukumvit.jpg","type":"image\/jpeg"}],"twitter_misc":{"Tiempo de lectura":"9 minutos"},"schema":{"@context":"https:\/\/schema.org","@graph":[{"@type":"WebPage","@id":"https:\/\/afarangabroad.com\/sandwich-massage-bangkok\/","url":"https:\/\/afarangabroad.com\/sandwich-massage-bangkok\/","name":"Best Sandwich Massages in Bangkok - A Farang Abroad","isPartOf":{"@id":"https:\/\/afarangabroad.com\/#website"},"datePublished":"2018-03-30T09:17:22+00:00","dateModified":"2024-10-16T05:19:36+00:00","description":"In this article I'll show you where to get the best sandwich massages in Bangkok. You'll get locations to the massage shops and the price.","breadcrumb":{"@id":"https:\/\/afarangabroad.com\/sandwich-massage-bangkok\/#breadcrumb"},"inLanguage":"es","potentialAction":[{"@type":"ReadAction","target":["https:\/\/afarangabroad.com\/sandwich-massage-bangkok\/"]}]},{"@type":"BreadcrumbList","@id":"https:\/\/afarangabroad.com\/sandwich-massage-bangkok\/#breadcrumb","itemListElement":[{"@type":"ListItem","position":1,"name":"Home","item":"https:\/\/afarangabroad.com\/"},{"@type":"ListItem","position":2,"name":"Best Sandwich Massages in Bangkok"}]},{"@type":"WebSite","@id":"https:\/\/afarangabroad.com\/#website","url":"https:\/\/afarangabroad.com\/","name":"A Farang Abroad","description":"Your secret guide to Asia&#039;s sexiest nightlife.","potentialAction":[{"@type":"SearchAction","target":{"@type":"EntryPoint","urlTemplate":"https:\/\/afarangabroad.com\/?s={search_term_string}"},"query-input":"required name=search_term_string"}],"inLanguage":"es"}]}},"_links":{"self":[{"href":"https:\/\/afarangabroad.com\/es\/wp-json\/wp\/v2\/pages\/9511"}],"collection":[{"href":"https:\/\/afarangabroad.com\/es\/wp-json\/wp\/v2\/pages"}],"about":[{"href":"https:\/\/afarangabroad.com\/es\/wp-json\/wp\/v2\/types\/page"}],"author":[{"embeddable":true,"href":"https:\/\/afarangabroad.com\/es\/wp-json\/wp\/v2\/users\/2"}],"replies":[{"embeddable":true,"href":"https:\/\/afarangabroad.com\/es\/wp-json\/wp\/v2\/comments?post=9511"}],"version-history":[{"count":11,"href":"https:\/\/afarangabroad.com\/es\/wp-json\/wp\/v2\/pages\/9511\/revisions"}],"predecessor-version":[{"id":513616,"href":"https:\/\/afarangabroad.com\/es\/wp-json\/wp\/v2\/pages\/9511\/revisions\/513616"}],"wp:featuredmedia":[{"embeddable":true,"href":"https:\/\/afarangabroad.com\/es\/wp-json\/wp\/v2\/media\/9484"}],"wp:attachment":[{"href":"https:\/\/afarangabroad.com\/es\/wp-json\/wp\/v2\/media?parent=9511"}],"wp:term":[{"taxonomy":"category","embeddable":true,"href":"https:\/\/afarangabroad.com\/es\/wp-json\/wp\/v2\/categories?post=9511"},{"taxonomy":"post_tag","embeddable":true,"href":"https:\/\/afarangabroad.com\/es\/wp-json\/wp\/v2\/tags?post=9511"}],"curies":[{"name":"wp","href":"https:\/\/api.w.org\/{rel}","templated":true}]}}