{"id":9616,"date":"2018-04-14T14:59:31","date_gmt":"2018-04-14T13:59:31","guid":{"rendered":"https:\/\/afarangabroad.com\/?p=9616"},"modified":"2020-09-11T07:47:10","modified_gmt":"2020-09-11T06:47:10","slug":"girls-in-tokyo","status":"publish","type":"page","link":"https:\/\/afarangabroad.com\/es\/chicas-en-tokyo\/","title":{"rendered":"9 buenos lugares para conocer chicas en Tokio"},"content":{"rendered":"<p>Tokio es el mejor lugar para conocer chicas japonesas sexys.<\/p>\n<p>While being popular as Asia financial hub, Tokyo nightlife has all sort of wonders to offer. If you are headed there, you might want to take a minute and read this guide on where to meet and have \u2018fun\u2019 with the ever smiley girls in Tokyo.<\/p>\n<p>Si quieres conocer chicas locales en Tokio gratis,\u00a0<a href=\"https:\/\/afarangabroad.com\/es\/japan-cupid-review\/\" target=\"_blank\" rel=\"noopener noreferrer\">consulte este art\u00edculo<\/a>.<a href=\"https:\/\/afarangabroad.com\/es\/japan-cupid-review\/\" target=\"_blank\" rel=\"noopener noreferrer\"><img loading=\"lazy\" decoding=\"async\" class=\"aligncenter size-large wp-image-9678\" src=\"https:\/\/afarangabroad.com\/wp-content\/uploads\/2018\/04\/jap-1024x691.png\" sizes=\"(max-width: 678px) 100vw, 678px\" srcset=\"https:\/\/afarangabroad.com\/wp-content\/uploads\/2018\/04\/jap-1024x691.png 1024w, https:\/\/afarangabroad.com\/wp-content\/uploads\/2018\/04\/jap-300x202.png 300w, https:\/\/afarangabroad.com\/wp-content\/uploads\/2018\/04\/jap-768x518.png 768w, https:\/\/afarangabroad.com\/wp-content\/uploads\/2018\/04\/jap.png 1038w\" alt=\"\" width=\"678\" height=\"458\" \/><\/a><\/p>\n<p>Como te dir\u00e1 cualquier mujeriego profesional, conseguir una chica japonesa guapa requiere cierta habilidad. Claro que tienes que trabajar en tus l\u00edneas para ligar, pero al final del d\u00eda, tienes que posicionarte en el lugar correcto para conseguir una hermosa chica de Tokio.<\/p>\n<p>I\u2019m here to tell you where to drag your net. From the streets, bars, karaoke, tea house to the most happening clubs in Tokyo join me for this exclusive guide on where to meet girls.<\/p>\n<h2><strong>Smooci<\/strong><\/h2>\n<p>La forma m\u00e1s f\u00e1cil de conocer chicas en Tokio es utilizar la aplicaci\u00f3n de escorts asi\u00e1ticas #1 Smooci, los precios de las chicas son por adelantado y el servicio es muy f\u00e1cil de usar.<\/p>\n<p><a href=\"https:\/\/smooci.com\/bangkok?search&amp;utm_source=afarang-bkk-disc-ban\" target=\"_blank\" rel=\"nofollow noopener noreferrer\"><img loading=\"lazy\" decoding=\"async\" class=\"aligncenter wp-image-512712\" src=\"https:\/\/cdn.shortpixel.ai\/client\/q_lossy,ret_img,w_300\/https:\/\/afarangabroad.com\/wp-content\/uploads\/2020\/08\/new-smooci-banner-300x75.gif\" sizes=\"(max-width: 456px) 100vw, 456px\" srcset=\"https:\/\/cdn.shortpixel.ai\/client\/q_lossy,ret_img,w_300\/https:\/\/afarangabroad.com\/wp-content\/uploads\/2020\/08\/new-smooci-banner-300x75.gif 300w, https:\/\/cdn.shortpixel.ai\/client\/q_lossy,ret_img,w_768\/https:\/\/afarangabroad.com\/wp-content\/uploads\/2020\/08\/new-smooci-banner-768x192.gif 768w\" alt=\"Happy ending, 14 Best Happy Massages in Bangkok\" width=\"456\" height=\"114\" \/><\/a>En un momento dado pueden tener hasta m\u00e1s de 30 chicas para elegir, puedes obtener m\u00e1s informaci\u00f3n visitando su sitio web:\u00a0<a href=\"https:\/\/smooci.com\/bangkok?search&amp;utm_source=afarang-bkk-disc-ban\" target=\"_blank\" rel=\"nofollow noopener noreferrer\">www.Smooci.com<\/a><\/p>\n<h2><strong>Chicas en las calles de Tokio<\/strong><\/h2>\n<p>Cuando menciono la palabra calle, se te vienen a la cabeza las prostitutas. Aunque esto es as\u00ed en la mayor\u00eda de los pa\u00edses asi\u00e1ticos, Jap\u00f3n nos ofrece algo diferente, teniendo en cuenta que aqu\u00ed la prostituci\u00f3n es ilegal.<\/p>\n<p>In Tokyo, the tide is better between 11 PM and 1 AM. In fact, people have dubbed it the magic hour.\u00a0 For girls looking to hook up with a random guy, it easy. For men, well you need to put more effort that eying a girl.<\/p>\n<p>He aqu\u00ed c\u00f3mo hacerlo como un profesional. Estate en cualquiera de estas estaciones de tren entre las horas indicadas. Tienes que entablar conversaci\u00f3n con una chica que te guste. Hazlo con normalidad, es decir, preg\u00fantale c\u00f3mo le ha ido el d\u00eda, menci\u00f3nale que tienes pensado salir y sugi\u00e9rele que se una a ti.<\/p>\n<p>Para conseguir un aumento, su probabilidad de \u00e9xito, haga que la conversaci\u00f3n sea emocionante pero decente. Si el <a href=\"https:\/\/soranews24.com\/2012\/09\/21\/why-foreign-guys-in-japan-get-so-many-girls\/\">Le gustas a la chica de Tokio<\/a> aceptar\u00e1 la invitaci\u00f3n. Si no, mant\u00e9n la cabeza alta e int\u00e9ntalo con otra.<\/p>","protected":false},"excerpt":{"rendered":"<p>Tokyo is the best place to meet sexy Japanese girls. While being popular as Asia financial hub, Tokyo nightlife has all sort of wonders to offer. If you are headed there, you might want to take a minute and read this guide on where to meet and have \u2018fun\u2019 with the ever smiley girls in [&hellip;]<\/p>","protected":false},"author":2,"featured_media":9686,"parent":0,"menu_order":0,"comment_status":"open","ping_status":"open","template":"","meta":{"_exactmetrics_skip_tracking":false,"_exactmetrics_sitenote_active":false,"_exactmetrics_sitenote_note":"","_exactmetrics_sitenote_category":0,"footnotes":""},"categories":[335],"tags":[],"class_list":["post-9616","page","type-page","status-publish","has-post-thumbnail","hentry","category-japan"],"yoast_head":"<!-- This site is optimized with the Yoast SEO plugin v20.1 - https:\/\/yoast.com\/wordpress\/plugins\/seo\/ -->\n<title>9 Good Venues to Meet Girls in Tokyo - A Farang Abroad<\/title>\n<meta name=\"description\" content=\"Tokyo is the best place to meet sexy Japanese girls. In this article I&#039;ll show you the best places to meet girls in Tokyo and online to make the most of your next trip.\" \/>\n<meta name=\"robots\" content=\"index, follow, max-snippet:-1, max-image-preview:large, max-video-preview:-1\" \/>\n<link rel=\"canonical\" href=\"https:\/\/afarangabroad.com\/es\/chicas-en-tokyo\/\" \/>\n<meta property=\"og:locale\" content=\"es_ES\" \/>\n<meta property=\"og:type\" content=\"article\" \/>\n<meta property=\"og:title\" content=\"9 Good Venues to Meet Girls in Tokyo - A Farang Abroad\" \/>\n<meta property=\"og:description\" content=\"Tokyo is the best place to meet sexy Japanese girls. In this article I&#039;ll show you the best places to meet girls in Tokyo and online to make the most of your next trip.\" \/>\n<meta property=\"og:url\" content=\"https:\/\/afarangabroad.com\/es\/chicas-en-tokyo\/\" \/>\n<meta property=\"og:site_name\" content=\"A Farang Abroad\" \/>\n<meta property=\"article:modified_time\" content=\"2020-09-11T06:47:10+00:00\" \/>\n<meta property=\"og:image\" content=\"https:\/\/afarangabroad.com\/wp-content\/uploads\/2018\/04\/tokyo-girls.jpg\" \/>\n\t<meta property=\"og:image:width\" content=\"426\" \/>\n\t<meta property=\"og:image:height\" content=\"640\" \/>\n\t<meta property=\"og:image:type\" content=\"image\/jpeg\" \/>\n<meta name=\"twitter:label1\" content=\"Tiempo de lectura\" \/>\n\t<meta name=\"twitter:data1\" content=\"7 minutos\" \/>\n<script type=\"application\/ld+json\" class=\"yoast-schema-graph\">{\"@context\":\"https:\/\/schema.org\",\"@graph\":[{\"@type\":\"WebPage\",\"@id\":\"https:\/\/afarangabroad.com\/girls-in-tokyo\/\",\"url\":\"https:\/\/afarangabroad.com\/girls-in-tokyo\/\",\"name\":\"9 Good Venues to Meet Girls in Tokyo - A Farang Abroad\",\"isPartOf\":{\"@id\":\"https:\/\/afarangabroad.com\/#website\"},\"datePublished\":\"2018-04-14T13:59:31+00:00\",\"dateModified\":\"2020-09-11T06:47:10+00:00\",\"description\":\"Tokyo is the best place to meet sexy Japanese girls. In this article I'll show you the best places to meet girls in Tokyo and online to make the most of your next trip.\",\"breadcrumb\":{\"@id\":\"https:\/\/afarangabroad.com\/girls-in-tokyo\/#breadcrumb\"},\"inLanguage\":\"es\",\"potentialAction\":[{\"@type\":\"ReadAction\",\"target\":[\"https:\/\/afarangabroad.com\/girls-in-tokyo\/\"]}]},{\"@type\":\"BreadcrumbList\",\"@id\":\"https:\/\/afarangabroad.com\/girls-in-tokyo\/#breadcrumb\",\"itemListElement\":[{\"@type\":\"ListItem\",\"position\":1,\"name\":\"Home\",\"item\":\"https:\/\/afarangabroad.com\/\"},{\"@type\":\"ListItem\",\"position\":2,\"name\":\"9 Good Venues to Meet Girls in Tokyo\"}]},{\"@type\":\"WebSite\",\"@id\":\"https:\/\/afarangabroad.com\/#website\",\"url\":\"https:\/\/afarangabroad.com\/\",\"name\":\"A Farang Abroad\",\"description\":\"Your secret guide to Asia&#039;s sexiest nightlife.\",\"potentialAction\":[{\"@type\":\"SearchAction\",\"target\":{\"@type\":\"EntryPoint\",\"urlTemplate\":\"https:\/\/afarangabroad.com\/?s={search_term_string}\"},\"query-input\":\"required name=search_term_string\"}],\"inLanguage\":\"es\"}]}<\/script>\n<!-- \/ Yoast SEO plugin. -->","yoast_head_json":{"title":"9 Good Venues to Meet Girls in Tokyo - A Farang Abroad","description":"Tokyo is the best place to meet sexy Japanese girls. In this article I'll show you the best places to meet girls in Tokyo and online to make the most of your next trip.","robots":{"index":"index","follow":"follow","max-snippet":"max-snippet:-1","max-image-preview":"max-image-preview:large","max-video-preview":"max-video-preview:-1"},"canonical":"https:\/\/afarangabroad.com\/es\/chicas-en-tokyo\/","og_locale":"es_ES","og_type":"article","og_title":"9 Good Venues to Meet Girls in Tokyo - A Farang Abroad","og_description":"Tokyo is the best place to meet sexy Japanese girls. In this article I'll show you the best places to meet girls in Tokyo and online to make the most of your next trip.","og_url":"https:\/\/afarangabroad.com\/es\/chicas-en-tokyo\/","og_site_name":"A Farang Abroad","article_modified_time":"2020-09-11T06:47:10+00:00","og_image":[{"width":"426","height":"640","url":"https:\/\/afarangabroad.com\/wp-content\/uploads\/2018\/04\/tokyo-girls.jpg","type":"image\/jpeg"}],"twitter_misc":{"Tiempo de lectura":"7 minutos"},"schema":{"@context":"https:\/\/schema.org","@graph":[{"@type":"WebPage","@id":"https:\/\/afarangabroad.com\/girls-in-tokyo\/","url":"https:\/\/afarangabroad.com\/girls-in-tokyo\/","name":"9 Good Venues to Meet Girls in Tokyo - A Farang Abroad","isPartOf":{"@id":"https:\/\/afarangabroad.com\/#website"},"datePublished":"2018-04-14T13:59:31+00:00","dateModified":"2020-09-11T06:47:10+00:00","description":"Tokyo is the best place to meet sexy Japanese girls. In this article I'll show you the best places to meet girls in Tokyo and online to make the most of your next trip.","breadcrumb":{"@id":"https:\/\/afarangabroad.com\/girls-in-tokyo\/#breadcrumb"},"inLanguage":"es","potentialAction":[{"@type":"ReadAction","target":["https:\/\/afarangabroad.com\/girls-in-tokyo\/"]}]},{"@type":"BreadcrumbList","@id":"https:\/\/afarangabroad.com\/girls-in-tokyo\/#breadcrumb","itemListElement":[{"@type":"ListItem","position":1,"name":"Home","item":"https:\/\/afarangabroad.com\/"},{"@type":"ListItem","position":2,"name":"9 Good Venues to Meet Girls in Tokyo"}]},{"@type":"WebSite","@id":"https:\/\/afarangabroad.com\/#website","url":"https:\/\/afarangabroad.com\/","name":"A Farang Abroad","description":"Your secret guide to Asia&#039;s sexiest nightlife.","potentialAction":[{"@type":"SearchAction","target":{"@type":"EntryPoint","urlTemplate":"https:\/\/afarangabroad.com\/?s={search_term_string}"},"query-input":"required name=search_term_string"}],"inLanguage":"es"}]}},"_links":{"self":[{"href":"https:\/\/afarangabroad.com\/es\/wp-json\/wp\/v2\/pages\/9616"}],"collection":[{"href":"https:\/\/afarangabroad.com\/es\/wp-json\/wp\/v2\/pages"}],"about":[{"href":"https:\/\/afarangabroad.com\/es\/wp-json\/wp\/v2\/types\/page"}],"author":[{"embeddable":true,"href":"https:\/\/afarangabroad.com\/es\/wp-json\/wp\/v2\/users\/2"}],"replies":[{"embeddable":true,"href":"https:\/\/afarangabroad.com\/es\/wp-json\/wp\/v2\/comments?post=9616"}],"version-history":[{"count":2,"href":"https:\/\/afarangabroad.com\/es\/wp-json\/wp\/v2\/pages\/9616\/revisions"}],"predecessor-version":[{"id":512755,"href":"https:\/\/afarangabroad.com\/es\/wp-json\/wp\/v2\/pages\/9616\/revisions\/512755"}],"wp:featuredmedia":[{"embeddable":true,"href":"https:\/\/afarangabroad.com\/es\/wp-json\/wp\/v2\/media\/9686"}],"wp:attachment":[{"href":"https:\/\/afarangabroad.com\/es\/wp-json\/wp\/v2\/media?parent=9616"}],"wp:term":[{"taxonomy":"category","embeddable":true,"href":"https:\/\/afarangabroad.com\/es\/wp-json\/wp\/v2\/categories?post=9616"},{"taxonomy":"post_tag","embeddable":true,"href":"https:\/\/afarangabroad.com\/es\/wp-json\/wp\/v2\/tags?post=9616"}],"curies":[{"name":"wp","href":"https:\/\/api.w.org\/{rel}","templated":true}]}}