{"id":9631,"date":"2018-04-19T18:27:20","date_gmt":"2018-04-19T17:27:20","guid":{"rendered":"https:\/\/afarangabroad.com\/?p=9631"},"modified":"2024-10-16T06:27:44","modified_gmt":"2024-10-16T05:27:44","slug":"soaplands-in-tokyo","status":"publish","type":"page","link":"https:\/\/afarangabroad.com\/es\/soaplands-en-tokio\/","title":{"rendered":"Los 7 mejores bares de Tokio para practicar sexo"},"content":{"rendered":"<p>\u00bfNecesita informaci\u00f3n sobre los Soaplands de Tokio?  En esta gu\u00eda te contamos qu\u00e9 ocurre en estos establecimientos, cu\u00e1nto cuesta el servicio para adultos y cu\u00e1les son los mejores de Tokio.<\/p>\n<p>Si quiere conocer a <a href=\"https:\/\/afarangabroad.com\/es\/chicas-en-tokyo\/\">chicas en Tokio<\/a> gratis, <a href=\"https:\/\/afarangabroad.com\/es\/japan-cupid-review\/\" target=\"_blank\" rel=\"noopener noreferrer\">consulte este art\u00edculo<\/a>.<a href=\"https:\/\/afarangabroad.com\/es\/japan-cupid-review\/\" target=\"_blank\" rel=\"noopener noreferrer\"><img loading=\"lazy\" decoding=\"async\" class=\"aligncenter size-large wp-image-9678\" src=\"https:\/\/afarangabroad.com\/wp-content\/uploads\/2018\/04\/jap-1024x691.png\" alt=\"\" width=\"678\" height=\"458\" srcset=\"https:\/\/afarangabroad.com\/wp-content\/uploads\/2018\/04\/jap-1024x691.png 1024w, https:\/\/afarangabroad.com\/wp-content\/uploads\/2018\/04\/jap-300x202.png 300w, https:\/\/afarangabroad.com\/wp-content\/uploads\/2018\/04\/jap-768x518.png 768w, https:\/\/afarangabroad.com\/wp-content\/uploads\/2018\/04\/jap.png 1038w\" sizes=\"(max-width: 678px) 100vw, 678px\" \/><\/a><\/p>\n<p>Soaplands son el ep\u00edtome de Tokio Soaplands en Tokio extrade. Estos populares locales atienden a hombres locales y turistas sexuales. La mayor\u00eda abren por la ma\u00f1ana y funcionan hasta altas horas de la noche. Al visitar estos locales, podr\u00e1 relajarse y descargar toda la tensi\u00f3n con la ayuda de ardientes chicas japonesas.<\/p>\n<p>Pagar por sexo en Tokio es ilegal. Para eludir esta situaci\u00f3n, los Soaplands, tambi\u00e9n conocidos como burdeles acu\u00e1ticos, ofrecen masajes er\u00f3ticos en los que puedes tocarte los huevos como quieras.<\/p>\n<p>Lo que hay dentro de los Soaplands en Jap\u00f3n sigue siendo una zona gris. Algunos ofrecen s\u00f3lo una paja, una mamada y algo de sexo. En esta gu\u00eda, sin embargo, s\u00f3lo voy a enumerar Soaplands en Tokio que ofrecen todo, sexo incluido.<\/p>\n<p><iframe loading=\"lazy\" title=\"Barrio Rojo de Tokio, vista de d\u00eda y de noche\" width=\"678\" height=\"381\" src=\"https:\/\/www.youtube.com\/embed\/GXG37VzeIdA?feature=oembed\" frameborder=\"0\" allow=\"accelerometer; autoplay; clipboard-write; encrypted-media; gyroscope; picture-in-picture; web-share\" allowfullscreen><\/iframe><\/p>\n<p>One important thing you need to know is that not all Soaplands in Tokyo accept foreigners. Partly because some girls don\u2019t like to service foreigners, but mostly because of the language barrier.<\/p>\n<p>It\u2019s no surprise to walk into one of these Soaplands and find non-English speaking personnel, including those at the reception. We have therefore prepared a list based on service quality and how receptive they are with foreigners.<\/p>\n<p>There&#8217;s not many soaplands in Osaka, but if you want to meet girls there read my article on <a href=\"https:\/\/afarangabroad.com\/es\/girls-in-osaka\/\">Chicas de Osaka<\/a>.<\/p>\n<p><span style=\"color: #23282d; font-size: 1.6em; font-weight: 600;\">Atelier Na<\/span><span style=\"color: #23282d; font-size: 1.6em; font-weight: 600;\">niwa<\/span><\/p>\n<p>Situado a Yoshiwara <a href=\"https:\/\/www.japantimes.co.jp\/life\/2007\/07\/06\/travel\/a-very-red-light-district\/\" target=\"_blank\" rel=\"nofollow noopener noreferrer\">barrio rojo<\/a>, Atelier Naniwa ofrece servicios de Soaplands de alta gama. El establecimiento est\u00e1 limpio y bien mantenido.<\/p>","protected":false},"excerpt":{"rendered":"<p>Need to know about Soaplands in Tokyo?\u00a0 In this guide, we will tell you what happens in these establishments, how much the adult service cost and the best ones in Tokyo. If you want to meet local girls in Tokyo for free, check out this article. Soaplands are the epitome of Tokyo Soaplands in Tokyo [&hellip;]<\/p>","protected":false},"author":2,"featured_media":9680,"parent":0,"menu_order":0,"comment_status":"open","ping_status":"open","template":"","meta":{"_exactmetrics_skip_tracking":false,"_exactmetrics_sitenote_active":false,"_exactmetrics_sitenote_note":"","_exactmetrics_sitenote_category":0,"footnotes":""},"categories":[335],"tags":[],"class_list":["post-9631","page","type-page","status-publish","has-post-thumbnail","hentry","category-japan"],"yoast_head":"<!-- This site is optimized with the Yoast SEO plugin v20.1 - https:\/\/yoast.com\/wordpress\/plugins\/seo\/ -->\n<title>Best 7 Soaplands in Tokyo for Sex - A Farang Abroad<\/title>\n<meta name=\"description\" content=\"Need to know about Soaplands in Tokyo?\u00a0 In this guide, we will tell you what happens in these establishments, how much the adult service cost and the best ones in Tokyo.\" \/>\n<meta name=\"robots\" content=\"index, follow, max-snippet:-1, max-image-preview:large, max-video-preview:-1\" \/>\n<link rel=\"canonical\" href=\"https:\/\/afarangabroad.com\/es\/soaplands-en-tokio\/\" \/>\n<meta property=\"og:locale\" content=\"es_ES\" \/>\n<meta property=\"og:type\" content=\"article\" \/>\n<meta property=\"og:title\" content=\"Best 7 Soaplands in Tokyo for Sex - A Farang Abroad\" \/>\n<meta property=\"og:description\" content=\"Need to know about Soaplands in Tokyo?\u00a0 In this guide, we will tell you what happens in these establishments, how much the adult service cost and the best ones in Tokyo.\" \/>\n<meta property=\"og:url\" content=\"https:\/\/afarangabroad.com\/es\/soaplands-en-tokio\/\" \/>\n<meta property=\"og:site_name\" content=\"A Farang Abroad\" \/>\n<meta property=\"article:modified_time\" content=\"2024-10-16T05:27:44+00:00\" \/>\n<meta property=\"og:image\" content=\"https:\/\/afarangabroad.com\/wp-content\/uploads\/2018\/04\/tokyo-sex-massages.jpg\" \/>\n\t<meta property=\"og:image:width\" content=\"640\" \/>\n\t<meta property=\"og:image:height\" content=\"369\" \/>\n\t<meta property=\"og:image:type\" content=\"image\/jpeg\" \/>\n<meta name=\"twitter:label1\" content=\"Tiempo de lectura\" \/>\n\t<meta name=\"twitter:data1\" content=\"9 minutos\" \/>\n<script type=\"application\/ld+json\" class=\"yoast-schema-graph\">{\"@context\":\"https:\/\/schema.org\",\"@graph\":[{\"@type\":\"WebPage\",\"@id\":\"https:\/\/afarangabroad.com\/soaplands-in-tokyo\/\",\"url\":\"https:\/\/afarangabroad.com\/soaplands-in-tokyo\/\",\"name\":\"Best 7 Soaplands in Tokyo for Sex - A Farang Abroad\",\"isPartOf\":{\"@id\":\"https:\/\/afarangabroad.com\/#website\"},\"datePublished\":\"2018-04-19T17:27:20+00:00\",\"dateModified\":\"2024-10-16T05:27:44+00:00\",\"description\":\"Need to know about Soaplands in Tokyo?\u00a0 In this guide, we will tell you what happens in these establishments, how much the adult service cost and the best ones in Tokyo.\",\"breadcrumb\":{\"@id\":\"https:\/\/afarangabroad.com\/soaplands-in-tokyo\/#breadcrumb\"},\"inLanguage\":\"es\",\"potentialAction\":[{\"@type\":\"ReadAction\",\"target\":[\"https:\/\/afarangabroad.com\/soaplands-in-tokyo\/\"]}]},{\"@type\":\"BreadcrumbList\",\"@id\":\"https:\/\/afarangabroad.com\/soaplands-in-tokyo\/#breadcrumb\",\"itemListElement\":[{\"@type\":\"ListItem\",\"position\":1,\"name\":\"Home\",\"item\":\"https:\/\/afarangabroad.com\/\"},{\"@type\":\"ListItem\",\"position\":2,\"name\":\"Best 7 Soaplands in Tokyo for Sex\"}]},{\"@type\":\"WebSite\",\"@id\":\"https:\/\/afarangabroad.com\/#website\",\"url\":\"https:\/\/afarangabroad.com\/\",\"name\":\"A Farang Abroad\",\"description\":\"Your secret guide to Asia&#039;s sexiest nightlife.\",\"potentialAction\":[{\"@type\":\"SearchAction\",\"target\":{\"@type\":\"EntryPoint\",\"urlTemplate\":\"https:\/\/afarangabroad.com\/?s={search_term_string}\"},\"query-input\":\"required name=search_term_string\"}],\"inLanguage\":\"es\"}]}<\/script>\n<!-- \/ Yoast SEO plugin. -->","yoast_head_json":{"title":"Best 7 Soaplands in Tokyo for Sex - A Farang Abroad","description":"Need to know about Soaplands in Tokyo?\u00a0 In this guide, we will tell you what happens in these establishments, how much the adult service cost and the best ones in Tokyo.","robots":{"index":"index","follow":"follow","max-snippet":"max-snippet:-1","max-image-preview":"max-image-preview:large","max-video-preview":"max-video-preview:-1"},"canonical":"https:\/\/afarangabroad.com\/es\/soaplands-en-tokio\/","og_locale":"es_ES","og_type":"article","og_title":"Best 7 Soaplands in Tokyo for Sex - A Farang Abroad","og_description":"Need to know about Soaplands in Tokyo?\u00a0 In this guide, we will tell you what happens in these establishments, how much the adult service cost and the best ones in Tokyo.","og_url":"https:\/\/afarangabroad.com\/es\/soaplands-en-tokio\/","og_site_name":"A Farang Abroad","article_modified_time":"2024-10-16T05:27:44+00:00","og_image":[{"width":"640","height":"369","url":"https:\/\/afarangabroad.com\/wp-content\/uploads\/2018\/04\/tokyo-sex-massages.jpg","type":"image\/jpeg"}],"twitter_misc":{"Tiempo de lectura":"9 minutos"},"schema":{"@context":"https:\/\/schema.org","@graph":[{"@type":"WebPage","@id":"https:\/\/afarangabroad.com\/soaplands-in-tokyo\/","url":"https:\/\/afarangabroad.com\/soaplands-in-tokyo\/","name":"Best 7 Soaplands in Tokyo for Sex - A Farang Abroad","isPartOf":{"@id":"https:\/\/afarangabroad.com\/#website"},"datePublished":"2018-04-19T17:27:20+00:00","dateModified":"2024-10-16T05:27:44+00:00","description":"Need to know about Soaplands in Tokyo?\u00a0 In this guide, we will tell you what happens in these establishments, how much the adult service cost and the best ones in Tokyo.","breadcrumb":{"@id":"https:\/\/afarangabroad.com\/soaplands-in-tokyo\/#breadcrumb"},"inLanguage":"es","potentialAction":[{"@type":"ReadAction","target":["https:\/\/afarangabroad.com\/soaplands-in-tokyo\/"]}]},{"@type":"BreadcrumbList","@id":"https:\/\/afarangabroad.com\/soaplands-in-tokyo\/#breadcrumb","itemListElement":[{"@type":"ListItem","position":1,"name":"Home","item":"https:\/\/afarangabroad.com\/"},{"@type":"ListItem","position":2,"name":"Best 7 Soaplands in Tokyo for Sex"}]},{"@type":"WebSite","@id":"https:\/\/afarangabroad.com\/#website","url":"https:\/\/afarangabroad.com\/","name":"A Farang Abroad","description":"Your secret guide to Asia&#039;s sexiest nightlife.","potentialAction":[{"@type":"SearchAction","target":{"@type":"EntryPoint","urlTemplate":"https:\/\/afarangabroad.com\/?s={search_term_string}"},"query-input":"required name=search_term_string"}],"inLanguage":"es"}]}},"_links":{"self":[{"href":"https:\/\/afarangabroad.com\/es\/wp-json\/wp\/v2\/pages\/9631"}],"collection":[{"href":"https:\/\/afarangabroad.com\/es\/wp-json\/wp\/v2\/pages"}],"about":[{"href":"https:\/\/afarangabroad.com\/es\/wp-json\/wp\/v2\/types\/page"}],"author":[{"embeddable":true,"href":"https:\/\/afarangabroad.com\/es\/wp-json\/wp\/v2\/users\/2"}],"replies":[{"embeddable":true,"href":"https:\/\/afarangabroad.com\/es\/wp-json\/wp\/v2\/comments?post=9631"}],"version-history":[{"count":5,"href":"https:\/\/afarangabroad.com\/es\/wp-json\/wp\/v2\/pages\/9631\/revisions"}],"predecessor-version":[{"id":513626,"href":"https:\/\/afarangabroad.com\/es\/wp-json\/wp\/v2\/pages\/9631\/revisions\/513626"}],"wp:featuredmedia":[{"embeddable":true,"href":"https:\/\/afarangabroad.com\/es\/wp-json\/wp\/v2\/media\/9680"}],"wp:attachment":[{"href":"https:\/\/afarangabroad.com\/es\/wp-json\/wp\/v2\/media?parent=9631"}],"wp:term":[{"taxonomy":"category","embeddable":true,"href":"https:\/\/afarangabroad.com\/es\/wp-json\/wp\/v2\/categories?post=9631"},{"taxonomy":"post_tag","embeddable":true,"href":"https:\/\/afarangabroad.com\/es\/wp-json\/wp\/v2\/tags?post=9631"}],"curies":[{"name":"wp","href":"https:\/\/api.w.org\/{rel}","templated":true}]}}