{"id":9759,"date":"2018-05-21T07:27:28","date_gmt":"2018-05-21T06:27:28","guid":{"rendered":"https:\/\/afarangabroad.com\/?p=9759"},"modified":"2025-06-25T02:45:41","modified_gmt":"2025-06-25T01:45:41","slug":"blowjob-bars-in-hanoi","status":"publish","type":"page","link":"https:\/\/afarangabroad.com\/es\/blowjob-bars-in-hanoi\/","title":{"rendered":"Los mejores bares de mamadas de Hanoi"},"content":{"rendered":"<p>In this article you&#8217;ll learn the best blow job cars in Hanoi.<\/p>\n\n\n\n<p>If you want to picture Vietnam, imagine high-end nightclubs and millions of motorcycles. That is quite chaotic, right?<\/p>\n\n\n\n<p>However, amidst all these, there are thousands of pretty Vietnam girls painting the streets with their smiley faces. In today\u2019s article, I am going to tell you where to get blowjobs in Hanoi plus how much it will cost you.<\/p>\n\n\n\n<p>Si desea reunirse&nbsp;<a href=\"https:\/\/afarangabroad.com\/es\/chicas-vietnamitas\/\">Chicas vietnamitas<\/a>&nbsp;gratis,&nbsp;<a href=\"https:\/\/afarangabroad.com\/es\/vietnam-cupid\/\">consulte este art\u00edculo<\/a>.<\/p>\n\n\n<div class=\"wp-block-image\">\n<figure class=\"aligncenter\"><a href=\"https:\/\/afarangabroad.com\/es\/vietnam-cupid\/\"><img loading=\"lazy\" decoding=\"async\" width=\"1024\" height=\"691\" src=\"https:\/\/afarangabroad.com\/wp-content\/uploads\/2016\/06\/Meet-Viet-Girls1-1024x691.png\" alt=\"\" class=\"wp-image-7258\" srcset=\"https:\/\/afarangabroad.com\/wp-content\/uploads\/2016\/06\/Meet-Viet-Girls1-1024x691.png 1024w, https:\/\/afarangabroad.com\/wp-content\/uploads\/2016\/06\/Meet-Viet-Girls1-300x202.png 300w, https:\/\/afarangabroad.com\/wp-content\/uploads\/2016\/06\/Meet-Viet-Girls1-720x486.png 720w, https:\/\/afarangabroad.com\/wp-content\/uploads\/2016\/06\/Meet-Viet-Girls1.png 1038w\" sizes=\"(max-width: 1024px) 100vw, 1024px\" \/><\/a><\/figure><\/div>\n\n\n<p>Vietnamese are not the most welcoming Asians. They prefer to leave foreigners alone. This is unlike other Thailand and the Philippines where it\u2019s not a scene to see a local girl kissing a foreigner and walking hand in hand.<\/p>\n\n\n\n<figure class=\"wp-block-embed is-type-video is-provider-youtube wp-block-embed-youtube wp-embed-aspect-16-9 wp-has-aspect-ratio\"><div class=\"wp-block-embed__wrapper\">\n<iframe loading=\"lazy\" title=\"Palour Massage with Pretty Girl in SaiGon VietNam\" width=\"678\" height=\"381\" src=\"https:\/\/www.youtube.com\/embed\/0rWNaqevPjM?feature=oembed\" frameborder=\"0\" allow=\"accelerometer; autoplay; clipboard-write; encrypted-media; gyroscope; picture-in-picture; web-share\" referrerpolicy=\"strict-origin-when-cross-origin\" allowfullscreen><\/iframe>\n<\/div><\/figure>\n\n\n\n<p>So, in the blowjobs bar should one expect hostility or things change out ones you get in private? We shall find out.<\/p>\n\n\n\n<p>There are no many blowjob bars in Hanoi compared to <a href=\"https:\/\/afarangabroad.com\/es\/massages-vietnam\/\">Vietnamese massage parlors<\/a> in Hanoi. However, if you head to these areas, you are sure to find some blowjobs in Hanoi.<\/p>\n\n\n\n<h2 class=\"wp-block-heading\">J Spa &amp; Massage<\/h2>\n\n\n\n<figure class=\"wp-block-image size-large\"><img loading=\"lazy\" decoding=\"async\" width=\"1024\" height=\"682\" src=\"https:\/\/afarangabroad.com\/wp-content\/uploads\/2025\/05\/jspa-1024x682.jpeg\" alt=\"\" class=\"wp-image-513743\" srcset=\"https:\/\/afarangabroad.com\/wp-content\/uploads\/2025\/05\/jspa-1024x682.jpeg 1024w, https:\/\/afarangabroad.com\/wp-content\/uploads\/2025\/05\/jspa-300x200.jpeg 300w, https:\/\/afarangabroad.com\/wp-content\/uploads\/2025\/05\/jspa-768x512.jpeg 768w, https:\/\/afarangabroad.com\/wp-content\/uploads\/2025\/05\/jspa-1536x1024.jpeg 1536w, https:\/\/afarangabroad.com\/wp-content\/uploads\/2025\/05\/jspa-2048x1365.jpeg 2048w, https:\/\/afarangabroad.com\/wp-content\/uploads\/2025\/05\/jspa-18x12.jpeg 18w\" sizes=\"(max-width: 1024px) 100vw, 1024px\" \/><\/figure>\n\n\n\n<p>Situado en el n\u00famero 168 de la calle Ngoc Khanh, en el distrito Ba Dinh de Han\u00f3i, J Spa &amp; Massage es un destino de primera para los caballeros que buscan una experiencia de relajaci\u00f3n refinada y de alta gama en el coraz\u00f3n de la capital de Vietnam. Se trata de unas instalaciones recientemente renovadas, tras el exitoso traslado desde su anterior direcci\u00f3n en Cung Xuan, Vo Thi Sau, donde el spa llevaba funcionando con orgullo m\u00e1s de seis a\u00f1os con una s\u00f3lida reputaci\u00f3n y una clientela fiel.<\/p>\n\n\n\n<p>J Spa &amp; Massage es conocido sobre todo por su especializaci\u00f3n en masaje nuru, una terapia cuerpo a cuerpo distintiva dise\u00f1ada para liberar la tensi\u00f3n f\u00edsica, mejorar la circulaci\u00f3n y proporcionar una profunda relajaci\u00f3n emocional y f\u00edsica. Cada sesi\u00f3n se realiza en un entorno privado, respetuoso y profesional.<\/p>\n\n\n\n<p>El spa presenta una elegante arquitectura neocl\u00e1sica con interiores artesanales chapados en oro de 24 quilates, que crean un ambiente de aut\u00e9ntico lujo. Los hu\u00e9spedes pueden elegir entre modernas salas de karaoke en la piscina o suites privadas de categor\u00eda real, adecuadas tanto para la relajaci\u00f3n individual como para el entretenimiento de peque\u00f1os grupos. Con su meticulosa atenci\u00f3n al dise\u00f1o y a la calidad del servicio, J Spa &amp; Massage ha sido reconocido como uno de los balnearios masculinos m\u00e1s bellos de Asia.<\/p>\n\n\n\n<p>Su equipo de m\u00e1s de 60 terapeutas j\u00f3venes, simp\u00e1ticas y formadas profesionalmente ha sido cuidadosamente instruido bajo la direcci\u00f3n de Nhung Lady, una respetada experta en bienestar masculino y terapia emocional. Cada sesi\u00f3n en J Spa &amp; Massage se realiza con excelencia t\u00e9cnica y atenci\u00f3n sincera.<\/p>\n\n\n\n<p>One of the spa\u2019s most appreciated features is its transparent pricing, which is identical for both local and international guests, ensuring fairness and professionalism. Additionally, Visa and MasterCard payments are accepted without any swipe fees, offering added convenience for overseas visitors.<\/p>\n\n\n\n<p>Informaci\u00f3n de contacto:<br>Direcci\u00f3n: Calle Ngoc Khanh 168, distrito de Ba Dinh, Han\u00f3i, Vietnam<br>P\u00e1gina web:\u00a0<a href=\"http:\/\/www.jspamassage.com\/\">www.jspamassage.com<\/a><br>L\u00ednea directa + 84973027979 (llamar, zalo)<\/p>\n\n\n\n<p>Whatsapp: +84972267979 (no llamar)<\/p>\n\n\n\n<p>Telegram id: @jspa001<\/p>\n\n\n\n<p>Wechat id: @jmassage01<\/p>\n\n\n\n<h2 class=\"wp-block-heading\">Masaje Nuru Neko<\/h2>\n\n\n\n<p>You\u2019ll find it mentioned on most of the internet that Neko Massage is the best place in Hanoi for erotic massages.<\/p>\n\n\n\n<p>They have the biggest and most stunning rooms I\u2019ve seen in Hanoi, on average there are around 35 girls to choose from per day, and prices are in English meaning you pay the same as locals.<\/p>\n\n\n<div class=\"wp-block-image\">\n<figure class=\"aligncenter\"><a href=\"https:\/\/nekomassage.vn\/\" target=\"_blank\" rel=\"noopener\"><img loading=\"lazy\" decoding=\"async\" width=\"640\" height=\"426\" src=\"https:\/\/sp-ao.shortpixel.ai\/client\/to_webp,q_lossy,ret_img,w_640,h_426\/https:\/\/afarangabroad.com\/wp-content\/uploads\/2019\/04\/neko-massage-girls.jpg\" alt=\", Ulimate Guide To Hanoi Red Light District\" class=\"wp-image-11966\" srcset=\"https:\/\/afarangabroad.com\/wp-content\/uploads\/2019\/04\/neko-massage-girls.jpg 640w, https:\/\/afarangabroad.com\/wp-content\/uploads\/2019\/04\/neko-massage-girls-300x200.jpg 300w\" sizes=\"(max-width: 640px) 100vw, 640px\" \/><\/a><\/figure><\/div>\n\n\n<div class=\"wp-block-image\">\n<figure class=\"aligncenter size-large\"><\/figure>\n<\/div>\n\n\n\n<p>Prices start are 600k VND for a 1-hour massage where you\u2019re bathed and given a body-2- body Nuru massage with a happy ending.<\/p>\n\n\n\n<p>Una propina para la chica al final rondar\u00e1 los 600k.<\/p>\n\n\n\n<p>Cuentan con personal de habla inglesa para que pueda ponerse en contacto con ellos si tiene alguna duda, puede visitar su p\u00e1gina web en&nbsp;<a href=\"https:\/\/nekomassage.vn\/\" target=\"_blank\" rel=\"noopener\">NekoMassage.vn<\/a>.<\/p>\n\n\n\n<p>Whatsapp\/ZALO: +84 96 808 4689<\/p>\n\n\n\n<h2 class=\"wp-block-heading\"><\/h2>","protected":false},"excerpt":{"rendered":"<p>In this article you&#8217;ll learn the best blow job cars in Hanoi. If you want to picture Vietnam, imagine high-end nightclubs and millions of motorcycles. That is quite chaotic, right? However, amidst all these, there are thousands of pretty Vietnam girls painting the streets with their smiley faces. In today\u2019s article, I am going to [&hellip;]<\/p>","protected":false},"author":2,"featured_media":0,"parent":0,"menu_order":0,"comment_status":"open","ping_status":"closed","template":"","meta":{"_exactmetrics_skip_tracking":false,"_exactmetrics_sitenote_active":false,"_exactmetrics_sitenote_note":"","_exactmetrics_sitenote_category":0,"footnotes":""},"categories":[328],"tags":[],"class_list":["post-9759","page","type-page","status-publish","hentry","category-vietnam"],"yoast_head":"<!-- This site is optimized with the Yoast SEO plugin v20.1 - https:\/\/yoast.com\/wordpress\/plugins\/seo\/ -->\n<title>Best Blowjob bars in Hanoi - A Farang Abroad<\/title>\n<meta name=\"description\" content=\"In this article I&#039;ll show you the best blow job bars in Hanoi, location and how much they cost. If you&#039;re looking for a BJ in Hanoi or how to meet cute girls, this article reveals all.\" \/>\n<meta name=\"robots\" content=\"index, follow, max-snippet:-1, max-image-preview:large, max-video-preview:-1\" \/>\n<link rel=\"canonical\" href=\"https:\/\/afarangabroad.com\/es\/blowjob-bars-in-hanoi\/\" \/>\n<meta property=\"og:locale\" content=\"es_ES\" \/>\n<meta property=\"og:type\" content=\"article\" \/>\n<meta property=\"og:title\" content=\"Best Blowjob bars in Hanoi - A Farang Abroad\" \/>\n<meta property=\"og:description\" content=\"In this article I&#039;ll show you the best blow job bars in Hanoi, location and how much they cost. If you&#039;re looking for a BJ in Hanoi or how to meet cute girls, this article reveals all.\" \/>\n<meta property=\"og:url\" content=\"https:\/\/afarangabroad.com\/es\/blowjob-bars-in-hanoi\/\" \/>\n<meta property=\"og:site_name\" content=\"A Farang Abroad\" \/>\n<meta property=\"article:modified_time\" content=\"2025-06-25T01:45:41+00:00\" \/>\n<meta property=\"og:image\" content=\"https:\/\/afarangabroad.com\/wp-content\/uploads\/2016\/06\/Meet-Viet-Girls1-1024x691.png\" \/>\n<meta name=\"twitter:label1\" content=\"Tiempo de lectura\" \/>\n\t<meta name=\"twitter:data1\" content=\"4 minutos\" \/>\n<script type=\"application\/ld+json\" class=\"yoast-schema-graph\">{\"@context\":\"https:\/\/schema.org\",\"@graph\":[{\"@type\":\"WebPage\",\"@id\":\"https:\/\/afarangabroad.com\/blowjob-bars-in-hanoi\/\",\"url\":\"https:\/\/afarangabroad.com\/blowjob-bars-in-hanoi\/\",\"name\":\"Best Blowjob bars in Hanoi - A Farang Abroad\",\"isPartOf\":{\"@id\":\"https:\/\/afarangabroad.com\/#website\"},\"datePublished\":\"2018-05-21T06:27:28+00:00\",\"dateModified\":\"2025-06-25T01:45:41+00:00\",\"description\":\"In this article I'll show you the best blow job bars in Hanoi, location and how much they cost. If you're looking for a BJ in Hanoi or how to meet cute girls, this article reveals all.\",\"breadcrumb\":{\"@id\":\"https:\/\/afarangabroad.com\/blowjob-bars-in-hanoi\/#breadcrumb\"},\"inLanguage\":\"es\",\"potentialAction\":[{\"@type\":\"ReadAction\",\"target\":[\"https:\/\/afarangabroad.com\/blowjob-bars-in-hanoi\/\"]}]},{\"@type\":\"BreadcrumbList\",\"@id\":\"https:\/\/afarangabroad.com\/blowjob-bars-in-hanoi\/#breadcrumb\",\"itemListElement\":[{\"@type\":\"ListItem\",\"position\":1,\"name\":\"Home\",\"item\":\"https:\/\/afarangabroad.com\/\"},{\"@type\":\"ListItem\",\"position\":2,\"name\":\"Best Blowjob bars in Hanoi\"}]},{\"@type\":\"WebSite\",\"@id\":\"https:\/\/afarangabroad.com\/#website\",\"url\":\"https:\/\/afarangabroad.com\/\",\"name\":\"A Farang Abroad\",\"description\":\"Your secret guide to Asia&#039;s sexiest nightlife.\",\"potentialAction\":[{\"@type\":\"SearchAction\",\"target\":{\"@type\":\"EntryPoint\",\"urlTemplate\":\"https:\/\/afarangabroad.com\/?s={search_term_string}\"},\"query-input\":\"required name=search_term_string\"}],\"inLanguage\":\"es\"}]}<\/script>\n<!-- \/ Yoast SEO plugin. -->","yoast_head_json":{"title":"Best Blowjob bars in Hanoi - A Farang Abroad","description":"In this article I'll show you the best blow job bars in Hanoi, location and how much they cost. If you're looking for a BJ in Hanoi or how to meet cute girls, this article reveals all.","robots":{"index":"index","follow":"follow","max-snippet":"max-snippet:-1","max-image-preview":"max-image-preview:large","max-video-preview":"max-video-preview:-1"},"canonical":"https:\/\/afarangabroad.com\/es\/blowjob-bars-in-hanoi\/","og_locale":"es_ES","og_type":"article","og_title":"Best Blowjob bars in Hanoi - A Farang Abroad","og_description":"In this article I'll show you the best blow job bars in Hanoi, location and how much they cost. If you're looking for a BJ in Hanoi or how to meet cute girls, this article reveals all.","og_url":"https:\/\/afarangabroad.com\/es\/blowjob-bars-in-hanoi\/","og_site_name":"A Farang Abroad","article_modified_time":"2025-06-25T01:45:41+00:00","og_image":[{"url":"https:\/\/afarangabroad.com\/wp-content\/uploads\/2016\/06\/Meet-Viet-Girls1-1024x691.png"}],"twitter_misc":{"Tiempo de lectura":"4 minutos"},"schema":{"@context":"https:\/\/schema.org","@graph":[{"@type":"WebPage","@id":"https:\/\/afarangabroad.com\/blowjob-bars-in-hanoi\/","url":"https:\/\/afarangabroad.com\/blowjob-bars-in-hanoi\/","name":"Best Blowjob bars in Hanoi - A Farang Abroad","isPartOf":{"@id":"https:\/\/afarangabroad.com\/#website"},"datePublished":"2018-05-21T06:27:28+00:00","dateModified":"2025-06-25T01:45:41+00:00","description":"In this article I'll show you the best blow job bars in Hanoi, location and how much they cost. If you're looking for a BJ in Hanoi or how to meet cute girls, this article reveals all.","breadcrumb":{"@id":"https:\/\/afarangabroad.com\/blowjob-bars-in-hanoi\/#breadcrumb"},"inLanguage":"es","potentialAction":[{"@type":"ReadAction","target":["https:\/\/afarangabroad.com\/blowjob-bars-in-hanoi\/"]}]},{"@type":"BreadcrumbList","@id":"https:\/\/afarangabroad.com\/blowjob-bars-in-hanoi\/#breadcrumb","itemListElement":[{"@type":"ListItem","position":1,"name":"Home","item":"https:\/\/afarangabroad.com\/"},{"@type":"ListItem","position":2,"name":"Best Blowjob bars in Hanoi"}]},{"@type":"WebSite","@id":"https:\/\/afarangabroad.com\/#website","url":"https:\/\/afarangabroad.com\/","name":"A Farang Abroad","description":"Your secret guide to Asia&#039;s sexiest nightlife.","potentialAction":[{"@type":"SearchAction","target":{"@type":"EntryPoint","urlTemplate":"https:\/\/afarangabroad.com\/?s={search_term_string}"},"query-input":"required name=search_term_string"}],"inLanguage":"es"}]}},"_links":{"self":[{"href":"https:\/\/afarangabroad.com\/es\/wp-json\/wp\/v2\/pages\/9759"}],"collection":[{"href":"https:\/\/afarangabroad.com\/es\/wp-json\/wp\/v2\/pages"}],"about":[{"href":"https:\/\/afarangabroad.com\/es\/wp-json\/wp\/v2\/types\/page"}],"author":[{"embeddable":true,"href":"https:\/\/afarangabroad.com\/es\/wp-json\/wp\/v2\/users\/2"}],"replies":[{"embeddable":true,"href":"https:\/\/afarangabroad.com\/es\/wp-json\/wp\/v2\/comments?post=9759"}],"version-history":[{"count":22,"href":"https:\/\/afarangabroad.com\/es\/wp-json\/wp\/v2\/pages\/9759\/revisions"}],"predecessor-version":[{"id":513785,"href":"https:\/\/afarangabroad.com\/es\/wp-json\/wp\/v2\/pages\/9759\/revisions\/513785"}],"wp:attachment":[{"href":"https:\/\/afarangabroad.com\/es\/wp-json\/wp\/v2\/media?parent=9759"}],"wp:term":[{"taxonomy":"category","embeddable":true,"href":"https:\/\/afarangabroad.com\/es\/wp-json\/wp\/v2\/categories?post=9759"},{"taxonomy":"post_tag","embeddable":true,"href":"https:\/\/afarangabroad.com\/es\/wp-json\/wp\/v2\/tags?post=9759"}],"curies":[{"name":"wp","href":"https:\/\/api.w.org\/{rel}","templated":true}]}}