{"id":10012,"date":"2018-07-25T07:29:04","date_gmt":"2018-07-25T06:29:04","guid":{"rendered":"https:\/\/afarangabroad.com\/?p=10012"},"modified":"2020-05-19T05:29:25","modified_gmt":"2020-05-19T04:29:25","slug":"girls-in-kyoto","status":"publish","type":"page","link":"https:\/\/afarangabroad.com\/fr\/filles-a-kyoto\/","title":{"rendered":"7 Endroits pour rencontrer de bonnes filles \u00e0 Kyoto"},"content":{"rendered":"<p>Besoin de savoir o\u00f9 rencontrer de belles filles \u00e0 Kyoto ? Cet article a \u00e9t\u00e9 \u00e9crit exclusivement pour vous. Je vous fournirai des lieux et des conseils qui, je l'esp\u00e8re, vous permettront de gagner une ch\u00e9rie de Kyoto.<\/p>\n<p>Si vous voulez rencontrer des filles locales \u00e0 Kyoto gratuitement,\u00a0<a href=\"https:\/\/afarangabroad.com\/fr\/japan-cupid-review\/\" target=\"_blank\" rel=\"noopener noreferrer\">lire cet article<\/a>.<a href=\"https:\/\/afarangabroad.com\/fr\/japan-cupid-review\/\" target=\"_blank\" rel=\"noopener noreferrer\"><img loading=\"lazy\" decoding=\"async\" class=\"aligncenter size-large wp-image-9678\" src=\"https:\/\/afarangabroad.com\/wp-content\/uploads\/2018\/04\/jap-1024x691.png\" sizes=\"(max-width: 678px) 100vw, 678px\" srcset=\"https:\/\/afarangabroad.com\/wp-content\/uploads\/2018\/04\/jap-1024x691.png 1024w, https:\/\/afarangabroad.com\/wp-content\/uploads\/2018\/04\/jap-300x202.png 300w, https:\/\/afarangabroad.com\/wp-content\/uploads\/2018\/04\/jap-768x518.png 768w, https:\/\/afarangabroad.com\/wp-content\/uploads\/2018\/04\/jap.png 1038w\" alt=\"\" width=\"678\" height=\"458\" \/><\/a><\/p>\n<p>De plus en plus d'hommes se rendent \u00e0 Kyoto pour d\u00e9couvrir ce que la ville a \u00e0 offrir en mati\u00e8re de femmes. Je vous guiderai \u00e9galement sur les meilleures fa\u00e7ons de rencontrer des filles \u00e0 Kyoto pendant la journ\u00e9e, la vie nocturne et la meilleure fa\u00e7on de les rencontrer en ligne.<\/p>\n<p><iframe loading=\"lazy\" width=\"678\" height=\"381\" src=\"https:\/\/www.youtube.com\/embed\/4RRgiEbWojo?feature=oembed\" frameborder=\"0\" allow=\"autoplay; encrypted-media\" allowfullscreen><\/iframe><\/p>\n<p>Tout d'abord, il faut savoir que les filles japonaises aiment les hommes \u00e9trangers. Les Japonaises aiment les hommes \u00e9trangers, commun\u00e9ment appel\u00e9s gaijin. Il y a plusieurs raisons \u00e0 cela. Certaines aiment l'assurance, le romantisme et l'apparence des gaijin, m\u00eame si vous \u00eates consid\u00e9r\u00e9 comme moins que la moyenne.<\/p>\n<p>L'une des particularit\u00e9s des filles en <a href=\"https:\/\/www.japan-guide.com\/e\/e2158.html\" target=\"_blank\" rel=\"nofollow noopener noreferrer\">Kyoto<\/a> is that unlike most other Asian countries Japanese girls are not money oriented. Like I said, they could fall for you since you are different, want you to be a trophy to brag to their friends while others want \u201chalf\u201d kids and toss you later.<\/p>\n<p>Whichever the reason, you shouldn\u2019t be afraid to try them out. After all, all these could happen in your home country too.<\/p>\n<p>Now let\u2019s get on where to meet cute girls in Kyoto and how they compare to <a href=\"https:\/\/afarangabroad.com\/fr\/girls-in-tokyo\/\">Les filles de Tokyo<\/a>.<\/p>\n<h3>Centres commerciaux de Kyoto<\/h3>\n<p>C'est l'endroit le plus facile et probablement le meilleur pour rencontrer des filles \u00e0 Kyoto pendant la journ\u00e9e. Les filles de Kyoto aiment faire du shopping et Kyoto dispose de nombreux centres commerciaux pour \u00e9tancher cette soif.<\/p>\n<p><strong>En rapport<\/strong>: pour savoir comment utiliser <a href=\"https:\/\/afarangabroad.com\/fr\/tinder-japan\/\">Tinder au Japon<\/a>.<\/p>\n<p>One of the best areas in Kyoto to meet girls in malls is on Shijo Street.<\/p>","protected":false},"excerpt":{"rendered":"<p>Need to know where to meet beautiful girls in Kyoto? This post was written exclusively for you. I will provide you with places and tips that will hopefully win you a Kyoto darling. If you want to meet local girls in Kyoto for free,\u00a0check out this article. More and more men are traveling to Kyoto [&hellip;]<\/p>","protected":false},"author":2,"featured_media":10048,"parent":0,"menu_order":0,"comment_status":"open","ping_status":"open","template":"","meta":{"_exactmetrics_skip_tracking":false,"_exactmetrics_sitenote_active":false,"_exactmetrics_sitenote_note":"","_exactmetrics_sitenote_category":0,"footnotes":""},"categories":[335],"tags":[],"class_list":["post-10012","page","type-page","status-publish","has-post-thumbnail","hentry","category-japan"],"yoast_head":"<!-- This site is optimized with the Yoast SEO plugin v20.1 - https:\/\/yoast.com\/wordpress\/plugins\/seo\/ -->\n<title>7 Places to meet good Girls in Kyoto - A Farang Abroad<\/title>\n<meta name=\"description\" content=\"Need to know where to meet beautiful girls in Kyoto? This post was written exclusively for you. I will provide you with places and tips that will hopefully win you a Kyoto darling.\" \/>\n<meta name=\"robots\" content=\"index, follow, max-snippet:-1, max-image-preview:large, max-video-preview:-1\" \/>\n<link rel=\"canonical\" href=\"https:\/\/afarangabroad.com\/fr\/filles-a-kyoto\/\" \/>\n<meta property=\"og:locale\" content=\"fr_FR\" \/>\n<meta property=\"og:type\" content=\"article\" \/>\n<meta property=\"og:title\" content=\"7 Places to meet good Girls in Kyoto - A Farang Abroad\" \/>\n<meta property=\"og:description\" content=\"Need to know where to meet beautiful girls in Kyoto? This post was written exclusively for you. I will provide you with places and tips that will hopefully win you a Kyoto darling.\" \/>\n<meta property=\"og:url\" content=\"https:\/\/afarangabroad.com\/fr\/filles-a-kyoto\/\" \/>\n<meta property=\"og:site_name\" content=\"A Farang Abroad\" \/>\n<meta property=\"article:modified_time\" content=\"2020-05-19T04:29:25+00:00\" \/>\n<meta property=\"og:image\" content=\"https:\/\/afarangabroad.com\/wp-content\/uploads\/2018\/07\/Kyoto-women.jpg\" \/>\n\t<meta property=\"og:image:width\" content=\"640\" \/>\n\t<meta property=\"og:image:height\" content=\"426\" \/>\n\t<meta property=\"og:image:type\" content=\"image\/jpeg\" \/>\n<meta name=\"twitter:label1\" content=\"Dur\u00e9e de lecture estim\u00e9e\" \/>\n\t<meta name=\"twitter:data1\" content=\"6 minutes\" \/>\n<script type=\"application\/ld+json\" class=\"yoast-schema-graph\">{\"@context\":\"https:\/\/schema.org\",\"@graph\":[{\"@type\":\"WebPage\",\"@id\":\"https:\/\/afarangabroad.com\/girls-in-kyoto\/\",\"url\":\"https:\/\/afarangabroad.com\/girls-in-kyoto\/\",\"name\":\"7 Places to meet good Girls in Kyoto - A Farang Abroad\",\"isPartOf\":{\"@id\":\"https:\/\/afarangabroad.com\/#website\"},\"datePublished\":\"2018-07-25T06:29:04+00:00\",\"dateModified\":\"2020-05-19T04:29:25+00:00\",\"description\":\"Need to know where to meet beautiful girls in Kyoto? This post was written exclusively for you. I will provide you with places and tips that will hopefully win you a Kyoto darling.\",\"breadcrumb\":{\"@id\":\"https:\/\/afarangabroad.com\/girls-in-kyoto\/#breadcrumb\"},\"inLanguage\":\"fr-FR\",\"potentialAction\":[{\"@type\":\"ReadAction\",\"target\":[\"https:\/\/afarangabroad.com\/girls-in-kyoto\/\"]}]},{\"@type\":\"BreadcrumbList\",\"@id\":\"https:\/\/afarangabroad.com\/girls-in-kyoto\/#breadcrumb\",\"itemListElement\":[{\"@type\":\"ListItem\",\"position\":1,\"name\":\"Home\",\"item\":\"https:\/\/afarangabroad.com\/\"},{\"@type\":\"ListItem\",\"position\":2,\"name\":\"7 Places to meet good Girls in Kyoto\"}]},{\"@type\":\"WebSite\",\"@id\":\"https:\/\/afarangabroad.com\/#website\",\"url\":\"https:\/\/afarangabroad.com\/\",\"name\":\"A Farang Abroad\",\"description\":\"Your secret guide to Asia&#039;s sexiest nightlife.\",\"potentialAction\":[{\"@type\":\"SearchAction\",\"target\":{\"@type\":\"EntryPoint\",\"urlTemplate\":\"https:\/\/afarangabroad.com\/?s={search_term_string}\"},\"query-input\":\"required name=search_term_string\"}],\"inLanguage\":\"fr-FR\"}]}<\/script>\n<!-- \/ Yoast SEO plugin. -->","yoast_head_json":{"title":"7 Places to meet good Girls in Kyoto - A Farang Abroad","description":"Need to know where to meet beautiful girls in Kyoto? This post was written exclusively for you. I will provide you with places and tips that will hopefully win you a Kyoto darling.","robots":{"index":"index","follow":"follow","max-snippet":"max-snippet:-1","max-image-preview":"max-image-preview:large","max-video-preview":"max-video-preview:-1"},"canonical":"https:\/\/afarangabroad.com\/fr\/filles-a-kyoto\/","og_locale":"fr_FR","og_type":"article","og_title":"7 Places to meet good Girls in Kyoto - A Farang Abroad","og_description":"Need to know where to meet beautiful girls in Kyoto? This post was written exclusively for you. I will provide you with places and tips that will hopefully win you a Kyoto darling.","og_url":"https:\/\/afarangabroad.com\/fr\/filles-a-kyoto\/","og_site_name":"A Farang Abroad","article_modified_time":"2020-05-19T04:29:25+00:00","og_image":[{"width":"640","height":"426","url":"https:\/\/afarangabroad.com\/wp-content\/uploads\/2018\/07\/Kyoto-women.jpg","type":"image\/jpeg"}],"twitter_misc":{"Dur\u00e9e de lecture estim\u00e9e":"6 minutes"},"schema":{"@context":"https:\/\/schema.org","@graph":[{"@type":"WebPage","@id":"https:\/\/afarangabroad.com\/girls-in-kyoto\/","url":"https:\/\/afarangabroad.com\/girls-in-kyoto\/","name":"7 Places to meet good Girls in Kyoto - A Farang Abroad","isPartOf":{"@id":"https:\/\/afarangabroad.com\/#website"},"datePublished":"2018-07-25T06:29:04+00:00","dateModified":"2020-05-19T04:29:25+00:00","description":"Need to know where to meet beautiful girls in Kyoto? This post was written exclusively for you. I will provide you with places and tips that will hopefully win you a Kyoto darling.","breadcrumb":{"@id":"https:\/\/afarangabroad.com\/girls-in-kyoto\/#breadcrumb"},"inLanguage":"fr-FR","potentialAction":[{"@type":"ReadAction","target":["https:\/\/afarangabroad.com\/girls-in-kyoto\/"]}]},{"@type":"BreadcrumbList","@id":"https:\/\/afarangabroad.com\/girls-in-kyoto\/#breadcrumb","itemListElement":[{"@type":"ListItem","position":1,"name":"Home","item":"https:\/\/afarangabroad.com\/"},{"@type":"ListItem","position":2,"name":"7 Places to meet good Girls in Kyoto"}]},{"@type":"WebSite","@id":"https:\/\/afarangabroad.com\/#website","url":"https:\/\/afarangabroad.com\/","name":"A Farang Abroad","description":"Your secret guide to Asia&#039;s sexiest nightlife.","potentialAction":[{"@type":"SearchAction","target":{"@type":"EntryPoint","urlTemplate":"https:\/\/afarangabroad.com\/?s={search_term_string}"},"query-input":"required name=search_term_string"}],"inLanguage":"fr-FR"}]}},"_links":{"self":[{"href":"https:\/\/afarangabroad.com\/fr\/wp-json\/wp\/v2\/pages\/10012"}],"collection":[{"href":"https:\/\/afarangabroad.com\/fr\/wp-json\/wp\/v2\/pages"}],"about":[{"href":"https:\/\/afarangabroad.com\/fr\/wp-json\/wp\/v2\/types\/page"}],"author":[{"embeddable":true,"href":"https:\/\/afarangabroad.com\/fr\/wp-json\/wp\/v2\/users\/2"}],"replies":[{"embeddable":true,"href":"https:\/\/afarangabroad.com\/fr\/wp-json\/wp\/v2\/comments?post=10012"}],"version-history":[{"count":0,"href":"https:\/\/afarangabroad.com\/fr\/wp-json\/wp\/v2\/pages\/10012\/revisions"}],"wp:featuredmedia":[{"embeddable":true,"href":"https:\/\/afarangabroad.com\/fr\/wp-json\/wp\/v2\/media\/10048"}],"wp:attachment":[{"href":"https:\/\/afarangabroad.com\/fr\/wp-json\/wp\/v2\/media?parent=10012"}],"wp:term":[{"taxonomy":"category","embeddable":true,"href":"https:\/\/afarangabroad.com\/fr\/wp-json\/wp\/v2\/categories?post=10012"},{"taxonomy":"post_tag","embeddable":true,"href":"https:\/\/afarangabroad.com\/fr\/wp-json\/wp\/v2\/tags?post=10012"}],"curies":[{"name":"wp","href":"https:\/\/api.w.org\/{rel}","templated":true}]}}