{"id":10024,"date":"2018-07-24T13:16:33","date_gmt":"2018-07-24T12:16:33","guid":{"rendered":"https:\/\/afarangabroad.com\/?p=10024"},"modified":"2019-01-15T07:28:49","modified_gmt":"2019-01-15T07:28:49","slug":"wood-bar-bangkok","status":"publish","type":"page","link":"https:\/\/afarangabroad.com\/fr\/bar-a-bois-bangkok\/","title":{"rendered":"Critique de Wood Bar Bangkok"},"content":{"rendered":"<p>Bangkok propose de nombreux types de divertissements sexuels et le Wood Bar est l'un d'entre eux.<\/p>\n<p>Note : vous pouvez \u00e9galement lire mon guide sur la <a href=\"https:\/\/afarangabroad.com\/fr\/bangkok-blowjob-bars\/\">Les meilleurs bars \u00e0 pipes de Bangkok<\/a>.<\/p>\n<p>Certains de ces \u00e9tablissements pour adultes sont sp\u00e9cialis\u00e9s dans la fellation, avec de jolies filles qui font des fellations \u00e0 leurs clients. L'un des meilleurs bars \u00e0 pipes de la ville est le Wood Bar Bangkok.<\/p>\n<p>Si vous voulez obtenir\u00a0<strong>sex in Thailand for free<\/strong>\u00a0<a title=\"Utiliser Thai Friendly pour trouver une petite amie tha\u00eflandaise\" href=\"https:\/\/afarangabroad.com\/fr\/thai-cupid-dating-site\/\" target=\"_blank\" >Consultez cet article<\/a>.<a href=\"https:\/\/afarangabroad.com\/fr\/thai-cupid-dating-site\/\" target=\"_blank\" ><img loading=\"lazy\" decoding=\"async\" class=\"aligncenter wp-image-7259 size-large\" src=\"https:\/\/afarangabroad.com\/wp-content\/uploads\/2016\/06\/Meet-Thai-girls1-1024x691.png\" sizes=\"(max-width: 678px) 100vw, 678px\" srcset=\"https:\/\/afarangabroad.com\/wp-content\/uploads\/2016\/06\/Meet-Thai-girls1-1024x691.png 1024w, https:\/\/afarangabroad.com\/wp-content\/uploads\/2016\/06\/Meet-Thai-girls1-300x202.png 300w, https:\/\/afarangabroad.com\/wp-content\/uploads\/2016\/06\/Meet-Thai-girls1-720x486.png 720w, https:\/\/afarangabroad.com\/wp-content\/uploads\/2016\/06\/Meet-Thai-girls1.png 1038w\" alt=\"Meet Thai girls\" width=\"678\" height=\"458\" \/><\/a><\/p>\n<p>This place previously went by the name DrBJ\u2019s and is still a well lit up cock sucking bar.<\/p>\n<p>La plupart de son charme ext\u00e9rieur a peut-\u00eatre disparu apr\u00e8s avoir \u00e9t\u00e9 d\u00e9valis\u00e9 par les autorit\u00e9s, mais ceux qui visitent l'endroit en parlent en termes positifs. Vous trouverez encore une poign\u00e9e de <a href=\"https:\/\/afarangabroad.com\/fr\/thai-girls\/\">filles tha\u00eflandaises sexy<\/a>Il s'agit l\u00e0 d'un moyen d'attirer les hommes pour une rapide fellation.<\/p>\n<h2>Localisation<\/h2>\n<p>131\/31 Sukhumvit Soi 7\/1, en face du c\u00e9l\u00e8bre Nana Plaza et du Nana BTS.<\/p>\n<p>Entrez dans Sukhumvit Soi 7\/1, passez devant les Bangkok beats et marchez 30 m\u00e8tres sur votre droite. Vous verrez le Wood Bar Bangkok sur votre droite.<\/p>\n<h2>Heures d'ouverture<\/h2>\n<p>11 heures - 1 heure du matin, tous les jours.<\/p>\n<h2>Que se passe-t-il lorsque l'on se rend au Wood Bar Bangkok ?<\/h2>\n<p>Une fois entr\u00e9, prenez place au bar et commandez une bi\u00e8re. Vous aurez ainsi le temps de faire votre choix parmi les suceurs de bites experts.<\/p>\n<p>Le Wood Bar Bangkok dispose d'une clinique o\u00f9 les filles sont divis\u00e9es en deux : les infirmi\u00e8res et les consultantes.<\/p>","protected":false},"excerpt":{"rendered":"<p>Bangkok has many types of sexual entertainment and Wood Bar is one of them Note: you can also read my guide on the best blow job bars in Bangkok. Some of these adult establishments specialize in blow jobs with cute girls providing oral sex to their clients. Among the top blow job bars in the [&hellip;]<\/p>","protected":false},"author":2,"featured_media":263,"parent":0,"menu_order":0,"comment_status":"open","ping_status":"open","template":"","meta":{"_exactmetrics_skip_tracking":false,"_exactmetrics_sitenote_active":false,"_exactmetrics_sitenote_note":"","_exactmetrics_sitenote_category":0,"footnotes":""},"categories":[298],"tags":[],"class_list":["post-10024","page","type-page","status-publish","has-post-thumbnail","hentry","category-bangkok-nightlife"],"yoast_head":"<!-- This site is optimized with the Yoast SEO plugin v20.1 - https:\/\/yoast.com\/wordpress\/plugins\/seo\/ -->\n<title>Review of Wood Bar Bangkok - A Farang Abroad<\/title>\n<meta name=\"description\" content=\"Thinking about going to Wood Bar Bangkok? In this article I review the famous BJ bar Wood Bar, letting you know the price and experiance.\" \/>\n<meta name=\"robots\" content=\"index, follow, max-snippet:-1, max-image-preview:large, max-video-preview:-1\" \/>\n<link rel=\"canonical\" href=\"https:\/\/afarangabroad.com\/fr\/bar-a-bois-bangkok\/\" \/>\n<meta property=\"og:locale\" content=\"fr_FR\" \/>\n<meta property=\"og:type\" content=\"article\" \/>\n<meta property=\"og:title\" content=\"Review of Wood Bar Bangkok - A Farang Abroad\" \/>\n<meta property=\"og:description\" content=\"Thinking about going to Wood Bar Bangkok? In this article I review the famous BJ bar Wood Bar, letting you know the price and experiance.\" \/>\n<meta property=\"og:url\" content=\"https:\/\/afarangabroad.com\/fr\/bar-a-bois-bangkok\/\" \/>\n<meta property=\"og:site_name\" content=\"A Farang Abroad\" \/>\n<meta property=\"article:modified_time\" content=\"2019-01-15T07:28:49+00:00\" \/>\n<meta property=\"og:image\" content=\"https:\/\/afarangabroad.com\/wp-content\/uploads\/2013\/02\/Dr+BJ+I1.jpg\" \/>\n\t<meta property=\"og:image:width\" content=\"958\" \/>\n\t<meta property=\"og:image:height\" content=\"1600\" \/>\n\t<meta property=\"og:image:type\" content=\"image\/jpeg\" \/>\n<meta name=\"twitter:label1\" content=\"Dur\u00e9e de lecture estim\u00e9e\" \/>\n\t<meta name=\"twitter:data1\" content=\"5 minutes\" \/>\n<script type=\"application\/ld+json\" class=\"yoast-schema-graph\">{\"@context\":\"https:\/\/schema.org\",\"@graph\":[{\"@type\":\"WebPage\",\"@id\":\"https:\/\/afarangabroad.com\/wood-bar-bangkok\/\",\"url\":\"https:\/\/afarangabroad.com\/wood-bar-bangkok\/\",\"name\":\"Review of Wood Bar Bangkok - A Farang Abroad\",\"isPartOf\":{\"@id\":\"https:\/\/afarangabroad.com\/#website\"},\"datePublished\":\"2018-07-24T12:16:33+00:00\",\"dateModified\":\"2019-01-15T07:28:49+00:00\",\"description\":\"Thinking about going to Wood Bar Bangkok? In this article I review the famous BJ bar Wood Bar, letting you know the price and experiance.\",\"breadcrumb\":{\"@id\":\"https:\/\/afarangabroad.com\/wood-bar-bangkok\/#breadcrumb\"},\"inLanguage\":\"fr-FR\",\"potentialAction\":[{\"@type\":\"ReadAction\",\"target\":[\"https:\/\/afarangabroad.com\/wood-bar-bangkok\/\"]}]},{\"@type\":\"BreadcrumbList\",\"@id\":\"https:\/\/afarangabroad.com\/wood-bar-bangkok\/#breadcrumb\",\"itemListElement\":[{\"@type\":\"ListItem\",\"position\":1,\"name\":\"Home\",\"item\":\"https:\/\/afarangabroad.com\/\"},{\"@type\":\"ListItem\",\"position\":2,\"name\":\"Review of Wood Bar Bangkok\"}]},{\"@type\":\"WebSite\",\"@id\":\"https:\/\/afarangabroad.com\/#website\",\"url\":\"https:\/\/afarangabroad.com\/\",\"name\":\"A Farang Abroad\",\"description\":\"Your secret guide to Asia&#039;s sexiest nightlife.\",\"potentialAction\":[{\"@type\":\"SearchAction\",\"target\":{\"@type\":\"EntryPoint\",\"urlTemplate\":\"https:\/\/afarangabroad.com\/?s={search_term_string}\"},\"query-input\":\"required name=search_term_string\"}],\"inLanguage\":\"fr-FR\"}]}<\/script>\n<!-- \/ Yoast SEO plugin. -->","yoast_head_json":{"title":"Review of Wood Bar Bangkok - A Farang Abroad","description":"Thinking about going to Wood Bar Bangkok? In this article I review the famous BJ bar Wood Bar, letting you know the price and experiance.","robots":{"index":"index","follow":"follow","max-snippet":"max-snippet:-1","max-image-preview":"max-image-preview:large","max-video-preview":"max-video-preview:-1"},"canonical":"https:\/\/afarangabroad.com\/fr\/bar-a-bois-bangkok\/","og_locale":"fr_FR","og_type":"article","og_title":"Review of Wood Bar Bangkok - A Farang Abroad","og_description":"Thinking about going to Wood Bar Bangkok? In this article I review the famous BJ bar Wood Bar, letting you know the price and experiance.","og_url":"https:\/\/afarangabroad.com\/fr\/bar-a-bois-bangkok\/","og_site_name":"A Farang Abroad","article_modified_time":"2019-01-15T07:28:49+00:00","og_image":[{"width":958,"height":1600,"url":"https:\/\/afarangabroad.com\/wp-content\/uploads\/2013\/02\/Dr+BJ+I1.jpg","type":"image\/jpeg"}],"twitter_misc":{"Dur\u00e9e de lecture estim\u00e9e":"5 minutes"},"schema":{"@context":"https:\/\/schema.org","@graph":[{"@type":"WebPage","@id":"https:\/\/afarangabroad.com\/wood-bar-bangkok\/","url":"https:\/\/afarangabroad.com\/wood-bar-bangkok\/","name":"Review of Wood Bar Bangkok - A Farang Abroad","isPartOf":{"@id":"https:\/\/afarangabroad.com\/#website"},"datePublished":"2018-07-24T12:16:33+00:00","dateModified":"2019-01-15T07:28:49+00:00","description":"Thinking about going to Wood Bar Bangkok? In this article I review the famous BJ bar Wood Bar, letting you know the price and experiance.","breadcrumb":{"@id":"https:\/\/afarangabroad.com\/wood-bar-bangkok\/#breadcrumb"},"inLanguage":"fr-FR","potentialAction":[{"@type":"ReadAction","target":["https:\/\/afarangabroad.com\/wood-bar-bangkok\/"]}]},{"@type":"BreadcrumbList","@id":"https:\/\/afarangabroad.com\/wood-bar-bangkok\/#breadcrumb","itemListElement":[{"@type":"ListItem","position":1,"name":"Home","item":"https:\/\/afarangabroad.com\/"},{"@type":"ListItem","position":2,"name":"Review of Wood Bar Bangkok"}]},{"@type":"WebSite","@id":"https:\/\/afarangabroad.com\/#website","url":"https:\/\/afarangabroad.com\/","name":"A Farang Abroad","description":"Your secret guide to Asia&#039;s sexiest nightlife.","potentialAction":[{"@type":"SearchAction","target":{"@type":"EntryPoint","urlTemplate":"https:\/\/afarangabroad.com\/?s={search_term_string}"},"query-input":"required name=search_term_string"}],"inLanguage":"fr-FR"}]}},"_links":{"self":[{"href":"https:\/\/afarangabroad.com\/fr\/wp-json\/wp\/v2\/pages\/10024"}],"collection":[{"href":"https:\/\/afarangabroad.com\/fr\/wp-json\/wp\/v2\/pages"}],"about":[{"href":"https:\/\/afarangabroad.com\/fr\/wp-json\/wp\/v2\/types\/page"}],"author":[{"embeddable":true,"href":"https:\/\/afarangabroad.com\/fr\/wp-json\/wp\/v2\/users\/2"}],"replies":[{"embeddable":true,"href":"https:\/\/afarangabroad.com\/fr\/wp-json\/wp\/v2\/comments?post=10024"}],"version-history":[{"count":0,"href":"https:\/\/afarangabroad.com\/fr\/wp-json\/wp\/v2\/pages\/10024\/revisions"}],"wp:featuredmedia":[{"embeddable":true,"href":"https:\/\/afarangabroad.com\/fr\/wp-json\/wp\/v2\/media\/263"}],"wp:attachment":[{"href":"https:\/\/afarangabroad.com\/fr\/wp-json\/wp\/v2\/media?parent=10024"}],"wp:term":[{"taxonomy":"category","embeddable":true,"href":"https:\/\/afarangabroad.com\/fr\/wp-json\/wp\/v2\/categories?post=10024"},{"taxonomy":"post_tag","embeddable":true,"href":"https:\/\/afarangabroad.com\/fr\/wp-json\/wp\/v2\/tags?post=10024"}],"curies":[{"name":"wp","href":"https:\/\/api.w.org\/{rel}","templated":true}]}}