{"id":10153,"date":"2018-09-05T12:16:00","date_gmt":"2018-09-05T11:16:00","guid":{"rendered":"https:\/\/afarangabroad.com\/?p=10153"},"modified":"2020-05-01T04:46:11","modified_gmt":"2020-05-01T03:46:11","slug":"ladyboys-vietnam","status":"publish","type":"page","link":"https:\/\/afarangabroad.com\/fr\/ladyboys-vietnamiennes\/","title":{"rendered":"O\u00f9 trouver des ladyboys au Vi\u00eat Nam"},"content":{"rendered":"<p>Le Vi\u00eat Nam est l\u00e9gendaire et sa vie nocturne incroyable en est la preuve. Si vous prononcez le mot \"ladyboy\", la plupart des touristes sexuels penseront \u00e0 Bangkok. Mais les choses changent au Vi\u00eat Nam et je vais vous dire o\u00f9 vous pouvez vous amuser avec une petite communaut\u00e9 de ladyboys au Vi\u00eat Nam.<\/p>\n<p>Si vous voulez rencontrer des ladyboys au Vietnam gratuitement,\u00a0<a href=\"https:\/\/afarangabroad.com\/fr\/cupidon-vietnamien\/\" target=\"_blank\" rel=\"noopener noreferrer\">lire cet article<\/a>.<a href=\"https:\/\/afarangabroad.com\/fr\/cupidon-vietnamien\/\" target=\"_blank\" rel=\"noopener noreferrer\"><img loading=\"lazy\" decoding=\"async\" class=\"aligncenter size-large wp-image-7258\" src=\"https:\/\/afarangabroad.com\/wp-content\/uploads\/2016\/06\/Meet-Viet-Girls1-1024x691.png\" sizes=\"(max-width: 600px) 100vw, 600px\" srcset=\"https:\/\/afarangabroad.com\/wp-content\/uploads\/2016\/06\/Meet-Viet-Girls1-1024x691.png 1024w, https:\/\/afarangabroad.com\/wp-content\/uploads\/2016\/06\/Meet-Viet-Girls1-300x202.png 300w, https:\/\/afarangabroad.com\/wp-content\/uploads\/2016\/06\/Meet-Viet-Girls1-720x486.png 720w, https:\/\/afarangabroad.com\/wp-content\/uploads\/2016\/06\/Meet-Viet-Girls1.png 1038w\" alt=\"\" width=\"600\" height=\"405\" \/><\/a><\/p>\n<p>Au fil des ans, la <a href=\"https:\/\/www.forbes.com\/sites\/ralphjennings\/2017\/05\/25\/after-same-sex-marriage-in-taiwan-spotlight-turns-to-this-asian-country\/\">LGBT<\/a> \u00e9merge au Vi\u00eat Nam. La communaut\u00e9 locale est de plus en plus ouverte d'esprit malgr\u00e9 le peu d'efforts d\u00e9ploy\u00e9s par les autorit\u00e9s pour la l\u00e9galiser.<\/p>\n<p>Comme dans la plupart des autres pays, on pourrait penser que Hanoi est l'endroit o\u00f9 il faut se rendre si l'on aime les ladyboys. Ce n'est pas le cas au Vi\u00eat Nam. Saigon, connue localement sous le nom de Ho Chi Minh, a une plus grande concentration de bars \u00e0 ladyboys.<\/p>\n<p>Saigon est situ\u00e9e au pied de la Tha\u00eflande. Les ladyboys vietnamiennes y sont plus nombreuses, paradant le long des principales attractions touristiques dans l'espoir d'obtenir un client pour la nuit.<\/p>\n<p>Related : apprendre \u00e0 rencontrer des filles sur <a href=\"https:\/\/afarangabroad.com\/fr\/tinder-vietnam\/\">Tinder au Vietnam<\/a>.<\/p>\n<p>If you have ever been with Thai ladyboys, there won\u2019t be much difference in our case. The appearance is similar although ones in Thai have a more feminine appearance thanks to years of hormone replacement treatments.<\/p>\n<p>S'il existe des ladyboys naturelles, la plupart sont artificielles. Cela explique la faible concentration de transgenres au Vi\u00eat Nam, compte tenu de sa situation \u00e9conomique et du co\u00fbt \u00e9lev\u00e9 de l'op\u00e9ration.<\/p>\n<p>Enough with the dynamics of ladyboys in Vietnam, let\u2019s get to the details you need to get laid by a ladyboy in Vietnam.<\/p>\n<h2 style=\"text-align: center;\"><strong>Sites de rencontre <\/strong><\/h2>\n<h3><strong>Cupidon du Vietnam <\/strong><\/h3>\n<p><a href=\"https:\/\/afarangabroad.com\/fr\/cupidon-vietnamien\/\">Cupidon du Vietnam<\/a> est une autre option viable pour trouver des ladyboys au Vietnam. Contrairement \u00e0 MyLadyboyDate, Vietnam Cupid est orient\u00e9 vers la mise en relation de filles et de gar\u00e7ons, mais il y a aussi un bon nombre de ladyboys.<\/p>\n<p>There&#8217;s also a lot of <a href=\"https:\/\/afarangabroad.com\/fr\/filles-de-hanoi\/\">filles normales \u00e0 Hanoi<\/a> et <a href=\"https:\/\/afarangabroad.com\/fr\/girls-ho-chi-minh\/\">Femmes de Saigon<\/a> l\u00e0.<\/p>","protected":false},"excerpt":{"rendered":"<p>Vietnam is legendary and this is backed by its incredible nightlife. If you mention the word ladyboy, most sex tourists will think of Bangkok. Well, things are changing in Vietnam and I will tell you where to have fun with a small community of ladyboys in Vietnam. If you want to meet ladyboys in Vietnam [&hellip;]<\/p>","protected":false},"author":2,"featured_media":8379,"parent":0,"menu_order":0,"comment_status":"open","ping_status":"open","template":"","meta":{"_exactmetrics_skip_tracking":false,"_exactmetrics_sitenote_active":false,"_exactmetrics_sitenote_note":"","_exactmetrics_sitenote_category":0,"footnotes":""},"categories":[328],"tags":[],"class_list":["post-10153","page","type-page","status-publish","has-post-thumbnail","hentry","category-vietnam"],"yoast_head":"<!-- This site is optimized with the Yoast SEO plugin v20.1 - https:\/\/yoast.com\/wordpress\/plugins\/seo\/ -->\n<title>Where to find ladyboys in Vietnam - A Farang Abroad<\/title>\n<meta name=\"description\" content=\"In this article I&#039;ll show you where to meet ladyboys in Vietnam for free. As well as bars and clubs I&#039;ll also show you where to meet them online before your trip.\" \/>\n<meta name=\"robots\" content=\"index, follow, max-snippet:-1, max-image-preview:large, max-video-preview:-1\" \/>\n<link rel=\"canonical\" href=\"https:\/\/afarangabroad.com\/fr\/ladyboys-vietnamiennes\/\" \/>\n<meta property=\"og:locale\" content=\"fr_FR\" \/>\n<meta property=\"og:type\" content=\"article\" \/>\n<meta property=\"og:title\" content=\"Where to find ladyboys in Vietnam - A Farang Abroad\" \/>\n<meta property=\"og:description\" content=\"In this article I&#039;ll show you where to meet ladyboys in Vietnam for free. As well as bars and clubs I&#039;ll also show you where to meet them online before your trip.\" \/>\n<meta property=\"og:url\" content=\"https:\/\/afarangabroad.com\/fr\/ladyboys-vietnamiennes\/\" \/>\n<meta property=\"og:site_name\" content=\"A Farang Abroad\" \/>\n<meta property=\"article:modified_time\" content=\"2020-05-01T03:46:11+00:00\" \/>\n<meta property=\"og:image\" content=\"https:\/\/afarangabroad.com\/wp-content\/uploads\/2017\/04\/Sexy-Vietnam-girl.jpg\" \/>\n\t<meta property=\"og:image:width\" content=\"854\" \/>\n\t<meta property=\"og:image:height\" content=\"1280\" \/>\n\t<meta property=\"og:image:type\" content=\"image\/jpeg\" \/>\n<meta name=\"twitter:label1\" content=\"Dur\u00e9e de lecture estim\u00e9e\" \/>\n\t<meta name=\"twitter:data1\" content=\"4 minutes\" \/>\n<script type=\"application\/ld+json\" class=\"yoast-schema-graph\">{\"@context\":\"https:\/\/schema.org\",\"@graph\":[{\"@type\":\"WebPage\",\"@id\":\"https:\/\/afarangabroad.com\/ladyboys-vietnam\/\",\"url\":\"https:\/\/afarangabroad.com\/ladyboys-vietnam\/\",\"name\":\"Where to find ladyboys in Vietnam - A Farang Abroad\",\"isPartOf\":{\"@id\":\"https:\/\/afarangabroad.com\/#website\"},\"datePublished\":\"2018-09-05T11:16:00+00:00\",\"dateModified\":\"2020-05-01T03:46:11+00:00\",\"description\":\"In this article I'll show you where to meet ladyboys in Vietnam for free. As well as bars and clubs I'll also show you where to meet them online before your trip.\",\"breadcrumb\":{\"@id\":\"https:\/\/afarangabroad.com\/ladyboys-vietnam\/#breadcrumb\"},\"inLanguage\":\"fr-FR\",\"potentialAction\":[{\"@type\":\"ReadAction\",\"target\":[\"https:\/\/afarangabroad.com\/ladyboys-vietnam\/\"]}]},{\"@type\":\"BreadcrumbList\",\"@id\":\"https:\/\/afarangabroad.com\/ladyboys-vietnam\/#breadcrumb\",\"itemListElement\":[{\"@type\":\"ListItem\",\"position\":1,\"name\":\"Home\",\"item\":\"https:\/\/afarangabroad.com\/\"},{\"@type\":\"ListItem\",\"position\":2,\"name\":\"Where to find ladyboys in Vietnam\"}]},{\"@type\":\"WebSite\",\"@id\":\"https:\/\/afarangabroad.com\/#website\",\"url\":\"https:\/\/afarangabroad.com\/\",\"name\":\"A Farang Abroad\",\"description\":\"Your secret guide to Asia&#039;s sexiest nightlife.\",\"potentialAction\":[{\"@type\":\"SearchAction\",\"target\":{\"@type\":\"EntryPoint\",\"urlTemplate\":\"https:\/\/afarangabroad.com\/?s={search_term_string}\"},\"query-input\":\"required name=search_term_string\"}],\"inLanguage\":\"fr-FR\"}]}<\/script>\n<!-- \/ Yoast SEO plugin. -->","yoast_head_json":{"title":"Where to find ladyboys in Vietnam - A Farang Abroad","description":"In this article I'll show you where to meet ladyboys in Vietnam for free. As well as bars and clubs I'll also show you where to meet them online before your trip.","robots":{"index":"index","follow":"follow","max-snippet":"max-snippet:-1","max-image-preview":"max-image-preview:large","max-video-preview":"max-video-preview:-1"},"canonical":"https:\/\/afarangabroad.com\/fr\/ladyboys-vietnamiennes\/","og_locale":"fr_FR","og_type":"article","og_title":"Where to find ladyboys in Vietnam - A Farang Abroad","og_description":"In this article I'll show you where to meet ladyboys in Vietnam for free. As well as bars and clubs I'll also show you where to meet them online before your trip.","og_url":"https:\/\/afarangabroad.com\/fr\/ladyboys-vietnamiennes\/","og_site_name":"A Farang Abroad","article_modified_time":"2020-05-01T03:46:11+00:00","og_image":[{"width":854,"height":1280,"url":"https:\/\/afarangabroad.com\/wp-content\/uploads\/2017\/04\/Sexy-Vietnam-girl.jpg","type":"image\/jpeg"}],"twitter_misc":{"Dur\u00e9e de lecture estim\u00e9e":"4 minutes"},"schema":{"@context":"https:\/\/schema.org","@graph":[{"@type":"WebPage","@id":"https:\/\/afarangabroad.com\/ladyboys-vietnam\/","url":"https:\/\/afarangabroad.com\/ladyboys-vietnam\/","name":"Where to find ladyboys in Vietnam - A Farang Abroad","isPartOf":{"@id":"https:\/\/afarangabroad.com\/#website"},"datePublished":"2018-09-05T11:16:00+00:00","dateModified":"2020-05-01T03:46:11+00:00","description":"In this article I'll show you where to meet ladyboys in Vietnam for free. As well as bars and clubs I'll also show you where to meet them online before your trip.","breadcrumb":{"@id":"https:\/\/afarangabroad.com\/ladyboys-vietnam\/#breadcrumb"},"inLanguage":"fr-FR","potentialAction":[{"@type":"ReadAction","target":["https:\/\/afarangabroad.com\/ladyboys-vietnam\/"]}]},{"@type":"BreadcrumbList","@id":"https:\/\/afarangabroad.com\/ladyboys-vietnam\/#breadcrumb","itemListElement":[{"@type":"ListItem","position":1,"name":"Home","item":"https:\/\/afarangabroad.com\/"},{"@type":"ListItem","position":2,"name":"Where to find ladyboys in Vietnam"}]},{"@type":"WebSite","@id":"https:\/\/afarangabroad.com\/#website","url":"https:\/\/afarangabroad.com\/","name":"A Farang Abroad","description":"Your secret guide to Asia&#039;s sexiest nightlife.","potentialAction":[{"@type":"SearchAction","target":{"@type":"EntryPoint","urlTemplate":"https:\/\/afarangabroad.com\/?s={search_term_string}"},"query-input":"required name=search_term_string"}],"inLanguage":"fr-FR"}]}},"_links":{"self":[{"href":"https:\/\/afarangabroad.com\/fr\/wp-json\/wp\/v2\/pages\/10153"}],"collection":[{"href":"https:\/\/afarangabroad.com\/fr\/wp-json\/wp\/v2\/pages"}],"about":[{"href":"https:\/\/afarangabroad.com\/fr\/wp-json\/wp\/v2\/types\/page"}],"author":[{"embeddable":true,"href":"https:\/\/afarangabroad.com\/fr\/wp-json\/wp\/v2\/users\/2"}],"replies":[{"embeddable":true,"href":"https:\/\/afarangabroad.com\/fr\/wp-json\/wp\/v2\/comments?post=10153"}],"version-history":[{"count":0,"href":"https:\/\/afarangabroad.com\/fr\/wp-json\/wp\/v2\/pages\/10153\/revisions"}],"wp:featuredmedia":[{"embeddable":true,"href":"https:\/\/afarangabroad.com\/fr\/wp-json\/wp\/v2\/media\/8379"}],"wp:attachment":[{"href":"https:\/\/afarangabroad.com\/fr\/wp-json\/wp\/v2\/media?parent=10153"}],"wp:term":[{"taxonomy":"category","embeddable":true,"href":"https:\/\/afarangabroad.com\/fr\/wp-json\/wp\/v2\/categories?post=10153"},{"taxonomy":"post_tag","embeddable":true,"href":"https:\/\/afarangabroad.com\/fr\/wp-json\/wp\/v2\/tags?post=10153"}],"curies":[{"name":"wp","href":"https:\/\/api.w.org\/{rel}","templated":true}]}}