{"id":10156,"date":"2018-09-05T12:35:04","date_gmt":"2018-09-05T11:35:04","guid":{"rendered":"https:\/\/afarangabroad.com\/?p=10156"},"modified":"2019-09-22T13:31:15","modified_gmt":"2019-09-22T12:31:15","slug":"ladyboys-in-phuket","status":"publish","type":"page","link":"https:\/\/afarangabroad.com\/fr\/ladyboys-a-phuket\/","title":{"rendered":"6 Endroits o\u00f9 trouver des ladyboys \u00e0 Phuket"},"content":{"rendered":"<p>Il y a une explosion de<a href=\"https:\/\/afarangabroad.com\/fr\/ladyboys-a-phuket\/\"> Ladyboys en Tha\u00eflande<\/a>. avec de nombreuses ladyboys \u00e0 Phuket pour vous aussi.<\/p>\n<p>The number\u00a0one way to meet\u00a0Ladyboys in Phuket is through dating sites like\u00a0<a href=\"https:\/\/afarangabroad.com\/fr\/recommends\/ladyboydating\/\" target=\"_blank\" rel=\"nofollow noopener noreferrer\">Ami tha\u00eflandais<\/a>. Vous pouvez filtrer les filles par sexe, y compris les ladyboys, ou vous pouvez les rencontrer \u00e0 l'ext\u00e9rieur dans les bars et les clubs.<\/p>\n<p><a href=\"https:\/\/afarangabroad.com\/fr\/recommends\/ladyboydating\/\" target=\"_blank\" rel=\"nofollow noopener noreferrer\"><img loading=\"lazy\" decoding=\"async\" class=\"aligncenter wp-image-7640 size-large\" src=\"https:\/\/afarangabroad.com\/wp-content\/uploads\/2015\/10\/ladyboys-1024x691.png\" sizes=\"(max-width: 600px) 100vw, 600px\" srcset=\"https:\/\/afarangabroad.com\/wp-content\/uploads\/2015\/10\/ladyboys-1024x691.png 1024w, https:\/\/afarangabroad.com\/wp-content\/uploads\/2015\/10\/ladyboys-300x202.png 300w, https:\/\/afarangabroad.com\/wp-content\/uploads\/2015\/10\/ladyboys-768x518.png 768w, https:\/\/afarangabroad.com\/wp-content\/uploads\/2015\/10\/ladyboys-720x486.png 720w, https:\/\/afarangabroad.com\/wp-content\/uploads\/2015\/10\/ladyboys.png 1038w\" alt=\"coccinelles\" width=\"678\" height=\"458\" \/><\/a><\/p>\n<p>The rise in number is to quench the thirst of guys looking for their\u00a0 services. If you are a serious ladyboy lover or want to try them, you&#8217;ll find plenty of ladyboys in Phuket.<\/p>\n<p>Alors que d'autres villes de Tha\u00eflande comptent un grand nombre de ladyboys, Phuket est consid\u00e9r\u00e9e comme l'\u00eele des shemales. Bangkok est trop agit\u00e9e et Pattaya n'a pas de plages propres. Phuket est donc une destination privil\u00e9gi\u00e9e pour les touristes et les ladyboys affluent dans la ville pour rendre leur s\u00e9jour encore plus agr\u00e9able.<\/p>\n<p><em>Vous voulez savoir o\u00f9 aller \u00e0 Phuket ? Alors lisez mes guides sur :<\/em><\/p>\n<p><a href=\"https:\/\/afarangabroad.com\/fr\/les-meilleurs-bars-de-phuket\/\">Les meilleurs bars de Phuket<\/a><\/p>\n<p><a href=\"https:\/\/afarangabroad.com\/fr\/massage-sexuel-phuket\/\">O\u00f9 trouver des massages sexuels \u00e0 Patong<\/a><\/p>\n<p>Comment se rencontrer <a href=\"https:\/\/afarangabroad.com\/fr\/freelancers-phuket\/\">free-lances \u00e0 Phuket<\/a><\/p>\n<p>So how exactly is the scene? If you understand the hustle before one become an attractive ladyboy, you might assume that they do it for financial reasons.\u00a0 This is not to say that all ladyboys are hookers.<\/p>\n<p>Take Patong for instance, it\u2019s a major tourist attraction where you will meet ladyboys working in regular day jobs such as hotels, restaurants, bars, cafes, shopping malls etc. I was surprised to find some in the real estate industry which is booming in Phuket.<\/p>","protected":false},"excerpt":{"rendered":"<p>There is an explosion of ladyboys in Thailand. with many ladyboys in Phuket for you too. The number\u00a0one way to meet\u00a0Ladyboys in Phuket is through dating sites like\u00a0Thai Friendly. You can filter girls by gender including ladyboys, or you can meet them outside in bars and clubs. The rise in number is to quench the [&hellip;]<\/p>","protected":false},"author":2,"featured_media":10193,"parent":0,"menu_order":0,"comment_status":"open","ping_status":"closed","template":"","meta":{"_exactmetrics_skip_tracking":false,"_exactmetrics_sitenote_active":false,"_exactmetrics_sitenote_note":"","_exactmetrics_sitenote_category":0,"footnotes":""},"categories":[331],"tags":[],"class_list":["post-10156","page","type-page","status-publish","has-post-thumbnail","hentry","category-phuket-nightlife"],"yoast_head":"<!-- This site is optimized with the Yoast SEO plugin v20.1 - https:\/\/yoast.com\/wordpress\/plugins\/seo\/ -->\n<title>6 Places to find ladyboys in Phuket - A Farang Abroad<\/title>\n<meta name=\"description\" content=\"Are you looking to meet ladyboys in Phuket? In this article I&#039;ll show you where to find the best Phuket ladbyoys, how much they cost and how to make connections before you even get to Phuket!\" \/>\n<meta name=\"robots\" content=\"index, follow, max-snippet:-1, max-image-preview:large, max-video-preview:-1\" \/>\n<link rel=\"canonical\" href=\"https:\/\/afarangabroad.com\/fr\/ladyboys-a-phuket\/\" \/>\n<meta property=\"og:locale\" content=\"fr_FR\" \/>\n<meta property=\"og:type\" content=\"article\" \/>\n<meta property=\"og:title\" content=\"6 Places to find ladyboys in Phuket - A Farang Abroad\" \/>\n<meta property=\"og:description\" content=\"Are you looking to meet ladyboys in Phuket? In this article I&#039;ll show you where to find the best Phuket ladbyoys, how much they cost and how to make connections before you even get to Phuket!\" \/>\n<meta property=\"og:url\" content=\"https:\/\/afarangabroad.com\/fr\/ladyboys-a-phuket\/\" \/>\n<meta property=\"og:site_name\" content=\"A Farang Abroad\" \/>\n<meta property=\"article:modified_time\" content=\"2019-09-22T12:31:15+00:00\" \/>\n<meta property=\"og:image\" content=\"https:\/\/afarangabroad.com\/wp-content\/uploads\/2018\/09\/Ladyboys-in-Phuket.jpg\" \/>\n\t<meta property=\"og:image:width\" content=\"640\" \/>\n\t<meta property=\"og:image:height\" content=\"426\" \/>\n\t<meta property=\"og:image:type\" content=\"image\/jpeg\" \/>\n<meta name=\"twitter:label1\" content=\"Dur\u00e9e de lecture estim\u00e9e\" \/>\n\t<meta name=\"twitter:data1\" content=\"8 minutes\" \/>\n<script type=\"application\/ld+json\" class=\"yoast-schema-graph\">{\"@context\":\"https:\/\/schema.org\",\"@graph\":[{\"@type\":\"WebPage\",\"@id\":\"https:\/\/afarangabroad.com\/ladyboys-in-phuket\/\",\"url\":\"https:\/\/afarangabroad.com\/ladyboys-in-phuket\/\",\"name\":\"6 Places to find ladyboys in Phuket - A Farang Abroad\",\"isPartOf\":{\"@id\":\"https:\/\/afarangabroad.com\/#website\"},\"datePublished\":\"2018-09-05T11:35:04+00:00\",\"dateModified\":\"2019-09-22T12:31:15+00:00\",\"description\":\"Are you looking to meet ladyboys in Phuket? In this article I'll show you where to find the best Phuket ladbyoys, how much they cost and how to make connections before you even get to Phuket!\",\"breadcrumb\":{\"@id\":\"https:\/\/afarangabroad.com\/ladyboys-in-phuket\/#breadcrumb\"},\"inLanguage\":\"fr-FR\",\"potentialAction\":[{\"@type\":\"ReadAction\",\"target\":[\"https:\/\/afarangabroad.com\/ladyboys-in-phuket\/\"]}]},{\"@type\":\"BreadcrumbList\",\"@id\":\"https:\/\/afarangabroad.com\/ladyboys-in-phuket\/#breadcrumb\",\"itemListElement\":[{\"@type\":\"ListItem\",\"position\":1,\"name\":\"Home\",\"item\":\"https:\/\/afarangabroad.com\/\"},{\"@type\":\"ListItem\",\"position\":2,\"name\":\"6 Places to find ladyboys in Phuket\"}]},{\"@type\":\"WebSite\",\"@id\":\"https:\/\/afarangabroad.com\/#website\",\"url\":\"https:\/\/afarangabroad.com\/\",\"name\":\"A Farang Abroad\",\"description\":\"Your secret guide to Asia&#039;s sexiest nightlife.\",\"potentialAction\":[{\"@type\":\"SearchAction\",\"target\":{\"@type\":\"EntryPoint\",\"urlTemplate\":\"https:\/\/afarangabroad.com\/?s={search_term_string}\"},\"query-input\":\"required name=search_term_string\"}],\"inLanguage\":\"fr-FR\"}]}<\/script>\n<!-- \/ Yoast SEO plugin. -->","yoast_head_json":{"title":"6 Places to find ladyboys in Phuket - A Farang Abroad","description":"Are you looking to meet ladyboys in Phuket? In this article I'll show you where to find the best Phuket ladbyoys, how much they cost and how to make connections before you even get to Phuket!","robots":{"index":"index","follow":"follow","max-snippet":"max-snippet:-1","max-image-preview":"max-image-preview:large","max-video-preview":"max-video-preview:-1"},"canonical":"https:\/\/afarangabroad.com\/fr\/ladyboys-a-phuket\/","og_locale":"fr_FR","og_type":"article","og_title":"6 Places to find ladyboys in Phuket - A Farang Abroad","og_description":"Are you looking to meet ladyboys in Phuket? In this article I'll show you where to find the best Phuket ladbyoys, how much they cost and how to make connections before you even get to Phuket!","og_url":"https:\/\/afarangabroad.com\/fr\/ladyboys-a-phuket\/","og_site_name":"A Farang Abroad","article_modified_time":"2019-09-22T12:31:15+00:00","og_image":[{"width":"640","height":"426","url":"https:\/\/afarangabroad.com\/wp-content\/uploads\/2018\/09\/Ladyboys-in-Phuket.jpg","type":"image\/jpeg"}],"twitter_misc":{"Dur\u00e9e de lecture estim\u00e9e":"8 minutes"},"schema":{"@context":"https:\/\/schema.org","@graph":[{"@type":"WebPage","@id":"https:\/\/afarangabroad.com\/ladyboys-in-phuket\/","url":"https:\/\/afarangabroad.com\/ladyboys-in-phuket\/","name":"6 Places to find ladyboys in Phuket - A Farang Abroad","isPartOf":{"@id":"https:\/\/afarangabroad.com\/#website"},"datePublished":"2018-09-05T11:35:04+00:00","dateModified":"2019-09-22T12:31:15+00:00","description":"Are you looking to meet ladyboys in Phuket? In this article I'll show you where to find the best Phuket ladbyoys, how much they cost and how to make connections before you even get to Phuket!","breadcrumb":{"@id":"https:\/\/afarangabroad.com\/ladyboys-in-phuket\/#breadcrumb"},"inLanguage":"fr-FR","potentialAction":[{"@type":"ReadAction","target":["https:\/\/afarangabroad.com\/ladyboys-in-phuket\/"]}]},{"@type":"BreadcrumbList","@id":"https:\/\/afarangabroad.com\/ladyboys-in-phuket\/#breadcrumb","itemListElement":[{"@type":"ListItem","position":1,"name":"Home","item":"https:\/\/afarangabroad.com\/"},{"@type":"ListItem","position":2,"name":"6 Places to find ladyboys in Phuket"}]},{"@type":"WebSite","@id":"https:\/\/afarangabroad.com\/#website","url":"https:\/\/afarangabroad.com\/","name":"A Farang Abroad","description":"Your secret guide to Asia&#039;s sexiest nightlife.","potentialAction":[{"@type":"SearchAction","target":{"@type":"EntryPoint","urlTemplate":"https:\/\/afarangabroad.com\/?s={search_term_string}"},"query-input":"required name=search_term_string"}],"inLanguage":"fr-FR"}]}},"_links":{"self":[{"href":"https:\/\/afarangabroad.com\/fr\/wp-json\/wp\/v2\/pages\/10156"}],"collection":[{"href":"https:\/\/afarangabroad.com\/fr\/wp-json\/wp\/v2\/pages"}],"about":[{"href":"https:\/\/afarangabroad.com\/fr\/wp-json\/wp\/v2\/types\/page"}],"author":[{"embeddable":true,"href":"https:\/\/afarangabroad.com\/fr\/wp-json\/wp\/v2\/users\/2"}],"replies":[{"embeddable":true,"href":"https:\/\/afarangabroad.com\/fr\/wp-json\/wp\/v2\/comments?post=10156"}],"version-history":[{"count":0,"href":"https:\/\/afarangabroad.com\/fr\/wp-json\/wp\/v2\/pages\/10156\/revisions"}],"wp:featuredmedia":[{"embeddable":true,"href":"https:\/\/afarangabroad.com\/fr\/wp-json\/wp\/v2\/media\/10193"}],"wp:attachment":[{"href":"https:\/\/afarangabroad.com\/fr\/wp-json\/wp\/v2\/media?parent=10156"}],"wp:term":[{"taxonomy":"category","embeddable":true,"href":"https:\/\/afarangabroad.com\/fr\/wp-json\/wp\/v2\/categories?post=10156"},{"taxonomy":"post_tag","embeddable":true,"href":"https:\/\/afarangabroad.com\/fr\/wp-json\/wp\/v2\/tags?post=10156"}],"curies":[{"name":"wp","href":"https:\/\/api.w.org\/{rel}","templated":true}]}}