{"id":10208,"date":"2018-09-27T12:53:00","date_gmt":"2018-09-27T11:53:00","guid":{"rendered":"https:\/\/afarangabroad.com\/?p=10208"},"modified":"2019-04-02T04:08:20","modified_gmt":"2019-04-02T03:08:20","slug":"shanghai-hookers","status":"publish","type":"page","link":"https:\/\/afarangabroad.com\/fr\/putes-de-shanghai\/","title":{"rendered":"6 Endroits o\u00f9 trouver des prostitu\u00e9es \u00e0 Shanghai"},"content":{"rendered":"<p>Vous pr\u00e9voyez de visiter la Chine et vous voulez savoir o\u00f9 vous envoyer en l'air avec des prostitu\u00e9es de Shanghai ? Voici toutes les informations dont vous avez besoin.<\/p>\n<p>Vous voulez vous envoyer en l'air gratuitement \u00e0 Shanghai, <a href=\"https:\/\/afarangabroad.com\/fr\/china-love-cupid-review\/\" target=\"_blank\" >lire cet article<\/a>.<\/p>\n<p><a href=\"https:\/\/afarangabroad.com\/fr\/china-love-cupid-review\/\" target=\"_blank\" ><img loading=\"lazy\" decoding=\"async\" class=\"aligncenter size-large wp-image-8477\" src=\"https:\/\/afarangabroad.com\/wp-content\/uploads\/2017\/05\/meet-sexy-chiense-girls-1024x691.png\" sizes=\"(max-width: 678px) 100vw, 678px\" srcset=\"https:\/\/afarangabroad.com\/wp-content\/uploads\/2017\/05\/meet-sexy-chiense-girls-1024x691.png 1024w, https:\/\/afarangabroad.com\/wp-content\/uploads\/2017\/05\/meet-sexy-chiense-girls-300x202.png 300w, https:\/\/afarangabroad.com\/wp-content\/uploads\/2017\/05\/meet-sexy-chiense-girls-768x518.png 768w, https:\/\/afarangabroad.com\/wp-content\/uploads\/2017\/05\/meet-sexy-chiense-girls-720x486.png 720w, https:\/\/afarangabroad.com\/wp-content\/uploads\/2017\/05\/meet-sexy-chiense-girls.png 1038w\" alt=\"\" width=\"678\" height=\"458\" \/><\/a><\/p>\n<p>Les gens parlent de la Chine comme d'une m\u00e9tropole tr\u00e9pidante propice aux affaires. C'est vrai, mais la Chine est aussi une destination touristique de choix, avec une sc\u00e8ne de divertissement tr\u00e8s anim\u00e9e.<\/p>\n<p><iframe loading=\"lazy\" width=\"678\" height=\"381\" src=\"https:\/\/www.youtube.com\/embed\/fROjRBH5IEY?feature=oembed\" frameborder=\"0\" allow=\"accelerometer; autoplay; encrypted-media; gyroscope; picture-in-picture\" allowfullscreen><\/iframe><\/p>\n<p>Notre guide aujourd'hui explore <a href=\"https:\/\/afarangabroad.com\/fr\/vie-nocturne-a-shanghai\/\">Divertissements pour adultes \u00e0 Shanghai<\/a>La Chine est un pays o\u00f9 l'on trouve de tout, du happy massage \u00e0 Shanghai aux prostitu\u00e9es de rue, en passant par les bordels et les clubs de strip-tease. Saviez-vous que la Chine compte plus de 5 millions de prostitu\u00e9es, dont environ 700 000 travaillent \u00e0 Shanghai ?<\/p>\n<p>Finding Shanghai hookers is easy if you know where to narrow your search. It\u2019s worth to mention not all sex venues in China are hospitable to foreigners.<\/p>\n<p>Again, most of the girls do not speak English, and if they do it\u2019s at a basic level. This means you might need a translation tool to inquire for a specific requirement.<\/p>\n<h2>Putes dans les maisons closes<\/h2>\n<p>La prostitution est ill\u00e9gale en Chine, tout comme les maisons closes. C'est pourquoi vous ne verrez gu\u00e8re d'\u00e9tablissement proposant ouvertement des services sexuels.<\/p>\n<p>Les maisons closes se d\u00e9guisent plut\u00f4t en salons de massage ou en saunas, la plupart d'entre elles \u00e9tant situ\u00e9es dans les quartiers chauds de Shanghai.<\/p>\n<p>If you walk in the red district you will get approached either by pimps or the hookers themselves. Here are some of the best parlors:<\/p>","protected":false},"excerpt":{"rendered":"<p>Plan to visit China and want to know where to get laid by Shanghai hookers? Well here is all the information you need. Want to get laid for free in Shanghai, check out this article. People talk of China as being a bustling metropolis suitable for a business venture. While that is true, China is [&hellip;]<\/p>","protected":false},"author":2,"featured_media":11817,"parent":0,"menu_order":0,"comment_status":"open","ping_status":"open","template":"","meta":{"_exactmetrics_skip_tracking":false,"_exactmetrics_sitenote_active":false,"_exactmetrics_sitenote_note":"","_exactmetrics_sitenote_category":0,"footnotes":""},"categories":[334],"tags":[],"class_list":["post-10208","page","type-page","status-publish","has-post-thumbnail","hentry","category-china"],"yoast_head":"<!-- This site is optimized with the Yoast SEO plugin v20.1 - https:\/\/yoast.com\/wordpress\/plugins\/seo\/ -->\n<title>6 Places to find Shanghai hookers - A Farang Abroad<\/title>\n<meta name=\"description\" content=\"Learn where to find hookers in Shanghai, what you should expect to pay and other tips to avoid being scammed or ripped off with prostitutes.\" \/>\n<meta name=\"robots\" content=\"index, follow, max-snippet:-1, max-image-preview:large, max-video-preview:-1\" \/>\n<link rel=\"canonical\" href=\"https:\/\/afarangabroad.com\/fr\/putes-de-shanghai\/\" \/>\n<meta property=\"og:locale\" content=\"fr_FR\" \/>\n<meta property=\"og:type\" content=\"article\" \/>\n<meta property=\"og:title\" content=\"6 Places to find Shanghai hookers - A Farang Abroad\" \/>\n<meta property=\"og:description\" content=\"Learn where to find hookers in Shanghai, what you should expect to pay and other tips to avoid being scammed or ripped off with prostitutes.\" \/>\n<meta property=\"og:url\" content=\"https:\/\/afarangabroad.com\/fr\/putes-de-shanghai\/\" \/>\n<meta property=\"og:site_name\" content=\"A Farang Abroad\" \/>\n<meta property=\"article:modified_time\" content=\"2019-04-02T03:08:20+00:00\" \/>\n<meta property=\"og:image\" content=\"https:\/\/afarangabroad.com\/wp-content\/uploads\/2019\/03\/Shanghai-hookers-where-to-find-them.jpg\" \/>\n\t<meta property=\"og:image:width\" content=\"640\" \/>\n\t<meta property=\"og:image:height\" content=\"480\" \/>\n\t<meta property=\"og:image:type\" content=\"image\/jpeg\" \/>\n<meta name=\"twitter:label1\" content=\"Dur\u00e9e de lecture estim\u00e9e\" \/>\n\t<meta name=\"twitter:data1\" content=\"6 minutes\" \/>\n<script type=\"application\/ld+json\" class=\"yoast-schema-graph\">{\"@context\":\"https:\/\/schema.org\",\"@graph\":[{\"@type\":\"WebPage\",\"@id\":\"https:\/\/afarangabroad.com\/shanghai-hookers\/\",\"url\":\"https:\/\/afarangabroad.com\/shanghai-hookers\/\",\"name\":\"6 Places to find Shanghai hookers - A Farang Abroad\",\"isPartOf\":{\"@id\":\"https:\/\/afarangabroad.com\/#website\"},\"datePublished\":\"2018-09-27T11:53:00+00:00\",\"dateModified\":\"2019-04-02T03:08:20+00:00\",\"description\":\"Learn where to find hookers in Shanghai, what you should expect to pay and other tips to avoid being scammed or ripped off with prostitutes.\",\"breadcrumb\":{\"@id\":\"https:\/\/afarangabroad.com\/shanghai-hookers\/#breadcrumb\"},\"inLanguage\":\"fr-FR\",\"potentialAction\":[{\"@type\":\"ReadAction\",\"target\":[\"https:\/\/afarangabroad.com\/shanghai-hookers\/\"]}]},{\"@type\":\"BreadcrumbList\",\"@id\":\"https:\/\/afarangabroad.com\/shanghai-hookers\/#breadcrumb\",\"itemListElement\":[{\"@type\":\"ListItem\",\"position\":1,\"name\":\"Home\",\"item\":\"https:\/\/afarangabroad.com\/\"},{\"@type\":\"ListItem\",\"position\":2,\"name\":\"6 Places to find Shanghai hookers\"}]},{\"@type\":\"WebSite\",\"@id\":\"https:\/\/afarangabroad.com\/#website\",\"url\":\"https:\/\/afarangabroad.com\/\",\"name\":\"A Farang Abroad\",\"description\":\"Your secret guide to Asia&#039;s sexiest nightlife.\",\"potentialAction\":[{\"@type\":\"SearchAction\",\"target\":{\"@type\":\"EntryPoint\",\"urlTemplate\":\"https:\/\/afarangabroad.com\/?s={search_term_string}\"},\"query-input\":\"required name=search_term_string\"}],\"inLanguage\":\"fr-FR\"}]}<\/script>\n<!-- \/ Yoast SEO plugin. -->","yoast_head_json":{"title":"6 Places to find Shanghai hookers - A Farang Abroad","description":"Learn where to find hookers in Shanghai, what you should expect to pay and other tips to avoid being scammed or ripped off with prostitutes.","robots":{"index":"index","follow":"follow","max-snippet":"max-snippet:-1","max-image-preview":"max-image-preview:large","max-video-preview":"max-video-preview:-1"},"canonical":"https:\/\/afarangabroad.com\/fr\/putes-de-shanghai\/","og_locale":"fr_FR","og_type":"article","og_title":"6 Places to find Shanghai hookers - A Farang Abroad","og_description":"Learn where to find hookers in Shanghai, what you should expect to pay and other tips to avoid being scammed or ripped off with prostitutes.","og_url":"https:\/\/afarangabroad.com\/fr\/putes-de-shanghai\/","og_site_name":"A Farang Abroad","article_modified_time":"2019-04-02T03:08:20+00:00","og_image":[{"width":640,"height":480,"url":"https:\/\/afarangabroad.com\/wp-content\/uploads\/2019\/03\/Shanghai-hookers-where-to-find-them.jpg","type":"image\/jpeg"}],"twitter_misc":{"Dur\u00e9e de lecture estim\u00e9e":"6 minutes"},"schema":{"@context":"https:\/\/schema.org","@graph":[{"@type":"WebPage","@id":"https:\/\/afarangabroad.com\/shanghai-hookers\/","url":"https:\/\/afarangabroad.com\/shanghai-hookers\/","name":"6 Places to find Shanghai hookers - A Farang Abroad","isPartOf":{"@id":"https:\/\/afarangabroad.com\/#website"},"datePublished":"2018-09-27T11:53:00+00:00","dateModified":"2019-04-02T03:08:20+00:00","description":"Learn where to find hookers in Shanghai, what you should expect to pay and other tips to avoid being scammed or ripped off with prostitutes.","breadcrumb":{"@id":"https:\/\/afarangabroad.com\/shanghai-hookers\/#breadcrumb"},"inLanguage":"fr-FR","potentialAction":[{"@type":"ReadAction","target":["https:\/\/afarangabroad.com\/shanghai-hookers\/"]}]},{"@type":"BreadcrumbList","@id":"https:\/\/afarangabroad.com\/shanghai-hookers\/#breadcrumb","itemListElement":[{"@type":"ListItem","position":1,"name":"Home","item":"https:\/\/afarangabroad.com\/"},{"@type":"ListItem","position":2,"name":"6 Places to find Shanghai hookers"}]},{"@type":"WebSite","@id":"https:\/\/afarangabroad.com\/#website","url":"https:\/\/afarangabroad.com\/","name":"A Farang Abroad","description":"Your secret guide to Asia&#039;s sexiest nightlife.","potentialAction":[{"@type":"SearchAction","target":{"@type":"EntryPoint","urlTemplate":"https:\/\/afarangabroad.com\/?s={search_term_string}"},"query-input":"required name=search_term_string"}],"inLanguage":"fr-FR"}]}},"_links":{"self":[{"href":"https:\/\/afarangabroad.com\/fr\/wp-json\/wp\/v2\/pages\/10208"}],"collection":[{"href":"https:\/\/afarangabroad.com\/fr\/wp-json\/wp\/v2\/pages"}],"about":[{"href":"https:\/\/afarangabroad.com\/fr\/wp-json\/wp\/v2\/types\/page"}],"author":[{"embeddable":true,"href":"https:\/\/afarangabroad.com\/fr\/wp-json\/wp\/v2\/users\/2"}],"replies":[{"embeddable":true,"href":"https:\/\/afarangabroad.com\/fr\/wp-json\/wp\/v2\/comments?post=10208"}],"version-history":[{"count":0,"href":"https:\/\/afarangabroad.com\/fr\/wp-json\/wp\/v2\/pages\/10208\/revisions"}],"wp:featuredmedia":[{"embeddable":true,"href":"https:\/\/afarangabroad.com\/fr\/wp-json\/wp\/v2\/media\/11817"}],"wp:attachment":[{"href":"https:\/\/afarangabroad.com\/fr\/wp-json\/wp\/v2\/media?parent=10208"}],"wp:term":[{"taxonomy":"category","embeddable":true,"href":"https:\/\/afarangabroad.com\/fr\/wp-json\/wp\/v2\/categories?post=10208"},{"taxonomy":"post_tag","embeddable":true,"href":"https:\/\/afarangabroad.com\/fr\/wp-json\/wp\/v2\/tags?post=10208"}],"curies":[{"name":"wp","href":"https:\/\/api.w.org\/{rel}","templated":true}]}}