{"id":10225,"date":"2019-03-31T15:18:32","date_gmt":"2019-03-31T14:18:32","guid":{"rendered":"https:\/\/afarangabroad.com\/?p=10225"},"modified":"2024-10-16T23:38:54","modified_gmt":"2024-10-16T22:38:54","slug":"sex-guangzhou","status":"publish","type":"page","link":"https:\/\/afarangabroad.com\/fr\/sexe-guangzhou\/","title":{"rendered":"7 endroits pour faire l'amour \u00e0 Guangzhou"},"content":{"rendered":"<p>In this article you&#8217;ll learn where to find sex in Gungzhou, from clubs to brothels.<\/p>\n<p>Avec sa population \u00e9lev\u00e9e, <a href=\"https:\/\/afarangabroad.com\/fr\/vie-nocturne-a-guangzhou\/\">Vie nocturne \u00e0 Guangzhou<\/a> a beaucoup de filles mignonnes pr\u00eates \u00e0 vous offrir du sexe si vous avez de l'argent. Ce guide a pour but de vous fournir les meilleurs endroits pour trouver du sexe \u00e0 Guangzhou.<\/p>\n<p>Vous voulez vous envoyer en l'air gratuitement \u00e0 Guangzhou,\u00a0<a href=\"https:\/\/afarangabroad.com\/fr\/china-love-cupid-review\/\" target=\"_blank\" rel=\"noopener noreferrer\">lire cet article<\/a>.<a href=\"https:\/\/afarangabroad.com\/fr\/china-love-cupid-review\/\" target=\"_blank\" rel=\"noopener noreferrer\"><img loading=\"lazy\" decoding=\"async\" class=\"aligncenter size-large wp-image-8477\" src=\"https:\/\/afarangabroad.com\/wp-content\/uploads\/2017\/05\/meet-sexy-chiense-girls-1024x691.png\" sizes=\"(max-width: 678px) 100vw, 678px\" srcset=\"https:\/\/afarangabroad.com\/wp-content\/uploads\/2017\/05\/meet-sexy-chiense-girls-1024x691.png 1024w, https:\/\/afarangabroad.com\/wp-content\/uploads\/2017\/05\/meet-sexy-chiense-girls-300x202.png 300w, https:\/\/afarangabroad.com\/wp-content\/uploads\/2017\/05\/meet-sexy-chiense-girls-768x518.png 768w, https:\/\/afarangabroad.com\/wp-content\/uploads\/2017\/05\/meet-sexy-chiense-girls-720x486.png 720w, https:\/\/afarangabroad.com\/wp-content\/uploads\/2017\/05\/meet-sexy-chiense-girls.png 1038w\" alt=\"\" width=\"678\" height=\"458\" \/><\/a>La Chine n'est peut-\u00eatre pas une destination touristique sexuelle majeure compar\u00e9e \u00e0 la Tha\u00eflande ou au Vi\u00eat Nam, mais la plupart des prostitu\u00e9es de ce pays valent chaque centime. Les filles de Guangzhou, en particulier, sont charmantes, minces et agr\u00e9ables \u00e0 fr\u00e9quenter.<\/p>\n<p>Les filles de Guangzhou mainland aiment souvent s'habiller bien, avec une petite robe et des talons hauts. Promenez-vous dans l'un de ses quartiers et vous serez \u00e9tonn\u00e9 de ce que cette ville a \u00e0 offrir.<\/p>\n<p>Avant d'aborder les endroits o\u00f9 trouver du sexe \u00e0 Guangzhou, j'aimerais attirer votre attention sur quelques inconv\u00e9nients de ces filles : la langue.<\/p>\n<p>Comme dans beaucoup d'autres pays \u00e9trangers, vous devrez vous frayer un chemin \u00e0 travers la barri\u00e8re de la langue. \u00c0 Guangzhou, la plupart des filles travaillant dans l'industrie du sexe ont moins de 25 ans et sont en train d'apprendre l'anglais. Seules quelques-unes d'entre elles peuvent tenir une conversation d\u00e9cente en anglais.<\/p>\n<p><img loading=\"lazy\" decoding=\"async\" class=\"aligncenter size-full wp-image-11846\" src=\"https:\/\/afarangabroad.com\/wp-content\/uploads\/2018\/10\/guangzhou-for-sex.jpg\" alt=\"guangzhou for sex\" width=\"640\" height=\"424\" srcset=\"https:\/\/afarangabroad.com\/wp-content\/uploads\/2018\/10\/guangzhou-for-sex.jpg 640w, https:\/\/afarangabroad.com\/wp-content\/uploads\/2018\/10\/guangzhou-for-sex-300x199.jpg 300w\" sizes=\"(max-width: 640px) 100vw, 640px\" \/><\/p>\n<p>For such reasons, it\u2019s better if you have precise locations on where to bone these cute girls without too much talking. If you prefer day game, I suggest you learn some Chinese phrases as a conversation is somewhat mandatory for a successful encounter.<\/p>\n<p>Related : apprendre o\u00f9 <a href=\"https:\/\/afarangabroad.com\/fr\/putes-de-shanghai\/\">trouver des prostitu\u00e9es \u00e0 Shanghai<\/a> ou les meilleurs endroits pour <a href=\"https:\/\/afarangabroad.com\/fr\/sexe-a-pekin\/\">Le sexe \u00e0 P\u00e9kin<\/a>.<\/p>\n<p>For those who prefer going for it after nightfall, things are a bit easier. Most of these hookers will be drunk or in a business mode to do a lot of talking. Again, if you pick up someone at a nightclub and suggest you find some \u201cquieter\u201d place, it\u2019s not much about socializing.<\/p>\n<p>Apr\u00e8s avoir list\u00e9 les meilleurs endroits pour trouver des filles pour le sexe \u00e0 Guangzhou, je vais vous parler de China Cupid, l'un des meilleurs sites de rencontres en Chine avec tous les types de filles, des prostitu\u00e9es aux bonnes filles.<\/p>","protected":false},"excerpt":{"rendered":"<p>In this article you&#8217;ll learn where to find sex in Gungzhou, from clubs to brothels. With its high population, Guangzhou nightlife has plenty of cute girls ready to offer sex if you have the cash. This guide aims to provide you this the best places to find sex in Guangzhou. Want to get laid for [&hellip;]<\/p>","protected":false},"author":2,"featured_media":11846,"parent":0,"menu_order":0,"comment_status":"open","ping_status":"closed","template":"","meta":{"_exactmetrics_skip_tracking":false,"_exactmetrics_sitenote_active":false,"_exactmetrics_sitenote_note":"","_exactmetrics_sitenote_category":0,"footnotes":""},"categories":[334],"tags":[],"class_list":["post-10225","page","type-page","status-publish","has-post-thumbnail","hentry","category-china"],"yoast_head":"<!-- This site is optimized with the Yoast SEO plugin v20.1 - https:\/\/yoast.com\/wordpress\/plugins\/seo\/ -->\n<title>7 Places For Sex in Guangzhou - A Farang Abroad<\/title>\n<meta name=\"description\" content=\"In this guide you&#039;ll learn where to find sex in Guangzhou China. I&#039;ll provide you with the friendly brothels and the best bars and clubs in the city.\" \/>\n<meta name=\"robots\" content=\"index, follow, max-snippet:-1, max-image-preview:large, max-video-preview:-1\" \/>\n<link rel=\"canonical\" href=\"https:\/\/afarangabroad.com\/fr\/sexe-guangzhou\/\" \/>\n<meta property=\"og:locale\" content=\"fr_FR\" \/>\n<meta property=\"og:type\" content=\"article\" \/>\n<meta property=\"og:title\" content=\"7 Places For Sex in Guangzhou - A Farang Abroad\" \/>\n<meta property=\"og:description\" content=\"In this guide you&#039;ll learn where to find sex in Guangzhou China. I&#039;ll provide you with the friendly brothels and the best bars and clubs in the city.\" \/>\n<meta property=\"og:url\" content=\"https:\/\/afarangabroad.com\/fr\/sexe-guangzhou\/\" \/>\n<meta property=\"og:site_name\" content=\"A Farang Abroad\" \/>\n<meta property=\"article:modified_time\" content=\"2024-10-16T22:38:54+00:00\" \/>\n<meta property=\"og:image\" content=\"https:\/\/afarangabroad.com\/wp-content\/uploads\/2018\/10\/guangzhou-for-sex.jpg\" \/>\n\t<meta property=\"og:image:width\" content=\"640\" \/>\n\t<meta property=\"og:image:height\" content=\"424\" \/>\n\t<meta property=\"og:image:type\" content=\"image\/jpeg\" \/>\n<meta name=\"twitter:label1\" content=\"Dur\u00e9e de lecture estim\u00e9e\" \/>\n\t<meta name=\"twitter:data1\" content=\"8 minutes\" \/>\n<script type=\"application\/ld+json\" class=\"yoast-schema-graph\">{\"@context\":\"https:\/\/schema.org\",\"@graph\":[{\"@type\":\"WebPage\",\"@id\":\"https:\/\/afarangabroad.com\/sex-guangzhou\/\",\"url\":\"https:\/\/afarangabroad.com\/sex-guangzhou\/\",\"name\":\"7 Places For Sex in Guangzhou - A Farang Abroad\",\"isPartOf\":{\"@id\":\"https:\/\/afarangabroad.com\/#website\"},\"datePublished\":\"2019-03-31T14:18:32+00:00\",\"dateModified\":\"2024-10-16T22:38:54+00:00\",\"description\":\"In this guide you'll learn where to find sex in Guangzhou China. I'll provide you with the friendly brothels and the best bars and clubs in the city.\",\"breadcrumb\":{\"@id\":\"https:\/\/afarangabroad.com\/sex-guangzhou\/#breadcrumb\"},\"inLanguage\":\"fr-FR\",\"potentialAction\":[{\"@type\":\"ReadAction\",\"target\":[\"https:\/\/afarangabroad.com\/sex-guangzhou\/\"]}]},{\"@type\":\"BreadcrumbList\",\"@id\":\"https:\/\/afarangabroad.com\/sex-guangzhou\/#breadcrumb\",\"itemListElement\":[{\"@type\":\"ListItem\",\"position\":1,\"name\":\"Home\",\"item\":\"https:\/\/afarangabroad.com\/\"},{\"@type\":\"ListItem\",\"position\":2,\"name\":\"7 Places For Sex in Guangzhou\"}]},{\"@type\":\"WebSite\",\"@id\":\"https:\/\/afarangabroad.com\/#website\",\"url\":\"https:\/\/afarangabroad.com\/\",\"name\":\"A Farang Abroad\",\"description\":\"Your secret guide to Asia&#039;s sexiest nightlife.\",\"potentialAction\":[{\"@type\":\"SearchAction\",\"target\":{\"@type\":\"EntryPoint\",\"urlTemplate\":\"https:\/\/afarangabroad.com\/?s={search_term_string}\"},\"query-input\":\"required name=search_term_string\"}],\"inLanguage\":\"fr-FR\"}]}<\/script>\n<!-- \/ Yoast SEO plugin. -->","yoast_head_json":{"title":"7 Places For Sex in Guangzhou - A Farang Abroad","description":"In this guide you'll learn where to find sex in Guangzhou China. I'll provide you with the friendly brothels and the best bars and clubs in the city.","robots":{"index":"index","follow":"follow","max-snippet":"max-snippet:-1","max-image-preview":"max-image-preview:large","max-video-preview":"max-video-preview:-1"},"canonical":"https:\/\/afarangabroad.com\/fr\/sexe-guangzhou\/","og_locale":"fr_FR","og_type":"article","og_title":"7 Places For Sex in Guangzhou - A Farang Abroad","og_description":"In this guide you'll learn where to find sex in Guangzhou China. I'll provide you with the friendly brothels and the best bars and clubs in the city.","og_url":"https:\/\/afarangabroad.com\/fr\/sexe-guangzhou\/","og_site_name":"A Farang Abroad","article_modified_time":"2024-10-16T22:38:54+00:00","og_image":[{"width":640,"height":424,"url":"https:\/\/afarangabroad.com\/wp-content\/uploads\/2018\/10\/guangzhou-for-sex.jpg","type":"image\/jpeg"}],"twitter_misc":{"Dur\u00e9e de lecture estim\u00e9e":"8 minutes"},"schema":{"@context":"https:\/\/schema.org","@graph":[{"@type":"WebPage","@id":"https:\/\/afarangabroad.com\/sex-guangzhou\/","url":"https:\/\/afarangabroad.com\/sex-guangzhou\/","name":"7 Places For Sex in Guangzhou - A Farang Abroad","isPartOf":{"@id":"https:\/\/afarangabroad.com\/#website"},"datePublished":"2019-03-31T14:18:32+00:00","dateModified":"2024-10-16T22:38:54+00:00","description":"In this guide you'll learn where to find sex in Guangzhou China. I'll provide you with the friendly brothels and the best bars and clubs in the city.","breadcrumb":{"@id":"https:\/\/afarangabroad.com\/sex-guangzhou\/#breadcrumb"},"inLanguage":"fr-FR","potentialAction":[{"@type":"ReadAction","target":["https:\/\/afarangabroad.com\/sex-guangzhou\/"]}]},{"@type":"BreadcrumbList","@id":"https:\/\/afarangabroad.com\/sex-guangzhou\/#breadcrumb","itemListElement":[{"@type":"ListItem","position":1,"name":"Home","item":"https:\/\/afarangabroad.com\/"},{"@type":"ListItem","position":2,"name":"7 Places For Sex in Guangzhou"}]},{"@type":"WebSite","@id":"https:\/\/afarangabroad.com\/#website","url":"https:\/\/afarangabroad.com\/","name":"A Farang Abroad","description":"Your secret guide to Asia&#039;s sexiest nightlife.","potentialAction":[{"@type":"SearchAction","target":{"@type":"EntryPoint","urlTemplate":"https:\/\/afarangabroad.com\/?s={search_term_string}"},"query-input":"required name=search_term_string"}],"inLanguage":"fr-FR"}]}},"_links":{"self":[{"href":"https:\/\/afarangabroad.com\/fr\/wp-json\/wp\/v2\/pages\/10225"}],"collection":[{"href":"https:\/\/afarangabroad.com\/fr\/wp-json\/wp\/v2\/pages"}],"about":[{"href":"https:\/\/afarangabroad.com\/fr\/wp-json\/wp\/v2\/types\/page"}],"author":[{"embeddable":true,"href":"https:\/\/afarangabroad.com\/fr\/wp-json\/wp\/v2\/users\/2"}],"replies":[{"embeddable":true,"href":"https:\/\/afarangabroad.com\/fr\/wp-json\/wp\/v2\/comments?post=10225"}],"version-history":[{"count":1,"href":"https:\/\/afarangabroad.com\/fr\/wp-json\/wp\/v2\/pages\/10225\/revisions"}],"predecessor-version":[{"id":513644,"href":"https:\/\/afarangabroad.com\/fr\/wp-json\/wp\/v2\/pages\/10225\/revisions\/513644"}],"wp:featuredmedia":[{"embeddable":true,"href":"https:\/\/afarangabroad.com\/fr\/wp-json\/wp\/v2\/media\/11846"}],"wp:attachment":[{"href":"https:\/\/afarangabroad.com\/fr\/wp-json\/wp\/v2\/media?parent=10225"}],"wp:term":[{"taxonomy":"category","embeddable":true,"href":"https:\/\/afarangabroad.com\/fr\/wp-json\/wp\/v2\/categories?post=10225"},{"taxonomy":"post_tag","embeddable":true,"href":"https:\/\/afarangabroad.com\/fr\/wp-json\/wp\/v2\/tags?post=10225"}],"curies":[{"name":"wp","href":"https:\/\/api.w.org\/{rel}","templated":true}]}}