{"id":10229,"date":"2018-10-12T05:42:17","date_gmt":"2018-10-12T04:42:17","guid":{"rendered":"https:\/\/afarangabroad.com\/?p=10229"},"modified":"2019-04-02T04:08:46","modified_gmt":"2019-04-02T03:08:46","slug":"chinese-hookers","status":"publish","type":"page","link":"https:\/\/afarangabroad.com\/fr\/putes-chinoises\/","title":{"rendered":"6 endroits pour rencontrer des prostitu\u00e9es chinoises"},"content":{"rendered":"<p>In this article you&#8217;ll learn where to meet Chinese hookers.<\/p>\n<p>China is not a top sex tourist destination but that does mean you can\u2019t get laid for a fee.<\/p>\n<p>Vous voulez vous envoyer en l'air gratuitement en Chine, <a href=\"https:\/\/afarangabroad.com\/fr\/china-love-cupid-review\/\" target=\"_blank\" >lire cet article<\/a>.<a href=\"https:\/\/afarangabroad.com\/fr\/china-love-cupid-review\/\" target=\"_blank\" ><img loading=\"lazy\" decoding=\"async\" class=\"aligncenter size-large wp-image-8477\" src=\"https:\/\/afarangabroad.com\/wp-content\/uploads\/2017\/05\/meet-sexy-chiense-girls-1024x691.png\" sizes=\"(max-width: 678px) 100vw, 678px\" srcset=\"https:\/\/afarangabroad.com\/wp-content\/uploads\/2017\/05\/meet-sexy-chiense-girls-1024x691.png 1024w, https:\/\/afarangabroad.com\/wp-content\/uploads\/2017\/05\/meet-sexy-chiense-girls-300x202.png 300w, https:\/\/afarangabroad.com\/wp-content\/uploads\/2017\/05\/meet-sexy-chiense-girls-768x518.png 768w, https:\/\/afarangabroad.com\/wp-content\/uploads\/2017\/05\/meet-sexy-chiense-girls-720x486.png 720w, https:\/\/afarangabroad.com\/wp-content\/uploads\/2017\/05\/meet-sexy-chiense-girls.png 1038w\" alt=\"\" width=\"678\" height=\"458\"><\/a><\/p>\n<p>Cet article ne se contente pas de r\u00e9pondre \u00e0 cette question, il vous donne \u00e9galement quelques conseils sur la mani\u00e8re de traiter avec une prostitu\u00e9e chinoise, compte tenu de la nature de l'industrie et d'autres diff\u00e9rences.<\/p>\n<p>If you have noticed, you won\u2019t get much information about Chinese sex industry online. That might be because there is limited information online.<\/p>\n<p>En ce qui nous concerne, nous disposons de connaissances approfondies provenant directement du terrain. Maintenant, arr\u00eatez d'imaginer le nombre de prostitu\u00e9es avec lesquelles j'ai couch\u00e9 pour vous fournir toutes ces informations cr\u00e9dibles.<\/p>\n<p>Il n'en reste pas moins que si je dois sauter dans le lit de 100 prostitu\u00e9es chinoises juste pour obtenir les bonnes informations pour un fr\u00e8re, je le ferais encore et encore. Vous pouvez me remercier dans la bo\u00eete de commentaires.<\/p>\n<p>Revenons maintenant \u00e0 la recherche de ces filles chinoises. L'astuce num\u00e9ro un pour faciliter l'acc\u00e8s aux pantalons des prostitu\u00e9es chinoises est de savoir o\u00f9 les trouver.<\/p>\n<p>La Chine n'est peut-\u00eatre pas un pays populaire pour la vente de services sexuels, mais l'endroit o\u00f9 l'on peut les trouver est similaire \u00e0 celui d'une destination touristique de premier plan, comme la Tha\u00eflande.<\/p>\n<p>Si vous n'\u00eates pas nouveau sur notre blog, vous avez peut-\u00eatre remarqu\u00e9 une corr\u00e9lation entre les zones touristiques et les prostitu\u00e9es, l'alcool et les prostitu\u00e9es, les plages et les prostitu\u00e9es, les sites de rencontre en ligne et les prostitu\u00e9es.<\/p>\n<p>China is no exemption. Now let\u2019s dive right into it.<\/p>","protected":false},"excerpt":{"rendered":"<p>In this article you&#8217;ll learn where to meet Chinese hookers. China is not a top sex tourist destination but that does mean you can\u2019t get laid for a fee. Want to get laid for free in China, check out this article. Well, this post will not only answer such question but also provide you with [&hellip;]<\/p>","protected":false},"author":2,"featured_media":0,"parent":0,"menu_order":0,"comment_status":"open","ping_status":"open","template":"","meta":{"_exactmetrics_skip_tracking":false,"_exactmetrics_sitenote_active":false,"_exactmetrics_sitenote_note":"","_exactmetrics_sitenote_category":0,"footnotes":""},"categories":[334],"tags":[],"class_list":["post-10229","page","type-page","status-publish","hentry","category-china"],"yoast_head":"<!-- This site is optimized with the Yoast SEO plugin v20.1 - https:\/\/yoast.com\/wordpress\/plugins\/seo\/ -->\n<title>6 Spots to Meet Chinese hookers - A Farang Abroad<\/title>\n<meta name=\"description\" content=\"Are you looking to meet Chinese hookers on your next trip to China? In this article learn where to find prostitutes and how much they cost.\" \/>\n<meta name=\"robots\" content=\"index, follow, max-snippet:-1, max-image-preview:large, max-video-preview:-1\" \/>\n<link rel=\"canonical\" href=\"https:\/\/afarangabroad.com\/fr\/putes-chinoises\/\" \/>\n<meta property=\"og:locale\" content=\"fr_FR\" \/>\n<meta property=\"og:type\" content=\"article\" \/>\n<meta property=\"og:title\" content=\"6 Spots to Meet Chinese hookers - A Farang Abroad\" \/>\n<meta property=\"og:description\" content=\"Are you looking to meet Chinese hookers on your next trip to China? In this article learn where to find prostitutes and how much they cost.\" \/>\n<meta property=\"og:url\" content=\"https:\/\/afarangabroad.com\/fr\/putes-chinoises\/\" \/>\n<meta property=\"og:site_name\" content=\"A Farang Abroad\" \/>\n<meta property=\"article:modified_time\" content=\"2019-04-02T03:08:46+00:00\" \/>\n<meta property=\"og:image\" content=\"https:\/\/afarangabroad.com\/wp-content\/uploads\/2017\/05\/meet-sexy-chiense-girls-1024x691.png\" \/>\n<meta name=\"twitter:label1\" content=\"Dur\u00e9e de lecture estim\u00e9e\" \/>\n\t<meta name=\"twitter:data1\" content=\"7 minutes\" \/>\n<script type=\"application\/ld+json\" class=\"yoast-schema-graph\">{\"@context\":\"https:\/\/schema.org\",\"@graph\":[{\"@type\":\"WebPage\",\"@id\":\"https:\/\/afarangabroad.com\/chinese-hookers\/\",\"url\":\"https:\/\/afarangabroad.com\/chinese-hookers\/\",\"name\":\"6 Spots to Meet Chinese hookers - A Farang Abroad\",\"isPartOf\":{\"@id\":\"https:\/\/afarangabroad.com\/#website\"},\"datePublished\":\"2018-10-12T04:42:17+00:00\",\"dateModified\":\"2019-04-02T03:08:46+00:00\",\"description\":\"Are you looking to meet Chinese hookers on your next trip to China? In this article learn where to find prostitutes and how much they cost.\",\"breadcrumb\":{\"@id\":\"https:\/\/afarangabroad.com\/chinese-hookers\/#breadcrumb\"},\"inLanguage\":\"fr-FR\",\"potentialAction\":[{\"@type\":\"ReadAction\",\"target\":[\"https:\/\/afarangabroad.com\/chinese-hookers\/\"]}]},{\"@type\":\"BreadcrumbList\",\"@id\":\"https:\/\/afarangabroad.com\/chinese-hookers\/#breadcrumb\",\"itemListElement\":[{\"@type\":\"ListItem\",\"position\":1,\"name\":\"Home\",\"item\":\"https:\/\/afarangabroad.com\/\"},{\"@type\":\"ListItem\",\"position\":2,\"name\":\"6 Spots to Meet Chinese hookers\"}]},{\"@type\":\"WebSite\",\"@id\":\"https:\/\/afarangabroad.com\/#website\",\"url\":\"https:\/\/afarangabroad.com\/\",\"name\":\"A Farang Abroad\",\"description\":\"Your secret guide to Asia&#039;s sexiest nightlife.\",\"potentialAction\":[{\"@type\":\"SearchAction\",\"target\":{\"@type\":\"EntryPoint\",\"urlTemplate\":\"https:\/\/afarangabroad.com\/?s={search_term_string}\"},\"query-input\":\"required name=search_term_string\"}],\"inLanguage\":\"fr-FR\"}]}<\/script>\n<!-- \/ Yoast SEO plugin. -->","yoast_head_json":{"title":"6 Spots to Meet Chinese hookers - A Farang Abroad","description":"Are you looking to meet Chinese hookers on your next trip to China? In this article learn where to find prostitutes and how much they cost.","robots":{"index":"index","follow":"follow","max-snippet":"max-snippet:-1","max-image-preview":"max-image-preview:large","max-video-preview":"max-video-preview:-1"},"canonical":"https:\/\/afarangabroad.com\/fr\/putes-chinoises\/","og_locale":"fr_FR","og_type":"article","og_title":"6 Spots to Meet Chinese hookers - A Farang Abroad","og_description":"Are you looking to meet Chinese hookers on your next trip to China? In this article learn where to find prostitutes and how much they cost.","og_url":"https:\/\/afarangabroad.com\/fr\/putes-chinoises\/","og_site_name":"A Farang Abroad","article_modified_time":"2019-04-02T03:08:46+00:00","og_image":[{"url":"https:\/\/afarangabroad.com\/wp-content\/uploads\/2017\/05\/meet-sexy-chiense-girls-1024x691.png"}],"twitter_misc":{"Dur\u00e9e de lecture estim\u00e9e":"7 minutes"},"schema":{"@context":"https:\/\/schema.org","@graph":[{"@type":"WebPage","@id":"https:\/\/afarangabroad.com\/chinese-hookers\/","url":"https:\/\/afarangabroad.com\/chinese-hookers\/","name":"6 Spots to Meet Chinese hookers - A Farang Abroad","isPartOf":{"@id":"https:\/\/afarangabroad.com\/#website"},"datePublished":"2018-10-12T04:42:17+00:00","dateModified":"2019-04-02T03:08:46+00:00","description":"Are you looking to meet Chinese hookers on your next trip to China? In this article learn where to find prostitutes and how much they cost.","breadcrumb":{"@id":"https:\/\/afarangabroad.com\/chinese-hookers\/#breadcrumb"},"inLanguage":"fr-FR","potentialAction":[{"@type":"ReadAction","target":["https:\/\/afarangabroad.com\/chinese-hookers\/"]}]},{"@type":"BreadcrumbList","@id":"https:\/\/afarangabroad.com\/chinese-hookers\/#breadcrumb","itemListElement":[{"@type":"ListItem","position":1,"name":"Home","item":"https:\/\/afarangabroad.com\/"},{"@type":"ListItem","position":2,"name":"6 Spots to Meet Chinese hookers"}]},{"@type":"WebSite","@id":"https:\/\/afarangabroad.com\/#website","url":"https:\/\/afarangabroad.com\/","name":"A Farang Abroad","description":"Your secret guide to Asia&#039;s sexiest nightlife.","potentialAction":[{"@type":"SearchAction","target":{"@type":"EntryPoint","urlTemplate":"https:\/\/afarangabroad.com\/?s={search_term_string}"},"query-input":"required name=search_term_string"}],"inLanguage":"fr-FR"}]}},"_links":{"self":[{"href":"https:\/\/afarangabroad.com\/fr\/wp-json\/wp\/v2\/pages\/10229"}],"collection":[{"href":"https:\/\/afarangabroad.com\/fr\/wp-json\/wp\/v2\/pages"}],"about":[{"href":"https:\/\/afarangabroad.com\/fr\/wp-json\/wp\/v2\/types\/page"}],"author":[{"embeddable":true,"href":"https:\/\/afarangabroad.com\/fr\/wp-json\/wp\/v2\/users\/2"}],"replies":[{"embeddable":true,"href":"https:\/\/afarangabroad.com\/fr\/wp-json\/wp\/v2\/comments?post=10229"}],"version-history":[{"count":0,"href":"https:\/\/afarangabroad.com\/fr\/wp-json\/wp\/v2\/pages\/10229\/revisions"}],"wp:attachment":[{"href":"https:\/\/afarangabroad.com\/fr\/wp-json\/wp\/v2\/media?parent=10229"}],"wp:term":[{"taxonomy":"category","embeddable":true,"href":"https:\/\/afarangabroad.com\/fr\/wp-json\/wp\/v2\/categories?post=10229"},{"taxonomy":"post_tag","embeddable":true,"href":"https:\/\/afarangabroad.com\/fr\/wp-json\/wp\/v2\/tags?post=10229"}],"curies":[{"name":"wp","href":"https:\/\/api.w.org\/{rel}","templated":true}]}}