{"id":10236,"date":"2018-10-13T09:11:46","date_gmt":"2018-10-13T08:11:46","guid":{"rendered":"https:\/\/afarangabroad.com\/?p=10236"},"modified":"2019-04-02T04:06:26","modified_gmt":"2019-04-02T03:06:26","slug":"guangzhou-nightlife","status":"publish","type":"page","link":"https:\/\/afarangabroad.com\/fr\/vie-nocturne-a-guangzhou\/","title":{"rendered":"Guide ultime de la vie nocturne \u00e0 Guangzhou"},"content":{"rendered":"<p>Guangzhou, also known as Canton, is another China\u2019s most developed city. The population is huge and the nightlife is kickass. If you love model size girls with pretty faces and fun to be with, then Guangzhou nightlife is what you need.<\/p>\n<p>Vous voulez vous envoyer en l'air gratuitement \u00e0 Guangzhou,\u00a0<a href=\"https:\/\/afarangabroad.com\/fr\/china-love-cupid-review\/\" target=\"_blank\" >lire cet article<\/a>.<\/p>\n<p><a href=\"https:\/\/afarangabroad.com\/fr\/china-love-cupid-review\/\" target=\"_blank\" ><img loading=\"lazy\" decoding=\"async\" class=\"aligncenter size-large wp-image-8477\" src=\"https:\/\/afarangabroad.com\/wp-content\/uploads\/2017\/05\/meet-sexy-chiense-girls-1024x691.png\" sizes=\"(max-width: 678px) 100vw, 678px\" srcset=\"https:\/\/afarangabroad.com\/wp-content\/uploads\/2017\/05\/meet-sexy-chiense-girls-1024x691.png 1024w, https:\/\/afarangabroad.com\/wp-content\/uploads\/2017\/05\/meet-sexy-chiense-girls-300x202.png 300w, https:\/\/afarangabroad.com\/wp-content\/uploads\/2017\/05\/meet-sexy-chiense-girls-768x518.png 768w, https:\/\/afarangabroad.com\/wp-content\/uploads\/2017\/05\/meet-sexy-chiense-girls-720x486.png 720w, https:\/\/afarangabroad.com\/wp-content\/uploads\/2017\/05\/meet-sexy-chiense-girls.png 1038w\" alt=\"\" width=\"678\" height=\"458\" \/><\/a><\/p>\n<p>Il y a beaucoup d'endroits o\u00f9 vous pouvez vous amuser \u00e0 Guangzhou. Dans cet article, nous allons \u00e9num\u00e9rer les endroits o\u00f9 vous pourrez passer du bon temps avec les filles locales.<\/p>\n<h2>Clubs de Guangzhou<\/h2>\n<p>Toute vie nocturne est incompl\u00e8te sans clubs. C'est l\u00e0 que l'on va quand on a envie de se saouler et de faire des folies.<\/p>\n<p>Heureusement, la vie nocturne de Guangzhou en offre beaucoup et les filles de Guangzhou sont nombreuses \u00e0 venir s'assurer que vous vous amusez bien.<\/p>\n<p>Si vous pr\u00e9voyez de visiter la ville, vous devez monter dans au moins deux de ces clubs.<\/p>\n<p>Si vous avez l'intention de vous rendre \u00e0 Shanghai, voici quelques articles que j'ai r\u00e9dig\u00e9s \u00e0 ce sujet. <a href=\"https:\/\/afarangabroad.com\/fr\/filles-de-shanghai\/\">Les filles de Shanghai<\/a>\u00a0et le meilleur <a href=\"https:\/\/afarangabroad.com\/fr\/vie-nocturne-a-shanghai\/\">Vie nocturne \u00e0 Shanghai<\/a>.<\/p>\n<h3>Club de golf<\/h3>\n<ul>\n<li>Adresse : Porte nord du parc Yuexiu, Guangzhou<\/li>\n<li>Open hour: 0800 &#8211; 0230, Daily<\/li>\n<\/ul>\n<p>If you look at this area, it&#8217;s difficult to imagine the place with a nightclub. This tranquil surrounding immediately transform once you step inside the club.<\/p>\n<p>La plupart des locaux recommandent ce club pour trouver les plus beaux ravers.<\/p>\n<h3>Les vraies couleurs<\/h3>\n<ul>\n<li>Adresse : 276 Yanjiang Middle Road, Guangzhou 276 Yanjiang Middle Road, Guangzhou<\/li>\n<li>Heures d'ouverture : 0830-0400, tous les jours<\/li>\n<\/ul>\n<p>Cette zone est parsem\u00e9e de bars, qui constituent \u00e9galement un bon point de d\u00e9part.<a href=\"https:\/\/afarangabroad.com\/fr\/beijing-nightlife-guide\/\"> rencontrer des filles chinoises.<\/a> Toutefois, si vous souhaitez une soir\u00e9e anim\u00e9e, le club True colors est le meilleur endroit o\u00f9 aller.<\/p>","protected":false},"excerpt":{"rendered":"<p>Guangzhou, also known as Canton, is another China\u2019s most developed city. The population is huge and the nightlife is kickass. If you love model size girls with pretty faces and fun to be with, then Guangzhou nightlife is what you need. Want to get laid for free in Guangzhou,\u00a0check out this article. There are lots [&hellip;]<\/p>","protected":false},"author":2,"featured_media":11846,"parent":0,"menu_order":0,"comment_status":"open","ping_status":"closed","template":"","meta":{"_exactmetrics_skip_tracking":false,"_exactmetrics_sitenote_active":false,"_exactmetrics_sitenote_note":"","_exactmetrics_sitenote_category":0,"footnotes":""},"categories":[334],"tags":[],"class_list":["post-10236","page","type-page","status-publish","has-post-thumbnail","hentry","category-china"],"yoast_head":"<!-- This site is optimized with the Yoast SEO plugin v20.1 - https:\/\/yoast.com\/wordpress\/plugins\/seo\/ -->\n<title>Ultimate Guangzhou Nightlife Guide - A Farang Abroad<\/title>\n<meta name=\"description\" content=\"Learn where to find the best clubs and nightlife in Guangzhou. Find out where the local girls go and which clubs are best in guangzhou.\" \/>\n<meta name=\"robots\" content=\"index, follow, max-snippet:-1, max-image-preview:large, max-video-preview:-1\" \/>\n<link rel=\"canonical\" href=\"https:\/\/afarangabroad.com\/fr\/vie-nocturne-a-guangzhou\/\" \/>\n<meta property=\"og:locale\" content=\"fr_FR\" \/>\n<meta property=\"og:type\" content=\"article\" \/>\n<meta property=\"og:title\" content=\"Ultimate Guangzhou Nightlife Guide - A Farang Abroad\" \/>\n<meta property=\"og:description\" content=\"Learn where to find the best clubs and nightlife in Guangzhou. Find out where the local girls go and which clubs are best in guangzhou.\" \/>\n<meta property=\"og:url\" content=\"https:\/\/afarangabroad.com\/fr\/vie-nocturne-a-guangzhou\/\" \/>\n<meta property=\"og:site_name\" content=\"A Farang Abroad\" \/>\n<meta property=\"article:modified_time\" content=\"2019-04-02T03:06:26+00:00\" \/>\n<meta property=\"og:image\" content=\"https:\/\/afarangabroad.com\/wp-content\/uploads\/2018\/10\/guangzhou-for-sex.jpg\" \/>\n\t<meta property=\"og:image:width\" content=\"640\" \/>\n\t<meta property=\"og:image:height\" content=\"424\" \/>\n\t<meta property=\"og:image:type\" content=\"image\/jpeg\" \/>\n<meta name=\"twitter:label1\" content=\"Dur\u00e9e de lecture estim\u00e9e\" \/>\n\t<meta name=\"twitter:data1\" content=\"8 minutes\" \/>\n<script type=\"application\/ld+json\" class=\"yoast-schema-graph\">{\"@context\":\"https:\/\/schema.org\",\"@graph\":[{\"@type\":\"WebPage\",\"@id\":\"https:\/\/afarangabroad.com\/guangzhou-nightlife\/\",\"url\":\"https:\/\/afarangabroad.com\/guangzhou-nightlife\/\",\"name\":\"Ultimate Guangzhou Nightlife Guide - A Farang Abroad\",\"isPartOf\":{\"@id\":\"https:\/\/afarangabroad.com\/#website\"},\"datePublished\":\"2018-10-13T08:11:46+00:00\",\"dateModified\":\"2019-04-02T03:06:26+00:00\",\"description\":\"Learn where to find the best clubs and nightlife in Guangzhou. Find out where the local girls go and which clubs are best in guangzhou.\",\"breadcrumb\":{\"@id\":\"https:\/\/afarangabroad.com\/guangzhou-nightlife\/#breadcrumb\"},\"inLanguage\":\"fr-FR\",\"potentialAction\":[{\"@type\":\"ReadAction\",\"target\":[\"https:\/\/afarangabroad.com\/guangzhou-nightlife\/\"]}]},{\"@type\":\"BreadcrumbList\",\"@id\":\"https:\/\/afarangabroad.com\/guangzhou-nightlife\/#breadcrumb\",\"itemListElement\":[{\"@type\":\"ListItem\",\"position\":1,\"name\":\"Home\",\"item\":\"https:\/\/afarangabroad.com\/\"},{\"@type\":\"ListItem\",\"position\":2,\"name\":\"Ultimate Guangzhou Nightlife Guide\"}]},{\"@type\":\"WebSite\",\"@id\":\"https:\/\/afarangabroad.com\/#website\",\"url\":\"https:\/\/afarangabroad.com\/\",\"name\":\"A Farang Abroad\",\"description\":\"Your secret guide to Asia&#039;s sexiest nightlife.\",\"potentialAction\":[{\"@type\":\"SearchAction\",\"target\":{\"@type\":\"EntryPoint\",\"urlTemplate\":\"https:\/\/afarangabroad.com\/?s={search_term_string}\"},\"query-input\":\"required name=search_term_string\"}],\"inLanguage\":\"fr-FR\"}]}<\/script>\n<!-- \/ Yoast SEO plugin. -->","yoast_head_json":{"title":"Ultimate Guangzhou Nightlife Guide - A Farang Abroad","description":"Learn where to find the best clubs and nightlife in Guangzhou. Find out where the local girls go and which clubs are best in guangzhou.","robots":{"index":"index","follow":"follow","max-snippet":"max-snippet:-1","max-image-preview":"max-image-preview:large","max-video-preview":"max-video-preview:-1"},"canonical":"https:\/\/afarangabroad.com\/fr\/vie-nocturne-a-guangzhou\/","og_locale":"fr_FR","og_type":"article","og_title":"Ultimate Guangzhou Nightlife Guide - A Farang Abroad","og_description":"Learn where to find the best clubs and nightlife in Guangzhou. Find out where the local girls go and which clubs are best in guangzhou.","og_url":"https:\/\/afarangabroad.com\/fr\/vie-nocturne-a-guangzhou\/","og_site_name":"A Farang Abroad","article_modified_time":"2019-04-02T03:06:26+00:00","og_image":[{"width":640,"height":424,"url":"https:\/\/afarangabroad.com\/wp-content\/uploads\/2018\/10\/guangzhou-for-sex.jpg","type":"image\/jpeg"}],"twitter_misc":{"Dur\u00e9e de lecture estim\u00e9e":"8 minutes"},"schema":{"@context":"https:\/\/schema.org","@graph":[{"@type":"WebPage","@id":"https:\/\/afarangabroad.com\/guangzhou-nightlife\/","url":"https:\/\/afarangabroad.com\/guangzhou-nightlife\/","name":"Ultimate Guangzhou Nightlife Guide - A Farang Abroad","isPartOf":{"@id":"https:\/\/afarangabroad.com\/#website"},"datePublished":"2018-10-13T08:11:46+00:00","dateModified":"2019-04-02T03:06:26+00:00","description":"Learn where to find the best clubs and nightlife in Guangzhou. Find out where the local girls go and which clubs are best in guangzhou.","breadcrumb":{"@id":"https:\/\/afarangabroad.com\/guangzhou-nightlife\/#breadcrumb"},"inLanguage":"fr-FR","potentialAction":[{"@type":"ReadAction","target":["https:\/\/afarangabroad.com\/guangzhou-nightlife\/"]}]},{"@type":"BreadcrumbList","@id":"https:\/\/afarangabroad.com\/guangzhou-nightlife\/#breadcrumb","itemListElement":[{"@type":"ListItem","position":1,"name":"Home","item":"https:\/\/afarangabroad.com\/"},{"@type":"ListItem","position":2,"name":"Ultimate Guangzhou Nightlife Guide"}]},{"@type":"WebSite","@id":"https:\/\/afarangabroad.com\/#website","url":"https:\/\/afarangabroad.com\/","name":"A Farang Abroad","description":"Your secret guide to Asia&#039;s sexiest nightlife.","potentialAction":[{"@type":"SearchAction","target":{"@type":"EntryPoint","urlTemplate":"https:\/\/afarangabroad.com\/?s={search_term_string}"},"query-input":"required name=search_term_string"}],"inLanguage":"fr-FR"}]}},"_links":{"self":[{"href":"https:\/\/afarangabroad.com\/fr\/wp-json\/wp\/v2\/pages\/10236"}],"collection":[{"href":"https:\/\/afarangabroad.com\/fr\/wp-json\/wp\/v2\/pages"}],"about":[{"href":"https:\/\/afarangabroad.com\/fr\/wp-json\/wp\/v2\/types\/page"}],"author":[{"embeddable":true,"href":"https:\/\/afarangabroad.com\/fr\/wp-json\/wp\/v2\/users\/2"}],"replies":[{"embeddable":true,"href":"https:\/\/afarangabroad.com\/fr\/wp-json\/wp\/v2\/comments?post=10236"}],"version-history":[{"count":0,"href":"https:\/\/afarangabroad.com\/fr\/wp-json\/wp\/v2\/pages\/10236\/revisions"}],"wp:featuredmedia":[{"embeddable":true,"href":"https:\/\/afarangabroad.com\/fr\/wp-json\/wp\/v2\/media\/11846"}],"wp:attachment":[{"href":"https:\/\/afarangabroad.com\/fr\/wp-json\/wp\/v2\/media?parent=10236"}],"wp:term":[{"taxonomy":"category","embeddable":true,"href":"https:\/\/afarangabroad.com\/fr\/wp-json\/wp\/v2\/categories?post=10236"},{"taxonomy":"post_tag","embeddable":true,"href":"https:\/\/afarangabroad.com\/fr\/wp-json\/wp\/v2\/tags?post=10236"}],"curies":[{"name":"wp","href":"https:\/\/api.w.org\/{rel}","templated":true}]}}