{"id":10290,"date":"2018-10-24T16:49:16","date_gmt":"2018-10-24T15:49:16","guid":{"rendered":"https:\/\/afarangabroad.com\/?p=10290"},"modified":"2024-10-22T03:06:42","modified_gmt":"2024-10-22T02:06:42","slug":"russian-girls-in-bangkok","status":"publish","type":"page","link":"https:\/\/afarangabroad.com\/fr\/filles-russes-a-bangkok\/","title":{"rendered":"7 Endroits o\u00f9 trouver des filles russes \u00e0 Bangkok"},"content":{"rendered":"<p>In this article you&#8217;ll learn where to find Russian girls in Bangkok<\/p>\n<p>La Tha\u00eflande est un pays magnifique, c'est certain, mais c'est aussi une destination de choix pour les touristes sexuels. Si vous voulez passer un moment inoubliable avec des filles sans vous ruiner, rendez-vous \u00e0 Bangkok. Dans cette ville, vous ne rencontrerez pas seulement des filles tha\u00eflandaises mais aussi des filles \u00e9trang\u00e8res, par exemple des filles russes \u00e0 Bangkok.<\/p>\n<p>Si vous voulez obtenir&nbsp;<strong>sex in Thailand for free<\/strong>&nbsp;<a title=\"Utiliser Thai Friendly pour trouver une petite amie tha\u00eflandaise\" href=\"https:\/\/afarangabroad.com\/fr\/thai-cupid-dating-site\/\" target=\"_blank\" rel=\"noopener noreferrer\">Consultez cet article<\/a>.<a href=\"https:\/\/afarangabroad.com\/fr\/thai-cupid-dating-site\/\" target=\"_blank\" rel=\"noopener noreferrer\"><img loading=\"lazy\" decoding=\"async\" class=\"aligncenter wp-image-7259 size-large\" src=\"https:\/\/afarangabroad.com\/wp-content\/uploads\/2016\/06\/Meet-Thai-girls1-1024x691.png\" sizes=\"(max-width: 678px) 100vw, 678px\" srcset=\"https:\/\/afarangabroad.com\/wp-content\/uploads\/2016\/06\/Meet-Thai-girls1-1024x691.png 1024w, https:\/\/afarangabroad.com\/wp-content\/uploads\/2016\/06\/Meet-Thai-girls1-300x202.png 300w, https:\/\/afarangabroad.com\/wp-content\/uploads\/2016\/06\/Meet-Thai-girls1-720x486.png 720w, https:\/\/afarangabroad.com\/wp-content\/uploads\/2016\/06\/Meet-Thai-girls1.png 1038w\" alt=\"Meet Thai girls\" width=\"678\" height=\"458\"><\/a><\/p>\n<p>Il se peut que vous ayez appr\u00e9ci\u00e9 de nombreuses filles tha\u00eflandaises et que vous souhaitiez changer de go\u00fbt. Les filles russes ont un physique diff\u00e9rent et je comprends donc l'envie de savoir ce qu'elles cachent sous leurs robes l\u00e9g\u00e8res.<\/p>\n<p>Bangkok is like Jack of all trades. You don\u2019t have to eat the same meal \u201cThai girls\u201d every time you have a boner. You can explore more girls here, like in this case a Russian girl or even an African girl.<\/p>\n<p>Note that not all expatriate women in Bangkok are hookers. With this, I means don\u2019t walk in a bar or other entertainment avenues and expect to have sex with her since you promise to throw some dollars her way.<\/p>\n<p>Cet article s'adresse \u00e0 ceux qui veulent savoir o\u00f9 rencontrer des Russes \u00e0 Bangkok.<\/p>\n<h2>Rencontrer des femmes russes c\u00e9libataires voyageant \u00e0 Bangkok<\/h2>\n<p>Bangkok est une destination de pr\u00e9dilection pour les routards. Ces derni\u00e8res ann\u00e9es, le nombre de femmes c\u00e9libataires a augment\u00e9, ce qui a favoris\u00e9 l'\u00e9mergence d'une nouvelle vague de f\u00eatards nocturnes.<\/p>\n<\/p>\n\n\n<h2 class=\"wp-block-heading\">Body Bliss Massage Bangkok<\/h2>\n\n\n\n<p>Body Bliss Massage est un nouveau mais tr\u00e8s bon massage outcall o\u00f9 vous pouvez obtenir des handjobs \u00e0 Bangkok. Ils offrent des services pour les hommes et les femmes.<\/p>\n\n\n<div class=\"wp-block-image\">\n<figure class=\"aligncenter size-large is-resized\"><a href=\"https:\/\/bodyblissbangkok.com\/\" target=\"_blank\" rel=\"nofollow noopener\"><img loading=\"lazy\" decoding=\"async\" width=\"575\" height=\"1024\" src=\"https:\/\/afarangabroad.com\/wp-content\/uploads\/2023\/12\/body-bliss-massage-575x1024.jpg\" alt=\"body bliss massage\" class=\"wp-image-513386\" style=\"width:399px;height:711px\" srcset=\"https:\/\/afarangabroad.com\/wp-content\/uploads\/2023\/12\/body-bliss-massage-575x1024.jpg 575w, https:\/\/afarangabroad.com\/wp-content\/uploads\/2023\/12\/body-bliss-massage-168x300.jpg 168w, https:\/\/afarangabroad.com\/wp-content\/uploads\/2023\/12\/body-bliss-massage-768x1368.jpg 768w, https:\/\/afarangabroad.com\/wp-content\/uploads\/2023\/12\/body-bliss-massage-862x1536.jpg 862w, https:\/\/afarangabroad.com\/wp-content\/uploads\/2023\/12\/body-bliss-massage.jpg 904w\" sizes=\"(max-width: 575px) 100vw, 575px\" \/><\/a><\/figure><\/div>\n\n\n<p>Ils proposent une gamme de massages, y compris les massages savonneux et les massages de la prostate. Vous pouvez voir toutes leurs filles en visitant leur site web \u00e0 l'adresse suivante <a href=\"http:\/\/www.bodyblissbangkok.com\/\" target=\"_blank\" rel=\"nofollow noopener\">BodyBlissBangkok.com<\/a><\/p>\n\n\n\n<h2 class=\"wp-block-heading\">Bangkok l'exotique<\/h2>\n\n\n\n<p>Exotic Bangkok est le plus r\u00e9cent prestataire de massages sur appel ou \u00e0 l'ext\u00e9rieur. On y trouve de tout, des massages tantriques aux massages nuru, en passant par les massages pervers. Ils ont quelques-unes des meilleures filles de Bangkok. Pour l'incall, vous les trouverez \u00e0 Sukhumvit 20. Vous pouvez consulter leurs offres ici : <a href=\"https:\/\/exoticmassagebangkok.com\/\">ExoticMassageBangkok.com<\/a><\/p>\n\n\n<div class=\"wp-block-image\">\n<figure class=\"aligncenter is-resized\"><a href=\"https:\/\/exoticmassagebangkok.com\/\"><img loading=\"lazy\" decoding=\"async\" width=\"691\" height=\"1024\" src=\"https:\/\/afarangabroad.com\/wp-content\/uploads\/2024\/08\/image_123650291-691x1024.jpg\" alt=\"\" class=\"wp-image-513539\" style=\"width:400px\" srcset=\"https:\/\/afarangabroad.com\/wp-content\/uploads\/2024\/08\/image_123650291-691x1024.jpg 691w, https:\/\/afarangabroad.com\/wp-content\/uploads\/2024\/08\/image_123650291-202x300.jpg 202w, https:\/\/afarangabroad.com\/wp-content\/uploads\/2024\/08\/image_123650291.jpg 700w\" sizes=\"(max-width: 691px) 100vw, 691px\" \/><\/a><\/figure><\/div>\n\n<h2>\u00a0<\/h2>\n<h3>Route de Khao Sak<\/h3>\n<p>Pour rencontrer des filles russes \u00e0 Bangkok, rendez-vous \u00e0 Khao Sak Road, le paradis des routards. On y trouve de nombreux h\u00f4tels, discoth\u00e8ques, bars et magasins de proximit\u00e9.<\/p>\n<p>You can tell it\u2019s a tourist area from its lively atmosphere starting early morning late to the evening. You can approach plenty of women in the streets and offer to buy her a drink before you call it a day.<\/p>\n<p>Ce qui est bien avec les routards, c'est qu'ils sont audacieux. Les filles russes de Khao Sak Road ne sont pas seulement l\u00e0 pour explorer la nature, mais la plupart veulent rencontrer des gens du monde entier et partager leurs exp\u00e9riences.<\/p>\n<p>Cela signifie que les femmes sont amusantes, ouvertes aux f\u00eates et au sexe.<\/p>\n<p>Khao Sak Road n'est pas une ruche de prostitu\u00e9es russes, mais vous pouvez y trouver de nombreux services. <a href=\"https:\/\/afarangabroad.com\/fr\/prostituees-prostituees-phuket\/\">s'amuser avec des brunes russes.<\/a><\/p>\n<h4>Endroits o\u00f9 trouver des filles russes \u00e0 Khao Sak road<\/h4>\n<p>Le club, le Cliff et le Deep sont parmi les meilleurs clubs de Khao Sak pour rencontrer des filles russes de passage \u00e0 Bangkok.<\/p>\n<p>Pour draguer les blondes russes, trouvez une table et cherchez un groupe de filles \u00e9trang\u00e8res sans hommes. Elles sont le plus souvent dans un groupe de plus de 3 filles.<\/p>\n<p>Je vous d\u00e9conseille d'aborder deux filles. En effet, les chances qu'elle parte avec vous et que son ami reste derri\u00e8re sont rares.<\/p>\n<p>Vous pouvez commencer par \u00e9tablir un long contact visuel et voir si elle sourit. Si elle est r\u00e9ceptive, d\u00e9placez-vous jusqu'\u00e0 la table et, avec un grand sourire, dites un simple HI.<\/p>\n<p>Une fois \u00e0 table, vous devez garder le contact visuel avec la fille russe que vous voulez. Si la fille vous appr\u00e9cie vraiment, elle poursuivra la conversation. A partir de l\u00e0, vous pouvez commander des boissons et voir o\u00f9 cela m\u00e8ne.<\/p>\n<p>Si ce n'est pas le cas, retournez \u00e0 votre table et visez votre prochaine cible.<\/p>\n<p><img loading=\"lazy\" decoding=\"async\" class=\"aligncenter size-full wp-image-10330\" src=\"https:\/\/afarangabroad.com\/wp-content\/uploads\/2018\/10\/russian-girl-Bangkok.jpg\" alt=\"russian women in Bangkok\" width=\"640\" height=\"425\" srcset=\"https:\/\/afarangabroad.com\/wp-content\/uploads\/2018\/10\/russian-girl-Bangkok.jpg 640w, https:\/\/afarangabroad.com\/wp-content\/uploads\/2018\/10\/russian-girl-Bangkok-300x199.jpg 300w\" sizes=\"(max-width: 640px) 100vw, 640px\" \/><\/p>\n<p>Si vous souhaitez vous d\u00e9tendre, rendez-vous dans l'un des bars populaires de Khao sak. De nombreuses jeunes filles appr\u00e9cient de prendre un verre apr\u00e8s une longue journ\u00e9e de randonn\u00e9e.<\/p>\n<p>Conversation is easier to have in a bar and you can have dinner here too. Some of the popular bars to meet Russian girls on Khao Sak road include Brick Bar, Gazebo and Gulliver\u2019s.<\/p>\n<p>Le week-end, la plupart des bars sont bond\u00e9s et il est donc normal de partager la table avec un groupe de femmes. Il est donc plus facile d'entamer une conversation.<\/p>\n<h2>Rencontrer des filles russes vivant \u00e0 Bangkok<\/h2>\n<h3>Avenue Royal City<\/h3>\n<p>RCA est la plus grande zone de vie nocturne de Bangkok. Pendant les week-ends, le quartier est envahi par les employ\u00e9s de bureau, ce qui cr\u00e9e une bonne plateforme pour interagir avec les filles \u00e9trang\u00e8res travaillant \u00e0 Bangkok.<\/p>\n<p>Il y a quelques ann\u00e9es, le RCA \u00e9tait populaire aupr\u00e8s des Tha\u00eflandais, mais il attire aujourd'hui les \u00e9trangers, surtout le week-end.<\/p>\n<p>Voici les trois clubs les plus connus pour rencontrer des filles russes \u00e0 Bangkok.<\/p>\n<ul>\n<li>Slim sur 29\/22-32 RCA<\/li>\n<li>Flix<\/li>\n<li>Route 66 sur 29\/33 -48 RCA<\/li>\n<\/ul>\n<p>Les boissons y sont plus ch\u00e8res que dans les autres lieux de la ville. Cependant, une Vodka attire toujours l'attention d'une fille russe.<\/p>\n<h3>Route de Sukhumvit<\/h3>\n<p>Cette route traverse la ville de Bangkok, ce qui en fait une ruche pour les noctambules et la communaut\u00e9 des expatri\u00e9s qui s'amusent.<\/p>\n<p>Sukhumvit Soi 11 est un bon point de chute gr\u00e2ce \u00e0 ses nombreux bars et pubs.<\/p>\n<h4>Londoner Pub<\/h4>\n<p>The bar is located on Sukhumvit Soi 33 and lots of foreign girls, Russians included turn up here every day for cheap drinks and socialize. Wednesday is known as teacher\u2019s night and these foreign girls are horny and willing to get laid.<\/p>\n<h4>Les taureaux<\/h4>\n<p>Ce bar est situ\u00e9 sur Sukhumvit Soi 33\/1 et propose une soir\u00e9e enseignants tous les jeudis.<\/p>\n<h4>Bar \u00e0 ko\u00ef<\/h4>\n<p>Le bar Koi accueille la soir\u00e9e des mannequins tous les jeudis. Les filles russes de Bangkok sont super sexy. Il est pr\u00e9f\u00e9rable de se munir de tout le mat\u00e9riel n\u00e9cessaire et de l'argent pour les boissons, car les attentes des filles dans ce bar sont \u00e9lev\u00e9es.<\/p>\n<h4>Le nid<\/h4>\n<p>Ce bar est situ\u00e9 au sommet de l'h\u00f4tel Fonix, 33\/33 Sukhumvit Soi 11. Cet endroit est g\u00e9nial et vaut la peine de rencontrer des femmes russes \u00e0 Bangkok.<\/p>\n<h2>Rencontrer des filles russes \u00e0 Bangkok en ligne<\/h2>\n<p>Rencontrer de belles filles \u00e0 Bangkok ne doit pas n\u00e9cessairement se faire dans les clubs et les bars. Si la fr\u00e9quentation de ces avenues n'est pas votre truc ou vous prend trop de temps, alors <a href=\"https:\/\/theartofcharm.com\/dating-tips\/meet-girl-online\/\">rencontrer des filles en ligne<\/a> est la voie \u00e0 suivre.<\/p>\n<p>\u00c0 Bangkok, il existe de bons sites web pour rencontrer des filles c\u00e9libataires locales et \u00e9trang\u00e8res. Thaicupid est l'un des meilleurs, avec plus de 500 filles russes pr\u00eates \u00e0 s'amuser avec un partenaire potentiel.<\/p>\n<p>Il vous suffit de vous inscrire et de cr\u00e9er votre profil en indiquant que vous souhaitez rencontrer des filles russes \u00e0 Bangkok.<\/p>\n<h2>\u00c9v\u00e9nements internationaux<\/h2>\n<p>It\u2019s easy to know when and where international events will be happening in Bangkok. Just Google.<\/p>\n<p>Use these events to interact with other expatriates. In the process, you will know Bangkok from an expat&#8217;s eye making the process of finding a Russian girl you like easy.<\/p>\n<p>Gardez un \u0153il sur les \u00e9v\u00e9nements qui attirent le plus de femmes, car ils augmentent les chances de rencontrer des brunes russes.<\/p>\n<h2>Meetups in Bangkok for Russian Women<\/h2>\n<p>There are organized groups in Bangkok that attract young and single girls. One is \u201cThe Bangkok Language exchange meet up by Tao.\u201d<\/p>\n<p>Ces groupes sont remplis par des femmes expatri\u00e9es solitaires et excit\u00e9es vivant \u00e0 Bangkok. <a href=\"https:\/\/romancecompass.com\/blog\/how-to-treat-russian-women\/how-to-get-a-russian-woman-interested-in-you\/\">Approcher les filles russes<\/a> dans ces meetup signifie \u00eatre int\u00e9ress\u00e9 par l'apprentissage des langues \u00e9trang\u00e8res, mais les chances de s'envoyer en l'air sont \u00e9lev\u00e9es.<\/p>\n<h2>Rencontrer des prostitu\u00e9es russes \u00e0 Bangkok<\/h2>\n<p>Bangkok est un paradis pour les touristes sexuels. Cela signifie qu'il y a beaucoup d'argent qui circule pour attirer les filles russes qui veulent bien gagner leur vie.<\/p>\n<p>La plupart des prostitu\u00e9es russes \u00e0 Bangkok travaillent dans des clubs en tant que danseuses ou dans des agences d'escorte.<\/p>\n<h3>Soi \u00be Nana, Sukhumvit<\/h3>\n<p>Cette rue est le lieu de pr\u00e9dilection de l'industrie du sexe \u00e0 Bangkok. Vous y trouverez des filles russes, africaines et bien s\u00fbr locales.<\/p>\n<h4>H\u00f4tel Grace<\/h4>\n<p>This hotel, for example, is packed with Russian and other foreign women waiting to customers. If you don\u2019t find a brunette of your taste moves to the discos.<\/p>\n<p>Prix : USD$100-150 pour la nuit, US$50 pour une courte dur\u00e9e<\/p>\n<h4>Bar \u00e0 bambous<\/h4>\n<p>Ce bar est situ\u00e9 en face de l'h\u00f4tel Grace et est c\u00e9l\u00e8bre pour ses groupes de musique. Vous pouvez y rencontrer des filles russes, africaines et locales.<\/p>\n<p>Prix : L'entr\u00e9e est payante (200 bahts ou $7 USD).<\/p>\n<p>Toutes les filles sont ind\u00e9pendantes et demandent 1500 bahts pour la nuit. Cela \u00e9quivaut \u00e0 US$50.<\/p>\n<p>Les prix varient en fonction de la beaut\u00e9, de la disponibilit\u00e9 et de la volont\u00e9.<\/p>\n<p><img loading=\"lazy\" decoding=\"async\" class=\"aligncenter size-full wp-image-10331\" src=\"https:\/\/afarangabroad.com\/wp-content\/uploads\/2018\/10\/russian-girl-in-Bangkok.jpg\" alt=\"russian girl in Bangkok\" width=\"640\" height=\"427\" srcset=\"https:\/\/afarangabroad.com\/wp-content\/uploads\/2018\/10\/russian-girl-in-Bangkok.jpg 640w, https:\/\/afarangabroad.com\/wp-content\/uploads\/2018\/10\/russian-girl-in-Bangkok-300x200.jpg 300w\" sizes=\"(max-width: 640px) 100vw, 640px\" \/><\/p>\n<p>A bottle of Black label cost 2000 baht \u2013 2500 baht, plus 1000 baht for a mixer.<\/p>\n<p>Le prix des boissons est assez \u00e9lev\u00e9, mais compar\u00e9 \u00e0 l'amusement que vous aurez, je pense que cela en vaut la peine.<\/p>\n<h4>H\u00f4tel Rajah<\/h4>\n<p>C'est un autre bon endroit pour draguer les filles russes \u00e0 Bangkok. Dans le hall d'entr\u00e9e, demandez au type qui a un bloc-notes et un stylo si vous pouvez avoir une fille russe.<\/p>\n<p>Vous serez escort\u00e9 au deuxi\u00e8me \u00e9tage o\u00f9 se trouvent toutes les blondes. Faire l'amour avec ces filles vous co\u00fbtera entre 2000 et 3000 bahts.<\/p>\n<p>Vous pouvez \u00e9galement trouver des prostitu\u00e9es russes \u00e0 Bangkok en face des grandes discoth\u00e8ques telles que Gulliver, Climax et Insanity.<\/p>\n<p>Pour ces filles, il vous en co\u00fbtera entre 1500 et 2200 bahts, soit 50 \u00e0 75 USD.<\/p>\n<h2>Service d'escorte de Bangkok<\/h2>\n<p>Il existe plusieurs agences d'escortes, mais la meilleure est Bangkok Russian Escort.<\/p>\n<p>Prix : \u00e0 partir de 8000 bahts par heure. L'escorte russe est id\u00e9ale pour ceux qui recherchent une compagnie de premier ordre en plus du sexe.<\/p>\n<p>As per street hookers, there aren\u2019t many Russians. In the streets, you will find African and mostly local girls. The cost for a street hooker in Bangkok is 1500 baht longtime.<\/p>\n<p>Si vous voulez obtenir\u00a0<strong>sex in Thailand for free<\/strong>\u00a0<a title=\"Utiliser Thai Friendly pour trouver une petite amie tha\u00eflandaise\" href=\"https:\/\/afarangabroad.com\/fr\/thai-cupid-dating-site\/\" target=\"_blank\" rel=\"noopener noreferrer\">Consultez cet article<\/a>.<a href=\"https:\/\/afarangabroad.com\/fr\/thai-cupid-dating-site\/\" target=\"_blank\" rel=\"noopener noreferrer\"><img loading=\"lazy\" decoding=\"async\" class=\"aligncenter wp-image-7259 size-large\" src=\"https:\/\/afarangabroad.com\/wp-content\/uploads\/2016\/06\/Meet-Thai-girls1-1024x691.png\" sizes=\"(max-width: 678px) 100vw, 678px\" srcset=\"https:\/\/afarangabroad.com\/wp-content\/uploads\/2016\/06\/Meet-Thai-girls1-1024x691.png 1024w, https:\/\/afarangabroad.com\/wp-content\/uploads\/2016\/06\/Meet-Thai-girls1-300x202.png 300w, https:\/\/afarangabroad.com\/wp-content\/uploads\/2016\/06\/Meet-Thai-girls1-720x486.png 720w, https:\/\/afarangabroad.com\/wp-content\/uploads\/2016\/06\/Meet-Thai-girls1.png 1038w\" alt=\"Meet Thai girls\" width=\"678\" height=\"458\" \/><\/a><\/p>\n<p>Cet article sur les filles russes \u00e0 Bangkok vous a \u00e9t\u00e9 utile ? Nous avons \u00e9galement des articles similaires sur o\u00f9 trouver des filles tha\u00eflandaises et des ladyboys.<\/p>","protected":false},"excerpt":{"rendered":"<p>In this article you&#8217;ll learn where to find Russian girls in Bangkok Thailand is a beautiful country for sure but here we see it a top sex tourist destination. If you want to have a time of your life with girls and not dig your pockets dry, then head to Bangkok. In this city, you [&hellip;]<\/p>","protected":false},"author":2,"featured_media":10331,"parent":0,"menu_order":0,"comment_status":"open","ping_status":"closed","template":"","meta":{"_exactmetrics_skip_tracking":false,"_exactmetrics_sitenote_active":false,"_exactmetrics_sitenote_note":"","_exactmetrics_sitenote_category":0,"footnotes":""},"categories":[298],"tags":[],"class_list":["post-10290","page","type-page","status-publish","has-post-thumbnail","hentry","category-bangkok-nightlife"],"yoast_head":"<!-- This site is optimized with the Yoast SEO plugin v20.1 - https:\/\/yoast.com\/wordpress\/plugins\/seo\/ -->\n<title>7 Places to find Russian girls in Bangkok - A Farang Abroad<\/title>\n<meta name=\"description\" content=\"In this article you&#039;ll learn where to meet hot Russian girls in Bangkok. From the best clubs, bars and online if you want to pay for Russian escorts.\" \/>\n<meta name=\"robots\" content=\"index, follow, max-snippet:-1, max-image-preview:large, max-video-preview:-1\" \/>\n<link rel=\"canonical\" href=\"https:\/\/afarangabroad.com\/fr\/filles-russes-a-bangkok\/\" \/>\n<meta property=\"og:locale\" content=\"fr_FR\" \/>\n<meta property=\"og:type\" content=\"article\" \/>\n<meta property=\"og:title\" content=\"7 Places to find Russian girls in Bangkok - A Farang Abroad\" \/>\n<meta property=\"og:description\" content=\"In this article you&#039;ll learn where to meet hot Russian girls in Bangkok. From the best clubs, bars and online if you want to pay for Russian escorts.\" \/>\n<meta property=\"og:url\" content=\"https:\/\/afarangabroad.com\/fr\/filles-russes-a-bangkok\/\" \/>\n<meta property=\"og:site_name\" content=\"A Farang Abroad\" \/>\n<meta property=\"article:modified_time\" content=\"2024-10-22T02:06:42+00:00\" \/>\n<meta property=\"og:image\" content=\"https:\/\/afarangabroad.com\/wp-content\/uploads\/2018\/10\/russian-girl-in-Bangkok.jpg\" \/>\n\t<meta property=\"og:image:width\" content=\"640\" \/>\n\t<meta property=\"og:image:height\" content=\"427\" \/>\n\t<meta property=\"og:image:type\" content=\"image\/jpeg\" \/>\n<meta name=\"twitter:label1\" content=\"Dur\u00e9e de lecture estim\u00e9e\" \/>\n\t<meta name=\"twitter:data1\" content=\"9 minutes\" \/>\n<script type=\"application\/ld+json\" class=\"yoast-schema-graph\">{\"@context\":\"https:\/\/schema.org\",\"@graph\":[{\"@type\":\"WebPage\",\"@id\":\"https:\/\/afarangabroad.com\/russian-girls-in-bangkok\/\",\"url\":\"https:\/\/afarangabroad.com\/russian-girls-in-bangkok\/\",\"name\":\"7 Places to find Russian girls in Bangkok - A Farang Abroad\",\"isPartOf\":{\"@id\":\"https:\/\/afarangabroad.com\/#website\"},\"datePublished\":\"2018-10-24T15:49:16+00:00\",\"dateModified\":\"2024-10-22T02:06:42+00:00\",\"description\":\"In this article you'll learn where to meet hot Russian girls in Bangkok. From the best clubs, bars and online if you want to pay for Russian escorts.\",\"breadcrumb\":{\"@id\":\"https:\/\/afarangabroad.com\/russian-girls-in-bangkok\/#breadcrumb\"},\"inLanguage\":\"fr-FR\",\"potentialAction\":[{\"@type\":\"ReadAction\",\"target\":[\"https:\/\/afarangabroad.com\/russian-girls-in-bangkok\/\"]}]},{\"@type\":\"BreadcrumbList\",\"@id\":\"https:\/\/afarangabroad.com\/russian-girls-in-bangkok\/#breadcrumb\",\"itemListElement\":[{\"@type\":\"ListItem\",\"position\":1,\"name\":\"Home\",\"item\":\"https:\/\/afarangabroad.com\/\"},{\"@type\":\"ListItem\",\"position\":2,\"name\":\"7 Places to find Russian girls in Bangkok\"}]},{\"@type\":\"WebSite\",\"@id\":\"https:\/\/afarangabroad.com\/#website\",\"url\":\"https:\/\/afarangabroad.com\/\",\"name\":\"A Farang Abroad\",\"description\":\"Your secret guide to Asia&#039;s sexiest nightlife.\",\"potentialAction\":[{\"@type\":\"SearchAction\",\"target\":{\"@type\":\"EntryPoint\",\"urlTemplate\":\"https:\/\/afarangabroad.com\/?s={search_term_string}\"},\"query-input\":\"required name=search_term_string\"}],\"inLanguage\":\"fr-FR\"}]}<\/script>\n<!-- \/ Yoast SEO plugin. -->","yoast_head_json":{"title":"7 Places to find Russian girls in Bangkok - A Farang Abroad","description":"In this article you'll learn where to meet hot Russian girls in Bangkok. From the best clubs, bars and online if you want to pay for Russian escorts.","robots":{"index":"index","follow":"follow","max-snippet":"max-snippet:-1","max-image-preview":"max-image-preview:large","max-video-preview":"max-video-preview:-1"},"canonical":"https:\/\/afarangabroad.com\/fr\/filles-russes-a-bangkok\/","og_locale":"fr_FR","og_type":"article","og_title":"7 Places to find Russian girls in Bangkok - A Farang Abroad","og_description":"In this article you'll learn where to meet hot Russian girls in Bangkok. From the best clubs, bars and online if you want to pay for Russian escorts.","og_url":"https:\/\/afarangabroad.com\/fr\/filles-russes-a-bangkok\/","og_site_name":"A Farang Abroad","article_modified_time":"2024-10-22T02:06:42+00:00","og_image":[{"width":640,"height":427,"url":"https:\/\/afarangabroad.com\/wp-content\/uploads\/2018\/10\/russian-girl-in-Bangkok.jpg","type":"image\/jpeg"}],"twitter_misc":{"Dur\u00e9e de lecture estim\u00e9e":"9 minutes"},"schema":{"@context":"https:\/\/schema.org","@graph":[{"@type":"WebPage","@id":"https:\/\/afarangabroad.com\/russian-girls-in-bangkok\/","url":"https:\/\/afarangabroad.com\/russian-girls-in-bangkok\/","name":"7 Places to find Russian girls in Bangkok - A Farang Abroad","isPartOf":{"@id":"https:\/\/afarangabroad.com\/#website"},"datePublished":"2018-10-24T15:49:16+00:00","dateModified":"2024-10-22T02:06:42+00:00","description":"In this article you'll learn where to meet hot Russian girls in Bangkok. From the best clubs, bars and online if you want to pay for Russian escorts.","breadcrumb":{"@id":"https:\/\/afarangabroad.com\/russian-girls-in-bangkok\/#breadcrumb"},"inLanguage":"fr-FR","potentialAction":[{"@type":"ReadAction","target":["https:\/\/afarangabroad.com\/russian-girls-in-bangkok\/"]}]},{"@type":"BreadcrumbList","@id":"https:\/\/afarangabroad.com\/russian-girls-in-bangkok\/#breadcrumb","itemListElement":[{"@type":"ListItem","position":1,"name":"Home","item":"https:\/\/afarangabroad.com\/"},{"@type":"ListItem","position":2,"name":"7 Places to find Russian girls in Bangkok"}]},{"@type":"WebSite","@id":"https:\/\/afarangabroad.com\/#website","url":"https:\/\/afarangabroad.com\/","name":"A Farang Abroad","description":"Your secret guide to Asia&#039;s sexiest nightlife.","potentialAction":[{"@type":"SearchAction","target":{"@type":"EntryPoint","urlTemplate":"https:\/\/afarangabroad.com\/?s={search_term_string}"},"query-input":"required name=search_term_string"}],"inLanguage":"fr-FR"}]}},"_links":{"self":[{"href":"https:\/\/afarangabroad.com\/fr\/wp-json\/wp\/v2\/pages\/10290"}],"collection":[{"href":"https:\/\/afarangabroad.com\/fr\/wp-json\/wp\/v2\/pages"}],"about":[{"href":"https:\/\/afarangabroad.com\/fr\/wp-json\/wp\/v2\/types\/page"}],"author":[{"embeddable":true,"href":"https:\/\/afarangabroad.com\/fr\/wp-json\/wp\/v2\/users\/2"}],"replies":[{"embeddable":true,"href":"https:\/\/afarangabroad.com\/fr\/wp-json\/wp\/v2\/comments?post=10290"}],"version-history":[{"count":10,"href":"https:\/\/afarangabroad.com\/fr\/wp-json\/wp\/v2\/pages\/10290\/revisions"}],"predecessor-version":[{"id":513612,"href":"https:\/\/afarangabroad.com\/fr\/wp-json\/wp\/v2\/pages\/10290\/revisions\/513612"}],"wp:featuredmedia":[{"embeddable":true,"href":"https:\/\/afarangabroad.com\/fr\/wp-json\/wp\/v2\/media\/10331"}],"wp:attachment":[{"href":"https:\/\/afarangabroad.com\/fr\/wp-json\/wp\/v2\/media?parent=10290"}],"wp:term":[{"taxonomy":"category","embeddable":true,"href":"https:\/\/afarangabroad.com\/fr\/wp-json\/wp\/v2\/categories?post=10290"},{"taxonomy":"post_tag","embeddable":true,"href":"https:\/\/afarangabroad.com\/fr\/wp-json\/wp\/v2\/tags?post=10290"}],"curies":[{"name":"wp","href":"https:\/\/api.w.org\/{rel}","templated":true}]}}