{"id":11988,"date":"2019-05-14T14:58:48","date_gmt":"2019-05-14T13:58:48","guid":{"rendered":"https:\/\/afarangabroad.com\/?p=11988"},"modified":"2019-05-19T07:21:30","modified_gmt":"2019-05-19T06:21:30","slug":"girls-in-khon-kaen","status":"publish","type":"page","link":"https:\/\/afarangabroad.com\/fr\/filles-a-khon-kaen\/","title":{"rendered":"5 endroits pour rencontrer des filles tha\u00eflandaises \u00e0 Khon Kaen"},"content":{"rendered":"<p>Are you looking to escape from bustle and hustle of Bangkok\u2019s nightlife and experience a diverse Khon Kaen nightlife? Khon Kaen is not so popular when it comes to tourism, but don\u2019t get fooled, the city has much to offer. <\/p>\n<p> vous voulez obtenir\u00a0<a href=\"https:\/\/afarangabroad.com\/fr\/prix-du-sexe-en-thailande\/\">Le sexe en Tha\u00eflande<\/a><strong>\u00a0gratuitement<\/strong><a rel=\"noreferrer noopener\" href=\"https:\/\/afarangabroad.com\/fr\/thai-cupid-dating-site\/\" target=\"_blank\"> Consultez cet article<\/a>.<\/p>\n<div class=\"wp-block-image\">\n<figure class=\"aligncenter\"><a href=\"https:\/\/afarangabroad.com\/fr\/thai-cupid-dating-site\/\" target=\"_blank\" rel=\"noreferrer noopener\"><img loading=\"lazy\" decoding=\"async\" width=\"1024\" height=\"691\" src=\"https:\/\/cdn.shortpixel.ai\/client\/q_lossy,ret_img,w_1024\/https:\/\/afarangabroad.com\/wp-content\/uploads\/2016\/06\/Meet-Thai-girls1-1024x691.png\" alt=\"Meet Thai girls\" class=\"wp-image-7259\" srcset=\"https:\/\/afarangabroad.com\/wp-content\/uploads\/2016\/06\/Meet-Thai-girls1-1024x691.png 1024w, https:\/\/afarangabroad.com\/wp-content\/uploads\/2016\/06\/Meet-Thai-girls1-300x202.png 300w, https:\/\/afarangabroad.com\/wp-content\/uploads\/2016\/06\/Meet-Thai-girls1-720x486.png 720w, https:\/\/afarangabroad.com\/wp-content\/uploads\/2016\/06\/Meet-Thai-girls1.png 1038w\" sizes=\"(max-width: 1024px) 100vw, 1024px\" \/><\/a><\/figure>\n<\/div>\n<p>La vie nocturne anim\u00e9e et vibrante est l'une des choses qui attirent les gens \u00e0 Khon Kaen. Sans oublier que les filles de Khon Kaen sont parmi les plus s\u00e9duisantes de toute la r\u00e9gion de l'Isaan.<\/p>\n<p>Keep reading as you&#8217;ll learn where to meet attractive Thai girls in Khon Kaen.<\/p>\n<h2 class=\"wp-block-heading\"><strong>Vie nocturne \u00e0 Khon Kaen<\/strong><\/h2>\n<p>Khon Kaen is a fantastic place for having unforgettable nightlife as all the clubs and bars sit next to each other which is ideal for bar hopping. If you\u2019re looking to hit a bar scene, the best place to go is Pracha Samran Road and Na Mueang 25 Street. <\/p>\n<div class=\"wp-block-image\">\n<figure class=\"aligncenter\"><img loading=\"lazy\" decoding=\"async\" width=\"1024\" height=\"768\" src=\"https:\/\/afarangabroad.com\/wp-content\/uploads\/2019\/05\/Khon-Kaen-clubs-1024x768.jpg\" alt=\"Khon-Kaen-clubs\" class=\"wp-image-12002\" srcset=\"https:\/\/afarangabroad.com\/wp-content\/uploads\/2019\/05\/Khon-Kaen-clubs-1024x768.jpg 1024w, https:\/\/afarangabroad.com\/wp-content\/uploads\/2019\/05\/Khon-Kaen-clubs-300x225.jpg 300w, https:\/\/afarangabroad.com\/wp-content\/uploads\/2019\/05\/Khon-Kaen-clubs-768x576.jpg 768w, https:\/\/afarangabroad.com\/wp-content\/uploads\/2019\/05\/Khon-Kaen-clubs.jpg 1478w\" sizes=\"(max-width: 1024px) 100vw, 1024px\" \/><\/figure>\n<\/div>\n<p>Khon Kaen nightlife is very diverse and lively, but don\u2019t expect a whole night partying like in Bangkok or Phuket. The action takes place from 7 PM and everything slows or shut down around 4 AM. <\/p>\n<h2 class=\"wp-block-heading\"><strong>Meilleures bo\u00eetes de nuit pour rencontrer des femmes tha\u00eflandaises \u00e0 Khon Kaen<\/strong><\/h2>\n<p>Ce qui est surprenant, c'est que la majorit\u00e9 des bo\u00eetes de nuit sont situ\u00e9es dans une petite zone autour de l'h\u00f4tel Pullman et Glacier, ce qui permet de passer tr\u00e8s facilement d'un club \u00e0 l'autre.<\/p>\n<p>La seule question qui se pose est de savoir ce qu'est le <a href=\"https:\/\/afarangabroad.com\/fr\/khon-kaen-nightlife\/\">Meilleure bo\u00eete de nuit pour rencontrer une femme tha\u00eflandaise \u00e0 Khon Kaen<\/a>?<\/p>\n<p>U-Bar is by far the most famous nightclub and it\u2019s definitely a place you want to be. The club features a large dance floor, daily events with diverse music performed by well-known local and foreign DJs. <\/p>\n<p>Another exciting thing about the club is that it\u2019s not a strange thing to see Thai celebrities getting loose. The prices of drinks are moderate and you can expect to pay around 200 baht for the entrance. <\/p>\n<figure class=\"wp-block-image\"><img loading=\"lazy\" decoding=\"async\" width=\"1024\" height=\"769\" src=\"https:\/\/afarangabroad.com\/wp-content\/uploads\/2019\/05\/Khon-Kaen-nightlife-1024x769.jpg\" alt=\"Vie nocturne \u00e0 Khon Kaen\" class=\"wp-image-12003\" srcset=\"https:\/\/afarangabroad.com\/wp-content\/uploads\/2019\/05\/Khon-Kaen-nightlife-1024x769.jpg 1024w, https:\/\/afarangabroad.com\/wp-content\/uploads\/2019\/05\/Khon-Kaen-nightlife-300x225.jpg 300w, https:\/\/afarangabroad.com\/wp-content\/uploads\/2019\/05\/Khon-Kaen-nightlife-768x577.jpg 768w, https:\/\/afarangabroad.com\/wp-content\/uploads\/2019\/05\/Khon-Kaen-nightlife.jpg 2048w\" sizes=\"(max-width: 1024px) 100vw, 1024px\" \/><\/figure>\n<p>This nightclub is the perfect place to go after a warm-up around the bars since many attractive local girls choose to go there. Generally, girls in Khon Kaen are incredibly open and friendly, but you\u2019ll have to approach since they usually go out in a group. The working hours are from 8 pm to 2 am.<\/p>","protected":false},"excerpt":{"rendered":"<p>Are you looking to escape from bustle and hustle of Bangkok\u2019s nightlife and experience a diverse Khon Kaen nightlife? Khon Kaen is not so popular when it comes to tourism, but don\u2019t get fooled, the city has much to offer. you want to get\u00a0sex in Thailand\u00a0for free then check this article. Lively and vibrant nightlife [&hellip;]<\/p>","protected":false},"author":2,"featured_media":12003,"parent":0,"menu_order":0,"comment_status":"open","ping_status":"closed","template":"","meta":{"_exactmetrics_skip_tracking":false,"_exactmetrics_sitenote_active":false,"_exactmetrics_sitenote_note":"","_exactmetrics_sitenote_category":0,"footnotes":""},"categories":[323],"tags":[],"class_list":["post-11988","page","type-page","status-publish","has-post-thumbnail","hentry","category-thailand-girls"],"yoast_head":"<!-- This site is optimized with the Yoast SEO plugin v20.1 - https:\/\/yoast.com\/wordpress\/plugins\/seo\/ -->\n<title>5 Places to Meet Thai Girls in Khon Kaen - A Farang Abroad<\/title>\n<meta name=\"description\" content=\"Khon Kaen features a diverse and lively nightlife with local oritented market. Learn how to meet Thai girls in Khon Kaen and have an unforgettable time!\" \/>\n<meta name=\"robots\" content=\"index, follow, max-snippet:-1, max-image-preview:large, max-video-preview:-1\" \/>\n<link rel=\"canonical\" href=\"https:\/\/afarangabroad.com\/fr\/filles-a-khon-kaen\/\" \/>\n<meta property=\"og:locale\" content=\"fr_FR\" \/>\n<meta property=\"og:type\" content=\"article\" \/>\n<meta property=\"og:title\" content=\"5 Places to Meet Thai Girls in Khon Kaen - A Farang Abroad\" \/>\n<meta property=\"og:description\" content=\"Khon Kaen features a diverse and lively nightlife with local oritented market. Learn how to meet Thai girls in Khon Kaen and have an unforgettable time!\" \/>\n<meta property=\"og:url\" content=\"https:\/\/afarangabroad.com\/fr\/filles-a-khon-kaen\/\" \/>\n<meta property=\"og:site_name\" content=\"A Farang Abroad\" \/>\n<meta property=\"article:modified_time\" content=\"2019-05-19T06:21:30+00:00\" \/>\n<meta property=\"og:image\" content=\"https:\/\/afarangabroad.com\/wp-content\/uploads\/2019\/05\/Khon-Kaen-nightlife.jpg\" \/>\n\t<meta property=\"og:image:width\" content=\"2048\" \/>\n\t<meta property=\"og:image:height\" content=\"1538\" \/>\n\t<meta property=\"og:image:type\" content=\"image\/jpeg\" \/>\n<meta name=\"twitter:label1\" content=\"Dur\u00e9e de lecture estim\u00e9e\" \/>\n\t<meta name=\"twitter:data1\" content=\"9 minutes\" \/>\n<script type=\"application\/ld+json\" class=\"yoast-schema-graph\">{\"@context\":\"https:\/\/schema.org\",\"@graph\":[{\"@type\":\"WebPage\",\"@id\":\"https:\/\/afarangabroad.com\/girls-in-khon-kaen\/\",\"url\":\"https:\/\/afarangabroad.com\/girls-in-khon-kaen\/\",\"name\":\"5 Places to Meet Thai Girls in Khon Kaen - A Farang Abroad\",\"isPartOf\":{\"@id\":\"https:\/\/afarangabroad.com\/#website\"},\"datePublished\":\"2019-05-14T13:58:48+00:00\",\"dateModified\":\"2019-05-19T06:21:30+00:00\",\"description\":\"Khon Kaen features a diverse and lively nightlife with local oritented market. Learn how to meet Thai girls in Khon Kaen and have an unforgettable time!\",\"breadcrumb\":{\"@id\":\"https:\/\/afarangabroad.com\/girls-in-khon-kaen\/#breadcrumb\"},\"inLanguage\":\"fr-FR\",\"potentialAction\":[{\"@type\":\"ReadAction\",\"target\":[\"https:\/\/afarangabroad.com\/girls-in-khon-kaen\/\"]}]},{\"@type\":\"BreadcrumbList\",\"@id\":\"https:\/\/afarangabroad.com\/girls-in-khon-kaen\/#breadcrumb\",\"itemListElement\":[{\"@type\":\"ListItem\",\"position\":1,\"name\":\"Home\",\"item\":\"https:\/\/afarangabroad.com\/\"},{\"@type\":\"ListItem\",\"position\":2,\"name\":\"5 Places to Meet Thai Girls in Khon Kaen\"}]},{\"@type\":\"WebSite\",\"@id\":\"https:\/\/afarangabroad.com\/#website\",\"url\":\"https:\/\/afarangabroad.com\/\",\"name\":\"A Farang Abroad\",\"description\":\"Your secret guide to Asia&#039;s sexiest nightlife.\",\"potentialAction\":[{\"@type\":\"SearchAction\",\"target\":{\"@type\":\"EntryPoint\",\"urlTemplate\":\"https:\/\/afarangabroad.com\/?s={search_term_string}\"},\"query-input\":\"required name=search_term_string\"}],\"inLanguage\":\"fr-FR\"}]}<\/script>\n<!-- \/ Yoast SEO plugin. -->","yoast_head_json":{"title":"5 Places to Meet Thai Girls in Khon Kaen - A Farang Abroad","description":"Khon Kaen features a diverse and lively nightlife with local oritented market. Learn how to meet Thai girls in Khon Kaen and have an unforgettable time!","robots":{"index":"index","follow":"follow","max-snippet":"max-snippet:-1","max-image-preview":"max-image-preview:large","max-video-preview":"max-video-preview:-1"},"canonical":"https:\/\/afarangabroad.com\/fr\/filles-a-khon-kaen\/","og_locale":"fr_FR","og_type":"article","og_title":"5 Places to Meet Thai Girls in Khon Kaen - A Farang Abroad","og_description":"Khon Kaen features a diverse and lively nightlife with local oritented market. Learn how to meet Thai girls in Khon Kaen and have an unforgettable time!","og_url":"https:\/\/afarangabroad.com\/fr\/filles-a-khon-kaen\/","og_site_name":"A Farang Abroad","article_modified_time":"2019-05-19T06:21:30+00:00","og_image":[{"width":2048,"height":1538,"url":"https:\/\/afarangabroad.com\/wp-content\/uploads\/2019\/05\/Khon-Kaen-nightlife.jpg","type":"image\/jpeg"}],"twitter_misc":{"Dur\u00e9e de lecture estim\u00e9e":"9 minutes"},"schema":{"@context":"https:\/\/schema.org","@graph":[{"@type":"WebPage","@id":"https:\/\/afarangabroad.com\/girls-in-khon-kaen\/","url":"https:\/\/afarangabroad.com\/girls-in-khon-kaen\/","name":"5 Places to Meet Thai Girls in Khon Kaen - A Farang Abroad","isPartOf":{"@id":"https:\/\/afarangabroad.com\/#website"},"datePublished":"2019-05-14T13:58:48+00:00","dateModified":"2019-05-19T06:21:30+00:00","description":"Khon Kaen features a diverse and lively nightlife with local oritented market. Learn how to meet Thai girls in Khon Kaen and have an unforgettable time!","breadcrumb":{"@id":"https:\/\/afarangabroad.com\/girls-in-khon-kaen\/#breadcrumb"},"inLanguage":"fr-FR","potentialAction":[{"@type":"ReadAction","target":["https:\/\/afarangabroad.com\/girls-in-khon-kaen\/"]}]},{"@type":"BreadcrumbList","@id":"https:\/\/afarangabroad.com\/girls-in-khon-kaen\/#breadcrumb","itemListElement":[{"@type":"ListItem","position":1,"name":"Home","item":"https:\/\/afarangabroad.com\/"},{"@type":"ListItem","position":2,"name":"5 Places to Meet Thai Girls in Khon Kaen"}]},{"@type":"WebSite","@id":"https:\/\/afarangabroad.com\/#website","url":"https:\/\/afarangabroad.com\/","name":"A Farang Abroad","description":"Your secret guide to Asia&#039;s sexiest nightlife.","potentialAction":[{"@type":"SearchAction","target":{"@type":"EntryPoint","urlTemplate":"https:\/\/afarangabroad.com\/?s={search_term_string}"},"query-input":"required name=search_term_string"}],"inLanguage":"fr-FR"}]}},"_links":{"self":[{"href":"https:\/\/afarangabroad.com\/fr\/wp-json\/wp\/v2\/pages\/11988"}],"collection":[{"href":"https:\/\/afarangabroad.com\/fr\/wp-json\/wp\/v2\/pages"}],"about":[{"href":"https:\/\/afarangabroad.com\/fr\/wp-json\/wp\/v2\/types\/page"}],"author":[{"embeddable":true,"href":"https:\/\/afarangabroad.com\/fr\/wp-json\/wp\/v2\/users\/2"}],"replies":[{"embeddable":true,"href":"https:\/\/afarangabroad.com\/fr\/wp-json\/wp\/v2\/comments?post=11988"}],"version-history":[{"count":0,"href":"https:\/\/afarangabroad.com\/fr\/wp-json\/wp\/v2\/pages\/11988\/revisions"}],"wp:featuredmedia":[{"embeddable":true,"href":"https:\/\/afarangabroad.com\/fr\/wp-json\/wp\/v2\/media\/12003"}],"wp:attachment":[{"href":"https:\/\/afarangabroad.com\/fr\/wp-json\/wp\/v2\/media?parent=11988"}],"wp:term":[{"taxonomy":"category","embeddable":true,"href":"https:\/\/afarangabroad.com\/fr\/wp-json\/wp\/v2\/categories?post=11988"},{"taxonomy":"post_tag","embeddable":true,"href":"https:\/\/afarangabroad.com\/fr\/wp-json\/wp\/v2\/tags?post=11988"}],"curies":[{"name":"wp","href":"https:\/\/api.w.org\/{rel}","templated":true}]}}