{"id":12039,"date":"2019-05-31T09:05:05","date_gmt":"2019-05-31T08:05:05","guid":{"rendered":"https:\/\/afarangabroad.com\/?p=12039"},"modified":"2019-05-31T09:06:33","modified_gmt":"2019-05-31T08:06:33","slug":"girls-in-udon-thani","status":"publish","type":"page","link":"https:\/\/afarangabroad.com\/fr\/filles-en-udon-thani\/","title":{"rendered":"O\u00f9 rencontrer des filles tha\u00eflandaises \u00e0 Udon Thani"},"content":{"rendered":"<p>Udon Thani offre de loin l'une des meilleures vies nocturnes de toute la r\u00e9gion de l'Isaan. <\/p>\n<p>La vie nocturne y est plus d\u00e9tendue et plus abordable qu'\u00e0 Bangkok, Phuket ou Pattaya. <\/p>\n<div class=\"wp-block-image\">\n<figure class=\"aligncenter\"><a href=\"https:\/\/afarangabroad.com\/fr\/thai-cupid-dating-site\/\" target=\"_blank\" rel=\"noreferrer noopener\"><img loading=\"lazy\" decoding=\"async\" width=\"1024\" height=\"691\" src=\"https:\/\/cdn.shortpixel.ai\/client\/q_lossy,ret_img,w_1024\/https:\/\/afarangabroad.com\/wp-content\/uploads\/2016\/06\/Meet-Thai-girls1-1024x691.png\" alt=\"Meet Thai girls\" class=\"wp-image-7259\" srcset=\"https:\/\/afarangabroad.com\/wp-content\/uploads\/2016\/06\/Meet-Thai-girls1-1024x691.png 1024w, https:\/\/afarangabroad.com\/wp-content\/uploads\/2016\/06\/Meet-Thai-girls1-300x202.png 300w, https:\/\/afarangabroad.com\/wp-content\/uploads\/2016\/06\/Meet-Thai-girls1-720x486.png 720w, https:\/\/afarangabroad.com\/wp-content\/uploads\/2016\/06\/Meet-Thai-girls1.png 1038w\" sizes=\"(max-width: 1024px) 100vw, 1024px\" \/><\/a><\/figure>\n<\/div>\n<p>Vous souhaitez rencontrer des filles dans Udon Thai, alors&nbsp;<a href=\"https:\/\/afarangabroad.com\/fr\/thai-cupid-dating-site\/\" target=\"_blank\" rel=\"noreferrer noopener\" aria-label=\" (s&#039;ouvre dans un nouvel onglet)\">lire cet article<\/a>.<\/p>\n<p>\u00c0 Udon Thani, les filles sont g\u00e9n\u00e9ralement plus nombreuses que les hommes et elles sont connues pour \u00eatre les plus amicales et les plus accessibles de l'Isaan. <\/p>\n<p>As a foreigner, you\u2019ll experience a huge interest from the girls on the street and bars. Here\u2019s everything you have to know about meeting attractive Udon Thani Girls. <\/p>\n<h2 class=\"wp-block-heading\">R\u00e9union <strong>Filles normales d'Udon Thani <\/strong><\/h2>\n<p>The first thing you\u2019ll notice when hitting a nightlife in Udon Thani is how chilled and relaxed the people, especially girls are compared to Bangkok. Udon Thani is a small city located near Laos capital and it\u2019s surprising how friendly and approachable girls and people in general are. <\/p>\n<p>Les prix sont beaucoup plus abordables pour tout, y compris les clubs, les boissons, le shopping, la nourriture et m\u00eame les filles. De plus, les filles tha\u00eflandaises normales semblent tr\u00e8s int\u00e9ress\u00e9es par les \u00e9trangers. Il est relativement facile d'organiser un rendez-vous avec des filles d'Udon Thani (la barri\u00e8re de la langue peut \u00eatre un probl\u00e8me). <\/p>\n<p>Anyway, I\u2019ve already shared insights about amazing <a href=\"https:\/\/afarangabroad.com\/fr\/guide-de-la-vie-nocturne-a-udon-thani\/\">Vie nocturne \u00e0 Udon Thani<\/a> et je me concentrerai davantage sur la rencontre de filles tha\u00eflandaises \u00e0 Udon Thani ici.<\/p>\n<p>Let\u2019s talk about Udon Thani girls and let me explain why I love them. <\/p>\n<p>Well, I was very surprised how relaxed and chilled people are in the city. After a while, it totally makes sense as Udon Thani is a small city and people aren\u2019t so busy and stressed. Women tend to be more approachable and interested in foreigners. <\/p>\n<p>Une autre chose qui m'a frapp\u00e9 est le nombre de jolies filles qui se prom\u00e8nent dans la ville (pas n\u00e9cessairement la nuit). J'ai litt\u00e9ralement eu le coup de foudre pour Udon Thani et ses filles.<\/p>","protected":false},"excerpt":{"rendered":"<p>Udon Thani is offering by far one of the best nightlife in a whole Isaan region. The nightlife is more relaxed and affordable compared to hotspots like Bangkok, Phuket or Pattaya. Want to find&nbsp;meet girls in Udon Thai,&nbsp;then&nbsp;read this article. The supply of girls in Udon Thani usually outnumbers men and the girls are known [&hellip;]<\/p>","protected":false},"author":2,"featured_media":10328,"parent":0,"menu_order":0,"comment_status":"open","ping_status":"closed","template":"","meta":{"_exactmetrics_skip_tracking":false,"_exactmetrics_sitenote_active":false,"_exactmetrics_sitenote_note":"","_exactmetrics_sitenote_category":0,"footnotes":""},"categories":[323],"tags":[],"class_list":["post-12039","page","type-page","status-publish","has-post-thumbnail","hentry","category-thailand-girls"],"yoast_head":"<!-- This site is optimized with the Yoast SEO plugin v20.1 - https:\/\/yoast.com\/wordpress\/plugins\/seo\/ -->\n<title>Where to Meet Thai Girls in Udon Thani - A Farang Abroad<\/title>\n<meta name=\"description\" content=\"Learn to to find the best looking Thai girls in Udon Thani, where they hang out, the best bars and where to find brothels in Udon Thani as well.\" \/>\n<meta name=\"robots\" content=\"index, follow, max-snippet:-1, max-image-preview:large, max-video-preview:-1\" \/>\n<link rel=\"canonical\" href=\"https:\/\/afarangabroad.com\/fr\/filles-en-udon-thani\/\" \/>\n<meta property=\"og:locale\" content=\"fr_FR\" \/>\n<meta property=\"og:type\" content=\"article\" \/>\n<meta property=\"og:title\" content=\"Where to Meet Thai Girls in Udon Thani - A Farang Abroad\" \/>\n<meta property=\"og:description\" content=\"Learn to to find the best looking Thai girls in Udon Thani, where they hang out, the best bars and where to find brothels in Udon Thani as well.\" \/>\n<meta property=\"og:url\" content=\"https:\/\/afarangabroad.com\/fr\/filles-en-udon-thani\/\" \/>\n<meta property=\"og:site_name\" content=\"A Farang Abroad\" \/>\n<meta property=\"article:modified_time\" content=\"2019-05-31T08:06:33+00:00\" \/>\n<meta property=\"og:image\" content=\"https:\/\/afarangabroad.com\/wp-content\/uploads\/2018\/10\/Massage-in-Bangkok-hotel.jpg\" \/>\n\t<meta property=\"og:image:width\" content=\"1920\" \/>\n\t<meta property=\"og:image:height\" content=\"1280\" \/>\n\t<meta property=\"og:image:type\" content=\"image\/jpeg\" \/>\n<meta name=\"twitter:label1\" content=\"Dur\u00e9e de lecture estim\u00e9e\" \/>\n\t<meta name=\"twitter:data1\" content=\"7 minutes\" \/>\n<script type=\"application\/ld+json\" class=\"yoast-schema-graph\">{\"@context\":\"https:\/\/schema.org\",\"@graph\":[{\"@type\":\"WebPage\",\"@id\":\"https:\/\/afarangabroad.com\/girls-in-udon-thani\/\",\"url\":\"https:\/\/afarangabroad.com\/girls-in-udon-thani\/\",\"name\":\"Where to Meet Thai Girls in Udon Thani - A Farang Abroad\",\"isPartOf\":{\"@id\":\"https:\/\/afarangabroad.com\/#website\"},\"datePublished\":\"2019-05-31T08:05:05+00:00\",\"dateModified\":\"2019-05-31T08:06:33+00:00\",\"description\":\"Learn to to find the best looking Thai girls in Udon Thani, where they hang out, the best bars and where to find brothels in Udon Thani as well.\",\"breadcrumb\":{\"@id\":\"https:\/\/afarangabroad.com\/girls-in-udon-thani\/#breadcrumb\"},\"inLanguage\":\"fr-FR\",\"potentialAction\":[{\"@type\":\"ReadAction\",\"target\":[\"https:\/\/afarangabroad.com\/girls-in-udon-thani\/\"]}]},{\"@type\":\"BreadcrumbList\",\"@id\":\"https:\/\/afarangabroad.com\/girls-in-udon-thani\/#breadcrumb\",\"itemListElement\":[{\"@type\":\"ListItem\",\"position\":1,\"name\":\"Home\",\"item\":\"https:\/\/afarangabroad.com\/\"},{\"@type\":\"ListItem\",\"position\":2,\"name\":\"Where to Meet Thai Girls in Udon Thani\"}]},{\"@type\":\"WebSite\",\"@id\":\"https:\/\/afarangabroad.com\/#website\",\"url\":\"https:\/\/afarangabroad.com\/\",\"name\":\"A Farang Abroad\",\"description\":\"Your secret guide to Asia&#039;s sexiest nightlife.\",\"potentialAction\":[{\"@type\":\"SearchAction\",\"target\":{\"@type\":\"EntryPoint\",\"urlTemplate\":\"https:\/\/afarangabroad.com\/?s={search_term_string}\"},\"query-input\":\"required name=search_term_string\"}],\"inLanguage\":\"fr-FR\"}]}<\/script>\n<!-- \/ Yoast SEO plugin. -->","yoast_head_json":{"title":"Where to Meet Thai Girls in Udon Thani - A Farang Abroad","description":"Learn to to find the best looking Thai girls in Udon Thani, where they hang out, the best bars and where to find brothels in Udon Thani as well.","robots":{"index":"index","follow":"follow","max-snippet":"max-snippet:-1","max-image-preview":"max-image-preview:large","max-video-preview":"max-video-preview:-1"},"canonical":"https:\/\/afarangabroad.com\/fr\/filles-en-udon-thani\/","og_locale":"fr_FR","og_type":"article","og_title":"Where to Meet Thai Girls in Udon Thani - A Farang Abroad","og_description":"Learn to to find the best looking Thai girls in Udon Thani, where they hang out, the best bars and where to find brothels in Udon Thani as well.","og_url":"https:\/\/afarangabroad.com\/fr\/filles-en-udon-thani\/","og_site_name":"A Farang Abroad","article_modified_time":"2019-05-31T08:06:33+00:00","og_image":[{"width":1920,"height":1280,"url":"https:\/\/afarangabroad.com\/wp-content\/uploads\/2018\/10\/Massage-in-Bangkok-hotel.jpg","type":"image\/jpeg"}],"twitter_misc":{"Dur\u00e9e de lecture estim\u00e9e":"7 minutes"},"schema":{"@context":"https:\/\/schema.org","@graph":[{"@type":"WebPage","@id":"https:\/\/afarangabroad.com\/girls-in-udon-thani\/","url":"https:\/\/afarangabroad.com\/girls-in-udon-thani\/","name":"Where to Meet Thai Girls in Udon Thani - A Farang Abroad","isPartOf":{"@id":"https:\/\/afarangabroad.com\/#website"},"datePublished":"2019-05-31T08:05:05+00:00","dateModified":"2019-05-31T08:06:33+00:00","description":"Learn to to find the best looking Thai girls in Udon Thani, where they hang out, the best bars and where to find brothels in Udon Thani as well.","breadcrumb":{"@id":"https:\/\/afarangabroad.com\/girls-in-udon-thani\/#breadcrumb"},"inLanguage":"fr-FR","potentialAction":[{"@type":"ReadAction","target":["https:\/\/afarangabroad.com\/girls-in-udon-thani\/"]}]},{"@type":"BreadcrumbList","@id":"https:\/\/afarangabroad.com\/girls-in-udon-thani\/#breadcrumb","itemListElement":[{"@type":"ListItem","position":1,"name":"Home","item":"https:\/\/afarangabroad.com\/"},{"@type":"ListItem","position":2,"name":"Where to Meet Thai Girls in Udon Thani"}]},{"@type":"WebSite","@id":"https:\/\/afarangabroad.com\/#website","url":"https:\/\/afarangabroad.com\/","name":"A Farang Abroad","description":"Your secret guide to Asia&#039;s sexiest nightlife.","potentialAction":[{"@type":"SearchAction","target":{"@type":"EntryPoint","urlTemplate":"https:\/\/afarangabroad.com\/?s={search_term_string}"},"query-input":"required name=search_term_string"}],"inLanguage":"fr-FR"}]}},"_links":{"self":[{"href":"https:\/\/afarangabroad.com\/fr\/wp-json\/wp\/v2\/pages\/12039"}],"collection":[{"href":"https:\/\/afarangabroad.com\/fr\/wp-json\/wp\/v2\/pages"}],"about":[{"href":"https:\/\/afarangabroad.com\/fr\/wp-json\/wp\/v2\/types\/page"}],"author":[{"embeddable":true,"href":"https:\/\/afarangabroad.com\/fr\/wp-json\/wp\/v2\/users\/2"}],"replies":[{"embeddable":true,"href":"https:\/\/afarangabroad.com\/fr\/wp-json\/wp\/v2\/comments?post=12039"}],"version-history":[{"count":0,"href":"https:\/\/afarangabroad.com\/fr\/wp-json\/wp\/v2\/pages\/12039\/revisions"}],"wp:featuredmedia":[{"embeddable":true,"href":"https:\/\/afarangabroad.com\/fr\/wp-json\/wp\/v2\/media\/10328"}],"wp:attachment":[{"href":"https:\/\/afarangabroad.com\/fr\/wp-json\/wp\/v2\/media?parent=12039"}],"wp:term":[{"taxonomy":"category","embeddable":true,"href":"https:\/\/afarangabroad.com\/fr\/wp-json\/wp\/v2\/categories?post=12039"},{"taxonomy":"post_tag","embeddable":true,"href":"https:\/\/afarangabroad.com\/fr\/wp-json\/wp\/v2\/tags?post=12039"}],"curies":[{"name":"wp","href":"https:\/\/api.w.org\/{rel}","templated":true}]}}