{"id":15,"date":"2013-02-11T23:42:00","date_gmt":"2013-02-11T23:42:00","guid":{"rendered":"https:\/\/afarangabroad.com\/uncategorized\/finding-a-girlfriend-in-bangkok-nightclubs\/"},"modified":"2024-10-22T03:07:06","modified_gmt":"2024-10-22T02:07:06","slug":"finding-girlfriend-in-bangkok-nightclubs","status":"publish","type":"page","link":"https:\/\/afarangabroad.com\/fr\/trouver-une-petite-amie-dans-les-boites-de-nuit-de-bangkok\/","title":{"rendered":"Trouver une petite amie tha\u00eflandaise dans les bo\u00eetes de nuit de Bangkok"},"content":{"rendered":"<p dir=\"ltr\"><span lang=\"EN-US\">Bangkok gets a bit of a bad rep for being full of hookers and ladyboys (which it is) but being a cosmopolitan city of 8 million people there are still plenty of places to meet normal chicks for the \u2018girlfriend experience&#8217; in Bangkok to get your self a Thai Girlfriend.<\/span><\/p>\n<p><i>L'article suivant a \u00e9t\u00e9 envoy\u00e9 par <\/i><a href=\"http:\/\/www.rakeback.com\/author\/james-spillane\/\" target=\"_blank\" rel=\"noopener\">James Spillane<i>un expatri\u00e9 de Bangkok.<\/i><\/a><\/p>\n<p>Envie de s'envoyer en l'air en <strong>La Tha\u00eflande gratuitement<\/strong>alors <a href=\"https:\/\/afarangabroad.com\/fr\/thai-friendly-dating\/\" target=\"_blank\" rel=\"noopener\">lire cet article<\/a>.<\/p>\n<p><!-- [if gte mso 9]><xml> <w:WordDocument>  <w:View>Normal<\/w:View>  <w:Zoom>0<\/w:Zoom>  <w:PunctuationKerning\/>  <w:ValidateAgainstSchemas\/>  <w:SaveIfXMLInvalid>false<\/w:SaveIfXMLInvalid>  <w:IgnoreMixedContent>false<\/w:IgnoreMixedContent>  <w:AlwaysShowPlaceholderText>false<\/w:AlwaysShowPlaceholderText>  <w:Compatibility>   <w:BreakWrappedTables\/>   <w:SnapToGridInCell\/>   <w:WrapTextWithPunct\/>   <w:UseAsianBreakRules\/>   <w:DontGrowAutofit\/>  <\/w:Compatibility>  <w:BrowserLevel>MicrosoftInternetExplorer4<\/w:BrowserLevel> <\/w:WordDocument><\/xml><![endif]--><\/p>\n<p><span lang=\"EN-US\">Below is a subjective snapshot of the crowd you\u2019ll tend to find at different night clubs in Bangkok. <\/span><\/p>\n<p><span lang=\"EN-US\">Tous les \u00e9tablissements ci-dessous exigent une pi\u00e8ce d'identit\u00e9 (20+) et appliquent un code vestimentaire chic et d\u00e9contract\u00e9 : pantalon, chaussures ferm\u00e9es, pas de v\u00eatements d\u00e9chir\u00e9s et, id\u00e9alement, un collier. Dans chaque lieu, vous pouvez rapporter une bouteille non consomm\u00e9e \u00e0 la fin de la soir\u00e9e et utiliser la carte pour une entr\u00e9e gratuite dans les 30 jours suivants.<\/span><\/p>\n<h2>Conseils pour trouver une petite amie \u00e0 Bangkok dans les bo\u00eetes de nuit tha\u00eflandaises<\/h2>\n<p><span style=\"color: #0000ff;\"><b><span lang=\"EN-US\">Premi\u00e8res portes<\/span><\/b><\/span><\/p>\n<p><b><span style=\"text-decoration: underline;\"><span lang=\"EN-US\">Route 66 (sur RCA)<\/span><\/span><\/b><span lang=\"EN-US\">\u2013 a roughly 50\/50 split of normal young Thai chicks with jobs, degrees, iPhones etc, Thai \/ western guys, thanks to the club being featured in Lonely Planet. <\/span><\/p>\n<p><span lang=\"EN-US\">Thai girls gets in free. On the one hand at Route 66 you can blend in and Thai girls are not shy to talk to farang, but on the flip side there\u2019s a fair amount of competition. Work the outside game to avoid heaving crowds on Fri \/ Sat night and the loud mainstream music. Nice place to find yourself a potential Bangkok girlfriend.<\/span><\/p>\n<p><i><span lang=\"EN-US\">Conseil de pro<\/span><\/i><span lang=\"EN-US\"> \u2013 the vouchers that you get for the 300 baht entrance fee can be liquidity put towards a bottle, mixers, or ice, not your usual \u20181 free drink\u2019 type cover.<\/span><\/p>\n<table cellspacing=\"0\" cellpadding=\"0\" align=\"center\">\n<tbody>\n<tr>\n<td><a href=\"https:\/\/afarangabroad.com\/wp-content\/uploads\/2013\/02\/funky+villa1.jpg\"><img loading=\"lazy\" decoding=\"async\" src=\"https:\/\/afarangabroad.com\/wp-content\/uploads\/2013\/02\/funky+villa.jpg\" alt=\"\" width=\"320\" height=\"264\" border=\"0\"><\/a><\/td>\n<\/tr>\n<tr>\n<td>100% femme !<\/td>\n<\/tr>\n<\/tbody>\n<\/table>\n<p><b><span style=\"text-decoration: underline;\"><span lang=\"EN-US\">Slim (sur RCA)<\/span><\/span><\/b><span lang=\"EN-US\">\u2013 next to Route 66, with slightly more expensive cover and bottle prices, there are a few more Thai girls and less white guys to be found here. Again, hookers don\u2019t apply their trade here and the <a href=\"https:\/\/afarangabroad.com\/fr\/thai-women\/\">Femmes tha\u00eflandaises<\/a> sont pour la plupart des femelles biologiques d\u00e8s la naissance.<\/span><\/p>\n\n\n<h2 class=\"wp-block-heading\">Body Bliss Massage Bangkok<\/h2>\n\n\n\n<p>Body Bliss Massage est un nouveau mais tr\u00e8s bon massage outcall o\u00f9 vous pouvez obtenir des handjobs \u00e0 Bangkok. Ils offrent des services pour les hommes et les femmes.<\/p>\n\n\n<div class=\"wp-block-image\">\n<figure class=\"aligncenter size-large is-resized\"><a href=\"https:\/\/bodyblissbangkok.com\/\" target=\"_blank\" rel=\"noreferrer noopener\"><img loading=\"lazy\" decoding=\"async\" width=\"575\" height=\"1024\" src=\"https:\/\/afarangabroad.com\/wp-content\/uploads\/2023\/12\/body-bliss-massage-575x1024.jpg\" alt=\"body bliss massage\" class=\"wp-image-513386\" style=\"width:203px;height:362px\" srcset=\"https:\/\/afarangabroad.com\/wp-content\/uploads\/2023\/12\/body-bliss-massage-575x1024.jpg 575w, https:\/\/afarangabroad.com\/wp-content\/uploads\/2023\/12\/body-bliss-massage-168x300.jpg 168w, https:\/\/afarangabroad.com\/wp-content\/uploads\/2023\/12\/body-bliss-massage-768x1368.jpg 768w, https:\/\/afarangabroad.com\/wp-content\/uploads\/2023\/12\/body-bliss-massage-862x1536.jpg 862w, https:\/\/afarangabroad.com\/wp-content\/uploads\/2023\/12\/body-bliss-massage.jpg 904w\" sizes=\"(max-width: 575px) 100vw, 575px\" \/><\/a><\/figure><\/div>\n\n\n<p>Ils proposent une gamme de massages, y compris les massages savonneux et les massages de la prostate. Vous pouvez voir toutes leurs filles en visitant leur site web \u00e0 l'adresse suivante <a href=\"http:\/\/www.bodyblissbangkok.com\/\" target=\"_blank\" rel=\"nofollow noopener\">BodyBlissBangkok.com<\/a><\/p>\n\n\n\n<h2 class=\"wp-block-heading\">Bangkok l'exotique<\/h2>\n\n\n\n<p>Exotic Bangkok est le plus r\u00e9cent prestataire de massages sur appel ou \u00e0 l'ext\u00e9rieur. On y trouve de tout, des massages tantriques aux massages nuru, en passant par les massages pervers. Ils ont quelques-unes des meilleures filles de Bangkok. Pour l'incall, vous les trouverez \u00e0 Sukhumvit 20. Vous pouvez consulter leurs offres ici : <a href=\"https:\/\/exoticmassagebangkok.com\/\">ExoticMassageBangkok.com<\/a><\/p>\n\n\n<div class=\"wp-block-image\">\n<figure class=\"aligncenter\"><a href=\"https:\/\/exoticmassagebangkok.com\/\"><img loading=\"lazy\" decoding=\"async\" width=\"691\" height=\"1024\" src=\"https:\/\/afarangabroad.com\/wp-content\/uploads\/2024\/08\/image_123650291-691x1024.jpg\" alt=\"\" class=\"wp-image-513539\" srcset=\"https:\/\/afarangabroad.com\/wp-content\/uploads\/2024\/08\/image_123650291-691x1024.jpg 691w, https:\/\/afarangabroad.com\/wp-content\/uploads\/2024\/08\/image_123650291-202x300.jpg 202w, https:\/\/afarangabroad.com\/wp-content\/uploads\/2024\/08\/image_123650291.jpg 700w\" sizes=\"(max-width: 691px) 100vw, 691px\" \/><\/a><\/figure><\/div>\n\n\n<p><em>Se rendre \u00e0 Chaing Mai<\/em>? Lisez mon guide pour savoir o\u00f9 <a href=\"https:\/\/afarangabroad.com\/fr\/filles-de-chiang-mai\/\">Rencontrer des filles \u00e0 Chiang Mai<\/a> et le meilleur <a href=\"https:\/\/afarangabroad.com\/fr\/happy-ending-massage-chiang-mai\/\">massages de fin de vie \u00e0 Chaing Mai<\/a>.<\/p>\n\n\n\n<p><span lang=\"EN-US\"> Model nights on Tuesdays bring in a lot of talent. When leaving with girls walk left and past all the taxi touts who want to take you to hooker-infested after hours spots they get commission at \u2013 on the main road flag down a taxi that\u2019ll actually put the meter on. Another legit place to find a decent Thai girls.<br><\/span><\/p>\n\n\n\n<p><em>Related : apprendre o\u00f9 trouver&nbsp;&nbsp;<a title=\"Le\u00e7on sur les prostitu\u00e9es tha\u00eflandaises\" href=\"https:\/\/afarangabroad.com\/fr\/2015\/03\/thai-hookers\/\" target=\"_blank\" rel=\"noopener\">Prostitu\u00e9es tha\u00eflandaises<\/a>&nbsp;\u00e0 Bangkok.<\/em><\/p>\n\n\n\n<p><i><span lang=\"EN-US\">Conseil de pro<\/span><\/i><span lang=\"EN-US\"> \u2013 Flix, the dance music room on the left, stays open after hours once the main hip hop room closes.<\/span><\/p>\n\n\n\n<figure class=\"wp-block-image\"><a href=\"https:\/\/afarangabroad.com\/fr\/thai-friendly-dating\/\"><img loading=\"lazy\" decoding=\"async\" width=\"728\" height=\"90\" src=\"https:\/\/afarangabroad.com\/wp-content\/uploads\/2014\/12\/Thai-friendly.jpg\" alt=\"Convivialit\u00e9 tha\u00eflandaise\" class=\"wp-image-4358\" srcset=\"https:\/\/afarangabroad.com\/wp-content\/uploads\/2014\/12\/Thai-friendly.jpg 728w, https:\/\/afarangabroad.com\/wp-content\/uploads\/2014\/12\/Thai-friendly-300x37.jpg 300w, https:\/\/afarangabroad.com\/wp-content\/uploads\/2014\/12\/Thai-friendly-600x74.jpg 600w, https:\/\/afarangabroad.com\/wp-content\/uploads\/2014\/12\/Thai-friendly-720x89.jpg 720w\" sizes=\"(max-width: 728px) 100vw, 728px\" \/><\/a><\/figure>\n\n\n\n<p><b><span style=\"text-decoration: underline;\"><span lang=\"EN-US\">Funky Villa (Thonglor Soi 10)<\/span><\/span><\/b><b><span lang=\"EN-US\"> \u2013<\/span><\/b><span lang=\"EN-US\"> a majority Thai crowd, with women way outnumbering heterosexual Asian guys. You\u2019ll stand out, but will need to be on your game. Thai girls in these places are pretty hi so and often shy to be seen talking to farang because of the association with prostitution. Similar spots next door that people roll into after Funky closes include Demo and Safehouse. Pick up phone numbers for second dates and meeting up at after hour spots.<\/span><\/p>\n\n\n\n<p><i><span lang=\"EN-US\">Conseil de pro<\/span><\/i><span lang=\"EN-US\">\u2013 the 1k baht Smirnoff vodka bottle is one of the cheapest of any Bangkok nightclub, and admits 5 people in free. <\/span><\/p>\n\n\n\n<p><b><span style=\"text-decoration: underline;\"><span lang=\"EN-US\">Nung Len (Soi Ekkamai)<\/span><\/span><\/b><b><span lang=\"EN-US\">\u2013<\/span><\/b><span lang=\"EN-US\"> encore plus <a title=\"Qu&#039;est-ce qu&#039;un Hi So Thai ?\" href=\"https:\/\/afarangabroad.com\/fr\/2014\/03\/hi-so-thai\/\" target=\"_blank\" rel=\"noopener\">Bonjour \u00e0 tous<\/a> than Funky Villa, girls seem to come here to be seen. Like a beautiful people\u2019s club, prepare to fall in love every five minutes. Button up shirts and chinos are recommended. Freshen up for the pooyings and try to learn a few Thai phrases. A good place to start the night and walk around with a 160 baht beer. Bourbon street and Tororo sushi are some trendy spots on this soi (Sukhumvit 63).<\/span><\/p>\n\n\n\n<figure class=\"wp-block-table\"><table><tbody><tr><td><a href=\"https:\/\/afarangabroad.com\/wp-content\/uploads\/2013\/02\/bebier1.jpg\"><img loading=\"lazy\" decoding=\"async\" src=\"https:\/\/afarangabroad.com\/wp-content\/uploads\/2013\/02\/bebier.jpg\" alt=\"\" width=\"320\" height=\"240\" border=\"0\"><\/a><\/td><\/tr><tr><td>&nbsp;<\/td><\/tr><\/tbody><\/table><\/figure>\n\n\n\n<p><i><span lang=\"EN-US\">Conseil de pro<\/span><\/i><span lang=\"EN-US\"> \u2013 If staying longer in a concerted effort to bag a hi so, arrive early, get a bottle and set up shop at a good vantage point in Escobar, the attached building with a DJ booth and more dance type music.<\/span><\/p>\n\n\n\n<h2 class=\"wp-block-heading\"><span style=\"color: #0000ff;\"><b><span lang=\"EN-US\">Apr\u00e8s les heures de travail<\/span><\/b><\/span><\/h2>\n\n\n\n<p><b><span style=\"text-decoration: underline;\"><span lang=\"EN-US\">Scratchdog (Sukhumvit Soi 20)<\/span><\/span><\/b><span lang=\"EN-US\">\u2013 In the basement of the flashy Windsor Suites hotel, Scratchdog is a cosy venue with intimately small tables and plenty of eye candy. Being a touristy area, there are a few more farang and Japanese in the mix.<\/span><\/p>\n\n\n\n<p>It&#8217;s much easier to meet and date girls in nightclubs than using <a href=\"https:\/\/afarangabroad.com\/fr\/tinder-thailande\/\">Tinder en Tha\u00eflande<\/a>.<\/p>\n\n\n\n<p><span lang=\"EN-US\"> Les bouteilles admettent 5 personnes, la moins ch\u00e8re \u00e9tant la vodka \u00e0 1,5 km, ou la couverture de 400 bahts donne droit \u00e0 une boisson gratuite pour une personne. La shisha est \u00e9galement disponible pour fumer \u00e0 votre table. <\/span><\/p>\n\n\n\n<p><i><span lang=\"EN-US\">Conseil de pro<\/span><\/i><span lang=\"EN-US\"> \u2013 Some <a title=\"5 fa\u00e7ons de rep\u00e9rer les filles de bar tha\u00eflandaises\" href=\"https:\/\/afarangabroad.com\/fr\/5-ways-stop-thai-bar-girls\/\" target=\"_blank\" rel=\"noopener\">Thai bar girls<\/a> do come here because it\u2019s Sukhumvit, but they\u2019re usually easy to spot lurking by the DJ booth and edge of the dance floor.<\/span><\/p>\n\n\n\n<p><b><span style=\"text-decoration: underline;\"><span lang=\"EN-US\">Wip 168 (Soi Thonglor)<\/span><\/span><\/b><span lang=\"EN-US\">\u2013 Following the pattern, Wip is full of hot Thai girls and the good news now is they\u2019ll be drunker, as Wip is an after hours spot, filling up from 2 to 6am. <\/span><\/p>\n\n\n\n<p><span lang=\"EN-US\">With blasting house and techno music, the long rectangular grid of tables is perfect for doing the rounds approaching chicks. It can take 30 minutes to do a complete rotation, and with it being so dark people won\u2019t notice you\u2019re bouncing from girl to girl.<\/span><\/p>\n\n\n\n<p>Il est beaucoup plus facile de rencontrer des filles en Tha\u00eflande qu'en Europe. <a href=\"https:\/\/afarangabroad.com\/fr\/hong-kong-red-light-district\/\">les prostitu\u00e9es \u00e0 Hong Kong<\/a> ou <a href=\"https:\/\/afarangabroad.com\/fr\/macau-girls\/\">Les femmes \u00e0 Macao<\/a>.<\/p>\n\n\n\n<p><i><span lang=\"EN-US\">Conseil de pro<\/span><\/i><span lang=\"EN-US\">\u2013 use the outside corridor to enter and exit the club at different strategic points with ease, and scout out the coaches near the bathrooms and food stands for victims.<\/span><\/p>\n\n\n\n<figure class=\"wp-block-table\"><table><tbody><tr><td><a href=\"https:\/\/afarangabroad.com\/wp-content\/uploads\/2013\/02\/nan+len1.jpg\"><img loading=\"lazy\" decoding=\"async\" src=\"https:\/\/afarangabroad.com\/wp-content\/uploads\/2013\/02\/nan+len.jpg\" alt=\"\" width=\"320\" height=\"240\" border=\"0\"><\/a><\/td><\/tr><tr><td>Vous \u00eates si dr\u00f4le<\/td><\/tr><\/tbody><\/table><\/figure>\n\n\n\n<p><span lang=\"EN-US\">Un autre moyen de rencontrer des filles est d'utiliser Thai Friendly pour se trouver une petite amie \u00e0 Bangkok.<\/span><\/p>\n\n\n\n<p>Lecture connexe : lisez mon article sur la fa\u00e7on de rencontrer des filles sur Internet. <a href=\"https:\/\/afarangabroad.com\/fr\/thai-cupid-dating-site\/\">Cupidon tha\u00eflandais<\/a> et ce qu'il faut savoir sur <a href=\"https:\/\/afarangabroad.com\/fr\/filles-disaan\/\">Filles d'Issan en Tha\u00eflande<\/a>.<\/p>\n\n\n\n<p><span lang=\"EN-US\">I would suggest signing up now to see how easy it is. The first month is vital as you will get swamped with messages and it&#8217;s a great way to setup dates for when you land in Thailand.<br><\/span><\/p>\n\n\n<div class=\"wp-block-image\">\n<figure class=\"aligncenter\"><a href=\"https:\/\/afarangabroad.com\/fr\/thai-friendly-dating\/\" target=\"_blank\" rel=\"noopener\"><img loading=\"lazy\" decoding=\"async\" width=\"1024\" height=\"691\" src=\"https:\/\/afarangabroad.com\/wp-content\/uploads\/2016\/06\/Meet-Thai-girls-1024x691.png\" alt=\"Meet Thai girls\" class=\"wp-image-7256\" srcset=\"https:\/\/afarangabroad.com\/wp-content\/uploads\/2016\/06\/Meet-Thai-girls-1024x691.png 1024w, https:\/\/afarangabroad.com\/wp-content\/uploads\/2016\/06\/Meet-Thai-girls-300x202.png 300w, https:\/\/afarangabroad.com\/wp-content\/uploads\/2016\/06\/Meet-Thai-girls-720x486.png 720w, https:\/\/afarangabroad.com\/wp-content\/uploads\/2016\/06\/Meet-Thai-girls.png 1038w\" sizes=\"(max-width: 1024px) 100vw, 1024px\" \/><\/a><\/figure><\/div>","protected":false},"excerpt":{"rendered":"<p>Bangkok gets a bit of a bad rep for being full of hookers and ladyboys (which it is) but being a cosmopolitan city of 8 million people there are still plenty of places to meet normal chicks for the \u2018girlfriend experience&#8217; in Bangkok to get your self a Thai Girlfriend. The following post was sent [&hellip;]<\/p>","protected":false},"author":2,"featured_media":294,"parent":0,"menu_order":0,"comment_status":"open","ping_status":"open","template":"","meta":{"_exactmetrics_skip_tracking":false,"_exactmetrics_sitenote_active":false,"_exactmetrics_sitenote_note":"","_exactmetrics_sitenote_category":0,"footnotes":""},"categories":[323],"tags":[75,74,71,73,70,69,72,77,78,76],"class_list":["post-15","page","type-page","status-publish","has-post-thumbnail","hentry","category-thailand-girls","tag-bangkok-afterhours","tag-bangkok-club","tag-gfe","tag-girl-friend-experience","tag-isan-gf","tag-thai-clubs","tag-thai-gf","tag-thai-girl","tag-thai-nightlife","tag-thailand-girlfriend"],"yoast_head":"<!-- This site is optimized with the Yoast SEO plugin v20.1 - https:\/\/yoast.com\/wordpress\/plugins\/seo\/ -->\n<title>Finding a Thai Girlfriend in Bangkok Nightclubs - A Farang Abroad<\/title>\n<meta name=\"description\" content=\"This post lists ways on Finding a Thai Girlfriend in Bangkok in Bangkok, tips and strategies to use to get the girl of your dreams with little effort.\" \/>\n<meta name=\"robots\" content=\"index, follow, max-snippet:-1, max-image-preview:large, max-video-preview:-1\" \/>\n<link rel=\"canonical\" href=\"https:\/\/afarangabroad.com\/fr\/trouver-une-petite-amie-dans-les-boites-de-nuit-de-bangkok\/\" \/>\n<meta property=\"og:locale\" content=\"fr_FR\" \/>\n<meta property=\"og:type\" content=\"article\" \/>\n<meta property=\"og:title\" content=\"Finding a Thai Girlfriend in Bangkok Nightclubs - A Farang Abroad\" \/>\n<meta property=\"og:description\" content=\"This post lists ways on Finding a Thai Girlfriend in Bangkok in Bangkok, tips and strategies to use to get the girl of your dreams with little effort.\" \/>\n<meta property=\"og:url\" content=\"https:\/\/afarangabroad.com\/fr\/trouver-une-petite-amie-dans-les-boites-de-nuit-de-bangkok\/\" \/>\n<meta property=\"og:site_name\" content=\"A Farang Abroad\" \/>\n<meta property=\"article:modified_time\" content=\"2024-10-22T02:07:06+00:00\" \/>\n<meta property=\"og:image\" content=\"https:\/\/afarangabroad.com\/wp-content\/uploads\/2013\/02\/bebier1.jpg\" \/>\n\t<meta property=\"og:image:width\" content=\"500\" \/>\n\t<meta property=\"og:image:height\" content=\"375\" \/>\n\t<meta property=\"og:image:type\" content=\"image\/jpeg\" \/>\n<meta name=\"twitter:label1\" content=\"Dur\u00e9e de lecture estim\u00e9e\" \/>\n\t<meta name=\"twitter:data1\" content=\"7 minutes\" \/>\n<script type=\"application\/ld+json\" class=\"yoast-schema-graph\">{\"@context\":\"https:\/\/schema.org\",\"@graph\":[{\"@type\":\"WebPage\",\"@id\":\"https:\/\/afarangabroad.com\/finding-girlfriend-in-bangkok-nightclubs\/\",\"url\":\"https:\/\/afarangabroad.com\/finding-girlfriend-in-bangkok-nightclubs\/\",\"name\":\"Finding a Thai Girlfriend in Bangkok Nightclubs - A Farang Abroad\",\"isPartOf\":{\"@id\":\"https:\/\/afarangabroad.com\/#website\"},\"datePublished\":\"2013-02-11T23:42:00+00:00\",\"dateModified\":\"2024-10-22T02:07:06+00:00\",\"description\":\"This post lists ways on Finding a Thai Girlfriend in Bangkok in Bangkok, tips and strategies to use to get the girl of your dreams with little effort.\",\"breadcrumb\":{\"@id\":\"https:\/\/afarangabroad.com\/finding-girlfriend-in-bangkok-nightclubs\/#breadcrumb\"},\"inLanguage\":\"fr-FR\",\"potentialAction\":[{\"@type\":\"ReadAction\",\"target\":[\"https:\/\/afarangabroad.com\/finding-girlfriend-in-bangkok-nightclubs\/\"]}]},{\"@type\":\"BreadcrumbList\",\"@id\":\"https:\/\/afarangabroad.com\/finding-girlfriend-in-bangkok-nightclubs\/#breadcrumb\",\"itemListElement\":[{\"@type\":\"ListItem\",\"position\":1,\"name\":\"Home\",\"item\":\"https:\/\/afarangabroad.com\/\"},{\"@type\":\"ListItem\",\"position\":2,\"name\":\"Finding a Thai Girlfriend in Bangkok Nightclubs\"}]},{\"@type\":\"WebSite\",\"@id\":\"https:\/\/afarangabroad.com\/#website\",\"url\":\"https:\/\/afarangabroad.com\/\",\"name\":\"A Farang Abroad\",\"description\":\"Your secret guide to Asia&#039;s sexiest nightlife.\",\"potentialAction\":[{\"@type\":\"SearchAction\",\"target\":{\"@type\":\"EntryPoint\",\"urlTemplate\":\"https:\/\/afarangabroad.com\/?s={search_term_string}\"},\"query-input\":\"required name=search_term_string\"}],\"inLanguage\":\"fr-FR\"}]}<\/script>\n<!-- \/ Yoast SEO plugin. -->","yoast_head_json":{"title":"Finding a Thai Girlfriend in Bangkok Nightclubs - A Farang Abroad","description":"This post lists ways on Finding a Thai Girlfriend in Bangkok in Bangkok, tips and strategies to use to get the girl of your dreams with little effort.","robots":{"index":"index","follow":"follow","max-snippet":"max-snippet:-1","max-image-preview":"max-image-preview:large","max-video-preview":"max-video-preview:-1"},"canonical":"https:\/\/afarangabroad.com\/fr\/trouver-une-petite-amie-dans-les-boites-de-nuit-de-bangkok\/","og_locale":"fr_FR","og_type":"article","og_title":"Finding a Thai Girlfriend in Bangkok Nightclubs - A Farang Abroad","og_description":"This post lists ways on Finding a Thai Girlfriend in Bangkok in Bangkok, tips and strategies to use to get the girl of your dreams with little effort.","og_url":"https:\/\/afarangabroad.com\/fr\/trouver-une-petite-amie-dans-les-boites-de-nuit-de-bangkok\/","og_site_name":"A Farang Abroad","article_modified_time":"2024-10-22T02:07:06+00:00","og_image":[{"width":500,"height":375,"url":"https:\/\/afarangabroad.com\/wp-content\/uploads\/2013\/02\/bebier1.jpg","type":"image\/jpeg"}],"twitter_misc":{"Dur\u00e9e de lecture estim\u00e9e":"7 minutes"},"schema":{"@context":"https:\/\/schema.org","@graph":[{"@type":"WebPage","@id":"https:\/\/afarangabroad.com\/finding-girlfriend-in-bangkok-nightclubs\/","url":"https:\/\/afarangabroad.com\/finding-girlfriend-in-bangkok-nightclubs\/","name":"Finding a Thai Girlfriend in Bangkok Nightclubs - A Farang Abroad","isPartOf":{"@id":"https:\/\/afarangabroad.com\/#website"},"datePublished":"2013-02-11T23:42:00+00:00","dateModified":"2024-10-22T02:07:06+00:00","description":"This post lists ways on Finding a Thai Girlfriend in Bangkok in Bangkok, tips and strategies to use to get the girl of your dreams with little effort.","breadcrumb":{"@id":"https:\/\/afarangabroad.com\/finding-girlfriend-in-bangkok-nightclubs\/#breadcrumb"},"inLanguage":"fr-FR","potentialAction":[{"@type":"ReadAction","target":["https:\/\/afarangabroad.com\/finding-girlfriend-in-bangkok-nightclubs\/"]}]},{"@type":"BreadcrumbList","@id":"https:\/\/afarangabroad.com\/finding-girlfriend-in-bangkok-nightclubs\/#breadcrumb","itemListElement":[{"@type":"ListItem","position":1,"name":"Home","item":"https:\/\/afarangabroad.com\/"},{"@type":"ListItem","position":2,"name":"Finding a Thai Girlfriend in Bangkok Nightclubs"}]},{"@type":"WebSite","@id":"https:\/\/afarangabroad.com\/#website","url":"https:\/\/afarangabroad.com\/","name":"A Farang Abroad","description":"Your secret guide to Asia&#039;s sexiest nightlife.","potentialAction":[{"@type":"SearchAction","target":{"@type":"EntryPoint","urlTemplate":"https:\/\/afarangabroad.com\/?s={search_term_string}"},"query-input":"required name=search_term_string"}],"inLanguage":"fr-FR"}]}},"_links":{"self":[{"href":"https:\/\/afarangabroad.com\/fr\/wp-json\/wp\/v2\/pages\/15"}],"collection":[{"href":"https:\/\/afarangabroad.com\/fr\/wp-json\/wp\/v2\/pages"}],"about":[{"href":"https:\/\/afarangabroad.com\/fr\/wp-json\/wp\/v2\/types\/page"}],"author":[{"embeddable":true,"href":"https:\/\/afarangabroad.com\/fr\/wp-json\/wp\/v2\/users\/2"}],"replies":[{"embeddable":true,"href":"https:\/\/afarangabroad.com\/fr\/wp-json\/wp\/v2\/comments?post=15"}],"version-history":[{"count":6,"href":"https:\/\/afarangabroad.com\/fr\/wp-json\/wp\/v2\/pages\/15\/revisions"}],"predecessor-version":[{"id":513570,"href":"https:\/\/afarangabroad.com\/fr\/wp-json\/wp\/v2\/pages\/15\/revisions\/513570"}],"wp:featuredmedia":[{"embeddable":true,"href":"https:\/\/afarangabroad.com\/fr\/wp-json\/wp\/v2\/media\/294"}],"wp:attachment":[{"href":"https:\/\/afarangabroad.com\/fr\/wp-json\/wp\/v2\/media?parent=15"}],"wp:term":[{"taxonomy":"category","embeddable":true,"href":"https:\/\/afarangabroad.com\/fr\/wp-json\/wp\/v2\/categories?post=15"},{"taxonomy":"post_tag","embeddable":true,"href":"https:\/\/afarangabroad.com\/fr\/wp-json\/wp\/v2\/tags?post=15"}],"curies":[{"name":"wp","href":"https:\/\/api.w.org\/{rel}","templated":true}]}}