{"id":3292,"date":"2014-06-02T10:58:48","date_gmt":"2014-06-02T09:58:48","guid":{"rendered":"https:\/\/afarangabroad.com\/?page_id=3292"},"modified":"2023-09-21T03:46:28","modified_gmt":"2023-09-21T02:46:28","slug":"thai-cupid-dating-site","status":"publish","type":"page","link":"https:\/\/afarangabroad.com\/fr\/thai-cupid-dating-site\/","title":{"rendered":"Thai Friendly : Comment l'utiliser pour obtenir des filles tha\u00eflandaises sexy"},"content":{"rendered":"<p>Thai Friendly est le plus grand site de vente en ligne <a href=\"https:\/\/afarangabroad.com\/fr\/recommends\/thai-friendly\/\">site de rencontre<\/a> in Thailand, in this article I&#8217;ll provide you with tips on how to use the site and meet normal Thai girls.<\/p>\n<h2><strong>Quel type de filles tha\u00eflandaises utilisent Thai Friendly<\/strong><\/h2>\n<p>You\u2019ll find all types of Thai girls on Thai Friendly from hard-working Thai girls, university girls who just want to have some fun to the freelancer hookers.<\/p>\n<p>There aren&#8217;t many Thai men on <a href=\"https:\/\/afarangabroad.com\/fr\/recommends\/thai-friendly\/\">Ami tha\u00eflandais<\/a> et beaucoup de filles tha\u00eflandaises sur Thai Friendly sont ici pour trouver un partenaire ou un ami occidental.<\/p>\n<p>Sur ce site, les filles tha\u00eflandaises sont r\u00e9parties en cinq cat\u00e9gories :<\/p>\n<ul>\n<li><strong>Filles ordinaires<\/strong> &#8211; these are girls who don&#8217;t have too much education and work in entry to mid-level jobs. They make up a large chunk of the user base. Their grasp of English is okay and they will often be up for meeting you right away. These girls are pretty casual and up for fun. They are not prostitutes and will not ask for money<\/li>\n<li><strong>Filles de carri\u00e8re<\/strong> &#8211; the second type of girls are in higher paying jobs and typically have a university degree. Some will be looking for a serious boyfriend while others are just there to see what happens. These girls will not ask for money or anything like that and also make a large chuck of the database of girls.<\/li>\n<li><strong>Femmes \u00e2g\u00e9es<\/strong> &#8211; these are girls over the age of 30 who are either divorced or single, sometimes they may have children. These girls are looking to settle down and ideal if you&#8217;re over the age of 45. They are very mature in the way they speak and will be upfront with that they want. These girls will not ask you for money<\/li>\n<li><b>Tireurs d'argent\/accrocheurs<\/b> &#8211; these are girls who are looking for a guy to take care of them, take them to fancy places and just treat them all the time. I&#8217;d say around 5% of girls on Thai Friendly fit this category. You&#8217;ll know right away if you&#8217;re talking to a gold digger because when you decide to make a date she will ask you to take her someone where super fancy, or she will keep talking about his status.<\/li>\n<li><strong>Coccinelles<\/strong> &#8211; yes there are ladyboys on the site, they will all state in their profile if they are a ladyboy, if you&#8217;re unsure it&#8217;s okay to ask. I&#8217;d say less than 5% of the userbase are ladyboys.<\/li>\n<\/ul>\n<p>Any Thai girl who uses Thai Friendly is interested in white and Asian guys, all you&#8217;ll need is a nice picture and a friendly opening line (mention something in their description to show you&#8217;ve read it) and they will reply 90% of the time.<\/p>\n<p><a href=\"https:\/\/afarangabroad.com\/fr\/recommends\/thai-friendly\/\" target=\"_blank\" rel=\"noopener\"><img loading=\"lazy\" decoding=\"async\" class=\"aligncenter wp-image-10103 size-large\" src=\"https:\/\/afarangabroad.com\/wp-content\/uploads\/2018\/08\/Thai-friendly-girls-1024x766.jpg\" alt=\"Thai friendly girls\" width=\"678\" height=\"507\" srcset=\"https:\/\/afarangabroad.com\/wp-content\/uploads\/2018\/08\/Thai-friendly-girls-1024x766.jpg 1024w, https:\/\/afarangabroad.com\/wp-content\/uploads\/2018\/08\/Thai-friendly-girls-300x224.jpg 300w, https:\/\/afarangabroad.com\/wp-content\/uploads\/2018\/08\/Thai-friendly-girls-768x575.jpg 768w, https:\/\/afarangabroad.com\/wp-content\/uploads\/2018\/08\/Thai-friendly-girls.jpg 1064w\" sizes=\"(max-width: 678px) 100vw, 678px\" \/><\/a><\/p>\n<p style=\"text-align: center;\"><em>The type of girls you&#8217;ll find on <a href=\"https:\/\/afarangabroad.com\/fr\/recommends\/thai-friendly\/\" target=\"_blank\" rel=\"nofollow noopener\">Ami tha\u00eflandais<\/a><\/em><\/p>\n<p>Thai Friendly n'a rien \u00e0 voir avec les sites de rencontre occidentaux. Une fois inscrit, attendez-vous \u00e0 recevoir une demi-douzaine de messages apr\u00e8s avoir t\u00e9l\u00e9charg\u00e9 quelques photos de vous.<\/p>\n<p>Certaines filles pr\u00e9sentes sur le site sont des filles de bar tha\u00eflandaises et ne le mentionneront pas dans leur profil, ce qui peut \u00eatre ennuyeux, mais ce n'est pas grave, nous sommes en Tha\u00eflande apr\u00e8s tout (je suppose que &lt;5% de toutes les filles pr\u00e9sentes sur Thai Friendly le sont). <a class=\"mozbar-highlight-followed-wGA7MhRhQ3WS\" href=\"https:\/\/afarangabroad.com\/fr\/5-ways-stop-thai-bar-girls\/\" target=\"_blank\" rel=\"noopener noreferrer\" data-aalisten=\"1\">Thai bar girls<\/a>). If the Thai girl is showing some very revealing pictures and you&#8217;re not sure, just use this line it works well and you don&#8217;t offend them either:<\/p>\n<blockquote>\n<p><em>Hey, I don&#8217;t want to sound rude but I have had some bad experience on this website before with girls who ask me for money for sex. I don&#8217;t think you&#8217;re this type of girl because you seem very nice and genuine, but I just want to make sure you&#8217;re not a bar girl before we meet. Sorry for asking, I don&#8217;t wish to offend.<\/em><\/p>\n<\/blockquote>\n<p>They are few and far between though. I would say 95% of the Thai girls on Thai Friendly are normal decent hard working girls, so don&#8217;t get put off by the 1%, there will be a small percentage on all Thai dating sites.<\/p>","protected":false},"excerpt":{"rendered":"<p>Thai Friendly is the biggest online dating site in Thailand, in this article I&#8217;ll provide you with tips on how to use the site and meet normal Thai girls. What sort of Thai girls use Thai Friendly You\u2019ll find all types of Thai girls on Thai Friendly from hard-working Thai girls, university girls who just [&hellip;]<\/p>","protected":false},"author":2,"featured_media":3300,"parent":0,"menu_order":0,"comment_status":"open","ping_status":"closed","template":"","meta":{"_exactmetrics_skip_tracking":false,"_exactmetrics_sitenote_active":false,"_exactmetrics_sitenote_note":"","_exactmetrics_sitenote_category":0,"footnotes":""},"categories":[323],"tags":[],"class_list":["post-3292","page","type-page","status-publish","has-post-thumbnail","hentry","category-thailand-girls"],"yoast_head":"<!-- This site is optimized with the Yoast SEO plugin v20.1 - https:\/\/yoast.com\/wordpress\/plugins\/seo\/ -->\n<title>Thai Friendly: How To Use It To Get Sexy Thai Girls<\/title>\n<meta name=\"description\" content=\"Thai Friendly is the number 1 dating site in Thailand and I&#039;ve done a review on the website telling you what types of Thai girls use Thai cupid the features ..\" \/>\n<meta name=\"robots\" content=\"index, follow, max-snippet:-1, max-image-preview:large, max-video-preview:-1\" \/>\n<link rel=\"canonical\" href=\"https:\/\/afarangabroad.com\/fr\/thai-cupid-dating-site\/\" \/>\n<meta property=\"og:locale\" content=\"fr_FR\" \/>\n<meta property=\"og:type\" content=\"article\" \/>\n<meta property=\"og:title\" content=\"Thai Friendly: How To Use It To Get Sexy Thai Girls\" \/>\n<meta property=\"og:description\" content=\"Thai Friendly is the number 1 dating site in Thailand and I&#039;ve done a review on the website telling you what types of Thai girls use Thai cupid the features ..\" \/>\n<meta property=\"og:url\" content=\"https:\/\/afarangabroad.com\/fr\/thai-cupid-dating-site\/\" \/>\n<meta property=\"og:site_name\" content=\"A Farang Abroad\" \/>\n<meta property=\"article:modified_time\" content=\"2023-09-21T02:46:28+00:00\" \/>\n<meta property=\"og:image\" content=\"https:\/\/afarangabroad.com\/wp-content\/uploads\/2014\/06\/3916_300_250.jpg\" \/>\n\t<meta property=\"og:image:width\" content=\"300\" \/>\n\t<meta property=\"og:image:height\" content=\"250\" \/>\n\t<meta property=\"og:image:type\" content=\"image\/jpeg\" \/>\n<meta name=\"twitter:label1\" content=\"Dur\u00e9e de lecture estim\u00e9e\" \/>\n\t<meta name=\"twitter:data1\" content=\"7 minutes\" \/>\n<script type=\"application\/ld+json\" class=\"yoast-schema-graph\">{\"@context\":\"https:\/\/schema.org\",\"@graph\":[{\"@type\":\"WebPage\",\"@id\":\"https:\/\/afarangabroad.com\/thai-cupid-dating-site\/\",\"url\":\"https:\/\/afarangabroad.com\/thai-cupid-dating-site\/\",\"name\":\"Thai Friendly: How To Use It To Get Sexy Thai Girls\",\"isPartOf\":{\"@id\":\"https:\/\/afarangabroad.com\/#website\"},\"datePublished\":\"2014-06-02T09:58:48+00:00\",\"dateModified\":\"2023-09-21T02:46:28+00:00\",\"description\":\"Thai Friendly is the number 1 dating site in Thailand and I've done a review on the website telling you what types of Thai girls use Thai cupid the features ..\",\"breadcrumb\":{\"@id\":\"https:\/\/afarangabroad.com\/thai-cupid-dating-site\/#breadcrumb\"},\"inLanguage\":\"fr-FR\",\"potentialAction\":[{\"@type\":\"ReadAction\",\"target\":[\"https:\/\/afarangabroad.com\/thai-cupid-dating-site\/\"]}]},{\"@type\":\"BreadcrumbList\",\"@id\":\"https:\/\/afarangabroad.com\/thai-cupid-dating-site\/#breadcrumb\",\"itemListElement\":[{\"@type\":\"ListItem\",\"position\":1,\"name\":\"Home\",\"item\":\"https:\/\/afarangabroad.com\/\"},{\"@type\":\"ListItem\",\"position\":2,\"name\":\"Thai Friendly: How To Use It To Get Sexy Thai Girls\"}]},{\"@type\":\"WebSite\",\"@id\":\"https:\/\/afarangabroad.com\/#website\",\"url\":\"https:\/\/afarangabroad.com\/\",\"name\":\"A Farang Abroad\",\"description\":\"Your secret guide to Asia&#039;s sexiest nightlife.\",\"potentialAction\":[{\"@type\":\"SearchAction\",\"target\":{\"@type\":\"EntryPoint\",\"urlTemplate\":\"https:\/\/afarangabroad.com\/?s={search_term_string}\"},\"query-input\":\"required name=search_term_string\"}],\"inLanguage\":\"fr-FR\"}]}<\/script>\n<!-- \/ Yoast SEO plugin. -->","yoast_head_json":{"title":"Thai Friendly: How To Use It To Get Sexy Thai Girls","description":"Thai Friendly is the number 1 dating site in Thailand and I've done a review on the website telling you what types of Thai girls use Thai cupid the features ..","robots":{"index":"index","follow":"follow","max-snippet":"max-snippet:-1","max-image-preview":"max-image-preview:large","max-video-preview":"max-video-preview:-1"},"canonical":"https:\/\/afarangabroad.com\/fr\/thai-cupid-dating-site\/","og_locale":"fr_FR","og_type":"article","og_title":"Thai Friendly: How To Use It To Get Sexy Thai Girls","og_description":"Thai Friendly is the number 1 dating site in Thailand and I've done a review on the website telling you what types of Thai girls use Thai cupid the features ..","og_url":"https:\/\/afarangabroad.com\/fr\/thai-cupid-dating-site\/","og_site_name":"A Farang Abroad","article_modified_time":"2023-09-21T02:46:28+00:00","og_image":[{"width":300,"height":250,"url":"https:\/\/afarangabroad.com\/wp-content\/uploads\/2014\/06\/3916_300_250.jpg","type":"image\/jpeg"}],"twitter_misc":{"Dur\u00e9e de lecture estim\u00e9e":"7 minutes"},"schema":{"@context":"https:\/\/schema.org","@graph":[{"@type":"WebPage","@id":"https:\/\/afarangabroad.com\/thai-cupid-dating-site\/","url":"https:\/\/afarangabroad.com\/thai-cupid-dating-site\/","name":"Thai Friendly: How To Use It To Get Sexy Thai Girls","isPartOf":{"@id":"https:\/\/afarangabroad.com\/#website"},"datePublished":"2014-06-02T09:58:48+00:00","dateModified":"2023-09-21T02:46:28+00:00","description":"Thai Friendly is the number 1 dating site in Thailand and I've done a review on the website telling you what types of Thai girls use Thai cupid the features ..","breadcrumb":{"@id":"https:\/\/afarangabroad.com\/thai-cupid-dating-site\/#breadcrumb"},"inLanguage":"fr-FR","potentialAction":[{"@type":"ReadAction","target":["https:\/\/afarangabroad.com\/thai-cupid-dating-site\/"]}]},{"@type":"BreadcrumbList","@id":"https:\/\/afarangabroad.com\/thai-cupid-dating-site\/#breadcrumb","itemListElement":[{"@type":"ListItem","position":1,"name":"Home","item":"https:\/\/afarangabroad.com\/"},{"@type":"ListItem","position":2,"name":"Thai Friendly: How To Use It To Get Sexy Thai Girls"}]},{"@type":"WebSite","@id":"https:\/\/afarangabroad.com\/#website","url":"https:\/\/afarangabroad.com\/","name":"A Farang Abroad","description":"Your secret guide to Asia&#039;s sexiest nightlife.","potentialAction":[{"@type":"SearchAction","target":{"@type":"EntryPoint","urlTemplate":"https:\/\/afarangabroad.com\/?s={search_term_string}"},"query-input":"required name=search_term_string"}],"inLanguage":"fr-FR"}]}},"_links":{"self":[{"href":"https:\/\/afarangabroad.com\/fr\/wp-json\/wp\/v2\/pages\/3292"}],"collection":[{"href":"https:\/\/afarangabroad.com\/fr\/wp-json\/wp\/v2\/pages"}],"about":[{"href":"https:\/\/afarangabroad.com\/fr\/wp-json\/wp\/v2\/types\/page"}],"author":[{"embeddable":true,"href":"https:\/\/afarangabroad.com\/fr\/wp-json\/wp\/v2\/users\/2"}],"replies":[{"embeddable":true,"href":"https:\/\/afarangabroad.com\/fr\/wp-json\/wp\/v2\/comments?post=3292"}],"version-history":[{"count":5,"href":"https:\/\/afarangabroad.com\/fr\/wp-json\/wp\/v2\/pages\/3292\/revisions"}],"predecessor-version":[{"id":513256,"href":"https:\/\/afarangabroad.com\/fr\/wp-json\/wp\/v2\/pages\/3292\/revisions\/513256"}],"wp:featuredmedia":[{"embeddable":true,"href":"https:\/\/afarangabroad.com\/fr\/wp-json\/wp\/v2\/media\/3300"}],"wp:attachment":[{"href":"https:\/\/afarangabroad.com\/fr\/wp-json\/wp\/v2\/media?parent=3292"}],"wp:term":[{"taxonomy":"category","embeddable":true,"href":"https:\/\/afarangabroad.com\/fr\/wp-json\/wp\/v2\/categories?post=3292"},{"taxonomy":"post_tag","embeddable":true,"href":"https:\/\/afarangabroad.com\/fr\/wp-json\/wp\/v2\/tags?post=3292"}],"curies":[{"name":"wp","href":"https:\/\/api.w.org\/{rel}","templated":true}]}}