{"id":4037,"date":"2014-10-15T14:32:57","date_gmt":"2014-10-15T13:32:57","guid":{"rendered":"https:\/\/afarangabroad.com\/?page_id=4037"},"modified":"2024-10-22T03:07:25","modified_gmt":"2024-10-22T02:07:25","slug":"kapooclub-bangkok","status":"publish","type":"page","link":"https:\/\/afarangabroad.com\/fr\/kapooclub-bangkok\/","title":{"rendered":"KapooClub \u00e0 Bangkok"},"content":{"rendered":"<p>Je n'avais jamais entendu parler d'un KapooClub jusqu'\u00e0 ce que, en parcourant l'internet, je tombe sur un forum de discussion qui en parlait.<\/p>\n<p>KapooClubs are found mostly around Bangkok and are generally aimed towards locals rather than expats, thus you don\u2019t really hear about them on websites. This is not to say westerners are not welcome, everyone is. In this article I will hopefully go over everything you need to know about these clubs.<\/p>\n<p>Envie de s'envoyer en l'air en <strong>La Tha\u00eflande gratuitement<\/strong>alors <a href=\"https:\/\/afarangabroad.com\/fr\/thai-friendly-dating\/\" target=\"_blank\" rel=\"noopener\">lire cet article<\/a>.<\/p>\n<p><a href=\"https:\/\/afarangabroad.com\/fr\/thai-friendly-dating\/\" target=\"_blank\" rel=\"noopener\"><img loading=\"lazy\" decoding=\"async\" class=\"aligncenter size-large wp-image-7256\" src=\"https:\/\/afarangabroad.com\/wp-content\/uploads\/2016\/06\/Meet-Thai-girls-1024x691.png\" alt=\"Meet Thai girls\" width=\"600\" height=\"405\" srcset=\"https:\/\/afarangabroad.com\/wp-content\/uploads\/2016\/06\/Meet-Thai-girls-1024x691.png 1024w, https:\/\/afarangabroad.com\/wp-content\/uploads\/2016\/06\/Meet-Thai-girls-300x202.png 300w, https:\/\/afarangabroad.com\/wp-content\/uploads\/2016\/06\/Meet-Thai-girls-720x486.png 720w, https:\/\/afarangabroad.com\/wp-content\/uploads\/2016\/06\/Meet-Thai-girls.png 1038w\" sizes=\"(max-width: 600px) 100vw, 600px\" \/><\/a><\/p>\n<h2><strong>Qu'est-ce qu'un KapooClub ? <\/strong><\/h2>\n<p>Although it\u2019s called a club, it\u2019s actually just a massage and the idea behind them is for locals and westerners to get a good massage with a sexy university girl that includes a HJ, rather than having sex with average looking girl from the north of Thailand.<\/p>\n<p>Thai men prefer lighter skin girls that tend to come from places like Bangkok compared to the slightly larger and darker girls from the north. Most girls that work in soapy&#8217;s or the RLD in Bangkok tend to come from the north, and it&#8217;s why Thai guys prefer these clubs.<\/p>\n<p><em>Related : apprendre o\u00f9 trouver\u00a0<a title=\"Le\u00e7on sur les prostitu\u00e9es tha\u00eflandaises\" href=\"https:\/\/afarangabroad.com\/fr\/2015\/03\/thai-hookers\/\" target=\"_blank\" rel=\"noopener\">Prostitu\u00e9es tha\u00eflandaises<\/a>\u00a0\u00e0 Bangkok.<\/em><\/p>\n<p>Les filles sont des universitaires sexy qui ne comprennent g\u00e9n\u00e9ralement pas grand-chose \u00e0 l'anglais, mais cela n'a pas d'importance pour vous puisqu'elles se contenteront de vous masser.<\/p>\n<p>They are not professionals in the \u2018industry\u2019 and that\u2019s some of the charm of a KapooClub, a bit like the girl next door experience.<\/p>\n<p><img loading=\"lazy\" decoding=\"async\" class=\"alignnone size-full wp-image-4067\" src=\"https:\/\/afarangabroad.com\/wp-content\/uploads\/2014\/10\/6658302693_83320b9747_b.jpg\" alt=\"6658302693_83320b9747_b\" width=\"772\" height=\"1024\" srcset=\"https:\/\/afarangabroad.com\/wp-content\/uploads\/2014\/10\/6658302693_83320b9747_b.jpg 772w, https:\/\/afarangabroad.com\/wp-content\/uploads\/2014\/10\/6658302693_83320b9747_b-226x300.jpg 226w, https:\/\/afarangabroad.com\/wp-content\/uploads\/2014\/10\/6658302693_83320b9747_b-600x795.jpg 600w, https:\/\/afarangabroad.com\/wp-content\/uploads\/2014\/10\/6658302693_83320b9747_b-300x397.jpg 300w, https:\/\/afarangabroad.com\/wp-content\/uploads\/2014\/10\/6658302693_83320b9747_b-720x955.jpg 720w\" sizes=\"(max-width: 772px) 100vw, 772px\" \/><\/p>\n<h2>Body Bliss Massage Bangkok<\/h2>\n<p>Body Bliss Massage est un nouveau mais tr\u00e8s bon massage outcall o\u00f9 vous pouvez obtenir des handjobs \u00e0 Bangkok. Ils offrent des services pour les hommes et les femmes.<\/p>\n<div class=\"wp-block-image\">\n<figure class=\"aligncenter\">\n\n<div class=\"wp-block-image\">\n<figure class=\"aligncenter size-large is-resized\"><a href=\"https:\/\/bodyblissbangkok.com\/\" target=\"_blank\" rel=\"nofollow noopener\"><img loading=\"lazy\" decoding=\"async\" width=\"575\" height=\"1024\" src=\"https:\/\/afarangabroad.com\/wp-content\/uploads\/2023\/12\/body-bliss-massage-575x1024.jpg\" alt=\"body bliss massage\" class=\"wp-image-513386\" style=\"width:399px;height:711px\" srcset=\"https:\/\/afarangabroad.com\/wp-content\/uploads\/2023\/12\/body-bliss-massage-575x1024.jpg 575w, https:\/\/afarangabroad.com\/wp-content\/uploads\/2023\/12\/body-bliss-massage-168x300.jpg 168w, https:\/\/afarangabroad.com\/wp-content\/uploads\/2023\/12\/body-bliss-massage-768x1368.jpg 768w, https:\/\/afarangabroad.com\/wp-content\/uploads\/2023\/12\/body-bliss-massage-862x1536.jpg 862w, https:\/\/afarangabroad.com\/wp-content\/uploads\/2023\/12\/body-bliss-massage.jpg 904w\" sizes=\"(max-width: 575px) 100vw, 575px\" \/><\/a><\/figure><\/div>\n\n<p>Ils proposent toute une gamme de massages, y compris des massages savonneux et des massages de la prostate. Vous pouvez voir toutes leurs filles en visitant leur site web \u00e0 l'adresse suivante\u00a0<a href=\"http:\/\/www.bodyblissbangkok.com\/\" target=\"_blank\" rel=\"nofollow noopener\">BodyBlissBangkok.com<\/a><\/p>\n<h2>Bangkok l'exotique<\/h2>\n<p>Exotic Bangkok est le plus r\u00e9cent prestataire de massages sur appel ou \u00e0 l'ext\u00e9rieur. On y trouve de tout, des massages tantriques aux massages nuru, en passant par les massages pervers. Ils ont quelques-unes des meilleures filles de Bangkok. Pour l'incall, vous les trouverez \u00e0 Sukhumvit 20. Vous pouvez consulter leurs offres ici : <a href=\"https:\/\/exoticmassagebangkok.com\/\">ExoticMassageBangkok.com<\/a><\/p>\n<p><a href=\"https:\/\/exoticmassagebangkok.com\/\"><img loading=\"lazy\" decoding=\"async\" class=\"aligncenter wp-image-513539\" src=\"https:\/\/afarangabroad.com\/wp-content\/uploads\/2024\/08\/image_123650291-691x1024.jpg\" alt=\"\" width=\"400\" height=\"593\" srcset=\"https:\/\/afarangabroad.com\/wp-content\/uploads\/2024\/08\/image_123650291-691x1024.jpg 691w, https:\/\/afarangabroad.com\/wp-content\/uploads\/2024\/08\/image_123650291-202x300.jpg 202w, https:\/\/afarangabroad.com\/wp-content\/uploads\/2024\/08\/image_123650291.jpg 700w\" sizes=\"(max-width: 400px) 100vw, 400px\" \/><\/a><\/p>\n<p>\u00a0<\/p>\n<h2><strong>Combien co\u00fbtent-ils ?<\/strong><\/h2>\n<p>Well that various from KapooClub, the average price is 1,000 baht plus tip, and the massages last around 1 to 1.5 hours. From the intel gathered it seems pretty hard to get these girls to take off their clothes during a massage so you might want to tip well for that. Don&#8217;t come here expecting sex, you will not get it.<\/p>\n<p>Related : apprendre \u00e0 se rencontrer\u00a0<a href=\"https:\/\/afarangabroad.com\/fr\/5-ways-stop-thai-bar-girls\/\" target=\"_blank\" rel=\"noopener\">Thailand bar girls<\/a> et o\u00f9 trouver <a href=\"https:\/\/afarangabroad.com\/fr\/happy-massages-bangkok\/\">massages de fin de vie \u00e0 Bangkok<\/a>.<\/p>\n<h2><strong>Studio Spa<\/strong><\/h2>\n<p>Studio Spa (formally known as Ex Room Spa) is located on Sukhumvit 39 and has a fine selection of girls. A few of the girls speak a little bit of English but it\u2019s nothing great and massages are not cheap.<\/p>\n<h2><strong>Pretty Relax Spa<\/strong><\/h2>\n<p>Il y en a un autre situ\u00e9 \u00e0 Ratchada et leur page Facebook est disponible. <a href=\"https:\/\/www.facebook.com\/prettyrelaxradchada\" target=\"_blank\" rel=\"noopener\">ici<\/a>.<\/p>\n<p>Sadly I can\u2019t read Thai so I don\u2019t know how much it costs but you can see some of the girls on the page and how to book them for a massage.<\/p>\n<h2><strong>Kitty Spa<\/strong><\/h2>\n<p>J'ai parl\u00e9 du spa pour chat dans mon <a title=\"Des massages heureux \u00e0 Bangkok\" href=\"https:\/\/afarangabroad.com\/fr\/happy-massages-bangkok\/\" target=\"_blank\" rel=\"noopener\">massages \u00e0 Bangkok<\/a> mais il s'agit d'un autre KapooClub. Les prix tournent autour de 2 000 bahts et les chambres sont d\u00e9cor\u00e9es avec des papiers peints Hello Kitty, un peu bizarre pour certains, mais c'est Bangkok.<\/p>\n<p>Certains de ces spas peuvent vous offrir une fellation, mais je vous sugg\u00e8re plut\u00f4t de vous rendre dans l'un d'entre eux.\u00a0\u00a0<a href=\"https:\/\/afarangabroad.com\/fr\/bangkok-blowjob-bars\/\">Bangkok Blow job bars<\/a>.<\/p>\n<p><a href=\"https:\/\/afarangabroad.com\/fr\/thai-friendly-dating\/\" target=\"_blank\" rel=\"noopener\"><img loading=\"lazy\" decoding=\"async\" class=\"aligncenter size-large wp-image-7256\" src=\"https:\/\/afarangabroad.com\/wp-content\/uploads\/2016\/06\/Meet-Thai-girls-1024x691.png\" alt=\"Meet Thai girls\" width=\"600\" height=\"405\" srcset=\"https:\/\/afarangabroad.com\/wp-content\/uploads\/2016\/06\/Meet-Thai-girls-1024x691.png 1024w, https:\/\/afarangabroad.com\/wp-content\/uploads\/2016\/06\/Meet-Thai-girls-300x202.png 300w, https:\/\/afarangabroad.com\/wp-content\/uploads\/2016\/06\/Meet-Thai-girls-720x486.png 720w, https:\/\/afarangabroad.com\/wp-content\/uploads\/2016\/06\/Meet-Thai-girls.png 1038w\" sizes=\"(max-width: 600px) 100vw, 600px\" \/><\/a>That\u2019s all I have for now on KapooClubs but I will update this page when I get more information. The closer these clubs are to tourist areas, the higher the prices will tend to be. Remember that these sorts of clubs are not for sex but HJ only.<\/p>\n<p>Pour d'autres articles sur les massages, consultez notre <a title=\"Massage Nuru Bangkok\" href=\"https:\/\/afarangabroad.com\/fr\/massage-nuru-bangkok\/\" target=\"_blank\" rel=\"noopener\">Massages Nuru \u00e0 Bangkok<\/a>, <a title=\"Massage savonneux Bangkok\" href=\"https:\/\/afarangabroad.com\/fr\/massage-savonneux-bangkok\/\" target=\"_blank\" rel=\"noopener\">Massage savonneux \u00e0 Bangkok<\/a> ou <a title=\"Sexe en Tha\u00eflande - Prix\" href=\"https:\/\/afarangabroad.com\/fr\/prix-du-sexe-en-thailande\/\" target=\"_blank\" rel=\"noopener\">Le sexe en Tha\u00eflande<\/a> , <a href=\"https:\/\/afarangabroad.com\/fr\/thai-friendly-dating\/\" target=\"_blank\" rel=\"noopener\">Convivialit\u00e9 tha\u00eflandaise <\/a>ou comment utiliser <a href=\"https:\/\/afarangabroad.com\/fr\/thai-cupid-dating-site\/\" target=\"_blank\" rel=\"noopener\">Cupidon tha\u00eflandais<\/a> pour s'envoyer en l'air.<\/p>","protected":false},"excerpt":{"rendered":"<p>I had never heard of a KapooClub until I was trawling through the Internet and came across a message board talking about them. KapooClubs are found mostly around Bangkok and are generally aimed towards locals rather than expats, thus you don\u2019t really hear about them on websites. This is not to say westerners are not [&hellip;]<\/p>","protected":false},"author":2,"featured_media":4067,"parent":0,"menu_order":0,"comment_status":"open","ping_status":"closed","template":"","meta":{"_exactmetrics_skip_tracking":false,"_exactmetrics_sitenote_active":false,"_exactmetrics_sitenote_note":"","_exactmetrics_sitenote_category":0,"footnotes":""},"categories":[323],"tags":[],"class_list":["post-4037","page","type-page","status-publish","has-post-thumbnail","hentry","category-thailand-girls"],"yoast_head":"<!-- This site is optimized with the Yoast SEO plugin v20.1 - https:\/\/yoast.com\/wordpress\/plugins\/seo\/ -->\n<title>KapooClub in Bangkok - A Farang Abroad<\/title>\n<meta name=\"description\" content=\"KapooClub in Bangkok and where to find them. This article gives you the lowdown on KapooClubs including prices and services including HJ not FS or BJ.\" \/>\n<meta name=\"robots\" content=\"index, follow, max-snippet:-1, max-image-preview:large, max-video-preview:-1\" \/>\n<link rel=\"canonical\" href=\"https:\/\/afarangabroad.com\/fr\/kapooclub-bangkok\/\" \/>\n<meta property=\"og:locale\" content=\"fr_FR\" \/>\n<meta property=\"og:type\" content=\"article\" \/>\n<meta property=\"og:title\" content=\"KapooClub in Bangkok - A Farang Abroad\" \/>\n<meta property=\"og:description\" content=\"KapooClub in Bangkok and where to find them. This article gives you the lowdown on KapooClubs including prices and services including HJ not FS or BJ.\" \/>\n<meta property=\"og:url\" content=\"https:\/\/afarangabroad.com\/fr\/kapooclub-bangkok\/\" \/>\n<meta property=\"og:site_name\" content=\"A Farang Abroad\" \/>\n<meta property=\"article:modified_time\" content=\"2024-10-22T02:07:25+00:00\" \/>\n<meta property=\"og:image\" content=\"https:\/\/afarangabroad.com\/wp-content\/uploads\/2014\/10\/6658302693_83320b9747_b.jpg\" \/>\n\t<meta property=\"og:image:width\" content=\"772\" \/>\n\t<meta property=\"og:image:height\" content=\"1024\" \/>\n\t<meta property=\"og:image:type\" content=\"image\/jpeg\" \/>\n<meta name=\"twitter:label1\" content=\"Dur\u00e9e de lecture estim\u00e9e\" \/>\n\t<meta name=\"twitter:data1\" content=\"4 minutes\" \/>\n<script type=\"application\/ld+json\" class=\"yoast-schema-graph\">{\"@context\":\"https:\/\/schema.org\",\"@graph\":[{\"@type\":\"WebPage\",\"@id\":\"https:\/\/afarangabroad.com\/kapooclub-bangkok\/\",\"url\":\"https:\/\/afarangabroad.com\/kapooclub-bangkok\/\",\"name\":\"KapooClub in Bangkok - A Farang Abroad\",\"isPartOf\":{\"@id\":\"https:\/\/afarangabroad.com\/#website\"},\"datePublished\":\"2014-10-15T13:32:57+00:00\",\"dateModified\":\"2024-10-22T02:07:25+00:00\",\"description\":\"KapooClub in Bangkok and where to find them. This article gives you the lowdown on KapooClubs including prices and services including HJ not FS or BJ.\",\"breadcrumb\":{\"@id\":\"https:\/\/afarangabroad.com\/kapooclub-bangkok\/#breadcrumb\"},\"inLanguage\":\"fr-FR\",\"potentialAction\":[{\"@type\":\"ReadAction\",\"target\":[\"https:\/\/afarangabroad.com\/kapooclub-bangkok\/\"]}]},{\"@type\":\"BreadcrumbList\",\"@id\":\"https:\/\/afarangabroad.com\/kapooclub-bangkok\/#breadcrumb\",\"itemListElement\":[{\"@type\":\"ListItem\",\"position\":1,\"name\":\"Home\",\"item\":\"https:\/\/afarangabroad.com\/\"},{\"@type\":\"ListItem\",\"position\":2,\"name\":\"KapooClub in Bangkok\"}]},{\"@type\":\"WebSite\",\"@id\":\"https:\/\/afarangabroad.com\/#website\",\"url\":\"https:\/\/afarangabroad.com\/\",\"name\":\"A Farang Abroad\",\"description\":\"Your secret guide to Asia&#039;s sexiest nightlife.\",\"potentialAction\":[{\"@type\":\"SearchAction\",\"target\":{\"@type\":\"EntryPoint\",\"urlTemplate\":\"https:\/\/afarangabroad.com\/?s={search_term_string}\"},\"query-input\":\"required name=search_term_string\"}],\"inLanguage\":\"fr-FR\"}]}<\/script>\n<!-- \/ Yoast SEO plugin. -->","yoast_head_json":{"title":"KapooClub in Bangkok - A Farang Abroad","description":"KapooClub in Bangkok and where to find them. This article gives you the lowdown on KapooClubs including prices and services including HJ not FS or BJ.","robots":{"index":"index","follow":"follow","max-snippet":"max-snippet:-1","max-image-preview":"max-image-preview:large","max-video-preview":"max-video-preview:-1"},"canonical":"https:\/\/afarangabroad.com\/fr\/kapooclub-bangkok\/","og_locale":"fr_FR","og_type":"article","og_title":"KapooClub in Bangkok - A Farang Abroad","og_description":"KapooClub in Bangkok and where to find them. This article gives you the lowdown on KapooClubs including prices and services including HJ not FS or BJ.","og_url":"https:\/\/afarangabroad.com\/fr\/kapooclub-bangkok\/","og_site_name":"A Farang Abroad","article_modified_time":"2024-10-22T02:07:25+00:00","og_image":[{"width":772,"height":1024,"url":"https:\/\/afarangabroad.com\/wp-content\/uploads\/2014\/10\/6658302693_83320b9747_b.jpg","type":"image\/jpeg"}],"twitter_misc":{"Dur\u00e9e de lecture estim\u00e9e":"4 minutes"},"schema":{"@context":"https:\/\/schema.org","@graph":[{"@type":"WebPage","@id":"https:\/\/afarangabroad.com\/kapooclub-bangkok\/","url":"https:\/\/afarangabroad.com\/kapooclub-bangkok\/","name":"KapooClub in Bangkok - A Farang Abroad","isPartOf":{"@id":"https:\/\/afarangabroad.com\/#website"},"datePublished":"2014-10-15T13:32:57+00:00","dateModified":"2024-10-22T02:07:25+00:00","description":"KapooClub in Bangkok and where to find them. This article gives you the lowdown on KapooClubs including prices and services including HJ not FS or BJ.","breadcrumb":{"@id":"https:\/\/afarangabroad.com\/kapooclub-bangkok\/#breadcrumb"},"inLanguage":"fr-FR","potentialAction":[{"@type":"ReadAction","target":["https:\/\/afarangabroad.com\/kapooclub-bangkok\/"]}]},{"@type":"BreadcrumbList","@id":"https:\/\/afarangabroad.com\/kapooclub-bangkok\/#breadcrumb","itemListElement":[{"@type":"ListItem","position":1,"name":"Home","item":"https:\/\/afarangabroad.com\/"},{"@type":"ListItem","position":2,"name":"KapooClub in Bangkok"}]},{"@type":"WebSite","@id":"https:\/\/afarangabroad.com\/#website","url":"https:\/\/afarangabroad.com\/","name":"A Farang Abroad","description":"Your secret guide to Asia&#039;s sexiest nightlife.","potentialAction":[{"@type":"SearchAction","target":{"@type":"EntryPoint","urlTemplate":"https:\/\/afarangabroad.com\/?s={search_term_string}"},"query-input":"required name=search_term_string"}],"inLanguage":"fr-FR"}]}},"_links":{"self":[{"href":"https:\/\/afarangabroad.com\/fr\/wp-json\/wp\/v2\/pages\/4037"}],"collection":[{"href":"https:\/\/afarangabroad.com\/fr\/wp-json\/wp\/v2\/pages"}],"about":[{"href":"https:\/\/afarangabroad.com\/fr\/wp-json\/wp\/v2\/types\/page"}],"author":[{"embeddable":true,"href":"https:\/\/afarangabroad.com\/fr\/wp-json\/wp\/v2\/users\/2"}],"replies":[{"embeddable":true,"href":"https:\/\/afarangabroad.com\/fr\/wp-json\/wp\/v2\/comments?post=4037"}],"version-history":[{"count":4,"href":"https:\/\/afarangabroad.com\/fr\/wp-json\/wp\/v2\/pages\/4037\/revisions"}],"predecessor-version":[{"id":513571,"href":"https:\/\/afarangabroad.com\/fr\/wp-json\/wp\/v2\/pages\/4037\/revisions\/513571"}],"wp:featuredmedia":[{"embeddable":true,"href":"https:\/\/afarangabroad.com\/fr\/wp-json\/wp\/v2\/media\/4067"}],"wp:attachment":[{"href":"https:\/\/afarangabroad.com\/fr\/wp-json\/wp\/v2\/media?parent=4037"}],"wp:term":[{"taxonomy":"category","embeddable":true,"href":"https:\/\/afarangabroad.com\/fr\/wp-json\/wp\/v2\/categories?post=4037"},{"taxonomy":"post_tag","embeddable":true,"href":"https:\/\/afarangabroad.com\/fr\/wp-json\/wp\/v2\/tags?post=4037"}],"curies":[{"name":"wp","href":"https:\/\/api.w.org\/{rel}","templated":true}]}}