{"id":4045,"date":"2014-10-15T18:48:45","date_gmt":"2014-10-15T17:48:45","guid":{"rendered":"https:\/\/afarangabroad.com\/?page_id=4045"},"modified":"2025-06-25T02:42:38","modified_gmt":"2025-06-25T01:42:38","slug":"vietnamese-girls","status":"publish","type":"page","link":"https:\/\/afarangabroad.com\/fr\/filles-vietnamiennes\/","title":{"rendered":"7 Conseils pour sortir avec des filles vietnamiennes 2019"},"content":{"rendered":"<p>A battle ground, that\u2019s what dating a Vietnamese girl is like.<\/p>\n<p><strong>Mise \u00e0 jour<\/strong>: J'ai mis \u00e0 jour cet article en 2019, alors lisez le bas pour en savoir plus sur les filles vietnamiennes en fonction de la ville o\u00f9 elles vivent et de la comparaison avec les filles tha\u00eflandaises.<\/p>\n<p>Et si vous n'\u00eates pas l\u00e0 pour les filles vietnamiennes sexy, vous le deviendrez tr\u00e8s vite car elles prendront le contr\u00f4le de vos sens et vous concentreront sur elles.<\/p>\n<p>In no other place on the planet have I felt such intense lust and sexual tension with the women. And it\u2019s no surprise that people (even in modern countries) are impressed when you score with a Vietnam girl.<\/p>\n<p>Si vous voulez <strong>Rencontrer des filles vietnamiennes facilement<\/strong>, <a class=\"mozbar-highlight-followed-wGA7MhRhQ3WS\" href=\"https:\/\/afarangabroad.com\/fr\/cupidon-vietnamien\/\" target=\"_blank\" rel=\"noopener\">d\u00e9couvrez mon exp\u00e9rience personnelle de leur plus grand site de rencontre en ligne<\/a>.<\/p>\n<p><a class=\"mozbar-highlight-followed-wGA7MhRhQ3WS\" href=\"https:\/\/afarangabroad.com\/fr\/cupidon-vietnamien\/\" target=\"_blank\" rel=\"noopener\"><img loading=\"lazy\" decoding=\"async\" class=\"aligncenter wp-image-7258 size-large\" src=\"https:\/\/afarangabroad.com\/wp-content\/uploads\/2016\/06\/Meet-Viet-Girls1-1024x691.png\" alt=\"\" width=\"678\" height=\"458\" srcset=\"https:\/\/afarangabroad.com\/wp-content\/uploads\/2016\/06\/Meet-Viet-Girls1-1024x691.png 1024w, https:\/\/afarangabroad.com\/wp-content\/uploads\/2016\/06\/Meet-Viet-Girls1-300x202.png 300w, https:\/\/afarangabroad.com\/wp-content\/uploads\/2016\/06\/Meet-Viet-Girls1-720x486.png 720w, https:\/\/afarangabroad.com\/wp-content\/uploads\/2016\/06\/Meet-Viet-Girls1.png 1038w\" sizes=\"(max-width: 678px) 100vw, 678px\" \/><\/a><\/p>\n<p><span style=\"color: #ff0000;\"><em>Cet article a \u00e9t\u00e9 r\u00e9dig\u00e9 par Cyclone, un expatri\u00e9 de longue date vivant au Vi\u00eat Nam.<\/em><\/span><\/p>\n<p><strong>MISE \u00c0 JOUR<\/strong>: J'ai moi-m\u00eame mis \u00e0 jour cet article en d\u00e9cembre 2018, alors lisez jusqu'\u00e0 la fin pour conna\u00eetre mon point de vue sur les filles du Vietnam et sur la fa\u00e7on d'obtenir une petite amie vietnamienne.<\/p>\n<h2>O\u00f9 rencontrer des filles vietnamiennes ?<\/h2>\n<p>If you&#8217;re already in Vietnam, then you only need to leave your hotel room. If you&#8217;re not, then <a class=\"mozbar-highlight-followed-wGA7MhRhQ3WS\" title=\"Vietnam Cupid Review - Rencontrer les filles les plus sexy\" href=\"https:\/\/afarangabroad.com\/fr\/cupidon-vietnamien\/\" target=\"_blank\" rel=\"noopener\">Cupidon du Vietnam<\/a> is probably your best bet. It&#8217;s the site I always use when I fly in, I setup dates with around 6-7 girls a few weeks before hand, and end up sleeping with at least half.<\/p>\n<p>Environ 99% sont des filles vietnamiennes ordinaires, et 1% sont des prostitu\u00e9es. Elles sont cependant assez faciles \u00e0 rep\u00e9rer. Il suffit de cr\u00e9er un profil avec 3 ou 4 photos, d'\u00eatre amical et de demander simplement si elles aimeraient qu'on se rencontre pour un caf\u00e9 ou un d\u00eener \u00e0 l'atterrissage. Environ 90% seront d'accord.\u00a0<\/p>\n<p><a href=\"https:\/\/afarangabroad.com\/fr\/cupidon-vietnamien\/\"><img decoding=\"async\" class=\"aligncenter rlhdftcyqnhkochfbqoo cwnrheeyqjwwxjcbhmoe\" src=\"https:\/\/afarangabroad.com\/wp-content\/uploads\/2014\/10\/5243_VC_300_250.jpg\" alt=\"\" \/><\/a>Do keep in min that some girls will flake (perhaps 10-20%), but that&#8217;s normal. Just set up a number of dates and you will be fine, and one of the best ways to find yourself a Vietnamese girlfriend.\u00a0<\/p>","protected":false},"excerpt":{"rendered":"<p>A battle ground, that\u2019s what dating a Vietnamese girl is like. Updated: I updated this article in 2019, so please read the bottom to learn more about Vietnamese girls by which city they live in and how they compare to Thai girls. And if you are not here for the sexy Vietnamese girls, you will [&hellip;]<\/p>","protected":false},"author":2,"featured_media":4051,"parent":0,"menu_order":0,"comment_status":"open","ping_status":"closed","template":"","meta":{"_exactmetrics_skip_tracking":false,"_exactmetrics_sitenote_active":false,"_exactmetrics_sitenote_note":"","_exactmetrics_sitenote_category":0,"footnotes":""},"categories":[328],"tags":[],"class_list":["post-4045","page","type-page","status-publish","has-post-thumbnail","hentry","category-vietnam"],"yoast_head":"<!-- This site is optimized with the Yoast SEO plugin v20.1 - https:\/\/yoast.com\/wordpress\/plugins\/seo\/ -->\n<title>7 Tips to dating Dating Vietnamese Girls 2019 - A Farang Abroad<\/title>\n<meta name=\"description\" content=\"Everything you need to know about dating Vietnamese girls, where to meet them, the games they play and how to avoid falling for their tricks.\" \/>\n<meta name=\"robots\" content=\"index, follow, max-snippet:-1, max-image-preview:large, max-video-preview:-1\" \/>\n<link rel=\"canonical\" href=\"https:\/\/afarangabroad.com\/fr\/filles-vietnamiennes\/\" \/>\n<meta property=\"og:locale\" content=\"fr_FR\" \/>\n<meta property=\"og:type\" content=\"article\" \/>\n<meta property=\"og:title\" content=\"7 Tips to dating Dating Vietnamese Girls 2019 - A Farang Abroad\" \/>\n<meta property=\"og:description\" content=\"Everything you need to know about dating Vietnamese girls, where to meet them, the games they play and how to avoid falling for their tricks.\" \/>\n<meta property=\"og:url\" content=\"https:\/\/afarangabroad.com\/fr\/filles-vietnamiennes\/\" \/>\n<meta property=\"og:site_name\" content=\"A Farang Abroad\" \/>\n<meta property=\"article:modified_time\" content=\"2025-06-25T01:42:38+00:00\" \/>\n<meta property=\"og:image\" content=\"https:\/\/afarangabroad.com\/wp-content\/uploads\/2014\/10\/VG-2.jpg\" \/>\n\t<meta property=\"og:image:width\" content=\"640\" \/>\n\t<meta property=\"og:image:height\" content=\"586\" \/>\n\t<meta property=\"og:image:type\" content=\"image\/jpeg\" \/>\n<meta name=\"twitter:label1\" content=\"Dur\u00e9e de lecture estim\u00e9e\" \/>\n\t<meta name=\"twitter:data1\" content=\"12 minutes\" \/>\n<script type=\"application\/ld+json\" class=\"yoast-schema-graph\">{\"@context\":\"https:\/\/schema.org\",\"@graph\":[{\"@type\":\"WebPage\",\"@id\":\"https:\/\/afarangabroad.com\/vietnamese-girls\/\",\"url\":\"https:\/\/afarangabroad.com\/vietnamese-girls\/\",\"name\":\"7 Tips to dating Dating Vietnamese Girls 2019 - A Farang Abroad\",\"isPartOf\":{\"@id\":\"https:\/\/afarangabroad.com\/#website\"},\"datePublished\":\"2014-10-15T17:48:45+00:00\",\"dateModified\":\"2025-06-25T01:42:38+00:00\",\"description\":\"Everything you need to know about dating Vietnamese girls, where to meet them, the games they play and how to avoid falling for their tricks.\",\"breadcrumb\":{\"@id\":\"https:\/\/afarangabroad.com\/vietnamese-girls\/#breadcrumb\"},\"inLanguage\":\"fr-FR\",\"potentialAction\":[{\"@type\":\"ReadAction\",\"target\":[\"https:\/\/afarangabroad.com\/vietnamese-girls\/\"]}]},{\"@type\":\"BreadcrumbList\",\"@id\":\"https:\/\/afarangabroad.com\/vietnamese-girls\/#breadcrumb\",\"itemListElement\":[{\"@type\":\"ListItem\",\"position\":1,\"name\":\"Home\",\"item\":\"https:\/\/afarangabroad.com\/\"},{\"@type\":\"ListItem\",\"position\":2,\"name\":\"7 Tips to dating Dating Vietnamese Girls 2019\"}]},{\"@type\":\"WebSite\",\"@id\":\"https:\/\/afarangabroad.com\/#website\",\"url\":\"https:\/\/afarangabroad.com\/\",\"name\":\"A Farang Abroad\",\"description\":\"Your secret guide to Asia&#039;s sexiest nightlife.\",\"potentialAction\":[{\"@type\":\"SearchAction\",\"target\":{\"@type\":\"EntryPoint\",\"urlTemplate\":\"https:\/\/afarangabroad.com\/?s={search_term_string}\"},\"query-input\":\"required name=search_term_string\"}],\"inLanguage\":\"fr-FR\"}]}<\/script>\n<!-- \/ Yoast SEO plugin. -->","yoast_head_json":{"title":"7 Tips to dating Dating Vietnamese Girls 2019 - A Farang Abroad","description":"Everything you need to know about dating Vietnamese girls, where to meet them, the games they play and how to avoid falling for their tricks.","robots":{"index":"index","follow":"follow","max-snippet":"max-snippet:-1","max-image-preview":"max-image-preview:large","max-video-preview":"max-video-preview:-1"},"canonical":"https:\/\/afarangabroad.com\/fr\/filles-vietnamiennes\/","og_locale":"fr_FR","og_type":"article","og_title":"7 Tips to dating Dating Vietnamese Girls 2019 - A Farang Abroad","og_description":"Everything you need to know about dating Vietnamese girls, where to meet them, the games they play and how to avoid falling for their tricks.","og_url":"https:\/\/afarangabroad.com\/fr\/filles-vietnamiennes\/","og_site_name":"A Farang Abroad","article_modified_time":"2025-06-25T01:42:38+00:00","og_image":[{"width":640,"height":586,"url":"https:\/\/afarangabroad.com\/wp-content\/uploads\/2014\/10\/VG-2.jpg","type":"image\/jpeg"}],"twitter_misc":{"Dur\u00e9e de lecture estim\u00e9e":"12 minutes"},"schema":{"@context":"https:\/\/schema.org","@graph":[{"@type":"WebPage","@id":"https:\/\/afarangabroad.com\/vietnamese-girls\/","url":"https:\/\/afarangabroad.com\/vietnamese-girls\/","name":"7 Tips to dating Dating Vietnamese Girls 2019 - A Farang Abroad","isPartOf":{"@id":"https:\/\/afarangabroad.com\/#website"},"datePublished":"2014-10-15T17:48:45+00:00","dateModified":"2025-06-25T01:42:38+00:00","description":"Everything you need to know about dating Vietnamese girls, where to meet them, the games they play and how to avoid falling for their tricks.","breadcrumb":{"@id":"https:\/\/afarangabroad.com\/vietnamese-girls\/#breadcrumb"},"inLanguage":"fr-FR","potentialAction":[{"@type":"ReadAction","target":["https:\/\/afarangabroad.com\/vietnamese-girls\/"]}]},{"@type":"BreadcrumbList","@id":"https:\/\/afarangabroad.com\/vietnamese-girls\/#breadcrumb","itemListElement":[{"@type":"ListItem","position":1,"name":"Home","item":"https:\/\/afarangabroad.com\/"},{"@type":"ListItem","position":2,"name":"7 Tips to dating Dating Vietnamese Girls 2019"}]},{"@type":"WebSite","@id":"https:\/\/afarangabroad.com\/#website","url":"https:\/\/afarangabroad.com\/","name":"A Farang Abroad","description":"Your secret guide to Asia&#039;s sexiest nightlife.","potentialAction":[{"@type":"SearchAction","target":{"@type":"EntryPoint","urlTemplate":"https:\/\/afarangabroad.com\/?s={search_term_string}"},"query-input":"required name=search_term_string"}],"inLanguage":"fr-FR"}]}},"_links":{"self":[{"href":"https:\/\/afarangabroad.com\/fr\/wp-json\/wp\/v2\/pages\/4045"}],"collection":[{"href":"https:\/\/afarangabroad.com\/fr\/wp-json\/wp\/v2\/pages"}],"about":[{"href":"https:\/\/afarangabroad.com\/fr\/wp-json\/wp\/v2\/types\/page"}],"author":[{"embeddable":true,"href":"https:\/\/afarangabroad.com\/fr\/wp-json\/wp\/v2\/users\/2"}],"replies":[{"embeddable":true,"href":"https:\/\/afarangabroad.com\/fr\/wp-json\/wp\/v2\/comments?post=4045"}],"version-history":[{"count":7,"href":"https:\/\/afarangabroad.com\/fr\/wp-json\/wp\/v2\/pages\/4045\/revisions"}],"predecessor-version":[{"id":513782,"href":"https:\/\/afarangabroad.com\/fr\/wp-json\/wp\/v2\/pages\/4045\/revisions\/513782"}],"wp:featuredmedia":[{"embeddable":true,"href":"https:\/\/afarangabroad.com\/fr\/wp-json\/wp\/v2\/media\/4051"}],"wp:attachment":[{"href":"https:\/\/afarangabroad.com\/fr\/wp-json\/wp\/v2\/media?parent=4045"}],"wp:term":[{"taxonomy":"category","embeddable":true,"href":"https:\/\/afarangabroad.com\/fr\/wp-json\/wp\/v2\/categories?post=4045"},{"taxonomy":"post_tag","embeddable":true,"href":"https:\/\/afarangabroad.com\/fr\/wp-json\/wp\/v2\/tags?post=4045"}],"curies":[{"name":"wp","href":"https:\/\/api.w.org\/{rel}","templated":true}]}}