{"id":4181,"date":"2014-10-28T13:36:33","date_gmt":"2014-10-28T13:36:33","guid":{"rendered":"https:\/\/afarangabroad.com\/?page_id=4181"},"modified":"2019-04-16T10:39:28","modified_gmt":"2019-04-16T09:39:28","slug":"pattaya-girls","status":"publish","type":"page","link":"https:\/\/afarangabroad.com\/fr\/filles-de-pattaya\/","title":{"rendered":"Comment rencontrer des filles de Pattaya lors de vos prochaines vacances ?"},"content":{"rendered":"<p>J'ai \u00e9t\u00e9 \u00e0 Pattaya plusieurs fois pour conna\u00eetre les filles locales de Pattaya et savoir \u00e0 quoi elles ressemblent, mais ne prenez pas cela comme parole d'\u00e9vangile car certaines choses peuvent \u00eatre l\u00e9g\u00e8rement erron\u00e9es.<\/p>\n<p>For anyone who has not been to Pattaya yet, it\u2019s considered \u2018<a class=\"mozbar-highlight-followed-wGA7MhRhQ3WS\" title=\"Suis-je un touriste sexuel ?\" href=\"https:\/\/afarangabroad.com\/fr\/prix-du-sexe-en-thailande\/\" target=\"_blank\" >sexpat<\/a>\u2019 central and is where a lot of people go on holiday to get pay for sex, massages and all other kinds of stuff.<\/p>\n<p>Si vous <strong>veulent s'envoyer en l'air<\/strong> <strong>\u00e0 Pattaya<\/strong> gratuitement, <a class=\"mozbar-highlight-followed-wGA7MhRhQ3WS\" href=\"https:\/\/afarangabroad.com\/fr\/thai-cupid-dating-site\/\" target=\"_blank\" >consultez cet article<\/a>.<\/p>\n<p><a class=\"mozbar-highlight-followed-wGA7MhRhQ3WS\" href=\"https:\/\/afarangabroad.com\/fr\/thai-cupid-dating-site\/\" target=\"_blank\" ><img loading=\"lazy\" decoding=\"async\" class=\"aligncenter size-large wp-image-7256\" src=\"https:\/\/afarangabroad.com\/wp-content\/uploads\/2016\/06\/Meet-Thai-girls-1024x691.png\" alt=\"Meet Thai girls\" width=\"600\" height=\"405\" srcset=\"https:\/\/afarangabroad.com\/wp-content\/uploads\/2016\/06\/Meet-Thai-girls-1024x691.png 1024w, https:\/\/afarangabroad.com\/wp-content\/uploads\/2016\/06\/Meet-Thai-girls-300x202.png 300w, https:\/\/afarangabroad.com\/wp-content\/uploads\/2016\/06\/Meet-Thai-girls-720x486.png 720w, https:\/\/afarangabroad.com\/wp-content\/uploads\/2016\/06\/Meet-Thai-girls.png 1038w\" sizes=\"(max-width: 600px) 100vw, 600px\" \/><\/a><\/p>\n<p>En dehors de Walking Street, il y a beaucoup de sites \u00e0 voir, de temples \u00e0 admirer et d'activit\u00e9s \u00e0 pratiquer.<\/p>\n<p>If you\u2019re coming to Pattaya, chances are you will be staying very close to walking street, as there is where all the action is. In this article I will do my best to talk about the girls of Pattaya and where you can find them.<\/p>\n<h2><strong>Les filles du bar de Pattaya<\/strong><\/h2>\n<p>Le type de fille le plus \u00e9vident \u00e0 trouver est la fille de bar de Pattaya, et devinez o\u00f9 elles travaillent ? Oui, dans un bar.<\/p>\n<p>Il y a beaucoup de bars \u00e0 go go, de bars \u00e0 bi\u00e8re et tous les autres types de bars avec ces filles qui attendent de vous servir des boissons et de vider votre sac.<\/p>\n<p>La plupart des bars fonctionnent de la m\u00eame mani\u00e8re qu'\u00e0 Bangkok, vous entrez et payez votre taxe de bar, puis vous payez pour une courte ou une longue p\u00e9riode de temps en plus. Voir mon co\u00fbt de <a class=\"mozbar-highlight-followed-wGA7MhRhQ3WS\" title=\"Sexe en Tha\u00eflande - Prix\" href=\"https:\/\/afarangabroad.com\/fr\/prix-du-sexe-en-thailande\/\" target=\"_blank\" >Le sexe en Tha\u00eflande<\/a> pour en savoir plus sur la tarification de ces produits.<\/p>\n<p><strong>En rapport<\/strong>: pour conna\u00eetre l'\u00e9tat d'avancement de la <a href=\"https:\/\/afarangabroad.com\/fr\/massage-happy-ending-pattaya\/\">les meilleurs massages \u00e9rotiques \u00e0 Pattaya<\/a> et o\u00f9 rencontrer des filles sur <a href=\"https:\/\/afarangabroad.com\/fr\/pattaya-beach-road-girls\/\">Route de la plage de Pattaya<\/a>.<\/p>\n<p>Most bars regularly check their girls to ensure they are healthy and not carrying any STDs or HIV. If you\u2019re meeting Pattaya bar girls at the bar you should be relatively safe.<\/p>","protected":false},"excerpt":{"rendered":"<p>I have been to Pattaya a few times to know about the local Pattaya girls and what they are like, but do not take this as gospel as some things may be slightly off. For anyone who has not been to Pattaya yet, it\u2019s considered \u2018sexpat\u2019 central and is where a lot of people go [&hellip;]<\/p>","protected":false},"author":2,"featured_media":4184,"parent":0,"menu_order":0,"comment_status":"open","ping_status":"closed","template":"","meta":{"_exactmetrics_skip_tracking":false,"_exactmetrics_sitenote_active":false,"_exactmetrics_sitenote_note":"","_exactmetrics_sitenote_category":0,"footnotes":""},"categories":[322],"tags":[],"class_list":["post-4181","page","type-page","status-publish","has-post-thumbnail","hentry","category-pattaya"],"yoast_head":"<!-- This site is optimized with the Yoast SEO plugin v20.1 - https:\/\/yoast.com\/wordpress\/plugins\/seo\/ -->\n<title>How To Meet Pattaya Girls On Your Next Holiday - A Farang Abroad<\/title>\n<meta name=\"description\" content=\"The best way to find normal Pattaya girls and Pattaya bar girls while on your holiday. This articles suggest the best places to meet them and how to do so.\" \/>\n<meta name=\"robots\" content=\"index, follow, max-snippet:-1, max-image-preview:large, max-video-preview:-1\" \/>\n<link rel=\"canonical\" href=\"https:\/\/afarangabroad.com\/fr\/filles-de-pattaya\/\" \/>\n<meta property=\"og:locale\" content=\"fr_FR\" \/>\n<meta property=\"og:type\" content=\"article\" \/>\n<meta property=\"og:title\" content=\"How To Meet Pattaya Girls On Your Next Holiday - A Farang Abroad\" \/>\n<meta property=\"og:description\" content=\"The best way to find normal Pattaya girls and Pattaya bar girls while on your holiday. This articles suggest the best places to meet them and how to do so.\" \/>\n<meta property=\"og:url\" content=\"https:\/\/afarangabroad.com\/fr\/filles-de-pattaya\/\" \/>\n<meta property=\"og:site_name\" content=\"A Farang Abroad\" \/>\n<meta property=\"article:modified_time\" content=\"2019-04-16T09:39:28+00:00\" \/>\n<meta property=\"og:image\" content=\"https:\/\/afarangabroad.com\/wp-content\/uploads\/2014\/10\/Finding-Pattaya-girls-1.jpg\" \/>\n\t<meta property=\"og:image:width\" content=\"1024\" \/>\n\t<meta property=\"og:image:height\" content=\"919\" \/>\n\t<meta property=\"og:image:type\" content=\"image\/jpeg\" \/>\n<meta name=\"twitter:label1\" content=\"Dur\u00e9e de lecture estim\u00e9e\" \/>\n\t<meta name=\"twitter:data1\" content=\"5 minutes\" \/>\n<script type=\"application\/ld+json\" class=\"yoast-schema-graph\">{\"@context\":\"https:\/\/schema.org\",\"@graph\":[{\"@type\":\"WebPage\",\"@id\":\"https:\/\/afarangabroad.com\/pattaya-girls\/\",\"url\":\"https:\/\/afarangabroad.com\/pattaya-girls\/\",\"name\":\"How To Meet Pattaya Girls On Your Next Holiday - A Farang Abroad\",\"isPartOf\":{\"@id\":\"https:\/\/afarangabroad.com\/#website\"},\"datePublished\":\"2014-10-28T13:36:33+00:00\",\"dateModified\":\"2019-04-16T09:39:28+00:00\",\"description\":\"The best way to find normal Pattaya girls and Pattaya bar girls while on your holiday. This articles suggest the best places to meet them and how to do so.\",\"breadcrumb\":{\"@id\":\"https:\/\/afarangabroad.com\/pattaya-girls\/#breadcrumb\"},\"inLanguage\":\"fr-FR\",\"potentialAction\":[{\"@type\":\"ReadAction\",\"target\":[\"https:\/\/afarangabroad.com\/pattaya-girls\/\"]}]},{\"@type\":\"BreadcrumbList\",\"@id\":\"https:\/\/afarangabroad.com\/pattaya-girls\/#breadcrumb\",\"itemListElement\":[{\"@type\":\"ListItem\",\"position\":1,\"name\":\"Home\",\"item\":\"https:\/\/afarangabroad.com\/\"},{\"@type\":\"ListItem\",\"position\":2,\"name\":\"How To Meet Pattaya Girls On Your Next Holiday\"}]},{\"@type\":\"WebSite\",\"@id\":\"https:\/\/afarangabroad.com\/#website\",\"url\":\"https:\/\/afarangabroad.com\/\",\"name\":\"A Farang Abroad\",\"description\":\"Your secret guide to Asia&#039;s sexiest nightlife.\",\"potentialAction\":[{\"@type\":\"SearchAction\",\"target\":{\"@type\":\"EntryPoint\",\"urlTemplate\":\"https:\/\/afarangabroad.com\/?s={search_term_string}\"},\"query-input\":\"required name=search_term_string\"}],\"inLanguage\":\"fr-FR\"}]}<\/script>\n<!-- \/ Yoast SEO plugin. -->","yoast_head_json":{"title":"How To Meet Pattaya Girls On Your Next Holiday - A Farang Abroad","description":"The best way to find normal Pattaya girls and Pattaya bar girls while on your holiday. This articles suggest the best places to meet them and how to do so.","robots":{"index":"index","follow":"follow","max-snippet":"max-snippet:-1","max-image-preview":"max-image-preview:large","max-video-preview":"max-video-preview:-1"},"canonical":"https:\/\/afarangabroad.com\/fr\/filles-de-pattaya\/","og_locale":"fr_FR","og_type":"article","og_title":"How To Meet Pattaya Girls On Your Next Holiday - A Farang Abroad","og_description":"The best way to find normal Pattaya girls and Pattaya bar girls while on your holiday. This articles suggest the best places to meet them and how to do so.","og_url":"https:\/\/afarangabroad.com\/fr\/filles-de-pattaya\/","og_site_name":"A Farang Abroad","article_modified_time":"2019-04-16T09:39:28+00:00","og_image":[{"width":1024,"height":919,"url":"https:\/\/afarangabroad.com\/wp-content\/uploads\/2014\/10\/Finding-Pattaya-girls-1.jpg","type":"image\/jpeg"}],"twitter_misc":{"Dur\u00e9e de lecture estim\u00e9e":"5 minutes"},"schema":{"@context":"https:\/\/schema.org","@graph":[{"@type":"WebPage","@id":"https:\/\/afarangabroad.com\/pattaya-girls\/","url":"https:\/\/afarangabroad.com\/pattaya-girls\/","name":"How To Meet Pattaya Girls On Your Next Holiday - A Farang Abroad","isPartOf":{"@id":"https:\/\/afarangabroad.com\/#website"},"datePublished":"2014-10-28T13:36:33+00:00","dateModified":"2019-04-16T09:39:28+00:00","description":"The best way to find normal Pattaya girls and Pattaya bar girls while on your holiday. This articles suggest the best places to meet them and how to do so.","breadcrumb":{"@id":"https:\/\/afarangabroad.com\/pattaya-girls\/#breadcrumb"},"inLanguage":"fr-FR","potentialAction":[{"@type":"ReadAction","target":["https:\/\/afarangabroad.com\/pattaya-girls\/"]}]},{"@type":"BreadcrumbList","@id":"https:\/\/afarangabroad.com\/pattaya-girls\/#breadcrumb","itemListElement":[{"@type":"ListItem","position":1,"name":"Home","item":"https:\/\/afarangabroad.com\/"},{"@type":"ListItem","position":2,"name":"How To Meet Pattaya Girls On Your Next Holiday"}]},{"@type":"WebSite","@id":"https:\/\/afarangabroad.com\/#website","url":"https:\/\/afarangabroad.com\/","name":"A Farang Abroad","description":"Your secret guide to Asia&#039;s sexiest nightlife.","potentialAction":[{"@type":"SearchAction","target":{"@type":"EntryPoint","urlTemplate":"https:\/\/afarangabroad.com\/?s={search_term_string}"},"query-input":"required name=search_term_string"}],"inLanguage":"fr-FR"}]}},"_links":{"self":[{"href":"https:\/\/afarangabroad.com\/fr\/wp-json\/wp\/v2\/pages\/4181"}],"collection":[{"href":"https:\/\/afarangabroad.com\/fr\/wp-json\/wp\/v2\/pages"}],"about":[{"href":"https:\/\/afarangabroad.com\/fr\/wp-json\/wp\/v2\/types\/page"}],"author":[{"embeddable":true,"href":"https:\/\/afarangabroad.com\/fr\/wp-json\/wp\/v2\/users\/2"}],"replies":[{"embeddable":true,"href":"https:\/\/afarangabroad.com\/fr\/wp-json\/wp\/v2\/comments?post=4181"}],"version-history":[{"count":0,"href":"https:\/\/afarangabroad.com\/fr\/wp-json\/wp\/v2\/pages\/4181\/revisions"}],"wp:featuredmedia":[{"embeddable":true,"href":"https:\/\/afarangabroad.com\/fr\/wp-json\/wp\/v2\/media\/4184"}],"wp:attachment":[{"href":"https:\/\/afarangabroad.com\/fr\/wp-json\/wp\/v2\/media?parent=4181"}],"wp:term":[{"taxonomy":"category","embeddable":true,"href":"https:\/\/afarangabroad.com\/fr\/wp-json\/wp\/v2\/categories?post=4181"},{"taxonomy":"post_tag","embeddable":true,"href":"https:\/\/afarangabroad.com\/fr\/wp-json\/wp\/v2\/tags?post=4181"}],"curies":[{"name":"wp","href":"https:\/\/api.w.org\/{rel}","templated":true}]}}