{"id":4251,"date":"2014-11-23T09:03:22","date_gmt":"2014-11-23T09:03:22","guid":{"rendered":"https:\/\/afarangabroad.com\/?page_id=4251"},"modified":"2019-09-21T21:42:51","modified_gmt":"2019-09-21T20:42:51","slug":"dating-sites-philippines","status":"publish","type":"page","link":"https:\/\/afarangabroad.com\/fr\/sites-de-rencontre-philippines\/","title":{"rendered":"Meilleurs sites de rencontre aux Philippines"},"content":{"rendered":"<p>Les rencontres en ligne sont un excellent moyen de rencontrer des femmes philippines. Beaucoup de ces filles s'ennuient et n'ont rien \u00e0 faire de la journ\u00e9e. Apr\u00e8s avoir regard\u00e9 qui a comment\u00e9 leurs derniers messages sur Facebook, elles surfent sur un site de rencontres pour discuter avec des gar\u00e7ons. Certains d'entre eux cherchent un mari, d'autres un ami, une aventure ou de l'argent. Tous leurs profils pr\u00e9tendent qu'ils veulent juste un homme qui craint Dieu pour s'occuper d'eux, et vous finissez par apprendre \u00e0 ne m\u00eame pas perdre votre temps \u00e0 lire le profil.<\/p>\n<p>C'est le moyen le plus efficace de rencontrer des femmes philippines, car vous pouvez contacter un grand nombre d'entre elles tr\u00e8s rapidement depuis le confort de votre domicile. Il n'est pas n\u00e9cessaire de sortir en discoth\u00e8que ou de parcourir un centre commercial, il suffit de taper, de pointer et de cliquer et vous avez des milliers de filles avec lesquelles communiquer.<\/p>\n<p>You can interact with more girls in one day online then you will in the real world in a full year. You don&#8217;t need to have long drawn out conversations with most of these girls either. Many are bored with nothing better to do and will gladly accompany you for a night out as long as \u201cyou treat right?\u201d<\/p>\n<h2>Quels sont les meilleurs sites de rencontre pour les Philippines ?<\/h2>\n<p>J'ai eu le plus de chance avec <a href=\"https:\/\/afarangabroad.com\/fr\/recommends\/filipinocupid\/\">Cupidon philippin<\/a> et <a href=\"https:\/\/afarangabroad.com\/fr\/recommends\/pinalove\/\">Pinalove<\/a>. Certains aspects de ces sites leur donnent une longueur d'avance sur leurs concurrents.<\/p>\n<p>Maybe the biggest difference between them and other sites is that they allow multiple pictures. This way a girl can&#8217;t just post one airbrushed and photo shopped picture to deceiving you into thinking she is way hotter than she actually is. They still will pick their best pictures to show but at least you will get multiple angles to see them from.<\/p>\n<p><a href=\"https:\/\/afarangabroad.com\/fr\/recommends\/pinalove\/\"><img loading=\"lazy\" decoding=\"async\" class=\"aligncenter wp-image-5842 size-full\" src=\"https:\/\/afarangabroad.com\/wp-content\/uploads\/2015\/07\/pina-love.jpg\" alt=\"pina love\" width=\"330\" height=\"250\" srcset=\"https:\/\/afarangabroad.com\/wp-content\/uploads\/2015\/07\/pina-love.jpg 330w, https:\/\/afarangabroad.com\/wp-content\/uploads\/2015\/07\/pina-love-300x227.jpg 300w\" sizes=\"(max-width: 330px) 100vw, 330px\" \/><\/a><\/p>\n<p>Une autre raison pour laquelle ces deux sites sont parmi les meilleurs est qu'ils font un tr\u00e8s bon travail pour tenir les escrocs \u00e0 l'\u00e9cart. Vous pouvez signaler les filles qui ne demandent que de l'argent ou les ladyboys qui mentent en disant qu'ils sont vraiment des filles.<\/p>\n<p>Cela vous permet d'avoir un peu plus confiance par rapport \u00e0 d'autres sites qui vous laissent libre de faire ce que vous voulez. Un site semi-populaire en particulier (Tagged) est une \u00e9norme perte de temps.<\/p>\n<p>You can tell as you are looking through the pages that these accounts aren&#8217;t real. You will see white supermodels claiming to be in some province of the Philippines, doesn&#8217;t take a genius to realize to stay away.<\/p>\n<p>Cr\u00e9ez un profil sur ces sites, mettez une photo de vous et indiquez que vous vous trouvez dans n'importe quelle grande ville des Philippines, et les messages commenceront \u00e0 affluer.<\/p>\n<p>Faites des recherches dans les villes que vous allez visiter et envoyez des messages aux filles qui vous int\u00e9ressent et essayez d'organiser des rendez-vous avec elles. Les filles sont assez capricieuses, alors assurez-vous d'avoir quelques options de secours.<\/p>","protected":false},"excerpt":{"rendered":"<p>Online dating is a great way to meet Filipino women. Many of these girls are bored with nothing to do all day and after they get done looking at who commented on their most recent Facebook posts they surf over to a dating site to chat with some boys. Some of them are looking for [&hellip;]<\/p>","protected":false},"author":2,"featured_media":0,"parent":0,"menu_order":0,"comment_status":"open","ping_status":"closed","template":"","meta":{"_exactmetrics_skip_tracking":false,"_exactmetrics_sitenote_active":false,"_exactmetrics_sitenote_note":"","_exactmetrics_sitenote_category":0,"footnotes":""},"categories":[325],"tags":[],"class_list":["post-4251","page","type-page","status-publish","hentry","category-filipino-dating"],"yoast_head":"<!-- This site is optimized with the Yoast SEO plugin v20.1 - https:\/\/yoast.com\/wordpress\/plugins\/seo\/ -->\n<title>Best Dating Sites in Philippines - A Farang Abroad<\/title>\n<meta name=\"description\" content=\"Wondering which dating site to use for your next trip to the Philippines? Well look no further, here&#039;s what to expect from the biggest two dating sites.\" \/>\n<meta name=\"robots\" content=\"index, follow, max-snippet:-1, max-image-preview:large, max-video-preview:-1\" \/>\n<link rel=\"canonical\" href=\"https:\/\/afarangabroad.com\/fr\/sites-de-rencontre-philippines\/\" \/>\n<meta property=\"og:locale\" content=\"fr_FR\" \/>\n<meta property=\"og:type\" content=\"article\" \/>\n<meta property=\"og:title\" content=\"Best Dating Sites in Philippines - A Farang Abroad\" \/>\n<meta property=\"og:description\" content=\"Wondering which dating site to use for your next trip to the Philippines? Well look no further, here&#039;s what to expect from the biggest two dating sites.\" \/>\n<meta property=\"og:url\" content=\"https:\/\/afarangabroad.com\/fr\/sites-de-rencontre-philippines\/\" \/>\n<meta property=\"og:site_name\" content=\"A Farang Abroad\" \/>\n<meta property=\"article:modified_time\" content=\"2019-09-21T20:42:51+00:00\" \/>\n<meta property=\"og:image\" content=\"https:\/\/afarangabroad.com\/wp-content\/uploads\/2015\/07\/pina-love.jpg\" \/>\n<meta name=\"twitter:label1\" content=\"Dur\u00e9e de lecture estim\u00e9e\" \/>\n\t<meta name=\"twitter:data1\" content=\"3 minutes\" \/>\n<script type=\"application\/ld+json\" class=\"yoast-schema-graph\">{\"@context\":\"https:\/\/schema.org\",\"@graph\":[{\"@type\":\"WebPage\",\"@id\":\"https:\/\/afarangabroad.com\/dating-sites-philippines\/\",\"url\":\"https:\/\/afarangabroad.com\/dating-sites-philippines\/\",\"name\":\"Best Dating Sites in Philippines - A Farang Abroad\",\"isPartOf\":{\"@id\":\"https:\/\/afarangabroad.com\/#website\"},\"datePublished\":\"2014-11-23T09:03:22+00:00\",\"dateModified\":\"2019-09-21T20:42:51+00:00\",\"description\":\"Wondering which dating site to use for your next trip to the Philippines? Well look no further, here's what to expect from the biggest two dating sites.\",\"breadcrumb\":{\"@id\":\"https:\/\/afarangabroad.com\/dating-sites-philippines\/#breadcrumb\"},\"inLanguage\":\"fr-FR\",\"potentialAction\":[{\"@type\":\"ReadAction\",\"target\":[\"https:\/\/afarangabroad.com\/dating-sites-philippines\/\"]}]},{\"@type\":\"BreadcrumbList\",\"@id\":\"https:\/\/afarangabroad.com\/dating-sites-philippines\/#breadcrumb\",\"itemListElement\":[{\"@type\":\"ListItem\",\"position\":1,\"name\":\"Home\",\"item\":\"https:\/\/afarangabroad.com\/\"},{\"@type\":\"ListItem\",\"position\":2,\"name\":\"Best Dating Sites in Philippines\"}]},{\"@type\":\"WebSite\",\"@id\":\"https:\/\/afarangabroad.com\/#website\",\"url\":\"https:\/\/afarangabroad.com\/\",\"name\":\"A Farang Abroad\",\"description\":\"Your secret guide to Asia&#039;s sexiest nightlife.\",\"potentialAction\":[{\"@type\":\"SearchAction\",\"target\":{\"@type\":\"EntryPoint\",\"urlTemplate\":\"https:\/\/afarangabroad.com\/?s={search_term_string}\"},\"query-input\":\"required name=search_term_string\"}],\"inLanguage\":\"fr-FR\"}]}<\/script>\n<!-- \/ Yoast SEO plugin. -->","yoast_head_json":{"title":"Best Dating Sites in Philippines - A Farang Abroad","description":"Wondering which dating site to use for your next trip to the Philippines? Well look no further, here's what to expect from the biggest two dating sites.","robots":{"index":"index","follow":"follow","max-snippet":"max-snippet:-1","max-image-preview":"max-image-preview:large","max-video-preview":"max-video-preview:-1"},"canonical":"https:\/\/afarangabroad.com\/fr\/sites-de-rencontre-philippines\/","og_locale":"fr_FR","og_type":"article","og_title":"Best Dating Sites in Philippines - A Farang Abroad","og_description":"Wondering which dating site to use for your next trip to the Philippines? Well look no further, here's what to expect from the biggest two dating sites.","og_url":"https:\/\/afarangabroad.com\/fr\/sites-de-rencontre-philippines\/","og_site_name":"A Farang Abroad","article_modified_time":"2019-09-21T20:42:51+00:00","og_image":[{"url":"https:\/\/afarangabroad.com\/wp-content\/uploads\/2015\/07\/pina-love.jpg"}],"twitter_misc":{"Dur\u00e9e de lecture estim\u00e9e":"3 minutes"},"schema":{"@context":"https:\/\/schema.org","@graph":[{"@type":"WebPage","@id":"https:\/\/afarangabroad.com\/dating-sites-philippines\/","url":"https:\/\/afarangabroad.com\/dating-sites-philippines\/","name":"Best Dating Sites in Philippines - A Farang Abroad","isPartOf":{"@id":"https:\/\/afarangabroad.com\/#website"},"datePublished":"2014-11-23T09:03:22+00:00","dateModified":"2019-09-21T20:42:51+00:00","description":"Wondering which dating site to use for your next trip to the Philippines? Well look no further, here's what to expect from the biggest two dating sites.","breadcrumb":{"@id":"https:\/\/afarangabroad.com\/dating-sites-philippines\/#breadcrumb"},"inLanguage":"fr-FR","potentialAction":[{"@type":"ReadAction","target":["https:\/\/afarangabroad.com\/dating-sites-philippines\/"]}]},{"@type":"BreadcrumbList","@id":"https:\/\/afarangabroad.com\/dating-sites-philippines\/#breadcrumb","itemListElement":[{"@type":"ListItem","position":1,"name":"Home","item":"https:\/\/afarangabroad.com\/"},{"@type":"ListItem","position":2,"name":"Best Dating Sites in Philippines"}]},{"@type":"WebSite","@id":"https:\/\/afarangabroad.com\/#website","url":"https:\/\/afarangabroad.com\/","name":"A Farang Abroad","description":"Your secret guide to Asia&#039;s sexiest nightlife.","potentialAction":[{"@type":"SearchAction","target":{"@type":"EntryPoint","urlTemplate":"https:\/\/afarangabroad.com\/?s={search_term_string}"},"query-input":"required name=search_term_string"}],"inLanguage":"fr-FR"}]}},"_links":{"self":[{"href":"https:\/\/afarangabroad.com\/fr\/wp-json\/wp\/v2\/pages\/4251"}],"collection":[{"href":"https:\/\/afarangabroad.com\/fr\/wp-json\/wp\/v2\/pages"}],"about":[{"href":"https:\/\/afarangabroad.com\/fr\/wp-json\/wp\/v2\/types\/page"}],"author":[{"embeddable":true,"href":"https:\/\/afarangabroad.com\/fr\/wp-json\/wp\/v2\/users\/2"}],"replies":[{"embeddable":true,"href":"https:\/\/afarangabroad.com\/fr\/wp-json\/wp\/v2\/comments?post=4251"}],"version-history":[{"count":0,"href":"https:\/\/afarangabroad.com\/fr\/wp-json\/wp\/v2\/pages\/4251\/revisions"}],"wp:attachment":[{"href":"https:\/\/afarangabroad.com\/fr\/wp-json\/wp\/v2\/media?parent=4251"}],"wp:term":[{"taxonomy":"category","embeddable":true,"href":"https:\/\/afarangabroad.com\/fr\/wp-json\/wp\/v2\/categories?post=4251"},{"taxonomy":"post_tag","embeddable":true,"href":"https:\/\/afarangabroad.com\/fr\/wp-json\/wp\/v2\/tags?post=4251"}],"curies":[{"name":"wp","href":"https:\/\/api.w.org\/{rel}","templated":true}]}}