{"id":4443,"date":"2015-01-27T13:53:17","date_gmt":"2015-01-27T13:53:17","guid":{"rendered":"https:\/\/afarangabroad.com\/?page_id=4443"},"modified":"2024-10-22T03:09:40","modified_gmt":"2024-10-22T02:09:40","slug":"sex-in-bangkok","status":"publish","type":"page","link":"https:\/\/afarangabroad.com\/fr\/sex-in-bangkok\/","title":{"rendered":"9 fa\u00e7ons de trouver du sexe \u00e0 Bangkok"},"content":{"rendered":"<p>In this article I will discuss the best places to get sex in Bangkok.<\/p>\n<p>I will be talking about both paid and free options, what the going rate is and everything you need to know about getting sex in Bangkok on your first trip.<\/p>\n<h2 style=\"text-align: center;\"><strong>9 ways to find sex in Bangkok<\/strong><\/h2>\n<h2><strong>1. Dating sites<\/strong><\/h2>\n<p>The more guys come here the more they realize that pipe-lining (setting up dates) before they come to Bangkok is the best way to get sex in Bangkok for free. Joining sites such as Thai Friendly you can quickly have 30-50 girls message you if you sign up for a paying membership.<\/p>\n<p><a href=\"https:\/\/afarangabroad.com\/fr\/thai-cupid-dating-site\/\" target=\"_blank\" rel=\"noopener noreferrer\"><img loading=\"lazy\" decoding=\"async\" class=\"aligncenter size-large wp-image-7259\" src=\"https:\/\/afarangabroad.com\/wp-content\/uploads\/2016\/06\/Meet-Thai-girls1-1024x691.png\" alt=\"Meet Thai girls\" width=\"600\" height=\"405\" srcset=\"https:\/\/afarangabroad.com\/wp-content\/uploads\/2016\/06\/Meet-Thai-girls1-1024x691.png 1024w, https:\/\/afarangabroad.com\/wp-content\/uploads\/2016\/06\/Meet-Thai-girls1-300x202.png 300w, https:\/\/afarangabroad.com\/wp-content\/uploads\/2016\/06\/Meet-Thai-girls1-720x486.png 720w, https:\/\/afarangabroad.com\/wp-content\/uploads\/2016\/06\/Meet-Thai-girls1.png 1038w\" sizes=\"(max-width: 600px) 100vw, 600px\" \/><\/a><\/p>\n<p>Post a few pictures of yourself in well-dressed clothes and start talking to a few girls and organise dates when you arrive. Using dating sites in Thailand is nothing like back home. If you get the paid membership that puts your profile on the first page, as long as you have white skin you will get at least 10-30 message a day.<\/p>\n<p>Read this to see my review of <a href=\"https:\/\/afarangabroad.com\/fr\/thai-cupid-dating-site\/\">Cupidon tha\u00eflandais<\/a>.<\/p>\n<h2>2. Body Bliss Massage Bangkok<\/h2>\n<p>If you want a safe and discreet experience then I suggest you check out the Body Bliss Massage website in Bangkok. They offer a range of extra special massages to your hotel or apartment.<\/p>\n<p><a href=\"https:\/\/bodyblissbangkok.com\/\" target=\"_blank\" rel=\"nofollow noopener\"><img loading=\"lazy\" decoding=\"async\" class=\"wp-image-513386 aligncenter\" src=\"https:\/\/afarangabroad.com\/wp-content\/uploads\/2023\/12\/body-bliss-massage-575x1024.jpg\" alt=\"body bliss massage\" width=\"399\" height=\"711\" srcset=\"https:\/\/afarangabroad.com\/wp-content\/uploads\/2023\/12\/body-bliss-massage-575x1024.jpg 575w, https:\/\/afarangabroad.com\/wp-content\/uploads\/2023\/12\/body-bliss-massage-168x300.jpg 168w, https:\/\/afarangabroad.com\/wp-content\/uploads\/2023\/12\/body-bliss-massage-768x1368.jpg 768w, https:\/\/afarangabroad.com\/wp-content\/uploads\/2023\/12\/body-bliss-massage-862x1536.jpg 862w, https:\/\/afarangabroad.com\/wp-content\/uploads\/2023\/12\/body-bliss-massage.jpg 904w\" sizes=\"(max-width: 399px) 100vw, 399px\" \/><\/a><\/p>\n\n\n\n<p>Ils ont des dizaines de filles parmi lesquelles choisir, les prix sont assez int\u00e9ressants et ils ont une liste de services que vous pouvez essayer. Vous pouvez visiter leur site web <a href=\"https:\/\/www.bodyblissbangkok.com\/\" target=\"_blank\" rel=\"nofollow noopener\">BodyBlissBangkok.com<\/a><\/p>\n<h2>Bangkok l'exotique<\/h2>\n<p>Exotic Bangkok est le plus r\u00e9cent prestataire de massages sur appel ou \u00e0 l'ext\u00e9rieur. On y trouve de tout, des massages tantriques aux massages nuru, en passant par les massages pervers. Ils ont quelques-unes des meilleures filles de Bangkok. Pour l'incall, vous les trouverez \u00e0 Sukhumvit 20. Vous pouvez consulter leurs offres ici : <a href=\"https:\/\/exoticmassagebangkok.com\/\">ExoticMassageBangkok.com<\/a><\/p>\n<p><a href=\"https:\/\/exoticmassagebangkok.com\/\"><img loading=\"lazy\" decoding=\"async\" class=\"aligncenter wp-image-513539\" src=\"https:\/\/afarangabroad.com\/wp-content\/uploads\/2024\/08\/image_123650291-691x1024.jpg\" alt=\"\" width=\"400\" height=\"593\" srcset=\"https:\/\/afarangabroad.com\/wp-content\/uploads\/2024\/08\/image_123650291-691x1024.jpg 691w, https:\/\/afarangabroad.com\/wp-content\/uploads\/2024\/08\/image_123650291-202x300.jpg 202w, https:\/\/afarangabroad.com\/wp-content\/uploads\/2024\/08\/image_123650291.jpg 700w\" sizes=\"(max-width: 400px) 100vw, 400px\" \/><\/a><\/p>\n<h2>\u00a0<\/h2>\n<h2><strong>6. Soi Cowboy, Nana <\/strong>Plaza<strong> and Patpong<\/strong><\/h2>\n<p>If you go to either of these you will be expected to pay. Soi Cowboy, Nana Plaza and Patpong are the three main <a title=\"Pourquoi je ne visite jamais Soi Cowboy et Nana Plaza\" href=\"https:\/\/afarangabroad.com\/fr\/2015\/01\/never-visit-soi-cowboy-nana-plaza\/\" target=\"_blank\" rel=\"noopener noreferrer\">quartiers chauds<\/a> in Bangkok. Cowboy and Nana are located pretty close to each other and is then a 10-minute walk, while Patpong is a fair bit away and you will need a taxi.<\/p>\n<p><iframe loading=\"lazy\" title=\"Soi Cowboy  &quot;A View From&quot; Bangkok (MT)\" width=\"678\" height=\"381\" src=\"https:\/\/www.youtube.com\/embed\/XKj-Fq_L7ZE?feature=oembed\" frameborder=\"0\" allow=\"accelerometer; autoplay; clipboard-write; encrypted-media; gyroscope; picture-in-picture; web-share\" referrerpolicy=\"strict-origin-when-cross-origin\" allowfullscreen><\/iframe><\/p>\n<p>On average <a href=\"https:\/\/afarangabroad.com\/fr\/barfines\/\" target=\"_blank\" rel=\"noopener noreferrer\">barfines<\/a> start at 600-800 baht with <a href=\"https:\/\/afarangabroad.com\/fr\/5-ways-stop-thai-bar-girls\/\" target=\"_blank\" rel=\"noopener noreferrer\">Thai bar girls<\/a> costing 2,000 for short-time and 3,000 or more for a long time.<\/p>\n<p>Some clubs charge a 1,000 baht bar fine and as much as 3,000-4,000 for a long time. It\u2019s always best to ask the bar before you go and take a girl home.<\/p>\n<p>Sex in Bangkok in the red light districts is usually pretty safe, the girls are tested every 3 months and they won\u2019t steal from you as can go back to the bar and complain.<\/p>\n<p>Read this article to know more about <a title=\"Le\u00e7on sur les prostitu\u00e9es tha\u00eflandaises\" href=\"https:\/\/afarangabroad.com\/fr\/2015\/03\/thai-hookers\/\" target=\"_blank\" rel=\"noopener noreferrer\">Prostitu\u00e9es tha\u00eflandaises<\/a>\u00a0or the price of\u00a0<a href=\"https:\/\/afarangabroad.com\/fr\/prix-du-sexe-en-thailande\/\">Le sexe en Tha\u00eflande<\/a>.<\/p>\n<h2><strong>7. Nightclubs<\/strong><\/h2>\n<p>Getting sex in Bangkok for free is certainly a possibility in Bangkok nightclubs. Places such as Funky Villa, <a title=\"Route 66 en RCA\" href=\" \" target=\"_blank\" rel=\"noopener noreferrer\">Route 66<\/a> et <a title=\"Onyx Nightclub Bangkok\" href=\" \" target=\"_blank\" rel=\"noopener noreferrer\">Onyx<\/a> have a small amount of bar girls while <a title=\"Levels Nightclub Review\" href=\"https:\/\/afarangabroad.com\/fr\/2014\/11\/levels-nightclub-review\/\" target=\"_blank\" rel=\"noopener noreferrer\">Niveaux<\/a> et <a title=\"Insomnia Bangkok Review\" href=\" \" target=\"_blank\" rel=\"noopener noreferrer\">Insanity<\/a> is 90%+. If you want to get sex in Bangkok for free, then go to the bars mentioned above or meet up with a girl from Thai Friendly in the club.<\/p>\n<p><img loading=\"lazy\" decoding=\"async\" class=\"alignnone size-full wp-image-290 aligncenter\" src=\"https:\/\/afarangabroad.com\/wp-content\/uploads\/2013\/02\/funky+villa.jpg\" alt=\"how to get sex in bangkok\" width=\"320\" height=\"265\" srcset=\"https:\/\/afarangabroad.com\/wp-content\/uploads\/2013\/02\/funky+villa.jpg 320w, https:\/\/afarangabroad.com\/wp-content\/uploads\/2013\/02\/funky+villa-300x248.jpg 300w\" sizes=\"(max-width: 320px) 100vw, 320px\" \/><\/p>\n<p>If you pick up a prostitute in one of the clubs, you don\u2019t pay any bar fine. You should discuss with the girl before hand how much she wants otherwise she may end up asking for more than you would have liked to paid. On average prices start from 1,000 baht up. If the girl is really hot, 2,000 baht or more is not uncommon.<\/p>\n<h2><strong>8. Massages<\/strong><\/h2>\n<p>All sex massage in Bangkok cost money obviously. The amount you pay varies from place to place. For more information check out my posts on <a title=\"Massage savonneux Bangkok\" href=\"https:\/\/afarangabroad.com\/fr\/massage-savonneux-bangkok\/\" target=\"_blank\" rel=\"noopener noreferrer\">massage savonneux \u00e0 Bangkok<\/a>, <a title=\"Massage Nuru Bangkok\" href=\"https:\/\/afarangabroad.com\/fr\/massage-nuru-bangkok\/\" target=\"_blank\" rel=\"noopener noreferrer\">Massages Nuru \u00e0 Bangkok<\/a> , <a title=\"KapooClub \u00e0 Bangkok\" href=\"https:\/\/afarangabroad.com\/fr\/kapooclub-bangkok\/\" target=\"_blank\" rel=\"noopener noreferrer\">Clubs Kapoo<\/a> et <a title=\"Des massages heureux \u00e0 Bangkok\" href=\"https:\/\/afarangabroad.com\/fr\/happy-massages-bangkok\/\" target=\"_blank\" rel=\"noopener noreferrer\">massages heureux \u00e0 Bangkok<\/a>.<\/p>\n<p>If the massage is listed as 2,000 baht or so, this includes the sex. If the massage is labelled at 300 baht, this means you pay the girl in the room.The price is up for negotiation but is usually at least 1,300 baht.<\/p>\n<h2><strong>9. Day game<\/strong><\/h2>\n<p>If you like to go up to <a href=\"https:\/\/afarangabroad.com\/fr\/thai-women\/\" target=\"_blank\" rel=\"noopener noreferrer\">Femmes tha\u00eflandaises<\/a> in the day and ask their number or LINE ID, day gaming in Bangkok is awesome. There are dozens of malls you can visit and talk to girls, day markets, night markets and various events that you can find on Facebook or Meetup.<\/p>\n<p><img loading=\"lazy\" decoding=\"async\" class=\"aligncenter size-full wp-image-8362\" src=\"https:\/\/afarangabroad.com\/wp-content\/uploads\/2015\/01\/bangkok-daytime.jpg\" alt=\"bangkok daytime\" width=\"960\" height=\"556\" srcset=\"https:\/\/afarangabroad.com\/wp-content\/uploads\/2015\/01\/bangkok-daytime.jpg 960w, https:\/\/afarangabroad.com\/wp-content\/uploads\/2015\/01\/bangkok-daytime-300x174.jpg 300w, https:\/\/afarangabroad.com\/wp-content\/uploads\/2015\/01\/bangkok-daytime-768x445.jpg 768w, https:\/\/afarangabroad.com\/wp-content\/uploads\/2015\/01\/bangkok-daytime-720x417.jpg 720w\" sizes=\"(max-width: 960px) 100vw, 960px\" \/><\/p>\n<p>Bangkok has over 12 million people and the best way to meet girls when you&#8217;re not using dating sites is offline. It&#8217;s best to go around areas such as Siam, Silom or Sukhumvit as there&#8217;s a greater chance girls speak English.<\/p>\n<p>Almost all Thai girls hanging at Koh San Road will speak English. Going up to girls in Bangkok is nothing like back home in the west, most will be scared, shy or shocked if you go up and start talking.<\/p>\n<p>I find it&#8217;s best to say you&#8217;re lost and you&#8217;re looking for directions to the BTS or a coffee shop.Then just before you finish the chat, ask if you can add them on Whatsapp or the Line app then meet them later in the evening for a date.<\/p>\n<ul>\n<li><strong>Note<\/strong>: you will find that a lot of Thai girls will give you their number but very few will message you or flake. This is because they are just being nice and don&#8217;t want to embarrass you by saying no. Thailand has a very safe face culture.<\/li>\n<\/ul>\n<p>This method can also work well in the red light areas of Soi Cowboy and Nana Plaza\u00a0after 8pm with freelancers on the street, and is one of the cheapest ways to get sex in Bangkok.<\/p>\n<p>It&#8217;s not uncommon for girls to go back to your room for 1,500b, after 3am as low as 1,000b.<\/p>\n<h2>Practice <strong>Safe Bangkok Sex<\/strong><\/h2>\n<p>I know a lot of people who do not use condoms when they are having Bangkok sex, even with hookers.<\/p>\n<p>I always advise everyone to use a condom when they sleep with someone for the first time. Even if you have sex in Bangkok for free by pulling a girl, still use a condom.<\/p>\n<p>Le <a href=\"http:\/\/www.boomboomme.com\/thailand\/newbie\/std.htm\" target=\"_blank\" rel=\"noopener noreferrer\">STD<\/a> and HIV rate in Bangkok is reality low and seldom do I here my friends catch anything. But nether the less always practice safe sex in Bangkok.<\/p>\n<p>Most bar girls are checked every 3 months and have been told to always use a condom with customers. You can usually ask to see their cards to see when they last got tested.<\/p>\n<p>Related: find the best <a href=\"https:\/\/afarangabroad.com\/fr\/les-terres-a-savon-a-tokyo\/\">Les savonneries \u00e0 Tokyo<\/a> for sex and learn where to meet <a href=\"https:\/\/afarangabroad.com\/fr\/filles-a-osaka\/\">filles \u00e0 Osaka<\/a>.<\/p>\n<p>Freelancers work alone and most won&#8217;t bother getting tested as often because it cost them money. They are also less educated about safe Bangkok sex and are more likely to sleep with other people without using a condom.<\/p>\n<h2><strong>Can anyone get laid in Bangkok?<\/strong><\/h2>\n<p>Bangkok is a great place because people care less about your looks than western cities. I mean sure it helps to be good looking, but often times you just need to be well dressed and clean shaven and girls will give you attention.<\/p>\n<p>If\u00a0you&#8217;re coming to Bangkok looking for sex, avoid wearing vests or flip flops on a night out, dress in a t-shirt or better and trousers or chinos. Dressing the right way here goes a long way with normal Thai girls and working bar girls in Bangkok.<\/p>\n<p>It can be harder for <a href=\"https:\/\/afarangabroad.com\/fr\/2014\/08\/thai-girls-hate-black-indian-arabs\/\" target=\"_blank\" rel=\"noopener noreferrer\">Indian and black guys to get laid<\/a> but nothing you can&#8217;t overcome by being nice and friendly.<\/p>\n<h2>Combien cela co\u00fbte-t-il ?<\/h2>\n<p>Bangkok sex prices greatly vary depending on what it is you want.<\/p>\n<p>Overall the prices are much cheaper than other places, <a href=\"https:\/\/afarangabroad.com\/fr\/sex-hong-kong\/\">sex in Hong Kong<\/a> ou\u00a0 <a href=\"https:\/\/afarangabroad.com\/fr\/macau-girls\/\">girl in Macau<\/a> will cost 5x the price of Bangkok.<\/p>\n<p>If you meet a girl in a nightclub, you could be paying anywhere from 1,500 upwards for sex in Bangkok.<\/p>\n<p>If you go to a go go bar then prices are going to start from 2,500b upwards for short-time, and 3,500 or more for long-term.<\/p>\n<p>Most massages shops have fixed prices ranging anywhere between 2000-300b.<\/p>\n<p>However if you want to try a soapy massage then prices can range from 2000-10,000b.<\/p>\n<p>Bangkok sex prices cost more when you visit go go bars or soapy massages where girls have different prices.<\/p>\n<p>If this is your first time in Thailand and you want the best value sex in Bangkok, I would check out Soi 24 near Phrom Phong.<\/p>\n<p>Prices in all shops are around the same and the service for the most part is good too.<\/p>\n<p>If you&#8217;re every unsure about Bangkok sex prices, always ask before hand to avoid any issues later.<\/p>\n<h2><strong>Where to stay in Bangkok to have the best chance of getting laid<\/strong><\/h2>\n<p>Ideally, you want to stay in the Lower Sukhumvit Area between Asoke and Phra Khanong. This is where you can find the highest amount of bars, clubs, go-go bars and massages.<\/p>\n<p><img loading=\"lazy\" decoding=\"async\" class=\"aligncenter size-full wp-image-8310\" src=\"https:\/\/afarangabroad.com\/wp-content\/uploads\/2015\/01\/Sukhumvit.jpg\" alt=\"Sukhumvit\" width=\"640\" height=\"426\" srcset=\"https:\/\/afarangabroad.com\/wp-content\/uploads\/2015\/01\/Sukhumvit.jpg 640w, https:\/\/afarangabroad.com\/wp-content\/uploads\/2015\/01\/Sukhumvit-300x200.jpg 300w, https:\/\/afarangabroad.com\/wp-content\/uploads\/2015\/01\/Sukhumvit-30x20.jpg 30w\" sizes=\"(max-width: 640px) 100vw, 640px\" \/><\/p>\n<p>Asoke and Nana is the red light district, here you can find dozens of go go bars where you can pay for sex, freelancers on the street and a handful of <a href=\"https:\/\/afarangabroad.com\/fr\/trouver-une-petite-amie-dans-les-boites-de-nuit-de-bangkok\/\" target=\"_blank\" rel=\"noopener noreferrer\">after hour night clubs<\/a>.<\/p>\n<p>In Thong Lor and Ekkamai you have dozens of bars with normal Thai girls and clubs. \u00a0If you meet a girl from a dating site she is much more likely to come to meet up if you are in Sukhumvit because the BTS is there, and there are lots of bus routes coming into this area.<\/p>\n<p>You can find more info on the best places to stay in Bangkok by checking out my\u00a0<a href=\"https:\/\/afarangabroad.com\/fr\/2016\/09\/meilleures-locations-airbnb-a-bangkok\/\" target=\"_blank\" rel=\"noopener noreferrer\">Best Airbnb rentals in Bangkok<\/a> article.<\/p>\n<p>You could decide to stay in other areas such as Ratchada or Lad Prao, but getting to the best spots in Bangkok can take as much as an hour and girls might not want to go back with you. To increase your chances of getting sex on your next Bangkok holiday, stay in lower Sukhumvit.<\/p>\n<p><iframe loading=\"lazy\" style=\"border: 0;\" src=\"https:\/\/www.google.com\/maps\/embed?pb=!1m18!1m12!1m3!1d5560.964031285759!2d100.57193272032109!3d13.729325415022732!2m3!1f0!2f0!3f0!3m2!1i1024!2i768!4f13.1!3m3!1m2!1s0x31033cb179188f73%3A0x19b81b7cae241406!2sSukhumvit+Rd%2C+Krung+Thep+Maha+Nakhon!5e0!3m2!1sen!2sth!4v1491203532699\" width=\"600\" height=\"450\" frameborder=\"0\" allowfullscreen=\"allowfullscreen\"><\/iframe><\/p>\n<p>Above is a Google map of Sukhumvit which starts off at Phra Khanong. If you move up the map you will go past various BTS stops, stay anywhere beteen Nana and Phra Khanong and you&#8217;ll be golden.<\/p>\n<p>Related: learn why you should not use <a href=\"https:\/\/afarangabroad.com\/fr\/tinder-thailande\/\">Tinder en Tha\u00eflande<\/a> et o\u00f9 <a href=\"https:\/\/afarangabroad.com\/fr\/vie-nocturne-a-hua-hin\/\">\u00e0 Hua Hin.<\/a><\/p>\n<p><a href=\"https:\/\/afarangabroad.com\/fr\/thai-cupid-dating-site\/\" target=\"_blank\" rel=\"noopener noreferrer\"><img loading=\"lazy\" decoding=\"async\" class=\"aligncenter size-large wp-image-7259\" src=\"https:\/\/afarangabroad.com\/wp-content\/uploads\/2016\/06\/Meet-Thai-girls1-1024x691.png\" alt=\"Meet Thai girls\" width=\"600\" height=\"405\" srcset=\"https:\/\/afarangabroad.com\/wp-content\/uploads\/2016\/06\/Meet-Thai-girls1-1024x691.png 1024w, https:\/\/afarangabroad.com\/wp-content\/uploads\/2016\/06\/Meet-Thai-girls1-300x202.png 300w, https:\/\/afarangabroad.com\/wp-content\/uploads\/2016\/06\/Meet-Thai-girls1-720x486.png 720w, https:\/\/afarangabroad.com\/wp-content\/uploads\/2016\/06\/Meet-Thai-girls1.png 1038w\" sizes=\"(max-width: 600px) 100vw, 600px\" \/><\/a><\/p>\n<p>Want to get laid in Bangkok for free, then <a href=\"https:\/\/afarangabroad.com\/fr\/thai-cupid-dating-site\/\" target=\"_blank\" rel=\"noopener noreferrer\">lire cet article<\/a>.<\/p>\n<p>And there you have it! The lowdown on how to get sex in Bangkok.<\/p>","protected":false},"excerpt":{"rendered":"<p>In this article I will discuss the best places to get sex in Bangkok. I will be talking about both paid and free options, what the going rate is and everything you need to know about getting sex in Bangkok on your first trip. 9 ways to find sex in Bangkok 1. Dating sites The [&hellip;]<\/p>","protected":false},"author":2,"featured_media":8310,"parent":0,"menu_order":0,"comment_status":"open","ping_status":"closed","template":"","meta":{"_exactmetrics_skip_tracking":false,"_exactmetrics_sitenote_active":false,"_exactmetrics_sitenote_note":"","_exactmetrics_sitenote_category":0,"footnotes":""},"categories":[298],"tags":[],"class_list":["post-4443","page","type-page","status-publish","has-post-thumbnail","hentry","category-bangkok-nightlife"],"yoast_head":"<!-- This site is optimized with the Yoast SEO plugin v20.1 - https:\/\/yoast.com\/wordpress\/plugins\/seo\/ -->\n<title>9 Ways To Find Sex in Bangkok - A Farang Abroad<\/title>\n<meta name=\"description\" content=\"Want to know where to get the best sex in Bangkok? For free or by massages? Then check out my article on everything you need to know to get laid in Bangkok.\" \/>\n<meta name=\"robots\" content=\"index, follow, max-snippet:-1, max-image-preview:large, max-video-preview:-1\" \/>\n<link rel=\"canonical\" href=\"https:\/\/afarangabroad.com\/fr\/sex-in-bangkok\/\" \/>\n<meta property=\"og:locale\" content=\"fr_FR\" \/>\n<meta property=\"og:type\" content=\"article\" \/>\n<meta property=\"og:title\" content=\"9 Ways To Find Sex in Bangkok - A Farang Abroad\" \/>\n<meta property=\"og:description\" content=\"Want to know where to get the best sex in Bangkok? For free or by massages? Then check out my article on everything you need to know to get laid in Bangkok.\" \/>\n<meta property=\"og:url\" content=\"https:\/\/afarangabroad.com\/fr\/sex-in-bangkok\/\" \/>\n<meta property=\"og:site_name\" content=\"A Farang Abroad\" \/>\n<meta property=\"article:modified_time\" content=\"2024-10-22T02:09:40+00:00\" \/>\n<meta property=\"og:image\" content=\"https:\/\/afarangabroad.com\/wp-content\/uploads\/2015\/01\/Sukhumvit.jpg\" \/>\n\t<meta property=\"og:image:width\" content=\"640\" \/>\n\t<meta property=\"og:image:height\" content=\"426\" \/>\n\t<meta property=\"og:image:type\" content=\"image\/jpeg\" \/>\n<meta name=\"twitter:label1\" content=\"Dur\u00e9e de lecture estim\u00e9e\" \/>\n\t<meta name=\"twitter:data1\" content=\"10 minutes\" \/>\n<script type=\"application\/ld+json\" class=\"yoast-schema-graph\">{\"@context\":\"https:\/\/schema.org\",\"@graph\":[{\"@type\":\"WebPage\",\"@id\":\"https:\/\/afarangabroad.com\/sex-in-bangkok\/\",\"url\":\"https:\/\/afarangabroad.com\/sex-in-bangkok\/\",\"name\":\"9 Ways To Find Sex in Bangkok - A Farang Abroad\",\"isPartOf\":{\"@id\":\"https:\/\/afarangabroad.com\/#website\"},\"datePublished\":\"2015-01-27T13:53:17+00:00\",\"dateModified\":\"2024-10-22T02:09:40+00:00\",\"description\":\"Want to know where to get the best sex in Bangkok? For free or by massages? Then check out my article on everything you need to know to get laid in Bangkok.\",\"breadcrumb\":{\"@id\":\"https:\/\/afarangabroad.com\/sex-in-bangkok\/#breadcrumb\"},\"inLanguage\":\"fr-FR\",\"potentialAction\":[{\"@type\":\"ReadAction\",\"target\":[\"https:\/\/afarangabroad.com\/sex-in-bangkok\/\"]}]},{\"@type\":\"BreadcrumbList\",\"@id\":\"https:\/\/afarangabroad.com\/sex-in-bangkok\/#breadcrumb\",\"itemListElement\":[{\"@type\":\"ListItem\",\"position\":1,\"name\":\"Home\",\"item\":\"https:\/\/afarangabroad.com\/\"},{\"@type\":\"ListItem\",\"position\":2,\"name\":\"9 Ways To Find Sex in Bangkok\"}]},{\"@type\":\"WebSite\",\"@id\":\"https:\/\/afarangabroad.com\/#website\",\"url\":\"https:\/\/afarangabroad.com\/\",\"name\":\"A Farang Abroad\",\"description\":\"Your secret guide to Asia&#039;s sexiest nightlife.\",\"potentialAction\":[{\"@type\":\"SearchAction\",\"target\":{\"@type\":\"EntryPoint\",\"urlTemplate\":\"https:\/\/afarangabroad.com\/?s={search_term_string}\"},\"query-input\":\"required name=search_term_string\"}],\"inLanguage\":\"fr-FR\"}]}<\/script>\n<!-- \/ Yoast SEO plugin. -->","yoast_head_json":{"title":"9 Ways To Find Sex in Bangkok - A Farang Abroad","description":"Want to know where to get the best sex in Bangkok? For free or by massages? Then check out my article on everything you need to know to get laid in Bangkok.","robots":{"index":"index","follow":"follow","max-snippet":"max-snippet:-1","max-image-preview":"max-image-preview:large","max-video-preview":"max-video-preview:-1"},"canonical":"https:\/\/afarangabroad.com\/fr\/sex-in-bangkok\/","og_locale":"fr_FR","og_type":"article","og_title":"9 Ways To Find Sex in Bangkok - A Farang Abroad","og_description":"Want to know where to get the best sex in Bangkok? For free or by massages? Then check out my article on everything you need to know to get laid in Bangkok.","og_url":"https:\/\/afarangabroad.com\/fr\/sex-in-bangkok\/","og_site_name":"A Farang Abroad","article_modified_time":"2024-10-22T02:09:40+00:00","og_image":[{"width":640,"height":426,"url":"https:\/\/afarangabroad.com\/wp-content\/uploads\/2015\/01\/Sukhumvit.jpg","type":"image\/jpeg"}],"twitter_misc":{"Dur\u00e9e de lecture estim\u00e9e":"10 minutes"},"schema":{"@context":"https:\/\/schema.org","@graph":[{"@type":"WebPage","@id":"https:\/\/afarangabroad.com\/sex-in-bangkok\/","url":"https:\/\/afarangabroad.com\/sex-in-bangkok\/","name":"9 Ways To Find Sex in Bangkok - A Farang Abroad","isPartOf":{"@id":"https:\/\/afarangabroad.com\/#website"},"datePublished":"2015-01-27T13:53:17+00:00","dateModified":"2024-10-22T02:09:40+00:00","description":"Want to know where to get the best sex in Bangkok? For free or by massages? Then check out my article on everything you need to know to get laid in Bangkok.","breadcrumb":{"@id":"https:\/\/afarangabroad.com\/sex-in-bangkok\/#breadcrumb"},"inLanguage":"fr-FR","potentialAction":[{"@type":"ReadAction","target":["https:\/\/afarangabroad.com\/sex-in-bangkok\/"]}]},{"@type":"BreadcrumbList","@id":"https:\/\/afarangabroad.com\/sex-in-bangkok\/#breadcrumb","itemListElement":[{"@type":"ListItem","position":1,"name":"Home","item":"https:\/\/afarangabroad.com\/"},{"@type":"ListItem","position":2,"name":"9 Ways To Find Sex in Bangkok"}]},{"@type":"WebSite","@id":"https:\/\/afarangabroad.com\/#website","url":"https:\/\/afarangabroad.com\/","name":"A Farang Abroad","description":"Your secret guide to Asia&#039;s sexiest nightlife.","potentialAction":[{"@type":"SearchAction","target":{"@type":"EntryPoint","urlTemplate":"https:\/\/afarangabroad.com\/?s={search_term_string}"},"query-input":"required name=search_term_string"}],"inLanguage":"fr-FR"}]}},"_links":{"self":[{"href":"https:\/\/afarangabroad.com\/fr\/wp-json\/wp\/v2\/pages\/4443"}],"collection":[{"href":"https:\/\/afarangabroad.com\/fr\/wp-json\/wp\/v2\/pages"}],"about":[{"href":"https:\/\/afarangabroad.com\/fr\/wp-json\/wp\/v2\/types\/page"}],"author":[{"embeddable":true,"href":"https:\/\/afarangabroad.com\/fr\/wp-json\/wp\/v2\/users\/2"}],"replies":[{"embeddable":true,"href":"https:\/\/afarangabroad.com\/fr\/wp-json\/wp\/v2\/comments?post=4443"}],"version-history":[{"count":17,"href":"https:\/\/afarangabroad.com\/fr\/wp-json\/wp\/v2\/pages\/4443\/revisions"}],"predecessor-version":[{"id":513637,"href":"https:\/\/afarangabroad.com\/fr\/wp-json\/wp\/v2\/pages\/4443\/revisions\/513637"}],"wp:featuredmedia":[{"embeddable":true,"href":"https:\/\/afarangabroad.com\/fr\/wp-json\/wp\/v2\/media\/8310"}],"wp:attachment":[{"href":"https:\/\/afarangabroad.com\/fr\/wp-json\/wp\/v2\/media?parent=4443"}],"wp:term":[{"taxonomy":"category","embeddable":true,"href":"https:\/\/afarangabroad.com\/fr\/wp-json\/wp\/v2\/categories?post=4443"},{"taxonomy":"post_tag","embeddable":true,"href":"https:\/\/afarangabroad.com\/fr\/wp-json\/wp\/v2\/tags?post=4443"}],"curies":[{"name":"wp","href":"https:\/\/api.w.org\/{rel}","templated":true}]}}