{"id":4843,"date":"2015-05-19T20:59:39","date_gmt":"2015-05-19T19:59:39","guid":{"rendered":"https:\/\/afarangabroad.com\/?page_id=4843"},"modified":"2019-04-16T10:40:08","modified_gmt":"2019-04-16T09:40:08","slug":"phuket-girls","status":"publish","type":"page","link":"https:\/\/afarangabroad.com\/fr\/filles-de-phuket\/","title":{"rendered":"O\u00f9 rencontrer les filles de Phuket"},"content":{"rendered":"<p>In this article you&#8217;ll learn where to meet girls in Phuket.<\/p>\n<p><a href=\"https:\/\/afarangabroad.com\/fr\/thai-cupid-dating-site\/\" target=\"_blank\" ><img loading=\"lazy\" decoding=\"async\" class=\"aligncenter wp-image-7259 size-large\" src=\"https:\/\/afarangabroad.com\/wp-content\/uploads\/2016\/06\/Meet-Thai-girls1-1024x691.png\" alt=\"Meet Thai girls\" width=\"678\" height=\"458\" srcset=\"https:\/\/afarangabroad.com\/wp-content\/uploads\/2016\/06\/Meet-Thai-girls1-1024x691.png 1024w, https:\/\/afarangabroad.com\/wp-content\/uploads\/2016\/06\/Meet-Thai-girls1-300x202.png 300w, https:\/\/afarangabroad.com\/wp-content\/uploads\/2016\/06\/Meet-Thai-girls1-720x486.png 720w, https:\/\/afarangabroad.com\/wp-content\/uploads\/2016\/06\/Meet-Thai-girls1.png 1038w\" sizes=\"(max-width: 678px) 100vw, 678px\" \/><\/a>Si vous voulez vous envoyer en l'air pour <strong>gratuit en Tha\u00eflande<\/strong>alors <a title=\"Utiliser Thai Friendly pour trouver une petite amie tha\u00eflandaise\" href=\"https:\/\/afarangabroad.com\/fr\/thai-cupid-dating-site\/\" target=\"_blank\" >consulter cet article<\/a>.<\/p>\n<p>La sc\u00e8ne sexuelle dans les bars n'est pas aussi importante qu'\u00e0 Bangkok ou Pattaya, mais il y en a quand m\u00eame un si c'est le type de filles que vous recherchez \u00e0 Phuket.<\/p>\n<p>There are many non pro&#8217;s about as well but in Thailand that line can always get pretty blurry and it is hard to know who you are really talking to.<\/p>\n<h2><strong>La sc\u00e8ne des bars et les filles de Phuket<\/strong><\/h2>\n<p>Le quartier principal o\u00f9 se trouvent la plupart des bars avec des femmes de Phuket s'appelle Patong. La rue principale s'appelle Bangla Road et elle est bord\u00e9e de nombreuses petites rues remplies de filles de Phuket qui n'attendent que vous pour se joindre \u00e0 elles.<\/p>\n<p>Les bars de Phuket sont les m\u00eames que ceux de Bangkok ou de Pattaya. Il y a les <a href=\"https:\/\/afarangabroad.com\/fr\/les-meilleurs-bars-de-phuket\/\">Go-Go&#8217;s with the Phuket<\/a> des filles qui dansent sur sc\u00e8ne en bikini et que vous pouvez inviter \u00e0 boire un verre si elles vous plaisent.<\/p>\n<p>Apr\u00e8s avoir discut\u00e9 un peu avec elle, vous pouvez payer son amende, qui peut \u00eatre de 500 bahts ou de 3000 bahts selon le bar.<\/p>\n<p>If it is only 500 baht then you will need to negotiate the girls \u201ctip\u201d but if it is 3000 then the Phuket ladies \u201ctip should be included.<\/p>\n<p>Pour en savoir plus, lisez mon guide sur <a href=\"https:\/\/afarangabroad.com\/fr\/freelancers-phuket\/\">trouver des free-lances \u00e0 Phuket<\/a>.<\/p>\n<p><img loading=\"lazy\" decoding=\"async\" class=\"size-large wp-image-4841 aligncenter\" src=\"https:\/\/afarangabroad.com\/wp-content\/uploads\/2015\/05\/16642743552_d38248521c_b-1024x683.jpg\" alt=\"Les filles de Phuket\" width=\"600\" height=\"400\" srcset=\"https:\/\/afarangabroad.com\/wp-content\/uploads\/2015\/05\/16642743552_d38248521c_b.jpg 1024w, https:\/\/afarangabroad.com\/wp-content\/uploads\/2015\/05\/16642743552_d38248521c_b-300x200.jpg 300w, https:\/\/afarangabroad.com\/wp-content\/uploads\/2015\/05\/16642743552_d38248521c_b-720x480.jpg 720w\" sizes=\"(max-width: 600px) 100vw, 600px\" \/><br \/>\nC'est l\u00e0 que vous trouverez probablement les filles les plus attirantes, mais elles savent qu'elles sont sexy et demanderont un prix \u00e9lev\u00e9. Vous devriez toujours n\u00e9gocier ce que vous attendez avant de quitter le bar, afin d'\u00e9viter tout malentendu par la suite.<\/p>\n<p>It&#8217;s better that I say there will be a better chance of no misunderstandings later anyways.<\/p>","protected":false},"excerpt":{"rendered":"<p>In this article you&#8217;ll learn where to meet girls in Phuket. If you want to get laid for free in Thailand, then check this article. It does not have as big of a girly bar sex scene as you will find in Bangkok or Pattaya but there is still one around if those are the [&hellip;]<\/p>","protected":false},"author":2,"featured_media":6168,"parent":0,"menu_order":0,"comment_status":"open","ping_status":"closed","template":"","meta":{"_exactmetrics_skip_tracking":false,"_exactmetrics_sitenote_active":false,"_exactmetrics_sitenote_note":"","_exactmetrics_sitenote_category":0,"footnotes":""},"categories":[331],"tags":[],"class_list":["post-4843","page","type-page","status-publish","has-post-thumbnail","hentry","category-phuket-nightlife"],"yoast_head":"<!-- This site is optimized with the Yoast SEO plugin v20.1 - https:\/\/yoast.com\/wordpress\/plugins\/seo\/ -->\n<title>Where to Meet Phuket Girls - A Farang Abroad<\/title>\n<meta name=\"description\" content=\"Are you looking to find the hottest girls in Phuket? well find out where the expats go to get the best phuket girls in Thailand!\" \/>\n<meta name=\"robots\" content=\"index, follow, max-snippet:-1, max-image-preview:large, max-video-preview:-1\" \/>\n<link rel=\"canonical\" href=\"https:\/\/afarangabroad.com\/fr\/filles-de-phuket\/\" \/>\n<meta property=\"og:locale\" content=\"fr_FR\" \/>\n<meta property=\"og:type\" content=\"article\" \/>\n<meta property=\"og:title\" content=\"Where to Meet Phuket Girls - A Farang Abroad\" \/>\n<meta property=\"og:description\" content=\"Are you looking to find the hottest girls in Phuket? well find out where the expats go to get the best phuket girls in Thailand!\" \/>\n<meta property=\"og:url\" content=\"https:\/\/afarangabroad.com\/fr\/filles-de-phuket\/\" \/>\n<meta property=\"og:site_name\" content=\"A Farang Abroad\" \/>\n<meta property=\"article:modified_time\" content=\"2019-04-16T09:40:08+00:00\" \/>\n<meta property=\"og:image\" content=\"https:\/\/afarangabroad.com\/wp-content\/uploads\/2015\/10\/neon-lights-226174_640.jpg\" \/>\n\t<meta property=\"og:image:width\" content=\"640\" \/>\n\t<meta property=\"og:image:height\" content=\"480\" \/>\n\t<meta property=\"og:image:type\" content=\"image\/jpeg\" \/>\n<meta name=\"twitter:label1\" content=\"Dur\u00e9e de lecture estim\u00e9e\" \/>\n\t<meta name=\"twitter:data1\" content=\"15 minutes\" \/>\n<script type=\"application\/ld+json\" class=\"yoast-schema-graph\">{\"@context\":\"https:\/\/schema.org\",\"@graph\":[{\"@type\":\"WebPage\",\"@id\":\"https:\/\/afarangabroad.com\/phuket-girls\/\",\"url\":\"https:\/\/afarangabroad.com\/phuket-girls\/\",\"name\":\"Where to Meet Phuket Girls - A Farang Abroad\",\"isPartOf\":{\"@id\":\"https:\/\/afarangabroad.com\/#website\"},\"datePublished\":\"2015-05-19T19:59:39+00:00\",\"dateModified\":\"2019-04-16T09:40:08+00:00\",\"description\":\"Are you looking to find the hottest girls in Phuket? well find out where the expats go to get the best phuket girls in Thailand!\",\"breadcrumb\":{\"@id\":\"https:\/\/afarangabroad.com\/phuket-girls\/#breadcrumb\"},\"inLanguage\":\"fr-FR\",\"potentialAction\":[{\"@type\":\"ReadAction\",\"target\":[\"https:\/\/afarangabroad.com\/phuket-girls\/\"]}]},{\"@type\":\"BreadcrumbList\",\"@id\":\"https:\/\/afarangabroad.com\/phuket-girls\/#breadcrumb\",\"itemListElement\":[{\"@type\":\"ListItem\",\"position\":1,\"name\":\"Home\",\"item\":\"https:\/\/afarangabroad.com\/\"},{\"@type\":\"ListItem\",\"position\":2,\"name\":\"Where to Meet Phuket Girls\"}]},{\"@type\":\"WebSite\",\"@id\":\"https:\/\/afarangabroad.com\/#website\",\"url\":\"https:\/\/afarangabroad.com\/\",\"name\":\"A Farang Abroad\",\"description\":\"Your secret guide to Asia&#039;s sexiest nightlife.\",\"potentialAction\":[{\"@type\":\"SearchAction\",\"target\":{\"@type\":\"EntryPoint\",\"urlTemplate\":\"https:\/\/afarangabroad.com\/?s={search_term_string}\"},\"query-input\":\"required name=search_term_string\"}],\"inLanguage\":\"fr-FR\"}]}<\/script>\n<!-- \/ Yoast SEO plugin. -->","yoast_head_json":{"title":"Where to Meet Phuket Girls - A Farang Abroad","description":"Are you looking to find the hottest girls in Phuket? well find out where the expats go to get the best phuket girls in Thailand!","robots":{"index":"index","follow":"follow","max-snippet":"max-snippet:-1","max-image-preview":"max-image-preview:large","max-video-preview":"max-video-preview:-1"},"canonical":"https:\/\/afarangabroad.com\/fr\/filles-de-phuket\/","og_locale":"fr_FR","og_type":"article","og_title":"Where to Meet Phuket Girls - A Farang Abroad","og_description":"Are you looking to find the hottest girls in Phuket? well find out where the expats go to get the best phuket girls in Thailand!","og_url":"https:\/\/afarangabroad.com\/fr\/filles-de-phuket\/","og_site_name":"A Farang Abroad","article_modified_time":"2019-04-16T09:40:08+00:00","og_image":[{"width":640,"height":480,"url":"https:\/\/afarangabroad.com\/wp-content\/uploads\/2015\/10\/neon-lights-226174_640.jpg","type":"image\/jpeg"}],"twitter_misc":{"Dur\u00e9e de lecture estim\u00e9e":"15 minutes"},"schema":{"@context":"https:\/\/schema.org","@graph":[{"@type":"WebPage","@id":"https:\/\/afarangabroad.com\/phuket-girls\/","url":"https:\/\/afarangabroad.com\/phuket-girls\/","name":"Where to Meet Phuket Girls - A Farang Abroad","isPartOf":{"@id":"https:\/\/afarangabroad.com\/#website"},"datePublished":"2015-05-19T19:59:39+00:00","dateModified":"2019-04-16T09:40:08+00:00","description":"Are you looking to find the hottest girls in Phuket? well find out where the expats go to get the best phuket girls in Thailand!","breadcrumb":{"@id":"https:\/\/afarangabroad.com\/phuket-girls\/#breadcrumb"},"inLanguage":"fr-FR","potentialAction":[{"@type":"ReadAction","target":["https:\/\/afarangabroad.com\/phuket-girls\/"]}]},{"@type":"BreadcrumbList","@id":"https:\/\/afarangabroad.com\/phuket-girls\/#breadcrumb","itemListElement":[{"@type":"ListItem","position":1,"name":"Home","item":"https:\/\/afarangabroad.com\/"},{"@type":"ListItem","position":2,"name":"Where to Meet Phuket Girls"}]},{"@type":"WebSite","@id":"https:\/\/afarangabroad.com\/#website","url":"https:\/\/afarangabroad.com\/","name":"A Farang Abroad","description":"Your secret guide to Asia&#039;s sexiest nightlife.","potentialAction":[{"@type":"SearchAction","target":{"@type":"EntryPoint","urlTemplate":"https:\/\/afarangabroad.com\/?s={search_term_string}"},"query-input":"required name=search_term_string"}],"inLanguage":"fr-FR"}]}},"_links":{"self":[{"href":"https:\/\/afarangabroad.com\/fr\/wp-json\/wp\/v2\/pages\/4843"}],"collection":[{"href":"https:\/\/afarangabroad.com\/fr\/wp-json\/wp\/v2\/pages"}],"about":[{"href":"https:\/\/afarangabroad.com\/fr\/wp-json\/wp\/v2\/types\/page"}],"author":[{"embeddable":true,"href":"https:\/\/afarangabroad.com\/fr\/wp-json\/wp\/v2\/users\/2"}],"replies":[{"embeddable":true,"href":"https:\/\/afarangabroad.com\/fr\/wp-json\/wp\/v2\/comments?post=4843"}],"version-history":[{"count":0,"href":"https:\/\/afarangabroad.com\/fr\/wp-json\/wp\/v2\/pages\/4843\/revisions"}],"wp:featuredmedia":[{"embeddable":true,"href":"https:\/\/afarangabroad.com\/fr\/wp-json\/wp\/v2\/media\/6168"}],"wp:attachment":[{"href":"https:\/\/afarangabroad.com\/fr\/wp-json\/wp\/v2\/media?parent=4843"}],"wp:term":[{"taxonomy":"category","embeddable":true,"href":"https:\/\/afarangabroad.com\/fr\/wp-json\/wp\/v2\/categories?post=4843"},{"taxonomy":"post_tag","embeddable":true,"href":"https:\/\/afarangabroad.com\/fr\/wp-json\/wp\/v2\/tags?post=4843"}],"curies":[{"name":"wp","href":"https:\/\/api.w.org\/{rel}","templated":true}]}}