{"id":5776,"date":"2015-07-03T15:18:50","date_gmt":"2015-07-03T14:18:50","guid":{"rendered":"https:\/\/afarangabroad.com\/?page_id=5776"},"modified":"2019-01-15T09:10:00","modified_gmt":"2019-01-15T09:10:00","slug":"chiang-mai-girls","status":"publish","type":"page","link":"https:\/\/afarangabroad.com\/fr\/filles-de-chiang-mai\/","title":{"rendered":"Meilleurs endroits pour rencontrer des filles \u00e0 Chiang Mai"},"content":{"rendered":"<p>Si vous vous dirigez vers le nord de la Tha\u00eflande, pensez \u00e0 Chiang Mai, car c'est un endroit tr\u00e8s populaire, surtout pour les jeunes hommes \u00e9trangers, comme moi, qui cherchent \u00e0 passer du bon temps avec des amis.<span data-orgid=\"430506590958063616\" data-userid=\"430506590895149056\" data-text=\"chiang mai girls\" data-timestamp=\"1435570796000\" data-story-id=\"story_0899ee4c1297d34a275a35bd5190f853\">filles hiang Mai<\/span>! Sure, when you have heard about Thailand, a couple of places would come to mind \u2013 there\u2019s <a title=\"Bangkok, Chiang Mai, Phuket ou Pattaya ? - Le point sur la situation\" href=\"https:\/\/afarangabroad.com\/fr\/2015\/03\/bangkok-chiang-mai-phuket-pattaya\/\" target=\"_blank\" rel=\"noopener\">Bangkok, Pattaya et Phuket<\/a>.<\/p>\n<p><a href=\"https:\/\/afarangabroad.com\/fr\/thai-friendly-dating\/\" target=\"_blank\" rel=\"noopener\"><img loading=\"lazy\" decoding=\"async\" class=\"aligncenter size-large wp-image-7256\" src=\"https:\/\/afarangabroad.com\/wp-content\/uploads\/2016\/06\/Meet-Thai-girls-1024x691.png\" alt=\"Meet Thai girls\" width=\"600\" height=\"405\" srcset=\"https:\/\/afarangabroad.com\/wp-content\/uploads\/2016\/06\/Meet-Thai-girls-1024x691.png 1024w, https:\/\/afarangabroad.com\/wp-content\/uploads\/2016\/06\/Meet-Thai-girls-300x202.png 300w, https:\/\/afarangabroad.com\/wp-content\/uploads\/2016\/06\/Meet-Thai-girls-720x486.png 720w, https:\/\/afarangabroad.com\/wp-content\/uploads\/2016\/06\/Meet-Thai-girls.png 1038w\" sizes=\"(max-width: 600px) 100vw, 600px\" \/><\/a>Pour obtenir <strong>pos\u00e9 \u00e0 Chiang Mai <\/strong>gratuitement, lire <a title=\"Utiliser Thai Friendly pour trouver une petite amie tha\u00eflandaise\" href=\"https:\/\/afarangabroad.com\/fr\/thai-friendly-dating\/\" target=\"_blank\" rel=\"noopener\">cet article<\/a>.<\/p>\n<p>Chiang Mai comes in fourth in terms of economic and cultural perspective. Most young Thai girls from all over the country go there to either study or work in companies and even in the \u201c<a title=\"Pourquoi je ne visite jamais Soi Cowboy et Nana Plaza\" href=\"https:\/\/afarangabroad.com\/fr\/2015\/01\/never-visit-soi-cowboy-nana-plaza\/\" target=\"_blank\" rel=\"noopener\">industrie du divertissement<\/a>.\u201d<\/p>\n<p>Mais pourquoi Chiang Mai ? Il y a plusieurs raisons \u00e0 cela, mais la principale est la pr\u00e9sence de filles \u00e0 Chiang Mai. Ce sont de jeunes <a href=\"https:\/\/afarangabroad.com\/fr\/thai-girls\/\">Filles tha\u00eflandaises<\/a> qui sont pr\u00eats \u00e0 montrer \u00e0 la population masculine occidentale comment s'amuser.<\/p>\n<p>Whether you are a first-timer or you\u2019ve visited this so-called \u201cparadise,\u201d I will show you where to go and enjoy all the best things Chiang Mai can offer for foreigners.<\/p>\n<p>Voici quelques-uns des endroits les plus populaires et les plus agr\u00e9ables \u00e0 visiter, class\u00e9s par cat\u00e9gories.<\/p>\n<p>Un bon conseil : \u00e9tant donn\u00e9 que les lieux ne sont pas situ\u00e9s dans une seule zone et sont r\u00e9partis dans toute la ville, vous pouvez louer une moto afin de pouvoir vous d\u00e9placer d'un endroit \u00e0 l'autre (la location est d'environ 250 bahts pour 24 heures).<\/p>\n<h2 style=\"text-align: center;\"><strong>Bo\u00eetes de nuit \u00e0 Chiang Mai<br \/>\n<\/strong><\/h2>\n<h2><strong><a href=\"https:\/\/www.google.com\/url?sa=t&amp;rct=j&amp;q=&amp;esrc=s&amp;source=web&amp;cd=3&amp;cad=rja&amp;uact=8&amp;ved=0CEAQFjAC&amp;url=https%3A%2F%2Fwww.facebook.com%2Fzoeinyellowchiangmai&amp;ei=sJeWVa6gAcrGuASn8oPwDA&amp;usg=AFQjCNFxGBn-YnLEqBBAln3n2CXzPbkB8A&amp;sig2=WSDTxIS3gtgpRpt01Q4lqg&amp;bvm=bv.96952980,d.c2E\" target=\"_blank\" rel=\"noopener\">Zoe en jaune <\/a><\/strong><\/h2>\n<p>C'est l'endroit le plus branch\u00e9 de Chiang Mai. Il y a de la musique live et il est g\u00e9n\u00e9ralement fr\u00e9quent\u00e9 par les jeunes \u00e9trangers et les jeunes femmes. <a title=\"Filles tha\u00eflandaises sexy - O\u00f9 les rencontrer ?\" href=\"https:\/\/afarangabroad.com\/fr\/thai-girls\/\" target=\"_blank\" rel=\"noopener\">filles tha\u00eflandaises sexy<\/a>. Entra\u00eenez-vous \u00e0 danser sur leur piste de danse.<\/p>\n<p>Related : apprendre o\u00f9 obtenir <a href=\"https:\/\/afarangabroad.com\/fr\/happy-ending-massage-chiang-mai\/\">massages sexuels \u00e0 Chiang Mai<\/a>. et ce qu'il faut savoir <a href=\"https:\/\/afarangabroad.com\/fr\/filles-disaan\/\">Les filles d'Issan<\/a> dans la r\u00e9gion<\/p>\n<p>Drinks are fairly cheap as you can get a bucket of beer for just about 300 baht and 140 baht for cocktails \u2013 believe me, I am not talking about happy hour here. Cheap drinks and great crowd always pulls patrons in.<\/p>\n<h2><strong>L'infini <\/strong><\/h2>\n<p>si vous \u00eates claustrophobe, il est d\u00e9conseill\u00e9 de se rendre \u00e0 l'Infinity les vendredis et samedis soirs. La derni\u00e8re et la plus fra\u00eeche des bo\u00eetes de nuit de Chiang Mai, elle est toujours remplie d'une foule jeune et branch\u00e9e.<\/p>","protected":false},"excerpt":{"rendered":"<p>If you are heading towards Northern Thailand, then consider Chiang Mai as it has been a pretty popular place especially for young male foreigners, like me who are looking to have a great time with Chiang Mai girls! Sure, when you have heard about Thailand, a couple of places would come to mind \u2013 there\u2019s [&hellip;]<\/p>","protected":false},"author":2,"featured_media":6870,"parent":0,"menu_order":0,"comment_status":"open","ping_status":"closed","template":"","meta":{"_exactmetrics_skip_tracking":false,"_exactmetrics_sitenote_active":false,"_exactmetrics_sitenote_note":"","_exactmetrics_sitenote_category":0,"footnotes":""},"categories":[323],"tags":[],"class_list":["post-5776","page","type-page","status-publish","has-post-thumbnail","hentry","category-thailand-girls"],"yoast_head":"<!-- This site is optimized with the Yoast SEO plugin v20.1 - https:\/\/yoast.com\/wordpress\/plugins\/seo\/ -->\n<title>Best Places To Meet Chiang Mai Girls - A Farang Abroad<\/title>\n<meta name=\"description\" content=\"Are you looking to find sexy Chiang Mai girls or Chiang Mai bar girls? Find out where to find them in this article and what the prices are!\" \/>\n<meta name=\"robots\" content=\"index, follow, max-snippet:-1, max-image-preview:large, max-video-preview:-1\" \/>\n<link rel=\"canonical\" href=\"https:\/\/afarangabroad.com\/fr\/filles-de-chiang-mai\/\" \/>\n<meta property=\"og:locale\" content=\"fr_FR\" \/>\n<meta property=\"og:type\" content=\"article\" \/>\n<meta property=\"og:title\" content=\"Best Places To Meet Chiang Mai Girls - A Farang Abroad\" \/>\n<meta property=\"og:description\" content=\"Are you looking to find sexy Chiang Mai girls or Chiang Mai bar girls? Find out where to find them in this article and what the prices are!\" \/>\n<meta property=\"og:url\" content=\"https:\/\/afarangabroad.com\/fr\/filles-de-chiang-mai\/\" \/>\n<meta property=\"og:site_name\" content=\"A Farang Abroad\" \/>\n<meta property=\"article:modified_time\" content=\"2019-01-15T09:10:00+00:00\" \/>\n<meta property=\"og:image\" content=\"https:\/\/afarangabroad.com\/wp-content\/uploads\/2016\/01\/2732636904_85178fce7c_b.jpg\" \/>\n\t<meta property=\"og:image:width\" content=\"1024\" \/>\n\t<meta property=\"og:image:height\" content=\"768\" \/>\n\t<meta property=\"og:image:type\" content=\"image\/jpeg\" \/>\n<meta name=\"twitter:label1\" content=\"Dur\u00e9e de lecture estim\u00e9e\" \/>\n\t<meta name=\"twitter:data1\" content=\"12 minutes\" \/>\n<script type=\"application\/ld+json\" class=\"yoast-schema-graph\">{\"@context\":\"https:\/\/schema.org\",\"@graph\":[{\"@type\":\"WebPage\",\"@id\":\"https:\/\/afarangabroad.com\/chiang-mai-girls\/\",\"url\":\"https:\/\/afarangabroad.com\/chiang-mai-girls\/\",\"name\":\"Best Places To Meet Chiang Mai Girls - A Farang Abroad\",\"isPartOf\":{\"@id\":\"https:\/\/afarangabroad.com\/#website\"},\"datePublished\":\"2015-07-03T14:18:50+00:00\",\"dateModified\":\"2019-01-15T09:10:00+00:00\",\"description\":\"Are you looking to find sexy Chiang Mai girls or Chiang Mai bar girls? Find out where to find them in this article and what the prices are!\",\"breadcrumb\":{\"@id\":\"https:\/\/afarangabroad.com\/chiang-mai-girls\/#breadcrumb\"},\"inLanguage\":\"fr-FR\",\"potentialAction\":[{\"@type\":\"ReadAction\",\"target\":[\"https:\/\/afarangabroad.com\/chiang-mai-girls\/\"]}]},{\"@type\":\"BreadcrumbList\",\"@id\":\"https:\/\/afarangabroad.com\/chiang-mai-girls\/#breadcrumb\",\"itemListElement\":[{\"@type\":\"ListItem\",\"position\":1,\"name\":\"Home\",\"item\":\"https:\/\/afarangabroad.com\/\"},{\"@type\":\"ListItem\",\"position\":2,\"name\":\"Best Places To Meet Chiang Mai Girls\"}]},{\"@type\":\"WebSite\",\"@id\":\"https:\/\/afarangabroad.com\/#website\",\"url\":\"https:\/\/afarangabroad.com\/\",\"name\":\"A Farang Abroad\",\"description\":\"Your secret guide to Asia&#039;s sexiest nightlife.\",\"potentialAction\":[{\"@type\":\"SearchAction\",\"target\":{\"@type\":\"EntryPoint\",\"urlTemplate\":\"https:\/\/afarangabroad.com\/?s={search_term_string}\"},\"query-input\":\"required name=search_term_string\"}],\"inLanguage\":\"fr-FR\"}]}<\/script>\n<!-- \/ Yoast SEO plugin. -->","yoast_head_json":{"title":"Best Places To Meet Chiang Mai Girls - A Farang Abroad","description":"Are you looking to find sexy Chiang Mai girls or Chiang Mai bar girls? Find out where to find them in this article and what the prices are!","robots":{"index":"index","follow":"follow","max-snippet":"max-snippet:-1","max-image-preview":"max-image-preview:large","max-video-preview":"max-video-preview:-1"},"canonical":"https:\/\/afarangabroad.com\/fr\/filles-de-chiang-mai\/","og_locale":"fr_FR","og_type":"article","og_title":"Best Places To Meet Chiang Mai Girls - A Farang Abroad","og_description":"Are you looking to find sexy Chiang Mai girls or Chiang Mai bar girls? Find out where to find them in this article and what the prices are!","og_url":"https:\/\/afarangabroad.com\/fr\/filles-de-chiang-mai\/","og_site_name":"A Farang Abroad","article_modified_time":"2019-01-15T09:10:00+00:00","og_image":[{"width":1024,"height":768,"url":"https:\/\/afarangabroad.com\/wp-content\/uploads\/2016\/01\/2732636904_85178fce7c_b.jpg","type":"image\/jpeg"}],"twitter_misc":{"Dur\u00e9e de lecture estim\u00e9e":"12 minutes"},"schema":{"@context":"https:\/\/schema.org","@graph":[{"@type":"WebPage","@id":"https:\/\/afarangabroad.com\/chiang-mai-girls\/","url":"https:\/\/afarangabroad.com\/chiang-mai-girls\/","name":"Best Places To Meet Chiang Mai Girls - A Farang Abroad","isPartOf":{"@id":"https:\/\/afarangabroad.com\/#website"},"datePublished":"2015-07-03T14:18:50+00:00","dateModified":"2019-01-15T09:10:00+00:00","description":"Are you looking to find sexy Chiang Mai girls or Chiang Mai bar girls? Find out where to find them in this article and what the prices are!","breadcrumb":{"@id":"https:\/\/afarangabroad.com\/chiang-mai-girls\/#breadcrumb"},"inLanguage":"fr-FR","potentialAction":[{"@type":"ReadAction","target":["https:\/\/afarangabroad.com\/chiang-mai-girls\/"]}]},{"@type":"BreadcrumbList","@id":"https:\/\/afarangabroad.com\/chiang-mai-girls\/#breadcrumb","itemListElement":[{"@type":"ListItem","position":1,"name":"Home","item":"https:\/\/afarangabroad.com\/"},{"@type":"ListItem","position":2,"name":"Best Places To Meet Chiang Mai Girls"}]},{"@type":"WebSite","@id":"https:\/\/afarangabroad.com\/#website","url":"https:\/\/afarangabroad.com\/","name":"A Farang Abroad","description":"Your secret guide to Asia&#039;s sexiest nightlife.","potentialAction":[{"@type":"SearchAction","target":{"@type":"EntryPoint","urlTemplate":"https:\/\/afarangabroad.com\/?s={search_term_string}"},"query-input":"required name=search_term_string"}],"inLanguage":"fr-FR"}]}},"_links":{"self":[{"href":"https:\/\/afarangabroad.com\/fr\/wp-json\/wp\/v2\/pages\/5776"}],"collection":[{"href":"https:\/\/afarangabroad.com\/fr\/wp-json\/wp\/v2\/pages"}],"about":[{"href":"https:\/\/afarangabroad.com\/fr\/wp-json\/wp\/v2\/types\/page"}],"author":[{"embeddable":true,"href":"https:\/\/afarangabroad.com\/fr\/wp-json\/wp\/v2\/users\/2"}],"replies":[{"embeddable":true,"href":"https:\/\/afarangabroad.com\/fr\/wp-json\/wp\/v2\/comments?post=5776"}],"version-history":[{"count":0,"href":"https:\/\/afarangabroad.com\/fr\/wp-json\/wp\/v2\/pages\/5776\/revisions"}],"wp:featuredmedia":[{"embeddable":true,"href":"https:\/\/afarangabroad.com\/fr\/wp-json\/wp\/v2\/media\/6870"}],"wp:attachment":[{"href":"https:\/\/afarangabroad.com\/fr\/wp-json\/wp\/v2\/media?parent=5776"}],"wp:term":[{"taxonomy":"category","embeddable":true,"href":"https:\/\/afarangabroad.com\/fr\/wp-json\/wp\/v2\/categories?post=5776"},{"taxonomy":"post_tag","embeddable":true,"href":"https:\/\/afarangabroad.com\/fr\/wp-json\/wp\/v2\/tags?post=5776"}],"curies":[{"name":"wp","href":"https:\/\/api.w.org\/{rel}","templated":true}]}}