{"id":6180,"date":"2015-10-10T09:00:59","date_gmt":"2015-10-10T08:00:59","guid":{"rendered":"https:\/\/afarangabroad.com\/?page_id=6180"},"modified":"2019-04-16T10:42:56","modified_gmt":"2019-04-16T09:42:56","slug":"russian-girls-pattaya","status":"publish","type":"page","link":"https:\/\/afarangabroad.com\/fr\/filles-russes-pattaya\/","title":{"rendered":"O\u00f9 trouver des filles russes \u00e0 Pattaya"},"content":{"rendered":"<p>Finding Russian girls in Pattaya is easy and in this article I&#8217;ll show you where.<\/p>\n<p>Si vous voulez obtenir <strong>pos\u00e9e en Tha\u00eflande<\/strong> gratuitement, <a href=\"https:\/\/afarangabroad.com\/fr\/thai-cupid-dating-site\/\" target=\"_blank\" >consulter cet article<\/a>.<\/p>\n<p><a href=\"https:\/\/afarangabroad.com\/fr\/thai-cupid-dating-site\/\" target=\"_blank\" ><img loading=\"lazy\" decoding=\"async\" class=\"aligncenter wp-image-7259 size-large\" src=\"https:\/\/afarangabroad.com\/wp-content\/uploads\/2016\/06\/Meet-Thai-girls1-1024x691.png\" alt=\"Meet Thai girls\" width=\"678\" height=\"458\" srcset=\"https:\/\/afarangabroad.com\/wp-content\/uploads\/2016\/06\/Meet-Thai-girls1-1024x691.png 1024w, https:\/\/afarangabroad.com\/wp-content\/uploads\/2016\/06\/Meet-Thai-girls1-300x202.png 300w, https:\/\/afarangabroad.com\/wp-content\/uploads\/2016\/06\/Meet-Thai-girls1-720x486.png 720w, https:\/\/afarangabroad.com\/wp-content\/uploads\/2016\/06\/Meet-Thai-girls1.png 1038w\" sizes=\"(max-width: 678px) 100vw, 678px\" \/><\/a><\/p>\n<p>Il y a plus de 8 ans, la Tha\u00eflande et la Russie ont conclu un accord de dispense de visa pour les ressortissants de l'une ou l'autre des deux parties visitant l'autre pays. Cet accord a toujours \u00e9t\u00e9 \u00e0 sens unique et l'a toujours \u00e9t\u00e9.<\/p>\n<p>La Tha\u00eflande souhaitait que la <a href=\"http:\/\/www.forbes.com\/sites\/susancunningham\/2015\/03\/25\/as-ruble-plunges-so-does-russian-tourism-in-thailand\/\" target=\"_blank\" >Rouble russe<\/a> and it\u2019s tourists.<\/p>\n<p>And If I be honest, I&#8217;d rather like their Russian girls!<\/p>\n<p>Related : d\u00e9couvrir le meilleur <a href=\"https:\/\/afarangabroad.com\/fr\/massage-happy-ending-pattaya\/\">massages \u00e9rotiques \u00e0 Pattaya<\/a> et o\u00f9 trouver des filles sur <a href=\"https:\/\/afarangabroad.com\/fr\/pattaya-beach-road-girls\/\">Beach Road \u00e0 Pattaya<\/a>.<\/p>\n<p>Depuis 2007 et le d\u00e9but de l'accord, 190 000 Russes ont visit\u00e9 la Tha\u00eflande. En 2012, ce nombre est pass\u00e9 \u00e0 pr\u00e8s d'un million et demi de touristes russes. Et l'accord de <a href=\" \" target=\"_blank\" >Vie nocturne \u00e0 Pattaya<\/a> est l'une de leurs destinations pr\u00e9f\u00e9r\u00e9es.<\/p>\n<p><img loading=\"lazy\" decoding=\"async\" class=\"alignnone size-full wp-image-6183\" src=\"https:\/\/afarangabroad.com\/wp-content\/uploads\/2015\/10\/crimea-815386_640.jpg\" alt=\"filles russes \u00e0 pattaya\" width=\"640\" height=\"426\" srcset=\"https:\/\/afarangabroad.com\/wp-content\/uploads\/2015\/10\/crimea-815386_640.jpg 640w, https:\/\/afarangabroad.com\/wp-content\/uploads\/2015\/10\/crimea-815386_640-300x200.jpg 300w\" sizes=\"(max-width: 640px) 100vw, 640px\" \/><\/p>\n<p>Il est vrai que ce nombre a diminu\u00e9 au cours des deux derni\u00e8res ann\u00e9es en raison de l'\u00e9conomie russe, mais il est destin\u00e9 \u00e0 remonter lorsque la Russie conna\u00eetra une p\u00e9riode plus favorable.<\/p>\n<p>Apr\u00e8s l'invasion, comme beaucoup l'appellent, et il y a beaucoup de gens qui sont m\u00e9contents de tant de choses. <a href=\"https:\/\/www.quora.com\/Why-do-Russian-tourists-like-Pattaya-in-Thailand-so-much\" target=\"_blank\" >Les Russes visitent Pattaya<\/a>.<\/p>","protected":false},"excerpt":{"rendered":"<p>Finding Russian girls in Pattaya is easy and in this article I&#8217;ll show you where. If you want to get laid in Thailand for free, check this article. Over 8 years ago Thailand and Russia opened up an agreement to waiver Visas for either of their nationals visiting the others country. It has and was [&hellip;]<\/p>","protected":false},"author":2,"featured_media":6183,"parent":0,"menu_order":0,"comment_status":"open","ping_status":"closed","template":"","meta":{"_exactmetrics_skip_tracking":false,"_exactmetrics_sitenote_active":false,"_exactmetrics_sitenote_note":"","_exactmetrics_sitenote_category":0,"footnotes":""},"categories":[322],"tags":[],"class_list":["post-6180","page","type-page","status-publish","has-post-thumbnail","hentry","category-pattaya"],"yoast_head":"<!-- This site is optimized with the Yoast SEO plugin v20.1 - https:\/\/yoast.com\/wordpress\/plugins\/seo\/ -->\n<title>Where To Find Russian Girls in Pattaya - A Farang Abroad<\/title>\n<meta name=\"description\" content=\"Are you looking to find Russian girls in Pattaya? Find out where you can find them and how much they will cost you on your next holiday.\" \/>\n<meta name=\"robots\" content=\"index, follow, max-snippet:-1, max-image-preview:large, max-video-preview:-1\" \/>\n<link rel=\"canonical\" href=\"https:\/\/afarangabroad.com\/fr\/filles-russes-pattaya\/\" \/>\n<meta property=\"og:locale\" content=\"fr_FR\" \/>\n<meta property=\"og:type\" content=\"article\" \/>\n<meta property=\"og:title\" content=\"Where To Find Russian Girls in Pattaya - A Farang Abroad\" \/>\n<meta property=\"og:description\" content=\"Are you looking to find Russian girls in Pattaya? Find out where you can find them and how much they will cost you on your next holiday.\" \/>\n<meta property=\"og:url\" content=\"https:\/\/afarangabroad.com\/fr\/filles-russes-pattaya\/\" \/>\n<meta property=\"og:site_name\" content=\"A Farang Abroad\" \/>\n<meta property=\"article:modified_time\" content=\"2019-04-16T09:42:56+00:00\" \/>\n<meta property=\"og:image\" content=\"https:\/\/afarangabroad.com\/wp-content\/uploads\/2015\/10\/crimea-815386_640.jpg\" \/>\n\t<meta property=\"og:image:width\" content=\"640\" \/>\n\t<meta property=\"og:image:height\" content=\"426\" \/>\n\t<meta property=\"og:image:type\" content=\"image\/jpeg\" \/>\n<meta name=\"twitter:label1\" content=\"Dur\u00e9e de lecture estim\u00e9e\" \/>\n\t<meta name=\"twitter:data1\" content=\"6 minutes\" \/>\n<script type=\"application\/ld+json\" class=\"yoast-schema-graph\">{\"@context\":\"https:\/\/schema.org\",\"@graph\":[{\"@type\":\"WebPage\",\"@id\":\"https:\/\/afarangabroad.com\/russian-girls-pattaya\/\",\"url\":\"https:\/\/afarangabroad.com\/russian-girls-pattaya\/\",\"name\":\"Where To Find Russian Girls in Pattaya - A Farang Abroad\",\"isPartOf\":{\"@id\":\"https:\/\/afarangabroad.com\/#website\"},\"datePublished\":\"2015-10-10T08:00:59+00:00\",\"dateModified\":\"2019-04-16T09:42:56+00:00\",\"description\":\"Are you looking to find Russian girls in Pattaya? Find out where you can find them and how much they will cost you on your next holiday.\",\"breadcrumb\":{\"@id\":\"https:\/\/afarangabroad.com\/russian-girls-pattaya\/#breadcrumb\"},\"inLanguage\":\"fr-FR\",\"potentialAction\":[{\"@type\":\"ReadAction\",\"target\":[\"https:\/\/afarangabroad.com\/russian-girls-pattaya\/\"]}]},{\"@type\":\"BreadcrumbList\",\"@id\":\"https:\/\/afarangabroad.com\/russian-girls-pattaya\/#breadcrumb\",\"itemListElement\":[{\"@type\":\"ListItem\",\"position\":1,\"name\":\"Home\",\"item\":\"https:\/\/afarangabroad.com\/\"},{\"@type\":\"ListItem\",\"position\":2,\"name\":\"Where To Find Russian Girls in Pattaya\"}]},{\"@type\":\"WebSite\",\"@id\":\"https:\/\/afarangabroad.com\/#website\",\"url\":\"https:\/\/afarangabroad.com\/\",\"name\":\"A Farang Abroad\",\"description\":\"Your secret guide to Asia&#039;s sexiest nightlife.\",\"potentialAction\":[{\"@type\":\"SearchAction\",\"target\":{\"@type\":\"EntryPoint\",\"urlTemplate\":\"https:\/\/afarangabroad.com\/?s={search_term_string}\"},\"query-input\":\"required name=search_term_string\"}],\"inLanguage\":\"fr-FR\"}]}<\/script>\n<!-- \/ Yoast SEO plugin. -->","yoast_head_json":{"title":"Where To Find Russian Girls in Pattaya - A Farang Abroad","description":"Are you looking to find Russian girls in Pattaya? Find out where you can find them and how much they will cost you on your next holiday.","robots":{"index":"index","follow":"follow","max-snippet":"max-snippet:-1","max-image-preview":"max-image-preview:large","max-video-preview":"max-video-preview:-1"},"canonical":"https:\/\/afarangabroad.com\/fr\/filles-russes-pattaya\/","og_locale":"fr_FR","og_type":"article","og_title":"Where To Find Russian Girls in Pattaya - A Farang Abroad","og_description":"Are you looking to find Russian girls in Pattaya? Find out where you can find them and how much they will cost you on your next holiday.","og_url":"https:\/\/afarangabroad.com\/fr\/filles-russes-pattaya\/","og_site_name":"A Farang Abroad","article_modified_time":"2019-04-16T09:42:56+00:00","og_image":[{"width":640,"height":426,"url":"https:\/\/afarangabroad.com\/wp-content\/uploads\/2015\/10\/crimea-815386_640.jpg","type":"image\/jpeg"}],"twitter_misc":{"Dur\u00e9e de lecture estim\u00e9e":"6 minutes"},"schema":{"@context":"https:\/\/schema.org","@graph":[{"@type":"WebPage","@id":"https:\/\/afarangabroad.com\/russian-girls-pattaya\/","url":"https:\/\/afarangabroad.com\/russian-girls-pattaya\/","name":"Where To Find Russian Girls in Pattaya - A Farang Abroad","isPartOf":{"@id":"https:\/\/afarangabroad.com\/#website"},"datePublished":"2015-10-10T08:00:59+00:00","dateModified":"2019-04-16T09:42:56+00:00","description":"Are you looking to find Russian girls in Pattaya? Find out where you can find them and how much they will cost you on your next holiday.","breadcrumb":{"@id":"https:\/\/afarangabroad.com\/russian-girls-pattaya\/#breadcrumb"},"inLanguage":"fr-FR","potentialAction":[{"@type":"ReadAction","target":["https:\/\/afarangabroad.com\/russian-girls-pattaya\/"]}]},{"@type":"BreadcrumbList","@id":"https:\/\/afarangabroad.com\/russian-girls-pattaya\/#breadcrumb","itemListElement":[{"@type":"ListItem","position":1,"name":"Home","item":"https:\/\/afarangabroad.com\/"},{"@type":"ListItem","position":2,"name":"Where To Find Russian Girls in Pattaya"}]},{"@type":"WebSite","@id":"https:\/\/afarangabroad.com\/#website","url":"https:\/\/afarangabroad.com\/","name":"A Farang Abroad","description":"Your secret guide to Asia&#039;s sexiest nightlife.","potentialAction":[{"@type":"SearchAction","target":{"@type":"EntryPoint","urlTemplate":"https:\/\/afarangabroad.com\/?s={search_term_string}"},"query-input":"required name=search_term_string"}],"inLanguage":"fr-FR"}]}},"_links":{"self":[{"href":"https:\/\/afarangabroad.com\/fr\/wp-json\/wp\/v2\/pages\/6180"}],"collection":[{"href":"https:\/\/afarangabroad.com\/fr\/wp-json\/wp\/v2\/pages"}],"about":[{"href":"https:\/\/afarangabroad.com\/fr\/wp-json\/wp\/v2\/types\/page"}],"author":[{"embeddable":true,"href":"https:\/\/afarangabroad.com\/fr\/wp-json\/wp\/v2\/users\/2"}],"replies":[{"embeddable":true,"href":"https:\/\/afarangabroad.com\/fr\/wp-json\/wp\/v2\/comments?post=6180"}],"version-history":[{"count":0,"href":"https:\/\/afarangabroad.com\/fr\/wp-json\/wp\/v2\/pages\/6180\/revisions"}],"wp:featuredmedia":[{"embeddable":true,"href":"https:\/\/afarangabroad.com\/fr\/wp-json\/wp\/v2\/media\/6183"}],"wp:attachment":[{"href":"https:\/\/afarangabroad.com\/fr\/wp-json\/wp\/v2\/media?parent=6180"}],"wp:term":[{"taxonomy":"category","embeddable":true,"href":"https:\/\/afarangabroad.com\/fr\/wp-json\/wp\/v2\/categories?post=6180"},{"taxonomy":"post_tag","embeddable":true,"href":"https:\/\/afarangabroad.com\/fr\/wp-json\/wp\/v2\/tags?post=6180"}],"curies":[{"name":"wp","href":"https:\/\/api.w.org\/{rel}","templated":true}]}}