{"id":6189,"date":"2015-10-10T09:20:08","date_gmt":"2015-10-10T08:20:08","guid":{"rendered":"https:\/\/afarangabroad.com\/?page_id=6189"},"modified":"2019-01-10T07:25:15","modified_gmt":"2019-01-10T07:25:15","slug":"pattaya-bar-girls","status":"publish","type":"page","link":"https:\/\/afarangabroad.com\/fr\/filles-du-bar-de-pattaya\/","title":{"rendered":"Les filles de bar de Pattaya d\u00e9voil\u00e9es"},"content":{"rendered":"<p>Il est impossible de dire combien il y a de bars, car certains ne sont gu\u00e8re plus qu'un comptoir, quelques tabourets et des bouteilles de bi\u00e8re sur une \u00e9tag\u00e8re.<\/p>\n<p>Parfois, l'\u00e9tablissement dispose d'un toit et c'est \u00e0 peu pr\u00e8s tout ce qu'il y a de mieux. Cependant, il existe aussi des \u00e9tablissements de classe et beaucoup d'autres se situent entre ces deux extr\u00eames.<\/p>\n<p>Si vous voulez obtenir <strong>pos\u00e9 gratuitement<\/strong> en Tha\u00eflande, <a href=\"https:\/\/afarangabroad.com\/fr\/thai-cupid-dating-site\/\" target=\"_blank\" rel=\"noopener\">lire cet article<\/a>.<\/p>\n<p><a href=\"https:\/\/afarangabroad.com\/fr\/thai-cupid-dating-site\/\"><img loading=\"lazy\" decoding=\"async\" class=\"aligncenter size-large wp-image-8295\" src=\"https:\/\/afarangabroad.com\/wp-content\/uploads\/2017\/04\/Meet-Thaigirls-1024x691.jpg\" alt=\"\" width=\"678\" height=\"458\" srcset=\"https:\/\/afarangabroad.com\/wp-content\/uploads\/2017\/04\/Meet-Thaigirls.jpg 1024w, https:\/\/afarangabroad.com\/wp-content\/uploads\/2017\/04\/Meet-Thaigirls-300x202.jpg 300w, https:\/\/afarangabroad.com\/wp-content\/uploads\/2017\/04\/Meet-Thaigirls-768x518.jpg 768w, https:\/\/afarangabroad.com\/wp-content\/uploads\/2017\/04\/Meet-Thaigirls-30x20.jpg 30w, https:\/\/afarangabroad.com\/wp-content\/uploads\/2017\/04\/Meet-Thaigirls-720x486.jpg 720w\" sizes=\"(max-width: 678px) 100vw, 678px\" \/><\/a><\/p>\n<p>Tous les bars ne proposent pas <a href=\"https:\/\/afarangabroad.com\/fr\/thai-women\/\" target=\"_blank\" rel=\"noopener\">Femmes tha\u00eflandaises<\/a> mais il est assez \u00e9vident de savoir lesquelles le sont et lesquelles ne le sont pas.<\/p>\n<p>Mais pour les non-initi\u00e9s, un endroit o\u00f9 l'on trouve des femmes doit normalement en avoir beaucoup qui pendent de leurs robes drap\u00e9es sur le bar.<\/p>\n<h2><strong>Les filles de bar de Pattaya dans les bars \u00e0 bi\u00e8re<br \/>\n<\/strong><\/h2>\n<p>Un bar \u00e0 bi\u00e8re est le nom donn\u00e9 \u00e0 un bar qui propose g\u00e9n\u00e9ralement des boissons alcoolis\u00e9es. <a href=\"https:\/\/afarangabroad.com\/fr\/thai-friendly-dating\/\" target=\"_blank\" rel=\"noopener\">Filles tha\u00eflandaises<\/a> qui y travaillent. Ce que je veux dire par l\u00e0, c'est qu'ils sont <a href=\"https:\/\/afarangabroad.com\/fr\/2015\/03\/thai-hookers\/\" target=\"_blank\" rel=\"noopener\">Prostitu\u00e9es tha\u00eflandaises<\/a>.<\/p>\n<p>En g\u00e9n\u00e9ral, il s'agit de petits \u00e9tablissements avec un billard et quelques jeux comme Connect Four qui tra\u00eenent un peu partout. Il est rare que l'on y trouve de la bi\u00e8re pression ou un grand choix de spiritueux. C'est la raison pour laquelle on les appelle des bars \u00e0 bi\u00e8re, car ils vendent des bouteilles et des canettes de bi\u00e8re.<\/p>\n<p><img loading=\"lazy\" decoding=\"async\" class=\"alignnone size-full wp-image-6190\" src=\"https:\/\/afarangabroad.com\/wp-content\/uploads\/2015\/10\/bar-209148_640.jpg\" alt=\"bar-209148_640\" width=\"640\" height=\"443\" srcset=\"https:\/\/afarangabroad.com\/wp-content\/uploads\/2015\/10\/bar-209148_640.jpg 640w, https:\/\/afarangabroad.com\/wp-content\/uploads\/2015\/10\/bar-209148_640-300x208.jpg 300w\" sizes=\"(max-width: 640px) 100vw, 640px\" \/><\/p>\n<p>On trouve assez r\u00e9guli\u00e8rement des bars \u00e0 bi\u00e8re regroup\u00e9s dans le m\u00eame Soi (<a href=\"https:\/\/afarangabroad.com\/fr\/soi-6-pattaya\/\" target=\"_blank\" rel=\"noopener\">soi 6 Pattaya<\/a> par exemple) ou regroup\u00e9s dans de petits centres commerciaux de type \"Beer Bars\". La raison en est qu'ils ont tous des femmes l\u00e9g\u00e8rement v\u00eatues ouvertes \u00e0 la vente. <a href=\"https:\/\/afarangabroad.com\/fr\/prix-du-sexe-en-thailande\/\" target=\"_blank\" rel=\"noopener\">sexe tarif\u00e9 <\/a>et pour un parieur, il est beaucoup plus facile et plus s\u00fbr de se rendre dans une zone que dans un lieu unique.<\/p>\n<p>These places are often open 24 hours and to take a girl off first you must pay a bar fine, normally 350 Baht and negotiate your \u2018Tip\u201d with the girl directly. The amount is roughly 1000 Baht short time and rises depending on your requirements. To sleep with a Pattaya bar girl or to offer more <a href=\"https:\/\/afarangabroad.com\/fr\/2015\/02\/bangkok-bdsm-dominatrice\/\" target=\"_blank\" rel=\"noopener\">services exotiques<\/a> il sera alors plus cher.<\/p>","protected":false},"excerpt":{"rendered":"<p>Pattaya has more bars girls than any other place on earth.It is impossible to say how many as some are little more than a counter a few stools and bottles of beer on the shelf. Sometimes the establishment might have a roof and that is about as good as it gets. However, there are some [&hellip;]<\/p>","protected":false},"author":2,"featured_media":6191,"parent":0,"menu_order":0,"comment_status":"open","ping_status":"closed","template":"","meta":{"_exactmetrics_skip_tracking":false,"_exactmetrics_sitenote_active":false,"_exactmetrics_sitenote_note":"","_exactmetrics_sitenote_category":0,"footnotes":""},"categories":[322],"tags":[],"class_list":["post-6189","page","type-page","status-publish","has-post-thumbnail","hentry","category-pattaya"],"yoast_head":"<!-- This site is optimized with the Yoast SEO plugin v20.1 - https:\/\/yoast.com\/wordpress\/plugins\/seo\/ -->\n<title>Pattaya Bar Girls Uncovered - A Farang Abroad<\/title>\n<meta name=\"description\" content=\"Find out everything you need to learn about Pattaya bar girls, how much they cost, where you can find them and how to get around without causing trouble.\" \/>\n<meta name=\"robots\" content=\"index, follow, max-snippet:-1, max-image-preview:large, max-video-preview:-1\" \/>\n<link rel=\"canonical\" href=\"https:\/\/afarangabroad.com\/fr\/filles-du-bar-de-pattaya\/\" \/>\n<meta property=\"og:locale\" content=\"fr_FR\" \/>\n<meta property=\"og:type\" content=\"article\" \/>\n<meta property=\"og:title\" content=\"Pattaya Bar Girls Uncovered - A Farang Abroad\" \/>\n<meta property=\"og:description\" content=\"Find out everything you need to learn about Pattaya bar girls, how much they cost, where you can find them and how to get around without causing trouble.\" \/>\n<meta property=\"og:url\" content=\"https:\/\/afarangabroad.com\/fr\/filles-du-bar-de-pattaya\/\" \/>\n<meta property=\"og:site_name\" content=\"A Farang Abroad\" \/>\n<meta property=\"article:modified_time\" content=\"2019-01-10T07:25:15+00:00\" \/>\n<meta property=\"og:image\" content=\"https:\/\/afarangabroad.com\/wp-content\/uploads\/2015\/10\/crate-895939_640.jpg\" \/>\n\t<meta property=\"og:image:width\" content=\"640\" \/>\n\t<meta property=\"og:image:height\" content=\"423\" \/>\n\t<meta property=\"og:image:type\" content=\"image\/jpeg\" \/>\n<meta name=\"twitter:label1\" content=\"Dur\u00e9e de lecture estim\u00e9e\" \/>\n\t<meta name=\"twitter:data1\" content=\"14 minutes\" \/>\n<script type=\"application\/ld+json\" class=\"yoast-schema-graph\">{\"@context\":\"https:\/\/schema.org\",\"@graph\":[{\"@type\":\"WebPage\",\"@id\":\"https:\/\/afarangabroad.com\/pattaya-bar-girls\/\",\"url\":\"https:\/\/afarangabroad.com\/pattaya-bar-girls\/\",\"name\":\"Pattaya Bar Girls Uncovered - A Farang Abroad\",\"isPartOf\":{\"@id\":\"https:\/\/afarangabroad.com\/#website\"},\"datePublished\":\"2015-10-10T08:20:08+00:00\",\"dateModified\":\"2019-01-10T07:25:15+00:00\",\"description\":\"Find out everything you need to learn about Pattaya bar girls, how much they cost, where you can find them and how to get around without causing trouble.\",\"breadcrumb\":{\"@id\":\"https:\/\/afarangabroad.com\/pattaya-bar-girls\/#breadcrumb\"},\"inLanguage\":\"fr-FR\",\"potentialAction\":[{\"@type\":\"ReadAction\",\"target\":[\"https:\/\/afarangabroad.com\/pattaya-bar-girls\/\"]}]},{\"@type\":\"BreadcrumbList\",\"@id\":\"https:\/\/afarangabroad.com\/pattaya-bar-girls\/#breadcrumb\",\"itemListElement\":[{\"@type\":\"ListItem\",\"position\":1,\"name\":\"Home\",\"item\":\"https:\/\/afarangabroad.com\/\"},{\"@type\":\"ListItem\",\"position\":2,\"name\":\"Pattaya Bar Girls Uncovered\"}]},{\"@type\":\"WebSite\",\"@id\":\"https:\/\/afarangabroad.com\/#website\",\"url\":\"https:\/\/afarangabroad.com\/\",\"name\":\"A Farang Abroad\",\"description\":\"Your secret guide to Asia&#039;s sexiest nightlife.\",\"potentialAction\":[{\"@type\":\"SearchAction\",\"target\":{\"@type\":\"EntryPoint\",\"urlTemplate\":\"https:\/\/afarangabroad.com\/?s={search_term_string}\"},\"query-input\":\"required name=search_term_string\"}],\"inLanguage\":\"fr-FR\"}]}<\/script>\n<!-- \/ Yoast SEO plugin. -->","yoast_head_json":{"title":"Pattaya Bar Girls Uncovered - A Farang Abroad","description":"Find out everything you need to learn about Pattaya bar girls, how much they cost, where you can find them and how to get around without causing trouble.","robots":{"index":"index","follow":"follow","max-snippet":"max-snippet:-1","max-image-preview":"max-image-preview:large","max-video-preview":"max-video-preview:-1"},"canonical":"https:\/\/afarangabroad.com\/fr\/filles-du-bar-de-pattaya\/","og_locale":"fr_FR","og_type":"article","og_title":"Pattaya Bar Girls Uncovered - A Farang Abroad","og_description":"Find out everything you need to learn about Pattaya bar girls, how much they cost, where you can find them and how to get around without causing trouble.","og_url":"https:\/\/afarangabroad.com\/fr\/filles-du-bar-de-pattaya\/","og_site_name":"A Farang Abroad","article_modified_time":"2019-01-10T07:25:15+00:00","og_image":[{"width":640,"height":423,"url":"https:\/\/afarangabroad.com\/wp-content\/uploads\/2015\/10\/crate-895939_640.jpg","type":"image\/jpeg"}],"twitter_misc":{"Dur\u00e9e de lecture estim\u00e9e":"14 minutes"},"schema":{"@context":"https:\/\/schema.org","@graph":[{"@type":"WebPage","@id":"https:\/\/afarangabroad.com\/pattaya-bar-girls\/","url":"https:\/\/afarangabroad.com\/pattaya-bar-girls\/","name":"Pattaya Bar Girls Uncovered - A Farang Abroad","isPartOf":{"@id":"https:\/\/afarangabroad.com\/#website"},"datePublished":"2015-10-10T08:20:08+00:00","dateModified":"2019-01-10T07:25:15+00:00","description":"Find out everything you need to learn about Pattaya bar girls, how much they cost, where you can find them and how to get around without causing trouble.","breadcrumb":{"@id":"https:\/\/afarangabroad.com\/pattaya-bar-girls\/#breadcrumb"},"inLanguage":"fr-FR","potentialAction":[{"@type":"ReadAction","target":["https:\/\/afarangabroad.com\/pattaya-bar-girls\/"]}]},{"@type":"BreadcrumbList","@id":"https:\/\/afarangabroad.com\/pattaya-bar-girls\/#breadcrumb","itemListElement":[{"@type":"ListItem","position":1,"name":"Home","item":"https:\/\/afarangabroad.com\/"},{"@type":"ListItem","position":2,"name":"Pattaya Bar Girls Uncovered"}]},{"@type":"WebSite","@id":"https:\/\/afarangabroad.com\/#website","url":"https:\/\/afarangabroad.com\/","name":"A Farang Abroad","description":"Your secret guide to Asia&#039;s sexiest nightlife.","potentialAction":[{"@type":"SearchAction","target":{"@type":"EntryPoint","urlTemplate":"https:\/\/afarangabroad.com\/?s={search_term_string}"},"query-input":"required name=search_term_string"}],"inLanguage":"fr-FR"}]}},"_links":{"self":[{"href":"https:\/\/afarangabroad.com\/fr\/wp-json\/wp\/v2\/pages\/6189"}],"collection":[{"href":"https:\/\/afarangabroad.com\/fr\/wp-json\/wp\/v2\/pages"}],"about":[{"href":"https:\/\/afarangabroad.com\/fr\/wp-json\/wp\/v2\/types\/page"}],"author":[{"embeddable":true,"href":"https:\/\/afarangabroad.com\/fr\/wp-json\/wp\/v2\/users\/2"}],"replies":[{"embeddable":true,"href":"https:\/\/afarangabroad.com\/fr\/wp-json\/wp\/v2\/comments?post=6189"}],"version-history":[{"count":0,"href":"https:\/\/afarangabroad.com\/fr\/wp-json\/wp\/v2\/pages\/6189\/revisions"}],"wp:featuredmedia":[{"embeddable":true,"href":"https:\/\/afarangabroad.com\/fr\/wp-json\/wp\/v2\/media\/6191"}],"wp:attachment":[{"href":"https:\/\/afarangabroad.com\/fr\/wp-json\/wp\/v2\/media?parent=6189"}],"wp:term":[{"taxonomy":"category","embeddable":true,"href":"https:\/\/afarangabroad.com\/fr\/wp-json\/wp\/v2\/categories?post=6189"},{"taxonomy":"post_tag","embeddable":true,"href":"https:\/\/afarangabroad.com\/fr\/wp-json\/wp\/v2\/tags?post=6189"}],"curies":[{"name":"wp","href":"https:\/\/api.w.org\/{rel}","templated":true}]}}