{"id":6201,"date":"2015-10-10T10:46:54","date_gmt":"2015-10-10T09:46:54","guid":{"rendered":"https:\/\/afarangabroad.com\/?page_id=6201"},"modified":"2019-01-08T06:20:58","modified_gmt":"2019-01-08T06:20:58","slug":"khemer-girls","status":"publish","type":"page","link":"https:\/\/afarangabroad.com\/fr\/filles-de-khemer\/","title":{"rendered":"6 types de filles de Khemer que vous rencontrerez"},"content":{"rendered":"<p>Outre la fille cambodgienne normale, saine et d\u00e9licieuse, il existe six autres types de filles khm\u00e8res qu'il convient d'expliquer.<\/p>\n<p>Si vous voulez baiser des filles de Khemer gratuitement, alors <a class=\"\" href=\"https:\/\/afarangabroad.com\/fr\/rencontres-asiatiques\/\" target=\"_blank\" rel=\"noopener\">lire cet article<\/a>.<\/p>\n<p><a class=\"\" href=\"https:\/\/afarangabroad.com\/fr\/rencontres-asiatiques\/\" target=\"_blank\" rel=\"noopener\"><img loading=\"lazy\" decoding=\"async\" class=\"aligncenter size-large wp-image-7582\" src=\"https:\/\/afarangabroad.com\/wp-content\/uploads\/2016\/08\/hot-cambo-girls-1024x691.png\" alt=\"hot cambo girls\" width=\"600\" height=\"405\" srcset=\"https:\/\/afarangabroad.com\/wp-content\/uploads\/2016\/08\/hot-cambo-girls-1024x691.png 1024w, https:\/\/afarangabroad.com\/wp-content\/uploads\/2016\/08\/hot-cambo-girls-300x202.png 300w, https:\/\/afarangabroad.com\/wp-content\/uploads\/2016\/08\/hot-cambo-girls-768x518.png 768w, https:\/\/afarangabroad.com\/wp-content\/uploads\/2016\/08\/hot-cambo-girls-720x486.png 720w, https:\/\/afarangabroad.com\/wp-content\/uploads\/2016\/08\/hot-cambo-girls.png 1038w\" sizes=\"(max-width: 600px) 100vw, 600px\" \/><\/a><\/p>\n<p>Ce blog a pour but de faire conna\u00eetre les diff\u00e9rents types de filles Khemer qui vivent au Cambodge. Les questions morales et \u00e9thiques ne sont pas d\u00e9battues. Je ne fais qu'informer des faits et des d\u00e9tails qui existent dans le pays au moment o\u00f9 nous mettons sous presse.<\/p>\n<p>Le Cambodge est un pays merveilleux, moins exploit\u00e9 que la Tha\u00eflande et un peu na\u00eff \u00e0 cet \u00e9gard. Ses habitants sont merveilleux, tr\u00e8s accueillants, extr\u00eamement serviables et polis.<\/p>\n<p>Il n'est pas vraiment surprenant que la <a class=\"\" href=\"https:\/\/afarangabroad.com\/fr\/prix-du-sexe-en-thailande\/\" target=\"_blank\" rel=\"noopener\">industrie du sexe<\/a> is also booming, perhaps not as much as its famous neighbor but nevertheless it is a thriving industry. Don&#8217;t expect it to be as big as <a class=\"\" href=\"https:\/\/afarangabroad.com\/fr\/soi-6-pattaya\/\" target=\"_blank\" rel=\"noopener\">Pattaya Soi 6<\/a> ou <a class=\"\" href=\"https:\/\/afarangabroad.com\/fr\/filles-de-phuket\/\" target=\"_blank\" rel=\"noopener\">Vie nocturne \u00e0 Phuket<\/a> but it&#8217;s still busy with a lot of cute Khemer girls.<\/p>\n<p><img loading=\"lazy\" decoding=\"async\" class=\"alignnone wp-image-6204 size-full\" src=\"https:\/\/afarangabroad.com\/wp-content\/uploads\/2015\/10\/kompong-phluk-kompong-953399_640.jpg\" alt=\"Khemer girls\" width=\"640\" height=\"426\" srcset=\"https:\/\/afarangabroad.com\/wp-content\/uploads\/2015\/10\/kompong-phluk-kompong-953399_640.jpg 640w, https:\/\/afarangabroad.com\/wp-content\/uploads\/2015\/10\/kompong-phluk-kompong-953399_640-300x200.jpg 300w\" sizes=\"(max-width: 640px) 100vw, 640px\" \/><\/p>\n<p>On peut se demander pourquoi l'Asie est si populaire, en particulier aupr\u00e8s des pays de l'Union europ\u00e9enne. <a class=\"\" href=\"https:\/\/afarangabroad.com\/fr\/prix-du-sexe-en-thailande\/\" target=\"_blank\" rel=\"noopener\">touristes sexuels<\/a> et son attrait ne cesse de cro\u00eetre. Les <a class=\"\" href=\"https:\/\/afarangabroad.com\/fr\/thai-women\/\" target=\"_blank\" rel=\"noopener\">Asian women&#8217;s<\/a> L'attitude de l'Europe \u00e0 l'\u00e9gard de la sexualit\u00e9 est tr\u00e8s diff\u00e9rente de celle de l'Occident conservateur. Elle est ouverte et sans tabou, le sexe n'est pas un sujet \u00e0 balayer sous le tapis, c'est une chose \u00e0 embrasser. Le sexe n'est pas un sujet qu'il faut balayer sous le tapis, c'est une chose \u00e0 laquelle il faut adh\u00e9rer.<\/p>\n<p>In Cambodia things are slightly different to Thailand and it is worth noting the do\u2019s and don\u2019t to avoid any issues with Khemer girls.<\/p>\n<h2><strong>1. Bar girls au Cambodge<br \/>\n<\/strong><\/h2>\n<p>Comme la Tha\u00eflande, le Cambodge poss\u00e8de son lot de bars \u00e0 bi\u00e8re, g\u00e9n\u00e9ralement situ\u00e9s \u00e0 Phnom Penh, Siem Reap et Sihanoukville. Mais la majeure partie de l'industrie du sexe est bas\u00e9e dans la capitale, Phnom Penh, qui regorge de filles sexy de Khemer.<\/p>\n<p>Les choses sont un peu plus ch\u00e8res ici en ce qui concerne le paiement des <a class=\"\" href=\"https:\/\/afarangabroad.com\/fr\/2015\/03\/thai-hookers\/\" target=\"_blank\" rel=\"noopener\">prostitu\u00e9es<\/a>. Dans l'ensemble, le Cambodge est tr\u00e8s <a class=\"\" href=\"https:\/\/afarangabroad.com\/fr\/2014\/04\/vivre-en-thailande-1000\/\" target=\"_blank\" rel=\"noopener\">moins cher que la Tha\u00eflande<\/a>, <a class=\"\" href=\"http:\/\/www.livingincambodiaforums.com\/ipb\/topic\/1504-50cent-beers\/\" target=\"_blank\" rel=\"noopener\">Par exemple, une bi\u00e8re co\u00fbte <\/a>environ 50 cents au Cambodge pendant l'happy hour. Mais pour ce qui est de Khemer Girl, les choses sont g\u00e9n\u00e9ralement plus ch\u00e8res d'environ 20% qu'\u00e0 Bangkok.<\/p>","protected":false},"excerpt":{"rendered":"<p>Apart from the wholesome and very delightful normal Cambodian girl this are six other types Khmer girls that need to be explained. If you want to bang Khemer girls for free, then check out this article. This blog is aimed about knowing the different types of Khemer girls that live in Cambodia. And moral issues [&hellip;]<\/p>","protected":false},"author":2,"featured_media":6204,"parent":0,"menu_order":0,"comment_status":"open","ping_status":"closed","template":"","meta":{"_exactmetrics_skip_tracking":false,"_exactmetrics_sitenote_active":false,"_exactmetrics_sitenote_note":"","_exactmetrics_sitenote_category":0,"footnotes":""},"categories":[329],"tags":[],"class_list":["post-6201","page","type-page","status-publish","has-post-thumbnail","hentry","category-laos-camboida-burma"],"yoast_head":"<!-- This site is optimized with the Yoast SEO plugin v20.1 - https:\/\/yoast.com\/wordpress\/plugins\/seo\/ -->\n<title>6 Types Of Khemer Girls You&#039;ll Come Across - A Farang Abroad<\/title>\n<meta name=\"description\" content=\"Here are the 6 types of freelance Khemer Girl you will come across if you plan to visit Cambodia. Learn everything about them before you arrive.\" \/>\n<meta name=\"robots\" content=\"index, follow, max-snippet:-1, max-image-preview:large, max-video-preview:-1\" \/>\n<link rel=\"canonical\" href=\"https:\/\/afarangabroad.com\/fr\/filles-de-khemer\/\" \/>\n<meta property=\"og:locale\" content=\"fr_FR\" \/>\n<meta property=\"og:type\" content=\"article\" \/>\n<meta property=\"og:title\" content=\"6 Types Of Khemer Girls You&#039;ll Come Across - A Farang Abroad\" \/>\n<meta property=\"og:description\" content=\"Here are the 6 types of freelance Khemer Girl you will come across if you plan to visit Cambodia. Learn everything about them before you arrive.\" \/>\n<meta property=\"og:url\" content=\"https:\/\/afarangabroad.com\/fr\/filles-de-khemer\/\" \/>\n<meta property=\"og:site_name\" content=\"A Farang Abroad\" \/>\n<meta property=\"article:modified_time\" content=\"2019-01-08T06:20:58+00:00\" \/>\n<meta property=\"og:image\" content=\"https:\/\/afarangabroad.com\/wp-content\/uploads\/2015\/10\/kompong-phluk-kompong-953399_640.jpg\" \/>\n\t<meta property=\"og:image:width\" content=\"640\" \/>\n\t<meta property=\"og:image:height\" content=\"426\" \/>\n\t<meta property=\"og:image:type\" content=\"image\/jpeg\" \/>\n<meta name=\"twitter:label1\" content=\"Dur\u00e9e de lecture estim\u00e9e\" \/>\n\t<meta name=\"twitter:data1\" content=\"6 minutes\" \/>\n<script type=\"application\/ld+json\" class=\"yoast-schema-graph\">{\"@context\":\"https:\/\/schema.org\",\"@graph\":[{\"@type\":\"WebPage\",\"@id\":\"https:\/\/afarangabroad.com\/khemer-girls\/\",\"url\":\"https:\/\/afarangabroad.com\/khemer-girls\/\",\"name\":\"6 Types Of Khemer Girls You'll Come Across - A Farang Abroad\",\"isPartOf\":{\"@id\":\"https:\/\/afarangabroad.com\/#website\"},\"datePublished\":\"2015-10-10T09:46:54+00:00\",\"dateModified\":\"2019-01-08T06:20:58+00:00\",\"description\":\"Here are the 6 types of freelance Khemer Girl you will come across if you plan to visit Cambodia. Learn everything about them before you arrive.\",\"breadcrumb\":{\"@id\":\"https:\/\/afarangabroad.com\/khemer-girls\/#breadcrumb\"},\"inLanguage\":\"fr-FR\",\"potentialAction\":[{\"@type\":\"ReadAction\",\"target\":[\"https:\/\/afarangabroad.com\/khemer-girls\/\"]}]},{\"@type\":\"BreadcrumbList\",\"@id\":\"https:\/\/afarangabroad.com\/khemer-girls\/#breadcrumb\",\"itemListElement\":[{\"@type\":\"ListItem\",\"position\":1,\"name\":\"Home\",\"item\":\"https:\/\/afarangabroad.com\/\"},{\"@type\":\"ListItem\",\"position\":2,\"name\":\"6 Types Of Khemer Girls You&#8217;ll Come Across\"}]},{\"@type\":\"WebSite\",\"@id\":\"https:\/\/afarangabroad.com\/#website\",\"url\":\"https:\/\/afarangabroad.com\/\",\"name\":\"A Farang Abroad\",\"description\":\"Your secret guide to Asia&#039;s sexiest nightlife.\",\"potentialAction\":[{\"@type\":\"SearchAction\",\"target\":{\"@type\":\"EntryPoint\",\"urlTemplate\":\"https:\/\/afarangabroad.com\/?s={search_term_string}\"},\"query-input\":\"required name=search_term_string\"}],\"inLanguage\":\"fr-FR\"}]}<\/script>\n<!-- \/ Yoast SEO plugin. -->","yoast_head_json":{"title":"6 Types Of Khemer Girls You'll Come Across - A Farang Abroad","description":"Here are the 6 types of freelance Khemer Girl you will come across if you plan to visit Cambodia. Learn everything about them before you arrive.","robots":{"index":"index","follow":"follow","max-snippet":"max-snippet:-1","max-image-preview":"max-image-preview:large","max-video-preview":"max-video-preview:-1"},"canonical":"https:\/\/afarangabroad.com\/fr\/filles-de-khemer\/","og_locale":"fr_FR","og_type":"article","og_title":"6 Types Of Khemer Girls You'll Come Across - A Farang Abroad","og_description":"Here are the 6 types of freelance Khemer Girl you will come across if you plan to visit Cambodia. Learn everything about them before you arrive.","og_url":"https:\/\/afarangabroad.com\/fr\/filles-de-khemer\/","og_site_name":"A Farang Abroad","article_modified_time":"2019-01-08T06:20:58+00:00","og_image":[{"width":640,"height":426,"url":"https:\/\/afarangabroad.com\/wp-content\/uploads\/2015\/10\/kompong-phluk-kompong-953399_640.jpg","type":"image\/jpeg"}],"twitter_misc":{"Dur\u00e9e de lecture estim\u00e9e":"6 minutes"},"schema":{"@context":"https:\/\/schema.org","@graph":[{"@type":"WebPage","@id":"https:\/\/afarangabroad.com\/khemer-girls\/","url":"https:\/\/afarangabroad.com\/khemer-girls\/","name":"6 Types Of Khemer Girls You'll Come Across - A Farang Abroad","isPartOf":{"@id":"https:\/\/afarangabroad.com\/#website"},"datePublished":"2015-10-10T09:46:54+00:00","dateModified":"2019-01-08T06:20:58+00:00","description":"Here are the 6 types of freelance Khemer Girl you will come across if you plan to visit Cambodia. Learn everything about them before you arrive.","breadcrumb":{"@id":"https:\/\/afarangabroad.com\/khemer-girls\/#breadcrumb"},"inLanguage":"fr-FR","potentialAction":[{"@type":"ReadAction","target":["https:\/\/afarangabroad.com\/khemer-girls\/"]}]},{"@type":"BreadcrumbList","@id":"https:\/\/afarangabroad.com\/khemer-girls\/#breadcrumb","itemListElement":[{"@type":"ListItem","position":1,"name":"Home","item":"https:\/\/afarangabroad.com\/"},{"@type":"ListItem","position":2,"name":"6 Types Of Khemer Girls You&#8217;ll Come Across"}]},{"@type":"WebSite","@id":"https:\/\/afarangabroad.com\/#website","url":"https:\/\/afarangabroad.com\/","name":"A Farang Abroad","description":"Your secret guide to Asia&#039;s sexiest nightlife.","potentialAction":[{"@type":"SearchAction","target":{"@type":"EntryPoint","urlTemplate":"https:\/\/afarangabroad.com\/?s={search_term_string}"},"query-input":"required name=search_term_string"}],"inLanguage":"fr-FR"}]}},"_links":{"self":[{"href":"https:\/\/afarangabroad.com\/fr\/wp-json\/wp\/v2\/pages\/6201"}],"collection":[{"href":"https:\/\/afarangabroad.com\/fr\/wp-json\/wp\/v2\/pages"}],"about":[{"href":"https:\/\/afarangabroad.com\/fr\/wp-json\/wp\/v2\/types\/page"}],"author":[{"embeddable":true,"href":"https:\/\/afarangabroad.com\/fr\/wp-json\/wp\/v2\/users\/2"}],"replies":[{"embeddable":true,"href":"https:\/\/afarangabroad.com\/fr\/wp-json\/wp\/v2\/comments?post=6201"}],"version-history":[{"count":0,"href":"https:\/\/afarangabroad.com\/fr\/wp-json\/wp\/v2\/pages\/6201\/revisions"}],"wp:featuredmedia":[{"embeddable":true,"href":"https:\/\/afarangabroad.com\/fr\/wp-json\/wp\/v2\/media\/6204"}],"wp:attachment":[{"href":"https:\/\/afarangabroad.com\/fr\/wp-json\/wp\/v2\/media?parent=6201"}],"wp:term":[{"taxonomy":"category","embeddable":true,"href":"https:\/\/afarangabroad.com\/fr\/wp-json\/wp\/v2\/categories?post=6201"},{"taxonomy":"post_tag","embeddable":true,"href":"https:\/\/afarangabroad.com\/fr\/wp-json\/wp\/v2\/tags?post=6201"}],"curies":[{"name":"wp","href":"https:\/\/api.w.org\/{rel}","templated":true}]}}