{"id":6213,"date":"2015-10-11T09:38:51","date_gmt":"2015-10-11T08:38:51","guid":{"rendered":"https:\/\/afarangabroad.com\/?page_id=6213"},"modified":"2022-11-18T14:43:57","modified_gmt":"2022-11-18T14:43:57","slug":"pattaya-beach-road-girls","status":"publish","type":"page","link":"https:\/\/afarangabroad.com\/fr\/pattaya-beach-road-girls\/","title":{"rendered":"Trouver des filles sur Pattaya Beach Road"},"content":{"rendered":"<p>Pattaya Beach road is a small section of road near the sea.,But for many Pattaya\u2019s reputation is far darker than just a party city.<\/p>\n<p>Pattaya has become synonymous with sex and the sex industry and for some Pattaya is little more than one big red light area.<\/p>\n<p>If you want to meet girls in <a href=\"https:\/\/afarangabroad.com\/fr\/filles-de-pattaya\/\">Pattaya for free<\/a>, <a href=\"https:\/\/afarangabroad.com\/fr\/thai-cupid-dating-site\/\" target=\"_blank\" rel=\"noopener noreferrer\">lire cet article<\/a>.<\/p>\n<p><a href=\"https:\/\/afarangabroad.com\/fr\/thai-cupid-dating-site\/\" target=\"_blank\" rel=\"noopener noreferrer\"><img loading=\"lazy\" decoding=\"async\" class=\"aligncenter wp-image-7256\" src=\"https:\/\/afarangabroad.com\/wp-content\/uploads\/2016\/06\/Meet-Thai-girls-1024x691.png\" alt=\"Meet Thai girls\" width=\"487\" height=\"331\" \/><\/a>This reputation is quite flawed as there are some beautiful places in the region and in the city itself there are plenty of great restaurants, bars, cinemas, shopping malls and venues to cater for anything you could wish for.<\/p>\n<p>But a reputation once gained is pretty hard to shake off. <a href=\" \" target=\"_blank\" rel=\"noopener noreferrer\">Vie nocturne \u00e0 Pattaya<\/a> until a few years back was just a small fishing village then the US Navy moved in and things rapidly changed.<\/p>\n<p>Now the US Navy have left but have left behind something quite different.<\/p>\n<p>It is true there is plenty of sex about and quite often, and please excuse the pun, but it is right in your face.<\/p>\n<p>Si vous souhaitez savoir o\u00f9 trouver de l'herbe \u00e0 BKK, n'h\u00e9sitez pas \u00e0 consulter les sites suivants <strong>souscrire<\/strong> vers le canal ci-dessous :<\/p>\n<p>https:\/\/youtu.be\/j0HbIHjnG5g<\/p>\n<p>If you want to meet girls in massage shops then read my blog on the best <a href=\"https:\/\/afarangabroad.com\/fr\/massage-happy-ending-pattaya\/\">happy ending massages in Pattaya<\/a> et o\u00f9 trouver <a href=\"https:\/\/afarangabroad.com\/fr\/le-site-web-de-lassociation-de-leau-de-mer\/\">bars \u00e0 pipes \u00e0 Pattaya<\/a>.<\/p>\n<p>Most of the bars and clubs are well regulated and the <a href=\"https:\/\/afarangabroad.com\/fr\/thai-friendly-dating\/\" target=\"_blank\" rel=\"noopener noreferrer\">Filles tha\u00eflandaises<\/a> are looked after but it is the seedier side of the <a href=\"https:\/\/afarangabroad.com\/fr\/sexe-pattaya\/\">sex industry in Pattaya<\/a> that the city has gained it\u2019s reputation for.<\/p>","protected":false},"excerpt":{"rendered":"<p>Pattaya Beach road is a small section of road near the sea.,But for many Pattaya\u2019s reputation is far darker than just a party city. Pattaya has become synonymous with sex and the sex industry and for some Pattaya is little more than one big red light area. If you want to meet girls in Pattaya [&hellip;]<\/p>","protected":false},"author":2,"featured_media":6215,"parent":0,"menu_order":0,"comment_status":"open","ping_status":"closed","template":"","meta":{"_exactmetrics_skip_tracking":false,"_exactmetrics_sitenote_active":false,"_exactmetrics_sitenote_note":"","_exactmetrics_sitenote_category":0,"footnotes":""},"categories":[322],"tags":[],"class_list":["post-6213","page","type-page","status-publish","has-post-thumbnail","hentry","category-pattaya"],"yoast_head":"<!-- This site is optimized with the Yoast SEO plugin v20.1 - https:\/\/yoast.com\/wordpress\/plugins\/seo\/ -->\n<title>Finding Girls On Pattaya Beach Road - A Farang Abroad<\/title>\n<meta name=\"description\" content=\"Beach road pattaya is full of Thai girls who work the night. Are you looking to meet sexy thai girls on your next trip to Pattaya? Here&#039;s what you should...\" \/>\n<meta name=\"robots\" content=\"index, follow, max-snippet:-1, max-image-preview:large, max-video-preview:-1\" \/>\n<link rel=\"canonical\" href=\"https:\/\/afarangabroad.com\/fr\/pattaya-beach-road-girls\/\" \/>\n<meta property=\"og:locale\" content=\"fr_FR\" \/>\n<meta property=\"og:type\" content=\"article\" \/>\n<meta property=\"og:title\" content=\"Finding Girls On Pattaya Beach Road - A Farang Abroad\" \/>\n<meta property=\"og:description\" content=\"Beach road pattaya is full of Thai girls who work the night. Are you looking to meet sexy thai girls on your next trip to Pattaya? Here&#039;s what you should...\" \/>\n<meta property=\"og:url\" content=\"https:\/\/afarangabroad.com\/fr\/pattaya-beach-road-girls\/\" \/>\n<meta property=\"og:site_name\" content=\"A Farang Abroad\" \/>\n<meta property=\"article:modified_time\" content=\"2022-11-18T14:43:57+00:00\" \/>\n<meta property=\"og:image\" content=\"https:\/\/afarangabroad.com\/wp-content\/uploads\/2015\/10\/beach-261574_6401.jpg\" \/>\n\t<meta property=\"og:image:width\" content=\"640\" \/>\n\t<meta property=\"og:image:height\" content=\"480\" \/>\n\t<meta property=\"og:image:type\" content=\"image\/jpeg\" \/>\n<meta name=\"twitter:label1\" content=\"Dur\u00e9e de lecture estim\u00e9e\" \/>\n\t<meta name=\"twitter:data1\" content=\"6 minutes\" \/>\n<script type=\"application\/ld+json\" class=\"yoast-schema-graph\">{\"@context\":\"https:\/\/schema.org\",\"@graph\":[{\"@type\":\"WebPage\",\"@id\":\"https:\/\/afarangabroad.com\/pattaya-beach-road-girls\/\",\"url\":\"https:\/\/afarangabroad.com\/pattaya-beach-road-girls\/\",\"name\":\"Finding Girls On Pattaya Beach Road - A Farang Abroad\",\"isPartOf\":{\"@id\":\"https:\/\/afarangabroad.com\/#website\"},\"datePublished\":\"2015-10-11T08:38:51+00:00\",\"dateModified\":\"2022-11-18T14:43:57+00:00\",\"description\":\"Beach road pattaya is full of Thai girls who work the night. Are you looking to meet sexy thai girls on your next trip to Pattaya? Here's what you should...\",\"breadcrumb\":{\"@id\":\"https:\/\/afarangabroad.com\/pattaya-beach-road-girls\/#breadcrumb\"},\"inLanguage\":\"fr-FR\",\"potentialAction\":[{\"@type\":\"ReadAction\",\"target\":[\"https:\/\/afarangabroad.com\/pattaya-beach-road-girls\/\"]}]},{\"@type\":\"BreadcrumbList\",\"@id\":\"https:\/\/afarangabroad.com\/pattaya-beach-road-girls\/#breadcrumb\",\"itemListElement\":[{\"@type\":\"ListItem\",\"position\":1,\"name\":\"Home\",\"item\":\"https:\/\/afarangabroad.com\/\"},{\"@type\":\"ListItem\",\"position\":2,\"name\":\"Finding Girls On Pattaya Beach Road\"}]},{\"@type\":\"WebSite\",\"@id\":\"https:\/\/afarangabroad.com\/#website\",\"url\":\"https:\/\/afarangabroad.com\/\",\"name\":\"A Farang Abroad\",\"description\":\"Your secret guide to Asia&#039;s sexiest nightlife.\",\"potentialAction\":[{\"@type\":\"SearchAction\",\"target\":{\"@type\":\"EntryPoint\",\"urlTemplate\":\"https:\/\/afarangabroad.com\/?s={search_term_string}\"},\"query-input\":\"required name=search_term_string\"}],\"inLanguage\":\"fr-FR\"}]}<\/script>\n<!-- \/ Yoast SEO plugin. -->","yoast_head_json":{"title":"Finding Girls On Pattaya Beach Road - A Farang Abroad","description":"Beach road pattaya is full of Thai girls who work the night. Are you looking to meet sexy thai girls on your next trip to Pattaya? Here's what you should...","robots":{"index":"index","follow":"follow","max-snippet":"max-snippet:-1","max-image-preview":"max-image-preview:large","max-video-preview":"max-video-preview:-1"},"canonical":"https:\/\/afarangabroad.com\/fr\/pattaya-beach-road-girls\/","og_locale":"fr_FR","og_type":"article","og_title":"Finding Girls On Pattaya Beach Road - A Farang Abroad","og_description":"Beach road pattaya is full of Thai girls who work the night. Are you looking to meet sexy thai girls on your next trip to Pattaya? Here's what you should...","og_url":"https:\/\/afarangabroad.com\/fr\/pattaya-beach-road-girls\/","og_site_name":"A Farang Abroad","article_modified_time":"2022-11-18T14:43:57+00:00","og_image":[{"width":640,"height":480,"url":"https:\/\/afarangabroad.com\/wp-content\/uploads\/2015\/10\/beach-261574_6401.jpg","type":"image\/jpeg"}],"twitter_misc":{"Dur\u00e9e de lecture estim\u00e9e":"6 minutes"},"schema":{"@context":"https:\/\/schema.org","@graph":[{"@type":"WebPage","@id":"https:\/\/afarangabroad.com\/pattaya-beach-road-girls\/","url":"https:\/\/afarangabroad.com\/pattaya-beach-road-girls\/","name":"Finding Girls On Pattaya Beach Road - A Farang Abroad","isPartOf":{"@id":"https:\/\/afarangabroad.com\/#website"},"datePublished":"2015-10-11T08:38:51+00:00","dateModified":"2022-11-18T14:43:57+00:00","description":"Beach road pattaya is full of Thai girls who work the night. Are you looking to meet sexy thai girls on your next trip to Pattaya? Here's what you should...","breadcrumb":{"@id":"https:\/\/afarangabroad.com\/pattaya-beach-road-girls\/#breadcrumb"},"inLanguage":"fr-FR","potentialAction":[{"@type":"ReadAction","target":["https:\/\/afarangabroad.com\/pattaya-beach-road-girls\/"]}]},{"@type":"BreadcrumbList","@id":"https:\/\/afarangabroad.com\/pattaya-beach-road-girls\/#breadcrumb","itemListElement":[{"@type":"ListItem","position":1,"name":"Home","item":"https:\/\/afarangabroad.com\/"},{"@type":"ListItem","position":2,"name":"Finding Girls On Pattaya Beach Road"}]},{"@type":"WebSite","@id":"https:\/\/afarangabroad.com\/#website","url":"https:\/\/afarangabroad.com\/","name":"A Farang Abroad","description":"Your secret guide to Asia&#039;s sexiest nightlife.","potentialAction":[{"@type":"SearchAction","target":{"@type":"EntryPoint","urlTemplate":"https:\/\/afarangabroad.com\/?s={search_term_string}"},"query-input":"required name=search_term_string"}],"inLanguage":"fr-FR"}]}},"_links":{"self":[{"href":"https:\/\/afarangabroad.com\/fr\/wp-json\/wp\/v2\/pages\/6213"}],"collection":[{"href":"https:\/\/afarangabroad.com\/fr\/wp-json\/wp\/v2\/pages"}],"about":[{"href":"https:\/\/afarangabroad.com\/fr\/wp-json\/wp\/v2\/types\/page"}],"author":[{"embeddable":true,"href":"https:\/\/afarangabroad.com\/fr\/wp-json\/wp\/v2\/users\/2"}],"replies":[{"embeddable":true,"href":"https:\/\/afarangabroad.com\/fr\/wp-json\/wp\/v2\/comments?post=6213"}],"version-history":[{"count":1,"href":"https:\/\/afarangabroad.com\/fr\/wp-json\/wp\/v2\/pages\/6213\/revisions"}],"predecessor-version":[{"id":513022,"href":"https:\/\/afarangabroad.com\/fr\/wp-json\/wp\/v2\/pages\/6213\/revisions\/513022"}],"wp:featuredmedia":[{"embeddable":true,"href":"https:\/\/afarangabroad.com\/fr\/wp-json\/wp\/v2\/media\/6215"}],"wp:attachment":[{"href":"https:\/\/afarangabroad.com\/fr\/wp-json\/wp\/v2\/media?parent=6213"}],"wp:term":[{"taxonomy":"category","embeddable":true,"href":"https:\/\/afarangabroad.com\/fr\/wp-json\/wp\/v2\/categories?post=6213"},{"taxonomy":"post_tag","embeddable":true,"href":"https:\/\/afarangabroad.com\/fr\/wp-json\/wp\/v2\/tags?post=6213"}],"curies":[{"name":"wp","href":"https:\/\/api.w.org\/{rel}","templated":true}]}}