{"id":6228,"date":"2015-10-11T10:09:33","date_gmt":"2015-10-11T09:09:33","guid":{"rendered":"https:\/\/afarangabroad.com\/?page_id=6228"},"modified":"2019-06-18T04:24:55","modified_gmt":"2019-06-18T03:24:55","slug":"pattaya-freelancers","status":"publish","type":"page","link":"https:\/\/afarangabroad.com\/fr\/pattaya-freelancers\/","title":{"rendered":"Combien co\u00fbtent les freelances de Pattaya ?"},"content":{"rendered":"<p>La longueur d'une ficelle est la premi\u00e8re chose qui vient \u00e0 l'esprit lorsqu'on demande le prix des free-lances de Pattaya.<\/p>\n<p>Si vous voulez obtenir <strong>s'envoyer en l'air \u00e0 Pattaya gratuitement<\/strong>, <a href=\"https:\/\/afarangabroad.com\/fr\/thai-cupid-dating-site\/\" target=\"_blank\" rel=\"noopener noreferrer\">lire cet article<\/a>.<\/p>\n<p><a href=\"https:\/\/afarangabroad.com\/fr\/thai-cupid-dating-site\/\" target=\"_blank\" rel=\"noopener noreferrer\"><img loading=\"lazy\" decoding=\"async\" class=\"aligncenter  wp-image-7256\" src=\"https:\/\/afarangabroad.com\/wp-content\/uploads\/2016\/06\/Meet-Thai-girls-1024x691.png\" alt=\"Meet Thai girls\" width=\"400\" height=\"272\" \/><\/a>Lorsque vous arrivez \u00e0 Pattaya, vous ne recevez pas de brochure d\u00e9taillant toutes les activit\u00e9s de la ville. <a href=\"https:\/\/afarangabroad.com\/fr\/prix-du-sexe-en-thailande\/\" target=\"_blank\" rel=\"noopener noreferrer\">co\u00fbts et redevances des services sexuels <\/a>de la <a href=\"https:\/\/afarangabroad.com\/fr\/2015\/03\/thai-hookers\/\" target=\"_blank\" rel=\"noopener noreferrer\">Prostitu\u00e9es tha\u00eflandaises<\/a>. De m\u00eame, lorsque vous vous trouvez dans l'une des <a href=\" \" target=\"_blank\" rel=\"noopener noreferrer\">Pattaya\u2019s Beer Bars or Go Go bars<\/a> les filles ont un tarif coll\u00e9 dans le dos.<\/p>\n<p>J'ai m\u00eame connu des filles de bar qui renon\u00e7aient \u00e0 leur cachet parce que le gars \u00e9tait si sexy, certes pas souvent, mais c'est arriv\u00e9.<\/p>\n<p>On en revient donc \u00e0 la vieille rengaine : combien co\u00fbte un freelance de Pattaya et combien faut-il payer pour coucher avec un freelance de Pattaya ? <a href=\"https:\/\/afarangabroad.com\/fr\/filles-de-pattaya\/\" target=\"_blank\" rel=\"noopener noreferrer\">Fille de Pattaya<\/a>?<\/p>\n<p><img loading=\"lazy\" decoding=\"async\" class=\"size-full wp-image-6230 aligncenter\" src=\"https:\/\/afarangabroad.com\/wp-content\/uploads\/2015\/10\/wallet-669458_640.jpg\" alt=\"pattaya freelancers\" width=\"640\" height=\"360\" srcset=\"https:\/\/afarangabroad.com\/wp-content\/uploads\/2015\/10\/wallet-669458_640.jpg 640w, https:\/\/afarangabroad.com\/wp-content\/uploads\/2015\/10\/wallet-669458_640-300x169.jpg 300w\" sizes=\"(max-width: 640px) 100vw, 640px\" \/><\/p>\n<p>Cela d\u00e9pend de l'endroit, de la personne, du nombre, de la dur\u00e9e et des services sexuels souhait\u00e9s, <a href=\"https:\/\/afarangabroad.com\/fr\/2015\/02\/bangkok-bdsm-dominatrice\/\" target=\"_blank\" rel=\"noopener noreferrer\">f\u00e9tiches<\/a>Les filles, les gar\u00e7ons, <a href=\"https:\/\/afarangabroad.com\/fr\/filles-russes-pattaya\/\" target=\"_blank\" rel=\"noopener noreferrer\">Russie<\/a>, <a href=\"https:\/\/afarangabroad.com\/fr\/6-ways-meet-ladyboys-bangkok\/\" target=\"_blank\" rel=\"noopener noreferrer\">coccinelles<\/a>, nationality, fat, tall, slim\u2026\u2026. the list goes on and on and will affect the cost.<\/p>\n<p>Si vous \u00eates d\u00e9sesp\u00e9r\u00e9 et que le <a href=\"https:\/\/afarangabroad.com\/fr\/thai-friendly-dating\/\" target=\"_blank\" rel=\"noopener noreferrer\">Fille tha\u00eflandaise<\/a> peut le sentir, alors le ciel sera la limite.<\/p>\n<p>Cela dit, dans certains endroits, les prostitu\u00e9es suivent des lignes directrices et il n'y a pas de tarif standard, mais un tarif recommand\u00e9.<\/p>\n<p>Tout se r\u00e9sume \u00e0 la n\u00e9gociation et si vous connaissez les r\u00e8gles \u00e0 suivre, vous ne devriez pas vous faire arnaquer. Expliquez toujours clairement ce que vous voulez, pour combien de temps et convenez d'un prix, et ce avant de ramener la fille \u00e0 votre h\u00f4tel.<\/p>\n<h2><strong>Le prix du sexe dans les bars \u00e0 bi\u00e8re<\/strong><\/h2>\n<p>Les r\u00e8gles applicables aux bars \u00e0 bi\u00e8re sont assez simples :<\/p>","protected":false},"excerpt":{"rendered":"<p>How long is a piece of string is the first thing that comes to mind when asking the price of Pattaya freelancers. If you want to get laid in Pattaya for free, read this article. When arriving in Pattaya you are not issued with a booklet detailing all the costs and charges for the sexual [&hellip;]<\/p>","protected":false},"author":2,"featured_media":6231,"parent":0,"menu_order":0,"comment_status":"open","ping_status":"closed","template":"","meta":{"_exactmetrics_skip_tracking":false,"_exactmetrics_sitenote_active":false,"_exactmetrics_sitenote_note":"","_exactmetrics_sitenote_category":0,"footnotes":""},"categories":[322],"tags":[],"class_list":["post-6228","page","type-page","status-publish","has-post-thumbnail","hentry","category-pattaya"],"yoast_head":"<!-- This site is optimized with the Yoast SEO plugin v20.1 - https:\/\/yoast.com\/wordpress\/plugins\/seo\/ -->\n<title>How Much Do Pattaya Freelancers Cost? - A Farang Abroad<\/title>\n<meta name=\"description\" content=\"Want to know the price of Pattaya Freelancers? In this thread I breakdown the cost of girls and where you can meet them for free.\" \/>\n<meta name=\"robots\" content=\"index, follow, max-snippet:-1, max-image-preview:large, max-video-preview:-1\" \/>\n<link rel=\"canonical\" href=\"https:\/\/afarangabroad.com\/fr\/pattaya-freelancers\/\" \/>\n<meta property=\"og:locale\" content=\"fr_FR\" \/>\n<meta property=\"og:type\" content=\"article\" \/>\n<meta property=\"og:title\" content=\"How Much Do Pattaya Freelancers Cost? - A Farang Abroad\" \/>\n<meta property=\"og:description\" content=\"Want to know the price of Pattaya Freelancers? In this thread I breakdown the cost of girls and where you can meet them for free.\" \/>\n<meta property=\"og:url\" content=\"https:\/\/afarangabroad.com\/fr\/pattaya-freelancers\/\" \/>\n<meta property=\"og:site_name\" content=\"A Farang Abroad\" \/>\n<meta property=\"article:modified_time\" content=\"2019-06-18T03:24:55+00:00\" \/>\n<meta property=\"og:image\" content=\"https:\/\/afarangabroad.com\/wp-content\/uploads\/2015\/10\/europe-69526_640.jpg\" \/>\n\t<meta property=\"og:image:width\" content=\"640\" \/>\n\t<meta property=\"og:image:height\" content=\"426\" \/>\n\t<meta property=\"og:image:type\" content=\"image\/jpeg\" \/>\n<meta name=\"twitter:label1\" content=\"Dur\u00e9e de lecture estim\u00e9e\" \/>\n\t<meta name=\"twitter:data1\" content=\"6 minutes\" \/>\n<script type=\"application\/ld+json\" class=\"yoast-schema-graph\">{\"@context\":\"https:\/\/schema.org\",\"@graph\":[{\"@type\":\"WebPage\",\"@id\":\"https:\/\/afarangabroad.com\/pattaya-freelancers\/\",\"url\":\"https:\/\/afarangabroad.com\/pattaya-freelancers\/\",\"name\":\"How Much Do Pattaya Freelancers Cost? - A Farang Abroad\",\"isPartOf\":{\"@id\":\"https:\/\/afarangabroad.com\/#website\"},\"datePublished\":\"2015-10-11T09:09:33+00:00\",\"dateModified\":\"2019-06-18T03:24:55+00:00\",\"description\":\"Want to know the price of Pattaya Freelancers? In this thread I breakdown the cost of girls and where you can meet them for free.\",\"breadcrumb\":{\"@id\":\"https:\/\/afarangabroad.com\/pattaya-freelancers\/#breadcrumb\"},\"inLanguage\":\"fr-FR\",\"potentialAction\":[{\"@type\":\"ReadAction\",\"target\":[\"https:\/\/afarangabroad.com\/pattaya-freelancers\/\"]}]},{\"@type\":\"BreadcrumbList\",\"@id\":\"https:\/\/afarangabroad.com\/pattaya-freelancers\/#breadcrumb\",\"itemListElement\":[{\"@type\":\"ListItem\",\"position\":1,\"name\":\"Home\",\"item\":\"https:\/\/afarangabroad.com\/\"},{\"@type\":\"ListItem\",\"position\":2,\"name\":\"How Much Do Pattaya Freelancers Cost?\"}]},{\"@type\":\"WebSite\",\"@id\":\"https:\/\/afarangabroad.com\/#website\",\"url\":\"https:\/\/afarangabroad.com\/\",\"name\":\"A Farang Abroad\",\"description\":\"Your secret guide to Asia&#039;s sexiest nightlife.\",\"potentialAction\":[{\"@type\":\"SearchAction\",\"target\":{\"@type\":\"EntryPoint\",\"urlTemplate\":\"https:\/\/afarangabroad.com\/?s={search_term_string}\"},\"query-input\":\"required name=search_term_string\"}],\"inLanguage\":\"fr-FR\"}]}<\/script>\n<!-- \/ Yoast SEO plugin. -->","yoast_head_json":{"title":"How Much Do Pattaya Freelancers Cost? - A Farang Abroad","description":"Want to know the price of Pattaya Freelancers? In this thread I breakdown the cost of girls and where you can meet them for free.","robots":{"index":"index","follow":"follow","max-snippet":"max-snippet:-1","max-image-preview":"max-image-preview:large","max-video-preview":"max-video-preview:-1"},"canonical":"https:\/\/afarangabroad.com\/fr\/pattaya-freelancers\/","og_locale":"fr_FR","og_type":"article","og_title":"How Much Do Pattaya Freelancers Cost? - A Farang Abroad","og_description":"Want to know the price of Pattaya Freelancers? In this thread I breakdown the cost of girls and where you can meet them for free.","og_url":"https:\/\/afarangabroad.com\/fr\/pattaya-freelancers\/","og_site_name":"A Farang Abroad","article_modified_time":"2019-06-18T03:24:55+00:00","og_image":[{"width":640,"height":426,"url":"https:\/\/afarangabroad.com\/wp-content\/uploads\/2015\/10\/europe-69526_640.jpg","type":"image\/jpeg"}],"twitter_misc":{"Dur\u00e9e de lecture estim\u00e9e":"6 minutes"},"schema":{"@context":"https:\/\/schema.org","@graph":[{"@type":"WebPage","@id":"https:\/\/afarangabroad.com\/pattaya-freelancers\/","url":"https:\/\/afarangabroad.com\/pattaya-freelancers\/","name":"How Much Do Pattaya Freelancers Cost? - A Farang Abroad","isPartOf":{"@id":"https:\/\/afarangabroad.com\/#website"},"datePublished":"2015-10-11T09:09:33+00:00","dateModified":"2019-06-18T03:24:55+00:00","description":"Want to know the price of Pattaya Freelancers? In this thread I breakdown the cost of girls and where you can meet them for free.","breadcrumb":{"@id":"https:\/\/afarangabroad.com\/pattaya-freelancers\/#breadcrumb"},"inLanguage":"fr-FR","potentialAction":[{"@type":"ReadAction","target":["https:\/\/afarangabroad.com\/pattaya-freelancers\/"]}]},{"@type":"BreadcrumbList","@id":"https:\/\/afarangabroad.com\/pattaya-freelancers\/#breadcrumb","itemListElement":[{"@type":"ListItem","position":1,"name":"Home","item":"https:\/\/afarangabroad.com\/"},{"@type":"ListItem","position":2,"name":"How Much Do Pattaya Freelancers Cost?"}]},{"@type":"WebSite","@id":"https:\/\/afarangabroad.com\/#website","url":"https:\/\/afarangabroad.com\/","name":"A Farang Abroad","description":"Your secret guide to Asia&#039;s sexiest nightlife.","potentialAction":[{"@type":"SearchAction","target":{"@type":"EntryPoint","urlTemplate":"https:\/\/afarangabroad.com\/?s={search_term_string}"},"query-input":"required name=search_term_string"}],"inLanguage":"fr-FR"}]}},"_links":{"self":[{"href":"https:\/\/afarangabroad.com\/fr\/wp-json\/wp\/v2\/pages\/6228"}],"collection":[{"href":"https:\/\/afarangabroad.com\/fr\/wp-json\/wp\/v2\/pages"}],"about":[{"href":"https:\/\/afarangabroad.com\/fr\/wp-json\/wp\/v2\/types\/page"}],"author":[{"embeddable":true,"href":"https:\/\/afarangabroad.com\/fr\/wp-json\/wp\/v2\/users\/2"}],"replies":[{"embeddable":true,"href":"https:\/\/afarangabroad.com\/fr\/wp-json\/wp\/v2\/comments?post=6228"}],"version-history":[{"count":0,"href":"https:\/\/afarangabroad.com\/fr\/wp-json\/wp\/v2\/pages\/6228\/revisions"}],"wp:featuredmedia":[{"embeddable":true,"href":"https:\/\/afarangabroad.com\/fr\/wp-json\/wp\/v2\/media\/6231"}],"wp:attachment":[{"href":"https:\/\/afarangabroad.com\/fr\/wp-json\/wp\/v2\/media?parent=6228"}],"wp:term":[{"taxonomy":"category","embeddable":true,"href":"https:\/\/afarangabroad.com\/fr\/wp-json\/wp\/v2\/categories?post=6228"},{"taxonomy":"post_tag","embeddable":true,"href":"https:\/\/afarangabroad.com\/fr\/wp-json\/wp\/v2\/tags?post=6228"}],"curies":[{"name":"wp","href":"https:\/\/api.w.org\/{rel}","templated":true}]}}