{"id":6245,"date":"2015-10-11T15:17:02","date_gmt":"2015-10-11T14:17:02","guid":{"rendered":"https:\/\/afarangabroad.com\/?page_id=6245"},"modified":"2019-09-21T21:44:40","modified_gmt":"2019-09-21T20:44:40","slug":"asian-dating","status":"publish","type":"page","link":"https:\/\/afarangabroad.com\/fr\/rencontres-asiatiques\/","title":{"rendered":"Asian Dating Website - Get Laid For Free"},"content":{"rendered":"<p>Le <a href=\"https:\/\/afarangabroad.com\/fr\/recommends\/asiandating\/\">Rencontres asiatiques<\/a> n'est utile que si vous pr\u00e9voyez de visiter le Cambodge, le Laos ou le Myanmar. Ces pays \u00e9tant relativement petits, ils n'ont pas encore de sites de rencontres d\u00e9di\u00e9s.<\/p>\n<p>If you&#8217;re white and want to get <strong>pondu gratuitement au Laos, au Cambodge ou au Myanmar<\/strong>, continuez \u00e0 lire.<\/p>\n<h2><strong>Le probl\u00e8me de la rencontre avec les filles<\/strong><\/h2>\n<p>If you&#8217;re going to either of the 3 countries I&#8217;ve listed and want to meet normal none hooker girls, you&#8217;re going to have a very hard time if you visit clubs or bars. In all 3 counties, you will have the option to visit backpacker bars or hooker bars.<\/p>\n<p>C'est tout.<\/p>\n<p>All three counties have small capital cities and without doing a bit of work before hand, all you&#8217;ll meet are hookers or very conservative Asian girls who cannot speak English. Needless to say, you won&#8217;t be going far with them\/<\/p>\n<p>That&#8217;s where Asian Dating comes in.<\/p>\n<h2><strong>Utiliser des sites de rencontre en ligne pour rencontrer des filles<\/strong><\/h2>\n<p>Toutes les filles asiatiques que vous rencontrez sur Asian Dating parlent anglais et veulent rencontrer des hommes blancs. Comment le sais-je ?<\/p>\n<p>Parce qu'il faut taper en anglais pour s'inscrire sur le site, et que ces sites ne sont utilis\u00e9s que par des hommes occidentaux qui veulent rencontrer des filles asiatiques.<\/p>\n<p>Locals guys don&#8217;t use Asian Dating, but it&#8217;s heaven on earth for anyone white guy wanting to meet Asian chicks in Cambodia, Laos or Myanmar.<\/p>\n<p>Il vous suffit de vous inscrire quelques semaines avant votre voyage, d'envoyer un message \u00e0 5-10 filles et de leur demander si elles souhaitent vous rencontrer \u00e0 votre arriv\u00e9e.<\/p>\n<p>That&#8217;s it. You don&#8217;t need to super attractive but make sure the photos you upload are clean and you&#8217;re wearing at least a t-shirt and jeans. Don&#8217;t upload pictures of you wearing a singlet and shorts, they don&#8217;t like that in Asia, it makes you look like a backpacker.<\/p>","protected":false},"excerpt":{"rendered":"<p>The Asian Dating website is only of use if you plan to visit Cambodia, Laos or Myanmar. As each country is rather small, neither have their own dedicated dating sites yet. If you&#8217;re white and want to get laid for free in Laos, Cambodia or Myanmar, keep on reading. The problem with meeting girls If [&hellip;]<\/p>","protected":false},"author":2,"featured_media":6246,"parent":0,"menu_order":0,"comment_status":"open","ping_status":"closed","template":"","meta":{"_exactmetrics_skip_tracking":false,"_exactmetrics_sitenote_active":false,"_exactmetrics_sitenote_note":"","_exactmetrics_sitenote_category":0,"footnotes":""},"categories":[329],"tags":[],"class_list":["post-6245","page","type-page","status-publish","has-post-thumbnail","hentry","category-laos-camboida-burma"],"yoast_head":"<!-- This site is optimized with the Yoast SEO plugin v20.1 - https:\/\/yoast.com\/wordpress\/plugins\/seo\/ -->\n<title>Asian Dating Website - Get Laid For Free - A Farang Abroad<\/title>\n<meta name=\"description\" content=\"Looking to meet girls in Asia for your next holiday? Here is my review of the dating site Asian Dating, where you can learn how to meet girls online.\" \/>\n<meta name=\"robots\" content=\"index, follow, max-snippet:-1, max-image-preview:large, max-video-preview:-1\" \/>\n<link rel=\"canonical\" href=\"https:\/\/afarangabroad.com\/fr\/rencontres-asiatiques\/\" \/>\n<meta property=\"og:locale\" content=\"fr_FR\" \/>\n<meta property=\"og:type\" content=\"article\" \/>\n<meta property=\"og:title\" content=\"Asian Dating Website - Get Laid For Free - A Farang Abroad\" \/>\n<meta property=\"og:description\" content=\"Looking to meet girls in Asia for your next holiday? Here is my review of the dating site Asian Dating, where you can learn how to meet girls online.\" \/>\n<meta property=\"og:url\" content=\"https:\/\/afarangabroad.com\/fr\/rencontres-asiatiques\/\" \/>\n<meta property=\"og:site_name\" content=\"A Farang Abroad\" \/>\n<meta property=\"article:modified_time\" content=\"2019-09-21T20:44:40+00:00\" \/>\n<meta property=\"og:image\" content=\"https:\/\/afarangabroad.com\/wp-content\/uploads\/2015\/10\/3093_250_250.jpg\" \/>\n\t<meta property=\"og:image:width\" content=\"250\" \/>\n\t<meta property=\"og:image:height\" content=\"250\" \/>\n\t<meta property=\"og:image:type\" content=\"image\/jpeg\" \/>\n<meta name=\"twitter:label1\" content=\"Dur\u00e9e de lecture estim\u00e9e\" \/>\n\t<meta name=\"twitter:data1\" content=\"2 minutes\" \/>\n<script type=\"application\/ld+json\" class=\"yoast-schema-graph\">{\"@context\":\"https:\/\/schema.org\",\"@graph\":[{\"@type\":\"WebPage\",\"@id\":\"https:\/\/afarangabroad.com\/asian-dating\/\",\"url\":\"https:\/\/afarangabroad.com\/asian-dating\/\",\"name\":\"Asian Dating Website - Get Laid For Free - A Farang Abroad\",\"isPartOf\":{\"@id\":\"https:\/\/afarangabroad.com\/#website\"},\"datePublished\":\"2015-10-11T14:17:02+00:00\",\"dateModified\":\"2019-09-21T20:44:40+00:00\",\"description\":\"Looking to meet girls in Asia for your next holiday? Here is my review of the dating site Asian Dating, where you can learn how to meet girls online.\",\"breadcrumb\":{\"@id\":\"https:\/\/afarangabroad.com\/asian-dating\/#breadcrumb\"},\"inLanguage\":\"fr-FR\",\"potentialAction\":[{\"@type\":\"ReadAction\",\"target\":[\"https:\/\/afarangabroad.com\/asian-dating\/\"]}]},{\"@type\":\"BreadcrumbList\",\"@id\":\"https:\/\/afarangabroad.com\/asian-dating\/#breadcrumb\",\"itemListElement\":[{\"@type\":\"ListItem\",\"position\":1,\"name\":\"Home\",\"item\":\"https:\/\/afarangabroad.com\/\"},{\"@type\":\"ListItem\",\"position\":2,\"name\":\"Asian Dating Website &#8211; Get Laid For Free\"}]},{\"@type\":\"WebSite\",\"@id\":\"https:\/\/afarangabroad.com\/#website\",\"url\":\"https:\/\/afarangabroad.com\/\",\"name\":\"A Farang Abroad\",\"description\":\"Your secret guide to Asia&#039;s sexiest nightlife.\",\"potentialAction\":[{\"@type\":\"SearchAction\",\"target\":{\"@type\":\"EntryPoint\",\"urlTemplate\":\"https:\/\/afarangabroad.com\/?s={search_term_string}\"},\"query-input\":\"required name=search_term_string\"}],\"inLanguage\":\"fr-FR\"}]}<\/script>\n<!-- \/ Yoast SEO plugin. -->","yoast_head_json":{"title":"Asian Dating Website - Get Laid For Free - A Farang Abroad","description":"Looking to meet girls in Asia for your next holiday? Here is my review of the dating site Asian Dating, where you can learn how to meet girls online.","robots":{"index":"index","follow":"follow","max-snippet":"max-snippet:-1","max-image-preview":"max-image-preview:large","max-video-preview":"max-video-preview:-1"},"canonical":"https:\/\/afarangabroad.com\/fr\/rencontres-asiatiques\/","og_locale":"fr_FR","og_type":"article","og_title":"Asian Dating Website - Get Laid For Free - A Farang Abroad","og_description":"Looking to meet girls in Asia for your next holiday? Here is my review of the dating site Asian Dating, where you can learn how to meet girls online.","og_url":"https:\/\/afarangabroad.com\/fr\/rencontres-asiatiques\/","og_site_name":"A Farang Abroad","article_modified_time":"2019-09-21T20:44:40+00:00","og_image":[{"width":250,"height":250,"url":"https:\/\/afarangabroad.com\/wp-content\/uploads\/2015\/10\/3093_250_250.jpg","type":"image\/jpeg"}],"twitter_misc":{"Dur\u00e9e de lecture estim\u00e9e":"2 minutes"},"schema":{"@context":"https:\/\/schema.org","@graph":[{"@type":"WebPage","@id":"https:\/\/afarangabroad.com\/asian-dating\/","url":"https:\/\/afarangabroad.com\/asian-dating\/","name":"Asian Dating Website - Get Laid For Free - A Farang Abroad","isPartOf":{"@id":"https:\/\/afarangabroad.com\/#website"},"datePublished":"2015-10-11T14:17:02+00:00","dateModified":"2019-09-21T20:44:40+00:00","description":"Looking to meet girls in Asia for your next holiday? Here is my review of the dating site Asian Dating, where you can learn how to meet girls online.","breadcrumb":{"@id":"https:\/\/afarangabroad.com\/asian-dating\/#breadcrumb"},"inLanguage":"fr-FR","potentialAction":[{"@type":"ReadAction","target":["https:\/\/afarangabroad.com\/asian-dating\/"]}]},{"@type":"BreadcrumbList","@id":"https:\/\/afarangabroad.com\/asian-dating\/#breadcrumb","itemListElement":[{"@type":"ListItem","position":1,"name":"Home","item":"https:\/\/afarangabroad.com\/"},{"@type":"ListItem","position":2,"name":"Asian Dating Website &#8211; Get Laid For Free"}]},{"@type":"WebSite","@id":"https:\/\/afarangabroad.com\/#website","url":"https:\/\/afarangabroad.com\/","name":"A Farang Abroad","description":"Your secret guide to Asia&#039;s sexiest nightlife.","potentialAction":[{"@type":"SearchAction","target":{"@type":"EntryPoint","urlTemplate":"https:\/\/afarangabroad.com\/?s={search_term_string}"},"query-input":"required name=search_term_string"}],"inLanguage":"fr-FR"}]}},"_links":{"self":[{"href":"https:\/\/afarangabroad.com\/fr\/wp-json\/wp\/v2\/pages\/6245"}],"collection":[{"href":"https:\/\/afarangabroad.com\/fr\/wp-json\/wp\/v2\/pages"}],"about":[{"href":"https:\/\/afarangabroad.com\/fr\/wp-json\/wp\/v2\/types\/page"}],"author":[{"embeddable":true,"href":"https:\/\/afarangabroad.com\/fr\/wp-json\/wp\/v2\/users\/2"}],"replies":[{"embeddable":true,"href":"https:\/\/afarangabroad.com\/fr\/wp-json\/wp\/v2\/comments?post=6245"}],"version-history":[{"count":0,"href":"https:\/\/afarangabroad.com\/fr\/wp-json\/wp\/v2\/pages\/6245\/revisions"}],"wp:featuredmedia":[{"embeddable":true,"href":"https:\/\/afarangabroad.com\/fr\/wp-json\/wp\/v2\/media\/6246"}],"wp:attachment":[{"href":"https:\/\/afarangabroad.com\/fr\/wp-json\/wp\/v2\/media?parent=6245"}],"wp:term":[{"taxonomy":"category","embeddable":true,"href":"https:\/\/afarangabroad.com\/fr\/wp-json\/wp\/v2\/categories?post=6245"},{"taxonomy":"post_tag","embeddable":true,"href":"https:\/\/afarangabroad.com\/fr\/wp-json\/wp\/v2\/tags?post=6245"}],"curies":[{"name":"wp","href":"https:\/\/api.w.org\/{rel}","templated":true}]}}