{"id":6260,"date":"2015-10-12T14:25:35","date_gmt":"2015-10-12T13:25:35","guid":{"rendered":"https:\/\/afarangabroad.com\/?page_id=6260"},"modified":"2019-01-08T06:07:10","modified_gmt":"2019-01-08T06:07:10","slug":"cambodian-girls","status":"publish","type":"page","link":"https:\/\/afarangabroad.com\/fr\/filles-cambodgiennes\/","title":{"rendered":"8 choses que j'aime chez les filles cambodgiennes"},"content":{"rendered":"<p>J'aime les filles cambodgiennes autant que j'aime le pays. C'est l'un de mes endroits pr\u00e9f\u00e9r\u00e9s dans toute l'Asie.<\/p>\n<p style=\"text-align: left;\">If you&#8217;re looking to <strong>s'envoyer en l'air avec des filles cambodgiennes gratuitement<\/strong>, <a href=\"https:\/\/afarangabroad.com\/fr\/rencontres-asiatiques\/\" target=\"_blank\" rel=\"noopener\">consulter cet article<\/a>.<\/p>\n<p><a href=\"https:\/\/afarangabroad.com\/fr\/rencontres-asiatiques\/\" target=\"_blank\" rel=\"noopener\"><img loading=\"lazy\" decoding=\"async\" class=\"wp-image-7582 aligncenter\" src=\"https:\/\/afarangabroad.com\/wp-content\/uploads\/2016\/08\/hot-cambo-girls-1024x691.png\" alt=\"hot cambo girls\" width=\"395\" height=\"268\" srcset=\"https:\/\/afarangabroad.com\/wp-content\/uploads\/2016\/08\/hot-cambo-girls-1024x691.png 1024w, https:\/\/afarangabroad.com\/wp-content\/uploads\/2016\/08\/hot-cambo-girls-720x486.png 720w\" sizes=\"(max-width: 395px) 100vw, 395px\" \/><\/a>Elle a tout pour elle. Il n'est pas aussi snob que <a href=\"https:\/\/afarangabroad.com\/fr\/singapore-girls\/\" target=\"_blank\" rel=\"noopener\">Singapour<\/a> Elle n'est pas aussi ch\u00e8re que Hong Kong, aussi folle que la Tha\u00eflande ou aussi calme que le Laos. Il prend en quelque sorte le meilleur de tous les autres pays d'Asie du Sud-Est et jette le reste aux oubliettes.<\/p>\n<p>Ses habitants sont au c\u0153ur de ce pays tout \u00e0 fait unique. Si l'on consid\u00e8re que le pays est encore en train de se d\u00e9barrasser des cha\u00eenes de l'ancien despote, on peut dire qu'il s'agit d'un pays unique. <a href=\"https:\/\/en.wikipedia.org\/wiki\/Pol_Pot\" target=\"_blank\" rel=\"noopener\">Pol Pot<\/a> Il est \u00e9tonnant de constater \u00e0 quel point la nation a su rebondir.<\/p>\n<p>Le Cambodge est un pays tr\u00e8s rural dont la majeure partie de la richesse provient encore de la terre, bien que cela change lentement. Il s'agit \u00e9galement d'un pays assez pauvre, de sorte que tout tend \u00e0 \u00eatre tr\u00e8s bon march\u00e9.<\/p>\n<p>Il a tout ce qu'il faut. <a href=\"http:\/\/thatbackpacker.com\/2013\/04\/30\/surviving-the-temples-of-angkor\/\" target=\"_blank\" rel=\"noopener\">Les sites du patrimoine mondial tels que Ankor Wat.<\/a> Des villes en pleine effervescence comme <a href=\"https:\/\/afarangabroad.com\/fr\/phnom-penh-girls\/\" target=\"_blank\" rel=\"noopener\">Phnom Penh et sa vie nocturne<\/a>La cuisine est fantastique, mais surtout les gens et, bien s\u00fbr, les filles cambodgiennes.<\/p>\n<p>J'ai mis en \u00e9vidence huit des traits les plus attachants qui font des filles cambodgiennes les joyaux de cette partie de l'Asie.<\/p>\n<h2><strong>1. Ils sont chauds<br \/>\n<\/strong><\/h2>\n<p>Even today it is still possible to see the uniqueness of the Cambodian girls\u2019 features compared to <a href=\"https:\/\/afarangabroad.com\/fr\/thai-women\/\" target=\"_blank\" rel=\"noopener\">Femmes tha\u00eflandaises<\/a>, laotiens ou <a href=\"https:\/\/afarangabroad.com\/fr\/filles-vietnamiennes\/\" target=\"_blank\" rel=\"noopener\">Vietnamien<\/a>. Ils ont la peau l\u00e9g\u00e8rement plus fonc\u00e9e et les yeux plus ronds en raison de la <a href=\"https:\/\/afarangabroad.com\/fr\/2014\/08\/thai-girls-hate-black-indian-arabs\/\" target=\"_blank\" rel=\"noopener\">Indien<\/a> Les produits de la mer ont \u00e9t\u00e9 influenc\u00e9s des centaines d'ann\u00e9es auparavant, achet\u00e9s au sous-continent dans le cadre de missions commerciales.<\/p>\n<p>On y trouve \u00e9galement des g\u00e8nes tha\u00eflandais. Tout au long de l'histoire de l'empire khmer, les Tha\u00efs ont envahi le pays. Les Tha\u00efs \u00e9tant des Tha\u00efs, ils ont sem\u00e9 leurs graines et prolif\u00e9r\u00e9 dans leur expansion crois\u00e9e avec le peuple cambodgien.<\/p>\n<p>https:\/\/www.youtube.com\/watch?v=YmTeZTCNgVM<\/p>\n<p>Toutes ces impr\u00e9gnations crois\u00e9es ont donn\u00e9 aux femmes cambodgiennes une apparence unique et extr\u00eamement belle, tr\u00e8s diff\u00e9rente de celle de ses nombreux voisins.<\/p>","protected":false},"excerpt":{"rendered":"<p>I love Cambodian girls just as much as I love the country. it is one of my favorite places in the whole of Asia. If you&#8217;re looking to get laid with Cambodian girls for free, check this article. It has everything going for it. It is not as snobby as Singapore or expensive as Hong [&hellip;]<\/p>","protected":false},"author":2,"featured_media":6262,"parent":0,"menu_order":0,"comment_status":"open","ping_status":"closed","template":"","meta":{"_exactmetrics_skip_tracking":false,"_exactmetrics_sitenote_active":false,"_exactmetrics_sitenote_note":"","_exactmetrics_sitenote_category":0,"footnotes":""},"categories":[329],"tags":[],"class_list":["post-6260","page","type-page","status-publish","has-post-thumbnail","hentry","category-laos-camboida-burma"],"yoast_head":"<!-- This site is optimized with the Yoast SEO plugin v20.1 - https:\/\/yoast.com\/wordpress\/plugins\/seo\/ -->\n<title>8 Things I love about Cambodian Girls - A Farang Abroad<\/title>\n<meta name=\"description\" content=\"Here are the 8 things I love most about Cambodian girls and why you should consider meeting them and being able to date them.\" \/>\n<meta name=\"robots\" content=\"index, follow, max-snippet:-1, max-image-preview:large, max-video-preview:-1\" \/>\n<link rel=\"canonical\" href=\"https:\/\/afarangabroad.com\/fr\/filles-cambodgiennes\/\" \/>\n<meta property=\"og:locale\" content=\"fr_FR\" \/>\n<meta property=\"og:type\" content=\"article\" \/>\n<meta property=\"og:title\" content=\"8 Things I love about Cambodian Girls - A Farang Abroad\" \/>\n<meta property=\"og:description\" content=\"Here are the 8 things I love most about Cambodian girls and why you should consider meeting them and being able to date them.\" \/>\n<meta property=\"og:url\" content=\"https:\/\/afarangabroad.com\/fr\/filles-cambodgiennes\/\" \/>\n<meta property=\"og:site_name\" content=\"A Farang Abroad\" \/>\n<meta property=\"article:modified_time\" content=\"2019-01-08T06:07:10+00:00\" \/>\n<meta property=\"og:image\" content=\"https:\/\/afarangabroad.com\/wp-content\/uploads\/2015\/10\/2688942368_cb32506c0a_z.jpg\" \/>\n\t<meta property=\"og:image:width\" content=\"640\" \/>\n\t<meta property=\"og:image:height\" content=\"640\" \/>\n\t<meta property=\"og:image:type\" content=\"image\/jpeg\" \/>\n<meta name=\"twitter:label1\" content=\"Dur\u00e9e de lecture estim\u00e9e\" \/>\n\t<meta name=\"twitter:data1\" content=\"6 minutes\" \/>\n<script type=\"application\/ld+json\" class=\"yoast-schema-graph\">{\"@context\":\"https:\/\/schema.org\",\"@graph\":[{\"@type\":\"WebPage\",\"@id\":\"https:\/\/afarangabroad.com\/cambodian-girls\/\",\"url\":\"https:\/\/afarangabroad.com\/cambodian-girls\/\",\"name\":\"8 Things I love about Cambodian Girls - A Farang Abroad\",\"isPartOf\":{\"@id\":\"https:\/\/afarangabroad.com\/#website\"},\"datePublished\":\"2015-10-12T13:25:35+00:00\",\"dateModified\":\"2019-01-08T06:07:10+00:00\",\"description\":\"Here are the 8 things I love most about Cambodian girls and why you should consider meeting them and being able to date them.\",\"breadcrumb\":{\"@id\":\"https:\/\/afarangabroad.com\/cambodian-girls\/#breadcrumb\"},\"inLanguage\":\"fr-FR\",\"potentialAction\":[{\"@type\":\"ReadAction\",\"target\":[\"https:\/\/afarangabroad.com\/cambodian-girls\/\"]}]},{\"@type\":\"BreadcrumbList\",\"@id\":\"https:\/\/afarangabroad.com\/cambodian-girls\/#breadcrumb\",\"itemListElement\":[{\"@type\":\"ListItem\",\"position\":1,\"name\":\"Home\",\"item\":\"https:\/\/afarangabroad.com\/\"},{\"@type\":\"ListItem\",\"position\":2,\"name\":\"8 Things I love about Cambodian Girls\"}]},{\"@type\":\"WebSite\",\"@id\":\"https:\/\/afarangabroad.com\/#website\",\"url\":\"https:\/\/afarangabroad.com\/\",\"name\":\"A Farang Abroad\",\"description\":\"Your secret guide to Asia&#039;s sexiest nightlife.\",\"potentialAction\":[{\"@type\":\"SearchAction\",\"target\":{\"@type\":\"EntryPoint\",\"urlTemplate\":\"https:\/\/afarangabroad.com\/?s={search_term_string}\"},\"query-input\":\"required name=search_term_string\"}],\"inLanguage\":\"fr-FR\"}]}<\/script>\n<!-- \/ Yoast SEO plugin. -->","yoast_head_json":{"title":"8 Things I love about Cambodian Girls - A Farang Abroad","description":"Here are the 8 things I love most about Cambodian girls and why you should consider meeting them and being able to date them.","robots":{"index":"index","follow":"follow","max-snippet":"max-snippet:-1","max-image-preview":"max-image-preview:large","max-video-preview":"max-video-preview:-1"},"canonical":"https:\/\/afarangabroad.com\/fr\/filles-cambodgiennes\/","og_locale":"fr_FR","og_type":"article","og_title":"8 Things I love about Cambodian Girls - A Farang Abroad","og_description":"Here are the 8 things I love most about Cambodian girls and why you should consider meeting them and being able to date them.","og_url":"https:\/\/afarangabroad.com\/fr\/filles-cambodgiennes\/","og_site_name":"A Farang Abroad","article_modified_time":"2019-01-08T06:07:10+00:00","og_image":[{"width":640,"height":640,"url":"https:\/\/afarangabroad.com\/wp-content\/uploads\/2015\/10\/2688942368_cb32506c0a_z.jpg","type":"image\/jpeg"}],"twitter_misc":{"Dur\u00e9e de lecture estim\u00e9e":"6 minutes"},"schema":{"@context":"https:\/\/schema.org","@graph":[{"@type":"WebPage","@id":"https:\/\/afarangabroad.com\/cambodian-girls\/","url":"https:\/\/afarangabroad.com\/cambodian-girls\/","name":"8 Things I love about Cambodian Girls - A Farang Abroad","isPartOf":{"@id":"https:\/\/afarangabroad.com\/#website"},"datePublished":"2015-10-12T13:25:35+00:00","dateModified":"2019-01-08T06:07:10+00:00","description":"Here are the 8 things I love most about Cambodian girls and why you should consider meeting them and being able to date them.","breadcrumb":{"@id":"https:\/\/afarangabroad.com\/cambodian-girls\/#breadcrumb"},"inLanguage":"fr-FR","potentialAction":[{"@type":"ReadAction","target":["https:\/\/afarangabroad.com\/cambodian-girls\/"]}]},{"@type":"BreadcrumbList","@id":"https:\/\/afarangabroad.com\/cambodian-girls\/#breadcrumb","itemListElement":[{"@type":"ListItem","position":1,"name":"Home","item":"https:\/\/afarangabroad.com\/"},{"@type":"ListItem","position":2,"name":"8 Things I love about Cambodian Girls"}]},{"@type":"WebSite","@id":"https:\/\/afarangabroad.com\/#website","url":"https:\/\/afarangabroad.com\/","name":"A Farang Abroad","description":"Your secret guide to Asia&#039;s sexiest nightlife.","potentialAction":[{"@type":"SearchAction","target":{"@type":"EntryPoint","urlTemplate":"https:\/\/afarangabroad.com\/?s={search_term_string}"},"query-input":"required name=search_term_string"}],"inLanguage":"fr-FR"}]}},"_links":{"self":[{"href":"https:\/\/afarangabroad.com\/fr\/wp-json\/wp\/v2\/pages\/6260"}],"collection":[{"href":"https:\/\/afarangabroad.com\/fr\/wp-json\/wp\/v2\/pages"}],"about":[{"href":"https:\/\/afarangabroad.com\/fr\/wp-json\/wp\/v2\/types\/page"}],"author":[{"embeddable":true,"href":"https:\/\/afarangabroad.com\/fr\/wp-json\/wp\/v2\/users\/2"}],"replies":[{"embeddable":true,"href":"https:\/\/afarangabroad.com\/fr\/wp-json\/wp\/v2\/comments?post=6260"}],"version-history":[{"count":0,"href":"https:\/\/afarangabroad.com\/fr\/wp-json\/wp\/v2\/pages\/6260\/revisions"}],"wp:featuredmedia":[{"embeddable":true,"href":"https:\/\/afarangabroad.com\/fr\/wp-json\/wp\/v2\/media\/6262"}],"wp:attachment":[{"href":"https:\/\/afarangabroad.com\/fr\/wp-json\/wp\/v2\/media?parent=6260"}],"wp:term":[{"taxonomy":"category","embeddable":true,"href":"https:\/\/afarangabroad.com\/fr\/wp-json\/wp\/v2\/categories?post=6260"},{"taxonomy":"post_tag","embeddable":true,"href":"https:\/\/afarangabroad.com\/fr\/wp-json\/wp\/v2\/tags?post=6260"}],"curies":[{"name":"wp","href":"https:\/\/api.w.org\/{rel}","templated":true}]}}