{"id":6307,"date":"2015-10-13T09:12:59","date_gmt":"2015-10-13T08:12:59","guid":{"rendered":"https:\/\/afarangabroad.com\/?page_id=6307"},"modified":"2025-05-14T21:39:23","modified_gmt":"2025-05-14T20:39:23","slug":"hanoi-girls","status":"publish","type":"page","link":"https:\/\/afarangabroad.com\/fr\/filles-de-hanoi\/","title":{"rendered":"5 meilleurs endroits pour trouver des filles \u00e0 Hanoi"},"content":{"rendered":"<p>Les filles de Hanoi sont plus difficiles \u00e0 obtenir que d'autres dans les pays de l'Union europ\u00e9enne. <a href=\"https:\/\/afarangabroad.com\/fr\/laos-girls\/\" target=\"_blank\" rel=\"noopener noreferrer\">Asie du Sud-Est<\/a> sont tr\u00e8s passionn\u00e9s et ouverts aux \u00e9trangers.<\/p>\n<p>C'est presque comme si les filles de Hanoi vous utilisaient plus pour la langue anglaise que pour votre portefeuille.<\/p>\n<p><a href=\"https:\/\/afarangabroad.com\/fr\/cupidon-vietnamien\/\" target=\"_blank\" rel=\"noopener noreferrer\"><img loading=\"lazy\" decoding=\"async\" class=\"aligncenter size-large wp-image-7258\" src=\"https:\/\/afarangabroad.com\/wp-content\/uploads\/2016\/06\/Meet-Viet-Girls1-1024x691.png\" alt=\"Rencontrer des filles vietnamiennes\" width=\"600\" height=\"405\" srcset=\"https:\/\/afarangabroad.com\/wp-content\/uploads\/2016\/06\/Meet-Viet-Girls1-1024x691.png 1024w, https:\/\/afarangabroad.com\/wp-content\/uploads\/2016\/06\/Meet-Viet-Girls1-300x202.png 300w, https:\/\/afarangabroad.com\/wp-content\/uploads\/2016\/06\/Meet-Viet-Girls1-720x486.png 720w, https:\/\/afarangabroad.com\/wp-content\/uploads\/2016\/06\/Meet-Viet-Girls1.png 1038w\" sizes=\"(max-width: 600px) 100vw, 600px\" \/><\/a><\/p>\n<p>Si vous voulez rencontrer des filles normales \u00e0 Hanoi, <a href=\"https:\/\/afarangabroad.com\/fr\/cupidon-vietnamien\/\" target=\"_blank\" rel=\"noopener noreferrer\">lire cet article<\/a>.<\/p>\n<p>Attention, la prostitution est ill\u00e9gale au Vi\u00eat Nam et de nombreux h\u00f4tels ne vous laisseront pas ramener un client dans votre chambre. V\u00e9rifiez avant de r\u00e9server que votre h\u00f4tel est <em>convivialit\u00e9 pour les h\u00f4tes.<\/em><\/p>\n<p>Il existe de nombreuses options pour trouver une femme sexy \u00e0 Hanoi et je vous ai donn\u00e9 cinq conseils pour commencer.<\/p>\n<h2><strong>1. Vietnam Cupid \u00e0 la rencontre des filles de Hanoi<\/strong><\/h2>\n<p>Faire des rencontres \u00e0 Hanoi pour trouver la fille sexy de vos r\u00eaves peut s'av\u00e9rer un peu d\u00e9licat en raison des diff\u00e9rences culturelles. Le mieux est de s'inscrire sur un site de rencontre et de trouver la ou les filles de votre choix avant votre arriv\u00e9e. <a href=\"https:\/\/afarangabroad.com\/fr\/cupidon-vietnamien\/\" target=\"_blank\" rel=\"noopener noreferrer\">Cupidon du Vietnam<\/a> est de loin le plus utilis\u00e9 par les femmes de Hanoi.<\/p>\n<p><a href=\"https:\/\/afarangabroad.com\/fr\/cupidon-vietnamien\/\" target=\"_blank\" rel=\"noopener noreferrer\"><img loading=\"lazy\" decoding=\"async\" class=\"aligncenter size-full wp-image-6661\" src=\"https:\/\/afarangabroad.com\/wp-content\/uploads\/2014\/10\/Vietnam-Cupid.jpg\" alt=\"Cupidon du Vietnam\" width=\"336\" height=\"280\" srcset=\"https:\/\/afarangabroad.com\/wp-content\/uploads\/2014\/10\/Vietnam-Cupid.jpg 336w, https:\/\/afarangabroad.com\/wp-content\/uploads\/2014\/10\/Vietnam-Cupid-300x250.jpg 300w\" sizes=\"(max-width: 336px) 100vw, 336px\" \/><\/a><\/p>\n<p>Ils proposent des fonctions telles que des salons de discussion et des webcams, ce qui permet de faire plus facilement connaissance avec votre partenaire avant d'organiser une rencontre en face \u00e0 face.<\/p>\n<h2><\/h2>\n<h2 class=\"wp-block-heading\">2. J Spa &amp; Massage<\/h2>\n<figure class=\"wp-block-embed is-provider-youtube wp-block-embed-youtube\">\n<div class=\"wp-block-embed__wrapper\">\n<figure class=\"wp-block-image size-large\"><img loading=\"lazy\" decoding=\"async\" width=\"1024\" height=\"682\" class=\"wp-image-513743\" src=\"https:\/\/afarangabroad.com\/wp-content\/uploads\/2025\/05\/jspa-1024x682.jpeg\" alt=\"\" srcset=\"https:\/\/afarangabroad.com\/wp-content\/uploads\/2025\/05\/jspa-1024x682.jpeg 1024w, https:\/\/afarangabroad.com\/wp-content\/uploads\/2025\/05\/jspa-300x200.jpeg 300w, https:\/\/afarangabroad.com\/wp-content\/uploads\/2025\/05\/jspa-768x512.jpeg 768w, https:\/\/afarangabroad.com\/wp-content\/uploads\/2025\/05\/jspa-1536x1024.jpeg 1536w, https:\/\/afarangabroad.com\/wp-content\/uploads\/2025\/05\/jspa-2048x1365.jpeg 2048w, https:\/\/afarangabroad.com\/wp-content\/uploads\/2025\/05\/jspa-18x12.jpeg 18w\" sizes=\"(max-width: 1024px) 100vw, 1024px\" \/><\/figure>\n<\/div>\n<\/figure>\n<p>Situ\u00e9 au 168 de la rue Ngoc Khanh, dans le district de Ba Dinh, \u00e0 Hano\u00ef, J Spa &amp; Massage est une destination de choix pour les hommes \u00e0 la recherche d'une exp\u00e9rience de relaxation raffin\u00e9e et haut de gamme au c\u0153ur de la capitale vietnamienne. Il s'agit d'un \u00e9tablissement r\u00e9cemment r\u00e9nov\u00e9, suite au d\u00e9m\u00e9nagement r\u00e9ussi de son ancienne adresse \u00e0 Cung Xuan, Vo Thi Sau, o\u00f9 le spa a fi\u00e8rement fonctionn\u00e9 pendant plus de six ans avec une solide r\u00e9putation et une client\u00e8le fid\u00e8le.<\/p>\n<p>J Spa &amp; Massage est surtout connu pour sa sp\u00e9cialisation dans le massage nuru - une th\u00e9rapie corporelle distinctive con\u00e7ue pour rel\u00e2cher les tensions physiques, am\u00e9liorer la circulation et procurer une profonde relaxation \u00e9motionnelle et physique. Chaque s\u00e9ance se d\u00e9roule dans un environnement priv\u00e9, respectueux et professionnel.<\/p>","protected":false},"excerpt":{"rendered":"<p>Hanoi girls whilst being harder to get than others in South East Asia are very passionate and open to foreigners. It is almost that Hanoi girls are using you more for the English language that for your wallet. If you want to meet normal girls in Hanoi, read this article. A note of caution prostitution [&hellip;]<\/p>","protected":false},"author":2,"featured_media":6308,"parent":0,"menu_order":0,"comment_status":"open","ping_status":"closed","template":"","meta":{"_exactmetrics_skip_tracking":false,"_exactmetrics_sitenote_active":false,"_exactmetrics_sitenote_note":"","_exactmetrics_sitenote_category":0,"footnotes":""},"categories":[328],"tags":[],"class_list":["post-6307","page","type-page","status-publish","has-post-thumbnail","hentry","category-vietnam"],"yoast_head":"<!-- This site is optimized with the Yoast SEO plugin v20.1 - https:\/\/yoast.com\/wordpress\/plugins\/seo\/ -->\n<title>5 Best Places To Find Hanoi Girls - A Farang Abroad<\/title>\n<meta name=\"description\" content=\"In this article I list the top 5 places you can meet Hanoi girls on your next trip. I suggest places where you can meet normal girls and Hanoi hookers.\" \/>\n<meta name=\"robots\" content=\"index, follow, max-snippet:-1, max-image-preview:large, max-video-preview:-1\" \/>\n<link rel=\"canonical\" href=\"https:\/\/afarangabroad.com\/fr\/filles-de-hanoi\/\" \/>\n<meta property=\"og:locale\" content=\"fr_FR\" \/>\n<meta property=\"og:type\" content=\"article\" \/>\n<meta property=\"og:title\" content=\"5 Best Places To Find Hanoi Girls - A Farang Abroad\" \/>\n<meta property=\"og:description\" content=\"In this article I list the top 5 places you can meet Hanoi girls on your next trip. I suggest places where you can meet normal girls and Hanoi hookers.\" \/>\n<meta property=\"og:url\" content=\"https:\/\/afarangabroad.com\/fr\/filles-de-hanoi\/\" \/>\n<meta property=\"og:site_name\" content=\"A Farang Abroad\" \/>\n<meta property=\"article:modified_time\" content=\"2025-05-14T20:39:23+00:00\" \/>\n<meta property=\"og:image\" content=\"https:\/\/afarangabroad.com\/wp-content\/uploads\/2015\/10\/heartsickness-428103_640.jpg\" \/>\n\t<meta property=\"og:image:width\" content=\"640\" \/>\n\t<meta property=\"og:image:height\" content=\"423\" \/>\n\t<meta property=\"og:image:type\" content=\"image\/jpeg\" \/>\n<meta name=\"twitter:label1\" content=\"Dur\u00e9e de lecture estim\u00e9e\" \/>\n\t<meta name=\"twitter:data1\" content=\"6 minutes\" \/>\n<script type=\"application\/ld+json\" class=\"yoast-schema-graph\">{\"@context\":\"https:\/\/schema.org\",\"@graph\":[{\"@type\":\"WebPage\",\"@id\":\"https:\/\/afarangabroad.com\/hanoi-girls\/\",\"url\":\"https:\/\/afarangabroad.com\/hanoi-girls\/\",\"name\":\"5 Best Places To Find Hanoi Girls - A Farang Abroad\",\"isPartOf\":{\"@id\":\"https:\/\/afarangabroad.com\/#website\"},\"datePublished\":\"2015-10-13T08:12:59+00:00\",\"dateModified\":\"2025-05-14T20:39:23+00:00\",\"description\":\"In this article I list the top 5 places you can meet Hanoi girls on your next trip. I suggest places where you can meet normal girls and Hanoi hookers.\",\"breadcrumb\":{\"@id\":\"https:\/\/afarangabroad.com\/hanoi-girls\/#breadcrumb\"},\"inLanguage\":\"fr-FR\",\"potentialAction\":[{\"@type\":\"ReadAction\",\"target\":[\"https:\/\/afarangabroad.com\/hanoi-girls\/\"]}]},{\"@type\":\"BreadcrumbList\",\"@id\":\"https:\/\/afarangabroad.com\/hanoi-girls\/#breadcrumb\",\"itemListElement\":[{\"@type\":\"ListItem\",\"position\":1,\"name\":\"Home\",\"item\":\"https:\/\/afarangabroad.com\/\"},{\"@type\":\"ListItem\",\"position\":2,\"name\":\"5 Best Places To Find Hanoi Girls\"}]},{\"@type\":\"WebSite\",\"@id\":\"https:\/\/afarangabroad.com\/#website\",\"url\":\"https:\/\/afarangabroad.com\/\",\"name\":\"A Farang Abroad\",\"description\":\"Your secret guide to Asia&#039;s sexiest nightlife.\",\"potentialAction\":[{\"@type\":\"SearchAction\",\"target\":{\"@type\":\"EntryPoint\",\"urlTemplate\":\"https:\/\/afarangabroad.com\/?s={search_term_string}\"},\"query-input\":\"required name=search_term_string\"}],\"inLanguage\":\"fr-FR\"}]}<\/script>\n<!-- \/ Yoast SEO plugin. -->","yoast_head_json":{"title":"5 Best Places To Find Hanoi Girls - A Farang Abroad","description":"In this article I list the top 5 places you can meet Hanoi girls on your next trip. I suggest places where you can meet normal girls and Hanoi hookers.","robots":{"index":"index","follow":"follow","max-snippet":"max-snippet:-1","max-image-preview":"max-image-preview:large","max-video-preview":"max-video-preview:-1"},"canonical":"https:\/\/afarangabroad.com\/fr\/filles-de-hanoi\/","og_locale":"fr_FR","og_type":"article","og_title":"5 Best Places To Find Hanoi Girls - A Farang Abroad","og_description":"In this article I list the top 5 places you can meet Hanoi girls on your next trip. I suggest places where you can meet normal girls and Hanoi hookers.","og_url":"https:\/\/afarangabroad.com\/fr\/filles-de-hanoi\/","og_site_name":"A Farang Abroad","article_modified_time":"2025-05-14T20:39:23+00:00","og_image":[{"width":640,"height":423,"url":"https:\/\/afarangabroad.com\/wp-content\/uploads\/2015\/10\/heartsickness-428103_640.jpg","type":"image\/jpeg"}],"twitter_misc":{"Dur\u00e9e de lecture estim\u00e9e":"6 minutes"},"schema":{"@context":"https:\/\/schema.org","@graph":[{"@type":"WebPage","@id":"https:\/\/afarangabroad.com\/hanoi-girls\/","url":"https:\/\/afarangabroad.com\/hanoi-girls\/","name":"5 Best Places To Find Hanoi Girls - A Farang Abroad","isPartOf":{"@id":"https:\/\/afarangabroad.com\/#website"},"datePublished":"2015-10-13T08:12:59+00:00","dateModified":"2025-05-14T20:39:23+00:00","description":"In this article I list the top 5 places you can meet Hanoi girls on your next trip. I suggest places where you can meet normal girls and Hanoi hookers.","breadcrumb":{"@id":"https:\/\/afarangabroad.com\/hanoi-girls\/#breadcrumb"},"inLanguage":"fr-FR","potentialAction":[{"@type":"ReadAction","target":["https:\/\/afarangabroad.com\/hanoi-girls\/"]}]},{"@type":"BreadcrumbList","@id":"https:\/\/afarangabroad.com\/hanoi-girls\/#breadcrumb","itemListElement":[{"@type":"ListItem","position":1,"name":"Home","item":"https:\/\/afarangabroad.com\/"},{"@type":"ListItem","position":2,"name":"5 Best Places To Find Hanoi Girls"}]},{"@type":"WebSite","@id":"https:\/\/afarangabroad.com\/#website","url":"https:\/\/afarangabroad.com\/","name":"A Farang Abroad","description":"Your secret guide to Asia&#039;s sexiest nightlife.","potentialAction":[{"@type":"SearchAction","target":{"@type":"EntryPoint","urlTemplate":"https:\/\/afarangabroad.com\/?s={search_term_string}"},"query-input":"required name=search_term_string"}],"inLanguage":"fr-FR"}]}},"_links":{"self":[{"href":"https:\/\/afarangabroad.com\/fr\/wp-json\/wp\/v2\/pages\/6307"}],"collection":[{"href":"https:\/\/afarangabroad.com\/fr\/wp-json\/wp\/v2\/pages"}],"about":[{"href":"https:\/\/afarangabroad.com\/fr\/wp-json\/wp\/v2\/types\/page"}],"author":[{"embeddable":true,"href":"https:\/\/afarangabroad.com\/fr\/wp-json\/wp\/v2\/users\/2"}],"replies":[{"embeddable":true,"href":"https:\/\/afarangabroad.com\/fr\/wp-json\/wp\/v2\/comments?post=6307"}],"version-history":[{"count":6,"href":"https:\/\/afarangabroad.com\/fr\/wp-json\/wp\/v2\/pages\/6307\/revisions"}],"predecessor-version":[{"id":513777,"href":"https:\/\/afarangabroad.com\/fr\/wp-json\/wp\/v2\/pages\/6307\/revisions\/513777"}],"wp:featuredmedia":[{"embeddable":true,"href":"https:\/\/afarangabroad.com\/fr\/wp-json\/wp\/v2\/media\/6308"}],"wp:attachment":[{"href":"https:\/\/afarangabroad.com\/fr\/wp-json\/wp\/v2\/media?parent=6307"}],"wp:term":[{"taxonomy":"category","embeddable":true,"href":"https:\/\/afarangabroad.com\/fr\/wp-json\/wp\/v2\/categories?post=6307"},{"taxonomy":"post_tag","embeddable":true,"href":"https:\/\/afarangabroad.com\/fr\/wp-json\/wp\/v2\/tags?post=6307"}],"curies":[{"name":"wp","href":"https:\/\/api.w.org\/{rel}","templated":true}]}}