{"id":6562,"date":"2015-12-08T07:11:52","date_gmt":"2015-12-08T07:11:52","guid":{"rendered":"https:\/\/afarangabroad.com\/?p=6562"},"modified":"2019-05-19T07:24:30","modified_gmt":"2019-05-19T06:24:30","slug":"isaan-girls","status":"publish","type":"page","link":"https:\/\/afarangabroad.com\/fr\/filles-disaan\/","title":{"rendered":"Ce que je sais des filles d'Isaan"},"content":{"rendered":"<p>L'argent repr\u00e9sente beaucoup de choses pour les filles de l'Isaan. Comment obtient-on de l'argent alors ? Soit en faisant de bonnes \u00e9tudes et, une fois dipl\u00f4m\u00e9e, en trouvant un bon emploi bien r\u00e9mun\u00e9r\u00e9, n'est-ce pas ?<\/p>\n<p>Si vous souhaitez rencontrer <strong>Thai girls for free in Thailand (filles tha\u00eflandaises gratuites en Tha\u00eflande)<\/strong>, <a href=\"https:\/\/afarangabroad.com\/fr\/thai-friendly-dating\/\" target=\"_blank\" rel=\"noopener noreferrer\">lire cet article<\/a>.<\/p>\n<p><a href=\"https:\/\/afarangabroad.com\/fr\/thai-friendly-dating\/\" target=\"_blank\" rel=\"noopener noreferrer\"><img loading=\"lazy\" decoding=\"async\" class=\"aligncenter size-large wp-image-7259\" src=\"https:\/\/afarangabroad.com\/wp-content\/uploads\/2016\/06\/Meet-Thai-girls1-1024x691.png\" alt=\"Meet Thai girls\" width=\"600\" height=\"405\" srcset=\"https:\/\/afarangabroad.com\/wp-content\/uploads\/2016\/06\/Meet-Thai-girls1-1024x691.png 1024w, https:\/\/afarangabroad.com\/wp-content\/uploads\/2016\/06\/Meet-Thai-girls1-300x202.png 300w, https:\/\/afarangabroad.com\/wp-content\/uploads\/2016\/06\/Meet-Thai-girls1-720x486.png 720w, https:\/\/afarangabroad.com\/wp-content\/uploads\/2016\/06\/Meet-Thai-girls1.png 1038w\" sizes=\"(max-width: 600px) 100vw, 600px\" \/><\/a><\/p>\n<p>Quel est donc l'objet de cet article ? J'ai entendu de nombreuses histoires sur des hommes farangs d'\u00e2ge moyen qui sont tomb\u00e9s amoureux de filles de l'Isaan et de toutes les pr\u00e9rogatives qui vont de pair avec une relation avec elles.<\/p>\n<h2><strong>Isaan Girls 101<\/strong><\/h2>\n<p>Juste un peu d'information pour ceux qui ne savent pas. <a href=\"https:\/\/en.wikipedia.org\/wiki\/Isan\" target=\"_blank\" rel=\"noopener noreferrer\">L'Isaan est une province situ\u00e9e dans le nord-est de la Tha\u00eflande.<\/a> et bien, les femmes de cette r\u00e9gion sont appel\u00e9es les femmes de l'Isaan.<\/p>\n<p><img loading=\"lazy\" decoding=\"async\" class=\"alignnone size-full wp-image-6566\" src=\"https:\/\/afarangabroad.com\/wp-content\/uploads\/2015\/12\/transplanting-rice-983760_640.jpg\" alt=\"rice field\" width=\"640\" height=\"294\" srcset=\"https:\/\/afarangabroad.com\/wp-content\/uploads\/2015\/12\/transplanting-rice-983760_640.jpg 640w, https:\/\/afarangabroad.com\/wp-content\/uploads\/2015\/12\/transplanting-rice-983760_640-300x138.jpg 300w\" sizes=\"(max-width: 640px) 100vw, 640px\" \/><\/p>\n<p>They are shunned away from the country because of the region where they are born in and are considered as a second class citizen as well. So by nature, they actually don\u2019t stand a chance against other Thais who are born and raised in the city or from wealthy families.<\/p>\n<p><em>Lecture connexe : savoir o\u00f9 rencontrer les meilleurs <a href=\"https:\/\/afarangabroad.com\/fr\/filles-a-khon-kaen\/\">Filles de l'Isaan \u00e0 Khon Kean<\/a>.<\/em><\/p>\n<p>Certaines filles de l'Isaan ont travaill\u00e9 dans un <a href=\"https:\/\/afarangabroad.com\/fr\/2015\/01\/never-visit-soi-cowboy-nana-plaza\/\" target=\"_blank\" rel=\"noopener noreferrer\">go go bar<\/a> (voir la relation sur la fa\u00e7on dont ils rencontrent les farangs) et sont toujours \u00e0 la recherche d'\u00e9trangers ou d'Occidentaux parce qu'ils les consid\u00e8rent comme quelqu'un qui a de grosses poches.<\/p>\n<p>La pauvret\u00e9 pousse g\u00e9n\u00e9ralement ces femmes \u00e0 travailler en tant que <a href=\"https:\/\/afarangabroad.com\/fr\/2015\/03\/thai-hookers\/\" target=\"_blank\" rel=\"noopener noreferrer\">Prostitu\u00e9es tha\u00eflandaises<\/a> Le manque d'\u00e9ducation et le fait que toute la famille d\u00e9pende d'elles les poussent \u00e0 vendre leur corps \u00e0 des hommes pour obtenir de l'argent rapidement et, si elles ont de la chance, \u00e0 rencontrer un farang qui pourra leur donner de l'argent tous les mois.<\/p>\n<p>Ainsi, lorsque leur famille voit la somme d'argent qu'elles envoient au pays, leur m\u00e8re les encourage \u00e0 envoyer plus d'argent, ce qui est assez facile \u00e0 r\u00e9aliser lorsqu'elles rencontrent un \u00e9tranger assez stupide pour tomber amoureux d'elles au point de leur donner une allocation mensuelle, etc.<\/p>","protected":false},"excerpt":{"rendered":"<p>Money means a lot of things to Isaan girls. How do you get money then? It is either by getting good education and after graduation is to get a good job that pays well, right? If you want to meet Thai girls for free in Thailand, check out this article. So what is my point [&hellip;]<\/p>","protected":false},"author":2,"featured_media":6567,"parent":0,"menu_order":0,"comment_status":"open","ping_status":"open","template":"","meta":{"_exactmetrics_skip_tracking":false,"_exactmetrics_sitenote_active":false,"_exactmetrics_sitenote_note":"","_exactmetrics_sitenote_category":0,"footnotes":""},"categories":[323],"tags":[],"class_list":["post-6562","page","type-page","status-publish","has-post-thumbnail","hentry","category-thailand-girls"],"yoast_head":"<!-- This site is optimized with the Yoast SEO plugin v20.1 - https:\/\/yoast.com\/wordpress\/plugins\/seo\/ -->\n<title>What I Know About Isaan Girls - A Farang Abroad<\/title>\n<meta name=\"description\" content=\"If you&#039;re wanting more information on Isaan girls in Thailand, in this article you&#039;ll learn everything there is to know about women in Isaan.\" \/>\n<meta name=\"robots\" content=\"index, follow, max-snippet:-1, max-image-preview:large, max-video-preview:-1\" \/>\n<link rel=\"canonical\" href=\"https:\/\/afarangabroad.com\/fr\/filles-disaan\/\" \/>\n<meta property=\"og:locale\" content=\"fr_FR\" \/>\n<meta property=\"og:type\" content=\"article\" \/>\n<meta property=\"og:title\" content=\"What I Know About Isaan Girls - A Farang Abroad\" \/>\n<meta property=\"og:description\" content=\"If you&#039;re wanting more information on Isaan girls in Thailand, in this article you&#039;ll learn everything there is to know about women in Isaan.\" \/>\n<meta property=\"og:url\" content=\"https:\/\/afarangabroad.com\/fr\/filles-disaan\/\" \/>\n<meta property=\"og:site_name\" content=\"A Farang Abroad\" \/>\n<meta property=\"article:modified_time\" content=\"2019-05-19T06:24:30+00:00\" \/>\n<meta property=\"og:image\" content=\"https:\/\/afarangabroad.com\/wp-content\/uploads\/2015\/12\/thai-lady-1033118_1920.jpg\" \/>\n\t<meta property=\"og:image:width\" content=\"1920\" \/>\n\t<meta property=\"og:image:height\" content=\"1280\" \/>\n\t<meta property=\"og:image:type\" content=\"image\/jpeg\" \/>\n<meta name=\"twitter:label1\" content=\"Dur\u00e9e de lecture estim\u00e9e\" \/>\n\t<meta name=\"twitter:data1\" content=\"5 minutes\" \/>\n<script type=\"application\/ld+json\" class=\"yoast-schema-graph\">{\"@context\":\"https:\/\/schema.org\",\"@graph\":[{\"@type\":\"WebPage\",\"@id\":\"https:\/\/afarangabroad.com\/isaan-girls\/\",\"url\":\"https:\/\/afarangabroad.com\/isaan-girls\/\",\"name\":\"What I Know About Isaan Girls - A Farang Abroad\",\"isPartOf\":{\"@id\":\"https:\/\/afarangabroad.com\/#website\"},\"datePublished\":\"2015-12-08T07:11:52+00:00\",\"dateModified\":\"2019-05-19T06:24:30+00:00\",\"description\":\"If you're wanting more information on Isaan girls in Thailand, in this article you'll learn everything there is to know about women in Isaan.\",\"breadcrumb\":{\"@id\":\"https:\/\/afarangabroad.com\/isaan-girls\/#breadcrumb\"},\"inLanguage\":\"fr-FR\",\"potentialAction\":[{\"@type\":\"ReadAction\",\"target\":[\"https:\/\/afarangabroad.com\/isaan-girls\/\"]}]},{\"@type\":\"BreadcrumbList\",\"@id\":\"https:\/\/afarangabroad.com\/isaan-girls\/#breadcrumb\",\"itemListElement\":[{\"@type\":\"ListItem\",\"position\":1,\"name\":\"Home\",\"item\":\"https:\/\/afarangabroad.com\/\"},{\"@type\":\"ListItem\",\"position\":2,\"name\":\"What I Know About Isaan Girls\"}]},{\"@type\":\"WebSite\",\"@id\":\"https:\/\/afarangabroad.com\/#website\",\"url\":\"https:\/\/afarangabroad.com\/\",\"name\":\"A Farang Abroad\",\"description\":\"Your secret guide to Asia&#039;s sexiest nightlife.\",\"potentialAction\":[{\"@type\":\"SearchAction\",\"target\":{\"@type\":\"EntryPoint\",\"urlTemplate\":\"https:\/\/afarangabroad.com\/?s={search_term_string}\"},\"query-input\":\"required name=search_term_string\"}],\"inLanguage\":\"fr-FR\"}]}<\/script>\n<!-- \/ Yoast SEO plugin. -->","yoast_head_json":{"title":"What I Know About Isaan Girls - A Farang Abroad","description":"If you're wanting more information on Isaan girls in Thailand, in this article you'll learn everything there is to know about women in Isaan.","robots":{"index":"index","follow":"follow","max-snippet":"max-snippet:-1","max-image-preview":"max-image-preview:large","max-video-preview":"max-video-preview:-1"},"canonical":"https:\/\/afarangabroad.com\/fr\/filles-disaan\/","og_locale":"fr_FR","og_type":"article","og_title":"What I Know About Isaan Girls - A Farang Abroad","og_description":"If you're wanting more information on Isaan girls in Thailand, in this article you'll learn everything there is to know about women in Isaan.","og_url":"https:\/\/afarangabroad.com\/fr\/filles-disaan\/","og_site_name":"A Farang Abroad","article_modified_time":"2019-05-19T06:24:30+00:00","og_image":[{"width":1920,"height":1280,"url":"https:\/\/afarangabroad.com\/wp-content\/uploads\/2015\/12\/thai-lady-1033118_1920.jpg","type":"image\/jpeg"}],"twitter_misc":{"Dur\u00e9e de lecture estim\u00e9e":"5 minutes"},"schema":{"@context":"https:\/\/schema.org","@graph":[{"@type":"WebPage","@id":"https:\/\/afarangabroad.com\/isaan-girls\/","url":"https:\/\/afarangabroad.com\/isaan-girls\/","name":"What I Know About Isaan Girls - A Farang Abroad","isPartOf":{"@id":"https:\/\/afarangabroad.com\/#website"},"datePublished":"2015-12-08T07:11:52+00:00","dateModified":"2019-05-19T06:24:30+00:00","description":"If you're wanting more information on Isaan girls in Thailand, in this article you'll learn everything there is to know about women in Isaan.","breadcrumb":{"@id":"https:\/\/afarangabroad.com\/isaan-girls\/#breadcrumb"},"inLanguage":"fr-FR","potentialAction":[{"@type":"ReadAction","target":["https:\/\/afarangabroad.com\/isaan-girls\/"]}]},{"@type":"BreadcrumbList","@id":"https:\/\/afarangabroad.com\/isaan-girls\/#breadcrumb","itemListElement":[{"@type":"ListItem","position":1,"name":"Home","item":"https:\/\/afarangabroad.com\/"},{"@type":"ListItem","position":2,"name":"What I Know About Isaan Girls"}]},{"@type":"WebSite","@id":"https:\/\/afarangabroad.com\/#website","url":"https:\/\/afarangabroad.com\/","name":"A Farang Abroad","description":"Your secret guide to Asia&#039;s sexiest nightlife.","potentialAction":[{"@type":"SearchAction","target":{"@type":"EntryPoint","urlTemplate":"https:\/\/afarangabroad.com\/?s={search_term_string}"},"query-input":"required name=search_term_string"}],"inLanguage":"fr-FR"}]}},"_links":{"self":[{"href":"https:\/\/afarangabroad.com\/fr\/wp-json\/wp\/v2\/pages\/6562"}],"collection":[{"href":"https:\/\/afarangabroad.com\/fr\/wp-json\/wp\/v2\/pages"}],"about":[{"href":"https:\/\/afarangabroad.com\/fr\/wp-json\/wp\/v2\/types\/page"}],"author":[{"embeddable":true,"href":"https:\/\/afarangabroad.com\/fr\/wp-json\/wp\/v2\/users\/2"}],"replies":[{"embeddable":true,"href":"https:\/\/afarangabroad.com\/fr\/wp-json\/wp\/v2\/comments?post=6562"}],"version-history":[{"count":0,"href":"https:\/\/afarangabroad.com\/fr\/wp-json\/wp\/v2\/pages\/6562\/revisions"}],"wp:featuredmedia":[{"embeddable":true,"href":"https:\/\/afarangabroad.com\/fr\/wp-json\/wp\/v2\/media\/6567"}],"wp:attachment":[{"href":"https:\/\/afarangabroad.com\/fr\/wp-json\/wp\/v2\/media?parent=6562"}],"wp:term":[{"taxonomy":"category","embeddable":true,"href":"https:\/\/afarangabroad.com\/fr\/wp-json\/wp\/v2\/categories?post=6562"},{"taxonomy":"post_tag","embeddable":true,"href":"https:\/\/afarangabroad.com\/fr\/wp-json\/wp\/v2\/tags?post=6562"}],"curies":[{"name":"wp","href":"https:\/\/api.w.org\/{rel}","templated":true}]}}