{"id":6583,"date":"2015-12-12T06:23:35","date_gmt":"2015-12-12T06:23:35","guid":{"rendered":"https:\/\/afarangabroad.com\/?p=6583"},"modified":"2019-09-22T13:36:40","modified_gmt":"2019-09-22T12:36:40","slug":"ladyboys-pattaya","status":"publish","type":"page","link":"https:\/\/afarangabroad.com\/fr\/ladyboys-pattaya\/","title":{"rendered":"Comment trouver des Ladyboys \u00e0 Pattaya"},"content":{"rendered":"<p>Ladyboys or katoey, \u2013 it does not matter in Pattaya. Men love them and fantasizes having sex with them. Thailand is not just a country that boasts of bargain shopping for knock offs. It sure does boast of its tropical beaches but one thing that attracts many tourists are the ladyboys.<\/p>\n<p>Si vous voulez trouver des ladyboys \u00e0 Pattaya discr\u00e8tement, <a href=\"https:\/\/afarangabroad.com\/fr\/recommends\/ladyboydating\/\">consultez ce site de rencontre pour les faire venir directement \u00e0 votre h\u00f4tel ou \u00e0 votre appartement<\/a>.<\/p>\n<p><a href=\"https:\/\/afarangabroad.com\/fr\/recommends\/ladyboydating\/\"><img loading=\"lazy\" decoding=\"async\" class=\"aligncenter wp-image-7640 size-large\" src=\"https:\/\/afarangabroad.com\/wp-content\/uploads\/2015\/10\/ladyboys-1024x691.png\" alt=\"coccinelles\" width=\"678\" height=\"458\" srcset=\"https:\/\/afarangabroad.com\/wp-content\/uploads\/2015\/10\/ladyboys-1024x691.png 1024w, https:\/\/afarangabroad.com\/wp-content\/uploads\/2015\/10\/ladyboys-300x202.png 300w, https:\/\/afarangabroad.com\/wp-content\/uploads\/2015\/10\/ladyboys-768x518.png 768w, https:\/\/afarangabroad.com\/wp-content\/uploads\/2015\/10\/ladyboys-720x486.png 720w, https:\/\/afarangabroad.com\/wp-content\/uploads\/2015\/10\/ladyboys.png 1038w\" sizes=\"(max-width: 678px) 100vw, 678px\" \/><\/a><\/p>\n<p>Google the words \u201cladyboys\u201d and most return searches will be <a href=\"https:\/\/afarangabroad.com\/fr\/filles-du-bar-de-pattaya\/\" target=\"_blank\" rel=\"noopener noreferrer\">Pattaya<\/a>.<\/p>\n<p>Pattaya est une ville accueillante pour les ladyboys, c'est pourquoi il y a beaucoup de ladyboys \u00e0 Pattaya par rapport \u00e0 Bangkok. Si vous \u00eates int\u00e9ress\u00e9 par les ladyboys \u00e0 Pattaya, nous pouvons vous donner un guide pour savoir o\u00f9 trouver des ladyboys dans la ville du p\u00e9ch\u00e9 de l'Asie du Sud-Est. Ainsi, si vous visitez la ville, vous saurez o\u00f9 aller. Voici quelques-uns des endroits o\u00f9 vous pouvez trouver des ladyboys \u00e0 Pattaya.<\/p>\n<p>Il y a plusieurs fa\u00e7ons de trouver des ladyboys \u00e0 Pattaya. Le choix et les options ne sont limit\u00e9s que par votre budget.<\/p>\n<h2><strong>Bars pour c\u00e9libataires \u00e0 Pattaya<br \/>\n<\/strong><\/h2>\n<p>Il existe plusieurs bars \u00e0 ladyboys \u00e0 Pattaya, r\u00e9partis sur trois axes principaux : Soi 6\/1, Walking Street et Soi 13\/2.<\/p>\n<p><iframe loading=\"lazy\" style=\"border: 0;\" src=\"https:\/\/www.google.com\/maps\/embed?pb=!1m18!1m12!1m3!1d3888.7111935305757!2d100.87075911458605!3d12.926274590885617!2m3!1f0!2f0!3f0!3m2!1i1024!2i768!4f13.1!3m3!1m2!1s0x310296147ab6f935%3A0x3bcfb55d2d0c88f5!2sWalking+Street+Muang+Pattaya%2C+Amphoe+Bang+Lamung%2C+Chang+Wat+Chon+Buri+20150%2C+Thailand!5e0!3m2!1sen!2suk!4v1470837834130\" width=\"400\" height=\"300\" frameborder=\"0\" allowfullscreen=\"allowfullscreen\"><\/iframe><\/p>\n<p>Soi 6\/1 est le centre principal de la plupart des bars \u00e0 coccinelles de la ville. L'endroit s'adresse aux touristes ou aux clients qui aiment rencontrer des ladyboys. Il y a plusieurs bars \u00e0 ladyboys dans cette petite all\u00e9e et la plupart des \u00e9tablissements disposent \u00e9galement de chambres pour des s\u00e9jours de courte dur\u00e9e. Il suffit de prendre une ladyboy dans le bar, de payer l'amende et de louer une chambre pour une courte p\u00e9riode de temps.<\/p>\n<p>Il n'est pas n\u00e9cessaire de boire au bar. Vous pouvez simplement vaquer \u00e0 vos occupations. L'avantage, c'est que l'endroit n'est qu'une ruelle \u00e9troite, ce qui vous permet d'\u00eatre discret. Si vous \u00eates inquiet pour votre budget, les ladyboys de Pattaya co\u00fbtent environ 1 500 bahts pour leur service. Si vous \u00eates dou\u00e9 pour le marchandage, vous pouvez n\u00e9gocier le prix \u00e0 1 000 bahts, alors peut-\u00eatre qu'un peu de tha\u00ef n'est pas si mal apr\u00e8s tout.<\/p>\n<p>A c\u00f4t\u00e9 de Soi 6\/1 se trouve la Walking Street. Compar\u00e9 au premier endroit, il serait difficile d'\u00eatre discret. Des chambres sont \u00e9galement disponibles \u00e0 la location pour une courte dur\u00e9e et co\u00fbtent environ 300 bahts.<\/p>","protected":false},"excerpt":{"rendered":"<p>Ladyboys or katoey, \u2013 it does not matter in Pattaya. Men love them and fantasizes having sex with them. Thailand is not just a country that boasts of bargain shopping for knock offs. It sure does boast of its tropical beaches but one thing that attracts many tourists are the ladyboys. If you want to [&hellip;]<\/p>","protected":false},"author":2,"featured_media":6168,"parent":0,"menu_order":0,"comment_status":"open","ping_status":"open","template":"","meta":{"_exactmetrics_skip_tracking":false,"_exactmetrics_sitenote_active":false,"_exactmetrics_sitenote_note":"","_exactmetrics_sitenote_category":0,"footnotes":""},"categories":[336],"tags":[],"class_list":["post-6583","page","type-page","status-publish","has-post-thumbnail","hentry","category-ladyboys"],"yoast_head":"<!-- This site is optimized with the Yoast SEO plugin v20.1 - https:\/\/yoast.com\/wordpress\/plugins\/seo\/ -->\n<title>How To Find Ladyboys In Pattaya - A Farang Abroad<\/title>\n<meta name=\"description\" content=\"If you&#039;re searching to find ladyboys in Pattaya, this guide will tell you where to find them online and offline, and what you should expect to pay.\" \/>\n<meta name=\"robots\" content=\"index, follow, max-snippet:-1, max-image-preview:large, max-video-preview:-1\" \/>\n<link rel=\"canonical\" href=\"https:\/\/afarangabroad.com\/fr\/ladyboys-pattaya\/\" \/>\n<meta property=\"og:locale\" content=\"fr_FR\" \/>\n<meta property=\"og:type\" content=\"article\" \/>\n<meta property=\"og:title\" content=\"How To Find Ladyboys In Pattaya - A Farang Abroad\" \/>\n<meta property=\"og:description\" content=\"If you&#039;re searching to find ladyboys in Pattaya, this guide will tell you where to find them online and offline, and what you should expect to pay.\" \/>\n<meta property=\"og:url\" content=\"https:\/\/afarangabroad.com\/fr\/ladyboys-pattaya\/\" \/>\n<meta property=\"og:site_name\" content=\"A Farang Abroad\" \/>\n<meta property=\"article:modified_time\" content=\"2019-09-22T12:36:40+00:00\" \/>\n<meta property=\"og:image\" content=\"https:\/\/afarangabroad.com\/wp-content\/uploads\/2015\/10\/neon-lights-226174_640.jpg\" \/>\n\t<meta property=\"og:image:width\" content=\"640\" \/>\n\t<meta property=\"og:image:height\" content=\"480\" \/>\n\t<meta property=\"og:image:type\" content=\"image\/jpeg\" \/>\n<meta name=\"twitter:label1\" content=\"Dur\u00e9e de lecture estim\u00e9e\" \/>\n\t<meta name=\"twitter:data1\" content=\"5 minutes\" \/>\n<script type=\"application\/ld+json\" class=\"yoast-schema-graph\">{\"@context\":\"https:\/\/schema.org\",\"@graph\":[{\"@type\":\"WebPage\",\"@id\":\"https:\/\/afarangabroad.com\/ladyboys-pattaya\/\",\"url\":\"https:\/\/afarangabroad.com\/ladyboys-pattaya\/\",\"name\":\"How To Find Ladyboys In Pattaya - A Farang Abroad\",\"isPartOf\":{\"@id\":\"https:\/\/afarangabroad.com\/#website\"},\"datePublished\":\"2015-12-12T06:23:35+00:00\",\"dateModified\":\"2019-09-22T12:36:40+00:00\",\"description\":\"If you're searching to find ladyboys in Pattaya, this guide will tell you where to find them online and offline, and what you should expect to pay.\",\"breadcrumb\":{\"@id\":\"https:\/\/afarangabroad.com\/ladyboys-pattaya\/#breadcrumb\"},\"inLanguage\":\"fr-FR\",\"potentialAction\":[{\"@type\":\"ReadAction\",\"target\":[\"https:\/\/afarangabroad.com\/ladyboys-pattaya\/\"]}]},{\"@type\":\"BreadcrumbList\",\"@id\":\"https:\/\/afarangabroad.com\/ladyboys-pattaya\/#breadcrumb\",\"itemListElement\":[{\"@type\":\"ListItem\",\"position\":1,\"name\":\"Home\",\"item\":\"https:\/\/afarangabroad.com\/\"},{\"@type\":\"ListItem\",\"position\":2,\"name\":\"How To Find Ladyboys In Pattaya\"}]},{\"@type\":\"WebSite\",\"@id\":\"https:\/\/afarangabroad.com\/#website\",\"url\":\"https:\/\/afarangabroad.com\/\",\"name\":\"A Farang Abroad\",\"description\":\"Your secret guide to Asia&#039;s sexiest nightlife.\",\"potentialAction\":[{\"@type\":\"SearchAction\",\"target\":{\"@type\":\"EntryPoint\",\"urlTemplate\":\"https:\/\/afarangabroad.com\/?s={search_term_string}\"},\"query-input\":\"required name=search_term_string\"}],\"inLanguage\":\"fr-FR\"}]}<\/script>\n<!-- \/ Yoast SEO plugin. -->","yoast_head_json":{"title":"How To Find Ladyboys In Pattaya - A Farang Abroad","description":"If you're searching to find ladyboys in Pattaya, this guide will tell you where to find them online and offline, and what you should expect to pay.","robots":{"index":"index","follow":"follow","max-snippet":"max-snippet:-1","max-image-preview":"max-image-preview:large","max-video-preview":"max-video-preview:-1"},"canonical":"https:\/\/afarangabroad.com\/fr\/ladyboys-pattaya\/","og_locale":"fr_FR","og_type":"article","og_title":"How To Find Ladyboys In Pattaya - A Farang Abroad","og_description":"If you're searching to find ladyboys in Pattaya, this guide will tell you where to find them online and offline, and what you should expect to pay.","og_url":"https:\/\/afarangabroad.com\/fr\/ladyboys-pattaya\/","og_site_name":"A Farang Abroad","article_modified_time":"2019-09-22T12:36:40+00:00","og_image":[{"width":640,"height":480,"url":"https:\/\/afarangabroad.com\/wp-content\/uploads\/2015\/10\/neon-lights-226174_640.jpg","type":"image\/jpeg"}],"twitter_misc":{"Dur\u00e9e de lecture estim\u00e9e":"5 minutes"},"schema":{"@context":"https:\/\/schema.org","@graph":[{"@type":"WebPage","@id":"https:\/\/afarangabroad.com\/ladyboys-pattaya\/","url":"https:\/\/afarangabroad.com\/ladyboys-pattaya\/","name":"How To Find Ladyboys In Pattaya - A Farang Abroad","isPartOf":{"@id":"https:\/\/afarangabroad.com\/#website"},"datePublished":"2015-12-12T06:23:35+00:00","dateModified":"2019-09-22T12:36:40+00:00","description":"If you're searching to find ladyboys in Pattaya, this guide will tell you where to find them online and offline, and what you should expect to pay.","breadcrumb":{"@id":"https:\/\/afarangabroad.com\/ladyboys-pattaya\/#breadcrumb"},"inLanguage":"fr-FR","potentialAction":[{"@type":"ReadAction","target":["https:\/\/afarangabroad.com\/ladyboys-pattaya\/"]}]},{"@type":"BreadcrumbList","@id":"https:\/\/afarangabroad.com\/ladyboys-pattaya\/#breadcrumb","itemListElement":[{"@type":"ListItem","position":1,"name":"Home","item":"https:\/\/afarangabroad.com\/"},{"@type":"ListItem","position":2,"name":"How To Find Ladyboys In Pattaya"}]},{"@type":"WebSite","@id":"https:\/\/afarangabroad.com\/#website","url":"https:\/\/afarangabroad.com\/","name":"A Farang Abroad","description":"Your secret guide to Asia&#039;s sexiest nightlife.","potentialAction":[{"@type":"SearchAction","target":{"@type":"EntryPoint","urlTemplate":"https:\/\/afarangabroad.com\/?s={search_term_string}"},"query-input":"required name=search_term_string"}],"inLanguage":"fr-FR"}]}},"_links":{"self":[{"href":"https:\/\/afarangabroad.com\/fr\/wp-json\/wp\/v2\/pages\/6583"}],"collection":[{"href":"https:\/\/afarangabroad.com\/fr\/wp-json\/wp\/v2\/pages"}],"about":[{"href":"https:\/\/afarangabroad.com\/fr\/wp-json\/wp\/v2\/types\/page"}],"author":[{"embeddable":true,"href":"https:\/\/afarangabroad.com\/fr\/wp-json\/wp\/v2\/users\/2"}],"replies":[{"embeddable":true,"href":"https:\/\/afarangabroad.com\/fr\/wp-json\/wp\/v2\/comments?post=6583"}],"version-history":[{"count":0,"href":"https:\/\/afarangabroad.com\/fr\/wp-json\/wp\/v2\/pages\/6583\/revisions"}],"wp:featuredmedia":[{"embeddable":true,"href":"https:\/\/afarangabroad.com\/fr\/wp-json\/wp\/v2\/media\/6168"}],"wp:attachment":[{"href":"https:\/\/afarangabroad.com\/fr\/wp-json\/wp\/v2\/media?parent=6583"}],"wp:term":[{"taxonomy":"category","embeddable":true,"href":"https:\/\/afarangabroad.com\/fr\/wp-json\/wp\/v2\/categories?post=6583"},{"taxonomy":"post_tag","embeddable":true,"href":"https:\/\/afarangabroad.com\/fr\/wp-json\/wp\/v2\/tags?post=6583"}],"curies":[{"name":"wp","href":"https:\/\/api.w.org\/{rel}","templated":true}]}}