{"id":6714,"date":"2015-12-24T07:18:37","date_gmt":"2015-12-24T07:18:37","guid":{"rendered":"https:\/\/afarangabroad.com\/?p=6714"},"modified":"2024-10-16T06:33:56","modified_gmt":"2024-10-16T05:33:56","slug":"sex-in-manila","status":"publish","type":"page","link":"https:\/\/afarangabroad.com\/fr\/sexe-a-manille\/","title":{"rendered":"12 endroits o\u00f9 trouver du sexe \u00e0 Manille"},"content":{"rendered":"<p>In this guide you&#8217;ll learn the cost of sex in Manila and where to go.<\/p>\n<p>Comme beaucoup d'autres pays d'Asie du Sud-Est, les Philippines sont \u00e9galement r\u00e9put\u00e9es pour leur capacit\u00e9 \u00e0 attirer les touristes sexuels.<\/p>\n<p>Si vous voulez <strong>get free sex in Manila<\/strong>alors <a href=\" \" target=\"_blank\" rel=\"noopener noreferrer\">lire cet article<\/a>.<\/p>\n<p><a href=\" \" target=\"_blank\" rel=\"noopener noreferrer\"><img loading=\"lazy\" decoding=\"async\" class=\"aligncenter size-large wp-image-7300\" src=\"https:\/\/afarangabroad.com\/wp-content\/uploads\/2016\/06\/MEET-HOT1-1024x691.png\" alt=\"Filipino girls\" width=\"600\" height=\"405\" srcset=\"https:\/\/afarangabroad.com\/wp-content\/uploads\/2016\/06\/MEET-HOT1-1024x691.png 1024w, https:\/\/afarangabroad.com\/wp-content\/uploads\/2016\/06\/MEET-HOT1-300x202.png 300w, https:\/\/afarangabroad.com\/wp-content\/uploads\/2016\/06\/MEET-HOT1-720x486.png 720w, https:\/\/afarangabroad.com\/wp-content\/uploads\/2016\/06\/MEET-HOT1.png 1038w\" sizes=\"(max-width: 600px) 100vw, 600px\" \/><\/a><\/p>\n<p>Manila is quite vast and developed when it comes to its nightlife and has a lot of options to offer towards different types of foreign men. Of course, meeting girls also means another thing \u2013 sex. It is easy to hook up with Filipino girls in Manila mainly because they speak English better than any other neighboring countries.<\/p>\n<p>Ils sont \u00e9galement beaux avec leurs cheveux noirs, leurs yeux noirs et leur silhouette \u00e9lanc\u00e9e. Il existe d'ailleurs plusieurs <a href=\" \">Filles philippines<\/a> qui sont pr\u00eates \u00e0 avoir des relations sexuelles, en particulier avec des hommes \u00e9trangers, sans que cela n'implique d'argent.<\/p>\n<p>Il suffit de savoir o\u00f9 les trouver. Mais si vous avez un peu d'argent ou quelques dollars \u00e0 d\u00e9penser et que vous cherchez \u00e0 avoir des relations sexuelles occasionnelles instantan\u00e9es sans engagement, vous pouvez les trouver dans de nombreux quartiers de Manille.<\/p>\n<p>La question est donc de savoir quel est le co\u00fbt du sexe \u00e0 Manille.<\/p>\n<p>Tout d'abord, il faut savoir que Manille ou les Philippines sont un pays tropical et qu'il est donc pr\u00e9f\u00e9rable de voyager entre janvier et mars, car c'est la p\u00e9riode o\u00f9 la saison n'est pas humide et chaude. Il est pr\u00e9f\u00e9rable de les garder \u00e0 l'int\u00e9rieur de votre pantalon.<\/p>\n<p>Si vous cherchez \u00e0 avoir des relations sexuelles \u00e0 Manille, voici ce qu'il faut savoir :<\/p>\n<h2><strong>Sites de rencontre en ligne<\/strong><\/h2>\n<p>Filipina girls are easy to hook up with. Unlike other women from other Asian countries, they are not really in it for the money except if they are sex workers (less than 5% of all girls online). You can be able to hook up with a local Filipina girl and have sex in Manila by simply going to online dating sites such as <a href=\" \" target=\"_blank\" rel=\"noopener noreferrer\">Cupidon philippin<\/a>.<\/p>","protected":false},"excerpt":{"rendered":"<p>In this guide you&#8217;ll learn the cost of sex in Manila and where to go. Like so many places in South East Asia, the Philippines are also famous due to the fact that it also caters to sex tourists. If you want to get free sex in Manila, then read this article. Manila is quite [&hellip;]<\/p>","protected":false},"author":2,"featured_media":6722,"parent":0,"menu_order":0,"comment_status":"open","ping_status":"open","template":"","meta":{"_exactmetrics_skip_tracking":false,"_exactmetrics_sitenote_active":false,"_exactmetrics_sitenote_note":"","_exactmetrics_sitenote_category":0,"footnotes":""},"categories":[325],"tags":[],"class_list":["post-6714","page","type-page","status-publish","has-post-thumbnail","hentry","category-filipino-dating"],"yoast_head":"<!-- This site is optimized with the Yoast SEO plugin v20.1 - https:\/\/yoast.com\/wordpress\/plugins\/seo\/ -->\n<title>12 Places to Find Sex in Manila - A Farang Abroad<\/title>\n<meta name=\"description\" content=\"Are you wondering what it costs to have sex in Manila? In this article I show you how to get it for free and where you can find it.\" \/>\n<meta name=\"robots\" content=\"index, follow, max-snippet:-1, max-image-preview:large, max-video-preview:-1\" \/>\n<link rel=\"canonical\" href=\"https:\/\/afarangabroad.com\/fr\/sexe-a-manille\/\" \/>\n<meta property=\"og:locale\" content=\"fr_FR\" \/>\n<meta property=\"og:type\" content=\"article\" \/>\n<meta property=\"og:title\" content=\"12 Places to Find Sex in Manila - A Farang Abroad\" \/>\n<meta property=\"og:description\" content=\"Are you wondering what it costs to have sex in Manila? In this article I show you how to get it for free and where you can find it.\" \/>\n<meta property=\"og:url\" content=\"https:\/\/afarangabroad.com\/fr\/sexe-a-manille\/\" \/>\n<meta property=\"og:site_name\" content=\"A Farang Abroad\" \/>\n<meta property=\"article:modified_time\" content=\"2024-10-16T05:33:56+00:00\" \/>\n<meta property=\"og:image\" content=\"https:\/\/afarangabroad.com\/wp-content\/uploads\/2015\/12\/manila-282943_640.jpg\" \/>\n\t<meta property=\"og:image:width\" content=\"640\" \/>\n\t<meta property=\"og:image:height\" content=\"428\" \/>\n\t<meta property=\"og:image:type\" content=\"image\/jpeg\" \/>\n<meta name=\"twitter:label1\" content=\"Dur\u00e9e de lecture estim\u00e9e\" \/>\n\t<meta name=\"twitter:data1\" content=\"11 minutes\" \/>\n<script type=\"application\/ld+json\" class=\"yoast-schema-graph\">{\"@context\":\"https:\/\/schema.org\",\"@graph\":[{\"@type\":\"WebPage\",\"@id\":\"https:\/\/afarangabroad.com\/sex-in-manila\/\",\"url\":\"https:\/\/afarangabroad.com\/sex-in-manila\/\",\"name\":\"12 Places to Find Sex in Manila - A Farang Abroad\",\"isPartOf\":{\"@id\":\"https:\/\/afarangabroad.com\/#website\"},\"datePublished\":\"2015-12-24T07:18:37+00:00\",\"dateModified\":\"2024-10-16T05:33:56+00:00\",\"description\":\"Are you wondering what it costs to have sex in Manila? In this article I show you how to get it for free and where you can find it.\",\"breadcrumb\":{\"@id\":\"https:\/\/afarangabroad.com\/sex-in-manila\/#breadcrumb\"},\"inLanguage\":\"fr-FR\",\"potentialAction\":[{\"@type\":\"ReadAction\",\"target\":[\"https:\/\/afarangabroad.com\/sex-in-manila\/\"]}]},{\"@type\":\"BreadcrumbList\",\"@id\":\"https:\/\/afarangabroad.com\/sex-in-manila\/#breadcrumb\",\"itemListElement\":[{\"@type\":\"ListItem\",\"position\":1,\"name\":\"Home\",\"item\":\"https:\/\/afarangabroad.com\/\"},{\"@type\":\"ListItem\",\"position\":2,\"name\":\"12 Places to Find Sex in Manila\"}]},{\"@type\":\"WebSite\",\"@id\":\"https:\/\/afarangabroad.com\/#website\",\"url\":\"https:\/\/afarangabroad.com\/\",\"name\":\"A Farang Abroad\",\"description\":\"Your secret guide to Asia&#039;s sexiest nightlife.\",\"potentialAction\":[{\"@type\":\"SearchAction\",\"target\":{\"@type\":\"EntryPoint\",\"urlTemplate\":\"https:\/\/afarangabroad.com\/?s={search_term_string}\"},\"query-input\":\"required name=search_term_string\"}],\"inLanguage\":\"fr-FR\"}]}<\/script>\n<!-- \/ Yoast SEO plugin. -->","yoast_head_json":{"title":"12 Places to Find Sex in Manila - A Farang Abroad","description":"Are you wondering what it costs to have sex in Manila? In this article I show you how to get it for free and where you can find it.","robots":{"index":"index","follow":"follow","max-snippet":"max-snippet:-1","max-image-preview":"max-image-preview:large","max-video-preview":"max-video-preview:-1"},"canonical":"https:\/\/afarangabroad.com\/fr\/sexe-a-manille\/","og_locale":"fr_FR","og_type":"article","og_title":"12 Places to Find Sex in Manila - A Farang Abroad","og_description":"Are you wondering what it costs to have sex in Manila? In this article I show you how to get it for free and where you can find it.","og_url":"https:\/\/afarangabroad.com\/fr\/sexe-a-manille\/","og_site_name":"A Farang Abroad","article_modified_time":"2024-10-16T05:33:56+00:00","og_image":[{"width":640,"height":428,"url":"https:\/\/afarangabroad.com\/wp-content\/uploads\/2015\/12\/manila-282943_640.jpg","type":"image\/jpeg"}],"twitter_misc":{"Dur\u00e9e de lecture estim\u00e9e":"11 minutes"},"schema":{"@context":"https:\/\/schema.org","@graph":[{"@type":"WebPage","@id":"https:\/\/afarangabroad.com\/sex-in-manila\/","url":"https:\/\/afarangabroad.com\/sex-in-manila\/","name":"12 Places to Find Sex in Manila - A Farang Abroad","isPartOf":{"@id":"https:\/\/afarangabroad.com\/#website"},"datePublished":"2015-12-24T07:18:37+00:00","dateModified":"2024-10-16T05:33:56+00:00","description":"Are you wondering what it costs to have sex in Manila? In this article I show you how to get it for free and where you can find it.","breadcrumb":{"@id":"https:\/\/afarangabroad.com\/sex-in-manila\/#breadcrumb"},"inLanguage":"fr-FR","potentialAction":[{"@type":"ReadAction","target":["https:\/\/afarangabroad.com\/sex-in-manila\/"]}]},{"@type":"BreadcrumbList","@id":"https:\/\/afarangabroad.com\/sex-in-manila\/#breadcrumb","itemListElement":[{"@type":"ListItem","position":1,"name":"Home","item":"https:\/\/afarangabroad.com\/"},{"@type":"ListItem","position":2,"name":"12 Places to Find Sex in Manila"}]},{"@type":"WebSite","@id":"https:\/\/afarangabroad.com\/#website","url":"https:\/\/afarangabroad.com\/","name":"A Farang Abroad","description":"Your secret guide to Asia&#039;s sexiest nightlife.","potentialAction":[{"@type":"SearchAction","target":{"@type":"EntryPoint","urlTemplate":"https:\/\/afarangabroad.com\/?s={search_term_string}"},"query-input":"required name=search_term_string"}],"inLanguage":"fr-FR"}]}},"_links":{"self":[{"href":"https:\/\/afarangabroad.com\/fr\/wp-json\/wp\/v2\/pages\/6714"}],"collection":[{"href":"https:\/\/afarangabroad.com\/fr\/wp-json\/wp\/v2\/pages"}],"about":[{"href":"https:\/\/afarangabroad.com\/fr\/wp-json\/wp\/v2\/types\/page"}],"author":[{"embeddable":true,"href":"https:\/\/afarangabroad.com\/fr\/wp-json\/wp\/v2\/users\/2"}],"replies":[{"embeddable":true,"href":"https:\/\/afarangabroad.com\/fr\/wp-json\/wp\/v2\/comments?post=6714"}],"version-history":[{"count":7,"href":"https:\/\/afarangabroad.com\/fr\/wp-json\/wp\/v2\/pages\/6714\/revisions"}],"predecessor-version":[{"id":513633,"href":"https:\/\/afarangabroad.com\/fr\/wp-json\/wp\/v2\/pages\/6714\/revisions\/513633"}],"wp:featuredmedia":[{"embeddable":true,"href":"https:\/\/afarangabroad.com\/fr\/wp-json\/wp\/v2\/media\/6722"}],"wp:attachment":[{"href":"https:\/\/afarangabroad.com\/fr\/wp-json\/wp\/v2\/media?parent=6714"}],"wp:term":[{"taxonomy":"category","embeddable":true,"href":"https:\/\/afarangabroad.com\/fr\/wp-json\/wp\/v2\/categories?post=6714"},{"taxonomy":"post_tag","embeddable":true,"href":"https:\/\/afarangabroad.com\/fr\/wp-json\/wp\/v2\/tags?post=6714"}],"curies":[{"name":"wp","href":"https:\/\/api.w.org\/{rel}","templated":true}]}}