{"id":6787,"date":"2015-12-31T09:29:33","date_gmt":"2015-12-31T09:29:33","guid":{"rendered":"https:\/\/afarangabroad.com\/?p=6787"},"modified":"2024-10-22T03:03:58","modified_gmt":"2024-10-22T02:03:58","slug":"girls-in-bangkok","status":"publish","type":"page","link":"https:\/\/afarangabroad.com\/fr\/filles-a-bangkok\/","title":{"rendered":"Les filles des bars \u00e0 bi\u00e8re \u00e0 Bangkok - Combien \u00e7a co\u00fbte ?"},"content":{"rendered":"<div class=\"wp-block-group\"><div class=\"wp-block-group__inner-container is-layout-constrained wp-block-group-is-layout-constrained\">\n<p>Les filles de Bangkok sont tout \u00e0 fait dispos\u00e9es \u00e0 vous satisfaire, \u00e0 condition que vous ayez de l'argent. De plus en plus d'\u00e9trangers en mal de sexe souhaitent passer leurs vacances seuls en Tha\u00eflande en raison du tourisme sexuel qui y r\u00e8gne.<\/p>\n<p>Si vous voulez obtenir <strong>coucher \u00e0 Bangkok gratuitement<\/strong>, <a href=\"https:\/\/afarangabroad.com\/fr\/thai-friendly-dating\/\" target=\"_blank\" rel=\"noopener\">lire cet article<\/a>.<\/p>\n<p>Si vous voyagez en Tha\u00eflande et souhaitez vous envoyer en l'air avec des filles \u00e0 Bangkok, voici ce qu'il faut savoir : o\u00f9 trouver des filles \u00e0 Bangkok et quels sont les tarifs pratiqu\u00e9s.<\/p>\n<p>Supposons que vous alliez dans un bar \u00e0 Bangkok et que vous rencontriez un <a href=\"https:\/\/afarangabroad.com\/fr\/5-ways-stop-thai-bar-girls\/\" target=\"_blank\" rel=\"noopener\">Fille de bar tha\u00eflandaise<\/a>. Vous voulez la rencontrer et la premi\u00e8re question est de savoir combien cela co\u00fbte. En g\u00e9n\u00e9ral, vous d\u00e9penserez entre 2 300 et 2 500 bahts. Il s'agit d'une fille de bar d'apparence moyenne.<\/p>\n<p>Pour commencer, vous d\u00e9penserez environ 300 bahts pour les boissons (une bi\u00e8re pour vous et une boisson pour elle). Les bi\u00e8res sont plut\u00f4t bon march\u00e9 \u00e0 Bangkok, surtout si vous \u00eates un farang, je pense que cela ne vous co\u00fbtera pas grand-chose. Le co\u00fbt total se situe entre 300 et 500 bahts.<\/p>\n<p><a href=\"https:\/\/afarangabroad.com\/wp-content\/uploads\/2015\/10\/thailand-345514_6401.jpg\"><img loading=\"lazy\" decoding=\"async\" class=\"alignnone size-full wp-image-6154\" src=\"https:\/\/afarangabroad.com\/wp-content\/uploads\/2015\/10\/thailand-345514_6401.jpg\" alt=\"Thai family\" width=\"640\" height=\"355\" srcset=\"https:\/\/afarangabroad.com\/wp-content\/uploads\/2015\/10\/thailand-345514_6401.jpg 640w, https:\/\/afarangabroad.com\/wp-content\/uploads\/2015\/10\/thailand-345514_6401-300x166.jpg 300w\" sizes=\"(max-width: 640px) 100vw, 640px\" \/><\/a><\/p>\n<p>Ensuite, vous avez d\u00e9cid\u00e9 de la ramener \u00e0 votre h\u00f4tel parce que vous \u00eates \u00e0 Bangkok pour avoir des relations sexuelles avec elle. <a href=\"https:\/\/afarangabroad.com\/fr\/filles-a-bangkok\/\" target=\"_blank\" rel=\"noopener\">Les filles de Bangkok<\/a>! Avant de la sortir, vous devez payer l'amende de 600 bahts. Les amendes de bar sont des tarifs standard et ne sont pas n\u00e9gociables.<\/p>\n<p>La question la plus importante est de savoir combien co\u00fbte une fille \u00e0 Bangkok. Le tarif minimum pour les filles de bar est de 1 500 bahts pour une heure. Encore une fois, il s'agit de filles d'apparence moyenne. Si vous cherchez une belle fille, le tarif est de 2 500 bahts pour une heure.<\/p>\n<p>Pour r\u00e9sumer, le prix de base est le suivant : 300 bahts pour les boissons, 600 bahts pour l'amende de bar et 1 500 bahts pour une courte dur\u00e9e. Le co\u00fbt total minimum est de 2 400 bahts. C'est plut\u00f4t bon march\u00e9, non ?<\/p>\n<p>Ne vous attendez pas \u00e0 ce que ces filles vous fassent de grosses r\u00e9ductions car elles savent que, d'une mani\u00e8re ou d'une autre, elles obtiendront toujours un client qui leur donnera moins de soucis, surtout en ce qui concerne le prix. Vous devez \u00e9galement leur faire part de vos pr\u00e9f\u00e9rences au lit et en discuter avec elles avant de payer l'amende du bar.<\/p>\n<h2>Body Bliss Massage Bangkok<\/h2>\n<p>Body Bliss Massage est un nouveau mais tr\u00e8s bon massage outcall o\u00f9 vous pouvez obtenir des handjobs \u00e0 Bangkok. Ils offrent des services pour les hommes et les femmes.<\/p>\n<p><a href=\"https:\/\/bodyblissbangkok.com\/\" target=\"_blank\" rel=\"noopener\"><img loading=\"lazy\" decoding=\"async\" class=\"aligncenter wp-image-513386\" src=\"https:\/\/afarangabroad.com\/wp-content\/uploads\/2023\/12\/body-bliss-massage-575x1024.jpg\" alt=\"body bliss massage\" width=\"372\" height=\"662\" srcset=\"https:\/\/afarangabroad.com\/wp-content\/uploads\/2023\/12\/body-bliss-massage-575x1024.jpg 575w, https:\/\/afarangabroad.com\/wp-content\/uploads\/2023\/12\/body-bliss-massage-168x300.jpg 168w, https:\/\/afarangabroad.com\/wp-content\/uploads\/2023\/12\/body-bliss-massage-768x1368.jpg 768w, https:\/\/afarangabroad.com\/wp-content\/uploads\/2023\/12\/body-bliss-massage-862x1536.jpg 862w, https:\/\/afarangabroad.com\/wp-content\/uploads\/2023\/12\/body-bliss-massage.jpg 904w\" sizes=\"(max-width: 372px) 100vw, 372px\" \/><\/a><\/p>\n<figure class=\"wp-block-image aligncenter\"><\/figure>\n<p>Ils proposent une gamme de massages, y compris les massages savonneux et les massages de la prostate. Vous pouvez voir toutes leurs filles en visitant leur site web \u00e0 l'adresse suivante\u00a0<a href=\"http:\/\/www.bodyblissbangkok.com\/\" target=\"_blank\" rel=\"nofollow noopener\">BodyBlissBangkok.com<\/a><\/p>\n<h2>Bangkok l'exotique<\/h2>\n<p>Exotic Bangkok est le plus r\u00e9cent prestataire de massages sur appel ou \u00e0 l'ext\u00e9rieur. On y trouve de tout, des massages tantriques aux massages nuru, en passant par les massages pervers. Ils ont quelques-unes des meilleures filles de Bangkok. Pour l'incall, vous les trouverez \u00e0 Sukhumvit 20. Vous pouvez consulter leurs offres ici : <a href=\"https:\/\/exoticmassagebangkok.com\/\">ExoticMassageBangkok.com<\/a><\/p>\n<p><a href=\"https:\/\/exoticmassagebangkok.com\/\"><img loading=\"lazy\" decoding=\"async\" class=\"aligncenter wp-image-513539\" src=\"https:\/\/afarangabroad.com\/wp-content\/uploads\/2024\/08\/image_123650291-691x1024.jpg\" alt=\"\" width=\"400\" height=\"593\" srcset=\"https:\/\/afarangabroad.com\/wp-content\/uploads\/2024\/08\/image_123650291-691x1024.jpg 691w, https:\/\/afarangabroad.com\/wp-content\/uploads\/2024\/08\/image_123650291-202x300.jpg 202w, https:\/\/afarangabroad.com\/wp-content\/uploads\/2024\/08\/image_123650291.jpg 700w\" sizes=\"(max-width: 400px) 100vw, 400px\" \/><\/a><\/p>\n<h2><strong>Longue dur\u00e9e ou courte dur\u00e9e ?<\/strong><\/h2>\n<p>Une courte p\u00e9riode dure g\u00e9n\u00e9ralement une heure, ce qui signifie une seule fois. Si vous lui plaisez, elle vous donnera peut-\u00eatre une autre tourn\u00e9e, mais cela d\u00e9pend vraiment d'elle. Les tarifs pour une courte dur\u00e9e (1 heure) sont g\u00e9n\u00e9ralement compris entre 1 500 et 2 500 bahts, toujours en fonction de l'apparence de la fille. Les tarifs de longue dur\u00e9e (une nuit) pour les filles de Bangkok se situent entre 4 000 et 7 000 bahts.<\/p>\n<p>La plupart des femmes qui travaillent comme filles de bar \u00e0 Bangkok ne sont l\u00e0 que pour l'argent. Les filles d\u00e9centes qui travaillent de 9 \u00e0 5 gagnent en g\u00e9n\u00e9ral un peu plus d'un million d'euros. <a href=\"http:\/\/www.tradingeconomics.com\/thailand\/minimum-wages\" target=\"_blank\" rel=\"noopener\">minimum de 9 000 bahts<\/a>. Bien entendu, ceux qui ont fait des \u00e9tudes sup\u00e9rieures peuvent gagner plus que le revenu minimum et mener un bon train de vie.<\/p>\n<p>Par rapport aux filles de bar de Bangkok, la plupart de ces femmes viennent de r\u00e9gions ou de provinces \u00e9loign\u00e9es de la Tha\u00eflande. Elles n'ont pas d'autre moyen de gagner de l'argent que de travailler dans un bar. Ne vous attendez pas \u00e0 ce qu'elles tombent amoureuses de vous. Elles vous feront plaisir autant qu'elles le pourront afin de vous soutirer plus d'argent.<\/p>\n<p><img loading=\"lazy\" decoding=\"async\" class=\"size-full wp-image-4803 aligncenter\" src=\"https:\/\/afarangabroad.com\/wp-content\/uploads\/2015\/05\/Soi-23.jpg\" alt=\"Soi 23\" width=\"768\" height=\"1024\" srcset=\"https:\/\/afarangabroad.com\/wp-content\/uploads\/2015\/05\/Soi-23.jpg 768w, https:\/\/afarangabroad.com\/wp-content\/uploads\/2015\/05\/Soi-23-225x300.jpg 225w, https:\/\/afarangabroad.com\/wp-content\/uploads\/2015\/05\/Soi-23-600x800.jpg 600w, https:\/\/afarangabroad.com\/wp-content\/uploads\/2015\/05\/Soi-23-300x400.jpg 300w, https:\/\/afarangabroad.com\/wp-content\/uploads\/2015\/05\/Soi-23-720x960.jpg 720w\" sizes=\"(max-width: 768px) 100vw, 768px\" \/>Ainsi, si vous avez accept\u00e9 de sortir avec vous pendant une heure, plus vite ils se mettront au travail et partiront, mieux ce sera. Cela signifie qu'ils auront plus de chances de rencontrer d'autres clients pour la nuit. Plus ils gagneront d'argent pour cette nuit-l\u00e0.<\/p>\n<p>Il existe trois types de filles \u00e0 Bangkok qui travaillent pour le sexe en \u00e9change d'argent ; vous devez savoir comment les identifier.<\/p>\n<p><strong>Lecture associ\u00e9e<\/strong>: le co\u00fbt de la <a href=\"https:\/\/afarangabroad.com\/fr\/sex-in-bangkok\/\" target=\"_blank\" rel=\"noopener\">sexe \u00e0 Bangkok<\/a>.<\/p>\n<h2>Go Go Bar Girls \u00e0 Bangkok<\/h2>\n<p>These types of girls are the ones you usually see dancing on stage wearing two piece bikinis. The usual process is that you enter a go go bar, order a beer (which is usually some sort of your \u201cfee\u201d to stay for a little bit.<\/p>\n<p>Regardez les filles et si vous voyez quelqu'un avec qui vous pensez avoir envie de sortir, vous pouvez soit \u00e9tablir un contact visuel, soit donner le num\u00e9ro de la fille au serveur ou au personnel du bar. D\u00e8s qu'elle est libre, elle s'assoit avec vous pour discuter rapidement. Vous devrez \u00e9galement lui offrir un verre).<\/p>\n<p><iframe loading=\"lazy\" title=\"Soi Cowboy Girls 3, Bangkok 2015 [HD]\" width=\"678\" height=\"381\" src=\"https:\/\/www.youtube.com\/embed\/0-G6LmYWhiQ?feature=oembed\" frameborder=\"0\" allow=\"accelerometer; autoplay; clipboard-write; encrypted-media; gyroscope; picture-in-picture; web-share\" referrerpolicy=\"strict-origin-when-cross-origin\" allowfullscreen><\/iframe><\/p>\n<h2><strong>Les filles du bar \u00e0 bi\u00e8re\u00a0<\/strong><\/h2>\n<p>beer bar girls in Bangkok are those who are usually wearing sexy clothes but not as revealing as with the go go bar girls. They would just simply have a chat with you, drink with you and if you have decided to take her out \u2013 pay the bar fine and take her back to your hotel room, etc. Beer bars are located at Sukhumvit Road, <a href=\"https:\/\/afarangabroad.com\/fr\/2015\/01\/never-visit-soi-cowboy-nana-plaza\/\" target=\"_blank\" rel=\"noopener\">Soi Cowboy <\/a>et <a href=\"https:\/\/afarangabroad.com\/fr\/2015\/01\/never-visit-soi-cowboy-nana-plaza\/\" target=\"_blank\" rel=\"noopener\">Nana Plaza Bangkok<\/a>.<\/p>\n<h2><strong>Ind\u00e9pendants\u00a0<\/strong><\/h2>\n<p><a href=\"https:\/\/afarangabroad.com\/fr\/pattaya-freelancers\/\" target=\"_blank\" rel=\"noopener\">freelances<\/a> can also be found in beer bars. The only difference is that they are not housed or do not regularly go to any specific beer bar or establishment. They would sometimes pay an entrance fee or pay a certain commission to the bar\u2019s security for her to gain access and hopefully get a client\/ clients for the night.<\/p>\n<p>S'il s'agit de votre <a href=\"http:\/\/www.travelandleisure.com\/articles\/bangkok-travel-what-you-should-know\" target=\"_blank\" rel=\"noopener\">premier voyage \u00e0 Bangkok<\/a>Vous ne devez jamais laisser ces filles de bar \u00e0 Bangkok savoir que vous \u00eates un d\u00e9butant.<\/p>\n<p>Sinon, ils vous feront payer plus que le tarif normal. Elles aiment les d\u00e9butantes parce qu'elles savent qu'elles peuvent facilement leur soutirer plus d'argent et s'en tirer \u00e0 bon compte. En fin de compte, ces filles de bar ne travaillent que pour l'argent et tout n'est qu'affaire de business.<\/p>\n<p>Si vous voulez obtenir <strong>coucher \u00e0 Bangkok gratuitement<\/strong>, <a href=\"https:\/\/afarangabroad.com\/fr\/thai-friendly-dating\/\" target=\"_blank\" rel=\"noopener\">lire cet article<\/a>.<\/p>\n<p>Une autre option, mais elle est surtout utilis\u00e9e par les voyageurs fr\u00e9quents et exp\u00e9riment\u00e9s \u00e0 Bangkok, est l'exp\u00e9rience de la petite amie dans un bar tha\u00eflandais. Toutefois, cette option est plus on\u00e9reuse que celle qui consiste \u00e0 l'emmener pour une courte ou une longue p\u00e9riode de temps. Certains de ces hommes les emm\u00e8nent m\u00eame pour de courtes vacances \u00e0 Phuket, etc. et les consid\u00e8rent comme leur petite amie \u00e0 court terme pendant leur s\u00e9jour \u00e0 Bangkok.<\/p>\n<\/div><\/div>","protected":false},"excerpt":{"rendered":"<p>Girls in Bangkok are very willing to please as long as you have the money. More and more sex-hungry farangs are looking forward to spend their holidays alone in Thailand because of its sex tourism. If you want to get laid in Bangkok for free, read this article. So if you are traveling to Thailand [&hellip;]<\/p>","protected":false},"author":2,"featured_media":4369,"parent":0,"menu_order":0,"comment_status":"open","ping_status":"open","template":"","meta":{"_exactmetrics_skip_tracking":false,"_exactmetrics_sitenote_active":false,"_exactmetrics_sitenote_note":"","_exactmetrics_sitenote_category":0,"footnotes":""},"categories":[298],"tags":[],"class_list":["post-6787","page","type-page","status-publish","has-post-thumbnail","hentry","category-bangkok-nightlife"],"yoast_head":"<!-- This site is optimized with the Yoast SEO plugin v20.1 - https:\/\/yoast.com\/wordpress\/plugins\/seo\/ -->\n<title>Beer Bar Girls in Bangkok - How Much Does it Cost? - A Farang Abroad<\/title>\n<meta name=\"description\" content=\"Find out what it costs to get yourself a girl in Bangkok, and how you can get girls without spending any money!\" \/>\n<meta name=\"robots\" content=\"index, follow, max-snippet:-1, max-image-preview:large, max-video-preview:-1\" \/>\n<link rel=\"canonical\" href=\"https:\/\/afarangabroad.com\/fr\/filles-a-bangkok\/\" \/>\n<meta property=\"og:locale\" content=\"fr_FR\" \/>\n<meta property=\"og:type\" content=\"article\" \/>\n<meta property=\"og:title\" content=\"Beer Bar Girls in Bangkok - How Much Does it Cost? - A Farang Abroad\" \/>\n<meta property=\"og:description\" content=\"Find out what it costs to get yourself a girl in Bangkok, and how you can get girls without spending any money!\" \/>\n<meta property=\"og:url\" content=\"https:\/\/afarangabroad.com\/fr\/filles-a-bangkok\/\" \/>\n<meta property=\"og:site_name\" content=\"A Farang Abroad\" \/>\n<meta property=\"article:modified_time\" content=\"2024-10-22T02:03:58+00:00\" \/>\n<meta property=\"og:image\" content=\"https:\/\/afarangabroad.com\/wp-content\/uploads\/2014\/12\/Thai-bank-account.jpg\" \/>\n\t<meta property=\"og:image:width\" content=\"1024\" \/>\n\t<meta property=\"og:image:height\" content=\"768\" \/>\n\t<meta property=\"og:image:type\" content=\"image\/jpeg\" \/>\n<meta name=\"twitter:label1\" content=\"Dur\u00e9e de lecture estim\u00e9e\" \/>\n\t<meta name=\"twitter:data1\" content=\"6 minutes\" \/>\n<script type=\"application\/ld+json\" class=\"yoast-schema-graph\">{\"@context\":\"https:\/\/schema.org\",\"@graph\":[{\"@type\":\"WebPage\",\"@id\":\"https:\/\/afarangabroad.com\/girls-in-bangkok\/\",\"url\":\"https:\/\/afarangabroad.com\/girls-in-bangkok\/\",\"name\":\"Beer Bar Girls in Bangkok - How Much Does it Cost? - A Farang Abroad\",\"isPartOf\":{\"@id\":\"https:\/\/afarangabroad.com\/#website\"},\"datePublished\":\"2015-12-31T09:29:33+00:00\",\"dateModified\":\"2024-10-22T02:03:58+00:00\",\"description\":\"Find out what it costs to get yourself a girl in Bangkok, and how you can get girls without spending any money!\",\"breadcrumb\":{\"@id\":\"https:\/\/afarangabroad.com\/girls-in-bangkok\/#breadcrumb\"},\"inLanguage\":\"fr-FR\",\"potentialAction\":[{\"@type\":\"ReadAction\",\"target\":[\"https:\/\/afarangabroad.com\/girls-in-bangkok\/\"]}]},{\"@type\":\"BreadcrumbList\",\"@id\":\"https:\/\/afarangabroad.com\/girls-in-bangkok\/#breadcrumb\",\"itemListElement\":[{\"@type\":\"ListItem\",\"position\":1,\"name\":\"Home\",\"item\":\"https:\/\/afarangabroad.com\/\"},{\"@type\":\"ListItem\",\"position\":2,\"name\":\"Beer Bar Girls in Bangkok &#8211; How Much Does it Cost?\"}]},{\"@type\":\"WebSite\",\"@id\":\"https:\/\/afarangabroad.com\/#website\",\"url\":\"https:\/\/afarangabroad.com\/\",\"name\":\"A Farang Abroad\",\"description\":\"Your secret guide to Asia&#039;s sexiest nightlife.\",\"potentialAction\":[{\"@type\":\"SearchAction\",\"target\":{\"@type\":\"EntryPoint\",\"urlTemplate\":\"https:\/\/afarangabroad.com\/?s={search_term_string}\"},\"query-input\":\"required name=search_term_string\"}],\"inLanguage\":\"fr-FR\"}]}<\/script>\n<!-- \/ Yoast SEO plugin. -->","yoast_head_json":{"title":"Beer Bar Girls in Bangkok - How Much Does it Cost? - A Farang Abroad","description":"Find out what it costs to get yourself a girl in Bangkok, and how you can get girls without spending any money!","robots":{"index":"index","follow":"follow","max-snippet":"max-snippet:-1","max-image-preview":"max-image-preview:large","max-video-preview":"max-video-preview:-1"},"canonical":"https:\/\/afarangabroad.com\/fr\/filles-a-bangkok\/","og_locale":"fr_FR","og_type":"article","og_title":"Beer Bar Girls in Bangkok - How Much Does it Cost? - A Farang Abroad","og_description":"Find out what it costs to get yourself a girl in Bangkok, and how you can get girls without spending any money!","og_url":"https:\/\/afarangabroad.com\/fr\/filles-a-bangkok\/","og_site_name":"A Farang Abroad","article_modified_time":"2024-10-22T02:03:58+00:00","og_image":[{"width":1024,"height":768,"url":"https:\/\/afarangabroad.com\/wp-content\/uploads\/2014\/12\/Thai-bank-account.jpg","type":"image\/jpeg"}],"twitter_misc":{"Dur\u00e9e de lecture estim\u00e9e":"6 minutes"},"schema":{"@context":"https:\/\/schema.org","@graph":[{"@type":"WebPage","@id":"https:\/\/afarangabroad.com\/girls-in-bangkok\/","url":"https:\/\/afarangabroad.com\/girls-in-bangkok\/","name":"Beer Bar Girls in Bangkok - How Much Does it Cost? - A Farang Abroad","isPartOf":{"@id":"https:\/\/afarangabroad.com\/#website"},"datePublished":"2015-12-31T09:29:33+00:00","dateModified":"2024-10-22T02:03:58+00:00","description":"Find out what it costs to get yourself a girl in Bangkok, and how you can get girls without spending any money!","breadcrumb":{"@id":"https:\/\/afarangabroad.com\/girls-in-bangkok\/#breadcrumb"},"inLanguage":"fr-FR","potentialAction":[{"@type":"ReadAction","target":["https:\/\/afarangabroad.com\/girls-in-bangkok\/"]}]},{"@type":"BreadcrumbList","@id":"https:\/\/afarangabroad.com\/girls-in-bangkok\/#breadcrumb","itemListElement":[{"@type":"ListItem","position":1,"name":"Home","item":"https:\/\/afarangabroad.com\/"},{"@type":"ListItem","position":2,"name":"Beer Bar Girls in Bangkok &#8211; How Much Does it Cost?"}]},{"@type":"WebSite","@id":"https:\/\/afarangabroad.com\/#website","url":"https:\/\/afarangabroad.com\/","name":"A Farang Abroad","description":"Your secret guide to Asia&#039;s sexiest nightlife.","potentialAction":[{"@type":"SearchAction","target":{"@type":"EntryPoint","urlTemplate":"https:\/\/afarangabroad.com\/?s={search_term_string}"},"query-input":"required name=search_term_string"}],"inLanguage":"fr-FR"}]}},"_links":{"self":[{"href":"https:\/\/afarangabroad.com\/fr\/wp-json\/wp\/v2\/pages\/6787"}],"collection":[{"href":"https:\/\/afarangabroad.com\/fr\/wp-json\/wp\/v2\/pages"}],"about":[{"href":"https:\/\/afarangabroad.com\/fr\/wp-json\/wp\/v2\/types\/page"}],"author":[{"embeddable":true,"href":"https:\/\/afarangabroad.com\/fr\/wp-json\/wp\/v2\/users\/2"}],"replies":[{"embeddable":true,"href":"https:\/\/afarangabroad.com\/fr\/wp-json\/wp\/v2\/comments?post=6787"}],"version-history":[{"count":5,"href":"https:\/\/afarangabroad.com\/fr\/wp-json\/wp\/v2\/pages\/6787\/revisions"}],"predecessor-version":[{"id":513563,"href":"https:\/\/afarangabroad.com\/fr\/wp-json\/wp\/v2\/pages\/6787\/revisions\/513563"}],"wp:featuredmedia":[{"embeddable":true,"href":"https:\/\/afarangabroad.com\/fr\/wp-json\/wp\/v2\/media\/4369"}],"wp:attachment":[{"href":"https:\/\/afarangabroad.com\/fr\/wp-json\/wp\/v2\/media?parent=6787"}],"wp:term":[{"taxonomy":"category","embeddable":true,"href":"https:\/\/afarangabroad.com\/fr\/wp-json\/wp\/v2\/categories?post=6787"},{"taxonomy":"post_tag","embeddable":true,"href":"https:\/\/afarangabroad.com\/fr\/wp-json\/wp\/v2\/tags?post=6787"}],"curies":[{"name":"wp","href":"https:\/\/api.w.org\/{rel}","templated":true}]}}