{"id":6825,"date":"2016-01-07T08:26:15","date_gmt":"2016-01-07T08:26:15","guid":{"rendered":"https:\/\/afarangabroad.com\/?p=6825"},"modified":"2024-10-22T03:05:20","modified_gmt":"2024-10-22T02:05:20","slug":"the-pimp-bangkok","status":"publish","type":"page","link":"https:\/\/afarangabroad.com\/fr\/le-proxenete-bangkok\/","title":{"rendered":"The Pimp Bangkok - Gentlemen Club Review"},"content":{"rendered":"The Pimp in Bangkok is a gentlemen\u2019s club, you see comfortable lounging chairs with women working as your hostess for the night. Pouring drinks and lighting cigarettes for you (if permitted).\n\nIf you want to meet <strong>Thai girls for free<\/strong>, <a href=\"https:\/\/afarangabroad.com\/fr\/thai-cupid-dating-site\/\" target=\"_blank\" rel=\"noopener noreferrer\">alors consultez cet article<\/a>.\n\n<a href=\"https:\/\/afarangabroad.com\/fr\/thai-friendly-dating\/\" target=\"_blank\" rel=\"noopener noreferrer\"><img loading=\"lazy\" decoding=\"async\" class=\"aligncenter size-large wp-image-7403\" src=\"https:\/\/afarangabroad.com\/wp-content\/uploads\/2016\/07\/Meet-Thai-girls1-1024x691-min-1024x691.jpg\" alt=\"Meet-Thai-girls\" width=\"600\" height=\"405\" srcset=\"https:\/\/afarangabroad.com\/wp-content\/uploads\/2016\/07\/Meet-Thai-girls1-1024x691-min.jpg 1024w, https:\/\/afarangabroad.com\/wp-content\/uploads\/2016\/07\/Meet-Thai-girls1-1024x691-min-300x202.jpg 300w, https:\/\/afarangabroad.com\/wp-content\/uploads\/2016\/07\/Meet-Thai-girls1-1024x691-min-768x518.jpg 768w, https:\/\/afarangabroad.com\/wp-content\/uploads\/2016\/07\/Meet-Thai-girls1-1024x691-min-660x445.jpg 660w\" sizes=\"(max-width: 600px) 100vw, 600px\" \/><\/a>\n\nThere is also live music playing. This is an upscale entertainment venue for those who have fat pockets to spend. You will see stories of patrons who ended up spending around 60,000 to 80,000 baht over just one night. It seems scary but it should interest you why there are still people going to these type of establishments.\n\nBangkok is well known as one of the sex tourism capital in Southeast Asia. Of course, Bangkok also has gentlemen\u2019s clubs sprawled all over the city.\n\nOne of them is The Pimp Bangkok.\n<h2><strong>Localisation de The Pimp<\/strong><\/h2>\nLe Pimp Bangkok est situ\u00e9 sur Pratcha Uthit Road dans le quartier de Meng Jai.\n\n<iframe loading=\"lazy\" style=\"border: 0;\" src=\"https:\/\/www.google.com\/maps\/embed?pb=!1m18!1m12!1m3!1d3875.183199605643!2d100.59898231464204!3d13.76782320063182!2m3!1f0!2f0!3f0!3m2!1i1024!2i768!4f13.1!3m3!1m2!1s0x30e29e1eb1f4ec1f%3A0xefacb0a05bbd47c2!2sTHE+PIMP%C2%AE+CLUB+BANGKOK!5e0!3m2!1sen!2sth!4v1452154909886\" width=\"600\" height=\"450\" frameborder=\"0\" allowfullscreen=\"allowfullscreen\"><\/iframe>\n\nThey first opened back in 2010 up to this day. They have been one of the top and famous gentlemen\u2019s clubs in Bangkok. This is an exclusive club which means that you would have to pay for the membership fee of 20,000 baht which includes of 12 bottles. When you become a member, drinks are priced at 270 baht while non-members pay 330 baht. Girls are 250 baht per sit.\n<h2>Body Bliss Massage Bangkok<\/h2>\n<!-- \/wp:heading --> <!-- wp:paragraph -->\n\nBody Bliss Massage est un nouveau mais tr\u00e8s bon massage outcall o\u00f9 vous pouvez obtenir des handjobs \u00e0 Bangkok. Ils offrent des services pour les hommes et les femmes.\n\n<!-- \/wp:paragraph --> <!-- wp:image {\"align\":\"center\",\"id\":10396,\"linkDestination\":\"custom\"} -->\n<figure class=\"wp-block-image aligncenter\"><!-- wp:image {\"align\":\"center\",\"id\":513386,\"width\":399,\"height\":711,\"sizeSlug\":\"large\",\"linkDestination\":\"custom\"} -->\n<figure class=\"wp-block-image aligncenter size-large is-resized\"><a href=\"https:\/\/bodyblissbangkok.com\/\" target=\"_blank\" rel=\"nofollow noopener\"><img loading=\"lazy\" decoding=\"async\" class=\"wp-image-513386\" src=\"https:\/\/afarangabroad.com\/wp-content\/uploads\/2023\/12\/body-bliss-massage-575x1024.jpg\" alt=\"body bliss massage\" width=\"399\" height=\"711\" srcset=\"https:\/\/afarangabroad.com\/wp-content\/uploads\/2023\/12\/body-bliss-massage-575x1024.jpg 575w, https:\/\/afarangabroad.com\/wp-content\/uploads\/2023\/12\/body-bliss-massage-168x300.jpg 168w, https:\/\/afarangabroad.com\/wp-content\/uploads\/2023\/12\/body-bliss-massage-768x1368.jpg 768w, https:\/\/afarangabroad.com\/wp-content\/uploads\/2023\/12\/body-bliss-massage-862x1536.jpg 862w, https:\/\/afarangabroad.com\/wp-content\/uploads\/2023\/12\/body-bliss-massage.jpg 904w\" sizes=\"(max-width: 399px) 100vw, 399px\" \/><\/a><\/figure>\n<!-- \/wp:image --><\/figure>\n<!-- \/wp:image --> <!-- wp:paragraph -->\n\nIls proposent une gamme de massages, y compris les massages savonneux et les massages de la prostate. Vous pouvez voir toutes leurs filles en visitant leur site web \u00e0 l'adresse suivante <a href=\"http:\/\/www.bodyblissbangkok.com\/\" target=\"_blank\" rel=\"nofollow noopener\">BodyBlissBangkok.com<\/a>\n<h2>Bangkok l'exotique<\/h2>\nExotic Bangkok est le plus r\u00e9cent prestataire de massages sur appel ou \u00e0 l'ext\u00e9rieur. On y trouve de tout, des massages tantriques aux massages nuru, en passant par les massages pervers. Ils ont quelques-unes des meilleures filles de Bangkok. Pour l'incall, vous les trouverez \u00e0 Sukhumvit 20. Vous pouvez consulter leurs offres ici : <a href=\"https:\/\/exoticmassagebangkok.com\/\">ExoticMassageBangkok.com<\/a>\n\n<a href=\"https:\/\/exoticmassagebangkok.com\/\"><img loading=\"lazy\" decoding=\"async\" class=\"aligncenter wp-image-513539\" src=\"https:\/\/afarangabroad.com\/wp-content\/uploads\/2024\/08\/image_123650291-691x1024.jpg\" alt=\"\" width=\"400\" height=\"593\" srcset=\"https:\/\/afarangabroad.com\/wp-content\/uploads\/2024\/08\/image_123650291-691x1024.jpg 691w, https:\/\/afarangabroad.com\/wp-content\/uploads\/2024\/08\/image_123650291-202x300.jpg 202w, https:\/\/afarangabroad.com\/wp-content\/uploads\/2024\/08\/image_123650291.jpg 700w\" sizes=\"(max-width: 400px) 100vw, 400px\" \/><\/a>\n<h2><strong>Combien cela co\u00fbte-t-il ?<\/strong><\/h2>\nLe Pimp n'est pas fait pour les personnes qui ont un budget serr\u00e9. Attendez-vous \u00e0 payer plus que ce que vous payez habituellement dans un bar normal ou un bordel de bas \u00e9tage. Mais bien s\u00fbr, quand vous payez plus cher, vous obtenez plus en termes de qualit\u00e9.\n\n<iframe loading=\"lazy\" title=\"WOW Hot Model Club :  Le PIMP\u00ae BANGKOK\" width=\"678\" height=\"381\" src=\"https:\/\/www.youtube.com\/embed\/dGZKR-YMLZw?feature=oembed\" frameborder=\"0\" allow=\"accelerometer; autoplay; clipboard-write; encrypted-media; gyroscope; picture-in-picture; web-share\" allowfullscreen><\/iframe>\n\nThis gentleman\u2019s club has a main room with a stage. It also has several VIP rooms. When you say VIP room it means that you should have lots of money to spend. It is not literally a gentlemen\u2019s club because 10% of its patrons are lesbians. I believe that as long as you are loaded with money, you can be able to get in the g club. But does it really matter?\n<h2><strong>Le Pimp est-il un club de go go normal \u00e0 Bangkok ?<\/strong><\/h2>\nGoing to The Pimp Bangkok is a professional establishment where you actually pay to chat with girls. Only that it costs a lot of money.\n\nI could not tell you exactly how much the going rates are for having sex with girls from The Pimp Bangkok because most of these girls are working as hostesses and nothing more than that. As you enter the club, you will see a typical nightclub\/bar with bands and DJ\u2019s playing music. The bands are quite okay. I could not say that I am amazed but they are quite okay. DJ\u2019s are playing the hippest music which provides the bikini clad girls dance music to groove on to, in an erotic way that is.\n\nWhen it is your first time to enter The Pimp, just make sure that you ask for the menu first. It is best that you actually know and see in fine print how much you will actually be spending. Drinks are especially expensive and most girls can be quite aggressive for you to open a bottle of liquor worth 5,000 baht. If you get tipsy or drunk, expect that your wallet will run dry for that night.\n\n<iframe loading=\"lazy\" title=\"THE PIMP\u00ae - La meilleure bo\u00eete de nuit VIP de Bangkok\" width=\"678\" height=\"381\" src=\"https:\/\/www.youtube.com\/embed\/qVMsOLfpQA4?feature=oembed\" frameborder=\"0\" allow=\"accelerometer; autoplay; clipboard-write; encrypted-media; gyroscope; picture-in-picture; web-share\" allowfullscreen><\/iframe>\n\nL'avantage de The Pimp Bangkok, c'est que les <a href=\"https:\/\/afarangabroad.com\/fr\/thai-girls\/\" target=\"_blank\" rel=\"noopener noreferrer\">les filles sont de loin les plus jolies<\/a>. They are sexually attractive, young Thai university girls. They also smell real good. You would actually feel as if you were a kid who had just walked inside a candy shop. You couldn\u2019t help but ogle at them wearing their skimpiest, sexy and revealing outfits. If you are looking for top class girls, then The Pimp is a definite place to visit.\n\nDiscerning men would actually prefer to go to this place maybe because of the quality of the girls. They also host themed parties to make sure that patrons do not get bored with the usual routine.\n<h2><strong>Un moyen facile et bon march\u00e9 de rencontrer des filles chaudes<\/strong><\/h2>\nOutre les bars et les bo\u00eetes de nuit, il existe un moyen simple de rencontrer des filles sexy. Vous pouvez opter pour des sites de rencontre en ligne tels que <a href=\"https:\/\/afarangabroad.com\/fr\/thai-friendly-dating\/\" target=\"_blank\" rel=\"noopener noreferrer\">ThaiFriendly<\/a>. Compar\u00e9 \u00e0 un club comme The Pimp Bangkok, vous pouvez rencontrer et discuter avec des filles chaudes pour un co\u00fbt minime. Vous pouvez fixer un rendez-vous avec elles tout en restant dans le confort de votre chambre.\n\n<a href=\"https:\/\/afarangabroad.com\/fr\/thai-cupid-dating-site\/\" target=\"_blank\" rel=\"noopener noreferrer\"><img loading=\"lazy\" decoding=\"async\" class=\"alignnone size-full wp-image-6836\" src=\"https:\/\/afarangabroad.com\/wp-content\/uploads\/2016\/01\/1003578_1102492289783727_8997417009058148532_n.jpg\" alt=\"1003578_1102492289783727_8997417009058148532_n\" width=\"639\" height=\"960\" srcset=\"https:\/\/afarangabroad.com\/wp-content\/uploads\/2016\/01\/1003578_1102492289783727_8997417009058148532_n.jpg 639w, https:\/\/afarangabroad.com\/wp-content\/uploads\/2016\/01\/1003578_1102492289783727_8997417009058148532_n-200x300.jpg 200w, https:\/\/afarangabroad.com\/wp-content\/uploads\/2016\/01\/1003578_1102492289783727_8997417009058148532_n-300x451.jpg 300w\" sizes=\"(max-width: 639px) 100vw, 639px\" \/><\/a>\n\nThe best thing about this is that you can just pay for dinner, a couple of drinks and if the night goes well \u2013 you can bring her back to your hotel room and get free. However, there are also freelancers who signs up to the website in the hopes of getting more client for the night.\n\nIf you want to meet <strong>Thai girls for free<\/strong>, <a href=\"https:\/\/afarangabroad.com\/fr\/thai-cupid-dating-site\/\" target=\"_blank\" rel=\"noopener noreferrer\">alors consultez cet article<\/a>.\n\nYou can be able to identify if they are good girls or if they are <a href=\"https:\/\/afarangabroad.com\/fr\/pattaya-freelancers\/\" target=\"_blank\" rel=\"noopener noreferrer\">freelances<\/a> just by looking at their profile. If they are prostitutes, they are more likely to wear more makeup compared to decent girls. Just make sure that you discuss prices prior to meeting up just to set both your expectations. The Pimp in Bangkok is not for the cheap.\n\nPimp website: <a href=\"https:\/\/www.pimpbangkok.com\">www.pimpbangkok.com<\/a>\n\n<!-- wp:paragraph -->\n\n<!-- \/wp:paragraph -->","protected":false},"excerpt":{"rendered":"<p>The Pimp in Bangkok is a gentlemen\u2019s club, you see comfortable lounging chairs with women working as your hostess for the night. Pouring drinks and lighting cigarettes for you (if permitted). If you want to meet Thai girls for free, then check out this article. There is also live music playing. This is an upscale [&hellip;]<\/p>","protected":false},"author":2,"featured_media":6836,"parent":0,"menu_order":0,"comment_status":"open","ping_status":"open","template":"","meta":{"_exactmetrics_skip_tracking":false,"_exactmetrics_sitenote_active":false,"_exactmetrics_sitenote_note":"","_exactmetrics_sitenote_category":0,"footnotes":""},"categories":[298],"tags":[],"class_list":["post-6825","page","type-page","status-publish","has-post-thumbnail","hentry","category-bangkok-nightlife"],"yoast_head":"<!-- This site is optimized with the Yoast SEO plugin v20.1 - https:\/\/yoast.com\/wordpress\/plugins\/seo\/ -->\n<title>The Pimp Bangkok - Gentlemen Club Review - A Farang Abroad<\/title>\n<meta name=\"description\" content=\"Are you thinking of going to the pimp in Bangkok? Find out what it costs and what it&#039;s like inside. I&#039;ll discuss how it works and the cost of girls.\" \/>\n<meta name=\"robots\" content=\"index, follow, max-snippet:-1, max-image-preview:large, max-video-preview:-1\" \/>\n<link rel=\"canonical\" href=\"https:\/\/afarangabroad.com\/fr\/le-proxenete-bangkok\/\" \/>\n<meta property=\"og:locale\" content=\"fr_FR\" \/>\n<meta property=\"og:type\" content=\"article\" \/>\n<meta property=\"og:title\" content=\"The Pimp Bangkok - Gentlemen Club Review - A Farang Abroad\" \/>\n<meta property=\"og:description\" content=\"Are you thinking of going to the pimp in Bangkok? Find out what it costs and what it&#039;s like inside. I&#039;ll discuss how it works and the cost of girls.\" \/>\n<meta property=\"og:url\" content=\"https:\/\/afarangabroad.com\/fr\/le-proxenete-bangkok\/\" \/>\n<meta property=\"og:site_name\" content=\"A Farang Abroad\" \/>\n<meta property=\"article:modified_time\" content=\"2024-10-22T02:05:20+00:00\" \/>\n<meta property=\"og:image\" content=\"https:\/\/afarangabroad.com\/wp-content\/uploads\/2016\/01\/1003578_1102492289783727_8997417009058148532_n.jpg\" \/>\n\t<meta property=\"og:image:width\" content=\"639\" \/>\n\t<meta property=\"og:image:height\" content=\"960\" \/>\n\t<meta property=\"og:image:type\" content=\"image\/jpeg\" \/>\n<meta name=\"twitter:label1\" content=\"Dur\u00e9e de lecture estim\u00e9e\" \/>\n\t<meta name=\"twitter:data1\" content=\"6 minutes\" \/>\n<script type=\"application\/ld+json\" class=\"yoast-schema-graph\">{\"@context\":\"https:\/\/schema.org\",\"@graph\":[{\"@type\":\"WebPage\",\"@id\":\"https:\/\/afarangabroad.com\/the-pimp-bangkok\/\",\"url\":\"https:\/\/afarangabroad.com\/the-pimp-bangkok\/\",\"name\":\"The Pimp Bangkok - Gentlemen Club Review - A Farang Abroad\",\"isPartOf\":{\"@id\":\"https:\/\/afarangabroad.com\/#website\"},\"datePublished\":\"2016-01-07T08:26:15+00:00\",\"dateModified\":\"2024-10-22T02:05:20+00:00\",\"description\":\"Are you thinking of going to the pimp in Bangkok? Find out what it costs and what it's like inside. I'll discuss how it works and the cost of girls.\",\"breadcrumb\":{\"@id\":\"https:\/\/afarangabroad.com\/the-pimp-bangkok\/#breadcrumb\"},\"inLanguage\":\"fr-FR\",\"potentialAction\":[{\"@type\":\"ReadAction\",\"target\":[\"https:\/\/afarangabroad.com\/the-pimp-bangkok\/\"]}]},{\"@type\":\"BreadcrumbList\",\"@id\":\"https:\/\/afarangabroad.com\/the-pimp-bangkok\/#breadcrumb\",\"itemListElement\":[{\"@type\":\"ListItem\",\"position\":1,\"name\":\"Home\",\"item\":\"https:\/\/afarangabroad.com\/\"},{\"@type\":\"ListItem\",\"position\":2,\"name\":\"The Pimp Bangkok &#8211; Gentlemen Club Review\"}]},{\"@type\":\"WebSite\",\"@id\":\"https:\/\/afarangabroad.com\/#website\",\"url\":\"https:\/\/afarangabroad.com\/\",\"name\":\"A Farang Abroad\",\"description\":\"Your secret guide to Asia&#039;s sexiest nightlife.\",\"potentialAction\":[{\"@type\":\"SearchAction\",\"target\":{\"@type\":\"EntryPoint\",\"urlTemplate\":\"https:\/\/afarangabroad.com\/?s={search_term_string}\"},\"query-input\":\"required name=search_term_string\"}],\"inLanguage\":\"fr-FR\"}]}<\/script>\n<!-- \/ Yoast SEO plugin. -->","yoast_head_json":{"title":"The Pimp Bangkok - Gentlemen Club Review - A Farang Abroad","description":"Are you thinking of going to the pimp in Bangkok? Find out what it costs and what it's like inside. I'll discuss how it works and the cost of girls.","robots":{"index":"index","follow":"follow","max-snippet":"max-snippet:-1","max-image-preview":"max-image-preview:large","max-video-preview":"max-video-preview:-1"},"canonical":"https:\/\/afarangabroad.com\/fr\/le-proxenete-bangkok\/","og_locale":"fr_FR","og_type":"article","og_title":"The Pimp Bangkok - Gentlemen Club Review - A Farang Abroad","og_description":"Are you thinking of going to the pimp in Bangkok? Find out what it costs and what it's like inside. I'll discuss how it works and the cost of girls.","og_url":"https:\/\/afarangabroad.com\/fr\/le-proxenete-bangkok\/","og_site_name":"A Farang Abroad","article_modified_time":"2024-10-22T02:05:20+00:00","og_image":[{"width":639,"height":960,"url":"https:\/\/afarangabroad.com\/wp-content\/uploads\/2016\/01\/1003578_1102492289783727_8997417009058148532_n.jpg","type":"image\/jpeg"}],"twitter_misc":{"Dur\u00e9e de lecture estim\u00e9e":"6 minutes"},"schema":{"@context":"https:\/\/schema.org","@graph":[{"@type":"WebPage","@id":"https:\/\/afarangabroad.com\/the-pimp-bangkok\/","url":"https:\/\/afarangabroad.com\/the-pimp-bangkok\/","name":"The Pimp Bangkok - Gentlemen Club Review - A Farang Abroad","isPartOf":{"@id":"https:\/\/afarangabroad.com\/#website"},"datePublished":"2016-01-07T08:26:15+00:00","dateModified":"2024-10-22T02:05:20+00:00","description":"Are you thinking of going to the pimp in Bangkok? Find out what it costs and what it's like inside. I'll discuss how it works and the cost of girls.","breadcrumb":{"@id":"https:\/\/afarangabroad.com\/the-pimp-bangkok\/#breadcrumb"},"inLanguage":"fr-FR","potentialAction":[{"@type":"ReadAction","target":["https:\/\/afarangabroad.com\/the-pimp-bangkok\/"]}]},{"@type":"BreadcrumbList","@id":"https:\/\/afarangabroad.com\/the-pimp-bangkok\/#breadcrumb","itemListElement":[{"@type":"ListItem","position":1,"name":"Home","item":"https:\/\/afarangabroad.com\/"},{"@type":"ListItem","position":2,"name":"The Pimp Bangkok &#8211; Gentlemen Club Review"}]},{"@type":"WebSite","@id":"https:\/\/afarangabroad.com\/#website","url":"https:\/\/afarangabroad.com\/","name":"A Farang Abroad","description":"Your secret guide to Asia&#039;s sexiest nightlife.","potentialAction":[{"@type":"SearchAction","target":{"@type":"EntryPoint","urlTemplate":"https:\/\/afarangabroad.com\/?s={search_term_string}"},"query-input":"required name=search_term_string"}],"inLanguage":"fr-FR"}]}},"_links":{"self":[{"href":"https:\/\/afarangabroad.com\/fr\/wp-json\/wp\/v2\/pages\/6825"}],"collection":[{"href":"https:\/\/afarangabroad.com\/fr\/wp-json\/wp\/v2\/pages"}],"about":[{"href":"https:\/\/afarangabroad.com\/fr\/wp-json\/wp\/v2\/types\/page"}],"author":[{"embeddable":true,"href":"https:\/\/afarangabroad.com\/fr\/wp-json\/wp\/v2\/users\/2"}],"replies":[{"embeddable":true,"href":"https:\/\/afarangabroad.com\/fr\/wp-json\/wp\/v2\/comments?post=6825"}],"version-history":[{"count":4,"href":"https:\/\/afarangabroad.com\/fr\/wp-json\/wp\/v2\/pages\/6825\/revisions"}],"predecessor-version":[{"id":513566,"href":"https:\/\/afarangabroad.com\/fr\/wp-json\/wp\/v2\/pages\/6825\/revisions\/513566"}],"wp:featuredmedia":[{"embeddable":true,"href":"https:\/\/afarangabroad.com\/fr\/wp-json\/wp\/v2\/media\/6836"}],"wp:attachment":[{"href":"https:\/\/afarangabroad.com\/fr\/wp-json\/wp\/v2\/media?parent=6825"}],"wp:term":[{"taxonomy":"category","embeddable":true,"href":"https:\/\/afarangabroad.com\/fr\/wp-json\/wp\/v2\/categories?post=6825"},{"taxonomy":"post_tag","embeddable":true,"href":"https:\/\/afarangabroad.com\/fr\/wp-json\/wp\/v2\/tags?post=6825"}],"curies":[{"name":"wp","href":"https:\/\/api.w.org\/{rel}","templated":true}]}}