{"id":6949,"date":"2016-02-10T09:37:45","date_gmt":"2016-02-10T09:37:45","guid":{"rendered":"https:\/\/afarangabroad.com\/?p=6949"},"modified":"2019-01-08T06:25:30","modified_gmt":"2019-01-08T06:25:30","slug":"laos-nightlife","status":"publish","type":"page","link":"https:\/\/afarangabroad.com\/fr\/vie-nocturne-au-laos\/","title":{"rendered":"Guide ultime de la vie nocturne au Laos pour les touristes"},"content":{"rendered":"<p>Le Laos est un pays bien connu pour \u00eatre une nation enclav\u00e9e qui r\u00e9serve bien des surprises si vous cherchez un endroit pour passer vos vacances ou simplement pour vous d\u00e9tendre et vous amuser avec vos amis.<\/p>\n<p>Si vous voulez <strong>s'envoyer en l'air<\/strong> avec <a href=\"https:\/\/afarangabroad.com\/fr\/laos-girls\/\" target=\"_blank\" rel=\"noopener\">Les filles du Laos<\/a>, <a href=\"https:\/\/afarangabroad.com\/fr\/rencontres-asiatiques\/\" target=\"_blank\" rel=\"noopener\">lire cet article<\/a>.<\/p>\n<p>Le Laos est l'un des meilleurs endroits o\u00f9 l'on puisse trouver les hauts plateaux montagneux du nord et, bien s\u00fbr, les c\u00e9l\u00e8bres 4 000 \u00eeles du M\u00e9kong, ce qui conf\u00e8re au pays une g\u00e9ographie incroyablement diversifi\u00e9e qui s'accorde parfaitement avec sa culture color\u00e9e.<\/p>\n<p>Tout comme d'autres pays et villes touristiques que nous connaissons, le Laos essaie \u00e9galement d'attirer les touristes et d'obtenir un bon march\u00e9 gr\u00e2ce \u00e0 eux. Le Laos est \u00e9galement en phase de d\u00e9veloppement et d'innovation pour pouvoir rivaliser avec d'autres pays et villes et de nombreux voyageurs et routards ont pu d\u00e9couvrir ce joyau inexploit\u00e9 de l'Asie du Sud-Est et une partie de ses \u00e9tapes de d\u00e9veloppement sont ses points forts naturels, ses magnifiques temples, ses villages ethniques, ses mus\u00e9es, ses march\u00e9s nocturnes et matinaux et, bien s\u00fbr, la vie nocturne \u00e0 Vientiane.<\/p>\n<p>Apr\u00e8s l'\u00e9volution de la belle ville du Laos, la petite ville de p\u00eacheurs endormie du M\u00e9kong a finalement trouv\u00e9 sa voix et est devenue une grande attraction pour les touristes.<\/p>\n<p>We can already find a lot of bars and pubs in the city in where we can spend the entire night when staying at Laos. As Laos tries to go with the trend we are in today, we can already find a nightlife that is located at the majestic river in the city\u2019s heart which is truly one of the city\u2019s major attractions to its visitors. I actually have a list of bars here which I highly recommend.<\/p>\n<h2><strong>Listes des bars et pubs au Laos<\/strong><\/h2>\n<h2><strong>Maison des esprits<\/strong><\/h2>\n<p>Spirit House est un bar et un restaurant bien connu qui se trouve dans le district de Sikhottabong, \u00e0 Vientiane. Il est ouvert de 7 heures du matin \u00e0 11 heures du soir.<\/p>\n<p>Beaucoup de gens aiment ce bar car il propose un petit d\u00e9jeuner au bord de l'eau, des sp\u00e9cialit\u00e9s locales pour le d\u00e9jeuner et une s\u00e9lection de tapas en regardant le magnifique coucher de soleil, ce qui rend ce bar et restaurant disponible pour ses clients pendant toute la journ\u00e9e, en particulier pendant la vie nocturne au Laos.<\/p>\n<p>Ce que les gens appr\u00e9cient \u00e9galement dans ce bar lounge styl\u00e9, c'est son int\u00e9rieur en bois et sa musique de fond qui cr\u00e9e une atmosph\u00e8re haut de gamme qui attire les locaux et les expatri\u00e9s sans m\u00eame qu'ils aient l'impression de d\u00e9penser leur argent. Spirit House propose des plats tout au long de la journ\u00e9e, des hamburgers aux sushis, et bien s\u00fbr des spiritueux, des vins, des cocktails et des bi\u00e8res internationales qui sont parfaits pour regarder le coucher de soleil avec des amis sur le M\u00e9kong et attendre la vie nocturne de Vientiane.<\/p>\n<p><iframe loading=\"lazy\" style=\"border: 0;\" src=\"https:\/\/www.google.com\/maps\/embed?pb=!1m14!1m8!1m3!1d15181.06994592043!2d102.5954452!3d17.9662881!3m2!1i1024!2i768!4f13.1!3m3!1m2!1s0x0%3A0xa53aafdfb8348c74!2sThe+Spirit+House!5e0!3m2!1sen!2sth!4v1455096583069\" width=\"600\" height=\"450\" frameborder=\"0\" allowfullscreen=\"allowfullscreen\"><\/iframe><\/p>\n<h3><strong>Centre de bowling Lao<\/strong><\/h3>\n<p>L'un des bars les plus fr\u00e9quent\u00e9s de Vientiane est ce bowling situ\u00e9 sur le boulevard Khunbulom, o\u00f9 vous pourrez passer une soir\u00e9e anim\u00e9e avec des habitants joyeux, de la bi\u00e8re fra\u00eeche et de la musique forte. Ce bowling de Vientiane est le meilleur endroit o\u00f9 aller si vous cherchez des Laotiens de classe moyenne qui s'amusent. Il est ouvert de 9 heures \u00e0 1 heure du matin et parfois plus tard, surtout lorsque l'endroit est plus fr\u00e9quent\u00e9.<\/p>","protected":false},"excerpt":{"rendered":"<p>Laos is a well-known country for being a landlocked nation that has full of surprises and if you are looking for a place to spend your holiday or just simply chill-out and have fun with some friends. If you want to get laid with Laos girls, check out this article. Laos is one of the [&hellip;]<\/p>","protected":false},"author":2,"featured_media":6591,"parent":0,"menu_order":0,"comment_status":"open","ping_status":"open","template":"","meta":{"_exactmetrics_skip_tracking":false,"_exactmetrics_sitenote_active":false,"_exactmetrics_sitenote_note":"","_exactmetrics_sitenote_category":0,"footnotes":""},"categories":[329],"tags":[],"class_list":["post-6949","page","type-page","status-publish","has-post-thumbnail","hentry","category-laos-camboida-burma"],"yoast_head":"<!-- This site is optimized with the Yoast SEO plugin v20.1 - https:\/\/yoast.com\/wordpress\/plugins\/seo\/ -->\n<title>Ultimate Nightlife Guide To Laos For Tourists - A Farang Abroad<\/title>\n<meta name=\"description\" content=\"The ultimate Laos nightlife guide. Not sure where to go in Vientiane nightlife, I&#039;ve listed the best bars and nightclubs in the area.\" \/>\n<meta name=\"robots\" content=\"index, follow, max-snippet:-1, max-image-preview:large, max-video-preview:-1\" \/>\n<link rel=\"canonical\" href=\"https:\/\/afarangabroad.com\/fr\/vie-nocturne-au-laos\/\" \/>\n<meta property=\"og:locale\" content=\"fr_FR\" \/>\n<meta property=\"og:type\" content=\"article\" \/>\n<meta property=\"og:title\" content=\"Ultimate Nightlife Guide To Laos For Tourists - A Farang Abroad\" \/>\n<meta property=\"og:description\" content=\"The ultimate Laos nightlife guide. Not sure where to go in Vientiane nightlife, I&#039;ve listed the best bars and nightclubs in the area.\" \/>\n<meta property=\"og:url\" content=\"https:\/\/afarangabroad.com\/fr\/vie-nocturne-au-laos\/\" \/>\n<meta property=\"og:site_name\" content=\"A Farang Abroad\" \/>\n<meta property=\"article:modified_time\" content=\"2019-01-08T06:25:30+00:00\" \/>\n<meta property=\"og:image\" content=\"https:\/\/afarangabroad.com\/wp-content\/uploads\/2015\/12\/dj-720589_640.jpg\" \/>\n\t<meta property=\"og:image:width\" content=\"640\" \/>\n\t<meta property=\"og:image:height\" content=\"426\" \/>\n\t<meta property=\"og:image:type\" content=\"image\/jpeg\" \/>\n<meta name=\"twitter:label1\" content=\"Dur\u00e9e de lecture estim\u00e9e\" \/>\n\t<meta name=\"twitter:data1\" content=\"8 minutes\" \/>\n<script type=\"application\/ld+json\" class=\"yoast-schema-graph\">{\"@context\":\"https:\/\/schema.org\",\"@graph\":[{\"@type\":\"WebPage\",\"@id\":\"https:\/\/afarangabroad.com\/laos-nightlife\/\",\"url\":\"https:\/\/afarangabroad.com\/laos-nightlife\/\",\"name\":\"Ultimate Nightlife Guide To Laos For Tourists - A Farang Abroad\",\"isPartOf\":{\"@id\":\"https:\/\/afarangabroad.com\/#website\"},\"datePublished\":\"2016-02-10T09:37:45+00:00\",\"dateModified\":\"2019-01-08T06:25:30+00:00\",\"description\":\"The ultimate Laos nightlife guide. Not sure where to go in Vientiane nightlife, I've listed the best bars and nightclubs in the area.\",\"breadcrumb\":{\"@id\":\"https:\/\/afarangabroad.com\/laos-nightlife\/#breadcrumb\"},\"inLanguage\":\"fr-FR\",\"potentialAction\":[{\"@type\":\"ReadAction\",\"target\":[\"https:\/\/afarangabroad.com\/laos-nightlife\/\"]}]},{\"@type\":\"BreadcrumbList\",\"@id\":\"https:\/\/afarangabroad.com\/laos-nightlife\/#breadcrumb\",\"itemListElement\":[{\"@type\":\"ListItem\",\"position\":1,\"name\":\"Home\",\"item\":\"https:\/\/afarangabroad.com\/\"},{\"@type\":\"ListItem\",\"position\":2,\"name\":\"Ultimate Nightlife Guide To Laos For Tourists\"}]},{\"@type\":\"WebSite\",\"@id\":\"https:\/\/afarangabroad.com\/#website\",\"url\":\"https:\/\/afarangabroad.com\/\",\"name\":\"A Farang Abroad\",\"description\":\"Your secret guide to Asia&#039;s sexiest nightlife.\",\"potentialAction\":[{\"@type\":\"SearchAction\",\"target\":{\"@type\":\"EntryPoint\",\"urlTemplate\":\"https:\/\/afarangabroad.com\/?s={search_term_string}\"},\"query-input\":\"required name=search_term_string\"}],\"inLanguage\":\"fr-FR\"}]}<\/script>\n<!-- \/ Yoast SEO plugin. -->","yoast_head_json":{"title":"Ultimate Nightlife Guide To Laos For Tourists - A Farang Abroad","description":"The ultimate Laos nightlife guide. Not sure where to go in Vientiane nightlife, I've listed the best bars and nightclubs in the area.","robots":{"index":"index","follow":"follow","max-snippet":"max-snippet:-1","max-image-preview":"max-image-preview:large","max-video-preview":"max-video-preview:-1"},"canonical":"https:\/\/afarangabroad.com\/fr\/vie-nocturne-au-laos\/","og_locale":"fr_FR","og_type":"article","og_title":"Ultimate Nightlife Guide To Laos For Tourists - A Farang Abroad","og_description":"The ultimate Laos nightlife guide. Not sure where to go in Vientiane nightlife, I've listed the best bars and nightclubs in the area.","og_url":"https:\/\/afarangabroad.com\/fr\/vie-nocturne-au-laos\/","og_site_name":"A Farang Abroad","article_modified_time":"2019-01-08T06:25:30+00:00","og_image":[{"width":640,"height":426,"url":"https:\/\/afarangabroad.com\/wp-content\/uploads\/2015\/12\/dj-720589_640.jpg","type":"image\/jpeg"}],"twitter_misc":{"Dur\u00e9e de lecture estim\u00e9e":"8 minutes"},"schema":{"@context":"https:\/\/schema.org","@graph":[{"@type":"WebPage","@id":"https:\/\/afarangabroad.com\/laos-nightlife\/","url":"https:\/\/afarangabroad.com\/laos-nightlife\/","name":"Ultimate Nightlife Guide To Laos For Tourists - A Farang Abroad","isPartOf":{"@id":"https:\/\/afarangabroad.com\/#website"},"datePublished":"2016-02-10T09:37:45+00:00","dateModified":"2019-01-08T06:25:30+00:00","description":"The ultimate Laos nightlife guide. Not sure where to go in Vientiane nightlife, I've listed the best bars and nightclubs in the area.","breadcrumb":{"@id":"https:\/\/afarangabroad.com\/laos-nightlife\/#breadcrumb"},"inLanguage":"fr-FR","potentialAction":[{"@type":"ReadAction","target":["https:\/\/afarangabroad.com\/laos-nightlife\/"]}]},{"@type":"BreadcrumbList","@id":"https:\/\/afarangabroad.com\/laos-nightlife\/#breadcrumb","itemListElement":[{"@type":"ListItem","position":1,"name":"Home","item":"https:\/\/afarangabroad.com\/"},{"@type":"ListItem","position":2,"name":"Ultimate Nightlife Guide To Laos For Tourists"}]},{"@type":"WebSite","@id":"https:\/\/afarangabroad.com\/#website","url":"https:\/\/afarangabroad.com\/","name":"A Farang Abroad","description":"Your secret guide to Asia&#039;s sexiest nightlife.","potentialAction":[{"@type":"SearchAction","target":{"@type":"EntryPoint","urlTemplate":"https:\/\/afarangabroad.com\/?s={search_term_string}"},"query-input":"required name=search_term_string"}],"inLanguage":"fr-FR"}]}},"_links":{"self":[{"href":"https:\/\/afarangabroad.com\/fr\/wp-json\/wp\/v2\/pages\/6949"}],"collection":[{"href":"https:\/\/afarangabroad.com\/fr\/wp-json\/wp\/v2\/pages"}],"about":[{"href":"https:\/\/afarangabroad.com\/fr\/wp-json\/wp\/v2\/types\/page"}],"author":[{"embeddable":true,"href":"https:\/\/afarangabroad.com\/fr\/wp-json\/wp\/v2\/users\/2"}],"replies":[{"embeddable":true,"href":"https:\/\/afarangabroad.com\/fr\/wp-json\/wp\/v2\/comments?post=6949"}],"version-history":[{"count":0,"href":"https:\/\/afarangabroad.com\/fr\/wp-json\/wp\/v2\/pages\/6949\/revisions"}],"wp:featuredmedia":[{"embeddable":true,"href":"https:\/\/afarangabroad.com\/fr\/wp-json\/wp\/v2\/media\/6591"}],"wp:attachment":[{"href":"https:\/\/afarangabroad.com\/fr\/wp-json\/wp\/v2\/media?parent=6949"}],"wp:term":[{"taxonomy":"category","embeddable":true,"href":"https:\/\/afarangabroad.com\/fr\/wp-json\/wp\/v2\/categories?post=6949"},{"taxonomy":"post_tag","embeddable":true,"href":"https:\/\/afarangabroad.com\/fr\/wp-json\/wp\/v2\/tags?post=6949"}],"curies":[{"name":"wp","href":"https:\/\/api.w.org\/{rel}","templated":true}]}}