{"id":7020,"date":"2016-03-01T09:30:36","date_gmt":"2016-03-01T09:30:36","guid":{"rendered":"https:\/\/afarangabroad.com\/?p=7020"},"modified":"2024-10-22T02:51:29","modified_gmt":"2024-10-22T01:51:29","slug":"blow-job-bars-saigon","status":"publish","type":"page","link":"https:\/\/afarangabroad.com\/fr\/bars-a-pipes-saigon\/","title":{"rendered":"Bars de pipes \u00e0 Saigon"},"content":{"rendered":"<p>Blow job bars are a definite way to take your load off. It has a reputation and you can find them almost anywhere in Southeast Asia \u2013 Thailand, Philippines, Cambodia, even Japan and South Korea.<\/p>\n<p>Se r\u00e9unir <a class=\"mozbar-highlight-followed-wGA7MhRhQ3WS\" href=\"https:\/\/afarangabroad.com\/fr\/filles-vietnamiennes\/\" target=\"_blank\" rel=\"noopener\">Filles vietnamiennes<\/a> <strong>gratuitement au Vietnam<\/strong>, <a class=\"mozbar-highlight-followed-wGA7MhRhQ3WS\" href=\"https:\/\/afarangabroad.com\/fr\/cupidon-vietnamien\/\" target=\"_blank\" rel=\"noopener\">lire cet article<\/a>.<\/p>\n<p><a class=\"mozbar-highlight-followed-wGA7MhRhQ3WS\" href=\"https:\/\/afarangabroad.com\/fr\/cupidon-vietnamien\/\" target=\"_blank\" rel=\"noopener\"><img loading=\"lazy\" decoding=\"async\" class=\"aligncenter size-large wp-image-7257\" src=\"https:\/\/afarangabroad.com\/wp-content\/uploads\/2016\/06\/Meet-Viet-Girls-1024x691.png\" alt=\"Rencontrer des filles vietnamiennes\" width=\"600\" height=\"405\" srcset=\"https:\/\/afarangabroad.com\/wp-content\/uploads\/2016\/06\/Meet-Viet-Girls-1024x691.png 1024w, https:\/\/afarangabroad.com\/wp-content\/uploads\/2016\/06\/Meet-Viet-Girls-300x202.png 300w, https:\/\/afarangabroad.com\/wp-content\/uploads\/2016\/06\/Meet-Viet-Girls-720x486.png 720w, https:\/\/afarangabroad.com\/wp-content\/uploads\/2016\/06\/Meet-Viet-Girls.png 1038w\" sizes=\"(max-width: 600px) 100vw, 600px\" \/><\/a><\/p>\n<p>But for this one we\u2019ll focus on Vietnam instead.<\/p>\n<p>Le Vi\u00eat Nam ou Saigon compte quelques bars \u00e0 pipes que l'on appelle localement \"hoc toc\".<\/p>\n<p>You won\u2019t be able to find them as bars exactly, but they can be found at barbershops. These types of establishments are illegal in Vietnam so you can\u2019t expect for these places to have big signs.<\/p>\n<p>J'ai \u00e9crit un peu sur les raisons pour lesquelles il ne faut pas rencontrer les gens. <a class=\"mozbar-highlight-followed-wGA7MhRhQ3WS\" href=\"https:\/\/afarangabroad.com\/fr\/putes-vietnamiennes\/\">Prostitu\u00e9es vietnamiennes<\/a> car ils sont plus susceptibles de vous escroquer, je m'en tiendrais \u00e0 des \u00e9tablissements en dur pour plus de s\u00e9curit\u00e9.<\/p>\n<h2><strong>Que se passe-t-il habituellement dans un bar \u00e0 pipes au Vi\u00eat Nam ?<\/strong><\/h2>\n<p>Comme nous l'avons mentionn\u00e9, contrairement \u00e0 d'autres pays, les bars \u00e0 pipes au Vi\u00eat Nam sont g\u00e9n\u00e9ralement camoufl\u00e9s en salons de coiffure. La plupart de ces salons de coiffure sont situ\u00e9s dans les districts 1 et 5.<\/p>\n<p>L'entr\u00e9e se fait g\u00e9n\u00e9ralement par un petit hall d'accueil. Vous serez alors accueilli par un r\u00e9ceptionniste ou un caissier qui vous demandera de payer.<\/p>\n<p>Lire o\u00f9 se procurer <a class=\"mozbar-highlight-followed-wGA7MhRhQ3WS\" href=\"https:\/\/afarangabroad.com\/fr\/hanoi-happy-ending-massage\/\">Des fins heureuses \u00e0 Hanoi<\/a> et le meilleur <a class=\"mozbar-highlight-followed-wGA7MhRhQ3WS\" href=\"https:\/\/afarangabroad.com\/fr\/massages-vietnam\/\">massages sexuels au Vietnam<\/a>.<\/p>\n<p>Best thing to do is to hand them money straight \u2013 so better to check out their prices online before coming to the place to avoid getting ripped off. Otherwise, if you ask \u201chow much\u201d or if you think twice, this will be a red flag for them that this is your first time and you have no idea what you are supposed to do. Standard rate is usually 120,000 VND.<\/p>","protected":false},"excerpt":{"rendered":"<p>Blow job bars are a definite way to take your load off. It has a reputation and you can find them almost anywhere in Southeast Asia \u2013 Thailand, Philippines, Cambodia, even Japan and South Korea. To meet Vietnamese girls for free in Vietnam, check out this article. But for this one we\u2019ll focus on Vietnam [&hellip;]<\/p>","protected":false},"author":2,"featured_media":7040,"parent":0,"menu_order":0,"comment_status":"open","ping_status":"open","template":"","meta":{"_exactmetrics_skip_tracking":false,"_exactmetrics_sitenote_active":false,"_exactmetrics_sitenote_note":"","_exactmetrics_sitenote_category":0,"footnotes":""},"categories":[328],"tags":[],"class_list":["post-7020","page","type-page","status-publish","has-post-thumbnail","hentry","category-vietnam"],"yoast_head":"<!-- This site is optimized with the Yoast SEO plugin v20.1 - https:\/\/yoast.com\/wordpress\/plugins\/seo\/ -->\n<title>Blow Job Bars in Saigon - A Farang Abroad<\/title>\n<meta name=\"description\" content=\"Looking for the best blowjob bars in Saigon? In this article I list the best spots to find cheap blowjobs in HCM and maps on how to find them.\" \/>\n<meta name=\"robots\" content=\"index, follow, max-snippet:-1, max-image-preview:large, max-video-preview:-1\" \/>\n<link rel=\"canonical\" href=\"https:\/\/afarangabroad.com\/fr\/bars-a-pipes-saigon\/\" \/>\n<meta property=\"og:locale\" content=\"fr_FR\" \/>\n<meta property=\"og:type\" content=\"article\" \/>\n<meta property=\"og:title\" content=\"Blow Job Bars in Saigon - A Farang Abroad\" \/>\n<meta property=\"og:description\" content=\"Looking for the best blowjob bars in Saigon? In this article I list the best spots to find cheap blowjobs in HCM and maps on how to find them.\" \/>\n<meta property=\"og:url\" content=\"https:\/\/afarangabroad.com\/fr\/bars-a-pipes-saigon\/\" \/>\n<meta property=\"og:site_name\" content=\"A Farang Abroad\" \/>\n<meta property=\"article:modified_time\" content=\"2024-10-22T01:51:29+00:00\" \/>\n<meta property=\"og:image\" content=\"https:\/\/afarangabroad.com\/wp-content\/uploads\/2016\/02\/vietnam-blowjobs.jpg\" \/>\n\t<meta property=\"og:image:width\" content=\"800\" \/>\n\t<meta property=\"og:image:height\" content=\"800\" \/>\n\t<meta property=\"og:image:type\" content=\"image\/jpeg\" \/>\n<meta name=\"twitter:label1\" content=\"Dur\u00e9e de lecture estim\u00e9e\" \/>\n\t<meta name=\"twitter:data1\" content=\"6 minutes\" \/>\n<script type=\"application\/ld+json\" class=\"yoast-schema-graph\">{\"@context\":\"https:\/\/schema.org\",\"@graph\":[{\"@type\":\"WebPage\",\"@id\":\"https:\/\/afarangabroad.com\/blow-job-bars-saigon\/\",\"url\":\"https:\/\/afarangabroad.com\/blow-job-bars-saigon\/\",\"name\":\"Blow Job Bars in Saigon - A Farang Abroad\",\"isPartOf\":{\"@id\":\"https:\/\/afarangabroad.com\/#website\"},\"datePublished\":\"2016-03-01T09:30:36+00:00\",\"dateModified\":\"2024-10-22T01:51:29+00:00\",\"description\":\"Looking for the best blowjob bars in Saigon? In this article I list the best spots to find cheap blowjobs in HCM and maps on how to find them.\",\"breadcrumb\":{\"@id\":\"https:\/\/afarangabroad.com\/blow-job-bars-saigon\/#breadcrumb\"},\"inLanguage\":\"fr-FR\",\"potentialAction\":[{\"@type\":\"ReadAction\",\"target\":[\"https:\/\/afarangabroad.com\/blow-job-bars-saigon\/\"]}]},{\"@type\":\"BreadcrumbList\",\"@id\":\"https:\/\/afarangabroad.com\/blow-job-bars-saigon\/#breadcrumb\",\"itemListElement\":[{\"@type\":\"ListItem\",\"position\":1,\"name\":\"Home\",\"item\":\"https:\/\/afarangabroad.com\/\"},{\"@type\":\"ListItem\",\"position\":2,\"name\":\"Blow Job Bars in Saigon\"}]},{\"@type\":\"WebSite\",\"@id\":\"https:\/\/afarangabroad.com\/#website\",\"url\":\"https:\/\/afarangabroad.com\/\",\"name\":\"A Farang Abroad\",\"description\":\"Your secret guide to Asia&#039;s sexiest nightlife.\",\"potentialAction\":[{\"@type\":\"SearchAction\",\"target\":{\"@type\":\"EntryPoint\",\"urlTemplate\":\"https:\/\/afarangabroad.com\/?s={search_term_string}\"},\"query-input\":\"required name=search_term_string\"}],\"inLanguage\":\"fr-FR\"}]}<\/script>\n<!-- \/ Yoast SEO plugin. -->","yoast_head_json":{"title":"Blow Job Bars in Saigon - A Farang Abroad","description":"Looking for the best blowjob bars in Saigon? In this article I list the best spots to find cheap blowjobs in HCM and maps on how to find them.","robots":{"index":"index","follow":"follow","max-snippet":"max-snippet:-1","max-image-preview":"max-image-preview:large","max-video-preview":"max-video-preview:-1"},"canonical":"https:\/\/afarangabroad.com\/fr\/bars-a-pipes-saigon\/","og_locale":"fr_FR","og_type":"article","og_title":"Blow Job Bars in Saigon - A Farang Abroad","og_description":"Looking for the best blowjob bars in Saigon? In this article I list the best spots to find cheap blowjobs in HCM and maps on how to find them.","og_url":"https:\/\/afarangabroad.com\/fr\/bars-a-pipes-saigon\/","og_site_name":"A Farang Abroad","article_modified_time":"2024-10-22T01:51:29+00:00","og_image":[{"width":800,"height":800,"url":"https:\/\/afarangabroad.com\/wp-content\/uploads\/2016\/02\/vietnam-blowjobs.jpg","type":"image\/jpeg"}],"twitter_misc":{"Dur\u00e9e de lecture estim\u00e9e":"6 minutes"},"schema":{"@context":"https:\/\/schema.org","@graph":[{"@type":"WebPage","@id":"https:\/\/afarangabroad.com\/blow-job-bars-saigon\/","url":"https:\/\/afarangabroad.com\/blow-job-bars-saigon\/","name":"Blow Job Bars in Saigon - A Farang Abroad","isPartOf":{"@id":"https:\/\/afarangabroad.com\/#website"},"datePublished":"2016-03-01T09:30:36+00:00","dateModified":"2024-10-22T01:51:29+00:00","description":"Looking for the best blowjob bars in Saigon? In this article I list the best spots to find cheap blowjobs in HCM and maps on how to find them.","breadcrumb":{"@id":"https:\/\/afarangabroad.com\/blow-job-bars-saigon\/#breadcrumb"},"inLanguage":"fr-FR","potentialAction":[{"@type":"ReadAction","target":["https:\/\/afarangabroad.com\/blow-job-bars-saigon\/"]}]},{"@type":"BreadcrumbList","@id":"https:\/\/afarangabroad.com\/blow-job-bars-saigon\/#breadcrumb","itemListElement":[{"@type":"ListItem","position":1,"name":"Home","item":"https:\/\/afarangabroad.com\/"},{"@type":"ListItem","position":2,"name":"Blow Job Bars in Saigon"}]},{"@type":"WebSite","@id":"https:\/\/afarangabroad.com\/#website","url":"https:\/\/afarangabroad.com\/","name":"A Farang Abroad","description":"Your secret guide to Asia&#039;s sexiest nightlife.","potentialAction":[{"@type":"SearchAction","target":{"@type":"EntryPoint","urlTemplate":"https:\/\/afarangabroad.com\/?s={search_term_string}"},"query-input":"required name=search_term_string"}],"inLanguage":"fr-FR"}]}},"_links":{"self":[{"href":"https:\/\/afarangabroad.com\/fr\/wp-json\/wp\/v2\/pages\/7020"}],"collection":[{"href":"https:\/\/afarangabroad.com\/fr\/wp-json\/wp\/v2\/pages"}],"about":[{"href":"https:\/\/afarangabroad.com\/fr\/wp-json\/wp\/v2\/types\/page"}],"author":[{"embeddable":true,"href":"https:\/\/afarangabroad.com\/fr\/wp-json\/wp\/v2\/users\/2"}],"replies":[{"embeddable":true,"href":"https:\/\/afarangabroad.com\/fr\/wp-json\/wp\/v2\/comments?post=7020"}],"version-history":[{"count":1,"href":"https:\/\/afarangabroad.com\/fr\/wp-json\/wp\/v2\/pages\/7020\/revisions"}],"predecessor-version":[{"id":513650,"href":"https:\/\/afarangabroad.com\/fr\/wp-json\/wp\/v2\/pages\/7020\/revisions\/513650"}],"wp:featuredmedia":[{"embeddable":true,"href":"https:\/\/afarangabroad.com\/fr\/wp-json\/wp\/v2\/media\/7040"}],"wp:attachment":[{"href":"https:\/\/afarangabroad.com\/fr\/wp-json\/wp\/v2\/media?parent=7020"}],"wp:term":[{"taxonomy":"category","embeddable":true,"href":"https:\/\/afarangabroad.com\/fr\/wp-json\/wp\/v2\/categories?post=7020"},{"taxonomy":"post_tag","embeddable":true,"href":"https:\/\/afarangabroad.com\/fr\/wp-json\/wp\/v2\/tags?post=7020"}],"curies":[{"name":"wp","href":"https:\/\/api.w.org\/{rel}","templated":true}]}}