{"id":7067,"date":"2016-03-08T08:27:46","date_gmt":"2016-03-08T08:27:46","guid":{"rendered":"https:\/\/afarangabroad.com\/?p=7067"},"modified":"2025-06-25T02:45:11","modified_gmt":"2025-06-25T01:45:11","slug":"hanoi-nightlife","status":"publish","type":"page","link":"https:\/\/afarangabroad.com\/fr\/hanoi-nightlife\/","title":{"rendered":"Guide de la vie nocturne \u00e0 Hanoi pour les d\u00e9butants"},"content":{"rendered":"In this article I talk about the best nightlife spots in Hanoi.\n\nHanoi is a vibrant city and houses the 2<sup>nd<\/sup> largest population in Vietnam. But we are not going to focus on what Hanoi\u2019s rich history is; instead this is to point out Hanoi\u2019s nightlife.\n\nHanoi nightlife is like no other with lots of <a href=\"https:\/\/afarangabroad.com\/fr\/filles-de-hanoi\/\">local girls<\/a>. Here are some of the best places that you can go to and do when you are in the city to enjoy the most of what it has to offer:\n\nIf you want to meet <a href=\"https:\/\/afarangabroad.com\/fr\/filles-vietnamiennes\/\" target=\"_blank\" rel=\"noopener\">Filles vietnamiennes<\/a> gratuitement, puis <a href=\"https:\/\/afarangabroad.com\/fr\/cupidon-vietnamien\/\" target=\"_blank\" rel=\"noopener\">lire cet article<\/a>.\n\n<a href=\"https:\/\/afarangabroad.com\/fr\/cupidon-vietnamien\/\" target=\"_blank\" rel=\"noopener\"><img loading=\"lazy\" decoding=\"async\" class=\"aligncenter size-large wp-image-7258\" src=\"https:\/\/afarangabroad.com\/wp-content\/uploads\/2016\/06\/Meet-Viet-Girls1-1024x691.png\" alt=\"\" width=\"600\" height=\"405\" srcset=\"https:\/\/afarangabroad.com\/wp-content\/uploads\/2016\/06\/Meet-Viet-Girls1-1024x691.png 1024w, https:\/\/afarangabroad.com\/wp-content\/uploads\/2016\/06\/Meet-Viet-Girls1-300x202.png 300w, https:\/\/afarangabroad.com\/wp-content\/uploads\/2016\/06\/Meet-Viet-Girls1-720x486.png 720w, https:\/\/afarangabroad.com\/wp-content\/uploads\/2016\/06\/Meet-Viet-Girls1.png 1038w\" sizes=\"(max-width: 600px) 100vw, 600px\" \/><\/a>\n\nJust like any other countries in South East Asia, Hanoi also has its best nightclubs and bars. You can be able to find the widest selection of pubs, nightclubs, and bars within the Old Quarter so it is not so hard to miss. You can choose from the upscale type to the side street type, it does not matter as long as you have good fun the <a href=\"https:\/\/afarangabroad.com\/fr\/sex-in-hanoi\/\">Hanoi way and find sex<\/a>.\n\nThe only downside is that you can\u2019t compare Hanoi\u2019s nightlife to any other nightlife in Bangkok or <a href=\"https:\/\/afarangabroad.com\/fr\/sex-ho-chi-minh\/\" target=\"_blank\" rel=\"noopener\">Ho Chi Minh City nightlife<\/a>, because it couldn\u2019t get as dirty as the latter. Prostitution is visible but can only be found within the upscale bars from the hotels (but just beware of the scams as it is just prominent).\n<h2 class=\"wp-block-heading\">J Spa &amp; Massage<\/h2>\n<!-- \/wp:heading --> <!-- wp:embed {\"url\":\"https:\/\/www.youtube.com\/watch?v=9rwVmUAqLvI\",\"providerNameSlug\":\"youtube\",\"responsive\":true} -->\n<figure class=\"wp-block-embed is-provider-youtube wp-block-embed-youtube\">\n<div class=\"wp-block-embed__wrapper\"><!-- wp:image {\"id\":513743,\"sizeSlug\":\"large\",\"linkDestination\":\"none\"} -->\n<figure class=\"wp-block-image size-large\"><img loading=\"lazy\" decoding=\"async\" width=\"1024\" height=\"682\" class=\"wp-image-513743\" src=\"https:\/\/afarangabroad.com\/wp-content\/uploads\/2025\/05\/jspa-1024x682.jpeg\" alt=\"\" srcset=\"https:\/\/afarangabroad.com\/wp-content\/uploads\/2025\/05\/jspa-1024x682.jpeg 1024w, https:\/\/afarangabroad.com\/wp-content\/uploads\/2025\/05\/jspa-300x200.jpeg 300w, https:\/\/afarangabroad.com\/wp-content\/uploads\/2025\/05\/jspa-768x512.jpeg 768w, https:\/\/afarangabroad.com\/wp-content\/uploads\/2025\/05\/jspa-1536x1024.jpeg 1536w, https:\/\/afarangabroad.com\/wp-content\/uploads\/2025\/05\/jspa-2048x1365.jpeg 2048w, https:\/\/afarangabroad.com\/wp-content\/uploads\/2025\/05\/jspa-18x12.jpeg 18w\" sizes=\"(max-width: 1024px) 100vw, 1024px\" \/><\/figure>\n<!-- \/wp:image -->\n\n<\/div><\/figure>\n<!-- \/wp:embed --> <!-- wp:paragraph -->\n\nSitu\u00e9 au 168 de la rue Ngoc Khanh, dans le district de Ba Dinh, \u00e0 Hano\u00ef, J Spa &amp; Massage est une destination de choix pour les hommes \u00e0 la recherche d'une exp\u00e9rience de relaxation raffin\u00e9e et haut de gamme au c\u0153ur de la capitale vietnamienne. Il s'agit d'un \u00e9tablissement r\u00e9cemment r\u00e9nov\u00e9, suite au d\u00e9m\u00e9nagement r\u00e9ussi de son ancienne adresse \u00e0 Cung Xuan, Vo Thi Sau, o\u00f9 le spa a fi\u00e8rement fonctionn\u00e9 pendant plus de six ans avec une solide r\u00e9putation et une client\u00e8le fid\u00e8le.\n\n<!-- \/wp:paragraph --> <!-- wp:paragraph -->\n\nJ Spa &amp; Massage est surtout connu pour sa sp\u00e9cialisation dans le massage nuru - une th\u00e9rapie corporelle distinctive con\u00e7ue pour rel\u00e2cher les tensions physiques, am\u00e9liorer la circulation et procurer une profonde relaxation \u00e9motionnelle et physique. Chaque s\u00e9ance se d\u00e9roule dans un environnement priv\u00e9, respectueux et professionnel.\n\n<!-- \/wp:paragraph --> <!-- wp:paragraph -->\n\nLe spa pr\u00e9sente une \u00e9l\u00e9gante architecture n\u00e9oclassique avec des int\u00e9rieurs plaqu\u00e9s or 24 carats fabriqu\u00e9s \u00e0 la main, cr\u00e9ant ainsi une atmosph\u00e8re vraiment luxueuse. Les clients peuvent choisir entre des salles modernes de karaok\u00e9 en piscine ou des suites priv\u00e9es de niveau royal, adapt\u00e9es \u00e0 la fois \u00e0 la relaxation individuelle et aux divertissements en petits groupes. Gr\u00e2ce \u00e0 l'attention m\u00e9ticuleuse qu'il porte au design et \u00e0 la qualit\u00e9 de ses services, le J Spa &amp; Massage a \u00e9t\u00e9 reconnu comme l'un des plus beaux spas pour hommes d'Asie.\n\n<!-- \/wp:paragraph --> <!-- wp:paragraph -->\n\nSon \u00e9quipe de plus de 60 th\u00e9rapeutes f\u00e9minines, jeunes, amicales et professionnellement form\u00e9es, a \u00e9t\u00e9 soigneusement form\u00e9e sous la direction de Nhung Lady, une experte respect\u00e9e en mati\u00e8re de bien-\u00eatre masculin et de th\u00e9rapie \u00e9motionnelle. Chaque s\u00e9ance au J Spa &amp; Massage est dispens\u00e9e avec l'excellence technique et l'attention du c\u0153ur.\n\n<!-- \/wp:paragraph --> <!-- wp:paragraph -->\n\nL'une des caract\u00e9ristiques les plus appr\u00e9ci\u00e9es du spa est la transparence de ses tarifs, qui sont identiques pour les clients locaux et internationaux, ce qui garantit l'\u00e9quit\u00e9 et le professionnalisme. En outre, les paiements par carte Visa et MasterCard sont accept\u00e9s sans frais de transaction, ce qui est encore plus pratique pour les visiteurs \u00e9trangers.\n\n<!-- \/wp:paragraph --> <!-- wp:paragraph -->\n\nContact Information:\nAddress: 168 Ngoc Khanh Street, Ba Dinh District, Hanoi, Vietnam\nWebsite:\u00a0<a href=\"http:\/\/www.jspamassage.com\/\">www.jspamassage.com<\/a>\n<div dir=\"auto\">Hotline + 84973027979 (call, zalo)<\/div>\n<div dir=\"auto\">Whatsapp : +84972267979 (pas d'appel)<\/div>\n<div dir=\"auto\">Identifiant t\u00e9l\u00e9gramme : @jspa001<\/div>\n<div dir=\"auto\">Identifiant Wechat : @jmassage01<\/div>\n<iframe loading=\"lazy\" src=\"https:\/\/www.google.com\/maps\/embed?pb=!1m14!1m8!1m3!1d14898.727936946609!2d105.856289!3d21.0053812!3m2!1i1024!2i768!4f13.1!3m3!1m2!1s0x3135ab796e61d2e5%3A0x55eefeee1e46b325!2zSiBOdXJ1IE1hc3NhZ2Ugc-G7kSAxIEjDoCBO4buZaQ!5e0!3m2!1sen!2sth!4v1688019705628!5m2!1sen!2sth\" width=\"400\" height=\"300\" allowfullscreen=\"allowfullscreen\" data-mce-fragment=\"1\"><\/iframe>\n\n<strong>Here\u2019s a classification of different nightlife in Hanoi:<\/strong>\n<h2><strong>Bo\u00eetes de nuit<\/strong><\/h2>\nGoing to nightclubs is probably the best idea and place to hang out and have a couple of drinks for you and your friends if you are into the loud and techno music.\n\nGoing to Da Nang or Hoi Ann on this trip? Then read my nightlife guides on them below:\n\n<a href=\"https:\/\/afarangabroad.com\/fr\/da-nang-nightlife-girls\/\">Where to meet local girls in Da Nang<\/a>\n\n<a href=\"https:\/\/afarangabroad.com\/fr\/filles-de-la-vie-nocturne-a-hoi\/\">Where to party in Hoi Ann<\/a>\n\nMost patrons consist of young locals and expats. Most of these places offer cocktails, beers and liquors. They also have happy hour and drinks are usually priced fair starting at 70,000 VND.\n<h2><strong><u>Bars\/ Lounges<\/u><\/strong><\/h2>\nBars are a bit tame compared to nightclubs \u2013 in Hanoi they also have different types of bars ranging from sports to themed-bars or classified based on the music they are playing (such as Binh Minh\u2019s Jazz bar).\n\nIf you want to check out <a href=\"https:\/\/afarangabroad.com\/fr\/putes-vietnamiennes\/\">Prostitu\u00e9es vietnamiennes<\/a>, read my <a href=\"https:\/\/afarangabroad.com\/fr\/quartier-rouge-de-hanoi\/\">Hanoi Red light guide<\/a>.\n<h2><strong><u>Beer Gardens\/ Side Street Bars<\/u><\/strong><\/h2>\nIf you want to have the open type or having a drink or two al fresco, beer gardens or side street bars are the places to go. These places are patronized mostly my locals and even foreigners because of its unique twist. They offer local shows and local draft beers which are also sold at a very reasonable price.\n\n<em>Connexe : d\u00e9couvrir o\u00f9 se trouvent les meilleurs <a href=\"https:\/\/afarangabroad.com\/fr\/massages-vietnam\/\" target=\"_blank\" rel=\"noopener\">massages sexuels au Vietnam<\/a> sont.\u00a0<\/em>\n\n<strong>Top places to experience Hanoi Nightlife: <\/strong>\n\nTo give you a tip on which places to visit for a fun Hanoi nightlife, here\u2019s a couple of them &#8211;\n<h2><strong>Sunset Bar at InterContinental<\/strong><\/h2>\nIf you are a fan of upscale bars, then Sunset Bar is the place. Located on a man-made island at InterContinental Hanoi West Lake, this is a nice place to relax and have a drink or two (that is, if the budget permits). The interior is very updated, urban and classy at the same time. They offer a wide range of liquors, cocktails and even local or imported beers which start from 90,000 VND. They also have a happy hour in between 5 pm to 7 pm and they are open from 4pm to 12 midnight.\n<ul>\n \t<li><a href=\"https:\/\/www.facebook.com\/pages\/Sunset-Bar-At-Intercontinental-Hotel-Hanoi\/219563634725981\" target=\"_blank\" rel=\"noopener\">Page Facebook<\/a><\/li>\n<\/ul>\n<h2><strong>O\u2019Leary\u2019s Sports Bar<\/strong><\/h2>\nIf you are a sports fan, O\u2019Leary\u2019s is your place of destination. The place is a reputable bar with branches sprawled in few other countries. Their interior design will take you back to some of the highlights of sports events through its memorabilia. They have cozy chairs and sofa, which is the typical Western sports bar ambiance. Expect to see draft beers but they also serve cocktails and spirits as well as the undying Western comfort food such as burgers and fries.\n<ul>\n \t<li><a href=\"https:\/\/www.facebook.com\/Olearys.vn\/\" target=\"_blank\" rel=\"noopener\">Page Facebook <\/a><\/li>\n<\/ul>\n<h2><strong>Rockstore<\/strong><\/h2>\nRockstore also gives you the sports bar feel. It is a bar, pub and a restaurant in one situated in Old Quarter. The owner seems to like big music icons such as Jimi Hendrix, Elvis Presley and The Beatles so you can expect patrons who are also within the same age bracket. What\u2019s interesting is that they hold themed parties each week and that attracts young clients as well.\n\n<iframe loading=\"lazy\" style=\"border: 0;\" src=\"https:\/\/www.google.com\/maps\/embed?pb=!1m18!1m12!1m3!1d3723.9422977123277!2d105.8512706147247!3d21.0349946929418!2m3!1f0!2f0!3f0!3m2!1i1024!2i768!4f13.1!3m3!1m2!1s0x3135abc0bc66ba4f%3A0xed09eb46ced828bf!2sRockstore!5e0!3m2!1sen!2sth!4v1457425504945\" width=\"600\" height=\"450\" frameborder=\"0\" allowfullscreen=\"allowfullscreen\"><\/iframe>\n<h2><strong>Pressclub<\/strong><\/h2>\nPressclub is an upscale bar\/ restaurant which houses 2 \u2013star Michelin chef so you can expect to have gourmet food being served. If you don\u2019t have the budget, this is definitely not a good place to go. But you will be able to see foreigners here mostly having a drink or two.\n\n<iframe loading=\"lazy\" width=\"678\" height=\"381\" src=\"https:\/\/www.youtube.com\/embed\/SS-61Qw3G1c?feature=oembed\" frameborder=\"0\" allowfullscreen><\/iframe>\n<h2><strong>Binh Minh\u2019s Jazz Bar<\/strong><\/h2>\nIf you have eclectic taste and you feel that you would like to listen to some jazz music, then you should go to Binh Minh\u2019s. They have just recently relocated behind the Opera House and usually play live jazz music every night. If you are not into jazz music, this is not a good place to hang out just to have a drink since the menu is not typically priced fairly. Maybe because you get to listen to live jazz music, the price pretty much includes live entertainment nightly.\n<h2><strong>Legend Beer<\/strong><\/h2>\nLegend Beer is located on the 3<sup>rd<\/sup> floor of a building in downtown area. They serve German beer and also other European beers as well as German grub. They can be a little bit expensive since they brew their own beer hence the name, Legend Beer. You will also have a great view of the busy and hustling city of Hanoi so it is a great place to go to unwind especially after a long day at work or touring the city.\n<ul>\n \t<li><a href=\"https:\/\/www.facebook.com\/pages\/Legend-Beer\/592589874126394\" target=\"_blank\" rel=\"noopener\">Page Facebook<\/a><\/li>\n<\/ul>\n<h2><strong>King Pirates Club<\/strong><\/h2>\nMost people would usually opt to have a drink at the regular pub. But if you want to give it a twist, King Pirates Club is the best place to go.\n\nRead my article on <a href=\"https:\/\/afarangabroad.com\/fr\/hanoi-happy-ending-massage\/\">where to get happy ending massages in Hanoi<\/a>.\n\nThey have a nicely-themed pub although the place is not too big, there are also tables and chairs on the outside to accommodate more patrons. From the name itself, expect to see pirate costumes and anything of its sort.\n\n<img loading=\"lazy\" decoding=\"async\" class=\"aligncenter size-full wp-image-7080\" src=\"https:\/\/afarangabroad.com\/wp-content\/uploads\/2016\/03\/King-Pirates-Club-hanoi.jpg\" alt=\"King Pirates Club hanoi\" width=\"320\" height=\"240\" srcset=\"https:\/\/afarangabroad.com\/wp-content\/uploads\/2016\/03\/King-Pirates-Club-hanoi.jpg 320w, https:\/\/afarangabroad.com\/wp-content\/uploads\/2016\/03\/King-Pirates-Club-hanoi-300x225.jpg 300w\" sizes=\"(max-width: 320px) 100vw, 320px\" \/>\n<h2><strong>Bia Hoi Junction<\/strong><\/h2>\nLocated at the center of Old Quarter, it offers a wide variety of beer offerings for those with eclectic taste. This is where locals and even tourists go to and enjoy Hanoi nightlife. You haven\u2019t been to Hanoi if you haven\u2019t sat down and have a drink or two in this place. Why is it famous? They offer cheap beer for as low as 5,000 VND!\n\nIf you want to meet <a href=\"https:\/\/afarangabroad.com\/fr\/filles-vietnamiennes\/\" target=\"_blank\" rel=\"noopener\">Filles vietnamiennes<\/a> gratuitement, puis <a href=\"https:\/\/afarangabroad.com\/fr\/cupidon-vietnamien\/\" target=\"_blank\" rel=\"noopener\">lire cet article<\/a>.\n\n<a href=\"https:\/\/afarangabroad.com\/fr\/cupidon-vietnamien\/\" target=\"_blank\" rel=\"noopener\"><img loading=\"lazy\" decoding=\"async\" class=\"aligncenter size-large wp-image-7258\" src=\"https:\/\/afarangabroad.com\/wp-content\/uploads\/2016\/06\/Meet-Viet-Girls1-1024x691.png\" alt=\"\" width=\"600\" height=\"405\" srcset=\"https:\/\/afarangabroad.com\/wp-content\/uploads\/2016\/06\/Meet-Viet-Girls1-1024x691.png 1024w, https:\/\/afarangabroad.com\/wp-content\/uploads\/2016\/06\/Meet-Viet-Girls1-300x202.png 300w, https:\/\/afarangabroad.com\/wp-content\/uploads\/2016\/06\/Meet-Viet-Girls1-720x486.png 720w, https:\/\/afarangabroad.com\/wp-content\/uploads\/2016\/06\/Meet-Viet-Girls1.png 1038w\" sizes=\"(max-width: 600px) 100vw, 600px\" \/><\/a>","protected":false},"excerpt":{"rendered":"<p>In this article I talk about the best nightlife spots in Hanoi. Hanoi is a vibrant city and houses the 2nd largest population in Vietnam. But we are not going to focus on what Hanoi\u2019s rich history is; instead this is to point out Hanoi\u2019s nightlife. Hanoi nightlife is like no other with lots of [&hellip;]<\/p>","protected":false},"author":2,"featured_media":7080,"parent":0,"menu_order":0,"comment_status":"open","ping_status":"open","template":"","meta":{"_exactmetrics_skip_tracking":false,"_exactmetrics_sitenote_active":false,"_exactmetrics_sitenote_note":"","_exactmetrics_sitenote_category":0,"footnotes":""},"categories":[328],"tags":[],"class_list":["post-7067","page","type-page","status-publish","has-post-thumbnail","hentry","category-vietnam"],"yoast_head":"<!-- This site is optimized with the Yoast SEO plugin v20.1 - https:\/\/yoast.com\/wordpress\/plugins\/seo\/ -->\n<title>Hanoi Nightlife Guide For Beginners - A Farang Abroad<\/title>\n<meta name=\"description\" content=\"Want to find the best clubs in Hanoi? In this article I list the best nightlife spots and the best places to meet girls\" \/>\n<meta name=\"robots\" content=\"index, follow, max-snippet:-1, max-image-preview:large, max-video-preview:-1\" \/>\n<link rel=\"canonical\" href=\"https:\/\/afarangabroad.com\/fr\/hanoi-nightlife\/\" \/>\n<meta property=\"og:locale\" content=\"fr_FR\" \/>\n<meta property=\"og:type\" content=\"article\" \/>\n<meta property=\"og:title\" content=\"Hanoi Nightlife Guide For Beginners - A Farang Abroad\" \/>\n<meta property=\"og:description\" content=\"Want to find the best clubs in Hanoi? In this article I list the best nightlife spots and the best places to meet girls\" \/>\n<meta property=\"og:url\" content=\"https:\/\/afarangabroad.com\/fr\/hanoi-nightlife\/\" \/>\n<meta property=\"og:site_name\" content=\"A Farang Abroad\" \/>\n<meta property=\"article:modified_time\" content=\"2025-06-25T01:45:11+00:00\" \/>\n<meta property=\"og:image\" content=\"https:\/\/afarangabroad.com\/wp-content\/uploads\/2016\/03\/King-Pirates-Club-hanoi.jpg\" \/>\n\t<meta property=\"og:image:width\" content=\"320\" \/>\n\t<meta property=\"og:image:height\" content=\"240\" \/>\n\t<meta property=\"og:image:type\" content=\"image\/jpeg\" \/>\n<meta name=\"twitter:label1\" content=\"Dur\u00e9e de lecture estim\u00e9e\" \/>\n\t<meta name=\"twitter:data1\" content=\"8 minutes\" \/>\n<script type=\"application\/ld+json\" class=\"yoast-schema-graph\">{\"@context\":\"https:\/\/schema.org\",\"@graph\":[{\"@type\":\"WebPage\",\"@id\":\"https:\/\/afarangabroad.com\/hanoi-nightlife\/\",\"url\":\"https:\/\/afarangabroad.com\/hanoi-nightlife\/\",\"name\":\"Hanoi Nightlife Guide For Beginners - A Farang Abroad\",\"isPartOf\":{\"@id\":\"https:\/\/afarangabroad.com\/#website\"},\"datePublished\":\"2016-03-08T08:27:46+00:00\",\"dateModified\":\"2025-06-25T01:45:11+00:00\",\"description\":\"Want to find the best clubs in Hanoi? In this article I list the best nightlife spots and the best places to meet girls\",\"breadcrumb\":{\"@id\":\"https:\/\/afarangabroad.com\/hanoi-nightlife\/#breadcrumb\"},\"inLanguage\":\"fr-FR\",\"potentialAction\":[{\"@type\":\"ReadAction\",\"target\":[\"https:\/\/afarangabroad.com\/hanoi-nightlife\/\"]}]},{\"@type\":\"BreadcrumbList\",\"@id\":\"https:\/\/afarangabroad.com\/hanoi-nightlife\/#breadcrumb\",\"itemListElement\":[{\"@type\":\"ListItem\",\"position\":1,\"name\":\"Home\",\"item\":\"https:\/\/afarangabroad.com\/\"},{\"@type\":\"ListItem\",\"position\":2,\"name\":\"Hanoi Nightlife Guide For Beginners\"}]},{\"@type\":\"WebSite\",\"@id\":\"https:\/\/afarangabroad.com\/#website\",\"url\":\"https:\/\/afarangabroad.com\/\",\"name\":\"A Farang Abroad\",\"description\":\"Your secret guide to Asia&#039;s sexiest nightlife.\",\"potentialAction\":[{\"@type\":\"SearchAction\",\"target\":{\"@type\":\"EntryPoint\",\"urlTemplate\":\"https:\/\/afarangabroad.com\/?s={search_term_string}\"},\"query-input\":\"required name=search_term_string\"}],\"inLanguage\":\"fr-FR\"}]}<\/script>\n<!-- \/ Yoast SEO plugin. -->","yoast_head_json":{"title":"Hanoi Nightlife Guide For Beginners - A Farang Abroad","description":"Want to find the best clubs in Hanoi? In this article I list the best nightlife spots and the best places to meet girls","robots":{"index":"index","follow":"follow","max-snippet":"max-snippet:-1","max-image-preview":"max-image-preview:large","max-video-preview":"max-video-preview:-1"},"canonical":"https:\/\/afarangabroad.com\/fr\/hanoi-nightlife\/","og_locale":"fr_FR","og_type":"article","og_title":"Hanoi Nightlife Guide For Beginners - A Farang Abroad","og_description":"Want to find the best clubs in Hanoi? In this article I list the best nightlife spots and the best places to meet girls","og_url":"https:\/\/afarangabroad.com\/fr\/hanoi-nightlife\/","og_site_name":"A Farang Abroad","article_modified_time":"2025-06-25T01:45:11+00:00","og_image":[{"width":320,"height":240,"url":"https:\/\/afarangabroad.com\/wp-content\/uploads\/2016\/03\/King-Pirates-Club-hanoi.jpg","type":"image\/jpeg"}],"twitter_misc":{"Dur\u00e9e de lecture estim\u00e9e":"8 minutes"},"schema":{"@context":"https:\/\/schema.org","@graph":[{"@type":"WebPage","@id":"https:\/\/afarangabroad.com\/hanoi-nightlife\/","url":"https:\/\/afarangabroad.com\/hanoi-nightlife\/","name":"Hanoi Nightlife Guide For Beginners - A Farang Abroad","isPartOf":{"@id":"https:\/\/afarangabroad.com\/#website"},"datePublished":"2016-03-08T08:27:46+00:00","dateModified":"2025-06-25T01:45:11+00:00","description":"Want to find the best clubs in Hanoi? In this article I list the best nightlife spots and the best places to meet girls","breadcrumb":{"@id":"https:\/\/afarangabroad.com\/hanoi-nightlife\/#breadcrumb"},"inLanguage":"fr-FR","potentialAction":[{"@type":"ReadAction","target":["https:\/\/afarangabroad.com\/hanoi-nightlife\/"]}]},{"@type":"BreadcrumbList","@id":"https:\/\/afarangabroad.com\/hanoi-nightlife\/#breadcrumb","itemListElement":[{"@type":"ListItem","position":1,"name":"Home","item":"https:\/\/afarangabroad.com\/"},{"@type":"ListItem","position":2,"name":"Hanoi Nightlife Guide For Beginners"}]},{"@type":"WebSite","@id":"https:\/\/afarangabroad.com\/#website","url":"https:\/\/afarangabroad.com\/","name":"A Farang Abroad","description":"Your secret guide to Asia&#039;s sexiest nightlife.","potentialAction":[{"@type":"SearchAction","target":{"@type":"EntryPoint","urlTemplate":"https:\/\/afarangabroad.com\/?s={search_term_string}"},"query-input":"required name=search_term_string"}],"inLanguage":"fr-FR"}]}},"_links":{"self":[{"href":"https:\/\/afarangabroad.com\/fr\/wp-json\/wp\/v2\/pages\/7067"}],"collection":[{"href":"https:\/\/afarangabroad.com\/fr\/wp-json\/wp\/v2\/pages"}],"about":[{"href":"https:\/\/afarangabroad.com\/fr\/wp-json\/wp\/v2\/types\/page"}],"author":[{"embeddable":true,"href":"https:\/\/afarangabroad.com\/fr\/wp-json\/wp\/v2\/users\/2"}],"replies":[{"embeddable":true,"href":"https:\/\/afarangabroad.com\/fr\/wp-json\/wp\/v2\/comments?post=7067"}],"version-history":[{"count":6,"href":"https:\/\/afarangabroad.com\/fr\/wp-json\/wp\/v2\/pages\/7067\/revisions"}],"predecessor-version":[{"id":513784,"href":"https:\/\/afarangabroad.com\/fr\/wp-json\/wp\/v2\/pages\/7067\/revisions\/513784"}],"wp:featuredmedia":[{"embeddable":true,"href":"https:\/\/afarangabroad.com\/fr\/wp-json\/wp\/v2\/media\/7080"}],"wp:attachment":[{"href":"https:\/\/afarangabroad.com\/fr\/wp-json\/wp\/v2\/media?parent=7067"}],"wp:term":[{"taxonomy":"category","embeddable":true,"href":"https:\/\/afarangabroad.com\/fr\/wp-json\/wp\/v2\/categories?post=7067"},{"taxonomy":"post_tag","embeddable":true,"href":"https:\/\/afarangabroad.com\/fr\/wp-json\/wp\/v2\/tags?post=7067"}],"curies":[{"name":"wp","href":"https:\/\/api.w.org\/{rel}","templated":true}]}}