{"id":7160,"date":"2016-04-16T15:31:36","date_gmt":"2016-04-16T14:31:36","guid":{"rendered":"https:\/\/afarangabroad.com\/?p=7160"},"modified":"2022-11-09T02:11:14","modified_gmt":"2022-11-09T02:11:14","slug":"prostitutes-hookers-phuket","status":"publish","type":"page","link":"https:\/\/afarangabroad.com\/fr\/prostituees-prostituees-phuket\/","title":{"rendered":"Trouver des prostitu\u00e9es et des putes \u00e0 Phuket"},"content":{"rendered":"<p>Les attractions touristiques telles que les plages et les magasins sont g\u00e9n\u00e9ralement ce qui incite les touristes \u00e0 se rendre dans un endroit donn\u00e9.<\/p>\n<p>Si vous voulez <a class=\"mozbar-highlight-followed-wGA7MhRhQ3WS\" href=\"https:\/\/afarangabroad.com\/fr\/filles-de-phuket\/\">Les filles de Phuket<\/a> gratuitement, <a class=\"mozbar-highlight-followed-wGA7MhRhQ3WS\" href=\"https:\/\/afarangabroad.com\/fr\/thai-cupid-dating-site\/\" target=\"_blank\" rel=\"noopener noreferrer\">alors consultez cet article<\/a>.<\/p>\n<p><a class=\"mozbar-highlight-followed-wGA7MhRhQ3WS\" href=\"https:\/\/afarangabroad.com\/fr\/thai-cupid-dating-site\/\" target=\"_blank\" rel=\"noopener noreferrer\"><img loading=\"lazy\" decoding=\"async\" class=\"aligncenter wp-image-7256\" src=\"https:\/\/afarangabroad.com\/wp-content\/uploads\/2016\/06\/Meet-Thai-girls-1024x691.png\" alt=\"Meet Thai girls\" width=\"529\" height=\"359\" \/><\/a>La Tha\u00eflande a les deux et quelques. \u00c0 Phuket, la prostitution est l'une d'entre elles. Il est facile de trouver une ou plusieurs prostitu\u00e9es et les tarifs sont moins \u00e9lev\u00e9s. Il ne fait aucun doute que les hommes farangs organisent des enterrements de vie de gar\u00e7on inhabituels.<\/p>\n<p>Si vous souhaitez savoir o\u00f9 trouver de l'herbe \u00e0 BKK, n'h\u00e9sitez pas \u00e0 consulter les sites suivants <strong>souscrire<\/strong> vers le canal ci-dessous :<\/p>\n<p><iframe loading=\"lazy\" title=\"Bande-annonce : Un aper\u00e7u de la sc\u00e8ne des dispensaires m\u00e9dicaux \u00e0 Bangkok\" width=\"678\" height=\"381\" src=\"https:\/\/www.youtube.com\/embed\/j0HbIHjnG5g?feature=oembed\" frameborder=\"0\" allow=\"accelerometer; autoplay; clipboard-write; encrypted-media; gyroscope; picture-in-picture\" allowfullscreen><\/iframe><\/p>\n<h2><strong>Escorte Smooci Phuket<\/strong><\/h2>\n<p>If you\u2019re looking for an incall service where you can get blow jobs and more, there is no better service than Smooci.<\/p>\n<p>Sur leur site web, vous pouvez r\u00e9server un nombre illimit\u00e9 de filles qui viendront directement dans votre chambre et vous fourniront des services BJ et plus encore.<\/p>\n<h2><a href=\"https:\/\/smooci.com\/bangkok?search&amp;utm_source=afarang-bkk-disc-ban\" target=\"_blank\" rel=\"noopener noreferrer\"><img loading=\"lazy\" decoding=\"async\" class=\"aligncenter wp-image-512712 size-full\" src=\"https:\/\/afarangabroad.com\/wp-content\/uploads\/2020\/08\/new-smooci-banner.gif\" alt=\"\" width=\"800\" height=\"200\" \/><\/a><\/h2>\n<p>Les prix de chaque fille sont indiqu\u00e9s sur le site et, \u00e0 tout moment, ils ont g\u00e9n\u00e9ralement plus de 20 filles libres, vous pouvez en savoir plus en visitant leur site web :\u00a0<a href=\"https:\/\/smooci.com\/phuket?utm_source=afarang-bkk-disc-ban\" target=\"_blank\" rel=\"nofollow noopener noreferrer\">www.Smooci.com<\/a><\/p>\n<h2><strong>Comment trouver des prostitu\u00e9es \u00e0 Phuket<\/strong><\/h2>\n<p>Il existe plusieurs endroits o\u00f9 vous pouvez trouver des prostitu\u00e9es ou des putes \u00e0 Phuket.<\/p>\n<p>La plupart de ces filles travaillant dans les <a class=\"mozbar-highlight-followed-wGA7MhRhQ3WS\" href=\"https:\/\/afarangabroad.com\/fr\/sexe-a-phuket\/\">l'industrie du sexe \u00e0 Phuket<\/a> sont venus de provinces et de villes \u00e9loign\u00e9es. En raison de leur pauvret\u00e9, ils esp\u00e8rent gagner plus d'argent gr\u00e2ce \u00e0 ce type de commerce.<\/p>\n<p>La prostitution est tol\u00e9r\u00e9e en Tha\u00eflande, mais d'une certaine mani\u00e8re, elle est toujours ill\u00e9gale, bien que tol\u00e9r\u00e9e.<\/p>","protected":false},"excerpt":{"rendered":"<p>Tourist attractions such as beaches and shopping usually what drives tourist to travel into a certain place. If you want to Phuket girls for free, then check out this article. Thailand has both and some. In Phuket, prostitution is one of them. It is easy to hook up with a hooker or prostitutes plus the [&hellip;]<\/p>","protected":false},"author":2,"featured_media":7151,"parent":0,"menu_order":0,"comment_status":"open","ping_status":"open","template":"","meta":{"_exactmetrics_skip_tracking":false,"_exactmetrics_sitenote_active":false,"_exactmetrics_sitenote_note":"","_exactmetrics_sitenote_category":0,"footnotes":""},"categories":[331],"tags":[],"class_list":["post-7160","page","type-page","status-publish","has-post-thumbnail","hentry","category-phuket-nightlife"],"yoast_head":"<!-- This site is optimized with the Yoast SEO plugin v20.1 - https:\/\/yoast.com\/wordpress\/plugins\/seo\/ -->\n<title>Finding Prostitutes and Hookers in Phuket - A Farang Abroad<\/title>\n<meta name=\"description\" content=\"Are you looking to meet hookers in Phuket? Here&#039;s a low down on where to find the best prostitutes in Patong and how much they cost.\" \/>\n<meta name=\"robots\" content=\"index, follow, max-snippet:-1, max-image-preview:large, max-video-preview:-1\" \/>\n<link rel=\"canonical\" href=\"https:\/\/afarangabroad.com\/fr\/prostituees-prostituees-phuket\/\" \/>\n<meta property=\"og:locale\" content=\"fr_FR\" \/>\n<meta property=\"og:type\" content=\"article\" \/>\n<meta property=\"og:title\" content=\"Finding Prostitutes and Hookers in Phuket - A Farang Abroad\" \/>\n<meta property=\"og:description\" content=\"Are you looking to meet hookers in Phuket? Here&#039;s a low down on where to find the best prostitutes in Patong and how much they cost.\" \/>\n<meta property=\"og:url\" content=\"https:\/\/afarangabroad.com\/fr\/prostituees-prostituees-phuket\/\" \/>\n<meta property=\"og:site_name\" content=\"A Farang Abroad\" \/>\n<meta property=\"article:modified_time\" content=\"2022-11-09T02:11:14+00:00\" \/>\n<meta property=\"og:image\" content=\"https:\/\/afarangabroad.com\/wp-content\/uploads\/2016\/04\/Christin-Massage.jpg\" \/>\n\t<meta property=\"og:image:width\" content=\"800\" \/>\n\t<meta property=\"og:image:height\" content=\"800\" \/>\n\t<meta property=\"og:image:type\" content=\"image\/jpeg\" \/>\n<meta name=\"twitter:label1\" content=\"Dur\u00e9e de lecture estim\u00e9e\" \/>\n\t<meta name=\"twitter:data1\" content=\"9 minutes\" \/>\n<script type=\"application\/ld+json\" class=\"yoast-schema-graph\">{\"@context\":\"https:\/\/schema.org\",\"@graph\":[{\"@type\":\"WebPage\",\"@id\":\"https:\/\/afarangabroad.com\/prostitutes-hookers-phuket\/\",\"url\":\"https:\/\/afarangabroad.com\/prostitutes-hookers-phuket\/\",\"name\":\"Finding Prostitutes and Hookers in Phuket - A Farang Abroad\",\"isPartOf\":{\"@id\":\"https:\/\/afarangabroad.com\/#website\"},\"datePublished\":\"2016-04-16T14:31:36+00:00\",\"dateModified\":\"2022-11-09T02:11:14+00:00\",\"description\":\"Are you looking to meet hookers in Phuket? Here's a low down on where to find the best prostitutes in Patong and how much they cost.\",\"breadcrumb\":{\"@id\":\"https:\/\/afarangabroad.com\/prostitutes-hookers-phuket\/#breadcrumb\"},\"inLanguage\":\"fr-FR\",\"potentialAction\":[{\"@type\":\"ReadAction\",\"target\":[\"https:\/\/afarangabroad.com\/prostitutes-hookers-phuket\/\"]}]},{\"@type\":\"BreadcrumbList\",\"@id\":\"https:\/\/afarangabroad.com\/prostitutes-hookers-phuket\/#breadcrumb\",\"itemListElement\":[{\"@type\":\"ListItem\",\"position\":1,\"name\":\"Home\",\"item\":\"https:\/\/afarangabroad.com\/\"},{\"@type\":\"ListItem\",\"position\":2,\"name\":\"Finding Prostitutes and Hookers in Phuket\"}]},{\"@type\":\"WebSite\",\"@id\":\"https:\/\/afarangabroad.com\/#website\",\"url\":\"https:\/\/afarangabroad.com\/\",\"name\":\"A Farang Abroad\",\"description\":\"Your secret guide to Asia&#039;s sexiest nightlife.\",\"potentialAction\":[{\"@type\":\"SearchAction\",\"target\":{\"@type\":\"EntryPoint\",\"urlTemplate\":\"https:\/\/afarangabroad.com\/?s={search_term_string}\"},\"query-input\":\"required name=search_term_string\"}],\"inLanguage\":\"fr-FR\"}]}<\/script>\n<!-- \/ Yoast SEO plugin. -->","yoast_head_json":{"title":"Finding Prostitutes and Hookers in Phuket - A Farang Abroad","description":"Are you looking to meet hookers in Phuket? Here's a low down on where to find the best prostitutes in Patong and how much they cost.","robots":{"index":"index","follow":"follow","max-snippet":"max-snippet:-1","max-image-preview":"max-image-preview:large","max-video-preview":"max-video-preview:-1"},"canonical":"https:\/\/afarangabroad.com\/fr\/prostituees-prostituees-phuket\/","og_locale":"fr_FR","og_type":"article","og_title":"Finding Prostitutes and Hookers in Phuket - A Farang Abroad","og_description":"Are you looking to meet hookers in Phuket? Here's a low down on where to find the best prostitutes in Patong and how much they cost.","og_url":"https:\/\/afarangabroad.com\/fr\/prostituees-prostituees-phuket\/","og_site_name":"A Farang Abroad","article_modified_time":"2022-11-09T02:11:14+00:00","og_image":[{"width":800,"height":800,"url":"https:\/\/afarangabroad.com\/wp-content\/uploads\/2016\/04\/Christin-Massage.jpg","type":"image\/jpeg"}],"twitter_misc":{"Dur\u00e9e de lecture estim\u00e9e":"9 minutes"},"schema":{"@context":"https:\/\/schema.org","@graph":[{"@type":"WebPage","@id":"https:\/\/afarangabroad.com\/prostitutes-hookers-phuket\/","url":"https:\/\/afarangabroad.com\/prostitutes-hookers-phuket\/","name":"Finding Prostitutes and Hookers in Phuket - A Farang Abroad","isPartOf":{"@id":"https:\/\/afarangabroad.com\/#website"},"datePublished":"2016-04-16T14:31:36+00:00","dateModified":"2022-11-09T02:11:14+00:00","description":"Are you looking to meet hookers in Phuket? Here's a low down on where to find the best prostitutes in Patong and how much they cost.","breadcrumb":{"@id":"https:\/\/afarangabroad.com\/prostitutes-hookers-phuket\/#breadcrumb"},"inLanguage":"fr-FR","potentialAction":[{"@type":"ReadAction","target":["https:\/\/afarangabroad.com\/prostitutes-hookers-phuket\/"]}]},{"@type":"BreadcrumbList","@id":"https:\/\/afarangabroad.com\/prostitutes-hookers-phuket\/#breadcrumb","itemListElement":[{"@type":"ListItem","position":1,"name":"Home","item":"https:\/\/afarangabroad.com\/"},{"@type":"ListItem","position":2,"name":"Finding Prostitutes and Hookers in Phuket"}]},{"@type":"WebSite","@id":"https:\/\/afarangabroad.com\/#website","url":"https:\/\/afarangabroad.com\/","name":"A Farang Abroad","description":"Your secret guide to Asia&#039;s sexiest nightlife.","potentialAction":[{"@type":"SearchAction","target":{"@type":"EntryPoint","urlTemplate":"https:\/\/afarangabroad.com\/?s={search_term_string}"},"query-input":"required name=search_term_string"}],"inLanguage":"fr-FR"}]}},"_links":{"self":[{"href":"https:\/\/afarangabroad.com\/fr\/wp-json\/wp\/v2\/pages\/7160"}],"collection":[{"href":"https:\/\/afarangabroad.com\/fr\/wp-json\/wp\/v2\/pages"}],"about":[{"href":"https:\/\/afarangabroad.com\/fr\/wp-json\/wp\/v2\/types\/page"}],"author":[{"embeddable":true,"href":"https:\/\/afarangabroad.com\/fr\/wp-json\/wp\/v2\/users\/2"}],"replies":[{"embeddable":true,"href":"https:\/\/afarangabroad.com\/fr\/wp-json\/wp\/v2\/comments?post=7160"}],"version-history":[{"count":4,"href":"https:\/\/afarangabroad.com\/fr\/wp-json\/wp\/v2\/pages\/7160\/revisions"}],"predecessor-version":[{"id":513006,"href":"https:\/\/afarangabroad.com\/fr\/wp-json\/wp\/v2\/pages\/7160\/revisions\/513006"}],"wp:featuredmedia":[{"embeddable":true,"href":"https:\/\/afarangabroad.com\/fr\/wp-json\/wp\/v2\/media\/7151"}],"wp:attachment":[{"href":"https:\/\/afarangabroad.com\/fr\/wp-json\/wp\/v2\/media?parent=7160"}],"wp:term":[{"taxonomy":"category","embeddable":true,"href":"https:\/\/afarangabroad.com\/fr\/wp-json\/wp\/v2\/categories?post=7160"},{"taxonomy":"post_tag","embeddable":true,"href":"https:\/\/afarangabroad.com\/fr\/wp-json\/wp\/v2\/tags?post=7160"}],"curies":[{"name":"wp","href":"https:\/\/api.w.org\/{rel}","templated":true}]}}