{"id":7162,"date":"2016-04-16T15:21:48","date_gmt":"2016-04-16T14:21:48","guid":{"rendered":"https:\/\/afarangabroad.com\/?p=7162"},"modified":"2019-01-10T07:16:32","modified_gmt":"2019-01-10T07:16:32","slug":"best-go-go-bars-phuket","status":"publish","type":"page","link":"https:\/\/afarangabroad.com\/fr\/les-meilleurs-bars-de-phuket\/","title":{"rendered":"Les meilleurs bars \"Go Go\" de Phuket"},"content":{"rendered":"<p>Les go go bars ne sont que l'un des endroits qui attirent les touristes masculins \u00e0 Phuket.<\/p>\n<p>Imaginez-vous en train de boire une bouteille de bi\u00e8re fra\u00eeche tout en regardant ces filles tha\u00eflandaises s\u00e9duisantes et minces se tr\u00e9mousser devant vous.<\/p>\n<p>Si vous voulez <strong>Rencontrer des filles gratuitement \u00e0 Phuket<\/strong>, <a href=\"https:\/\/afarangabroad.com\/fr\/thai-cupid-dating-site\/\" target=\"_blank\" rel=\"noopener\">alors consultez cet article<\/a>.<\/p>\n<p><a class=\"mozbar-highlight-followed-wGA7MhRhQ3WS\" href=\"https:\/\/afarangabroad.com\/fr\/thai-cupid-dating-site\/\" target=\"_blank\" ><img loading=\"lazy\" decoding=\"async\" class=\"aligncenter size-large wp-image-8295\" src=\"https:\/\/afarangabroad.com\/wp-content\/uploads\/2017\/04\/Meet-Thaigirls-1024x691.jpg\" alt=\"\" width=\"600\" height=\"405\" srcset=\"https:\/\/afarangabroad.com\/wp-content\/uploads\/2017\/04\/Meet-Thaigirls.jpg 1024w, https:\/\/afarangabroad.com\/wp-content\/uploads\/2017\/04\/Meet-Thaigirls-300x202.jpg 300w, https:\/\/afarangabroad.com\/wp-content\/uploads\/2017\/04\/Meet-Thaigirls-768x518.jpg 768w, https:\/\/afarangabroad.com\/wp-content\/uploads\/2017\/04\/Meet-Thaigirls-30x20.jpg 30w, https:\/\/afarangabroad.com\/wp-content\/uploads\/2017\/04\/Meet-Thaigirls-720x486.jpg 720w\" sizes=\"(max-width: 600px) 100vw, 600px\" \/><\/a><\/p>\n<p>Vous avez probablement vu une sc\u00e8ne similaire dans un film. Mais la diff\u00e9rence, c'est que ces filles s'amusent et que c'est moins cher !<\/p>\n<p>Si vous pr\u00e9voyez de passer des vacances \u00e0 Phuket ou \u00e0 Patong, nous pouvons peut-\u00eatre vous pr\u00e9senter quelques-uns des meilleurs bars \u00e0 go go de la r\u00e9gion de Phuket\/Patong.<\/p>\n<p>You can be able to find a line of go go bars up in Soi Bangla \u2013 which is a popular nightlife place when in town. There are lots of things that this side of town offers you but for now we will focus on go go bars and give you a glimpse of the go go bar Phuket experience.<\/p>\n<p>Consultez cet article si vous voulez en savoir plus sur les bo\u00eetes de nuit de Phuket ou si vous voulez en savoir plus sur les clubs de nuit de Phuket. <a href=\"https:\/\/afarangabroad.com\/fr\/massage-sexuel-phuket\/\" target=\"_blank\" rel=\"noopener\">Massages sexuels \u00e0 Phuket<\/a>.<\/p>\n<p><iframe loading=\"lazy\" style=\"border: 0;\" src=\"https:\/\/www.google.com\/maps\/embed?pb=!1m18!1m12!1m3!1d3952.0145979870376!2d98.29459231463201!3d7.893540894313386!2m3!1f0!2f0!3f0!3m2!1i1024!2i768!4f13.1!3m3!1m2!1s0x30503abca3ef6d49%3A0xaa5e766fce3724ff!2sThanon+Bangla%2C+Tambon+Patong%2C+Amphoe+Kathu%2C+Chang+Wat+Phuket+83150!5e0!3m2!1sen!2sth!4v1460816218502\" width=\"400\" height=\"300\" frameborder=\"0\" allowfullscreen=\"allowfullscreen\"><\/iframe><\/p>\n<p>Juste une petite information, les bars de Patong ou de Phuket sont diff\u00e9rents les uns des autres.<\/p>\n<h2><strong>Que se passe-t-il \u00e0 l'int\u00e9rieur d'un go go bar ?<\/strong><\/h2>\n<p>Pour les esprits curieux et novices, dans certains go go bars, les filles se d\u00e9shabillent compl\u00e8tement, tandis que d'autres organisent des spectacles et que certains endroits n'enl\u00e8vent pas leurs sous-v\u00eatements (oui, cette partie est ennuyeuse). En r\u00e9sum\u00e9, elles offrent un spectacle sensuel aux hommes.<\/p>","protected":false},"excerpt":{"rendered":"<p>Go go bars are just one of the places that attract male tourists in Phuket. Imagine yourself having a bottle of cold beer while you watch these attractive and slim Thai girls shaking their asses off in front of you. If you want to meet girls for free in Phuket, then check out this article. [&hellip;]<\/p>","protected":false},"author":2,"featured_media":7125,"parent":0,"menu_order":0,"comment_status":"open","ping_status":"open","template":"","meta":{"_exactmetrics_skip_tracking":false,"_exactmetrics_sitenote_active":false,"_exactmetrics_sitenote_note":"","_exactmetrics_sitenote_category":0,"footnotes":""},"categories":[331],"tags":[],"class_list":["post-7162","page","type-page","status-publish","has-post-thumbnail","hentry","category-phuket-nightlife"],"yoast_head":"<!-- This site is optimized with the Yoast SEO plugin v20.1 - https:\/\/yoast.com\/wordpress\/plugins\/seo\/ -->\n<title>Best Go Go Bars in Phuket - A Farang Abroad<\/title>\n<meta name=\"description\" content=\"Looking for the best go go bars in Phuket? Here&#039;s a review of the top 7 go go clubs in Patong with Google Maps on how to get there.\" \/>\n<meta name=\"robots\" content=\"index, follow, max-snippet:-1, max-image-preview:large, max-video-preview:-1\" \/>\n<link rel=\"canonical\" href=\"https:\/\/afarangabroad.com\/fr\/les-meilleurs-bars-de-phuket\/\" \/>\n<meta property=\"og:locale\" content=\"fr_FR\" \/>\n<meta property=\"og:type\" content=\"article\" \/>\n<meta property=\"og:title\" content=\"Best Go Go Bars in Phuket - A Farang Abroad\" \/>\n<meta property=\"og:description\" content=\"Looking for the best go go bars in Phuket? Here&#039;s a review of the top 7 go go clubs in Patong with Google Maps on how to get there.\" \/>\n<meta property=\"og:url\" content=\"https:\/\/afarangabroad.com\/fr\/les-meilleurs-bars-de-phuket\/\" \/>\n<meta property=\"og:site_name\" content=\"A Farang Abroad\" \/>\n<meta property=\"article:modified_time\" content=\"2019-01-10T07:16:32+00:00\" \/>\n<meta property=\"og:image\" content=\"https:\/\/afarangabroad.com\/wp-content\/uploads\/2016\/04\/suzie-wongs.jpg\" \/>\n\t<meta property=\"og:image:width\" content=\"600\" \/>\n\t<meta property=\"og:image:height\" content=\"800\" \/>\n\t<meta property=\"og:image:type\" content=\"image\/jpeg\" \/>\n<meta name=\"twitter:label1\" content=\"Dur\u00e9e de lecture estim\u00e9e\" \/>\n\t<meta name=\"twitter:data1\" content=\"16 minutes\" \/>\n<script type=\"application\/ld+json\" class=\"yoast-schema-graph\">{\"@context\":\"https:\/\/schema.org\",\"@graph\":[{\"@type\":\"WebPage\",\"@id\":\"https:\/\/afarangabroad.com\/best-go-go-bars-phuket\/\",\"url\":\"https:\/\/afarangabroad.com\/best-go-go-bars-phuket\/\",\"name\":\"Best Go Go Bars in Phuket - A Farang Abroad\",\"isPartOf\":{\"@id\":\"https:\/\/afarangabroad.com\/#website\"},\"datePublished\":\"2016-04-16T14:21:48+00:00\",\"dateModified\":\"2019-01-10T07:16:32+00:00\",\"description\":\"Looking for the best go go bars in Phuket? Here's a review of the top 7 go go clubs in Patong with Google Maps on how to get there.\",\"breadcrumb\":{\"@id\":\"https:\/\/afarangabroad.com\/best-go-go-bars-phuket\/#breadcrumb\"},\"inLanguage\":\"fr-FR\",\"potentialAction\":[{\"@type\":\"ReadAction\",\"target\":[\"https:\/\/afarangabroad.com\/best-go-go-bars-phuket\/\"]}]},{\"@type\":\"BreadcrumbList\",\"@id\":\"https:\/\/afarangabroad.com\/best-go-go-bars-phuket\/#breadcrumb\",\"itemListElement\":[{\"@type\":\"ListItem\",\"position\":1,\"name\":\"Home\",\"item\":\"https:\/\/afarangabroad.com\/\"},{\"@type\":\"ListItem\",\"position\":2,\"name\":\"Best Go Go Bars in Phuket\"}]},{\"@type\":\"WebSite\",\"@id\":\"https:\/\/afarangabroad.com\/#website\",\"url\":\"https:\/\/afarangabroad.com\/\",\"name\":\"A Farang Abroad\",\"description\":\"Your secret guide to Asia&#039;s sexiest nightlife.\",\"potentialAction\":[{\"@type\":\"SearchAction\",\"target\":{\"@type\":\"EntryPoint\",\"urlTemplate\":\"https:\/\/afarangabroad.com\/?s={search_term_string}\"},\"query-input\":\"required name=search_term_string\"}],\"inLanguage\":\"fr-FR\"}]}<\/script>\n<!-- \/ Yoast SEO plugin. -->","yoast_head_json":{"title":"Best Go Go Bars in Phuket - A Farang Abroad","description":"Looking for the best go go bars in Phuket? Here's a review of the top 7 go go clubs in Patong with Google Maps on how to get there.","robots":{"index":"index","follow":"follow","max-snippet":"max-snippet:-1","max-image-preview":"max-image-preview:large","max-video-preview":"max-video-preview:-1"},"canonical":"https:\/\/afarangabroad.com\/fr\/les-meilleurs-bars-de-phuket\/","og_locale":"fr_FR","og_type":"article","og_title":"Best Go Go Bars in Phuket - A Farang Abroad","og_description":"Looking for the best go go bars in Phuket? Here's a review of the top 7 go go clubs in Patong with Google Maps on how to get there.","og_url":"https:\/\/afarangabroad.com\/fr\/les-meilleurs-bars-de-phuket\/","og_site_name":"A Farang Abroad","article_modified_time":"2019-01-10T07:16:32+00:00","og_image":[{"width":600,"height":800,"url":"https:\/\/afarangabroad.com\/wp-content\/uploads\/2016\/04\/suzie-wongs.jpg","type":"image\/jpeg"}],"twitter_misc":{"Dur\u00e9e de lecture estim\u00e9e":"16 minutes"},"schema":{"@context":"https:\/\/schema.org","@graph":[{"@type":"WebPage","@id":"https:\/\/afarangabroad.com\/best-go-go-bars-phuket\/","url":"https:\/\/afarangabroad.com\/best-go-go-bars-phuket\/","name":"Best Go Go Bars in Phuket - A Farang Abroad","isPartOf":{"@id":"https:\/\/afarangabroad.com\/#website"},"datePublished":"2016-04-16T14:21:48+00:00","dateModified":"2019-01-10T07:16:32+00:00","description":"Looking for the best go go bars in Phuket? Here's a review of the top 7 go go clubs in Patong with Google Maps on how to get there.","breadcrumb":{"@id":"https:\/\/afarangabroad.com\/best-go-go-bars-phuket\/#breadcrumb"},"inLanguage":"fr-FR","potentialAction":[{"@type":"ReadAction","target":["https:\/\/afarangabroad.com\/best-go-go-bars-phuket\/"]}]},{"@type":"BreadcrumbList","@id":"https:\/\/afarangabroad.com\/best-go-go-bars-phuket\/#breadcrumb","itemListElement":[{"@type":"ListItem","position":1,"name":"Home","item":"https:\/\/afarangabroad.com\/"},{"@type":"ListItem","position":2,"name":"Best Go Go Bars in Phuket"}]},{"@type":"WebSite","@id":"https:\/\/afarangabroad.com\/#website","url":"https:\/\/afarangabroad.com\/","name":"A Farang Abroad","description":"Your secret guide to Asia&#039;s sexiest nightlife.","potentialAction":[{"@type":"SearchAction","target":{"@type":"EntryPoint","urlTemplate":"https:\/\/afarangabroad.com\/?s={search_term_string}"},"query-input":"required name=search_term_string"}],"inLanguage":"fr-FR"}]}},"_links":{"self":[{"href":"https:\/\/afarangabroad.com\/fr\/wp-json\/wp\/v2\/pages\/7162"}],"collection":[{"href":"https:\/\/afarangabroad.com\/fr\/wp-json\/wp\/v2\/pages"}],"about":[{"href":"https:\/\/afarangabroad.com\/fr\/wp-json\/wp\/v2\/types\/page"}],"author":[{"embeddable":true,"href":"https:\/\/afarangabroad.com\/fr\/wp-json\/wp\/v2\/users\/2"}],"replies":[{"embeddable":true,"href":"https:\/\/afarangabroad.com\/fr\/wp-json\/wp\/v2\/comments?post=7162"}],"version-history":[{"count":0,"href":"https:\/\/afarangabroad.com\/fr\/wp-json\/wp\/v2\/pages\/7162\/revisions"}],"wp:featuredmedia":[{"embeddable":true,"href":"https:\/\/afarangabroad.com\/fr\/wp-json\/wp\/v2\/media\/7125"}],"wp:attachment":[{"href":"https:\/\/afarangabroad.com\/fr\/wp-json\/wp\/v2\/media?parent=7162"}],"wp:term":[{"taxonomy":"category","embeddable":true,"href":"https:\/\/afarangabroad.com\/fr\/wp-json\/wp\/v2\/categories?post=7162"},{"taxonomy":"post_tag","embeddable":true,"href":"https:\/\/afarangabroad.com\/fr\/wp-json\/wp\/v2\/tags?post=7162"}],"curies":[{"name":"wp","href":"https:\/\/api.w.org\/{rel}","templated":true}]}}