{"id":7227,"date":"2016-05-31T19:36:55","date_gmt":"2016-05-31T18:36:55","guid":{"rendered":"https:\/\/afarangabroad.com\/?p=7227"},"modified":"2019-01-08T06:13:41","modified_gmt":"2019-01-08T06:13:41","slug":"sex-cambodia","status":"publish","type":"page","link":"https:\/\/afarangabroad.com\/fr\/sexe-cambodge\/","title":{"rendered":"Guide du sexe au Cambodge pour les d\u00e9butants"},"content":{"rendered":"<p>Si vous \u00eates \u00e0 la recherche de la fille de votre vie ou simplement \u00e0 la recherche d'une femme avec qui sortir, le Cambodge a beaucoup de femmes \u00e0 vous offrir.<\/p>\n<p>Envie de rencontrer <a href=\"https:\/\/afarangabroad.com\/fr\/filles-cambodgiennes\/\" target=\"_blank\" rel=\"noopener\">Filles khm\u00e8res<\/a> gratuitement au Cambodge. <a href=\"https:\/\/afarangabroad.com\/fr\/rencontres-asiatiques\/\" target=\"_blank\" rel=\"noopener\">lire cet article<\/a>.<\/p>\n<p><a href=\"https:\/\/afarangabroad.com\/fr\/rencontres-asiatiques\/\" target=\"_blank\" rel=\"noopener\"><img loading=\"lazy\" decoding=\"async\" class=\"aligncenter size-large wp-image-7582\" src=\"https:\/\/afarangabroad.com\/wp-content\/uploads\/2016\/08\/hot-cambo-girls-1024x691.png\" alt=\"\" width=\"600\" height=\"405\" srcset=\"https:\/\/afarangabroad.com\/wp-content\/uploads\/2016\/08\/hot-cambo-girls-1024x691.png 1024w, https:\/\/afarangabroad.com\/wp-content\/uploads\/2016\/08\/hot-cambo-girls-300x202.png 300w, https:\/\/afarangabroad.com\/wp-content\/uploads\/2016\/08\/hot-cambo-girls-768x518.png 768w, https:\/\/afarangabroad.com\/wp-content\/uploads\/2016\/08\/hot-cambo-girls-720x486.png 720w, https:\/\/afarangabroad.com\/wp-content\/uploads\/2016\/08\/hot-cambo-girls.png 1038w\" sizes=\"(max-width: 600px) 100vw, 600px\" \/><\/a><\/p>\n<p>Il y a en fait trois options pour trouver la fille parfaite pour vous au Cambodge : aller dans diff\u00e9rents clubs ou bars au Cambodge, se promener dans la ville et chercher des filles mignonnes, ou vous pouvez simplement en trouver une par le biais des sites de rencontres.<\/p>\n<p>Vous pouvez trouver de nombreux sites de rencontre sur Internet o\u00f9 de nombreuses filles cambodgiennes cherchent \u00e9galement quelqu'un avec qui sortir. J'ai deux sites de rencontre ici o\u00f9 vous pouvez facilement trouver des filles cambodgiennes normales :<\/p>\n<h2>SITES DE RENCONTRE<\/h2>\n<p><a href=\"https:\/\/afarangabroad.com\/fr\/rencontres-asiatiques\/\" target=\"_blank\" rel=\"noopener\">Rencontres asiatiques<\/a> is the biggest dating site in Asia in where you can find a lot of single and ready to mingle ladies. Asian dating doesn\u2019t just caterers ladies from Cambodia but also ladies all over the Asia.<\/p>\n<p>Il y a plus d'un millier de membres sur ce site, vous pouvez donc certainement trouver la fille qui vous convient en fonction de vos go\u00fbts et de vos pr\u00e9f\u00e9rences. Ce site de rencontre est \u00e9galement facile \u00e0 utiliser. Il vous suffit de cliquer sur la barre de pays de la page d'accueil et de choisir le pays que vous souhaitez.<\/p>\n<h2><a href=\"https:\/\/afarangabroad.com\/fr\/rencontres-asiatiques\/\"><img loading=\"lazy\" decoding=\"async\" class=\"aligncenter wp-image-6246\" src=\"https:\/\/afarangabroad.com\/wp-content\/uploads\/2015\/10\/3093_250_250.jpg\" alt=\"rencontres asiatiques\" width=\"282\" height=\"282\" srcset=\"https:\/\/afarangabroad.com\/wp-content\/uploads\/2015\/10\/3093_250_250.jpg 250w, https:\/\/afarangabroad.com\/wp-content\/uploads\/2015\/10\/3093_250_250-150x150.jpg 150w\" sizes=\"(max-width: 282px) 100vw, 282px\" \/><\/a><\/h2>\n<p>I would say there&#8217;s less than 5% of <a href=\"https:\/\/afarangabroad.com\/fr\/ladyboys-cambodgiennes\/\">Ladyboys cambodgiennes<\/a> sur ce site.<\/p>\n<h2><strong>BARS ET CLUBS<br \/>\n<\/strong><\/h2>\n<p>Il existe de nombreux clubs et bars au Cambodge o\u00f9 vous pouvez trouver diff\u00e9rents types de femmes, des plus jeunes aux plus \u00e2g\u00e9es, des c\u00e9libataires aux femmes mari\u00e9es, et les meilleures sont celles qui sont pr\u00eates \u00e0 passer la nuit avec vous pour un peu d'argent.<\/p>\n<p>It isn\u2019t really hard to find bars and clubs in Cambodia with go go girls especially when it\u2019s already getting late at night and you have that charm and looks that would hitch any lady you want. There isn\u2019t actually a centralized red light place in Cambodia particularly in <a href=\"https:\/\/afarangabroad.com\/fr\/phnom-penh-girls\/\" target=\"_blank\" rel=\"noopener\">Vie nocturne \u00e0 Phnom Penh<\/a> but if you\u2019ll just search over the place, you would surely be able to find hot Cambodian girls.<\/p>\n<p>Phnom Penh est une petite ville de f\u00eate qui offre un cr\u00e9puscule enivrant de la fin de la nuit jusqu'\u00e0 l'aube et vous pouvez \u00e9galement choisir parmi la grande vari\u00e9t\u00e9 de cuisines que l'on y trouve. En fait, il y a beaucoup de bars \u00e0 Phnom Penh, des pubs aux bars \u00e0 vin, en passant par les bars \u00e0 musique, et ce que tout le monde aime le plus, ce sont les bars \u00e0 h\u00f4tesses.<\/p>","protected":false},"excerpt":{"rendered":"<p>When you are looking for the girl of your life or just simply looking for a lady to hook up with, Cambodia has a lot of ladies to offer you. Want to meet Khmer girls for free in Cambodia. then read this article. There are actually three options in where you can find the perfect [&hellip;]<\/p>","protected":false},"author":2,"featured_media":6263,"parent":0,"menu_order":0,"comment_status":"open","ping_status":"open","template":"","meta":{"_exactmetrics_skip_tracking":false,"_exactmetrics_sitenote_active":false,"_exactmetrics_sitenote_note":"","_exactmetrics_sitenote_category":0,"footnotes":""},"categories":[329],"tags":[],"class_list":["post-7227","page","type-page","status-publish","has-post-thumbnail","hentry","category-laos-camboida-burma"],"yoast_head":"<!-- This site is optimized with the Yoast SEO plugin v20.1 - https:\/\/yoast.com\/wordpress\/plugins\/seo\/ -->\n<title>Newbie&#039;s Guide To Sex In Cambodia - A Farang Abroad<\/title>\n<meta name=\"description\" content=\"Want to know where to get sex in Cambodia? In this article I tell you how much it goes, how to find girls for free and maps of certain venues to visit.\" \/>\n<meta name=\"robots\" content=\"index, follow, max-snippet:-1, max-image-preview:large, max-video-preview:-1\" \/>\n<link rel=\"canonical\" href=\"https:\/\/afarangabroad.com\/fr\/sexe-cambodge\/\" \/>\n<meta property=\"og:locale\" content=\"fr_FR\" \/>\n<meta property=\"og:type\" content=\"article\" \/>\n<meta property=\"og:title\" content=\"Newbie&#039;s Guide To Sex In Cambodia - A Farang Abroad\" \/>\n<meta property=\"og:description\" content=\"Want to know where to get sex in Cambodia? In this article I tell you how much it goes, how to find girls for free and maps of certain venues to visit.\" \/>\n<meta property=\"og:url\" content=\"https:\/\/afarangabroad.com\/fr\/sexe-cambodge\/\" \/>\n<meta property=\"og:site_name\" content=\"A Farang Abroad\" \/>\n<meta property=\"article:modified_time\" content=\"2019-01-08T06:13:41+00:00\" \/>\n<meta property=\"og:image\" content=\"https:\/\/afarangabroad.com\/wp-content\/uploads\/2015\/10\/172944313_4df81170e5_z.jpg\" \/>\n\t<meta property=\"og:image:width\" content=\"640\" \/>\n\t<meta property=\"og:image:height\" content=\"353\" \/>\n\t<meta property=\"og:image:type\" content=\"image\/jpeg\" \/>\n<meta name=\"twitter:label1\" content=\"Dur\u00e9e de lecture estim\u00e9e\" \/>\n\t<meta name=\"twitter:data1\" content=\"8 minutes\" \/>\n<script type=\"application\/ld+json\" class=\"yoast-schema-graph\">{\"@context\":\"https:\/\/schema.org\",\"@graph\":[{\"@type\":\"WebPage\",\"@id\":\"https:\/\/afarangabroad.com\/sex-cambodia\/\",\"url\":\"https:\/\/afarangabroad.com\/sex-cambodia\/\",\"name\":\"Newbie's Guide To Sex In Cambodia - A Farang Abroad\",\"isPartOf\":{\"@id\":\"https:\/\/afarangabroad.com\/#website\"},\"datePublished\":\"2016-05-31T18:36:55+00:00\",\"dateModified\":\"2019-01-08T06:13:41+00:00\",\"description\":\"Want to know where to get sex in Cambodia? In this article I tell you how much it goes, how to find girls for free and maps of certain venues to visit.\",\"breadcrumb\":{\"@id\":\"https:\/\/afarangabroad.com\/sex-cambodia\/#breadcrumb\"},\"inLanguage\":\"fr-FR\",\"potentialAction\":[{\"@type\":\"ReadAction\",\"target\":[\"https:\/\/afarangabroad.com\/sex-cambodia\/\"]}]},{\"@type\":\"BreadcrumbList\",\"@id\":\"https:\/\/afarangabroad.com\/sex-cambodia\/#breadcrumb\",\"itemListElement\":[{\"@type\":\"ListItem\",\"position\":1,\"name\":\"Home\",\"item\":\"https:\/\/afarangabroad.com\/\"},{\"@type\":\"ListItem\",\"position\":2,\"name\":\"Newbie&#8217;s Guide To Sex In Cambodia\"}]},{\"@type\":\"WebSite\",\"@id\":\"https:\/\/afarangabroad.com\/#website\",\"url\":\"https:\/\/afarangabroad.com\/\",\"name\":\"A Farang Abroad\",\"description\":\"Your secret guide to Asia&#039;s sexiest nightlife.\",\"potentialAction\":[{\"@type\":\"SearchAction\",\"target\":{\"@type\":\"EntryPoint\",\"urlTemplate\":\"https:\/\/afarangabroad.com\/?s={search_term_string}\"},\"query-input\":\"required name=search_term_string\"}],\"inLanguage\":\"fr-FR\"}]}<\/script>\n<!-- \/ Yoast SEO plugin. -->","yoast_head_json":{"title":"Newbie's Guide To Sex In Cambodia - A Farang Abroad","description":"Want to know where to get sex in Cambodia? In this article I tell you how much it goes, how to find girls for free and maps of certain venues to visit.","robots":{"index":"index","follow":"follow","max-snippet":"max-snippet:-1","max-image-preview":"max-image-preview:large","max-video-preview":"max-video-preview:-1"},"canonical":"https:\/\/afarangabroad.com\/fr\/sexe-cambodge\/","og_locale":"fr_FR","og_type":"article","og_title":"Newbie's Guide To Sex In Cambodia - A Farang Abroad","og_description":"Want to know where to get sex in Cambodia? In this article I tell you how much it goes, how to find girls for free and maps of certain venues to visit.","og_url":"https:\/\/afarangabroad.com\/fr\/sexe-cambodge\/","og_site_name":"A Farang Abroad","article_modified_time":"2019-01-08T06:13:41+00:00","og_image":[{"width":640,"height":353,"url":"https:\/\/afarangabroad.com\/wp-content\/uploads\/2015\/10\/172944313_4df81170e5_z.jpg","type":"image\/jpeg"}],"twitter_misc":{"Dur\u00e9e de lecture estim\u00e9e":"8 minutes"},"schema":{"@context":"https:\/\/schema.org","@graph":[{"@type":"WebPage","@id":"https:\/\/afarangabroad.com\/sex-cambodia\/","url":"https:\/\/afarangabroad.com\/sex-cambodia\/","name":"Newbie's Guide To Sex In Cambodia - A Farang Abroad","isPartOf":{"@id":"https:\/\/afarangabroad.com\/#website"},"datePublished":"2016-05-31T18:36:55+00:00","dateModified":"2019-01-08T06:13:41+00:00","description":"Want to know where to get sex in Cambodia? In this article I tell you how much it goes, how to find girls for free and maps of certain venues to visit.","breadcrumb":{"@id":"https:\/\/afarangabroad.com\/sex-cambodia\/#breadcrumb"},"inLanguage":"fr-FR","potentialAction":[{"@type":"ReadAction","target":["https:\/\/afarangabroad.com\/sex-cambodia\/"]}]},{"@type":"BreadcrumbList","@id":"https:\/\/afarangabroad.com\/sex-cambodia\/#breadcrumb","itemListElement":[{"@type":"ListItem","position":1,"name":"Home","item":"https:\/\/afarangabroad.com\/"},{"@type":"ListItem","position":2,"name":"Newbie&#8217;s Guide To Sex In Cambodia"}]},{"@type":"WebSite","@id":"https:\/\/afarangabroad.com\/#website","url":"https:\/\/afarangabroad.com\/","name":"A Farang Abroad","description":"Your secret guide to Asia&#039;s sexiest nightlife.","potentialAction":[{"@type":"SearchAction","target":{"@type":"EntryPoint","urlTemplate":"https:\/\/afarangabroad.com\/?s={search_term_string}"},"query-input":"required name=search_term_string"}],"inLanguage":"fr-FR"}]}},"_links":{"self":[{"href":"https:\/\/afarangabroad.com\/fr\/wp-json\/wp\/v2\/pages\/7227"}],"collection":[{"href":"https:\/\/afarangabroad.com\/fr\/wp-json\/wp\/v2\/pages"}],"about":[{"href":"https:\/\/afarangabroad.com\/fr\/wp-json\/wp\/v2\/types\/page"}],"author":[{"embeddable":true,"href":"https:\/\/afarangabroad.com\/fr\/wp-json\/wp\/v2\/users\/2"}],"replies":[{"embeddable":true,"href":"https:\/\/afarangabroad.com\/fr\/wp-json\/wp\/v2\/comments?post=7227"}],"version-history":[{"count":0,"href":"https:\/\/afarangabroad.com\/fr\/wp-json\/wp\/v2\/pages\/7227\/revisions"}],"wp:featuredmedia":[{"embeddable":true,"href":"https:\/\/afarangabroad.com\/fr\/wp-json\/wp\/v2\/media\/6263"}],"wp:attachment":[{"href":"https:\/\/afarangabroad.com\/fr\/wp-json\/wp\/v2\/media?parent=7227"}],"wp:term":[{"taxonomy":"category","embeddable":true,"href":"https:\/\/afarangabroad.com\/fr\/wp-json\/wp\/v2\/categories?post=7227"},{"taxonomy":"post_tag","embeddable":true,"href":"https:\/\/afarangabroad.com\/fr\/wp-json\/wp\/v2\/tags?post=7227"}],"curies":[{"name":"wp","href":"https:\/\/api.w.org\/{rel}","templated":true}]}}