{"id":7229,"date":"2016-05-31T14:06:37","date_gmt":"2016-05-31T13:06:37","guid":{"rendered":"https:\/\/afarangabroad.com\/?p=7229"},"modified":"2022-11-09T02:11:26","modified_gmt":"2022-11-09T02:11:26","slug":"sex-in-phuket","status":"publish","type":"page","link":"https:\/\/afarangabroad.com\/fr\/sexe-a-phuket\/","title":{"rendered":"Guide du d\u00e9butant pour le sexe \u00e0 Phuket"},"content":{"rendered":"<p>In this article you&#8217;ll learn where to find sex in Phuket.<\/p>\n<p>Phuket est l'une des \u00eeles de la Tha\u00eflande et c'est la plus grande, ce qui fait qu'elle attire plus de touristes et m\u00eame de locaux.<\/p>\n<p>Si vous souhaitez rencontrer <a class=\"mozbar-highlight-followed-wGA7MhRhQ3WS\" href=\"https:\/\/afarangabroad.com\/fr\/filles-de-phuket\/\" target=\"_blank\" rel=\"noopener noreferrer\">Les filles de Phuket<\/a> gratuitement, <a class=\"mozbar-highlight-followed-wGA7MhRhQ3WS\" href=\"https:\/\/afarangabroad.com\/fr\/thai-cupid-dating-site\/\" target=\"_blank\" rel=\"noopener noreferrer\">lire cet article<\/a>.<\/p>\n<p><a class=\"mozbar-highlight-followed-wGA7MhRhQ3WS\" href=\"https:\/\/afarangabroad.com\/fr\/thai-cupid-dating-site\/\" target=\"_blank\" rel=\"noopener noreferrer\"><img loading=\"lazy\" decoding=\"async\" class=\"aligncenter size-large wp-image-7403\" src=\"https:\/\/afarangabroad.com\/wp-content\/uploads\/2016\/07\/Meet-Thai-girls1-1024x691-min-1024x691.jpg\" alt=\"\" width=\"600\" height=\"405\" srcset=\"https:\/\/afarangabroad.com\/wp-content\/uploads\/2016\/07\/Meet-Thai-girls1-1024x691-min.jpg 1024w, https:\/\/afarangabroad.com\/wp-content\/uploads\/2016\/07\/Meet-Thai-girls1-1024x691-min-300x202.jpg 300w, https:\/\/afarangabroad.com\/wp-content\/uploads\/2016\/07\/Meet-Thai-girls1-1024x691-min-768x518.jpg 768w, https:\/\/afarangabroad.com\/wp-content\/uploads\/2016\/07\/Meet-Thai-girls1-1024x691-min-660x445.jpg 660w\" sizes=\"(max-width: 600px) 100vw, 600px\" \/><\/a><\/p>\n<p>Ce que les gens aiment dans ce pays, ce sont les plages de sable blanc, les sites de plong\u00e9e, la gentillesse des gens et, bien s\u00fbr, les filles de bar. La prostitution est en fait un ph\u00e9nom\u00e8ne connu en Tha\u00eflande, qui constitue l'une des principales attractions du pays.<\/p>\n<p>Vous pouvez trouver de jolies filles \u00e0 Phuket de diff\u00e9rentes mani\u00e8res, dans les bars, les pubs, les salons de massage et, si vous voulez une m\u00e9thode plus facile, la meilleure est la rencontre en ligne.<\/p>\n<p>Les rencontres en ligne sont tr\u00e8s connues en Asie depuis quelques ann\u00e9es et les Asiatiques n'h\u00e9sitent pas \u00e0 trouver quelqu'un avec qui sortir ou avec qui se mettre en couple de l'autre c\u00f4t\u00e9 du globe.<\/p>\n<p>Si vous souhaitez savoir o\u00f9 trouver de l'herbe \u00e0 BKK, n'h\u00e9sitez pas \u00e0 consulter les sites suivants <strong>souscrire<\/strong> vers le canal ci-dessous :<\/p>\n<p><iframe loading=\"lazy\" title=\"Bande-annonce : Un aper\u00e7u de la sc\u00e8ne des dispensaires m\u00e9dicaux \u00e0 Bangkok\" width=\"678\" height=\"381\" src=\"https:\/\/www.youtube.com\/embed\/j0HbIHjnG5g?feature=oembed\" frameborder=\"0\" allow=\"accelerometer; autoplay; clipboard-write; encrypted-media; gyroscope; picture-in-picture\" allowfullscreen><\/iframe><\/p>\n<h2>Smooci Phuket<\/h2>\n<p>Smooci s'est maintenant lanc\u00e9 \u00e0 Phuket. Depuis son lancement \u00e0 Bangkok en 2016, Smooci est devenu le service de r\u00e9servation d'escortes le plus populaire de la ville.<\/p>\n<p>Its also now well established in Manila, Singapore, Hong Kong, and many other destination. There are several reasons why Smooci will be a game changer for the Phuket escort scene; it&#8217;s booking system is smooth and easy, you can place a booking request in a few clicks and receive live booking updates via SMS.<\/p>","protected":false},"excerpt":{"rendered":"<p>In this article you&#8217;ll learn where to find sex in Phuket. Phuket is one of the islands found in Thailand and is actually the largest one which makes it attracts more tourists and even locals to visit the place. If you want to meet Phuket girls for free, read this article. What people love about [&hellip;]<\/p>","protected":false},"author":2,"featured_media":4841,"parent":0,"menu_order":0,"comment_status":"open","ping_status":"open","template":"","meta":{"_exactmetrics_skip_tracking":false,"_exactmetrics_sitenote_active":false,"_exactmetrics_sitenote_note":"","_exactmetrics_sitenote_category":0,"footnotes":""},"categories":[331],"tags":[],"class_list":["post-7229","page","type-page","status-publish","has-post-thumbnail","hentry","category-phuket-nightlife"],"yoast_head":"<!-- This site is optimized with the Yoast SEO plugin v20.1 - https:\/\/yoast.com\/wordpress\/plugins\/seo\/ -->\n<title>Beginner&#039;s Guide To Sex in Phuket - A Farang Abroad<\/title>\n<meta name=\"description\" content=\"Everything you need to know about finding sex in Phuket. From the price of cost for sex, where to find them and how to stay safe\" \/>\n<meta name=\"robots\" content=\"index, follow, max-snippet:-1, max-image-preview:large, max-video-preview:-1\" \/>\n<link rel=\"canonical\" href=\"https:\/\/afarangabroad.com\/fr\/sexe-a-phuket\/\" \/>\n<meta property=\"og:locale\" content=\"fr_FR\" \/>\n<meta property=\"og:type\" content=\"article\" \/>\n<meta property=\"og:title\" content=\"Beginner&#039;s Guide To Sex in Phuket - A Farang Abroad\" \/>\n<meta property=\"og:description\" content=\"Everything you need to know about finding sex in Phuket. From the price of cost for sex, where to find them and how to stay safe\" \/>\n<meta property=\"og:url\" content=\"https:\/\/afarangabroad.com\/fr\/sexe-a-phuket\/\" \/>\n<meta property=\"og:site_name\" content=\"A Farang Abroad\" \/>\n<meta property=\"article:modified_time\" content=\"2022-11-09T02:11:26+00:00\" \/>\n<meta property=\"og:image\" content=\"https:\/\/afarangabroad.com\/wp-content\/uploads\/2015\/05\/16642743552_d38248521c_b.jpg\" \/>\n\t<meta property=\"og:image:width\" content=\"1024\" \/>\n\t<meta property=\"og:image:height\" content=\"683\" \/>\n\t<meta property=\"og:image:type\" content=\"image\/jpeg\" \/>\n<meta name=\"twitter:label1\" content=\"Dur\u00e9e de lecture estim\u00e9e\" \/>\n\t<meta name=\"twitter:data1\" content=\"9 minutes\" \/>\n<script type=\"application\/ld+json\" class=\"yoast-schema-graph\">{\"@context\":\"https:\/\/schema.org\",\"@graph\":[{\"@type\":\"WebPage\",\"@id\":\"https:\/\/afarangabroad.com\/sex-in-phuket\/\",\"url\":\"https:\/\/afarangabroad.com\/sex-in-phuket\/\",\"name\":\"Beginner's Guide To Sex in Phuket - A Farang Abroad\",\"isPartOf\":{\"@id\":\"https:\/\/afarangabroad.com\/#website\"},\"datePublished\":\"2016-05-31T13:06:37+00:00\",\"dateModified\":\"2022-11-09T02:11:26+00:00\",\"description\":\"Everything you need to know about finding sex in Phuket. From the price of cost for sex, where to find them and how to stay safe\",\"breadcrumb\":{\"@id\":\"https:\/\/afarangabroad.com\/sex-in-phuket\/#breadcrumb\"},\"inLanguage\":\"fr-FR\",\"potentialAction\":[{\"@type\":\"ReadAction\",\"target\":[\"https:\/\/afarangabroad.com\/sex-in-phuket\/\"]}]},{\"@type\":\"BreadcrumbList\",\"@id\":\"https:\/\/afarangabroad.com\/sex-in-phuket\/#breadcrumb\",\"itemListElement\":[{\"@type\":\"ListItem\",\"position\":1,\"name\":\"Home\",\"item\":\"https:\/\/afarangabroad.com\/\"},{\"@type\":\"ListItem\",\"position\":2,\"name\":\"Beginner&#8217;s Guide To Sex in Phuket\"}]},{\"@type\":\"WebSite\",\"@id\":\"https:\/\/afarangabroad.com\/#website\",\"url\":\"https:\/\/afarangabroad.com\/\",\"name\":\"A Farang Abroad\",\"description\":\"Your secret guide to Asia&#039;s sexiest nightlife.\",\"potentialAction\":[{\"@type\":\"SearchAction\",\"target\":{\"@type\":\"EntryPoint\",\"urlTemplate\":\"https:\/\/afarangabroad.com\/?s={search_term_string}\"},\"query-input\":\"required name=search_term_string\"}],\"inLanguage\":\"fr-FR\"}]}<\/script>\n<!-- \/ Yoast SEO plugin. -->","yoast_head_json":{"title":"Beginner's Guide To Sex in Phuket - A Farang Abroad","description":"Everything you need to know about finding sex in Phuket. From the price of cost for sex, where to find them and how to stay safe","robots":{"index":"index","follow":"follow","max-snippet":"max-snippet:-1","max-image-preview":"max-image-preview:large","max-video-preview":"max-video-preview:-1"},"canonical":"https:\/\/afarangabroad.com\/fr\/sexe-a-phuket\/","og_locale":"fr_FR","og_type":"article","og_title":"Beginner's Guide To Sex in Phuket - A Farang Abroad","og_description":"Everything you need to know about finding sex in Phuket. From the price of cost for sex, where to find them and how to stay safe","og_url":"https:\/\/afarangabroad.com\/fr\/sexe-a-phuket\/","og_site_name":"A Farang Abroad","article_modified_time":"2022-11-09T02:11:26+00:00","og_image":[{"width":1024,"height":683,"url":"https:\/\/afarangabroad.com\/wp-content\/uploads\/2015\/05\/16642743552_d38248521c_b.jpg","type":"image\/jpeg"}],"twitter_misc":{"Dur\u00e9e de lecture estim\u00e9e":"9 minutes"},"schema":{"@context":"https:\/\/schema.org","@graph":[{"@type":"WebPage","@id":"https:\/\/afarangabroad.com\/sex-in-phuket\/","url":"https:\/\/afarangabroad.com\/sex-in-phuket\/","name":"Beginner's Guide To Sex in Phuket - A Farang Abroad","isPartOf":{"@id":"https:\/\/afarangabroad.com\/#website"},"datePublished":"2016-05-31T13:06:37+00:00","dateModified":"2022-11-09T02:11:26+00:00","description":"Everything you need to know about finding sex in Phuket. From the price of cost for sex, where to find them and how to stay safe","breadcrumb":{"@id":"https:\/\/afarangabroad.com\/sex-in-phuket\/#breadcrumb"},"inLanguage":"fr-FR","potentialAction":[{"@type":"ReadAction","target":["https:\/\/afarangabroad.com\/sex-in-phuket\/"]}]},{"@type":"BreadcrumbList","@id":"https:\/\/afarangabroad.com\/sex-in-phuket\/#breadcrumb","itemListElement":[{"@type":"ListItem","position":1,"name":"Home","item":"https:\/\/afarangabroad.com\/"},{"@type":"ListItem","position":2,"name":"Beginner&#8217;s Guide To Sex in Phuket"}]},{"@type":"WebSite","@id":"https:\/\/afarangabroad.com\/#website","url":"https:\/\/afarangabroad.com\/","name":"A Farang Abroad","description":"Your secret guide to Asia&#039;s sexiest nightlife.","potentialAction":[{"@type":"SearchAction","target":{"@type":"EntryPoint","urlTemplate":"https:\/\/afarangabroad.com\/?s={search_term_string}"},"query-input":"required name=search_term_string"}],"inLanguage":"fr-FR"}]}},"_links":{"self":[{"href":"https:\/\/afarangabroad.com\/fr\/wp-json\/wp\/v2\/pages\/7229"}],"collection":[{"href":"https:\/\/afarangabroad.com\/fr\/wp-json\/wp\/v2\/pages"}],"about":[{"href":"https:\/\/afarangabroad.com\/fr\/wp-json\/wp\/v2\/types\/page"}],"author":[{"embeddable":true,"href":"https:\/\/afarangabroad.com\/fr\/wp-json\/wp\/v2\/users\/2"}],"replies":[{"embeddable":true,"href":"https:\/\/afarangabroad.com\/fr\/wp-json\/wp\/v2\/comments?post=7229"}],"version-history":[{"count":2,"href":"https:\/\/afarangabroad.com\/fr\/wp-json\/wp\/v2\/pages\/7229\/revisions"}],"predecessor-version":[{"id":513008,"href":"https:\/\/afarangabroad.com\/fr\/wp-json\/wp\/v2\/pages\/7229\/revisions\/513008"}],"wp:featuredmedia":[{"embeddable":true,"href":"https:\/\/afarangabroad.com\/fr\/wp-json\/wp\/v2\/media\/4841"}],"wp:attachment":[{"href":"https:\/\/afarangabroad.com\/fr\/wp-json\/wp\/v2\/media?parent=7229"}],"wp:term":[{"taxonomy":"category","embeddable":true,"href":"https:\/\/afarangabroad.com\/fr\/wp-json\/wp\/v2\/categories?post=7229"},{"taxonomy":"post_tag","embeddable":true,"href":"https:\/\/afarangabroad.com\/fr\/wp-json\/wp\/v2\/tags?post=7229"}],"curies":[{"name":"wp","href":"https:\/\/api.w.org\/{rel}","templated":true}]}}