{"id":7285,"date":"2016-06-18T18:21:45","date_gmt":"2016-06-18T17:21:45","guid":{"rendered":"https:\/\/afarangabroad.com\/?p=7285"},"modified":"2022-11-09T02:14:15","modified_gmt":"2022-11-09T02:14:15","slug":"sex-pattaya","status":"publish","type":"page","link":"https:\/\/afarangabroad.com\/fr\/sexe-pattaya\/","title":{"rendered":"Guide du sexe \u00e0 Pattaya pour les d\u00e9butants"},"content":{"rendered":"<p>Dans cet article, vous apprendrez o\u00f9 trouver du sexe \u00e0 Pattaya.<\/p>\n<p>Vous \u00eates c\u00e9libataire et vous envisagez de partir en vacances ?<\/p>\n<p>Pattaya est peut-\u00eatre l'une des destinations dont vous r\u00eavez et vous avez sans doute entendu parler de ce qu'elle a \u00e0 offrir.<\/p>\n<p><a href=\"https:\/\/afarangabroad.com\/fr\/thai-friendly-dating\/\" target=\"_blank\" rel=\"noopener noreferrer\"><img loading=\"lazy\" decoding=\"async\" class=\"aligncenter wp-image-7259\" src=\"https:\/\/afarangabroad.com\/wp-content\/uploads\/2016\/06\/Meet-Thai-girls1-1024x691.png\" alt=\"Meet Thai girls\" width=\"414\" height=\"281\" \/><\/a>Vous voulez mettre votre virilit\u00e9 \u00e0 l'\u00e9preuve ? Ou \u00eates-vous simplement \u00e0 la recherche d'un divertissement d\u00e9contract\u00e9 ? Pattaya est l'un des meilleurs sites touristiques pour les hommes c\u00e9libataires en raison de sa vie nocturne color\u00e9e et anim\u00e9e.<\/p>\n<p>Si Pattaya peut se vanter de poss\u00e9der de superbes plages, la principale raison pour laquelle les gens, en particulier les hommes, sont attir\u00e9s par cet endroit, c'est pour les filles.<\/p>\n<p>\u00c0 seulement deux heures de Bangkok, Pattaya est envahie par les touristes tout au long de l'ann\u00e9e.<\/p>\n<p>Si vous souhaitez savoir o\u00f9 trouver de l'herbe \u00e0 BKK, n'h\u00e9sitez pas \u00e0 consulter les sites suivants <strong>souscrire<\/strong> vers le canal ci-dessous :<\/p>\n<p><iframe loading=\"lazy\" title=\"Bande-annonce : Un aper\u00e7u de la sc\u00e8ne des dispensaires m\u00e9dicaux \u00e0 Bangkok\" width=\"678\" height=\"381\" src=\"https:\/\/www.youtube.com\/embed\/j0HbIHjnG5g?feature=oembed\" frameborder=\"0\" allow=\"accelerometer; autoplay; clipboard-write; encrypted-media; gyroscope; picture-in-picture\" allowfullscreen><\/iframe><\/p>\n<p>Si vous venez pour la premi\u00e8re fois, la meilleure p\u00e9riode pour aller \u00e0 Pattaya et profiter de la plage se situe entre les mois de novembre et de mai.<\/p>\n<p>Si vous voulez aller dans des maisons closes ou faire des massages, consultez mes guides :<\/p>\n<ul>\n<li>Le meilleur <a href=\"https:\/\/afarangabroad.com\/fr\/massage-happy-ending-pattaya\/\">massages sexuels \u00e0 Pattaya<\/a><\/li>\n<li><a href=\"https:\/\/afarangabroad.com\/fr\/le-site-web-de-lassociation-de-leau-de-mer\/\">Bars \u00e0 pipes \u00e0 Pattaya<\/a><\/li>\n<li>O\u00f9 se rencontrer <a href=\"https:\/\/afarangabroad.com\/fr\/pattaya-freelancers\/\">free-lances \u00e0 Pattaya<\/a><\/li>\n<\/ul>\n<p>If you can\u2019t stand the heat, December to January is probably a good time for you to go. Regardless, you will still be able to have a great experience in Pattaya.<\/p>","protected":false},"excerpt":{"rendered":"<p>In this article learn where to find sex in Pattaya Are you a single man who is thinking of going on a holiday? Pattaya could be one of your dream destinations and it is no doubt that you have heard about what the place has to offer. Want to put your virility to a test? [&hellip;]<\/p>","protected":false},"author":2,"featured_media":7294,"parent":0,"menu_order":0,"comment_status":"open","ping_status":"open","template":"","meta":{"_exactmetrics_skip_tracking":false,"_exactmetrics_sitenote_active":false,"_exactmetrics_sitenote_note":"","_exactmetrics_sitenote_category":0,"footnotes":""},"categories":[322],"tags":[],"class_list":["post-7285","page","type-page","status-publish","has-post-thumbnail","hentry","category-pattaya"],"yoast_head":"<!-- This site is optimized with the Yoast SEO plugin v20.1 - https:\/\/yoast.com\/wordpress\/plugins\/seo\/ -->\n<title>Beginner\u2019s Guide to Sex in Pattaya - A Farang Abroad<\/title>\n<meta name=\"description\" content=\"Are you coming to Pattaya soon? Find out where to find sex in Pattaya, the best bars, clubs and brothels in the city.\" \/>\n<meta name=\"robots\" content=\"index, follow, max-snippet:-1, max-image-preview:large, max-video-preview:-1\" \/>\n<link rel=\"canonical\" href=\"https:\/\/afarangabroad.com\/fr\/sexe-pattaya\/\" \/>\n<meta property=\"og:locale\" content=\"fr_FR\" \/>\n<meta property=\"og:type\" content=\"article\" \/>\n<meta property=\"og:title\" content=\"Beginner\u2019s Guide to Sex in Pattaya - A Farang Abroad\" \/>\n<meta property=\"og:description\" content=\"Are you coming to Pattaya soon? Find out where to find sex in Pattaya, the best bars, clubs and brothels in the city.\" \/>\n<meta property=\"og:url\" content=\"https:\/\/afarangabroad.com\/fr\/sexe-pattaya\/\" \/>\n<meta property=\"og:site_name\" content=\"A Farang Abroad\" \/>\n<meta property=\"article:modified_time\" content=\"2022-11-09T02:14:15+00:00\" \/>\n<meta property=\"og:image\" content=\"https:\/\/afarangabroad.com\/wp-content\/uploads\/2016\/06\/13417470_628264814005020_2475737758099878080_n.jpg\" \/>\n\t<meta property=\"og:image:width\" content=\"471\" \/>\n\t<meta property=\"og:image:height\" content=\"315\" \/>\n\t<meta property=\"og:image:type\" content=\"image\/jpeg\" \/>\n<meta name=\"twitter:label1\" content=\"Dur\u00e9e de lecture estim\u00e9e\" \/>\n\t<meta name=\"twitter:data1\" content=\"8 minutes\" \/>\n<script type=\"application\/ld+json\" class=\"yoast-schema-graph\">{\"@context\":\"https:\/\/schema.org\",\"@graph\":[{\"@type\":\"WebPage\",\"@id\":\"https:\/\/afarangabroad.com\/sex-pattaya\/\",\"url\":\"https:\/\/afarangabroad.com\/sex-pattaya\/\",\"name\":\"Beginner\u2019s Guide to Sex in Pattaya - A Farang Abroad\",\"isPartOf\":{\"@id\":\"https:\/\/afarangabroad.com\/#website\"},\"datePublished\":\"2016-06-18T17:21:45+00:00\",\"dateModified\":\"2022-11-09T02:14:15+00:00\",\"description\":\"Are you coming to Pattaya soon? Find out where to find sex in Pattaya, the best bars, clubs and brothels in the city.\",\"breadcrumb\":{\"@id\":\"https:\/\/afarangabroad.com\/sex-pattaya\/#breadcrumb\"},\"inLanguage\":\"fr-FR\",\"potentialAction\":[{\"@type\":\"ReadAction\",\"target\":[\"https:\/\/afarangabroad.com\/sex-pattaya\/\"]}]},{\"@type\":\"BreadcrumbList\",\"@id\":\"https:\/\/afarangabroad.com\/sex-pattaya\/#breadcrumb\",\"itemListElement\":[{\"@type\":\"ListItem\",\"position\":1,\"name\":\"Home\",\"item\":\"https:\/\/afarangabroad.com\/\"},{\"@type\":\"ListItem\",\"position\":2,\"name\":\"Beginner\u2019s Guide to Sex in Pattaya\"}]},{\"@type\":\"WebSite\",\"@id\":\"https:\/\/afarangabroad.com\/#website\",\"url\":\"https:\/\/afarangabroad.com\/\",\"name\":\"A Farang Abroad\",\"description\":\"Your secret guide to Asia&#039;s sexiest nightlife.\",\"potentialAction\":[{\"@type\":\"SearchAction\",\"target\":{\"@type\":\"EntryPoint\",\"urlTemplate\":\"https:\/\/afarangabroad.com\/?s={search_term_string}\"},\"query-input\":\"required name=search_term_string\"}],\"inLanguage\":\"fr-FR\"}]}<\/script>\n<!-- \/ Yoast SEO plugin. -->","yoast_head_json":{"title":"Beginner\u2019s Guide to Sex in Pattaya - A Farang Abroad","description":"Are you coming to Pattaya soon? Find out where to find sex in Pattaya, the best bars, clubs and brothels in the city.","robots":{"index":"index","follow":"follow","max-snippet":"max-snippet:-1","max-image-preview":"max-image-preview:large","max-video-preview":"max-video-preview:-1"},"canonical":"https:\/\/afarangabroad.com\/fr\/sexe-pattaya\/","og_locale":"fr_FR","og_type":"article","og_title":"Beginner\u2019s Guide to Sex in Pattaya - A Farang Abroad","og_description":"Are you coming to Pattaya soon? Find out where to find sex in Pattaya, the best bars, clubs and brothels in the city.","og_url":"https:\/\/afarangabroad.com\/fr\/sexe-pattaya\/","og_site_name":"A Farang Abroad","article_modified_time":"2022-11-09T02:14:15+00:00","og_image":[{"width":471,"height":315,"url":"https:\/\/afarangabroad.com\/wp-content\/uploads\/2016\/06\/13417470_628264814005020_2475737758099878080_n.jpg","type":"image\/jpeg"}],"twitter_misc":{"Dur\u00e9e de lecture estim\u00e9e":"8 minutes"},"schema":{"@context":"https:\/\/schema.org","@graph":[{"@type":"WebPage","@id":"https:\/\/afarangabroad.com\/sex-pattaya\/","url":"https:\/\/afarangabroad.com\/sex-pattaya\/","name":"Beginner\u2019s Guide to Sex in Pattaya - A Farang Abroad","isPartOf":{"@id":"https:\/\/afarangabroad.com\/#website"},"datePublished":"2016-06-18T17:21:45+00:00","dateModified":"2022-11-09T02:14:15+00:00","description":"Are you coming to Pattaya soon? Find out where to find sex in Pattaya, the best bars, clubs and brothels in the city.","breadcrumb":{"@id":"https:\/\/afarangabroad.com\/sex-pattaya\/#breadcrumb"},"inLanguage":"fr-FR","potentialAction":[{"@type":"ReadAction","target":["https:\/\/afarangabroad.com\/sex-pattaya\/"]}]},{"@type":"BreadcrumbList","@id":"https:\/\/afarangabroad.com\/sex-pattaya\/#breadcrumb","itemListElement":[{"@type":"ListItem","position":1,"name":"Home","item":"https:\/\/afarangabroad.com\/"},{"@type":"ListItem","position":2,"name":"Beginner\u2019s Guide to Sex in Pattaya"}]},{"@type":"WebSite","@id":"https:\/\/afarangabroad.com\/#website","url":"https:\/\/afarangabroad.com\/","name":"A Farang Abroad","description":"Your secret guide to Asia&#039;s sexiest nightlife.","potentialAction":[{"@type":"SearchAction","target":{"@type":"EntryPoint","urlTemplate":"https:\/\/afarangabroad.com\/?s={search_term_string}"},"query-input":"required name=search_term_string"}],"inLanguage":"fr-FR"}]}},"_links":{"self":[{"href":"https:\/\/afarangabroad.com\/fr\/wp-json\/wp\/v2\/pages\/7285"}],"collection":[{"href":"https:\/\/afarangabroad.com\/fr\/wp-json\/wp\/v2\/pages"}],"about":[{"href":"https:\/\/afarangabroad.com\/fr\/wp-json\/wp\/v2\/types\/page"}],"author":[{"embeddable":true,"href":"https:\/\/afarangabroad.com\/fr\/wp-json\/wp\/v2\/users\/2"}],"replies":[{"embeddable":true,"href":"https:\/\/afarangabroad.com\/fr\/wp-json\/wp\/v2\/comments?post=7285"}],"version-history":[{"count":2,"href":"https:\/\/afarangabroad.com\/fr\/wp-json\/wp\/v2\/pages\/7285\/revisions"}],"predecessor-version":[{"id":513015,"href":"https:\/\/afarangabroad.com\/fr\/wp-json\/wp\/v2\/pages\/7285\/revisions\/513015"}],"wp:featuredmedia":[{"embeddable":true,"href":"https:\/\/afarangabroad.com\/fr\/wp-json\/wp\/v2\/media\/7294"}],"wp:attachment":[{"href":"https:\/\/afarangabroad.com\/fr\/wp-json\/wp\/v2\/media?parent=7285"}],"wp:term":[{"taxonomy":"category","embeddable":true,"href":"https:\/\/afarangabroad.com\/fr\/wp-json\/wp\/v2\/categories?post=7285"},{"taxonomy":"post_tag","embeddable":true,"href":"https:\/\/afarangabroad.com\/fr\/wp-json\/wp\/v2\/tags?post=7285"}],"curies":[{"name":"wp","href":"https:\/\/api.w.org\/{rel}","templated":true}]}}