{"id":7288,"date":"2016-06-18T18:21:33","date_gmt":"2016-06-18T17:21:33","guid":{"rendered":"https:\/\/afarangabroad.com\/?p=7288"},"modified":"2019-01-15T06:00:57","modified_gmt":"2019-01-15T06:00:57","slug":"sex-jakarta","status":"publish","type":"page","link":"https:\/\/afarangabroad.com\/fr\/sexe-jakarta\/","title":{"rendered":"Guide du sexe \u00e0 Jakarta pour les d\u00e9butants"},"content":{"rendered":"<p>L'Indon\u00e9sie est une autre destination pour vos vacances en Asie, et il y a beaucoup d'endroits o\u00f9 trouver du sexe \u00e0 Jakarta.<\/p>\n<p>Sa principale ville est <a href=\"\/fr\/\">Jakarta et la vie nocturne<\/a> est aussi int\u00e9ressante en Tha\u00eflande. Mais attention, Jakarta n'est pas aussi flamboyante que Bangkok ou Pattaya. Principalement parce que c'est un pays musulman et que la prostitution n'y est pas tol\u00e9r\u00e9e.<\/p>\n<p>Si vous souhaitez rencontrer <a href=\"https:\/\/afarangabroad.com\/fr\/indonesian-women\/\" target=\"_blank\" rel=\"noopener\">Femmes indon\u00e9siennes<\/a>alors <a href=\"https:\/\/afarangabroad.com\/fr\/cupidon-indonesien\/\" target=\"_blank\" rel=\"noopener\">lire cet article<\/a>.<\/p>\n<p><a href=\"https:\/\/afarangabroad.com\/fr\/cupidon-indonesien\/\" target=\"_blank\" rel=\"noopener\"><img loading=\"lazy\" decoding=\"async\" class=\"aligncenter size-large wp-image-7574\" src=\"https:\/\/afarangabroad.com\/wp-content\/uploads\/2016\/08\/hot-Jakarta-girl-1024x691.png\" alt=\"\" width=\"600\" height=\"405\" srcset=\"https:\/\/afarangabroad.com\/wp-content\/uploads\/2016\/08\/hot-Jakarta-girl-1024x691.png 1024w, https:\/\/afarangabroad.com\/wp-content\/uploads\/2016\/08\/hot-Jakarta-girl-300x202.png 300w, https:\/\/afarangabroad.com\/wp-content\/uploads\/2016\/08\/hot-Jakarta-girl-768x518.png 768w, https:\/\/afarangabroad.com\/wp-content\/uploads\/2016\/08\/hot-Jakarta-girl-720x486.png 720w, https:\/\/afarangabroad.com\/wp-content\/uploads\/2016\/08\/hot-Jakarta-girl.png 1038w\" sizes=\"(max-width: 600px) 100vw, 600px\" \/><\/a><\/p>\n<p>But if you are planning to go for a holiday in Indonesia, specifically Jakarta then you should read this. This is a beginner\u2019s guide on how you can hook up with a girl and have sex in Jakarta.<\/p>\n<h2><strong>Femmes indon\u00e9siennes<\/strong><\/h2>\n<p>Cependant, il n'y a aucune raison de ne pas consid\u00e9rer Jakarta comme votre destination de vacances sexuelles. Pensez aux femmes javanaises. Elles sont extr\u00eamement belles et ont de gros seins. Certaines d'entre elles peuvent vous offrir l'une des meilleures parties de jambes en l'air \u00e0 Jakarta. Elles sont tr\u00e8s volontaires et pr\u00eates \u00e0 baiser. Elles sont \u00e9galement tr\u00e8s dou\u00e9es au lit, ce qui explique pourquoi de nombreux touristes \u00e9trangers et expatri\u00e9s fr\u00e9quentent le pays. La prostitution est l'une des principales attractions touristiques en Indon\u00e9sie.<\/p>\n<p>Elles sont \u00e9galement tr\u00e8s dou\u00e9es au lit, ce qui explique que de nombreux touristes \u00e9trangers et expatri\u00e9s fr\u00e9quentent le pays. La prostitution est l'une des principales attractions touristiques en Indon\u00e9sie.<\/p>\n<h2><a href=\"https:\/\/afarangabroad.com\/fr\/cupidon-indonesien\/\" target=\"_blank\" rel=\"noopener\"><img loading=\"lazy\" decoding=\"async\" class=\"aligncenter size-full wp-image-6677\" src=\"https:\/\/afarangabroad.com\/wp-content\/uploads\/2015\/12\/Indonesian-cupid.jpg\" alt=\"Indonesian cupid\" width=\"336\" height=\"280\" srcset=\"https:\/\/afarangabroad.com\/wp-content\/uploads\/2015\/12\/Indonesian-cupid.jpg 336w, https:\/\/afarangabroad.com\/wp-content\/uploads\/2015\/12\/Indonesian-cupid-300x250.jpg 300w\" sizes=\"(max-width: 336px) 100vw, 336px\" \/><\/a><\/h2>\n<p>Vous ne savez peut-\u00eatre pas pourquoi elle est devenue une attraction touristique majeure. La prostitution n'est pas aussi r\u00e9pandue dans les pays voisins, mais elle l'est toujours, en particulier \u00e0 Jakarta. Il n'y a pas lieu de s'inqui\u00e9ter si vous n'avez pas \u00e0 boire votre jus de fruit pendant votre s\u00e9jour en ville.<\/p>\n<h2><strong>Isn&#8217;t Jakarta a Muslim populated city?<\/strong><\/h2>\n<p>Yes but that doesn&#8217;t mean it&#8217;s hard to get laid in Jakarta for free or by paying. The strict Muslim girls will never be out at bars or clubs, so the girls you do see are either relaxed Muslims or of another religion. During my stay in Jakarta I met dozens of girls who were up for a party and good time.<\/p>\n<p>You won&#8217;t have issues with local Muslim girls because the ones who don&#8217;t drink or party won&#8217;t be anywhere you go (online dating sites or bars and clubs).<\/p>\n<p><img loading=\"lazy\" decoding=\"async\" class=\"aligncenter size-full wp-image-8359\" src=\"https:\/\/afarangabroad.com\/wp-content\/uploads\/2016\/06\/Sex-in-Jakarta-area.jpg\" alt=\"Sex in Jakarta area\" width=\"640\" height=\"480\" srcset=\"https:\/\/afarangabroad.com\/wp-content\/uploads\/2016\/06\/Sex-in-Jakarta-area.jpg 640w, https:\/\/afarangabroad.com\/wp-content\/uploads\/2016\/06\/Sex-in-Jakarta-area-300x225.jpg 300w\" sizes=\"(max-width: 640px) 100vw, 640px\" \/><\/p>","protected":false},"excerpt":{"rendered":"<p>Indonesia is another destination for your Asian holiday, and there are lots of places to find sex in Jakarta. Its major city is Jakarta and the nightlife is as interesting in Thailand. But one word of caution, Jakarta is not as flamboyant as Bangkok or Pattaya. Mainly because it is a Muslim country and prostitution [&hellip;]<\/p>","protected":false},"author":2,"featured_media":7291,"parent":0,"menu_order":0,"comment_status":"open","ping_status":"open","template":"","meta":{"_exactmetrics_skip_tracking":false,"_exactmetrics_sitenote_active":false,"_exactmetrics_sitenote_note":"","_exactmetrics_sitenote_category":0,"footnotes":""},"categories":[318],"tags":[],"class_list":["post-7288","page","type-page","status-publish","has-post-thumbnail","hentry","category-indonesia"],"yoast_head":"<!-- This site is optimized with the Yoast SEO plugin v20.1 - https:\/\/yoast.com\/wordpress\/plugins\/seo\/ -->\n<title>Beginner&#039;s Guide To Sex In Jakarta - A Farang Abroad<\/title>\n<meta name=\"description\" content=\"Are you visiting Jakarta soon? In this article I tell you the best places to find sex in Jakarta, including clubs, bars and the best brothels in the city.\" \/>\n<meta name=\"robots\" content=\"index, follow, max-snippet:-1, max-image-preview:large, max-video-preview:-1\" \/>\n<link rel=\"canonical\" href=\"https:\/\/afarangabroad.com\/fr\/sexe-jakarta\/\" \/>\n<meta property=\"og:locale\" content=\"fr_FR\" \/>\n<meta property=\"og:type\" content=\"article\" \/>\n<meta property=\"og:title\" content=\"Beginner&#039;s Guide To Sex In Jakarta - A Farang Abroad\" \/>\n<meta property=\"og:description\" content=\"Are you visiting Jakarta soon? In this article I tell you the best places to find sex in Jakarta, including clubs, bars and the best brothels in the city.\" \/>\n<meta property=\"og:url\" content=\"https:\/\/afarangabroad.com\/fr\/sexe-jakarta\/\" \/>\n<meta property=\"og:site_name\" content=\"A Farang Abroad\" \/>\n<meta property=\"article:modified_time\" content=\"2019-01-15T06:00:57+00:00\" \/>\n<meta property=\"og:image\" content=\"https:\/\/afarangabroad.com\/wp-content\/uploads\/2016\/06\/Dragonfly-Jarkata.jpg\" \/>\n\t<meta property=\"og:image:width\" content=\"745\" \/>\n\t<meta property=\"og:image:height\" content=\"745\" \/>\n\t<meta property=\"og:image:type\" content=\"image\/jpeg\" \/>\n<meta name=\"twitter:label1\" content=\"Dur\u00e9e de lecture estim\u00e9e\" \/>\n\t<meta name=\"twitter:data1\" content=\"11 minutes\" \/>\n<script type=\"application\/ld+json\" class=\"yoast-schema-graph\">{\"@context\":\"https:\/\/schema.org\",\"@graph\":[{\"@type\":\"WebPage\",\"@id\":\"https:\/\/afarangabroad.com\/sex-jakarta\/\",\"url\":\"https:\/\/afarangabroad.com\/sex-jakarta\/\",\"name\":\"Beginner's Guide To Sex In Jakarta - A Farang Abroad\",\"isPartOf\":{\"@id\":\"https:\/\/afarangabroad.com\/#website\"},\"datePublished\":\"2016-06-18T17:21:33+00:00\",\"dateModified\":\"2019-01-15T06:00:57+00:00\",\"description\":\"Are you visiting Jakarta soon? In this article I tell you the best places to find sex in Jakarta, including clubs, bars and the best brothels in the city.\",\"breadcrumb\":{\"@id\":\"https:\/\/afarangabroad.com\/sex-jakarta\/#breadcrumb\"},\"inLanguage\":\"fr-FR\",\"potentialAction\":[{\"@type\":\"ReadAction\",\"target\":[\"https:\/\/afarangabroad.com\/sex-jakarta\/\"]}]},{\"@type\":\"BreadcrumbList\",\"@id\":\"https:\/\/afarangabroad.com\/sex-jakarta\/#breadcrumb\",\"itemListElement\":[{\"@type\":\"ListItem\",\"position\":1,\"name\":\"Home\",\"item\":\"https:\/\/afarangabroad.com\/\"},{\"@type\":\"ListItem\",\"position\":2,\"name\":\"Beginner&#8217;s Guide To Sex In Jakarta\"}]},{\"@type\":\"WebSite\",\"@id\":\"https:\/\/afarangabroad.com\/#website\",\"url\":\"https:\/\/afarangabroad.com\/\",\"name\":\"A Farang Abroad\",\"description\":\"Your secret guide to Asia&#039;s sexiest nightlife.\",\"potentialAction\":[{\"@type\":\"SearchAction\",\"target\":{\"@type\":\"EntryPoint\",\"urlTemplate\":\"https:\/\/afarangabroad.com\/?s={search_term_string}\"},\"query-input\":\"required name=search_term_string\"}],\"inLanguage\":\"fr-FR\"}]}<\/script>\n<!-- \/ Yoast SEO plugin. -->","yoast_head_json":{"title":"Beginner's Guide To Sex In Jakarta - A Farang Abroad","description":"Are you visiting Jakarta soon? In this article I tell you the best places to find sex in Jakarta, including clubs, bars and the best brothels in the city.","robots":{"index":"index","follow":"follow","max-snippet":"max-snippet:-1","max-image-preview":"max-image-preview:large","max-video-preview":"max-video-preview:-1"},"canonical":"https:\/\/afarangabroad.com\/fr\/sexe-jakarta\/","og_locale":"fr_FR","og_type":"article","og_title":"Beginner's Guide To Sex In Jakarta - A Farang Abroad","og_description":"Are you visiting Jakarta soon? In this article I tell you the best places to find sex in Jakarta, including clubs, bars and the best brothels in the city.","og_url":"https:\/\/afarangabroad.com\/fr\/sexe-jakarta\/","og_site_name":"A Farang Abroad","article_modified_time":"2019-01-15T06:00:57+00:00","og_image":[{"width":745,"height":745,"url":"https:\/\/afarangabroad.com\/wp-content\/uploads\/2016\/06\/Dragonfly-Jarkata.jpg","type":"image\/jpeg"}],"twitter_misc":{"Dur\u00e9e de lecture estim\u00e9e":"11 minutes"},"schema":{"@context":"https:\/\/schema.org","@graph":[{"@type":"WebPage","@id":"https:\/\/afarangabroad.com\/sex-jakarta\/","url":"https:\/\/afarangabroad.com\/sex-jakarta\/","name":"Beginner's Guide To Sex In Jakarta - A Farang Abroad","isPartOf":{"@id":"https:\/\/afarangabroad.com\/#website"},"datePublished":"2016-06-18T17:21:33+00:00","dateModified":"2019-01-15T06:00:57+00:00","description":"Are you visiting Jakarta soon? In this article I tell you the best places to find sex in Jakarta, including clubs, bars and the best brothels in the city.","breadcrumb":{"@id":"https:\/\/afarangabroad.com\/sex-jakarta\/#breadcrumb"},"inLanguage":"fr-FR","potentialAction":[{"@type":"ReadAction","target":["https:\/\/afarangabroad.com\/sex-jakarta\/"]}]},{"@type":"BreadcrumbList","@id":"https:\/\/afarangabroad.com\/sex-jakarta\/#breadcrumb","itemListElement":[{"@type":"ListItem","position":1,"name":"Home","item":"https:\/\/afarangabroad.com\/"},{"@type":"ListItem","position":2,"name":"Beginner&#8217;s Guide To Sex In Jakarta"}]},{"@type":"WebSite","@id":"https:\/\/afarangabroad.com\/#website","url":"https:\/\/afarangabroad.com\/","name":"A Farang Abroad","description":"Your secret guide to Asia&#039;s sexiest nightlife.","potentialAction":[{"@type":"SearchAction","target":{"@type":"EntryPoint","urlTemplate":"https:\/\/afarangabroad.com\/?s={search_term_string}"},"query-input":"required name=search_term_string"}],"inLanguage":"fr-FR"}]}},"_links":{"self":[{"href":"https:\/\/afarangabroad.com\/fr\/wp-json\/wp\/v2\/pages\/7288"}],"collection":[{"href":"https:\/\/afarangabroad.com\/fr\/wp-json\/wp\/v2\/pages"}],"about":[{"href":"https:\/\/afarangabroad.com\/fr\/wp-json\/wp\/v2\/types\/page"}],"author":[{"embeddable":true,"href":"https:\/\/afarangabroad.com\/fr\/wp-json\/wp\/v2\/users\/2"}],"replies":[{"embeddable":true,"href":"https:\/\/afarangabroad.com\/fr\/wp-json\/wp\/v2\/comments?post=7288"}],"version-history":[{"count":0,"href":"https:\/\/afarangabroad.com\/fr\/wp-json\/wp\/v2\/pages\/7288\/revisions"}],"wp:featuredmedia":[{"embeddable":true,"href":"https:\/\/afarangabroad.com\/fr\/wp-json\/wp\/v2\/media\/7291"}],"wp:attachment":[{"href":"https:\/\/afarangabroad.com\/fr\/wp-json\/wp\/v2\/media?parent=7288"}],"wp:term":[{"taxonomy":"category","embeddable":true,"href":"https:\/\/afarangabroad.com\/fr\/wp-json\/wp\/v2\/categories?post=7288"},{"taxonomy":"post_tag","embeddable":true,"href":"https:\/\/afarangabroad.com\/fr\/wp-json\/wp\/v2\/tags?post=7288"}],"curies":[{"name":"wp","href":"https:\/\/api.w.org\/{rel}","templated":true}]}}